{"id":6389,"date":"2022-01-29T20:41:57","date_gmt":"2022-01-29T19:41:57","guid":{"rendered":"http:\/\/test.topo-gps.com\/villkor\/"},"modified":"2022-02-06T21:21:39","modified_gmt":"2022-02-06T20:21:39","slug":"villkor","status":"publish","type":"page","link":"https:\/\/www.topo-gps.com\/sv\/villkor\/","title":{"rendered":"Villkor"},"content":{"rendered":"<div class=\"wpb-content-wrapper\"><p>[vc_section][vc_row][vc_column]\r\n        <div class=\"section-title  wow perch-fadeInUp fadeInUp text-center\" data-wow-delay=\"300ms\" data-wow-duration=\"1200ms\">\r\n            <h2 class=\"h2-sm\">Villkor<\/h2>\r\n                     \r\n        <\/div>[\/vc_column][\/vc_row][vc_row][vc_column][vc_column_text]Om du anv\u00e4nder Topo GPS p\u00e5 Apple-enheter <a href=\"https:\/\/www.apple.com\/legal\/internet-services\/itunes\/dev\/stdeula\/\">g\u00e4ller AppStores licensierade slutanv\u00e4ndarlicensavtal f\u00f6r applikationer<\/a> ut\u00f6ver punkterna som n\u00e4mns nedan.<\/p>\n<p>Om du anv\u00e4nder Topo GPS p\u00e5 Android-enheter <a href=\"https:\/\/play.google.com\/about\/play-terms\/\">g\u00e4ller Google Play Butiks villkor<\/a> ut\u00f6ver punkterna som n\u00e4mns nedan.<\/p>\n<p>Om du anv\u00e4nder Topo GPS-appen g\u00f6r du detta p\u00e5 egen risk. Vi ansvarar inte f\u00f6r skador som orsakas av att anv\u00e4nda appen.<\/p>\n<p>Kartor som anv\u00e4nds inom Topo GPS f\u00e5r inte distribueras p\u00e5 n\u00e5got s\u00e4tt, f\u00f6rv\u00e4nta dig n\u00e4r kartlicensen uttryckligen till\u00e5ter det. F\u00f6r att visa kartlicensen, tryck p\u00e5 upphovsr\u00e4ttsinformationen f\u00f6r en karta l\u00e4ngst ned.<\/p>\n<p>Om du delar din rutt med Topo GPS, kommer rutten och eventuella bilder att bli tillg\u00e4ngliga f\u00f6r andra anv\u00e4ndare av Topo GPS. Topo GPS kan ocks\u00e5 anv\u00e4nda och distribuera dessa rutter och foton p\u00e5 deras hemsida. Om du vill anv\u00e4nda f\u00f6r att ta bort din delade rutt m\u00e5ste du skicka ett meddelande till oss.[\/vc_column_text][\/vc_column][\/vc_row][\/vc_section]<\/p>\n<\/div>","protected":false},"excerpt":{"rendered":"<p>[vc_section][vc_row][vc_column][\/vc_column][\/vc_row][vc_row][vc_column][vc_column_text]Om du anv\u00e4nder Topo GPS p\u00e5 Apple-enheter g\u00e4ller AppStores licensierade slutanv\u00e4ndarlicensavtal f\u00f6r applikationer ut\u00f6ver punkterna som n\u00e4mns nedan. Om du anv\u00e4nder Topo GPS p\u00e5 Android-enheter g\u00e4ller Google Play Butiks villkor ut\u00f6ver punkterna som n\u00e4mns nedan. Om du anv\u00e4nder Topo GPS-appen g\u00f6r du detta p\u00e5 egen risk. Vi ansvarar inte f\u00f6r skador som orsakas av att anv\u00e4nda appen. Kartor som anv\u00e4nds inom Topo GPS f\u00e5r inte distribueras p\u00e5 n\u00e5got s\u00e4tt, f\u00f6rv\u00e4nta dig n\u00e4r kartlicensen uttryckligen till\u00e5ter det. F\u00f6r att visa kartlicensen, tryck p\u00e5 upphovsr\u00e4ttsinformationen f\u00f6r en karta l\u00e4ngst ned. Om du delar din rutt med Topo GPS, kommer rutten och eventuella&#8230;<\/p>\n","protected":false},"author":1,"featured_media":0,"parent":0,"menu_order":0,"comment_status":"closed","ping_status":"closed","template":"","meta":{"footnotes":""},"class_list":["post-6389","page","type-page","status-publish","hentry","no-post-thumbnail"],"yoast_head":"<!-- This site is optimized with the Yoast SEO plugin v27.4 - https:\/\/yoast.com\/product\/yoast-seo-wordpress\/ -->\n<title>Villkor - Topo GPS<\/title>\n<meta name=\"robots\" content=\"index, follow, max-snippet:-1, max-image-preview:large, max-video-preview:-1\" \/>\n<link rel=\"canonical\" href=\"https:\/\/www.topo-gps.com\/sv\/villkor\/\" \/>\n<meta property=\"og:locale\" content=\"sv_SE\" \/>\n<meta property=\"og:type\" content=\"article\" \/>\n<meta property=\"og:title\" content=\"Villkor - Topo GPS\" \/>\n<meta property=\"og:description\" content=\"[vc_section][vc_row][vc_column][\/vc_column][\/vc_row][vc_row][vc_column][vc_column_text]Om du anv\u00e4nder Topo GPS p\u00e5 Apple-enheter g\u00e4ller AppStores licensierade slutanv\u00e4ndarlicensavtal f\u00f6r applikationer ut\u00f6ver punkterna som n\u00e4mns nedan. Om du anv\u00e4nder Topo GPS p\u00e5 Android-enheter g\u00e4ller Google Play Butiks villkor ut\u00f6ver punkterna som n\u00e4mns nedan. Om du anv\u00e4nder Topo GPS-appen g\u00f6r du detta p\u00e5 egen risk. Vi ansvarar inte f\u00f6r skador som orsakas av att anv\u00e4nda appen. Kartor som anv\u00e4nds inom Topo GPS f\u00e5r inte distribueras p\u00e5 n\u00e5got s\u00e4tt, f\u00f6rv\u00e4nta dig n\u00e4r kartlicensen uttryckligen till\u00e5ter det. F\u00f6r att visa kartlicensen, tryck p\u00e5 upphovsr\u00e4ttsinformationen f\u00f6r en karta l\u00e4ngst ned. Om du delar din rutt med Topo GPS, kommer rutten och eventuella...\" \/>\n<meta property=\"og:url\" content=\"https:\/\/www.topo-gps.com\/sv\/villkor\/\" \/>\n<meta property=\"og:site_name\" content=\"Topo GPS\" \/>\n<meta property=\"article:modified_time\" content=\"2022-02-06T20:21:39+00:00\" \/>\n<meta name=\"twitter:card\" content=\"summary_large_image\" \/>\n<meta name=\"twitter:label1\" content=\"Ber\u00e4knad l\u00e4stid\" \/>\n\t<meta name=\"twitter:data1\" content=\"1 minut\" \/>\n<script type=\"application\/ld+json\" class=\"yoast-schema-graph\">{\"@context\":\"https:\\\/\\\/schema.org\",\"@graph\":[{\"@type\":\"WebPage\",\"@id\":\"https:\\\/\\\/www.topo-gps.com\\\/sv\\\/villkor\\\/\",\"url\":\"https:\\\/\\\/www.topo-gps.com\\\/sv\\\/villkor\\\/\",\"name\":\"Villkor - Topo GPS\",\"isPartOf\":{\"@id\":\"https:\\\/\\\/www.topo-gps.com\\\/sv\\\/#website\"},\"datePublished\":\"2022-01-29T19:41:57+00:00\",\"dateModified\":\"2022-02-06T20:21:39+00:00\",\"breadcrumb\":{\"@id\":\"https:\\\/\\\/www.topo-gps.com\\\/sv\\\/villkor\\\/#breadcrumb\"},\"inLanguage\":\"sv-SE\",\"potentialAction\":[{\"@type\":\"ReadAction\",\"target\":[\"https:\\\/\\\/www.topo-gps.com\\\/sv\\\/villkor\\\/\"]}]},{\"@type\":\"BreadcrumbList\",\"@id\":\"https:\\\/\\\/www.topo-gps.com\\\/sv\\\/villkor\\\/#breadcrumb\",\"itemListElement\":[{\"@type\":\"ListItem\",\"position\":1,\"name\":\"Home\",\"item\":\"https:\\\/\\\/www.topo-gps.com\\\/sv\\\/topo-gps\\\/\"},{\"@type\":\"ListItem\",\"position\":2,\"name\":\"Villkor\"}]},{\"@type\":\"WebSite\",\"@id\":\"https:\\\/\\\/www.topo-gps.com\\\/sv\\\/#website\",\"url\":\"https:\\\/\\\/www.topo-gps.com\\\/sv\\\/\",\"name\":\"Topo GPS\",\"description\":\"Topographic maps GPS for iPhone, Android, iPad and Apple Watch\",\"potentialAction\":[{\"@type\":\"SearchAction\",\"target\":{\"@type\":\"EntryPoint\",\"urlTemplate\":\"https:\\\/\\\/www.topo-gps.com\\\/sv\\\/?s={search_term_string}\"},\"query-input\":{\"@type\":\"PropertyValueSpecification\",\"valueRequired\":true,\"valueName\":\"search_term_string\"}}],\"inLanguage\":\"sv-SE\"}]}<\/script>\n<!-- \/ Yoast SEO plugin. -->","yoast_head_json":{"title":"Villkor - Topo GPS","robots":{"index":"index","follow":"follow","max-snippet":"max-snippet:-1","max-image-preview":"max-image-preview:large","max-video-preview":"max-video-preview:-1"},"canonical":"https:\/\/www.topo-gps.com\/sv\/villkor\/","og_locale":"sv_SE","og_type":"article","og_title":"Villkor - Topo GPS","og_description":"[vc_section][vc_row][vc_column][\/vc_column][\/vc_row][vc_row][vc_column][vc_column_text]Om du anv\u00e4nder Topo GPS p\u00e5 Apple-enheter g\u00e4ller AppStores licensierade slutanv\u00e4ndarlicensavtal f\u00f6r applikationer ut\u00f6ver punkterna som n\u00e4mns nedan. Om du anv\u00e4nder Topo GPS p\u00e5 Android-enheter g\u00e4ller Google Play Butiks villkor ut\u00f6ver punkterna som n\u00e4mns nedan. Om du anv\u00e4nder Topo GPS-appen g\u00f6r du detta p\u00e5 egen risk. Vi ansvarar inte f\u00f6r skador som orsakas av att anv\u00e4nda appen. Kartor som anv\u00e4nds inom Topo GPS f\u00e5r inte distribueras p\u00e5 n\u00e5got s\u00e4tt, f\u00f6rv\u00e4nta dig n\u00e4r kartlicensen uttryckligen till\u00e5ter det. F\u00f6r att visa kartlicensen, tryck p\u00e5 upphovsr\u00e4ttsinformationen f\u00f6r en karta l\u00e4ngst ned. Om du delar din rutt med Topo GPS, kommer rutten och eventuella...","og_url":"https:\/\/www.topo-gps.com\/sv\/villkor\/","og_site_name":"Topo GPS","article_modified_time":"2022-02-06T20:21:39+00:00","twitter_card":"summary_large_image","twitter_misc":{"Ber\u00e4knad l\u00e4stid":"1 minut"},"schema":{"@context":"https:\/\/schema.org","@graph":[{"@type":"WebPage","@id":"https:\/\/www.topo-gps.com\/sv\/villkor\/","url":"https:\/\/www.topo-gps.com\/sv\/villkor\/","name":"Villkor - Topo GPS","isPartOf":{"@id":"https:\/\/www.topo-gps.com\/sv\/#website"},"datePublished":"2022-01-29T19:41:57+00:00","dateModified":"2022-02-06T20:21:39+00:00","breadcrumb":{"@id":"https:\/\/www.topo-gps.com\/sv\/villkor\/#breadcrumb"},"inLanguage":"sv-SE","potentialAction":[{"@type":"ReadAction","target":["https:\/\/www.topo-gps.com\/sv\/villkor\/"]}]},{"@type":"BreadcrumbList","@id":"https:\/\/www.topo-gps.com\/sv\/villkor\/#breadcrumb","itemListElement":[{"@type":"ListItem","position":1,"name":"Home","item":"https:\/\/www.topo-gps.com\/sv\/topo-gps\/"},{"@type":"ListItem","position":2,"name":"Villkor"}]},{"@type":"WebSite","@id":"https:\/\/www.topo-gps.com\/sv\/#website","url":"https:\/\/www.topo-gps.com\/sv\/","name":"Topo GPS","description":"Topographic maps GPS for iPhone, Android, iPad and Apple Watch","potentialAction":[{"@type":"SearchAction","target":{"@type":"EntryPoint","urlTemplate":"https:\/\/www.topo-gps.com\/sv\/?s={search_term_string}"},"query-input":{"@type":"PropertyValueSpecification","valueRequired":true,"valueName":"search_term_string"}}],"inLanguage":"sv-SE"}]}},"_links":{"self":[{"href":"https:\/\/www.topo-gps.com\/sv\/wp-json\/wp\/v2\/pages\/6389","targetHints":{"allow":["GET"]}}],"collection":[{"href":"https:\/\/www.topo-gps.com\/sv\/wp-json\/wp\/v2\/pages"}],"about":[{"href":"https:\/\/www.topo-gps.com\/sv\/wp-json\/wp\/v2\/types\/page"}],"author":[{"embeddable":true,"href":"https:\/\/www.topo-gps.com\/sv\/wp-json\/wp\/v2\/users\/1"}],"replies":[{"embeddable":true,"href":"https:\/\/www.topo-gps.com\/sv\/wp-json\/wp\/v2\/comments?post=6389"}],"version-history":[{"count":0,"href":"https:\/\/www.topo-gps.com\/sv\/wp-json\/wp\/v2\/pages\/6389\/revisions"}],"wp:attachment":[{"href":"https:\/\/www.topo-gps.com\/sv\/wp-json\/wp\/v2\/media?parent=6389"}],"curies":[{"name":"wp","href":"https:\/\/api.w.org\/{rel}","templated":true}]}}