{"id":6382,"date":"2022-01-29T20:41:57","date_gmt":"2022-01-29T19:41:57","guid":{"rendered":"http:\/\/test.topo-gps.com\/topografisk-karta-over-storbritannien\/"},"modified":"2024-02-17T17:44:29","modified_gmt":"2024-02-17T16:44:29","slug":"topografisk-karta-over-storbritannien","status":"publish","type":"page","link":"https:\/\/www.topo-gps.com\/sv\/topografisk-karta-over-storbritannien\/","title":{"rendered":"Topografisk karta \u00f6ver Storbritannien"},"content":{"rendered":"<div class=\"wpb-content-wrapper\"><p>[vc_section enable_inner=&#8221;yes&#8221; section_type=&#8221;hero&#8221; inner_margin_top=&#8221;mt-100&#8243; parallax_image_attachment=&#8221;inherit&#8221; padding_class=&#8221;wide-100&#8243; css=&#8221;.vc_custom_1638818336813{background-image: url(https:\/\/www.topo-gps.com\/wp-content\/uploads\/2021\/12\/gb1.jpg?id=5826) !important;background-position: center !important;background-repeat: no-repeat !important;background-size: cover !important;}&#8221;][vc_row parallax_image_attachment=&#8221;inherit&#8221; css=&#8221;.vc_custom_1639602296513{padding-top: 20px !important;padding-bottom: 20px !important;}&#8221;][vc_column width=&#8221;1\/2&#8243; css=&#8221;.vc_custom_1639603345318{margin-bottom: 20px !important;}&#8221;]\r\n        <div class=\"vc_custom_1639603397901  hero-txt\"> \r\n            \r\n                     \r\n            <h3 class=\"white-color h3-sm none  wow perch-fadeInUp fadeInUp\" style=\"font-weight: bold;\" data-wow-delay=\"300ms\" data-wow-duration=\"1200ms\">OS Explorer topografiska kartor \u00f6ver Storbritannien p\u00e5 din iPhone, Android-telefon och Apple Watch<\/h3>\r\n             \r\n            \r\n                        \r\n                        \r\n            \r\n                        \r\n                        \r\n                  \r\n        <\/div>[vc_row_inner][vc_column_inner width=&#8221;1\/2&#8243; css=&#8221;.vc_custom_1639605647058{padding-top: 10px !important;padding-bottom: 10px !important;}&#8221;]\r\n        <div class=\"hero-img  wow perch-fadeInUp fadeInUp text-center\" data-wow-delay=\"300ms\" data-wow-duration=\"1200ms\"> \r\n        <a href=\"https:\/\/apps.apple.com\/gb\/app\/topo-gps\/id578960575\" target=\"_self\" class=\"vc_single_image-wrapper  \"><img loading=\"lazy\" decoding=\"async\" class=\"vc_single_image-img img-fluid\" width=\"160\" height=\"50\"  src=\"https:\/\/www.topo-gps.com\/wp-content\/themes\/appset\/images\/appstore.png\" alt=\"External image\" \/><\/a>\r\n        <\/div>[\/vc_column_inner][vc_column_inner width=&#8221;1\/2&#8243; css=&#8221;.vc_custom_1639605658368{padding-top: 10px !important;padding-bottom: 10px !important;}&#8221;]\r\n        <div class=\"hero-img  wow perch-fadeInUp fadeInUp text-center\" data-wow-delay=\"300ms\" data-wow-duration=\"1200ms\"> \r\n        <a href=\"https:\/\/play.google.com\/store\/apps\/details?id=uk.rdzl.topo.gps&amp;hl=en\" target=\"_self\" class=\"vc_single_image-wrapper  \"><img loading=\"lazy\" decoding=\"async\" class=\"vc_single_image-img img-fluid\" width=\"171\" height=\"50\"  src=\"https:\/\/www.topo-gps.com\/wp-content\/themes\/appset\/images\/googleplay.png\" alt=\"External image\" \/><\/a>\r\n        <\/div>[\/vc_column_inner][\/vc_row_inner][\/vc_column][vc_column width=&#8221;1\/2&#8243; css=&#8221;.vc_custom_1639603183972{padding-top: 40px !important;padding-bottom: 40px !important;}&#8221;]\r\n        <div class=\"hero-img  wow perch-fadeInUp fadeInUp\" data-wow-delay=\"300ms\" data-wow-duration=\"1200ms\"> \r\n        <img loading=\"lazy\" decoding=\"async\" class=\"vc_single_image-img img-fluid\" width=\"560\" height=\"604\"  src=\"https:\/\/www.topo-gps.com\/wp-content\/uploads\/2021\/12\/gb-front-1.png\" alt=\"External image\" \/>\r\n        <\/div>[\/vc_column][\/vc_row][\/vc_section][vc_section][vc_row][vc_column]\r\n        <div class=\"section-title  wow perch-fadeInUp fadeInUp text-center\" data-wow-delay=\"300ms\" data-wow-duration=\"1200ms\">\r\n            <h2 class=\"h2-sm\">B\u00e4sta utomhuskartor f\u00f6r England, Skottland och Wales<\/h2>\r\n            <p class=\"p-lg\">Topografiska kartor gjorda av Ordnance Survey \u00e4r de b\u00e4sta utomhuskartorna f\u00f6r Storbritannien.<\/p>         \r\n        <\/div>[vc_column_text]Storbritannien \u00e4r ett land med olika landskap och naturlig sk\u00f6nhet, och erbjuder bes\u00f6karna ett brett utbud av utomhusaktiviteter att njuta av under hela \u00e5ret. Fr\u00e5n vandring och cykling till surfing och kajakpaddling, det finns alltid n\u00e5got att g\u00f6ra i Storbritanniens stora friluftsliv.<\/p>\n<p>Vandring \u00e4r en popul\u00e4r aktivitet i Storbritannien, med m\u00e5nga v\u00e4lsk\u00f6tta leder som tar bes\u00f6kare genom n\u00e5gra av landets vackraste landskap. Lake District, till exempel, \u00e4r ett popul\u00e4rt vandringsdestination, som erbjuder fantastisk utsikt \u00f6ver de b\u00f6ljande kullarna och kristallklara sj\u00f6arna. Andra popul\u00e4ra vandringsdestinationer inkluderar det skotska h\u00f6glandet och de walesiska bergen.<\/p>\n<p>Cykling \u00e4r ocks\u00e5 en popul\u00e4r aktivitet i Storbritannien, med m\u00e5nga natursk\u00f6na cykelv\u00e4gar som tar bes\u00f6kare genom pittoreska byar och fantastiska landskap. Cotswold Way, till exempel, \u00e4r en popul\u00e4r cykelv\u00e4g som tar bes\u00f6kare genom de natursk\u00f6na byarna och landsbygden i Cotswolds.<\/p>\n<p>P\u00e5 sommaren erbjuder Storbritanniens fantastiska kustlinje massor av m\u00f6jligheter f\u00f6r vattensporter som surfing, kajakpaddling och paddleboard. Cornish-kusten \u00e4r till exempel ett popul\u00e4rt resm\u00e5l f\u00f6r surfing, med n\u00e5gra av de b\u00e4sta v\u00e5gorna i landet. Andra popul\u00e4ra vattensportdestinationer inkluderar de skotska \u00f6arna och den walesiska kusten.<\/p>\n<p>P\u00e5 vintern erbjuder Storbritanniens berg massor av m\u00f6jligheter f\u00f6r skid\u00e5kning och snowboard, med flera skidorter i Skottland och England. Cairngorms, till exempel, \u00e4r Skottlands st\u00f6rsta skidort, och erbjuder en rad pister f\u00f6r skid\u00e5kare och snowboard\u00e5kare p\u00e5 alla niv\u00e5er.<\/p>\n<p>Sammantaget g\u00f6r Storbritanniens skiftande landskap, rika historia och v\u00e4lutvecklade infrastruktur det till ett m\u00e5ste att bes\u00f6ka f\u00f6r friluftsentusiaster. Oavsett om det \u00e4r vandring, cykling, surfing eller skid\u00e5kning finns det alltid n\u00e5got att g\u00f6ra i Storbritanniens stora friluftsliv.[\/vc_column_text][\/vc_column][\/vc_row][vc_row][vc_column width=&#8221;1\/2&#8243;][vc_single_image custom_src=&#8221;https:\/\/www.topo-gps.com\/wp-content\/uploads\/2021\/12\/gb-double.jpg&#8221; external_img_size=&#8221;391&#215;600&#8243; alignment=&#8221;center&#8221;][\/vc_column][vc_column width=&#8221;1\/2&#8243;][vc_row_inner][vc_column_inner width=&#8221;1\/2&#8243;]\r\n        <div class=\"wow perch-fadeInUp fadeInUp fbox\" data-wow-delay=\"300ms\" data-wow-duration=\"1200ms\"> \r\n            <div class=\"fbox grey-color-box\">\r\n                <div class=\"grey-color-icon b-icon box-icon-md\"><span class=\" grey-color\"><\/span><\/div>  \r\n                <div class=\"fbox-txt\">    \r\n                    <h5 class=\"h5-sm\">Topografisk karta<\/h5>\r\n                    <p class=\"grey-color\">En topografisk karta inneh\u00e5ller m\u00e5nga detaljer som h\u00f6jdkonturer, sm\u00e5v\u00e4gar och markanv\u00e4ndning och \u00e4r d\u00e4rf\u00f6r idealisk f\u00f6r att navigera utomhus.<\/p>\r\n                    \r\n                <\/div> \r\n            <\/div>        \r\n        <\/div>\r\n        <div class=\"wow perch-fadeInUp fadeInUp fbox\" data-wow-delay=\"300ms\" data-wow-duration=\"1200ms\"> \r\n            <div class=\"fbox grey-color-box\">\r\n                <div class=\"grey-color-icon b-icon box-icon-md\"><span class=\" grey-color\"><\/span><\/div>  \r\n                <div class=\"fbox-txt\">    \r\n                    <h5 class=\"h5-sm\">Ammunitionsunders\u00f6kning<\/h5>\r\n                    <p class=\"grey-color\">I Topo GPS-appen kan du k\u00f6pa de b\u00e4sta topografiska kartorna \u00f6ver Storbritannien, OS Explorer 1:25.000 kartor. Topo GPS \u00e4r en officiell partner till Ordnance Survey.<\/p>\r\n                    \r\n                <\/div> \r\n            <\/div>        \r\n        <\/div>\r\n        <div class=\"wow perch-fadeInUp fadeInUp fbox\" data-wow-delay=\"300ms\" data-wow-duration=\"1200ms\"> \r\n            <div class=\"fbox grey-color-box\">\r\n                <div class=\"grey-color-icon b-icon box-icon-md\"><span class=\" grey-color\"><\/span><\/div>  \r\n                <div class=\"fbox-txt\">    \r\n                    <h5 class=\"h5-sm\">Priss\u00e4ttning<\/h5>\r\n                    <p class=\"grey-color\">OS Explorer-kartor i Topo GPS kostar \u00a30,79 f\u00f6r 4 rutor p\u00e5 4 x 4 km som du kan v\u00e4lja. Gratis livstidsuppdateringar ing\u00e5r. Det \u00e4r ocks\u00e5 m\u00f6jligt att k\u00f6pa en \u00e5rsprenumeration till hela Storbritannien f\u00f6r \u00a324,99.<\/p>\r\n                    \r\n                <\/div> \r\n            <\/div>        \r\n        <\/div>[\/vc_column_inner][vc_column_inner width=&#8221;1\/2&#8243;]\r\n        <div class=\"wow perch-fadeInUp fadeInUp fbox\" data-wow-delay=\"300ms\" data-wow-duration=\"1200ms\"> \r\n            <div class=\"fbox grey-color-box\">\r\n                <div class=\"grey-color-icon b-icon box-icon-md\"><span class=\" grey-color\"><\/span><\/div>  \r\n                <div class=\"fbox-txt\">    \r\n                    <h5 class=\"h5-sm\">Offline kartor<\/h5>\r\n                    <p class=\"grey-color\">Du kan g\u00f6ra de topografiska kartorna offline tillg\u00e4ngliga. P\u00e5 s\u00e5 s\u00e4tt \u00e4r du s\u00e4ker p\u00e5 att de kartor du beh\u00f6ver alltid \u00e4r tillg\u00e4ngliga.<\/p>\r\n                    \r\n                <\/div> \r\n            <\/div>        \r\n        <\/div>\r\n        <div class=\"wow perch-fadeInUp fadeInUp fbox\" data-wow-delay=\"300ms\" data-wow-duration=\"1200ms\"> \r\n            <div class=\"fbox grey-color-box\">\r\n                <div class=\"grey-color-icon b-icon box-icon-md\"><span class=\" grey-color\"><\/span><\/div>  \r\n                <div class=\"fbox-txt\">    \r\n                    <h5 class=\"h5-sm\">Tydlig legend<\/h5>\r\n                    <p class=\"grey-color\">Den topografiska kartan har en tydlig legend med f\u00f6rklaringar av alla symboler.<\/p>\r\n                    \r\n                <\/div> \r\n            <\/div>        \r\n        <\/div>\r\n        <div class=\"wow perch-fadeInUp fadeInUp fbox\" data-wow-delay=\"300ms\" data-wow-duration=\"1200ms\"> \r\n            <div class=\"fbox grey-color-box\">\r\n                <div class=\"grey-color-icon b-icon box-icon-md\"><span class=\" grey-color\"><\/span><\/div>  \r\n                <div class=\"fbox-txt\">    \r\n                    <h5 class=\"h5-sm\">Topo GPS-app<\/h5>\r\n                    <p class=\"grey-color\">Topo GPS-appen erbjuder m\u00e5nga ytterligare anv\u00e4ndbara funktioner till den topografiska kartan. Som att navigera, ladda, planera och f\u00f6lja rutter och l\u00e4gga till punkter p\u00e5 kartan. Topo GPS inneh\u00e5ller alla funktioner hos en vanlig GPS-enhet.<\/p>\r\n                    \r\n                <\/div> \r\n            <\/div>        \r\n        <\/div>[\/vc_column_inner][\/vc_row_inner][\/vc_column][\/vc_row][\/vc_section][vc_section][vc_row][vc_column]\r\n        <div class=\"section-title  wow perch-fadeInUp fadeInUp text-center\" data-wow-delay=\"300ms\" data-wow-duration=\"1200ms\">\r\n            <h2 class=\"h2-sm\">Vilken karta skulle du f\u00f6redra f\u00f6r att utforska naturen?<\/h2>\r\n            <p class=\"p-lg\">J\u00e4mf\u00f6r dig sj\u00e4lv<\/p>         \r\n        <\/div>[vc_row_inner][vc_column_inner width=&#8221;1\/3&#8243;][vc_column_text]<\/p>\n<h3 style=\"text-align: center;\">Google kartor<\/h3>\n<p>[\/vc_column_text][vc_single_image custom_src=&#8221;https:\/\/www.topo-gps.com\/wp-content\/uploads\/2021\/12\/gb_google_maps.jpg&#8221; external_img_size=&#8221;277&#215;560&#8243; alignment=&#8221;center&#8221;][\/vc_column_inner][vc_column_inner width=&#8221;1\/3&#8243;][vc_column_text]<\/p>\n<h3 style=\"text-align: center;\">OpenStreetMap<\/h3>\n<p>[\/vc_column_text][vc_single_image custom_src=&#8221;https:\/\/www.topo-gps.com\/wp-content\/uploads\/2021\/12\/gb_osm.jpg&#8221; external_img_size=&#8221;277&#215;560&#8243; alignment=&#8221;center&#8221;][\/vc_column_inner][vc_column_inner width=&#8221;1\/3&#8243;][vc_column_text]<\/p>\n<h3 style=\"text-align: center;\">Topografisk karta<\/h3>\n<p>[\/vc_column_text][vc_single_image custom_src=&#8221;https:\/\/www.topo-gps.com\/wp-content\/uploads\/2021\/12\/gb_os.jpg&#8221; external_img_size=&#8221;277&#215;560&#8243; alignment=&#8221;center&#8221;][\/vc_column_inner][\/vc_row_inner][\/vc_column][\/vc_row][\/vc_section][vc_section section_type=&#8221;hero&#8221; hero_type=&#8221;1&#8243; parallax_image_attachment=&#8221;fixed&#8221; padding_class=&#8221;&#8221;][vc_row content_placement=&#8221;&#8221; parallax_image_attachment=&#8221;inherit&#8221;][vc_column width=&#8221;1\/2&#8243; column_inner_style=&#8221;hero-txt&#8221; hero_txt_type=&#8221;1&#8243;]\r\n        <div class=\"hero-txt\"> \r\n            \r\n            <h2 class=\" wow perch-fadeInUp fadeInUp\" data-wow-delay=\"300ms\" data-wow-duration=\"1200ms\">Topo GPS<\/h2>         \r\n            <h3 class=\"h3-sm  wow perch-fadeInUp fadeInUp\" data-wow-delay=\"400ms\" data-wow-duration=\"1200ms\">F\u00f6rvandla din iPhone, Android-telefon eller surfplatta till en komplett GPS-enhet med offline tillg\u00e4ngliga topografiska kartor.<\/h3>\r\n             \r\n            \r\n                        \r\n                        \r\n            \r\n                        \r\n                        \r\n                  \r\n        <\/div>[vc_row_inner][vc_column_inner width=&#8221;1\/2&#8243; css=&#8221;.vc_custom_1639605647058{padding-top: 10px !important;padding-bottom: 10px !important;}&#8221;]\r\n        <div class=\"hero-img  wow perch-fadeInUp fadeInUp text-center\" data-wow-delay=\"300ms\" data-wow-duration=\"1200ms\"> \r\n        <a href=\"https:\/\/apps.apple.com\/gb\/app\/topo-gps\/id578960575\" target=\"_self\" class=\"vc_single_image-wrapper  \"><img loading=\"lazy\" decoding=\"async\" class=\"vc_single_image-img img-fluid\" width=\"160\" height=\"50\"  src=\"https:\/\/www.topo-gps.com\/wp-content\/themes\/appset\/images\/appstore.png\" alt=\"External image\" \/><\/a>\r\n        <\/div>[\/vc_column_inner][vc_column_inner width=&#8221;1\/2&#8243; css=&#8221;.vc_custom_1639605658368{padding-top: 10px !important;padding-bottom: 10px !important;}&#8221;]\r\n        <div class=\"hero-img  wow perch-fadeInUp fadeInUp text-center\" data-wow-delay=\"300ms\" data-wow-duration=\"1200ms\"> \r\n        <a href=\"https:\/\/play.google.com\/store\/apps\/details?id=uk.rdzl.topo.gps&amp;hl=en\" target=\"_self\" class=\"vc_single_image-wrapper  \"><img loading=\"lazy\" decoding=\"async\" class=\"vc_single_image-img img-fluid\" width=\"171\" height=\"50\"  src=\"https:\/\/www.topo-gps.com\/wp-content\/themes\/appset\/images\/googleplay.png\" alt=\"External image\" \/><\/a>\r\n        <\/div>[\/vc_column_inner][\/vc_row_inner][\/vc_column][vc_column width=&#8221;1\/2&#8243;]\r\n        <div class=\"wow perch-fadeInRight fadeInRight hero-1-img\" data-wow-delay=\"300ms\" data-wow-duration=\"1200ms\"> \r\n        <img decoding=\"async\" class=\"vc_single_image-img img-fluid\"  src=\"https:\/\/www.topo-gps.com\/wp-content\/uploads\/2022\/04\/sv-main-1.png\" alt=\"External image\" \/>\r\n        <\/div>[\/vc_column][\/vc_row][\/vc_section]<\/p>\n<\/div>","protected":false},"excerpt":{"rendered":"<p>[vc_section enable_inner=&#8221;yes&#8221; section_type=&#8221;hero&#8221; inner_margin_top=&#8221;mt-100&#8243; parallax_image_attachment=&#8221;inherit&#8221; padding_class=&#8221;wide-100&#8243; css=&#8221;.vc_custom_1638818336813{background-image: url(https:\/\/www.topo-gps.com\/wp-content\/uploads\/2021\/12\/gb1.jpg?id=5826) !important;background-position: center !important;background-repeat: no-repeat !important;background-size: cover !important;}&#8221;][vc_row parallax_image_attachment=&#8221;inherit&#8221; css=&#8221;.vc_custom_1639602296513{padding-top: 20px !important;padding-bottom: 20px !important;}&#8221;][vc_column width=&#8221;1\/2&#8243; css=&#8221;.vc_custom_1639603345318{margin-bottom: 20px !important;}&#8221;][vc_row_inner][vc_column_inner width=&#8221;1\/2&#8243; css=&#8221;.vc_custom_1639605647058{padding-top: 10px !important;padding-bottom: 10px !important;}&#8221;][\/vc_column_inner][vc_column_inner width=&#8221;1\/2&#8243; css=&#8221;.vc_custom_1639605658368{padding-top: 10px !important;padding-bottom: 10px !important;}&#8221;][\/vc_column_inner][\/vc_row_inner][\/vc_column][vc_column width=&#8221;1\/2&#8243; css=&#8221;.vc_custom_1639603183972{padding-top: 40px !important;padding-bottom: 40px !important;}&#8221;][\/vc_column][\/vc_row][\/vc_section][vc_section][vc_row][vc_column][vc_column_text]Storbritannien \u00e4r ett land med olika landskap och naturlig sk\u00f6nhet, och erbjuder bes\u00f6karna ett brett utbud av utomhusaktiviteter att njuta av under hela \u00e5ret. Fr\u00e5n vandring och cykling till surfing och kajakpaddling, det finns alltid n\u00e5got att g\u00f6ra i Storbritanniens stora friluftsliv. Vandring \u00e4r en popul\u00e4r aktivitet i Storbritannien, med m\u00e5nga v\u00e4lsk\u00f6tta leder som tar bes\u00f6kare genom n\u00e5gra&#8230;<\/p>\n","protected":false},"author":1,"featured_media":0,"parent":0,"menu_order":0,"comment_status":"closed","ping_status":"closed","template":"","meta":{"footnotes":""},"class_list":["post-6382","page","type-page","status-publish","hentry","no-post-thumbnail"],"yoast_head":"<!-- This site is optimized with the Yoast SEO plugin v27.5 - https:\/\/yoast.com\/product\/yoast-seo-wordpress\/ -->\n<title>Topografisk karta \u00f6ver Storbritannien - Topo GPS<\/title>\n<meta name=\"description\" content=\"OS Explorer topografisk karta \u00f6ver Storbritannien p\u00e5 din iPhone, Android-telefon, surfplatta och Apple Watch. B\u00e4sta utomhuskartor \u00f6ver Storbritannien.\" \/>\n<meta name=\"robots\" content=\"index, follow, max-snippet:-1, max-image-preview:large, max-video-preview:-1\" \/>\n<link rel=\"canonical\" href=\"https:\/\/www.topo-gps.com\/sv\/topografisk-karta-over-storbritannien\/\" \/>\n<meta property=\"og:locale\" content=\"sv_SE\" \/>\n<meta property=\"og:type\" content=\"article\" \/>\n<meta property=\"og:title\" content=\"Topografisk karta \u00f6ver Storbritannien - Topo GPS\" \/>\n<meta property=\"og:description\" content=\"OS Explorer topografisk karta \u00f6ver Storbritannien p\u00e5 din iPhone, Android-telefon, surfplatta och Apple Watch. B\u00e4sta utomhuskartor \u00f6ver Storbritannien.\" \/>\n<meta property=\"og:url\" content=\"https:\/\/www.topo-gps.com\/sv\/topografisk-karta-over-storbritannien\/\" \/>\n<meta property=\"og:site_name\" content=\"Topo GPS\" \/>\n<meta property=\"article:modified_time\" content=\"2024-02-17T16:44:29+00:00\" \/>\n<meta name=\"twitter:card\" content=\"summary_large_image\" \/>\n<meta name=\"twitter:label1\" content=\"Ber\u00e4knad l\u00e4stid\" \/>\n\t<meta name=\"twitter:data1\" content=\"6 minuter\" \/>\n<script type=\"application\/ld+json\" class=\"yoast-schema-graph\">{\"@context\":\"https:\\\/\\\/schema.org\",\"@graph\":[{\"@type\":\"WebPage\",\"@id\":\"https:\\\/\\\/www.topo-gps.com\\\/sv\\\/topografisk-karta-over-storbritannien\\\/\",\"url\":\"https:\\\/\\\/www.topo-gps.com\\\/sv\\\/topografisk-karta-over-storbritannien\\\/\",\"name\":\"Topografisk karta \u00f6ver Storbritannien - Topo GPS\",\"isPartOf\":{\"@id\":\"https:\\\/\\\/www.topo-gps.com\\\/sv\\\/#website\"},\"datePublished\":\"2022-01-29T19:41:57+00:00\",\"dateModified\":\"2024-02-17T16:44:29+00:00\",\"description\":\"OS Explorer topografisk karta \u00f6ver Storbritannien p\u00e5 din iPhone, Android-telefon, surfplatta och Apple Watch. B\u00e4sta utomhuskartor \u00f6ver Storbritannien.\",\"breadcrumb\":{\"@id\":\"https:\\\/\\\/www.topo-gps.com\\\/sv\\\/topografisk-karta-over-storbritannien\\\/#breadcrumb\"},\"inLanguage\":\"sv-SE\",\"potentialAction\":[{\"@type\":\"ReadAction\",\"target\":[\"https:\\\/\\\/www.topo-gps.com\\\/sv\\\/topografisk-karta-over-storbritannien\\\/\"]}]},{\"@type\":\"BreadcrumbList\",\"@id\":\"https:\\\/\\\/www.topo-gps.com\\\/sv\\\/topografisk-karta-over-storbritannien\\\/#breadcrumb\",\"itemListElement\":[{\"@type\":\"ListItem\",\"position\":1,\"name\":\"Home\",\"item\":\"https:\\\/\\\/www.topo-gps.com\\\/sv\\\/topo-gps\\\/\"},{\"@type\":\"ListItem\",\"position\":2,\"name\":\"Topografisk karta \u00f6ver Storbritannien\"}]},{\"@type\":\"WebSite\",\"@id\":\"https:\\\/\\\/www.topo-gps.com\\\/sv\\\/#website\",\"url\":\"https:\\\/\\\/www.topo-gps.com\\\/sv\\\/\",\"name\":\"Topo GPS\",\"description\":\"Topographic maps GPS for iPhone, Android, iPad and Apple Watch\",\"potentialAction\":[{\"@type\":\"SearchAction\",\"target\":{\"@type\":\"EntryPoint\",\"urlTemplate\":\"https:\\\/\\\/www.topo-gps.com\\\/sv\\\/?s={search_term_string}\"},\"query-input\":{\"@type\":\"PropertyValueSpecification\",\"valueRequired\":true,\"valueName\":\"search_term_string\"}}],\"inLanguage\":\"sv-SE\"}]}<\/script>\n<!-- \/ Yoast SEO plugin. -->","yoast_head_json":{"title":"Topografisk karta \u00f6ver Storbritannien - Topo GPS","description":"OS Explorer topografisk karta \u00f6ver Storbritannien p\u00e5 din iPhone, Android-telefon, surfplatta och Apple Watch. B\u00e4sta utomhuskartor \u00f6ver Storbritannien.","robots":{"index":"index","follow":"follow","max-snippet":"max-snippet:-1","max-image-preview":"max-image-preview:large","max-video-preview":"max-video-preview:-1"},"canonical":"https:\/\/www.topo-gps.com\/sv\/topografisk-karta-over-storbritannien\/","og_locale":"sv_SE","og_type":"article","og_title":"Topografisk karta \u00f6ver Storbritannien - Topo GPS","og_description":"OS Explorer topografisk karta \u00f6ver Storbritannien p\u00e5 din iPhone, Android-telefon, surfplatta och Apple Watch. B\u00e4sta utomhuskartor \u00f6ver Storbritannien.","og_url":"https:\/\/www.topo-gps.com\/sv\/topografisk-karta-over-storbritannien\/","og_site_name":"Topo GPS","article_modified_time":"2024-02-17T16:44:29+00:00","twitter_card":"summary_large_image","twitter_misc":{"Ber\u00e4knad l\u00e4stid":"6 minuter"},"schema":{"@context":"https:\/\/schema.org","@graph":[{"@type":"WebPage","@id":"https:\/\/www.topo-gps.com\/sv\/topografisk-karta-over-storbritannien\/","url":"https:\/\/www.topo-gps.com\/sv\/topografisk-karta-over-storbritannien\/","name":"Topografisk karta \u00f6ver Storbritannien - Topo GPS","isPartOf":{"@id":"https:\/\/www.topo-gps.com\/sv\/#website"},"datePublished":"2022-01-29T19:41:57+00:00","dateModified":"2024-02-17T16:44:29+00:00","description":"OS Explorer topografisk karta \u00f6ver Storbritannien p\u00e5 din iPhone, Android-telefon, surfplatta och Apple Watch. B\u00e4sta utomhuskartor \u00f6ver Storbritannien.","breadcrumb":{"@id":"https:\/\/www.topo-gps.com\/sv\/topografisk-karta-over-storbritannien\/#breadcrumb"},"inLanguage":"sv-SE","potentialAction":[{"@type":"ReadAction","target":["https:\/\/www.topo-gps.com\/sv\/topografisk-karta-over-storbritannien\/"]}]},{"@type":"BreadcrumbList","@id":"https:\/\/www.topo-gps.com\/sv\/topografisk-karta-over-storbritannien\/#breadcrumb","itemListElement":[{"@type":"ListItem","position":1,"name":"Home","item":"https:\/\/www.topo-gps.com\/sv\/topo-gps\/"},{"@type":"ListItem","position":2,"name":"Topografisk karta \u00f6ver Storbritannien"}]},{"@type":"WebSite","@id":"https:\/\/www.topo-gps.com\/sv\/#website","url":"https:\/\/www.topo-gps.com\/sv\/","name":"Topo GPS","description":"Topographic maps GPS for iPhone, Android, iPad and Apple Watch","potentialAction":[{"@type":"SearchAction","target":{"@type":"EntryPoint","urlTemplate":"https:\/\/www.topo-gps.com\/sv\/?s={search_term_string}"},"query-input":{"@type":"PropertyValueSpecification","valueRequired":true,"valueName":"search_term_string"}}],"inLanguage":"sv-SE"}]}},"_links":{"self":[{"href":"https:\/\/www.topo-gps.com\/sv\/wp-json\/wp\/v2\/pages\/6382","targetHints":{"allow":["GET"]}}],"collection":[{"href":"https:\/\/www.topo-gps.com\/sv\/wp-json\/wp\/v2\/pages"}],"about":[{"href":"https:\/\/www.topo-gps.com\/sv\/wp-json\/wp\/v2\/types\/page"}],"author":[{"embeddable":true,"href":"https:\/\/www.topo-gps.com\/sv\/wp-json\/wp\/v2\/users\/1"}],"replies":[{"embeddable":true,"href":"https:\/\/www.topo-gps.com\/sv\/wp-json\/wp\/v2\/comments?post=6382"}],"version-history":[{"count":0,"href":"https:\/\/www.topo-gps.com\/sv\/wp-json\/wp\/v2\/pages\/6382\/revisions"}],"wp:attachment":[{"href":"https:\/\/www.topo-gps.com\/sv\/wp-json\/wp\/v2\/media?parent=6382"}],"curies":[{"name":"wp","href":"https:\/\/api.w.org\/{rel}","templated":true}]}}