{"id":30001,"date":"2026-04-20T10:13:26","date_gmt":"2026-04-20T09:13:26","guid":{"rendered":"https:\/\/www.topo-gps.com\/aida-din-topo-gps-assistent\/"},"modified":"2026-05-02T10:33:08","modified_gmt":"2026-05-02T09:33:08","slug":"aida","status":"publish","type":"page","link":"https:\/\/www.topo-gps.com\/sv\/aida\/","title":{"rendered":"Support och hj\u00e4lp: Fr\u00e5ga v\u00e5r assistent Aida"},"content":{"rendered":"<p><script src=\"\/js\/marked.min.js\"><\/script><br \/>\n<script src=\"\/js\/aida.js\" defer><\/script>\n<link rel=\"stylesheet\" href=\"\/css\/aida.css\">\n<div style=\"display: none;\" aria-hidden=\"true\">\n    <span id=\"aida-txt-thinking\">Jag funderar<\/span><br \/>\n <span id=\"aida-txt-sources\">K\u00e4llor<\/span>\n<\/div>\n<div id=\"topo-ai-wrapper\">\n<div id=\"chatHistory\" class=\"topo-container topo-chat-history\">\n<div class=\"topo-msg-row topo-msg-left\">\n<div class=\"topo-bubble topo-bubble-ai\">\n<p style=\"margin: 0; color: #1e293b !important; line-height: 1.5 !important;\">\n  Hej! Jag heter Aida och \u00e4r assistenten i Topo GPS-appen. Vad kan jag hj\u00e4lpa dig med?\n                <\/p>\n<\/p><\/div><\/div><\/div>\n<div class=\"topo-input-area\">\n<div class=\"topo-container topo-input-flex\">\n<div class=\"topo-textarea-wrapper\">\n                <textarea id=\"question\" rows=\"1\" class=\"topo-textarea\" placeholder=\"St\u00e4ll en fr\u00e5ga om Topo GPS\" oninput=\"this.style.height = ''; this.style.height = Math.min(this.scrollHeight, 120) + 'px'\"><\/textarea>\n            <\/div>\n<div class=\"topo-controls-group\">\n              <select id=\"platformSelect\" class=\"topo-platform-select\"><option value=\"ios\" selected>\u00c4pple<\/option><option value=\"android\">Android<\/option><\/select><br \/>\n <button onclick=\"askQuestion()\" id=\"submitBtn\" class=\"topo-submit-btn\"><br \/>\n<span>Skicka<\/span><br \/>\n<\/button>\n            <\/div><\/div><\/div>\n<\/div>\n","protected":false},"excerpt":{"rendered":"<p>Jag funderar K\u00e4llor Hej! Jag heter Aida och \u00e4r assistenten i Topo GPS-appen. Vad kan jag hj\u00e4lpa dig med? \u00c4ppleAndroid Skicka<\/p>\n","protected":false},"author":1,"featured_media":0,"parent":0,"menu_order":0,"comment_status":"closed","ping_status":"closed","template":"","meta":{"footnotes":""},"class_list":["post-30001","page","type-page","status-publish","hentry","no-post-thumbnail"],"yoast_head":"<!-- This site is optimized with the Yoast SEO plugin v27.5 - https:\/\/yoast.com\/product\/yoast-seo-wordpress\/ -->\n<title>Support och hj\u00e4lp: Fr\u00e5ga v\u00e5r assistent Aida - Topo GPS<\/title>\n<meta name=\"robots\" content=\"index, follow, max-snippet:-1, max-image-preview:large, max-video-preview:-1\" \/>\n<link rel=\"canonical\" href=\"https:\/\/www.topo-gps.com\/sv\/aida\/\" \/>\n<meta property=\"og:locale\" content=\"sv_SE\" \/>\n<meta property=\"og:type\" content=\"article\" \/>\n<meta property=\"og:title\" content=\"Support och hj\u00e4lp: Fr\u00e5ga v\u00e5r assistent Aida - Topo GPS\" \/>\n<meta property=\"og:description\" content=\"Jag funderar K\u00e4llor Hej! Jag heter Aida och \u00e4r assistenten i Topo GPS-appen. Vad kan jag hj\u00e4lpa dig med? \u00c4ppleAndroid Skicka\" \/>\n<meta property=\"og:url\" content=\"https:\/\/www.topo-gps.com\/sv\/aida\/\" \/>\n<meta property=\"og:site_name\" content=\"Topo GPS\" \/>\n<meta property=\"article:modified_time\" content=\"2026-05-02T09:33:08+00:00\" \/>\n<meta name=\"twitter:card\" content=\"summary_large_image\" \/>\n<script type=\"application\/ld+json\" class=\"yoast-schema-graph\">{\"@context\":\"https:\\\/\\\/schema.org\",\"@graph\":[{\"@type\":\"WebPage\",\"@id\":\"https:\\\/\\\/www.topo-gps.com\\\/sv\\\/aida\\\/\",\"url\":\"https:\\\/\\\/www.topo-gps.com\\\/sv\\\/aida\\\/\",\"name\":\"Support och hj\u00e4lp: Fr\u00e5ga v\u00e5r assistent Aida - Topo GPS\",\"isPartOf\":{\"@id\":\"https:\\\/\\\/www.topo-gps.com\\\/sv\\\/#website\"},\"datePublished\":\"2026-04-20T09:13:26+00:00\",\"dateModified\":\"2026-05-02T09:33:08+00:00\",\"breadcrumb\":{\"@id\":\"https:\\\/\\\/www.topo-gps.com\\\/sv\\\/aida\\\/#breadcrumb\"},\"inLanguage\":\"sv-SE\",\"potentialAction\":[{\"@type\":\"ReadAction\",\"target\":[\"https:\\\/\\\/www.topo-gps.com\\\/sv\\\/aida\\\/\"]}]},{\"@type\":\"BreadcrumbList\",\"@id\":\"https:\\\/\\\/www.topo-gps.com\\\/sv\\\/aida\\\/#breadcrumb\",\"itemListElement\":[{\"@type\":\"ListItem\",\"position\":1,\"name\":\"Home\",\"item\":\"https:\\\/\\\/www.topo-gps.com\\\/sv\\\/topo-gps\\\/\"},{\"@type\":\"ListItem\",\"position\":2,\"name\":\"Support och hj\u00e4lp: Fr\u00e5ga v\u00e5r assistent Aida\"}]},{\"@type\":\"WebSite\",\"@id\":\"https:\\\/\\\/www.topo-gps.com\\\/sv\\\/#website\",\"url\":\"https:\\\/\\\/www.topo-gps.com\\\/sv\\\/\",\"name\":\"Topo GPS\",\"description\":\"Topographic maps GPS for iPhone, Android, iPad and Apple Watch\",\"potentialAction\":[{\"@type\":\"SearchAction\",\"target\":{\"@type\":\"EntryPoint\",\"urlTemplate\":\"https:\\\/\\\/www.topo-gps.com\\\/sv\\\/?s={search_term_string}\"},\"query-input\":{\"@type\":\"PropertyValueSpecification\",\"valueRequired\":true,\"valueName\":\"search_term_string\"}}],\"inLanguage\":\"sv-SE\"}]}<\/script>\n<!-- \/ Yoast SEO plugin. -->","yoast_head_json":{"title":"Support och hj\u00e4lp: Fr\u00e5ga v\u00e5r assistent Aida - Topo GPS","robots":{"index":"index","follow":"follow","max-snippet":"max-snippet:-1","max-image-preview":"max-image-preview:large","max-video-preview":"max-video-preview:-1"},"canonical":"https:\/\/www.topo-gps.com\/sv\/aida\/","og_locale":"sv_SE","og_type":"article","og_title":"Support och hj\u00e4lp: Fr\u00e5ga v\u00e5r assistent Aida - Topo GPS","og_description":"Jag funderar K\u00e4llor Hej! Jag heter Aida och \u00e4r assistenten i Topo GPS-appen. Vad kan jag hj\u00e4lpa dig med? \u00c4ppleAndroid Skicka","og_url":"https:\/\/www.topo-gps.com\/sv\/aida\/","og_site_name":"Topo GPS","article_modified_time":"2026-05-02T09:33:08+00:00","twitter_card":"summary_large_image","schema":{"@context":"https:\/\/schema.org","@graph":[{"@type":"WebPage","@id":"https:\/\/www.topo-gps.com\/sv\/aida\/","url":"https:\/\/www.topo-gps.com\/sv\/aida\/","name":"Support och hj\u00e4lp: Fr\u00e5ga v\u00e5r assistent Aida - Topo GPS","isPartOf":{"@id":"https:\/\/www.topo-gps.com\/sv\/#website"},"datePublished":"2026-04-20T09:13:26+00:00","dateModified":"2026-05-02T09:33:08+00:00","breadcrumb":{"@id":"https:\/\/www.topo-gps.com\/sv\/aida\/#breadcrumb"},"inLanguage":"sv-SE","potentialAction":[{"@type":"ReadAction","target":["https:\/\/www.topo-gps.com\/sv\/aida\/"]}]},{"@type":"BreadcrumbList","@id":"https:\/\/www.topo-gps.com\/sv\/aida\/#breadcrumb","itemListElement":[{"@type":"ListItem","position":1,"name":"Home","item":"https:\/\/www.topo-gps.com\/sv\/topo-gps\/"},{"@type":"ListItem","position":2,"name":"Support och hj\u00e4lp: Fr\u00e5ga v\u00e5r assistent Aida"}]},{"@type":"WebSite","@id":"https:\/\/www.topo-gps.com\/sv\/#website","url":"https:\/\/www.topo-gps.com\/sv\/","name":"Topo GPS","description":"Topographic maps GPS for iPhone, Android, iPad and Apple Watch","potentialAction":[{"@type":"SearchAction","target":{"@type":"EntryPoint","urlTemplate":"https:\/\/www.topo-gps.com\/sv\/?s={search_term_string}"},"query-input":{"@type":"PropertyValueSpecification","valueRequired":true,"valueName":"search_term_string"}}],"inLanguage":"sv-SE"}]}},"_links":{"self":[{"href":"https:\/\/www.topo-gps.com\/sv\/wp-json\/wp\/v2\/pages\/30001","targetHints":{"allow":["GET"]}}],"collection":[{"href":"https:\/\/www.topo-gps.com\/sv\/wp-json\/wp\/v2\/pages"}],"about":[{"href":"https:\/\/www.topo-gps.com\/sv\/wp-json\/wp\/v2\/types\/page"}],"author":[{"embeddable":true,"href":"https:\/\/www.topo-gps.com\/sv\/wp-json\/wp\/v2\/users\/1"}],"replies":[{"embeddable":true,"href":"https:\/\/www.topo-gps.com\/sv\/wp-json\/wp\/v2\/comments?post=30001"}],"version-history":[{"count":2,"href":"https:\/\/www.topo-gps.com\/sv\/wp-json\/wp\/v2\/pages\/30001\/revisions"}],"predecessor-version":[{"id":30067,"href":"https:\/\/www.topo-gps.com\/sv\/wp-json\/wp\/v2\/pages\/30001\/revisions\/30067"}],"wp:attachment":[{"href":"https:\/\/www.topo-gps.com\/sv\/wp-json\/wp\/v2\/media?parent=30001"}],"curies":[{"name":"wp","href":"https:\/\/api.w.org\/{rel}","templated":true}]}}