{"id":26331,"date":"2023-06-16T15:55:06","date_gmt":"2023-06-16T14:55:06","guid":{"rendered":"https:\/\/www.topo-gps.com\/kartor\/mountainbike-rutter-lager\/"},"modified":"2023-06-16T16:40:58","modified_gmt":"2023-06-16T15:40:58","slug":"mountainbike-rutter-lager","status":"publish","type":"page","link":"https:\/\/www.topo-gps.com\/sv\/kartor\/mountainbike-rutter-lager\/","title":{"rendered":"Mountainbike rutter lager"},"content":{"rendered":"<div class=\"wpb-content-wrapper\"><p>[vc_section enable_inner=&#8221;yes&#8221; section_type=&#8221;hero&#8221; inner_margin_top=&#8221;mt-100&#8243; parallax_image_attachment=&#8221;inherit&#8221; padding_class=&#8221;wide-100&#8243; css=&#8221;.vc_custom_1686928143911{background-image: url(https:\/\/www.topo-gps.com\/wp-content\/uploads\/2023\/06\/sipke_mountainbiker_on_a_path_photo_realistic_6c31544d-3751-4033-bae7-d807088a510e.png?id=26307) !important;background-position: center !important;background-repeat: no-repeat !important;background-size: cover !important;}&#8221;][vc_row parallax_image_attachment=&#8221;inherit&#8221; css=&#8221;.vc_custom_1639602296513{padding-top: 20px !important;padding-bottom: 20px !important;}&#8221;][vc_column width=&#8221;1\/2&#8243; css=&#8221;.vc_custom_1639603345318{margin-bottom: 20px !important;}&#8221;]\r\n        <div class=\"vc_custom_1686926621397  hero-txt\"> \r\n            \r\n                     \r\n            <h3 class=\"white-color h3-sm none  wow perch-fadeInUp fadeInUp\" style=\"font-weight: bold;\" data-wow-delay=\"300ms\" data-wow-duration=\"1200ms\">Mountainbike-rutter visas direkt p\u00e5 de topografiska kartorna<\/h3>\r\n             \r\n            \r\n                        \r\n                        \r\n            \r\n                        \r\n                        \r\n                  \r\n        <\/div>[\/vc_column][vc_column width=&#8221;1\/2&#8243; css=&#8221;.vc_custom_1639603183972{padding-top: 40px !important;padding-bottom: 40px !important;}&#8221;]\r\n        <div class=\"hero-img  wow perch-fadeInUp fadeInUp\" data-wow-delay=\"300ms\" data-wow-duration=\"1200ms\"> \r\n        <img loading=\"lazy\" decoding=\"async\" class=\"vc_single_image-img img-fluid\" width=\"560\" height=\"604\"  src=\"https:\/\/www.topo-gps.com\/wp-content\/uploads\/2022\/04\/at-map1.png\" alt=\"External image\" \/>\r\n        <\/div>[\/vc_column][\/vc_row][\/vc_section][vc_section][vc_row][vc_column]\r\n        <div class=\"section-title  wow perch-fadeInUp fadeInUp text-center\" data-wow-delay=\"300ms\" data-wow-duration=\"1200ms\">\r\n            <h2 class=\"h2-sm\">B\u00e4sta utomhuskartor f\u00f6r \u00d6sterrike<\/h2>\r\n            <p class=\"p-lg\">Officiella topografiska kartor \u00e4r de b\u00e4sta utomhuskartorna f\u00f6r \u00d6sterrike.<\/p>         \r\n        <\/div>[vc_column_text]Att ha ett stort utbud av europeiska mountainbikerutter tillg\u00e4ngliga p\u00e5 din telefon erbjuder m\u00e5nga f\u00f6rdelar f\u00f6r mountainbikecyklister. Det l\u00e5ter ryttare utforska nya stigar i Nederl\u00e4nderna, Tyskland, Frankrike och andra europeiska l\u00e4nder utan att beh\u00f6va oroa sig f\u00f6r att g\u00e5 vilse, vilket ger en s\u00f6ml\u00f6s och njutbar ridupplevelse. Med detaljerade kartor och h\u00f6jdprofiler garanterar mountainbikev\u00e4garna en utmanande men \u00e4nd\u00e5 givande utomhusupplevelse varje g\u00e5ng.<\/p>\n<p>Med denna v\u00e4rdefulla information till hands kan cyklister med s\u00e4kerhet ta sig in i ok\u00e4nda omr\u00e5den samtidigt som de \u00e4r uppkopplade och s\u00e4kra. Sammantaget revolutionerar att ha mountainbikev\u00e4gar p\u00e5 din telefon hur ryttare n\u00e4rmar sig sina \u00e4ventyr, och maximerar sin tid p\u00e5 stigarna samtidigt som de garanterar en k\u00e4nsla av s\u00e4kerhet och utforskning.[\/vc_column_text][\/vc_column][\/vc_row][vc_row][vc_column width=&#8221;1\/2&#8243;][vc_single_image custom_src=&#8221;https:\/\/www.topo-gps.com\/wp-content\/uploads\/2022\/04\/at-map2.jpg&#8221; external_img_size=&#8221;391&#215;600&#8243; alignment=&#8221;center&#8221;][\/vc_column][vc_column width=&#8221;1\/2&#8243;][vc_row_inner][vc_column_inner width=&#8221;1\/2&#8243;]\r\n        <div class=\"wow perch-fadeInUp fadeInUp fbox\" data-wow-delay=\"300ms\" data-wow-duration=\"1200ms\"> \r\n            <div class=\"fbox grey-color-box\">\r\n                <div class=\"grey-color-icon b-icon box-icon-md\"><span class=\" grey-color\"><\/span><\/div>  \r\n                <div class=\"fbox-txt\">    \r\n                    <h5 class=\"h5-sm\">Omfattande<\/h5>\r\n                    <p class=\"grey-color\">Set med mountainbike-rutter \u00f6ver hela Europa. De kan enkelt visas p\u00e5 den topografiska kartan eller Open Streetmap \u00f6ver l\u00e4nderna.<\/p>\r\n                    \r\n                <\/div> \r\n            <\/div>        \r\n        <\/div>\r\n        <div class=\"wow perch-fadeInUp fadeInUp fbox\" data-wow-delay=\"300ms\" data-wow-duration=\"1200ms\"> \r\n            <div class=\"fbox grey-color-box\">\r\n                <div class=\"grey-color-icon b-icon box-icon-md\"><span class=\" grey-color\"><\/span><\/div>  \r\n                <div class=\"fbox-txt\">    \r\n                    <h5 class=\"h5-sm\">F\u00e4rger<\/h5>\r\n                    <p class=\"grey-color\">Banans f\u00e4rger matchas till skyltarna p\u00e5 v\u00e4gen n\u00e4r de \u00e4r k\u00e4nda. M\u00e5nga stigar anv\u00e4nder de klassiska en triangel- och tv\u00e5punktsskyltarna som mark\u00f6rer f\u00f6r stigarna.  <\/p>\r\n                    \r\n                <\/div> \r\n            <\/div>        \r\n        <\/div>\r\n        <div class=\"wow perch-fadeInUp fadeInUp fbox\" data-wow-delay=\"300ms\" data-wow-duration=\"1200ms\"> \r\n            <div class=\"fbox grey-color-box\">\r\n                <div class=\"grey-color-icon b-icon box-icon-md\"><span class=\" grey-color\"><\/span><\/div>  \r\n                <div class=\"fbox-txt\">    \r\n                    <h5 class=\"h5-sm\">Ledens riktning<\/h5>\r\n                    <p class=\"grey-color\">M\u00e5nga enkelsp\u00e5r har en enkel k\u00f6rriktning. Appen visar dessa v\u00e4gbeskrivningar s\u00e5 att du vet vilken v\u00e4g du ska g\u00e5.  <\/p>\r\n                    \r\n                <\/div> \r\n            <\/div>        \r\n        <\/div>[\/vc_column_inner][vc_column_inner width=&#8221;1\/2&#8243;]\r\n        <div class=\"wow perch-fadeInUp fadeInUp fbox\" data-wow-delay=\"300ms\" data-wow-duration=\"1200ms\"> \r\n            <div class=\"fbox grey-color-box\">\r\n                <div class=\"grey-color-icon b-icon box-icon-md\"><span class=\" grey-color\"><\/span><\/div>  \r\n                <div class=\"fbox-txt\">    \r\n                    <h5 class=\"h5-sm\">Offline kartor<\/h5>\r\n                    <p class=\"grey-color\">Du kan g\u00f6ra de topografiska kartorna och stigarna offline tillg\u00e4ngliga. P\u00e5 s\u00e5 s\u00e4tt \u00e4r du s\u00e4ker p\u00e5 att de kartor du beh\u00f6ver alltid \u00e4r tillg\u00e4ngliga.<\/p>\r\n                    \r\n                <\/div> \r\n            <\/div>        \r\n        <\/div>\r\n        <div class=\"wow perch-fadeInUp fadeInUp fbox\" data-wow-delay=\"300ms\" data-wow-duration=\"1200ms\"> \r\n            <div class=\"fbox grey-color-box\">\r\n                <div class=\"grey-color-icon b-icon box-icon-md\"><span class=\" grey-color\"><\/span><\/div>  \r\n                <div class=\"fbox-txt\">    \r\n                    <h5 class=\"h5-sm\">Ruttinformation<\/h5>\r\n                    <p class=\"grey-color\">N\u00e4r den finns tillg\u00e4nglig ges en v\u00e4gbeskrivning samt grundl\u00e4ggande information om l\u00e4ngd och anslutningar till andra sp\u00e5r.  <\/p>\r\n                    \r\n                <\/div> \r\n            <\/div>        \r\n        <\/div>\r\n        <div class=\"wow perch-fadeInUp fadeInUp fbox\" data-wow-delay=\"300ms\" data-wow-duration=\"1200ms\"> \r\n            <div class=\"fbox grey-color-box\">\r\n                <div class=\"grey-color-icon b-icon box-icon-md\"><span class=\" grey-color\"><\/span><\/div>  \r\n                <div class=\"fbox-txt\">    \r\n                    <h5 class=\"h5-sm\">Topo GPS-funktioner<\/h5>\r\n                    <p class=\"grey-color\">Topo GPS-appen erbjuder m\u00e5nga ytterligare anv\u00e4ndbara funktioner till den topografiska kartan. Som att navigera, ladda, planera och f\u00f6lja rutter och l\u00e4gga till punkter p\u00e5 kartan. Topo GPS inneh\u00e5ller alla funktioner hos en vanlig GPS-enhet.<\/p>\r\n                    \r\n                <\/div> \r\n            <\/div>        \r\n        <\/div>[\/vc_column_inner][\/vc_row_inner][\/vc_column][\/vc_row][\/vc_section][vc_section][vc_row][vc_column]\r\n        <div class=\"section-title  wow perch-fadeInUp fadeInUp text-center\" data-wow-delay=\"300ms\" data-wow-duration=\"1200ms\">\r\n            <h2 class=\"h2-sm\">Vilken karta skulle du f\u00f6redra f\u00f6r att utforska naturen?<\/h2>\r\n            <p class=\"p-lg\">J\u00e4mf\u00f6r dig sj\u00e4lv<\/p>         \r\n        <\/div>[vc_row_inner][vc_column_inner width=&#8221;1\/3&#8243;][vc_column_text]<\/p>\n<h3 style=\"text-align: center;\">Google kartor<\/h3>\n<p>[\/vc_column_text][vc_single_image custom_src=&#8221;https:\/\/www.topo-gps.com\/wp-content\/uploads\/2022\/04\/at-gm.jpg&#8221; external_img_size=&#8221;277&#215;560&#8243; alignment=&#8221;center&#8221;][\/vc_column_inner][vc_column_inner width=&#8221;1\/3&#8243;][vc_column_text]<\/p>\n<h3 style=\"text-align: center;\">OpenStreetMap<\/h3>\n<p>[\/vc_column_text][vc_single_image custom_src=&#8221;https:\/\/www.topo-gps.com\/wp-content\/uploads\/2022\/04\/at-osm.jpg&#8221; external_img_size=&#8221;277&#215;560&#8243; alignment=&#8221;center&#8221;][\/vc_column_inner][vc_column_inner width=&#8221;1\/3&#8243;][vc_column_text]<\/p>\n<h3 style=\"text-align: center;\">Topografisk karta<\/h3>\n<p>[\/vc_column_text][vc_single_image custom_src=&#8221;https:\/\/www.topo-gps.com\/wp-content\/uploads\/2022\/04\/at-tg.jpg&#8221; external_img_size=&#8221;277&#215;560&#8243; alignment=&#8221;center&#8221;][\/vc_column_inner][\/vc_row_inner][\/vc_column][\/vc_row][\/vc_section]<\/p>\n<\/div>","protected":false},"excerpt":{"rendered":"<p>[vc_section enable_inner=&#8221;yes&#8221; section_type=&#8221;hero&#8221; inner_margin_top=&#8221;mt-100&#8243; parallax_image_attachment=&#8221;inherit&#8221; padding_class=&#8221;wide-100&#8243; css=&#8221;.vc_custom_1686928143911{background-image: url(https:\/\/www.topo-gps.com\/wp-content\/uploads\/2023\/06\/sipke_mountainbiker_on_a_path_photo_realistic_6c31544d-3751-4033-bae7-d807088a510e.png?id=26307) !important;background-position: center !important;background-repeat: no-repeat !important;background-size: cover !important;}&#8221;][vc_row parallax_image_attachment=&#8221;inherit&#8221; css=&#8221;.vc_custom_1639602296513{padding-top: 20px !important;padding-bottom: 20px !important;}&#8221;][vc_column width=&#8221;1\/2&#8243; css=&#8221;.vc_custom_1639603345318{margin-bottom: 20px !important;}&#8221;][\/vc_column][vc_column width=&#8221;1\/2&#8243; css=&#8221;.vc_custom_1639603183972{padding-top: 40px !important;padding-bottom: 40px !important;}&#8221;][\/vc_column][\/vc_row][\/vc_section][vc_section][vc_row][vc_column][vc_column_text]Att ha ett stort utbud av europeiska mountainbikerutter tillg\u00e4ngliga p\u00e5 din telefon erbjuder m\u00e5nga f\u00f6rdelar f\u00f6r mountainbikecyklister. Det l\u00e5ter ryttare utforska nya stigar i Nederl\u00e4nderna, Tyskland, Frankrike och andra europeiska l\u00e4nder utan att beh\u00f6va oroa sig f\u00f6r att g\u00e5 vilse, vilket ger en s\u00f6ml\u00f6s och njutbar ridupplevelse. Med detaljerade kartor och h\u00f6jdprofiler garanterar mountainbikev\u00e4garna en utmanande men \u00e4nd\u00e5 givande utomhusupplevelse varje g\u00e5ng. Med denna v\u00e4rdefulla information till hands kan cyklister&#8230;<\/p>\n","protected":false},"author":1,"featured_media":0,"parent":6175,"menu_order":0,"comment_status":"closed","ping_status":"closed","template":"","meta":{"footnotes":""},"class_list":["post-26331","page","type-page","status-publish","hentry","no-post-thumbnail"],"yoast_head":"<!-- This site is optimized with the Yoast SEO plugin v27.3 - https:\/\/yoast.com\/product\/yoast-seo-wordpress\/ -->\n<title>Mountainbike rutter lager - Topo GPS<\/title>\n<meta name=\"description\" content=\"Topo GPS har ett till\u00e4ggslager som l\u00e5ter dig visa mountainbikerutter, stigar och sp\u00e5r p\u00e5 en topografisk karta\" \/>\n<meta name=\"robots\" content=\"index, follow, max-snippet:-1, max-image-preview:large, max-video-preview:-1\" \/>\n<link rel=\"canonical\" href=\"https:\/\/www.topo-gps.com\/sv\/kartor\/mountainbike-rutter-lager\/\" \/>\n<meta property=\"og:locale\" content=\"sv_SE\" \/>\n<meta property=\"og:type\" content=\"article\" \/>\n<meta property=\"og:title\" content=\"Mountainbike rutter lager - Topo GPS\" \/>\n<meta property=\"og:description\" content=\"Topo GPS har ett till\u00e4ggslager som l\u00e5ter dig visa mountainbikerutter, stigar och sp\u00e5r p\u00e5 en topografisk karta\" \/>\n<meta property=\"og:url\" content=\"https:\/\/www.topo-gps.com\/sv\/kartor\/mountainbike-rutter-lager\/\" \/>\n<meta property=\"og:site_name\" content=\"Topo GPS\" \/>\n<meta property=\"article:modified_time\" content=\"2023-06-16T15:40:58+00:00\" \/>\n<meta name=\"twitter:card\" content=\"summary_large_image\" \/>\n<meta name=\"twitter:label1\" content=\"Ber\u00e4knad l\u00e4stid\" \/>\n\t<meta name=\"twitter:data1\" content=\"4 minuter\" \/>\n<script type=\"application\/ld+json\" class=\"yoast-schema-graph\">{\"@context\":\"https:\\\/\\\/schema.org\",\"@graph\":[{\"@type\":\"WebPage\",\"@id\":\"https:\\\/\\\/www.topo-gps.com\\\/sv\\\/kartor\\\/mountainbike-rutter-lager\\\/\",\"url\":\"https:\\\/\\\/www.topo-gps.com\\\/sv\\\/kartor\\\/mountainbike-rutter-lager\\\/\",\"name\":\"Mountainbike rutter lager - Topo GPS\",\"isPartOf\":{\"@id\":\"https:\\\/\\\/www.topo-gps.com\\\/sv\\\/#website\"},\"datePublished\":\"2023-06-16T14:55:06+00:00\",\"dateModified\":\"2023-06-16T15:40:58+00:00\",\"description\":\"Topo GPS har ett till\u00e4ggslager som l\u00e5ter dig visa mountainbikerutter, stigar och sp\u00e5r p\u00e5 en topografisk karta\",\"breadcrumb\":{\"@id\":\"https:\\\/\\\/www.topo-gps.com\\\/sv\\\/kartor\\\/mountainbike-rutter-lager\\\/#breadcrumb\"},\"inLanguage\":\"sv-SE\",\"potentialAction\":[{\"@type\":\"ReadAction\",\"target\":[\"https:\\\/\\\/www.topo-gps.com\\\/sv\\\/kartor\\\/mountainbike-rutter-lager\\\/\"]}]},{\"@type\":\"BreadcrumbList\",\"@id\":\"https:\\\/\\\/www.topo-gps.com\\\/sv\\\/kartor\\\/mountainbike-rutter-lager\\\/#breadcrumb\",\"itemListElement\":[{\"@type\":\"ListItem\",\"position\":1,\"name\":\"Home\",\"item\":\"https:\\\/\\\/www.topo-gps.com\\\/sv\\\/topo-gps\\\/\"},{\"@type\":\"ListItem\",\"position\":2,\"name\":\"Kartor\",\"item\":\"https:\\\/\\\/www.topo-gps.com\\\/sv\\\/kartor\\\/\"},{\"@type\":\"ListItem\",\"position\":3,\"name\":\"Mountainbike rutter lager\"}]},{\"@type\":\"WebSite\",\"@id\":\"https:\\\/\\\/www.topo-gps.com\\\/sv\\\/#website\",\"url\":\"https:\\\/\\\/www.topo-gps.com\\\/sv\\\/\",\"name\":\"Topo GPS\",\"description\":\"Topographic maps GPS for iPhone, Android, iPad and Apple Watch\",\"potentialAction\":[{\"@type\":\"SearchAction\",\"target\":{\"@type\":\"EntryPoint\",\"urlTemplate\":\"https:\\\/\\\/www.topo-gps.com\\\/sv\\\/?s={search_term_string}\"},\"query-input\":{\"@type\":\"PropertyValueSpecification\",\"valueRequired\":true,\"valueName\":\"search_term_string\"}}],\"inLanguage\":\"sv-SE\"}]}<\/script>\n<!-- \/ Yoast SEO plugin. -->","yoast_head_json":{"title":"Mountainbike rutter lager - Topo GPS","description":"Topo GPS har ett till\u00e4ggslager som l\u00e5ter dig visa mountainbikerutter, stigar och sp\u00e5r p\u00e5 en topografisk karta","robots":{"index":"index","follow":"follow","max-snippet":"max-snippet:-1","max-image-preview":"max-image-preview:large","max-video-preview":"max-video-preview:-1"},"canonical":"https:\/\/www.topo-gps.com\/sv\/kartor\/mountainbike-rutter-lager\/","og_locale":"sv_SE","og_type":"article","og_title":"Mountainbike rutter lager - Topo GPS","og_description":"Topo GPS har ett till\u00e4ggslager som l\u00e5ter dig visa mountainbikerutter, stigar och sp\u00e5r p\u00e5 en topografisk karta","og_url":"https:\/\/www.topo-gps.com\/sv\/kartor\/mountainbike-rutter-lager\/","og_site_name":"Topo GPS","article_modified_time":"2023-06-16T15:40:58+00:00","twitter_card":"summary_large_image","twitter_misc":{"Ber\u00e4knad l\u00e4stid":"4 minuter"},"schema":{"@context":"https:\/\/schema.org","@graph":[{"@type":"WebPage","@id":"https:\/\/www.topo-gps.com\/sv\/kartor\/mountainbike-rutter-lager\/","url":"https:\/\/www.topo-gps.com\/sv\/kartor\/mountainbike-rutter-lager\/","name":"Mountainbike rutter lager - Topo GPS","isPartOf":{"@id":"https:\/\/www.topo-gps.com\/sv\/#website"},"datePublished":"2023-06-16T14:55:06+00:00","dateModified":"2023-06-16T15:40:58+00:00","description":"Topo GPS har ett till\u00e4ggslager som l\u00e5ter dig visa mountainbikerutter, stigar och sp\u00e5r p\u00e5 en topografisk karta","breadcrumb":{"@id":"https:\/\/www.topo-gps.com\/sv\/kartor\/mountainbike-rutter-lager\/#breadcrumb"},"inLanguage":"sv-SE","potentialAction":[{"@type":"ReadAction","target":["https:\/\/www.topo-gps.com\/sv\/kartor\/mountainbike-rutter-lager\/"]}]},{"@type":"BreadcrumbList","@id":"https:\/\/www.topo-gps.com\/sv\/kartor\/mountainbike-rutter-lager\/#breadcrumb","itemListElement":[{"@type":"ListItem","position":1,"name":"Home","item":"https:\/\/www.topo-gps.com\/sv\/topo-gps\/"},{"@type":"ListItem","position":2,"name":"Kartor","item":"https:\/\/www.topo-gps.com\/sv\/kartor\/"},{"@type":"ListItem","position":3,"name":"Mountainbike rutter lager"}]},{"@type":"WebSite","@id":"https:\/\/www.topo-gps.com\/sv\/#website","url":"https:\/\/www.topo-gps.com\/sv\/","name":"Topo GPS","description":"Topographic maps GPS for iPhone, Android, iPad and Apple Watch","potentialAction":[{"@type":"SearchAction","target":{"@type":"EntryPoint","urlTemplate":"https:\/\/www.topo-gps.com\/sv\/?s={search_term_string}"},"query-input":{"@type":"PropertyValueSpecification","valueRequired":true,"valueName":"search_term_string"}}],"inLanguage":"sv-SE"}]}},"_links":{"self":[{"href":"https:\/\/www.topo-gps.com\/sv\/wp-json\/wp\/v2\/pages\/26331","targetHints":{"allow":["GET"]}}],"collection":[{"href":"https:\/\/www.topo-gps.com\/sv\/wp-json\/wp\/v2\/pages"}],"about":[{"href":"https:\/\/www.topo-gps.com\/sv\/wp-json\/wp\/v2\/types\/page"}],"author":[{"embeddable":true,"href":"https:\/\/www.topo-gps.com\/sv\/wp-json\/wp\/v2\/users\/1"}],"replies":[{"embeddable":true,"href":"https:\/\/www.topo-gps.com\/sv\/wp-json\/wp\/v2\/comments?post=26331"}],"version-history":[{"count":0,"href":"https:\/\/www.topo-gps.com\/sv\/wp-json\/wp\/v2\/pages\/26331\/revisions"}],"up":[{"embeddable":true,"href":"https:\/\/www.topo-gps.com\/sv\/wp-json\/wp\/v2\/pages\/6175"}],"wp:attachment":[{"href":"https:\/\/www.topo-gps.com\/sv\/wp-json\/wp\/v2\/media?parent=26331"}],"curies":[{"name":"wp","href":"https:\/\/api.w.org\/{rel}","templated":true}]}}