{"id":17939,"date":"2022-04-07T12:27:22","date_gmt":"2022-04-07T11:27:22","guid":{"rendered":"https:\/\/www.topo-gps.com\/topografisk-karta-over-faroarna\/"},"modified":"2023-03-17T21:15:26","modified_gmt":"2023-03-17T20:15:26","slug":"topografisk-karta-over-faroarna","status":"publish","type":"page","link":"https:\/\/www.topo-gps.com\/sv\/topografisk-karta-over-faroarna\/","title":{"rendered":"Topografisk karta \u00f6ver F\u00e4r\u00f6arna"},"content":{"rendered":"<div class=\"wpb-content-wrapper\"><p>[vc_section enable_inner=&#8221;yes&#8221; section_type=&#8221;hero&#8221; inner_margin_top=&#8221;mt-100&#8243; parallax_image_attachment=&#8221;inherit&#8221; padding_class=&#8221;wide-100&#8243; css=&#8221;.vc_custom_1649334679977{background-image: url(https:\/\/www.topo-gps.com\/wp-content\/uploads\/2022\/04\/We9BdoyS7GQT.jpg?id=18192) !important;background-position: center !important;background-repeat: no-repeat !important;background-size: cover !important;}&#8221;][vc_row parallax_image_attachment=&#8221;inherit&#8221; css=&#8221;.vc_custom_1639602296513{padding-top: 20px !important;padding-bottom: 20px !important;}&#8221;][vc_column width=&#8221;1\/2&#8243; css=&#8221;.vc_custom_1639603345318{margin-bottom: 20px !important;}&#8221;]\r\n        <div class=\"vc_custom_1649334059087  hero-txt\"> \r\n            \r\n                     \r\n            <h3 class=\"white-color h3-sm none  wow perch-fadeInUp fadeInUp\" style=\"font-weight: bold;\" data-wow-delay=\"300ms\" data-wow-duration=\"1200ms\">Topografisk karta \u00f6ver F\u00e4r\u00f6arna p\u00e5 din iPhone, Android-telefon och Apple Watch<\/h3>\r\n             \r\n            \r\n                        \r\n                        \r\n            \r\n                        \r\n                        \r\n                  \r\n        <\/div>[vc_row_inner][vc_column_inner width=&#8221;1\/2&#8243; css=&#8221;.vc_custom_1639605647058{padding-top: 10px !important;padding-bottom: 10px !important;}&#8221;]\r\n        <div class=\"hero-img  wow perch-fadeInUp fadeInUp text-center\" data-wow-delay=\"300ms\" data-wow-duration=\"1200ms\"> \r\n        <a href=\"https:\/\/apps.apple.com\/gb\/app\/topo-gps\/id578960575\" target=\"_self\" class=\"vc_single_image-wrapper  \"><img loading=\"lazy\" decoding=\"async\" class=\"vc_single_image-img img-fluid\" width=\"160\" height=\"50\"  src=\"https:\/\/www.topo-gps.com\/wp-content\/themes\/appset\/images\/appstore.png\" alt=\"External image\" \/><\/a>\r\n        <\/div>[\/vc_column_inner][vc_column_inner width=&#8221;1\/2&#8243; css=&#8221;.vc_custom_1639605658368{padding-top: 10px !important;padding-bottom: 10px !important;}&#8221;]\r\n        <div class=\"hero-img  wow perch-fadeInUp fadeInUp text-center\" data-wow-delay=\"300ms\" data-wow-duration=\"1200ms\"> \r\n        <a href=\"https:\/\/play.google.com\/store\/apps\/details?id=uk.rdzl.topo.gps&amp;hl=en\" target=\"_self\" class=\"vc_single_image-wrapper  \"><img loading=\"lazy\" decoding=\"async\" class=\"vc_single_image-img img-fluid\" width=\"171\" height=\"50\"  src=\"https:\/\/www.topo-gps.com\/wp-content\/themes\/appset\/images\/googleplay.png\" alt=\"External image\" \/><\/a>\r\n        <\/div>[\/vc_column_inner][\/vc_row_inner][\/vc_column][vc_column width=&#8221;1\/2&#8243; css=&#8221;.vc_custom_1639603183972{padding-top: 40px !important;padding-bottom: 40px !important;}&#8221;]\r\n        <div class=\"hero-img  wow perch-fadeInUp fadeInUp\" data-wow-delay=\"300ms\" data-wow-duration=\"1200ms\"> \r\n        <img loading=\"lazy\" decoding=\"async\" class=\"vc_single_image-img img-fluid\" width=\"560\" height=\"604\"  src=\"https:\/\/www.topo-gps.com\/wp-content\/uploads\/2022\/04\/map-fo1.png\" alt=\"External image\" \/>\r\n        <\/div>[\/vc_column][\/vc_row][\/vc_section][vc_section][vc_row][vc_column]\r\n        <div class=\"section-title  wow perch-fadeInUp fadeInUp text-center\" data-wow-delay=\"300ms\" data-wow-duration=\"1200ms\">\r\n            <h2 class=\"h2-sm\">B\u00e4sta friluftskartor f\u00f6r F\u00e4r\u00f6arna<\/h2>\r\n            <p class=\"p-lg\">Officiella topografiska kartor \u00e4r de b\u00e4sta utomhuskartorna f\u00f6r F\u00e4r\u00f6arna.<\/p>         \r\n        <\/div>[vc_column_text]F\u00e4r\u00f6arna, som ligger i Nordatlanten, \u00e4r en unik och avl\u00e4gsen destination som erbjuder en rad utomhusaktiviteter. Med sin ol\u00e4ndiga terr\u00e4ng, or\u00f6rda natur och fantastiska kustlandskap \u00e4r F\u00e4r\u00f6arna perfekta f\u00f6r vandring, f\u00e5gelsk\u00e5dning och fiske.<\/p>\n<p>Vandring \u00e4r en popul\u00e4r aktivitet p\u00e5 F\u00e4r\u00f6arna, och det finns gott om v\u00e4l markerade leder som erbjuder spektakul\u00e4ra vyer \u00f6ver den dramatiska kustlinjen och fjordarna. \u00d6n Streymoy \u00e4r hem f\u00f6r flera popul\u00e4ra vandringsleder, inklusive Sl\u00e6ttaratindur, som \u00e4r F\u00e4r\u00f6arnas h\u00f6gsta berg, och den popul\u00e4ra Lake Leitisvatn-leden.<\/p>\n<p>F\u00e5gelsk\u00e5dning \u00e4r ocks\u00e5 en popul\u00e4r aktivitet p\u00e5 F\u00e4r\u00f6arna, med flera f\u00e5gelarter som h\u00e4ckar p\u00e5 klipporna och klipporna l\u00e4ngs kusten. \u00d6n Mykines \u00e4r hem f\u00f6r tusentals lunnef\u00e5glar, vilket g\u00f6r den till ett m\u00e5ste att bes\u00f6ka f\u00f6r f\u00e5gel\u00e4lskare.<\/p>\n<p>Fiske \u00e4r en annan popul\u00e4r aktivitet p\u00e5 F\u00e4r\u00f6arna, med landets rena och kalla vatten som erbjuder ett \u00f6verfl\u00f6d av fisk som torsk, kolja och lax. Det finns flera fisketurer tillg\u00e4ngliga, och bes\u00f6kare kan ocks\u00e5 prova lyckan p\u00e5 att fiska fr\u00e5n stranden eller hyra en b\u00e5t f\u00f6r en mer uppslukande upplevelse.<\/p>\n<p>Sammantaget erbjuder F\u00e4r\u00f6arna en unik och of\u00f6rgl\u00f6mlig utomhusupplevelse f\u00f6r dem som vill utforska avl\u00e4gsen och or\u00f6rd natursk\u00f6nhet. Landets ol\u00e4ndiga terr\u00e4ng, fantastiska kustlinje och unika kultur g\u00f6r det till ett m\u00e5ste att bes\u00f6ka f\u00f6r \u00e4ventyrss\u00f6kande och natur\u00e4lskare.[\/vc_column_text][\/vc_column][\/vc_row][vc_row][vc_column width=&#8221;1\/2&#8243;][vc_single_image custom_src=&#8221;https:\/\/www.topo-gps.com\/wp-content\/uploads\/2022\/04\/map-fo2.jpg&#8221; external_img_size=&#8221;391&#215;600&#8243; alignment=&#8221;center&#8221;][\/vc_column][vc_column width=&#8221;1\/2&#8243;][vc_row_inner][vc_column_inner width=&#8221;1\/2&#8243;]\r\n        <div class=\"wow perch-fadeInUp fadeInUp fbox\" data-wow-delay=\"300ms\" data-wow-duration=\"1200ms\"> \r\n            <div class=\"fbox grey-color-box\">\r\n                <div class=\"grey-color-icon b-icon box-icon-md\"><span class=\" grey-color\"><\/span><\/div>  \r\n                <div class=\"fbox-txt\">    \r\n                    <h5 class=\"h5-sm\">Topografisk karta<\/h5>\r\n                    <p class=\"grey-color\">En topografisk karta inneh\u00e5ller m\u00e5nga detaljer som h\u00f6jdkonturer, sm\u00e5v\u00e4gar och markanv\u00e4ndning och \u00e4r d\u00e4rf\u00f6r idealisk f\u00f6r att navigera utomhus.<\/p>\r\n                    \r\n                <\/div> \r\n            <\/div>        \r\n        <\/div>\r\n        <div class=\"wow perch-fadeInUp fadeInUp fbox\" data-wow-delay=\"300ms\" data-wow-duration=\"1200ms\"> \r\n            <div class=\"fbox grey-color-box\">\r\n                <div class=\"grey-color-icon b-icon box-icon-md\"><span class=\" grey-color\"><\/span><\/div>  \r\n                <div class=\"fbox-txt\">    \r\n                    <h5 class=\"h5-sm\">Topo 20<\/h5>\r\n                    <p class=\"grey-color\">I Topo GPS kan du k\u00f6pa den b\u00e4sta topografiska kartan \u00f6ver F\u00e4r\u00f6arna, den officiella Topo 20-kartan i skala 1:20 000. Denna karta \u00e4r producerad av Umhv\u00f8rvisstovan, F\u00e4r\u00f6arnas milj\u00f6byr\u00e5.<\/p>\r\n                    \r\n                <\/div> \r\n            <\/div>        \r\n        <\/div>\r\n        <div class=\"wow perch-fadeInUp fadeInUp fbox\" data-wow-delay=\"300ms\" data-wow-duration=\"1200ms\"> \r\n            <div class=\"fbox grey-color-box\">\r\n                <div class=\"grey-color-icon b-icon box-icon-md\"><span class=\" grey-color\"><\/span><\/div>  \r\n                <div class=\"fbox-txt\">    \r\n                    <h5 class=\"h5-sm\">Priss\u00e4ttning<\/h5>\r\n                    <p class=\"grey-color\">Full tillg\u00e5ng till de kompletta Topo 20-kartorna \u00f6ver F\u00e4r\u00f6arna kostar 3,99 \u20ac i Topo GPS. Detta \u00e4r ett eng\u00e5ngsk\u00f6p och inkluderar gratis framtida uppdateringar. Kartan \u00e4r tillg\u00e4nglig p\u00e5 alla enheter som anv\u00e4nder samma Apple-ID eller Google Play-konto.<\/p>\r\n                    \r\n                <\/div> \r\n            <\/div>        \r\n        <\/div>[\/vc_column_inner][vc_column_inner width=&#8221;1\/2&#8243;]\r\n        <div class=\"wow perch-fadeInUp fadeInUp fbox\" data-wow-delay=\"300ms\" data-wow-duration=\"1200ms\"> \r\n            <div class=\"fbox grey-color-box\">\r\n                <div class=\"grey-color-icon b-icon box-icon-md\"><span class=\" grey-color\"><\/span><\/div>  \r\n                <div class=\"fbox-txt\">    \r\n                    <h5 class=\"h5-sm\">Offline kartor<\/h5>\r\n                    <p class=\"grey-color\">Du kan g\u00f6ra de topografiska kartorna offline tillg\u00e4ngliga. P\u00e5 s\u00e5 s\u00e4tt \u00e4r du s\u00e4ker p\u00e5 att de kartor du beh\u00f6ver alltid \u00e4r tillg\u00e4ngliga.<\/p>\r\n                    \r\n                <\/div> \r\n            <\/div>        \r\n        <\/div>\r\n        <div class=\"wow perch-fadeInUp fadeInUp fbox\" data-wow-delay=\"300ms\" data-wow-duration=\"1200ms\"> \r\n            <div class=\"fbox grey-color-box\">\r\n                <div class=\"grey-color-icon b-icon box-icon-md\"><span class=\" grey-color\"><\/span><\/div>  \r\n                <div class=\"fbox-txt\">    \r\n                    <h5 class=\"h5-sm\">Tydlig legend<\/h5>\r\n                    <p class=\"grey-color\">Den topografiska kartan har en tydlig legend med f\u00f6rklaringar av alla symboler.<\/p>\r\n                    \r\n                <\/div> \r\n            <\/div>        \r\n        <\/div>\r\n        <div class=\"wow perch-fadeInUp fadeInUp fbox\" data-wow-delay=\"300ms\" data-wow-duration=\"1200ms\"> \r\n            <div class=\"fbox grey-color-box\">\r\n                <div class=\"grey-color-icon b-icon box-icon-md\"><span class=\" grey-color\"><\/span><\/div>  \r\n                <div class=\"fbox-txt\">    \r\n                    <h5 class=\"h5-sm\">Topo GPS-app<\/h5>\r\n                    <p class=\"grey-color\">Topo GPS-appen erbjuder m\u00e5nga ytterligare anv\u00e4ndbara funktioner till den topografiska kartan. Som att navigera, ladda, planera och f\u00f6lja rutter och l\u00e4gga till punkter p\u00e5 kartan. Topo GPS inneh\u00e5ller alla funktioner hos en vanlig GPS-enhet.<\/p>\r\n                    \r\n                <\/div> \r\n            <\/div>        \r\n        <\/div>[\/vc_column_inner][\/vc_row_inner][\/vc_column][\/vc_row][\/vc_section][vc_section][vc_row][vc_column]\r\n        <div class=\"section-title  wow perch-fadeInUp fadeInUp text-center\" data-wow-delay=\"300ms\" data-wow-duration=\"1200ms\">\r\n            <h2 class=\"h2-sm\">Vilken karta skulle du f\u00f6redra f\u00f6r att utforska naturen?<\/h2>\r\n            <p class=\"p-lg\">J\u00e4mf\u00f6r dig sj\u00e4lv<\/p>         \r\n        <\/div>[vc_row_inner][vc_column_inner width=&#8221;1\/3&#8243;][vc_column_text]<\/p>\n<h3 style=\"text-align: center;\">Google kartor<\/h3>\n<p>[\/vc_column_text][vc_single_image custom_src=&#8221;https:\/\/www.topo-gps.com\/wp-content\/uploads\/2022\/04\/fo-gm.jpg&#8221; external_img_size=&#8221;277&#215;560&#8243; alignment=&#8221;center&#8221;][\/vc_column_inner][vc_column_inner width=&#8221;1\/3&#8243;][vc_column_text]<\/p>\n<h3 style=\"text-align: center;\">OpenStreetMap<\/h3>\n<p>[\/vc_column_text][vc_single_image custom_src=&#8221;https:\/\/www.topo-gps.com\/wp-content\/uploads\/2022\/04\/fo-osm.jpg&#8221; external_img_size=&#8221;277&#215;560&#8243; alignment=&#8221;center&#8221;][\/vc_column_inner][vc_column_inner width=&#8221;1\/3&#8243;][vc_column_text]<\/p>\n<h3 style=\"text-align: center;\">Topografisk karta<\/h3>\n<p>[\/vc_column_text][vc_single_image custom_src=&#8221;https:\/\/www.topo-gps.com\/wp-content\/uploads\/2022\/04\/fo-tg.jpg&#8221; external_img_size=&#8221;277&#215;560&#8243; alignment=&#8221;center&#8221;][\/vc_column_inner][\/vc_row_inner][\/vc_column][\/vc_row][\/vc_section][vc_section section_type=&#8221;hero&#8221; hero_type=&#8221;1&#8243; parallax_image_attachment=&#8221;fixed&#8221; padding_class=&#8221;&#8221;][vc_row content_placement=&#8221;&#8221; parallax_image_attachment=&#8221;inherit&#8221;][vc_column width=&#8221;1\/2&#8243; column_inner_style=&#8221;hero-txt&#8221; hero_txt_type=&#8221;1&#8243;]\r\n        <div class=\"hero-txt\"> \r\n            \r\n            <h2 class=\" wow perch-fadeInUp fadeInUp\" data-wow-delay=\"300ms\" data-wow-duration=\"1200ms\">Topo GPS<\/h2>         \r\n            <h3 class=\"h3-sm  wow perch-fadeInUp fadeInUp\" data-wow-delay=\"400ms\" data-wow-duration=\"1200ms\">F\u00f6rvandla din iPhone, Android-telefon eller surfplatta till en komplett GPS-enhet med offline tillg\u00e4ngliga topografiska kartor.<\/h3>\r\n             \r\n            \r\n                        \r\n                        \r\n            \r\n                        \r\n                        \r\n                  \r\n        <\/div>[vc_row_inner][vc_column_inner width=&#8221;1\/2&#8243; css=&#8221;.vc_custom_1639605647058{padding-top: 10px !important;padding-bottom: 10px !important;}&#8221;]\r\n        <div class=\"hero-img  wow perch-fadeInUp fadeInUp text-center\" data-wow-delay=\"300ms\" data-wow-duration=\"1200ms\"> \r\n        <a href=\"https:\/\/apps.apple.com\/gb\/app\/topo-gps\/id578960575\" target=\"_self\" class=\"vc_single_image-wrapper  \"><img loading=\"lazy\" decoding=\"async\" class=\"vc_single_image-img img-fluid\" width=\"160\" height=\"50\"  src=\"https:\/\/www.topo-gps.com\/wp-content\/themes\/appset\/images\/appstore.png\" alt=\"External image\" \/><\/a>\r\n        <\/div>[\/vc_column_inner][vc_column_inner width=&#8221;1\/2&#8243; css=&#8221;.vc_custom_1639605658368{padding-top: 10px !important;padding-bottom: 10px !important;}&#8221;]\r\n        <div class=\"hero-img  wow perch-fadeInUp fadeInUp text-center\" data-wow-delay=\"300ms\" data-wow-duration=\"1200ms\"> \r\n        <a href=\"https:\/\/play.google.com\/store\/apps\/details?id=uk.rdzl.topo.gps&amp;hl=en\" target=\"_self\" class=\"vc_single_image-wrapper  \"><img loading=\"lazy\" decoding=\"async\" class=\"vc_single_image-img img-fluid\" width=\"171\" height=\"50\"  src=\"https:\/\/www.topo-gps.com\/wp-content\/themes\/appset\/images\/googleplay.png\" alt=\"External image\" \/><\/a>\r\n        <\/div>[\/vc_column_inner][\/vc_row_inner][\/vc_column][vc_column width=&#8221;1\/2&#8243;]\r\n        <div class=\"wow perch-fadeInRight fadeInRight hero-1-img\" data-wow-delay=\"300ms\" data-wow-duration=\"1200ms\"> \r\n        <img decoding=\"async\" class=\"vc_single_image-img img-fluid\"  src=\"https:\/\/www.topo-gps.com\/wp-content\/uploads\/2022\/04\/main-fo1.png\" alt=\"External image\" \/>\r\n        <\/div>[\/vc_column][\/vc_row][\/vc_section]<\/p>\n<\/div>","protected":false},"excerpt":{"rendered":"<p>[vc_section enable_inner=&#8221;yes&#8221; section_type=&#8221;hero&#8221; inner_margin_top=&#8221;mt-100&#8243; parallax_image_attachment=&#8221;inherit&#8221; padding_class=&#8221;wide-100&#8243; css=&#8221;.vc_custom_1649334679977{background-image: url(https:\/\/www.topo-gps.com\/wp-content\/uploads\/2022\/04\/We9BdoyS7GQT.jpg?id=18192) !important;background-position: center !important;background-repeat: no-repeat !important;background-size: cover !important;}&#8221;][vc_row parallax_image_attachment=&#8221;inherit&#8221; css=&#8221;.vc_custom_1639602296513{padding-top: 20px !important;padding-bottom: 20px !important;}&#8221;][vc_column width=&#8221;1\/2&#8243; css=&#8221;.vc_custom_1639603345318{margin-bottom: 20px !important;}&#8221;][vc_row_inner][vc_column_inner width=&#8221;1\/2&#8243; css=&#8221;.vc_custom_1639605647058{padding-top: 10px !important;padding-bottom: 10px !important;}&#8221;][\/vc_column_inner][vc_column_inner width=&#8221;1\/2&#8243; css=&#8221;.vc_custom_1639605658368{padding-top: 10px !important;padding-bottom: 10px !important;}&#8221;][\/vc_column_inner][\/vc_row_inner][\/vc_column][vc_column width=&#8221;1\/2&#8243; css=&#8221;.vc_custom_1639603183972{padding-top: 40px !important;padding-bottom: 40px !important;}&#8221;][\/vc_column][\/vc_row][\/vc_section][vc_section][vc_row][vc_column][vc_column_text]F\u00e4r\u00f6arna, som ligger i Nordatlanten, \u00e4r en unik och avl\u00e4gsen destination som erbjuder en rad utomhusaktiviteter. Med sin ol\u00e4ndiga terr\u00e4ng, or\u00f6rda natur och fantastiska kustlandskap \u00e4r F\u00e4r\u00f6arna perfekta f\u00f6r vandring, f\u00e5gelsk\u00e5dning och fiske. Vandring \u00e4r en popul\u00e4r aktivitet p\u00e5 F\u00e4r\u00f6arna, och det finns gott om v\u00e4l markerade leder som erbjuder spektakul\u00e4ra vyer \u00f6ver den dramatiska kustlinjen och fjordarna&#8230;.<\/p>\n","protected":false},"author":1,"featured_media":0,"parent":0,"menu_order":0,"comment_status":"closed","ping_status":"closed","template":"","meta":{"footnotes":""},"class_list":["post-17939","page","type-page","status-publish","hentry","no-post-thumbnail"],"yoast_head":"<!-- This site is optimized with the Yoast SEO plugin v27.4 - https:\/\/yoast.com\/product\/yoast-seo-wordpress\/ -->\n<title>Topografisk karta \u00f6ver F\u00e4r\u00f6arna - Topo GPS<\/title>\n<meta name=\"robots\" content=\"index, follow, max-snippet:-1, max-image-preview:large, max-video-preview:-1\" \/>\n<link rel=\"canonical\" href=\"https:\/\/www.topo-gps.com\/sv\/topografisk-karta-over-faroarna\/\" \/>\n<meta property=\"og:locale\" content=\"sv_SE\" \/>\n<meta property=\"og:type\" content=\"article\" \/>\n<meta property=\"og:title\" content=\"Topografisk karta \u00f6ver F\u00e4r\u00f6arna - Topo GPS\" \/>\n<meta property=\"og:description\" content=\"[vc_section enable_inner=&#8221;yes&#8221; section_type=&#8221;hero&#8221; inner_margin_top=&#8221;mt-100&#8243; parallax_image_attachment=&#8221;inherit&#8221; padding_class=&#8221;wide-100&#8243; css=&#8221;.vc_custom_1649334679977{background-image: url(https:\/\/www.topo-gps.com\/wp-content\/uploads\/2022\/04\/We9BdoyS7GQT.jpg?id=18192) !important;background-position: center !important;background-repeat: no-repeat !important;background-size: cover !important;}&#8221;][vc_row parallax_image_attachment=&#8221;inherit&#8221; css=&#8221;.vc_custom_1639602296513{padding-top: 20px !important;padding-bottom: 20px !important;}&#8221;][vc_column width=&#8221;1\/2&#8243; css=&#8221;.vc_custom_1639603345318{margin-bottom: 20px !important;}&#8221;][vc_row_inner][vc_column_inner width=&#8221;1\/2&#8243; css=&#8221;.vc_custom_1639605647058{padding-top: 10px !important;padding-bottom: 10px !important;}&#8221;][\/vc_column_inner][vc_column_inner width=&#8221;1\/2&#8243; css=&#8221;.vc_custom_1639605658368{padding-top: 10px !important;padding-bottom: 10px !important;}&#8221;][\/vc_column_inner][\/vc_row_inner][\/vc_column][vc_column width=&#8221;1\/2&#8243; css=&#8221;.vc_custom_1639603183972{padding-top: 40px !important;padding-bottom: 40px !important;}&#8221;][\/vc_column][\/vc_row][\/vc_section][vc_section][vc_row][vc_column][vc_column_text]F\u00e4r\u00f6arna, som ligger i Nordatlanten, \u00e4r en unik och avl\u00e4gsen destination som erbjuder en rad utomhusaktiviteter. Med sin ol\u00e4ndiga terr\u00e4ng, or\u00f6rda natur och fantastiska kustlandskap \u00e4r F\u00e4r\u00f6arna perfekta f\u00f6r vandring, f\u00e5gelsk\u00e5dning och fiske. Vandring \u00e4r en popul\u00e4r aktivitet p\u00e5 F\u00e4r\u00f6arna, och det finns gott om v\u00e4l markerade leder som erbjuder spektakul\u00e4ra vyer \u00f6ver den dramatiska kustlinjen och fjordarna....\" \/>\n<meta property=\"og:url\" content=\"https:\/\/www.topo-gps.com\/sv\/topografisk-karta-over-faroarna\/\" \/>\n<meta property=\"og:site_name\" content=\"Topo GPS\" \/>\n<meta property=\"article:modified_time\" content=\"2023-03-17T20:15:26+00:00\" \/>\n<meta name=\"twitter:card\" content=\"summary_large_image\" \/>\n<meta name=\"twitter:label1\" content=\"Ber\u00e4knad l\u00e4stid\" \/>\n\t<meta name=\"twitter:data1\" content=\"6 minuter\" \/>\n<script type=\"application\/ld+json\" class=\"yoast-schema-graph\">{\"@context\":\"https:\\\/\\\/schema.org\",\"@graph\":[{\"@type\":\"WebPage\",\"@id\":\"https:\\\/\\\/www.topo-gps.com\\\/sv\\\/topografisk-karta-over-faroarna\\\/\",\"url\":\"https:\\\/\\\/www.topo-gps.com\\\/sv\\\/topografisk-karta-over-faroarna\\\/\",\"name\":\"Topografisk karta \u00f6ver F\u00e4r\u00f6arna - Topo GPS\",\"isPartOf\":{\"@id\":\"https:\\\/\\\/www.topo-gps.com\\\/sv\\\/#website\"},\"datePublished\":\"2022-04-07T11:27:22+00:00\",\"dateModified\":\"2023-03-17T20:15:26+00:00\",\"breadcrumb\":{\"@id\":\"https:\\\/\\\/www.topo-gps.com\\\/sv\\\/topografisk-karta-over-faroarna\\\/#breadcrumb\"},\"inLanguage\":\"sv-SE\",\"potentialAction\":[{\"@type\":\"ReadAction\",\"target\":[\"https:\\\/\\\/www.topo-gps.com\\\/sv\\\/topografisk-karta-over-faroarna\\\/\"]}]},{\"@type\":\"BreadcrumbList\",\"@id\":\"https:\\\/\\\/www.topo-gps.com\\\/sv\\\/topografisk-karta-over-faroarna\\\/#breadcrumb\",\"itemListElement\":[{\"@type\":\"ListItem\",\"position\":1,\"name\":\"Home\",\"item\":\"https:\\\/\\\/www.topo-gps.com\\\/sv\\\/topo-gps\\\/\"},{\"@type\":\"ListItem\",\"position\":2,\"name\":\"Topografisk karta \u00f6ver F\u00e4r\u00f6arna\"}]},{\"@type\":\"WebSite\",\"@id\":\"https:\\\/\\\/www.topo-gps.com\\\/sv\\\/#website\",\"url\":\"https:\\\/\\\/www.topo-gps.com\\\/sv\\\/\",\"name\":\"Topo GPS\",\"description\":\"Topographic maps GPS for iPhone, Android, iPad and Apple Watch\",\"potentialAction\":[{\"@type\":\"SearchAction\",\"target\":{\"@type\":\"EntryPoint\",\"urlTemplate\":\"https:\\\/\\\/www.topo-gps.com\\\/sv\\\/?s={search_term_string}\"},\"query-input\":{\"@type\":\"PropertyValueSpecification\",\"valueRequired\":true,\"valueName\":\"search_term_string\"}}],\"inLanguage\":\"sv-SE\"}]}<\/script>\n<!-- \/ Yoast SEO plugin. -->","yoast_head_json":{"title":"Topografisk karta \u00f6ver F\u00e4r\u00f6arna - Topo GPS","robots":{"index":"index","follow":"follow","max-snippet":"max-snippet:-1","max-image-preview":"max-image-preview:large","max-video-preview":"max-video-preview:-1"},"canonical":"https:\/\/www.topo-gps.com\/sv\/topografisk-karta-over-faroarna\/","og_locale":"sv_SE","og_type":"article","og_title":"Topografisk karta \u00f6ver F\u00e4r\u00f6arna - Topo GPS","og_description":"[vc_section enable_inner=&#8221;yes&#8221; section_type=&#8221;hero&#8221; inner_margin_top=&#8221;mt-100&#8243; parallax_image_attachment=&#8221;inherit&#8221; padding_class=&#8221;wide-100&#8243; css=&#8221;.vc_custom_1649334679977{background-image: url(https:\/\/www.topo-gps.com\/wp-content\/uploads\/2022\/04\/We9BdoyS7GQT.jpg?id=18192) !important;background-position: center !important;background-repeat: no-repeat !important;background-size: cover !important;}&#8221;][vc_row parallax_image_attachment=&#8221;inherit&#8221; css=&#8221;.vc_custom_1639602296513{padding-top: 20px !important;padding-bottom: 20px !important;}&#8221;][vc_column width=&#8221;1\/2&#8243; css=&#8221;.vc_custom_1639603345318{margin-bottom: 20px !important;}&#8221;][vc_row_inner][vc_column_inner width=&#8221;1\/2&#8243; css=&#8221;.vc_custom_1639605647058{padding-top: 10px !important;padding-bottom: 10px !important;}&#8221;][\/vc_column_inner][vc_column_inner width=&#8221;1\/2&#8243; css=&#8221;.vc_custom_1639605658368{padding-top: 10px !important;padding-bottom: 10px !important;}&#8221;][\/vc_column_inner][\/vc_row_inner][\/vc_column][vc_column width=&#8221;1\/2&#8243; css=&#8221;.vc_custom_1639603183972{padding-top: 40px !important;padding-bottom: 40px !important;}&#8221;][\/vc_column][\/vc_row][\/vc_section][vc_section][vc_row][vc_column][vc_column_text]F\u00e4r\u00f6arna, som ligger i Nordatlanten, \u00e4r en unik och avl\u00e4gsen destination som erbjuder en rad utomhusaktiviteter. Med sin ol\u00e4ndiga terr\u00e4ng, or\u00f6rda natur och fantastiska kustlandskap \u00e4r F\u00e4r\u00f6arna perfekta f\u00f6r vandring, f\u00e5gelsk\u00e5dning och fiske. Vandring \u00e4r en popul\u00e4r aktivitet p\u00e5 F\u00e4r\u00f6arna, och det finns gott om v\u00e4l markerade leder som erbjuder spektakul\u00e4ra vyer \u00f6ver den dramatiska kustlinjen och fjordarna....","og_url":"https:\/\/www.topo-gps.com\/sv\/topografisk-karta-over-faroarna\/","og_site_name":"Topo GPS","article_modified_time":"2023-03-17T20:15:26+00:00","twitter_card":"summary_large_image","twitter_misc":{"Ber\u00e4knad l\u00e4stid":"6 minuter"},"schema":{"@context":"https:\/\/schema.org","@graph":[{"@type":"WebPage","@id":"https:\/\/www.topo-gps.com\/sv\/topografisk-karta-over-faroarna\/","url":"https:\/\/www.topo-gps.com\/sv\/topografisk-karta-over-faroarna\/","name":"Topografisk karta \u00f6ver F\u00e4r\u00f6arna - Topo GPS","isPartOf":{"@id":"https:\/\/www.topo-gps.com\/sv\/#website"},"datePublished":"2022-04-07T11:27:22+00:00","dateModified":"2023-03-17T20:15:26+00:00","breadcrumb":{"@id":"https:\/\/www.topo-gps.com\/sv\/topografisk-karta-over-faroarna\/#breadcrumb"},"inLanguage":"sv-SE","potentialAction":[{"@type":"ReadAction","target":["https:\/\/www.topo-gps.com\/sv\/topografisk-karta-over-faroarna\/"]}]},{"@type":"BreadcrumbList","@id":"https:\/\/www.topo-gps.com\/sv\/topografisk-karta-over-faroarna\/#breadcrumb","itemListElement":[{"@type":"ListItem","position":1,"name":"Home","item":"https:\/\/www.topo-gps.com\/sv\/topo-gps\/"},{"@type":"ListItem","position":2,"name":"Topografisk karta \u00f6ver F\u00e4r\u00f6arna"}]},{"@type":"WebSite","@id":"https:\/\/www.topo-gps.com\/sv\/#website","url":"https:\/\/www.topo-gps.com\/sv\/","name":"Topo GPS","description":"Topographic maps GPS for iPhone, Android, iPad and Apple Watch","potentialAction":[{"@type":"SearchAction","target":{"@type":"EntryPoint","urlTemplate":"https:\/\/www.topo-gps.com\/sv\/?s={search_term_string}"},"query-input":{"@type":"PropertyValueSpecification","valueRequired":true,"valueName":"search_term_string"}}],"inLanguage":"sv-SE"}]}},"_links":{"self":[{"href":"https:\/\/www.topo-gps.com\/sv\/wp-json\/wp\/v2\/pages\/17939","targetHints":{"allow":["GET"]}}],"collection":[{"href":"https:\/\/www.topo-gps.com\/sv\/wp-json\/wp\/v2\/pages"}],"about":[{"href":"https:\/\/www.topo-gps.com\/sv\/wp-json\/wp\/v2\/types\/page"}],"author":[{"embeddable":true,"href":"https:\/\/www.topo-gps.com\/sv\/wp-json\/wp\/v2\/users\/1"}],"replies":[{"embeddable":true,"href":"https:\/\/www.topo-gps.com\/sv\/wp-json\/wp\/v2\/comments?post=17939"}],"version-history":[{"count":0,"href":"https:\/\/www.topo-gps.com\/sv\/wp-json\/wp\/v2\/pages\/17939\/revisions"}],"wp:attachment":[{"href":"https:\/\/www.topo-gps.com\/sv\/wp-json\/wp\/v2\/media?parent=17939"}],"curies":[{"name":"wp","href":"https:\/\/api.w.org\/{rel}","templated":true}]}}