{"id":24068,"date":"2023-02-25T06:52:19","date_gmt":"2023-02-25T05:52:19","guid":{"rendered":"https:\/\/www.topo-gps.com\/harta-topografica-a-estoniei\/"},"modified":"2023-03-12T21:59:34","modified_gmt":"2023-03-12T20:59:34","slug":"harta-topografica-a-estoniei","status":"publish","type":"page","link":"https:\/\/www.topo-gps.com\/ro\/harta-topografica-a-estoniei\/","title":{"rendered":"Harta topografic\u0103 a Estoniei"},"content":{"rendered":"<div class=\"wpb-content-wrapper\"><p>[vc_section enable_inner=&#8221;yes&#8221; section_type=&#8221;hero&#8221; inner_margin_top=&#8221;mt-100&#8243; parallax_image_attachment=&#8221;inherit&#8221; padding_class=&#8221;wide-100&#8243; css=&#8221;.vc_custom_1649333035548{background-image: url(https:\/\/www.topo-gps.com\/wp-content\/uploads\/2022\/04\/VV2St1GGhYdT.jpg?id=18076) !important;background-position: center !important;background-repeat: no-repeat !important;background-size: cover !important;}&#8221;][vc_row parallax_image_attachment=&#8221;inherit&#8221; css=&#8221;.vc_custom_1639602296513{padding-top: 20px !important;padding-bottom: 20px !important;}&#8221;][vc_column width=&#8221;1\/2&#8243; css=&#8221;.vc_custom_1639603345318{margin-bottom: 20px !important;}&#8221;]\r\n        <div class=\"vc_custom_1649332555931  hero-txt\"> \r\n            \r\n                     \r\n            <h3 class=\"white-color h3-sm none  wow perch-fadeInUp fadeInUp\" style=\"font-weight: bold;\" data-wow-delay=\"300ms\" data-wow-duration=\"1200ms\">Harta topografic\u0103 a Estoniei pe iPhone, telefonul Android \u0219i Apple Watch<\/h3>\r\n             \r\n            \r\n                        \r\n                        \r\n            \r\n                        \r\n                        \r\n                  \r\n        <\/div>[vc_row_inner][vc_column_inner width=&#8221;1\/2&#8243; css=&#8221;.vc_custom_1639605647058{padding-top: 10px !important;padding-bottom: 10px !important;}&#8221;]\r\n        <div class=\"hero-img  wow perch-fadeInUp fadeInUp text-center\" data-wow-delay=\"300ms\" data-wow-duration=\"1200ms\"> \r\n        <a href=\"https:\/\/apps.apple.com\/gb\/app\/topo-gps\/id578960575\" target=\"_self\" class=\"vc_single_image-wrapper  \"><img loading=\"lazy\" decoding=\"async\" class=\"vc_single_image-img img-fluid\" width=\"160\" height=\"50\"  src=\"https:\/\/www.topo-gps.com\/wp-content\/themes\/appset\/images\/appstore.png\" alt=\"External image\" \/><\/a>\r\n        <\/div>[\/vc_column_inner][vc_column_inner width=&#8221;1\/2&#8243; css=&#8221;.vc_custom_1639605658368{padding-top: 10px !important;padding-bottom: 10px !important;}&#8221;]\r\n        <div class=\"hero-img  wow perch-fadeInUp fadeInUp text-center\" data-wow-delay=\"300ms\" data-wow-duration=\"1200ms\"> \r\n        <a href=\"https:\/\/play.google.com\/store\/apps\/details?id=uk.rdzl.topo.gps&amp;hl=en\" target=\"_self\" class=\"vc_single_image-wrapper  \"><img loading=\"lazy\" decoding=\"async\" class=\"vc_single_image-img img-fluid\" width=\"171\" height=\"50\"  src=\"https:\/\/www.topo-gps.com\/wp-content\/themes\/appset\/images\/googleplay.png\" alt=\"External image\" \/><\/a>\r\n        <\/div>[\/vc_column_inner][\/vc_row_inner][\/vc_column][vc_column width=&#8221;1\/2&#8243; css=&#8221;.vc_custom_1639603183972{padding-top: 40px !important;padding-bottom: 40px !important;}&#8221;]\r\n        <div class=\"hero-img  wow perch-fadeInUp fadeInUp\" data-wow-delay=\"300ms\" data-wow-duration=\"1200ms\"> \r\n        <img loading=\"lazy\" decoding=\"async\" class=\"vc_single_image-img img-fluid\" width=\"560\" height=\"604\"  src=\"https:\/\/www.topo-gps.com\/wp-content\/uploads\/2022\/04\/map-ee1.png\" alt=\"External image\" \/>\r\n        <\/div>[\/vc_column][\/vc_row][\/vc_section][vc_section][vc_row][vc_column]\r\n        <div class=\"section-title  wow perch-fadeInUp fadeInUp text-center\" data-wow-delay=\"300ms\" data-wow-duration=\"1200ms\">\r\n            <h2 class=\"h2-sm\">Cele mai bune h\u0103r\u021bi \u00een aer liber pentru Estonia<\/h2>\r\n            <p class=\"p-lg\">H\u0103r\u021bile topografice oficiale sunt cele mai bune h\u0103r\u021bi \u00een aer liber pentru Estonia.<\/p>         \r\n        <\/div>[vc_column_text]Estonia este o \u021bar\u0103 mic\u0103 situat\u0103 \u00een nordul Europei \u0219i are multe de oferit pasiona\u021bilor de aer liber. Cu p\u0103duri vaste, parcuri na\u021bionale frumoase \u0219i o coast\u0103 lung\u0103, Estonia este perfect\u0103 pentru activit\u0103\u021bi precum drume\u021bii, ciclism \u0219i sporturi nautice.<\/p>\n<p>Una dintre principalele atrac\u021bii ale Estoniei pentru activit\u0103\u021bi \u00een aer liber este Parcul Na\u021bional Lahemaa, situat pe coasta de nord a \u021b\u0103rii. Parcul are o varietate de trasee care duc prin p\u0103duri frumoase, mla\u0219tini \u0219i zone de coast\u0103, oferind vederi uimitoare ale M\u0103rii Baltice. Parcul Na\u021bional Soomaa, situat \u00een sud-vestul \u021b\u0103rii, merit\u0103 vizitat \u0219i pentru peisajul s\u0103u unic de p\u0103duri \u0219i zone umede inundate.<\/p>\n<p>Ciclismul este, de asemenea, o activitate popular\u0103 \u00een Estonia, \u021bara av\u00e2nd peste 1.200 km de trasee de ciclism. Jude\u021bul Tartu din sud-estul Estoniei ofer\u0103 unele dintre cele mai bune trasee de ciclism, pitorescul Lac Peipsi \u0219i r\u00e2ul Emaj\u00f5gi fiind destina\u021bii populare.<\/p>\n<p>Coasta lung\u0103 a Estoniei ofer\u0103, de asemenea, o gam\u0103 larg\u0103 de sporturi nautice, cum ar fi caiac, canotaj \u0219i naviga\u021bie. Numeroasele lacuri \u0219i r\u00e2uri ale \u021b\u0103rii sunt, de asemenea, grozave pentru pescuit \u0219i \u00eenot.<\/p>\n<p>\u00cen general, Estonia ofer\u0103 o varietate de activit\u0103\u021bi \u00een aer liber pentru diferite interese \u0219i niveluri de calificare, ceea ce o face o destina\u021bie excelent\u0103 pentru c\u0103ut\u0103torii de aventur\u0103 \u0219i iubitorii de natur\u0103. Cu frumuse\u021bea sa natural\u0103 uimitoare \u0219i traseele \u0219i traseele bine \u00eentre\u021binute, Estonia este o vizit\u0103 obligatorie pentru oricine caut\u0103 s\u0103 exploreze \u00een aer liber.[\/vc_column_text][\/vc_column][\/vc_row][vc_row][vc_column width=&#8221;1\/2&#8243;][vc_single_image custom_src=&#8221;https:\/\/www.topo-gps.com\/wp-content\/uploads\/2022\/04\/map-ee2.jpg&#8221; external_img_size=&#8221;391&#215;600&#8243; alignment=&#8221;center&#8221;][\/vc_column][vc_column width=&#8221;1\/2&#8243;][vc_row_inner][vc_column_inner width=&#8221;1\/2&#8243;]\r\n        <div class=\"wow perch-fadeInUp fadeInUp fbox\" data-wow-delay=\"300ms\" data-wow-duration=\"1200ms\"> \r\n            <div class=\"fbox grey-color-box\">\r\n                <div class=\"grey-color-icon b-icon box-icon-md\"><span class=\" grey-color\"><\/span><\/div>  \r\n                <div class=\"fbox-txt\">    \r\n                    <h5 class=\"h5-sm\">Harta topografica<\/h5>\r\n                    <p class=\"grey-color\">O hart\u0103 topografic\u0103 con\u021bine multe detalii precum contururile de \u00een\u0103l\u021bime, drumurile mici \u0219i utilizarea terenului \u0219i este astfel ideal\u0103 pentru navigarea \u00een aer liber.<\/p>\r\n                    \r\n                <\/div> \r\n            <\/div>        \r\n        <\/div>\r\n        <div class=\"wow perch-fadeInUp fadeInUp fbox\" data-wow-delay=\"300ms\" data-wow-duration=\"1200ms\"> \r\n            <div class=\"fbox grey-color-box\">\r\n                <div class=\"grey-color-icon b-icon box-icon-md\"><span class=\" grey-color\"><\/span><\/div>  \r\n                <div class=\"fbox-txt\">    \r\n                    <h5 class=\"h5-sm\">Harta de baz\u0103 a Estoniei<\/h5>\r\n                    <p class=\"grey-color\">\u00cen aplica\u021bia Topo GPS pute\u021bi achizi\u021biona cea mai bun\u0103 hart\u0103 topografic\u0103 a Estoniei, harta de baz\u0103. Aceast\u0103 hart\u0103 este realizat\u0103 de Consiliul Teren Estonian.<\/p>\r\n                    \r\n                <\/div> \r\n            <\/div>        \r\n        <\/div>\r\n        <div class=\"wow perch-fadeInUp fadeInUp fbox\" data-wow-delay=\"300ms\" data-wow-duration=\"1200ms\"> \r\n            <div class=\"fbox grey-color-box\">\r\n                <div class=\"grey-color-icon b-icon box-icon-md\"><span class=\" grey-color\"><\/span><\/div>  \r\n                <div class=\"fbox-txt\">    \r\n                    <h5 class=\"h5-sm\">Pre\u021buri<\/h5>\r\n                    <p class=\"grey-color\">Accesul complet la harta topografic\u0103 complet\u0103 a Estoniei cost\u0103 3,99 EUR. Aceasta este o achizi\u021bie unic\u0103. Sunt incluse actualiz\u0103ri viitoare gratuite. Harta este disponibil\u0103 pe toate dispozitivele care utilizeaz\u0103 acela\u0219i ID Apple sau cont Google Play.<\/p>\r\n                    \r\n                <\/div> \r\n            <\/div>        \r\n        <\/div>[\/vc_column_inner][vc_column_inner width=&#8221;1\/2&#8243;]\r\n        <div class=\"wow perch-fadeInUp fadeInUp fbox\" data-wow-delay=\"300ms\" data-wow-duration=\"1200ms\"> \r\n            <div class=\"fbox grey-color-box\">\r\n                <div class=\"grey-color-icon b-icon box-icon-md\"><span class=\" grey-color\"><\/span><\/div>  \r\n                <div class=\"fbox-txt\">    \r\n                    <h5 class=\"h5-sm\">H\u0103r\u021bi offline<\/h5>\r\n                    <p class=\"grey-color\">Pute\u021bi face h\u0103r\u021bile topografice disponibile offline. \u00cen acest fel sunte\u021bi sigur c\u0103 h\u0103r\u021bile de care ave\u021bi nevoie sunt \u00eentotdeauna accesibile.<\/p>\r\n                    \r\n                <\/div> \r\n            <\/div>        \r\n        <\/div>\r\n        <div class=\"wow perch-fadeInUp fadeInUp fbox\" data-wow-delay=\"300ms\" data-wow-duration=\"1200ms\"> \r\n            <div class=\"fbox grey-color-box\">\r\n                <div class=\"grey-color-icon b-icon box-icon-md\"><span class=\" grey-color\"><\/span><\/div>  \r\n                <div class=\"fbox-txt\">    \r\n                    <h5 class=\"h5-sm\">Legend\u0103 clar\u0103<\/h5>\r\n                    <p class=\"grey-color\">Harta topografic\u0103 are o legend\u0103 clar\u0103 cu explica\u021bii pentru toate simbolurile.<\/p>\r\n                    \r\n                <\/div> \r\n            <\/div>        \r\n        <\/div>\r\n        <div class=\"wow perch-fadeInUp fadeInUp fbox\" data-wow-delay=\"300ms\" data-wow-duration=\"1200ms\"> \r\n            <div class=\"fbox grey-color-box\">\r\n                <div class=\"grey-color-icon b-icon box-icon-md\"><span class=\" grey-color\"><\/span><\/div>  \r\n                <div class=\"fbox-txt\">    \r\n                    <h5 class=\"h5-sm\">Aplica\u021bia Topo GPS<\/h5>\r\n                    <p class=\"grey-color\">Aplica\u021bia Topo GPS ofer\u0103 multe func\u021bii utile suplimentare pentru harta topografic\u0103. Cum ar fi navigarea, \u00eenc\u0103rcarea, planificarea \u0219i urm\u0103rirea rutelor \u0219i ad\u0103ugarea de puncte pe hart\u0103. Topo GPS con\u021bine toate func\u021biile unui dispozitiv GPS obi\u0219nuit.<\/p>\r\n                    \r\n                <\/div> \r\n            <\/div>        \r\n        <\/div>[\/vc_column_inner][\/vc_row_inner][\/vc_column][\/vc_row][\/vc_section][vc_section][vc_row][vc_column]\r\n        <div class=\"section-title  wow perch-fadeInUp fadeInUp text-center\" data-wow-delay=\"300ms\" data-wow-duration=\"1200ms\">\r\n            <h2 class=\"h2-sm\">Ce hart\u0103 ai prefera s\u0103 explorezi \u00een aer liber?<\/h2>\r\n            <p class=\"p-lg\">Compara\u021bi-v\u0103<\/p>         \r\n        <\/div>[vc_row_inner][vc_column_inner width=&#8221;1\/3&#8243;][vc_column_text]<\/p>\n<h3 style=\"text-align: center;\">H\u0103r\u021bi Google<\/h3>\n<p>[\/vc_column_text][vc_single_image custom_src=&#8221;https:\/\/www.topo-gps.com\/wp-content\/uploads\/2022\/04\/ee-gm.jpg&#8221; external_img_size=&#8221;277&#215;560&#8243; alignment=&#8221;center&#8221;][\/vc_column_inner][vc_column_inner width=&#8221;1\/3&#8243;][vc_column_text]<\/p>\n<h3 style=\"text-align: center;\">OpenStreetMap<\/h3>\n<p>[\/vc_column_text][vc_single_image custom_src=&#8221;https:\/\/www.topo-gps.com\/wp-content\/uploads\/2022\/04\/ee-osm.jpg&#8221; external_img_size=&#8221;277&#215;560&#8243; alignment=&#8221;center&#8221;][\/vc_column_inner][vc_column_inner width=&#8221;1\/3&#8243;][vc_column_text]<\/p>\n<h3 style=\"text-align: center;\">Harta topografica<\/h3>\n<p>[\/vc_column_text][vc_single_image custom_src=&#8221;https:\/\/www.topo-gps.com\/wp-content\/uploads\/2022\/04\/ee-tg.jpg&#8221; external_img_size=&#8221;277&#215;560&#8243; alignment=&#8221;center&#8221;][\/vc_column_inner][\/vc_row_inner][\/vc_column][\/vc_row][\/vc_section][vc_section section_type=&#8221;hero&#8221; hero_type=&#8221;1&#8243; parallax_image_attachment=&#8221;fixed&#8221; padding_class=&#8221;&#8221;][vc_row content_placement=&#8221;&#8221; parallax_image_attachment=&#8221;inherit&#8221;][vc_column width=&#8221;1\/2&#8243; column_inner_style=&#8221;hero-txt&#8221; hero_txt_type=&#8221;1&#8243;]\r\n        <div class=\"hero-txt\"> \r\n            \r\n            <h2 class=\" wow perch-fadeInUp fadeInUp\" data-wow-delay=\"300ms\" data-wow-duration=\"1200ms\">Topo GPS<\/h2>         \r\n            <h3 class=\"h3-sm  wow perch-fadeInUp fadeInUp\" data-wow-delay=\"400ms\" data-wow-duration=\"1200ms\">Transform\u0103-\u021bi iPhone-ul, telefonul Android sau tableta \u00eentr-un dispozitiv GPS complet cu h\u0103r\u021bi topografice disponibile offline.<\/h3>\r\n             \r\n            \r\n                        \r\n                        \r\n            \r\n                        \r\n                        \r\n                  \r\n        <\/div>[vc_row_inner][vc_column_inner width=&#8221;1\/2&#8243; css=&#8221;.vc_custom_1639605647058{padding-top: 10px !important;padding-bottom: 10px !important;}&#8221;]\r\n        <div class=\"hero-img  wow perch-fadeInUp fadeInUp text-center\" data-wow-delay=\"300ms\" data-wow-duration=\"1200ms\"> \r\n        <a href=\"https:\/\/apps.apple.com\/gb\/app\/topo-gps\/id578960575\" target=\"_self\" class=\"vc_single_image-wrapper  \"><img loading=\"lazy\" decoding=\"async\" class=\"vc_single_image-img img-fluid\" width=\"160\" height=\"50\"  src=\"https:\/\/www.topo-gps.com\/wp-content\/themes\/appset\/images\/appstore.png\" alt=\"External image\" \/><\/a>\r\n        <\/div>[\/vc_column_inner][vc_column_inner width=&#8221;1\/2&#8243; css=&#8221;.vc_custom_1639605658368{padding-top: 10px !important;padding-bottom: 10px !important;}&#8221;]\r\n        <div class=\"hero-img  wow perch-fadeInUp fadeInUp text-center\" data-wow-delay=\"300ms\" data-wow-duration=\"1200ms\"> \r\n        <a href=\"https:\/\/play.google.com\/store\/apps\/details?id=uk.rdzl.topo.gps&amp;hl=en\" target=\"_self\" class=\"vc_single_image-wrapper  \"><img loading=\"lazy\" decoding=\"async\" class=\"vc_single_image-img img-fluid\" width=\"171\" height=\"50\"  src=\"https:\/\/www.topo-gps.com\/wp-content\/themes\/appset\/images\/googleplay.png\" alt=\"External image\" \/><\/a>\r\n        <\/div>[\/vc_column_inner][\/vc_row_inner][\/vc_column][vc_column width=&#8221;1\/2&#8243;]\r\n        <div class=\"wow perch-fadeInRight fadeInRight hero-1-img\" data-wow-delay=\"300ms\" data-wow-duration=\"1200ms\"> \r\n        <img decoding=\"async\" class=\"vc_single_image-img img-fluid\"  src=\"https:\/\/www.topo-gps.com\/wp-content\/uploads\/2022\/04\/main-ee1.png\" alt=\"External image\" \/>\r\n        <\/div>[\/vc_column][\/vc_row][\/vc_section]<\/p>\n<\/div>","protected":false},"excerpt":{"rendered":"<p>[vc_section enable_inner=&#8221;yes&#8221; section_type=&#8221;hero&#8221; inner_margin_top=&#8221;mt-100&#8243; parallax_image_attachment=&#8221;inherit&#8221; padding_class=&#8221;wide-100&#8243; css=&#8221;.vc_custom_1649333035548{background-image: url(https:\/\/www.topo-gps.com\/wp-content\/uploads\/2022\/04\/VV2St1GGhYdT.jpg?id=18076) !important;background-position: center !important;background-repeat: no-repeat !important;background-size: cover !important;}&#8221;][vc_row parallax_image_attachment=&#8221;inherit&#8221; css=&#8221;.vc_custom_1639602296513{padding-top: 20px !important;padding-bottom: 20px !important;}&#8221;][vc_column width=&#8221;1\/2&#8243; css=&#8221;.vc_custom_1639603345318{margin-bottom: 20px !important;}&#8221;][vc_row_inner][vc_column_inner width=&#8221;1\/2&#8243; css=&#8221;.vc_custom_1639605647058{padding-top: 10px !important;padding-bottom: 10px !important;}&#8221;][\/vc_column_inner][vc_column_inner width=&#8221;1\/2&#8243; css=&#8221;.vc_custom_1639605658368{padding-top: 10px !important;padding-bottom: 10px !important;}&#8221;][\/vc_column_inner][\/vc_row_inner][\/vc_column][vc_column width=&#8221;1\/2&#8243; css=&#8221;.vc_custom_1639603183972{padding-top: 40px !important;padding-bottom: 40px !important;}&#8221;][\/vc_column][\/vc_row][\/vc_section][vc_section][vc_row][vc_column][vc_column_text]Estonia este o \u021bar\u0103 mic\u0103 situat\u0103 \u00een nordul Europei \u0219i are multe de oferit pasiona\u021bilor de aer liber. Cu p\u0103duri vaste, parcuri na\u021bionale frumoase \u0219i o coast\u0103 lung\u0103, Estonia este perfect\u0103 pentru activit\u0103\u021bi precum drume\u021bii, ciclism \u0219i sporturi nautice. Una dintre principalele atrac\u021bii ale Estoniei pentru activit\u0103\u021bi \u00een aer liber este Parcul Na\u021bional Lahemaa, situat pe coasta de&#8230;<\/p>\n","protected":false},"author":1,"featured_media":0,"parent":0,"menu_order":0,"comment_status":"closed","ping_status":"closed","template":"","meta":{"footnotes":""},"class_list":["post-24068","page","type-page","status-publish","hentry","no-post-thumbnail"],"yoast_head":"<!-- This site is optimized with the Yoast SEO plugin v27.5 - https:\/\/yoast.com\/product\/yoast-seo-wordpress\/ -->\n<title>Harta topografic\u0103 a Estoniei - Topo GPS<\/title>\n<meta name=\"robots\" content=\"index, follow, max-snippet:-1, max-image-preview:large, max-video-preview:-1\" \/>\n<link rel=\"canonical\" href=\"https:\/\/www.topo-gps.com\/ro\/harta-topografica-a-estoniei\/\" \/>\n<meta property=\"og:locale\" content=\"ro_RO\" \/>\n<meta property=\"og:type\" content=\"article\" \/>\n<meta property=\"og:title\" content=\"Harta topografic\u0103 a Estoniei - Topo GPS\" \/>\n<meta property=\"og:description\" content=\"[vc_section enable_inner=&#8221;yes&#8221; section_type=&#8221;hero&#8221; inner_margin_top=&#8221;mt-100&#8243; parallax_image_attachment=&#8221;inherit&#8221; padding_class=&#8221;wide-100&#8243; css=&#8221;.vc_custom_1649333035548{background-image: url(https:\/\/www.topo-gps.com\/wp-content\/uploads\/2022\/04\/VV2St1GGhYdT.jpg?id=18076) !important;background-position: center !important;background-repeat: no-repeat !important;background-size: cover !important;}&#8221;][vc_row parallax_image_attachment=&#8221;inherit&#8221; css=&#8221;.vc_custom_1639602296513{padding-top: 20px !important;padding-bottom: 20px !important;}&#8221;][vc_column width=&#8221;1\/2&#8243; css=&#8221;.vc_custom_1639603345318{margin-bottom: 20px !important;}&#8221;][vc_row_inner][vc_column_inner width=&#8221;1\/2&#8243; css=&#8221;.vc_custom_1639605647058{padding-top: 10px !important;padding-bottom: 10px !important;}&#8221;][\/vc_column_inner][vc_column_inner width=&#8221;1\/2&#8243; css=&#8221;.vc_custom_1639605658368{padding-top: 10px !important;padding-bottom: 10px !important;}&#8221;][\/vc_column_inner][\/vc_row_inner][\/vc_column][vc_column width=&#8221;1\/2&#8243; css=&#8221;.vc_custom_1639603183972{padding-top: 40px !important;padding-bottom: 40px !important;}&#8221;][\/vc_column][\/vc_row][\/vc_section][vc_section][vc_row][vc_column][vc_column_text]Estonia este o \u021bar\u0103 mic\u0103 situat\u0103 \u00een nordul Europei \u0219i are multe de oferit pasiona\u021bilor de aer liber. Cu p\u0103duri vaste, parcuri na\u021bionale frumoase \u0219i o coast\u0103 lung\u0103, Estonia este perfect\u0103 pentru activit\u0103\u021bi precum drume\u021bii, ciclism \u0219i sporturi nautice. Una dintre principalele atrac\u021bii ale Estoniei pentru activit\u0103\u021bi \u00een aer liber este Parcul Na\u021bional Lahemaa, situat pe coasta de...\" \/>\n<meta property=\"og:url\" content=\"https:\/\/www.topo-gps.com\/ro\/harta-topografica-a-estoniei\/\" \/>\n<meta property=\"og:site_name\" content=\"Topo GPS\" \/>\n<meta property=\"article:modified_time\" content=\"2023-03-12T20:59:34+00:00\" \/>\n<meta name=\"twitter:card\" content=\"summary_large_image\" \/>\n<meta name=\"twitter:label1\" content=\"Timp estimat pentru citire\" \/>\n\t<meta name=\"twitter:data1\" content=\"6 minute\" \/>\n<script type=\"application\/ld+json\" class=\"yoast-schema-graph\">{\"@context\":\"https:\\\/\\\/schema.org\",\"@graph\":[{\"@type\":\"WebPage\",\"@id\":\"https:\\\/\\\/www.topo-gps.com\\\/ro\\\/harta-topografica-a-estoniei\\\/\",\"url\":\"https:\\\/\\\/www.topo-gps.com\\\/ro\\\/harta-topografica-a-estoniei\\\/\",\"name\":\"Harta topografic\u0103 a Estoniei - Topo GPS\",\"isPartOf\":{\"@id\":\"https:\\\/\\\/www.topo-gps.com\\\/ro\\\/#website\"},\"datePublished\":\"2023-02-25T05:52:19+00:00\",\"dateModified\":\"2023-03-12T20:59:34+00:00\",\"breadcrumb\":{\"@id\":\"https:\\\/\\\/www.topo-gps.com\\\/ro\\\/harta-topografica-a-estoniei\\\/#breadcrumb\"},\"inLanguage\":\"ro-RO\",\"potentialAction\":[{\"@type\":\"ReadAction\",\"target\":[\"https:\\\/\\\/www.topo-gps.com\\\/ro\\\/harta-topografica-a-estoniei\\\/\"]}]},{\"@type\":\"BreadcrumbList\",\"@id\":\"https:\\\/\\\/www.topo-gps.com\\\/ro\\\/harta-topografica-a-estoniei\\\/#breadcrumb\",\"itemListElement\":[{\"@type\":\"ListItem\",\"position\":1,\"name\":\"Home\",\"item\":\"https:\\\/\\\/www.topo-gps.com\\\/ro\\\/aplicatie-de-harti-topografice-pentru-iphone-android-si-apple-watch\\\/\"},{\"@type\":\"ListItem\",\"position\":2,\"name\":\"Harta topografic\u0103 a Estoniei\"}]},{\"@type\":\"WebSite\",\"@id\":\"https:\\\/\\\/www.topo-gps.com\\\/ro\\\/#website\",\"url\":\"https:\\\/\\\/www.topo-gps.com\\\/ro\\\/\",\"name\":\"Topo GPS\",\"description\":\"Topographic maps GPS for iPhone, Android, iPad and Apple Watch\",\"potentialAction\":[{\"@type\":\"SearchAction\",\"target\":{\"@type\":\"EntryPoint\",\"urlTemplate\":\"https:\\\/\\\/www.topo-gps.com\\\/ro\\\/?s={search_term_string}\"},\"query-input\":{\"@type\":\"PropertyValueSpecification\",\"valueRequired\":true,\"valueName\":\"search_term_string\"}}],\"inLanguage\":\"ro-RO\"}]}<\/script>\n<!-- \/ Yoast SEO plugin. -->","yoast_head_json":{"title":"Harta topografic\u0103 a Estoniei - Topo GPS","robots":{"index":"index","follow":"follow","max-snippet":"max-snippet:-1","max-image-preview":"max-image-preview:large","max-video-preview":"max-video-preview:-1"},"canonical":"https:\/\/www.topo-gps.com\/ro\/harta-topografica-a-estoniei\/","og_locale":"ro_RO","og_type":"article","og_title":"Harta topografic\u0103 a Estoniei - Topo GPS","og_description":"[vc_section enable_inner=&#8221;yes&#8221; section_type=&#8221;hero&#8221; inner_margin_top=&#8221;mt-100&#8243; parallax_image_attachment=&#8221;inherit&#8221; padding_class=&#8221;wide-100&#8243; css=&#8221;.vc_custom_1649333035548{background-image: url(https:\/\/www.topo-gps.com\/wp-content\/uploads\/2022\/04\/VV2St1GGhYdT.jpg?id=18076) !important;background-position: center !important;background-repeat: no-repeat !important;background-size: cover !important;}&#8221;][vc_row parallax_image_attachment=&#8221;inherit&#8221; css=&#8221;.vc_custom_1639602296513{padding-top: 20px !important;padding-bottom: 20px !important;}&#8221;][vc_column width=&#8221;1\/2&#8243; css=&#8221;.vc_custom_1639603345318{margin-bottom: 20px !important;}&#8221;][vc_row_inner][vc_column_inner width=&#8221;1\/2&#8243; css=&#8221;.vc_custom_1639605647058{padding-top: 10px !important;padding-bottom: 10px !important;}&#8221;][\/vc_column_inner][vc_column_inner width=&#8221;1\/2&#8243; css=&#8221;.vc_custom_1639605658368{padding-top: 10px !important;padding-bottom: 10px !important;}&#8221;][\/vc_column_inner][\/vc_row_inner][\/vc_column][vc_column width=&#8221;1\/2&#8243; css=&#8221;.vc_custom_1639603183972{padding-top: 40px !important;padding-bottom: 40px !important;}&#8221;][\/vc_column][\/vc_row][\/vc_section][vc_section][vc_row][vc_column][vc_column_text]Estonia este o \u021bar\u0103 mic\u0103 situat\u0103 \u00een nordul Europei \u0219i are multe de oferit pasiona\u021bilor de aer liber. Cu p\u0103duri vaste, parcuri na\u021bionale frumoase \u0219i o coast\u0103 lung\u0103, Estonia este perfect\u0103 pentru activit\u0103\u021bi precum drume\u021bii, ciclism \u0219i sporturi nautice. Una dintre principalele atrac\u021bii ale Estoniei pentru activit\u0103\u021bi \u00een aer liber este Parcul Na\u021bional Lahemaa, situat pe coasta de...","og_url":"https:\/\/www.topo-gps.com\/ro\/harta-topografica-a-estoniei\/","og_site_name":"Topo GPS","article_modified_time":"2023-03-12T20:59:34+00:00","twitter_card":"summary_large_image","twitter_misc":{"Timp estimat pentru citire":"6 minute"},"schema":{"@context":"https:\/\/schema.org","@graph":[{"@type":"WebPage","@id":"https:\/\/www.topo-gps.com\/ro\/harta-topografica-a-estoniei\/","url":"https:\/\/www.topo-gps.com\/ro\/harta-topografica-a-estoniei\/","name":"Harta topografic\u0103 a Estoniei - Topo GPS","isPartOf":{"@id":"https:\/\/www.topo-gps.com\/ro\/#website"},"datePublished":"2023-02-25T05:52:19+00:00","dateModified":"2023-03-12T20:59:34+00:00","breadcrumb":{"@id":"https:\/\/www.topo-gps.com\/ro\/harta-topografica-a-estoniei\/#breadcrumb"},"inLanguage":"ro-RO","potentialAction":[{"@type":"ReadAction","target":["https:\/\/www.topo-gps.com\/ro\/harta-topografica-a-estoniei\/"]}]},{"@type":"BreadcrumbList","@id":"https:\/\/www.topo-gps.com\/ro\/harta-topografica-a-estoniei\/#breadcrumb","itemListElement":[{"@type":"ListItem","position":1,"name":"Home","item":"https:\/\/www.topo-gps.com\/ro\/aplicatie-de-harti-topografice-pentru-iphone-android-si-apple-watch\/"},{"@type":"ListItem","position":2,"name":"Harta topografic\u0103 a Estoniei"}]},{"@type":"WebSite","@id":"https:\/\/www.topo-gps.com\/ro\/#website","url":"https:\/\/www.topo-gps.com\/ro\/","name":"Topo GPS","description":"Topographic maps GPS for iPhone, Android, iPad and Apple Watch","potentialAction":[{"@type":"SearchAction","target":{"@type":"EntryPoint","urlTemplate":"https:\/\/www.topo-gps.com\/ro\/?s={search_term_string}"},"query-input":{"@type":"PropertyValueSpecification","valueRequired":true,"valueName":"search_term_string"}}],"inLanguage":"ro-RO"}]}},"_links":{"self":[{"href":"https:\/\/www.topo-gps.com\/ro\/wp-json\/wp\/v2\/pages\/24068","targetHints":{"allow":["GET"]}}],"collection":[{"href":"https:\/\/www.topo-gps.com\/ro\/wp-json\/wp\/v2\/pages"}],"about":[{"href":"https:\/\/www.topo-gps.com\/ro\/wp-json\/wp\/v2\/types\/page"}],"author":[{"embeddable":true,"href":"https:\/\/www.topo-gps.com\/ro\/wp-json\/wp\/v2\/users\/1"}],"replies":[{"embeddable":true,"href":"https:\/\/www.topo-gps.com\/ro\/wp-json\/wp\/v2\/comments?post=24068"}],"version-history":[{"count":0,"href":"https:\/\/www.topo-gps.com\/ro\/wp-json\/wp\/v2\/pages\/24068\/revisions"}],"wp:attachment":[{"href":"https:\/\/www.topo-gps.com\/ro\/wp-json\/wp\/v2\/media?parent=24068"}],"curies":[{"name":"wp","href":"https:\/\/api.w.org\/{rel}","templated":true}]}}