{"id":24022,"date":"2023-02-25T06:51:49","date_gmt":"2023-02-25T05:51:49","guid":{"rendered":"https:\/\/www.topo-gps.com\/harta-topografica-a-cehiei\/"},"modified":"2023-03-12T21:53:30","modified_gmt":"2023-03-12T20:53:30","slug":"harta-topografica-a-cehiei","status":"publish","type":"page","link":"https:\/\/www.topo-gps.com\/ro\/harta-topografica-a-cehiei\/","title":{"rendered":"Harta topografic\u0103 a Cehiei"},"content":{"rendered":"<div class=\"wpb-content-wrapper\"><p>[vc_section enable_inner=&#8221;yes&#8221; section_type=&#8221;hero&#8221; inner_margin_top=&#8221;mt-100&#8243; parallax_image_attachment=&#8221;inherit&#8221; padding_class=&#8221;wide-100&#8243; css=&#8221;.vc_custom_1649331907724{background-image: url(https:\/\/www.topo-gps.com\/wp-content\/uploads\/2022\/04\/cz-cropped.jpg?id=17981) !important;background-position: center !important;background-repeat: no-repeat !important;background-size: cover !important;}&#8221;][vc_row parallax_image_attachment=&#8221;inherit&#8221; css=&#8221;.vc_custom_1639602296513{padding-top: 20px !important;padding-bottom: 20px !important;}&#8221;][vc_column width=&#8221;1\/2&#8243; css=&#8221;.vc_custom_1639603345318{margin-bottom: 20px !important;}&#8221;]\r\n        <div class=\"vc_custom_1649331184200  hero-txt\"> \r\n            \r\n                     \r\n            <h3 class=\"white-color h3-sm none  wow perch-fadeInUp fadeInUp\" style=\"font-weight: bold;\" data-wow-delay=\"300ms\" data-wow-duration=\"1200ms\">Harta topografic\u0103 a Cehiei pe iPhone, telefonul Android \u0219i Apple Watch<\/h3>\r\n             \r\n            \r\n                        \r\n                        \r\n            \r\n                        \r\n                        \r\n                  \r\n        <\/div>[vc_row_inner][vc_column_inner width=&#8221;1\/2&#8243; css=&#8221;.vc_custom_1639605647058{padding-top: 10px !important;padding-bottom: 10px !important;}&#8221;]\r\n        <div class=\"hero-img  wow perch-fadeInUp fadeInUp text-center\" data-wow-delay=\"300ms\" data-wow-duration=\"1200ms\"> \r\n        <a href=\"https:\/\/apps.apple.com\/gb\/app\/topo-gps\/id578960575\" target=\"_self\" class=\"vc_single_image-wrapper  \"><img loading=\"lazy\" decoding=\"async\" class=\"vc_single_image-img img-fluid\" width=\"160\" height=\"50\"  src=\"https:\/\/www.topo-gps.com\/wp-content\/themes\/appset\/images\/appstore.png\" alt=\"External image\" \/><\/a>\r\n        <\/div>[\/vc_column_inner][vc_column_inner width=&#8221;1\/2&#8243; css=&#8221;.vc_custom_1639605658368{padding-top: 10px !important;padding-bottom: 10px !important;}&#8221;]\r\n        <div class=\"hero-img  wow perch-fadeInUp fadeInUp text-center\" data-wow-delay=\"300ms\" data-wow-duration=\"1200ms\"> \r\n        <a href=\"https:\/\/play.google.com\/store\/apps\/details?id=uk.rdzl.topo.gps&amp;hl=en\" target=\"_self\" class=\"vc_single_image-wrapper  \"><img loading=\"lazy\" decoding=\"async\" class=\"vc_single_image-img img-fluid\" width=\"171\" height=\"50\"  src=\"https:\/\/www.topo-gps.com\/wp-content\/themes\/appset\/images\/googleplay.png\" alt=\"External image\" \/><\/a>\r\n        <\/div>[\/vc_column_inner][\/vc_row_inner][\/vc_column][vc_column width=&#8221;1\/2&#8243; css=&#8221;.vc_custom_1639603183972{padding-top: 40px !important;padding-bottom: 40px !important;}&#8221;]\r\n        <div class=\"hero-img  wow perch-fadeInUp fadeInUp\" data-wow-delay=\"300ms\" data-wow-duration=\"1200ms\"> \r\n        <img loading=\"lazy\" decoding=\"async\" class=\"vc_single_image-img img-fluid\" width=\"560\" height=\"604\"  src=\"https:\/\/www.topo-gps.com\/wp-content\/uploads\/2022\/04\/map-cz1.png\" alt=\"External image\" \/>\r\n        <\/div>[\/vc_column][\/vc_row][\/vc_section][vc_section][vc_row][vc_column]\r\n        <div class=\"section-title  wow perch-fadeInUp fadeInUp text-center\" data-wow-delay=\"300ms\" data-wow-duration=\"1200ms\">\r\n            <h2 class=\"h2-sm\">H\u0103r\u021bi bune \u00een aer liber pentru Cehia<\/h2>\r\n            <p class=\"p-lg\">H\u0103r\u021bile topografice oficiale sunt cele mai potrivite h\u0103r\u021bi \u00een aer liber pentru Cehia.<\/p>         \r\n        <\/div>[vc_column_text]Republica Ceh\u0103 este o destina\u021bie excelent\u0103 pentru activit\u0103\u021bi \u00een aer liber, \u00een special schi. \u021aara are mai multe sta\u021biuni de schi cu o gam\u0103 larg\u0103 de p\u00e2rtii at\u00e2t pentru \u00eencep\u0103tori, c\u00e2t \u0219i pentru cei avansa\u021bi. \u00cen afar\u0103 de schi, exist\u0103 o mul\u021bime de oportunit\u0103\u021bi pentru drume\u021bii, \u00een special \u00een Parcul Na\u021bional Elve\u021bia Boemic\u0103 \u0219i Parcul Na\u021bional Krkono\u0161e. Primul are forma\u021biuni unice de gresie \u0219i trasee bine marcate, \u00een timp ce cel de-al doilea ofer\u0103 drume\u021bii provocatoare, cu vederi uimitoare ale celor mai \u00eenal\u021bi mun\u021bi din \u021bar\u0103.<\/p>\n<p>\u00cen timp ce explora\u021bi activit\u0103\u021bile \u00een aer liber ale Republicii Cehe, este esen\u021bial s\u0103 fi\u021bi bine preg\u0103ti\u021bi \u0219i s\u0103 v\u0103 planifica\u021bi traseul \u00een avans. Aduce\u021bi o hart\u0103 a zonei \u0219i familiariza\u021bi-v\u0103 cu traseele pe care le ve\u021bi parcurge. Asigura\u021bi-v\u0103 c\u0103 verifica\u021bi prognoza meteo \u00eenainte de a pleca \u0219i \u00eempacheta\u021bi echipamentul \u0219i \u00eembr\u0103c\u0103mintea necesare pentru condi\u021bii. \u00cen plus, este recomandabil s\u0103 faci drume\u021bii sau s\u0103 schiezi cu un partener sau un grup \u0219i s\u0103 anun\u021bi pe cineva ruta planificat\u0103 \u0219i ora estimat\u0103 de \u00eentoarcere.<\/p>\n<p>\u00cen general, Republica Ceh\u0103 ofer\u0103 o multitudine de activit\u0103\u021bi \u00een aer liber care se adreseaz\u0103 diferitelor interese \u0219i niveluri de calificare. Indiferent dac\u0103 schiezi pe versan\u021bii unui munte sau faci drume\u021bii printr-un parc na\u021bional, frumuse\u021bea natural\u0103 a \u021b\u0103rii va impresiona cu siguran\u021b\u0103. \u0218i u\u0219or de navigat cu Topo GPS.[\/vc_column_text][\/vc_column][\/vc_row][vc_row][vc_column width=&#8221;1\/2&#8243;][vc_single_image custom_src=&#8221;https:\/\/www.topo-gps.com\/wp-content\/uploads\/2022\/04\/cz-map2.jpg&#8221; external_img_size=&#8221;391&#215;600&#8243; alignment=&#8221;center&#8221;][\/vc_column][vc_column width=&#8221;1\/2&#8243;][vc_row_inner][vc_column_inner width=&#8221;1\/2&#8243;]\r\n        <div class=\"wow perch-fadeInUp fadeInUp fbox\" data-wow-delay=\"300ms\" data-wow-duration=\"1200ms\"> \r\n            <div class=\"fbox grey-color-box\">\r\n                <div class=\"grey-color-icon b-icon box-icon-md\"><span class=\" grey-color\"><\/span><\/div>  \r\n                <div class=\"fbox-txt\">    \r\n                    <h5 class=\"h5-sm\">Harta topografica<\/h5>\r\n                    <p class=\"grey-color\">O hart\u0103 topografic\u0103 con\u021bine multe detalii precum contururile de \u00een\u0103l\u021bime, drumurile mici \u0219i utilizarea terenului \u0219i este astfel ideal\u0103 pentru navigarea \u00een aer liber.<\/p>\r\n                    \r\n                <\/div> \r\n            <\/div>        \r\n        <\/div>\r\n        <div class=\"wow perch-fadeInUp fadeInUp fbox\" data-wow-delay=\"300ms\" data-wow-duration=\"1200ms\"> \r\n            <div class=\"fbox grey-color-box\">\r\n                <div class=\"grey-color-icon b-icon box-icon-md\"><span class=\" grey-color\"><\/span><\/div>  \r\n                <div class=\"fbox-txt\">    \r\n                    <h5 class=\"h5-sm\">ZM 50<\/h5>\r\n                    <p class=\"grey-color\">\u00cen aplica\u021bia Topo GPS pute\u021bi achizi\u021biona harta topografic\u0103 ZM 50 a Republicii Cehe la scara 1:50.000. ZM 50 este produs de \u010c\u00daZK, organiza\u021bia na\u021bional\u0103 de cartografiere a Republicii Cehe.<\/p>\r\n                    \r\n                <\/div> \r\n            <\/div>        \r\n        <\/div>\r\n        <div class=\"wow perch-fadeInUp fadeInUp fbox\" data-wow-delay=\"300ms\" data-wow-duration=\"1200ms\"> \r\n            <div class=\"fbox grey-color-box\">\r\n                <div class=\"grey-color-icon b-icon box-icon-md\"><span class=\" grey-color\"><\/span><\/div>  \r\n                <div class=\"fbox-txt\">    \r\n                    <h5 class=\"h5-sm\">Pre\u021buri<\/h5>\r\n                    <p class=\"grey-color\">Accesul complet la harta topografic\u0103 ZM 50 complet\u0103 a Republicii Cehe \u00een Topo GPS cost\u0103 3,99 EUR. Aceasta este o achizi\u021bie unic\u0103 \u0219i include actualiz\u0103ri viitoare. Harta este disponibil\u0103 pe toate dispozitivele care au acela\u0219i ID Apple sau cont Google Play.<\/p>\r\n                    \r\n                <\/div> \r\n            <\/div>        \r\n        <\/div>[\/vc_column_inner][vc_column_inner width=&#8221;1\/2&#8243;]\r\n        <div class=\"wow perch-fadeInUp fadeInUp fbox\" data-wow-delay=\"300ms\" data-wow-duration=\"1200ms\"> \r\n            <div class=\"fbox grey-color-box\">\r\n                <div class=\"grey-color-icon b-icon box-icon-md\"><span class=\" grey-color\"><\/span><\/div>  \r\n                <div class=\"fbox-txt\">    \r\n                    <h5 class=\"h5-sm\">H\u0103r\u021bi offline<\/h5>\r\n                    <p class=\"grey-color\">Pute\u021bi face h\u0103r\u021bile topografice disponibile offline. \u00cen acest fel sunte\u021bi sigur c\u0103 h\u0103r\u021bile de care ave\u021bi nevoie sunt \u00eentotdeauna accesibile.<\/p>\r\n                    \r\n                <\/div> \r\n            <\/div>        \r\n        <\/div>\r\n        <div class=\"wow perch-fadeInUp fadeInUp fbox\" data-wow-delay=\"300ms\" data-wow-duration=\"1200ms\"> \r\n            <div class=\"fbox grey-color-box\">\r\n                <div class=\"grey-color-icon b-icon box-icon-md\"><span class=\" grey-color\"><\/span><\/div>  \r\n                <div class=\"fbox-txt\">    \r\n                    <h5 class=\"h5-sm\">Aplica\u021bia Topo GPS<\/h5>\r\n                    <p class=\"grey-color\">Aplica\u021bia Topo GPS ofer\u0103 multe func\u021bii utile suplimentare pentru harta topografic\u0103. Cum ar fi navigarea, \u00eenc\u0103rcarea, planificarea \u0219i urm\u0103rirea rutelor \u0219i ad\u0103ugarea de puncte pe hart\u0103. Topo GPS con\u021bine toate func\u021biile unui dispozitiv GPS obi\u0219nuit.<\/p>\r\n                    \r\n                <\/div> \r\n            <\/div>        \r\n        <\/div>[\/vc_column_inner][\/vc_row_inner][\/vc_column][\/vc_row][\/vc_section][vc_section][vc_row][vc_column]\r\n        <div class=\"section-title  wow perch-fadeInUp fadeInUp text-center\" data-wow-delay=\"300ms\" data-wow-duration=\"1200ms\">\r\n            <h2 class=\"h2-sm\">Ce hart\u0103 ai prefera s\u0103 explorezi \u00een aer liber?<\/h2>\r\n            <p class=\"p-lg\">Compara\u021bi-v\u0103<\/p>         \r\n        <\/div>[vc_row_inner][vc_column_inner width=&#8221;1\/3&#8243;][vc_column_text]<\/p>\n<h3 style=\"text-align: center;\">H\u0103r\u021bi Google<\/h3>\n<p>[\/vc_column_text][vc_single_image custom_src=&#8221;https:\/\/www.topo-gps.com\/wp-content\/uploads\/2022\/04\/cz-gm.jpg&#8221; external_img_size=&#8221;277&#215;560&#8243; alignment=&#8221;center&#8221;][\/vc_column_inner][vc_column_inner width=&#8221;1\/3&#8243;][vc_column_text]<\/p>\n<h3 style=\"text-align: center;\">OpenStreetMap<\/h3>\n<p>[\/vc_column_text][vc_single_image custom_src=&#8221;https:\/\/www.topo-gps.com\/wp-content\/uploads\/2022\/04\/cz-osm.jpg&#8221; external_img_size=&#8221;277&#215;560&#8243; alignment=&#8221;center&#8221;][\/vc_column_inner][vc_column_inner width=&#8221;1\/3&#8243;][vc_column_text]<\/p>\n<h3 style=\"text-align: center;\">Harta topografica<\/h3>\n<p>[\/vc_column_text][vc_single_image custom_src=&#8221;https:\/\/www.topo-gps.com\/wp-content\/uploads\/2022\/04\/cz-tg.jpg&#8221; external_img_size=&#8221;277&#215;560&#8243; alignment=&#8221;center&#8221;][\/vc_column_inner][\/vc_row_inner][\/vc_column][\/vc_row][\/vc_section][vc_section section_type=&#8221;hero&#8221; hero_type=&#8221;1&#8243; parallax_image_attachment=&#8221;fixed&#8221; padding_class=&#8221;&#8221;][vc_row content_placement=&#8221;&#8221; parallax_image_attachment=&#8221;inherit&#8221;][vc_column width=&#8221;1\/2&#8243; column_inner_style=&#8221;hero-txt&#8221; hero_txt_type=&#8221;1&#8243;]\r\n        <div class=\"hero-txt\"> \r\n            \r\n            <h2 class=\" wow perch-fadeInUp fadeInUp\" data-wow-delay=\"300ms\" data-wow-duration=\"1200ms\">Topo GPS<\/h2>         \r\n            <h3 class=\"h3-sm  wow perch-fadeInUp fadeInUp\" data-wow-delay=\"400ms\" data-wow-duration=\"1200ms\">Transform\u0103-\u021bi iPhone-ul, telefonul Android sau tableta \u00eentr-un dispozitiv GPS complet cu h\u0103r\u021bi topografice disponibile offline.<\/h3>\r\n             \r\n            \r\n                        \r\n                        \r\n            \r\n                        \r\n                        \r\n                  \r\n        <\/div>[vc_row_inner][vc_column_inner width=&#8221;1\/2&#8243; css=&#8221;.vc_custom_1639605647058{padding-top: 10px !important;padding-bottom: 10px !important;}&#8221;]\r\n        <div class=\"hero-img  wow perch-fadeInUp fadeInUp text-center\" data-wow-delay=\"300ms\" data-wow-duration=\"1200ms\"> \r\n        <a href=\"https:\/\/apps.apple.com\/gb\/app\/topo-gps\/id578960575\" target=\"_self\" class=\"vc_single_image-wrapper  \"><img loading=\"lazy\" decoding=\"async\" class=\"vc_single_image-img img-fluid\" width=\"160\" height=\"50\"  src=\"https:\/\/www.topo-gps.com\/wp-content\/themes\/appset\/images\/appstore.png\" alt=\"External image\" \/><\/a>\r\n        <\/div>[\/vc_column_inner][vc_column_inner width=&#8221;1\/2&#8243; css=&#8221;.vc_custom_1639605658368{padding-top: 10px !important;padding-bottom: 10px !important;}&#8221;]\r\n        <div class=\"hero-img  wow perch-fadeInUp fadeInUp text-center\" data-wow-delay=\"300ms\" data-wow-duration=\"1200ms\"> \r\n        <a href=\"https:\/\/play.google.com\/store\/apps\/details?id=uk.rdzl.topo.gps&amp;hl=en\" target=\"_self\" class=\"vc_single_image-wrapper  \"><img loading=\"lazy\" decoding=\"async\" class=\"vc_single_image-img img-fluid\" width=\"171\" height=\"50\"  src=\"https:\/\/www.topo-gps.com\/wp-content\/themes\/appset\/images\/googleplay.png\" alt=\"External image\" \/><\/a>\r\n        <\/div>[\/vc_column_inner][\/vc_row_inner][\/vc_column][vc_column width=&#8221;1\/2&#8243;]\r\n        <div class=\"wow perch-fadeInRight fadeInRight hero-1-img\" data-wow-delay=\"300ms\" data-wow-duration=\"1200ms\"> \r\n        <img decoding=\"async\" class=\"vc_single_image-img img-fluid\"  src=\"https:\/\/www.topo-gps.com\/wp-content\/uploads\/2022\/04\/cz-main1.png\" alt=\"External image\" \/>\r\n        <\/div>[\/vc_column][\/vc_row][\/vc_section]<\/p>\n<\/div>","protected":false},"excerpt":{"rendered":"<p>[vc_section enable_inner=&#8221;yes&#8221; section_type=&#8221;hero&#8221; inner_margin_top=&#8221;mt-100&#8243; parallax_image_attachment=&#8221;inherit&#8221; padding_class=&#8221;wide-100&#8243; css=&#8221;.vc_custom_1649331907724{background-image: url(https:\/\/www.topo-gps.com\/wp-content\/uploads\/2022\/04\/cz-cropped.jpg?id=17981) !important;background-position: center !important;background-repeat: no-repeat !important;background-size: cover !important;}&#8221;][vc_row parallax_image_attachment=&#8221;inherit&#8221; css=&#8221;.vc_custom_1639602296513{padding-top: 20px !important;padding-bottom: 20px !important;}&#8221;][vc_column width=&#8221;1\/2&#8243; css=&#8221;.vc_custom_1639603345318{margin-bottom: 20px !important;}&#8221;][vc_row_inner][vc_column_inner width=&#8221;1\/2&#8243; css=&#8221;.vc_custom_1639605647058{padding-top: 10px !important;padding-bottom: 10px !important;}&#8221;][\/vc_column_inner][vc_column_inner width=&#8221;1\/2&#8243; css=&#8221;.vc_custom_1639605658368{padding-top: 10px !important;padding-bottom: 10px !important;}&#8221;][\/vc_column_inner][\/vc_row_inner][\/vc_column][vc_column width=&#8221;1\/2&#8243; css=&#8221;.vc_custom_1639603183972{padding-top: 40px !important;padding-bottom: 40px !important;}&#8221;][\/vc_column][\/vc_row][\/vc_section][vc_section][vc_row][vc_column][vc_column_text]Republica Ceh\u0103 este o destina\u021bie excelent\u0103 pentru activit\u0103\u021bi \u00een aer liber, \u00een special schi. \u021aara are mai multe sta\u021biuni de schi cu o gam\u0103 larg\u0103 de p\u00e2rtii at\u00e2t pentru \u00eencep\u0103tori, c\u00e2t \u0219i pentru cei avansa\u021bi. \u00cen afar\u0103 de schi, exist\u0103 o mul\u021bime de oportunit\u0103\u021bi pentru drume\u021bii, \u00een special \u00een Parcul Na\u021bional Elve\u021bia Boemic\u0103 \u0219i Parcul Na\u021bional Krkono\u0161e. Primul&#8230;<\/p>\n","protected":false},"author":1,"featured_media":0,"parent":0,"menu_order":0,"comment_status":"closed","ping_status":"closed","template":"","meta":{"footnotes":""},"class_list":["post-24022","page","type-page","status-publish","hentry","no-post-thumbnail"],"yoast_head":"<!-- This site is optimized with the Yoast SEO plugin v27.6 - https:\/\/yoast.com\/product\/yoast-seo-wordpress\/ -->\n<title>Harta topografic\u0103 a Cehiei - Topo GPS<\/title>\n<meta name=\"robots\" content=\"index, follow, max-snippet:-1, max-image-preview:large, max-video-preview:-1\" \/>\n<link rel=\"canonical\" href=\"https:\/\/www.topo-gps.com\/ro\/harta-topografica-a-cehiei\/\" \/>\n<meta property=\"og:locale\" content=\"ro_RO\" \/>\n<meta property=\"og:type\" content=\"article\" \/>\n<meta property=\"og:title\" content=\"Harta topografic\u0103 a Cehiei - Topo GPS\" \/>\n<meta property=\"og:description\" content=\"[vc_section enable_inner=&#8221;yes&#8221; section_type=&#8221;hero&#8221; inner_margin_top=&#8221;mt-100&#8243; parallax_image_attachment=&#8221;inherit&#8221; padding_class=&#8221;wide-100&#8243; css=&#8221;.vc_custom_1649331907724{background-image: url(https:\/\/www.topo-gps.com\/wp-content\/uploads\/2022\/04\/cz-cropped.jpg?id=17981) !important;background-position: center !important;background-repeat: no-repeat !important;background-size: cover !important;}&#8221;][vc_row parallax_image_attachment=&#8221;inherit&#8221; css=&#8221;.vc_custom_1639602296513{padding-top: 20px !important;padding-bottom: 20px !important;}&#8221;][vc_column width=&#8221;1\/2&#8243; css=&#8221;.vc_custom_1639603345318{margin-bottom: 20px !important;}&#8221;][vc_row_inner][vc_column_inner width=&#8221;1\/2&#8243; css=&#8221;.vc_custom_1639605647058{padding-top: 10px !important;padding-bottom: 10px !important;}&#8221;][\/vc_column_inner][vc_column_inner width=&#8221;1\/2&#8243; css=&#8221;.vc_custom_1639605658368{padding-top: 10px !important;padding-bottom: 10px !important;}&#8221;][\/vc_column_inner][\/vc_row_inner][\/vc_column][vc_column width=&#8221;1\/2&#8243; css=&#8221;.vc_custom_1639603183972{padding-top: 40px !important;padding-bottom: 40px !important;}&#8221;][\/vc_column][\/vc_row][\/vc_section][vc_section][vc_row][vc_column][vc_column_text]Republica Ceh\u0103 este o destina\u021bie excelent\u0103 pentru activit\u0103\u021bi \u00een aer liber, \u00een special schi. \u021aara are mai multe sta\u021biuni de schi cu o gam\u0103 larg\u0103 de p\u00e2rtii at\u00e2t pentru \u00eencep\u0103tori, c\u00e2t \u0219i pentru cei avansa\u021bi. \u00cen afar\u0103 de schi, exist\u0103 o mul\u021bime de oportunit\u0103\u021bi pentru drume\u021bii, \u00een special \u00een Parcul Na\u021bional Elve\u021bia Boemic\u0103 \u0219i Parcul Na\u021bional Krkono\u0161e. Primul...\" \/>\n<meta property=\"og:url\" content=\"https:\/\/www.topo-gps.com\/ro\/harta-topografica-a-cehiei\/\" \/>\n<meta property=\"og:site_name\" content=\"Topo GPS\" \/>\n<meta property=\"article:modified_time\" content=\"2023-03-12T20:53:30+00:00\" \/>\n<meta name=\"twitter:card\" content=\"summary_large_image\" \/>\n<meta name=\"twitter:label1\" content=\"Timp estimat pentru citire\" \/>\n\t<meta name=\"twitter:data1\" content=\"6 minute\" \/>\n<script type=\"application\/ld+json\" class=\"yoast-schema-graph\">{\"@context\":\"https:\\\/\\\/schema.org\",\"@graph\":[{\"@type\":\"WebPage\",\"@id\":\"https:\\\/\\\/www.topo-gps.com\\\/ro\\\/harta-topografica-a-cehiei\\\/\",\"url\":\"https:\\\/\\\/www.topo-gps.com\\\/ro\\\/harta-topografica-a-cehiei\\\/\",\"name\":\"Harta topografic\u0103 a Cehiei - Topo GPS\",\"isPartOf\":{\"@id\":\"https:\\\/\\\/www.topo-gps.com\\\/ro\\\/#website\"},\"datePublished\":\"2023-02-25T05:51:49+00:00\",\"dateModified\":\"2023-03-12T20:53:30+00:00\",\"breadcrumb\":{\"@id\":\"https:\\\/\\\/www.topo-gps.com\\\/ro\\\/harta-topografica-a-cehiei\\\/#breadcrumb\"},\"inLanguage\":\"ro-RO\",\"potentialAction\":[{\"@type\":\"ReadAction\",\"target\":[\"https:\\\/\\\/www.topo-gps.com\\\/ro\\\/harta-topografica-a-cehiei\\\/\"]}]},{\"@type\":\"BreadcrumbList\",\"@id\":\"https:\\\/\\\/www.topo-gps.com\\\/ro\\\/harta-topografica-a-cehiei\\\/#breadcrumb\",\"itemListElement\":[{\"@type\":\"ListItem\",\"position\":1,\"name\":\"Home\",\"item\":\"https:\\\/\\\/www.topo-gps.com\\\/ro\\\/aplicatie-de-harti-topografice-pentru-iphone-android-si-apple-watch\\\/\"},{\"@type\":\"ListItem\",\"position\":2,\"name\":\"Harta topografic\u0103 a Cehiei\"}]},{\"@type\":\"WebSite\",\"@id\":\"https:\\\/\\\/www.topo-gps.com\\\/ro\\\/#website\",\"url\":\"https:\\\/\\\/www.topo-gps.com\\\/ro\\\/\",\"name\":\"Topo GPS\",\"description\":\"Topographic maps GPS for iPhone, Android, iPad and Apple Watch\",\"potentialAction\":[{\"@type\":\"SearchAction\",\"target\":{\"@type\":\"EntryPoint\",\"urlTemplate\":\"https:\\\/\\\/www.topo-gps.com\\\/ro\\\/?s={search_term_string}\"},\"query-input\":{\"@type\":\"PropertyValueSpecification\",\"valueRequired\":true,\"valueName\":\"search_term_string\"}}],\"inLanguage\":\"ro-RO\"}]}<\/script>\n<!-- \/ Yoast SEO plugin. -->","yoast_head_json":{"title":"Harta topografic\u0103 a Cehiei - Topo GPS","robots":{"index":"index","follow":"follow","max-snippet":"max-snippet:-1","max-image-preview":"max-image-preview:large","max-video-preview":"max-video-preview:-1"},"canonical":"https:\/\/www.topo-gps.com\/ro\/harta-topografica-a-cehiei\/","og_locale":"ro_RO","og_type":"article","og_title":"Harta topografic\u0103 a Cehiei - Topo GPS","og_description":"[vc_section enable_inner=&#8221;yes&#8221; section_type=&#8221;hero&#8221; inner_margin_top=&#8221;mt-100&#8243; parallax_image_attachment=&#8221;inherit&#8221; padding_class=&#8221;wide-100&#8243; css=&#8221;.vc_custom_1649331907724{background-image: url(https:\/\/www.topo-gps.com\/wp-content\/uploads\/2022\/04\/cz-cropped.jpg?id=17981) !important;background-position: center !important;background-repeat: no-repeat !important;background-size: cover !important;}&#8221;][vc_row parallax_image_attachment=&#8221;inherit&#8221; css=&#8221;.vc_custom_1639602296513{padding-top: 20px !important;padding-bottom: 20px !important;}&#8221;][vc_column width=&#8221;1\/2&#8243; css=&#8221;.vc_custom_1639603345318{margin-bottom: 20px !important;}&#8221;][vc_row_inner][vc_column_inner width=&#8221;1\/2&#8243; css=&#8221;.vc_custom_1639605647058{padding-top: 10px !important;padding-bottom: 10px !important;}&#8221;][\/vc_column_inner][vc_column_inner width=&#8221;1\/2&#8243; css=&#8221;.vc_custom_1639605658368{padding-top: 10px !important;padding-bottom: 10px !important;}&#8221;][\/vc_column_inner][\/vc_row_inner][\/vc_column][vc_column width=&#8221;1\/2&#8243; css=&#8221;.vc_custom_1639603183972{padding-top: 40px !important;padding-bottom: 40px !important;}&#8221;][\/vc_column][\/vc_row][\/vc_section][vc_section][vc_row][vc_column][vc_column_text]Republica Ceh\u0103 este o destina\u021bie excelent\u0103 pentru activit\u0103\u021bi \u00een aer liber, \u00een special schi. \u021aara are mai multe sta\u021biuni de schi cu o gam\u0103 larg\u0103 de p\u00e2rtii at\u00e2t pentru \u00eencep\u0103tori, c\u00e2t \u0219i pentru cei avansa\u021bi. \u00cen afar\u0103 de schi, exist\u0103 o mul\u021bime de oportunit\u0103\u021bi pentru drume\u021bii, \u00een special \u00een Parcul Na\u021bional Elve\u021bia Boemic\u0103 \u0219i Parcul Na\u021bional Krkono\u0161e. Primul...","og_url":"https:\/\/www.topo-gps.com\/ro\/harta-topografica-a-cehiei\/","og_site_name":"Topo GPS","article_modified_time":"2023-03-12T20:53:30+00:00","twitter_card":"summary_large_image","twitter_misc":{"Timp estimat pentru citire":"6 minute"},"schema":{"@context":"https:\/\/schema.org","@graph":[{"@type":"WebPage","@id":"https:\/\/www.topo-gps.com\/ro\/harta-topografica-a-cehiei\/","url":"https:\/\/www.topo-gps.com\/ro\/harta-topografica-a-cehiei\/","name":"Harta topografic\u0103 a Cehiei - Topo GPS","isPartOf":{"@id":"https:\/\/www.topo-gps.com\/ro\/#website"},"datePublished":"2023-02-25T05:51:49+00:00","dateModified":"2023-03-12T20:53:30+00:00","breadcrumb":{"@id":"https:\/\/www.topo-gps.com\/ro\/harta-topografica-a-cehiei\/#breadcrumb"},"inLanguage":"ro-RO","potentialAction":[{"@type":"ReadAction","target":["https:\/\/www.topo-gps.com\/ro\/harta-topografica-a-cehiei\/"]}]},{"@type":"BreadcrumbList","@id":"https:\/\/www.topo-gps.com\/ro\/harta-topografica-a-cehiei\/#breadcrumb","itemListElement":[{"@type":"ListItem","position":1,"name":"Home","item":"https:\/\/www.topo-gps.com\/ro\/aplicatie-de-harti-topografice-pentru-iphone-android-si-apple-watch\/"},{"@type":"ListItem","position":2,"name":"Harta topografic\u0103 a Cehiei"}]},{"@type":"WebSite","@id":"https:\/\/www.topo-gps.com\/ro\/#website","url":"https:\/\/www.topo-gps.com\/ro\/","name":"Topo GPS","description":"Topographic maps GPS for iPhone, Android, iPad and Apple Watch","potentialAction":[{"@type":"SearchAction","target":{"@type":"EntryPoint","urlTemplate":"https:\/\/www.topo-gps.com\/ro\/?s={search_term_string}"},"query-input":{"@type":"PropertyValueSpecification","valueRequired":true,"valueName":"search_term_string"}}],"inLanguage":"ro-RO"}]}},"_links":{"self":[{"href":"https:\/\/www.topo-gps.com\/ro\/wp-json\/wp\/v2\/pages\/24022","targetHints":{"allow":["GET"]}}],"collection":[{"href":"https:\/\/www.topo-gps.com\/ro\/wp-json\/wp\/v2\/pages"}],"about":[{"href":"https:\/\/www.topo-gps.com\/ro\/wp-json\/wp\/v2\/types\/page"}],"author":[{"embeddable":true,"href":"https:\/\/www.topo-gps.com\/ro\/wp-json\/wp\/v2\/users\/1"}],"replies":[{"embeddable":true,"href":"https:\/\/www.topo-gps.com\/ro\/wp-json\/wp\/v2\/comments?post=24022"}],"version-history":[{"count":0,"href":"https:\/\/www.topo-gps.com\/ro\/wp-json\/wp\/v2\/pages\/24022\/revisions"}],"wp:attachment":[{"href":"https:\/\/www.topo-gps.com\/ro\/wp-json\/wp\/v2\/media?parent=24022"}],"curies":[{"name":"wp","href":"https:\/\/api.w.org\/{rel}","templated":true}]}}