{"id":23986,"date":"2023-02-25T06:51:39","date_gmt":"2023-02-25T05:51:39","guid":{"rendered":"https:\/\/www.topo-gps.com\/topo-gps-pentru-profesionisti\/"},"modified":"2023-02-25T06:52:03","modified_gmt":"2023-02-25T05:52:03","slug":"topo-gps-pentru-profesionisti","status":"publish","type":"page","link":"https:\/\/www.topo-gps.com\/ro\/topo-gps-pentru-profesionisti\/","title":{"rendered":"Topo GPS pentru profesioni\u0219ti"},"content":{"rendered":"<div class=\"wpb-content-wrapper\"><p>[vc_row parallax_image_attachment=&#8221;inherit&#8221;][vc_column]\r\n        <div class=\"section-title  wow perch-fadeInUp fadeInUp text-center\" data-wow-delay=\"300ms\" data-wow-duration=\"1200ms\">\r\n            <h2 class=\"h2-sm\">Topo GPS este folosit de mul\u021bi utilizatori profesioni\u0219ti<\/h2>\r\n            <p class=\"p-lg\">Aplica\u021bia este utilizat\u0103 pe scar\u0103 larg\u0103 pentru navigare, \u00eenregistrarea datelor \u0219i straturi de date. Aplica\u021bia are mul\u021bi utilizatori activi de la armat\u0103, cercet\u0103tori de mediu, SAR, inspec\u021bia infrastructurii, printre altele.<\/p>         \r\n        <\/div>[\/vc_column][\/vc_row][vc_section section_type=&#8221;faqs&#8221; faqs_type=&#8221;1&#8243; parallax_image_attachment=&#8221;inherit&#8221; padding_class=&#8221;wide-100&#8243; el_id=&#8221;faqs&#8221;][vc_row][vc_column width=&#8221;1\/2&#8243;]\r\n        <div class=\"mb-25 pl-30 pr-30  wow perch-fadeInUp fadeInUp\" data-wow-delay=\"300ms\" data-wow-duration=\"1200ms\"> \r\n                   \r\n                   \r\n            <h5 class=\"dark-color h5-sm none os-version\" style=\"font-weight: 500;\">Pot s\u0103-mi integrez propriile date?<\/h5>\r\n            <p class=\"Default none os-version\">Pute\u021bi pune datele dvs. \u00eentr-un fi\u0219ier GPX, de exemplu, \u0219i apoi le pute\u021bi importa. Dvs. \u0219i echipa dvs. \u00eel modifica\u021bi \u0219i apoi \u00eel exporta\u021bi cu datele ad\u0103ugate integrate.<\/p>         \r\n        <\/div>\r\n        <div class=\"mb-25 pl-30 pr-30  wow perch-fadeInUp fadeInUp\" data-wow-delay=\"300ms\" data-wow-duration=\"1200ms\"> \r\n                   \r\n                   \r\n            <h5 class=\"Default h5-sm none os-version\" style=\"font-weight: 500;\">Pot partaja date cu propriile mele baze de date?<\/h5>\r\n            <p class=\"Default none os-version\">Pute\u021bi \u00eenc\u0103rca date \u00een diferite formate, a\u0219a cum s-a men\u021bionat mai sus. Ad\u0103ugarea poten\u021bial\u0103 a unei pictograme pentru a identifica elementul de pe hart\u0103.<\/p>         \r\n        <\/div>\r\n        <div class=\"mb-25 pl-30 pr-30  wow perch-fadeInUp fadeInUp\" data-wow-delay=\"300ms\" data-wow-duration=\"1200ms\"> \r\n                   \r\n                   \r\n            <h5 class=\"Default h5-sm none os-version\" style=\"font-weight: 500;\">Func\u021bioneaz\u0103 Topo GPS cu software-ul meu GIS<\/h5>\r\n            <p class=\"Default none os-version\">Cele mai multe dintre formatele noastre de date sunt compatibile \u0219i importabile cu software-ul GIS obi\u0219nuit, cum ar fi ArcGIS \u0219i QGIS<\/p>         \r\n        <\/div>\r\n        <div class=\"mb-25 pl-30 pr-30  wow perch-fadeInUp fadeInUp\" data-wow-delay=\"300ms\" data-wow-duration=\"1200ms\"> \r\n                   \r\n                   \r\n            <h5 class=\"Default h5-sm none os-version\" style=\"font-weight: 500;\">Ce formate de date accepta\u021bi<\/h5>\r\n            <p class=\"Default none os-version\">Da, <a href=\"https:\/\/www.topo-gps.com\/supported-data-formats\/\">Topo GPS accept\u0103 un num\u0103r mare de formate de date geo<\/a> \u0219i tipuri de date, at\u00e2t pentru import, c\u00e2t \u0219i pentru export.<\/p>         \r\n        <\/div>[\/vc_column][vc_column width=&#8221;1\/2&#8243;]\r\n        <div class=\"mb-25 pl-30 pr-30  wow perch-fadeInUp fadeInUp\" data-wow-delay=\"300ms\" data-wow-duration=\"1200ms\"> \r\n                   \r\n                   \r\n            <h5 class=\"Default h5-sm none os-version\" style=\"font-weight: 500;\">Ce pot face cu GEO-JSON<\/h5>\r\n            <p class=\"Default none os-version\">Geo JSON v\u0103 permite s\u0103 ad\u0103uga\u021bi date pe hart\u0103, cum ar fi grani\u021be sau linii, care pot fi folosite pentru a ar\u0103ta zonele care ar trebui s\u0103 fie sondate, de exemplu<\/p>         \r\n        <\/div>\r\n        <div class=\"mb-25 pl-30 pr-30  wow perch-fadeInUp fadeInUp\" data-wow-delay=\"300ms\" data-wow-duration=\"1200ms\"> \r\n                   \r\n                   \r\n            <h5 class=\"Default h5-sm none os-version\" style=\"font-weight: 500;\">Ave\u021bi o versiune profesional\u0103 specific\u0103<\/h5>\r\n            <p class=\"Default none os-version\">Toate caracteristicile noastre sunt disponibile pentru to\u021bi clien\u021bii no\u0219tri. Ne g\u00e2ndim la o poten\u021bial\u0103 versiune axat\u0103 pe afaceri cu func\u021bii personalizate. Dac\u0103 sunte\u021bi interesat, l\u0103sa\u021bi-ne un comentariu pe pagina de contact.<\/p>         \r\n        <\/div>\r\n        <div class=\"mb-25 pl-30 pr-30  wow perch-fadeInUp fadeInUp\" data-wow-delay=\"300ms\" data-wow-duration=\"1200ms\"> \r\n                   \r\n                   \r\n            <h5 class=\"Default h5-sm none os-version\" style=\"font-weight: 500;\">Pute\u021bi construi o func\u021bie personalizat\u0103 pentru mine<\/h5>\r\n            <p class=\"Default none os-version\">Avem resurse de dezvoltare foarte limitate. De aceea, \u00een prezent, ne concentr\u0103m pe func\u021bii pentru to\u021bi clien\u021bii.<\/p>         \r\n        <\/div>\r\n        <div class=\"mb-25 pl-30 pr-30  wow perch-fadeInUp fadeInUp\" data-wow-delay=\"300ms\" data-wow-duration=\"1200ms\"> \r\n                   \r\n                   \r\n            <h5 class=\"Default h5-sm none os-version\" style=\"font-weight: 500;\">Pot comanda Topo GPS \u00een vrac<\/h5>\r\n            <p class=\"Default none os-version\">Da, este posibil. V\u0103 rug\u0103m s\u0103 ne contacta\u021bi pentru o cota\u021bie pentru o comand\u0103 \u00een bloc de aplica\u021bii.<\/p>         \r\n        <\/div>[\/vc_column][\/vc_row][\/vc_section][vc_row][vc_column][vc_separator][\/vc_column][\/vc_row][vc_section section_type=&#8221;features&#8221; features_type=&#8221;4&#8243; parallax_image_attachment=&#8221;inherit&#8221; el_id=&#8221;about&#8221;][vc_row parallax_image_attachment=&#8221;inherit&#8221;][vc_column width=&#8221;5\/12&#8243;]\r\n        <div class=\"features-img  wow perch-fadeInLeft fadeInLeft\" data-wow-delay=\"300ms\" data-wow-duration=\"1200ms\"> \r\n        <img decoding=\"async\" class=\"vc_single_image-img img-fluid\"  src=\"https:\/\/www.topo-gps.com\/wp-content\/uploads\/2021\/12\/en-ss7-1.jpg\" alt=\"External image\" \/>\r\n        <\/div>[\/vc_column][vc_column width=&#8221;1\/12&#8243;][\/vc_column][vc_column width=&#8221;1\/2&#8243;][vc_row_inner][vc_column_inner width=&#8221;1\/2&#8243;]\r\n        <div class=\"wow perch-fadeInUp fadeInUp fbox-4\" data-wow-delay=\"300ms\" data-wow-duration=\"1200ms\"> \r\n            <div class=\"fbox grey-color-box\">\r\n                <div class=\"grey-color-icon b-icon box-icon-md\"><span class=\"ti-Line-Database grey-color\"><\/span><\/div>  \r\n                <div class=\"fbox-4-txt\">    \r\n                    <h5 class=\"h5-sm\">Importurile GEO-JSON<\/h5>\r\n                    <p class=\"grey-color\">Utiliza\u021bi formatul GEO-JSON pentru a afi\u0219a limite sau alte straturi grafice pe h\u0103r\u021bile topografice.<\/p>\r\n                    \r\n                <\/div> \r\n            <\/div>        \r\n        <\/div>\r\n        <div class=\"wow perch-fadeInUp fadeInUp fbox-4\" data-wow-delay=\"300ms\" data-wow-duration=\"1200ms\"> \r\n            <div class=\"fbox grey-color-box\">\r\n                <div class=\"grey-color-icon b-icon box-icon-md\"><span class=\"ti-Line-Cloud-2 grey-color\"><\/span><\/div>  \r\n                <div class=\"fbox-4-txt\">    \r\n                    <h5 class=\"h5-sm\">Import \u0219i export fi\u0219ier GPX<\/h5>\r\n                    <p class=\"grey-color\">Pute\u021bi importa fi\u0219iere de date geografice pentru a \u00eenc\u0103rca puncte de date profesionale \u0219i trasee. Sau crea\u021bi datele \u0219i exporta\u021bi-le.<\/p>\r\n                    \r\n                <\/div> \r\n            <\/div>        \r\n        <\/div>\r\n        <div class=\"wow perch-fadeInUp fadeInUp fbox\" data-wow-delay=\"300ms\" data-wow-duration=\"1200ms\"> \r\n            <div class=\"fbox grey-color-box\">\r\n                <div class=\"grey-color-icon b-icon box-icon-md\"><span class=\"ti-Line-Map-Pin-3 grey-color\"><\/span><\/div>  \r\n                <div class=\"fbox-txt\">    \r\n                    <h5 class=\"h5-sm\">H\u0103r\u021bi ale punctelor de trecere<\/h5>\r\n                    <p class=\"grey-color\">Salva\u021bi datele pe hart\u0103 cu date suplimentare sau imagini pentru a \u00eenregistra datele geografice.<\/p>\r\n                    \r\n                <\/div> \r\n            <\/div>        \r\n        <\/div>[\/vc_column_inner][vc_column_inner width=&#8221;1\/2&#8243;]\r\n        <div class=\"wow perch-fadeInUp fadeInUp fbox-4\" data-wow-delay=\"300ms\" data-wow-duration=\"1200ms\"> \r\n            <div class=\"fbox grey-color-box\">\r\n                <div class=\"grey-color-icon b-icon box-icon-md\"><span class=\"ti-Line-Map-Pin-4 grey-color\"><\/span><\/div>  \r\n                <div class=\"fbox-4-txt\">    \r\n                    <h5 class=\"h5-sm\">Pictograme personalizate<\/h5>\r\n                    <p class=\"grey-color\">Distinge\u021bi diferitele tipuri de puncte de date ad\u0103ug\u00e2nd pictograme personalizate la punctele de referin\u021b\u0103.<\/p>\r\n                    \r\n                <\/div> \r\n            <\/div>        \r\n        <\/div>\r\n        <div class=\"wow perch-fadeInUp fadeInUp fbox-4\" data-wow-delay=\"300ms\" data-wow-duration=\"1200ms\"> \r\n            <div class=\"fbox grey-color-box\">\r\n                <div class=\"grey-color-icon b-icon box-icon-md\"><span class=\"ti-Line-Equalizer grey-color\"><\/span><\/div>  \r\n                <div class=\"fbox-4-txt\">    \r\n                    <h5 class=\"h5-sm\">Mai multe formate de coordonate<\/h5>\r\n                    <p class=\"grey-color\">Fiecare sector folose\u0219te propriul format de date geografice, Topo GPS accept\u0103 aproape orice format.<\/p>\r\n                    \r\n                <\/div> \r\n            <\/div>        \r\n        <\/div>\r\n        <div class=\"wow perch-fadeInUp fadeInUp fbox\" data-wow-delay=\"300ms\" data-wow-duration=\"1200ms\"> \r\n            <div class=\"fbox grey-color-box\">\r\n                <div class=\"grey-color-icon b-icon box-icon-md\"><span class=\"ti-Line-Text-1 grey-color\"><\/span><\/div>  \r\n                <div class=\"fbox-txt\">    \r\n                    <h5 class=\"h5-sm\">Grile de coordonate<\/h5>\r\n                    <p class=\"grey-color\">V\u0103 pute\u021bi \u00eemp\u0103r\u021bi proiectul \u00een sec\u021biuni logice folosind straturile de gril\u0103 \u00eencorporate.<\/p>\r\n                    \r\n                <\/div> \r\n            <\/div>        \r\n        <\/div>[\/vc_column_inner][\/vc_row_inner][\/vc_column][\/vc_row][\/vc_section][vc_row][vc_column][vc_column_text]<\/p>\n<div class=\"more-questions-btn wow fadeInUp\" data-wow-delay=\"1.1s\"><!-- Text --><\/p>\n<h5 class=\"h5-sm txt-500\" style=\"text-align: center;\">Vrei s\u0103 afli mai multe? <a class=\"green-color\" href=\"http:\/\/test.topo-gps.com\/faqs-page\/\">Adresa\u021bi-v\u0103 \u00eentrebarea prin formularul nostru de contact de aici<\/a><\/h5>\n<\/div>\n<p>[\/vc_column_text][\/vc_column][\/vc_row]<\/p>\n<\/div>","protected":false},"excerpt":{"rendered":"<p>[vc_row parallax_image_attachment=&#8221;inherit&#8221;][vc_column][\/vc_column][\/vc_row][vc_section section_type=&#8221;faqs&#8221; faqs_type=&#8221;1&#8243; parallax_image_attachment=&#8221;inherit&#8221; padding_class=&#8221;wide-100&#8243; el_id=&#8221;faqs&#8221;][vc_row][vc_column width=&#8221;1\/2&#8243;][\/vc_column][vc_column width=&#8221;1\/2&#8243;][\/vc_column][\/vc_row][\/vc_section][vc_row][vc_column][vc_separator][\/vc_column][\/vc_row][vc_section section_type=&#8221;features&#8221; features_type=&#8221;4&#8243; parallax_image_attachment=&#8221;inherit&#8221; el_id=&#8221;about&#8221;][vc_row parallax_image_attachment=&#8221;inherit&#8221;][vc_column width=&#8221;5\/12&#8243;][\/vc_column][vc_column width=&#8221;1\/12&#8243;][\/vc_column][vc_column width=&#8221;1\/2&#8243;][vc_row_inner][vc_column_inner width=&#8221;1\/2&#8243;][\/vc_column_inner][vc_column_inner width=&#8221;1\/2&#8243;][\/vc_column_inner][\/vc_row_inner][\/vc_column][\/vc_row][\/vc_section][vc_row][vc_column][vc_column_text] Vrei s\u0103 afli mai multe? Adresa\u021bi-v\u0103 \u00eentrebarea prin formularul nostru de contact de aici [\/vc_column_text][\/vc_column][\/vc_row]<\/p>\n","protected":false},"author":1,"featured_media":0,"parent":0,"menu_order":0,"comment_status":"closed","ping_status":"closed","template":"","meta":{"footnotes":""},"class_list":["post-23986","page","type-page","status-publish","hentry","no-post-thumbnail"],"yoast_head":"<!-- This site is optimized with the Yoast SEO plugin v27.6 - https:\/\/yoast.com\/product\/yoast-seo-wordpress\/ -->\n<title>Topo GPS pentru profesioni\u0219ti - Topo GPS<\/title>\n<meta name=\"robots\" content=\"index, follow, max-snippet:-1, max-image-preview:large, max-video-preview:-1\" \/>\n<link rel=\"canonical\" href=\"https:\/\/www.topo-gps.com\/ro\/topo-gps-pentru-profesionisti\/\" \/>\n<meta property=\"og:locale\" content=\"ro_RO\" \/>\n<meta property=\"og:type\" content=\"article\" \/>\n<meta property=\"og:title\" content=\"Topo GPS pentru profesioni\u0219ti - Topo GPS\" \/>\n<meta property=\"og:description\" content=\"[vc_row parallax_image_attachment=&#8221;inherit&#8221;][vc_column][\/vc_column][\/vc_row][vc_section section_type=&#8221;faqs&#8221; faqs_type=&#8221;1&#8243; parallax_image_attachment=&#8221;inherit&#8221; padding_class=&#8221;wide-100&#8243; el_id=&#8221;faqs&#8221;][vc_row][vc_column width=&#8221;1\/2&#8243;][\/vc_column][vc_column width=&#8221;1\/2&#8243;][\/vc_column][\/vc_row][\/vc_section][vc_row][vc_column][vc_separator][\/vc_column][\/vc_row][vc_section section_type=&#8221;features&#8221; features_type=&#8221;4&#8243; parallax_image_attachment=&#8221;inherit&#8221; el_id=&#8221;about&#8221;][vc_row parallax_image_attachment=&#8221;inherit&#8221;][vc_column width=&#8221;5\/12&#8243;][\/vc_column][vc_column width=&#8221;1\/12&#8243;][\/vc_column][vc_column width=&#8221;1\/2&#8243;][vc_row_inner][vc_column_inner width=&#8221;1\/2&#8243;][\/vc_column_inner][vc_column_inner width=&#8221;1\/2&#8243;][\/vc_column_inner][\/vc_row_inner][\/vc_column][\/vc_row][\/vc_section][vc_row][vc_column][vc_column_text] Vrei s\u0103 afli mai multe? Adresa\u021bi-v\u0103 \u00eentrebarea prin formularul nostru de contact de aici [\/vc_column_text][\/vc_column][\/vc_row]\" \/>\n<meta property=\"og:url\" content=\"https:\/\/www.topo-gps.com\/ro\/topo-gps-pentru-profesionisti\/\" \/>\n<meta property=\"og:site_name\" content=\"Topo GPS\" \/>\n<meta property=\"article:modified_time\" content=\"2023-02-25T05:52:03+00:00\" \/>\n<meta name=\"twitter:card\" content=\"summary_large_image\" \/>\n<meta name=\"twitter:label1\" content=\"Timp estimat pentru citire\" \/>\n\t<meta name=\"twitter:data1\" content=\"5 minute\" \/>\n<script type=\"application\/ld+json\" class=\"yoast-schema-graph\">{\"@context\":\"https:\\\/\\\/schema.org\",\"@graph\":[{\"@type\":\"WebPage\",\"@id\":\"https:\\\/\\\/www.topo-gps.com\\\/ro\\\/topo-gps-pentru-profesionisti\\\/\",\"url\":\"https:\\\/\\\/www.topo-gps.com\\\/ro\\\/topo-gps-pentru-profesionisti\\\/\",\"name\":\"Topo GPS pentru profesioni\u0219ti - Topo GPS\",\"isPartOf\":{\"@id\":\"https:\\\/\\\/www.topo-gps.com\\\/ro\\\/#website\"},\"datePublished\":\"2023-02-25T05:51:39+00:00\",\"dateModified\":\"2023-02-25T05:52:03+00:00\",\"breadcrumb\":{\"@id\":\"https:\\\/\\\/www.topo-gps.com\\\/ro\\\/topo-gps-pentru-profesionisti\\\/#breadcrumb\"},\"inLanguage\":\"ro-RO\",\"potentialAction\":[{\"@type\":\"ReadAction\",\"target\":[\"https:\\\/\\\/www.topo-gps.com\\\/ro\\\/topo-gps-pentru-profesionisti\\\/\"]}]},{\"@type\":\"BreadcrumbList\",\"@id\":\"https:\\\/\\\/www.topo-gps.com\\\/ro\\\/topo-gps-pentru-profesionisti\\\/#breadcrumb\",\"itemListElement\":[{\"@type\":\"ListItem\",\"position\":1,\"name\":\"Home\",\"item\":\"https:\\\/\\\/www.topo-gps.com\\\/ro\\\/aplicatie-de-harti-topografice-pentru-iphone-android-si-apple-watch\\\/\"},{\"@type\":\"ListItem\",\"position\":2,\"name\":\"Topo GPS pentru profesioni\u0219ti\"}]},{\"@type\":\"WebSite\",\"@id\":\"https:\\\/\\\/www.topo-gps.com\\\/ro\\\/#website\",\"url\":\"https:\\\/\\\/www.topo-gps.com\\\/ro\\\/\",\"name\":\"Topo GPS\",\"description\":\"Topographic maps GPS for iPhone, Android, iPad and Apple Watch\",\"potentialAction\":[{\"@type\":\"SearchAction\",\"target\":{\"@type\":\"EntryPoint\",\"urlTemplate\":\"https:\\\/\\\/www.topo-gps.com\\\/ro\\\/?s={search_term_string}\"},\"query-input\":{\"@type\":\"PropertyValueSpecification\",\"valueRequired\":true,\"valueName\":\"search_term_string\"}}],\"inLanguage\":\"ro-RO\"}]}<\/script>\n<!-- \/ Yoast SEO plugin. -->","yoast_head_json":{"title":"Topo GPS pentru profesioni\u0219ti - Topo GPS","robots":{"index":"index","follow":"follow","max-snippet":"max-snippet:-1","max-image-preview":"max-image-preview:large","max-video-preview":"max-video-preview:-1"},"canonical":"https:\/\/www.topo-gps.com\/ro\/topo-gps-pentru-profesionisti\/","og_locale":"ro_RO","og_type":"article","og_title":"Topo GPS pentru profesioni\u0219ti - Topo GPS","og_description":"[vc_row parallax_image_attachment=&#8221;inherit&#8221;][vc_column][\/vc_column][\/vc_row][vc_section section_type=&#8221;faqs&#8221; faqs_type=&#8221;1&#8243; parallax_image_attachment=&#8221;inherit&#8221; padding_class=&#8221;wide-100&#8243; el_id=&#8221;faqs&#8221;][vc_row][vc_column width=&#8221;1\/2&#8243;][\/vc_column][vc_column width=&#8221;1\/2&#8243;][\/vc_column][\/vc_row][\/vc_section][vc_row][vc_column][vc_separator][\/vc_column][\/vc_row][vc_section section_type=&#8221;features&#8221; features_type=&#8221;4&#8243; parallax_image_attachment=&#8221;inherit&#8221; el_id=&#8221;about&#8221;][vc_row parallax_image_attachment=&#8221;inherit&#8221;][vc_column width=&#8221;5\/12&#8243;][\/vc_column][vc_column width=&#8221;1\/12&#8243;][\/vc_column][vc_column width=&#8221;1\/2&#8243;][vc_row_inner][vc_column_inner width=&#8221;1\/2&#8243;][\/vc_column_inner][vc_column_inner width=&#8221;1\/2&#8243;][\/vc_column_inner][\/vc_row_inner][\/vc_column][\/vc_row][\/vc_section][vc_row][vc_column][vc_column_text] Vrei s\u0103 afli mai multe? Adresa\u021bi-v\u0103 \u00eentrebarea prin formularul nostru de contact de aici [\/vc_column_text][\/vc_column][\/vc_row]","og_url":"https:\/\/www.topo-gps.com\/ro\/topo-gps-pentru-profesionisti\/","og_site_name":"Topo GPS","article_modified_time":"2023-02-25T05:52:03+00:00","twitter_card":"summary_large_image","twitter_misc":{"Timp estimat pentru citire":"5 minute"},"schema":{"@context":"https:\/\/schema.org","@graph":[{"@type":"WebPage","@id":"https:\/\/www.topo-gps.com\/ro\/topo-gps-pentru-profesionisti\/","url":"https:\/\/www.topo-gps.com\/ro\/topo-gps-pentru-profesionisti\/","name":"Topo GPS pentru profesioni\u0219ti - Topo GPS","isPartOf":{"@id":"https:\/\/www.topo-gps.com\/ro\/#website"},"datePublished":"2023-02-25T05:51:39+00:00","dateModified":"2023-02-25T05:52:03+00:00","breadcrumb":{"@id":"https:\/\/www.topo-gps.com\/ro\/topo-gps-pentru-profesionisti\/#breadcrumb"},"inLanguage":"ro-RO","potentialAction":[{"@type":"ReadAction","target":["https:\/\/www.topo-gps.com\/ro\/topo-gps-pentru-profesionisti\/"]}]},{"@type":"BreadcrumbList","@id":"https:\/\/www.topo-gps.com\/ro\/topo-gps-pentru-profesionisti\/#breadcrumb","itemListElement":[{"@type":"ListItem","position":1,"name":"Home","item":"https:\/\/www.topo-gps.com\/ro\/aplicatie-de-harti-topografice-pentru-iphone-android-si-apple-watch\/"},{"@type":"ListItem","position":2,"name":"Topo GPS pentru profesioni\u0219ti"}]},{"@type":"WebSite","@id":"https:\/\/www.topo-gps.com\/ro\/#website","url":"https:\/\/www.topo-gps.com\/ro\/","name":"Topo GPS","description":"Topographic maps GPS for iPhone, Android, iPad and Apple Watch","potentialAction":[{"@type":"SearchAction","target":{"@type":"EntryPoint","urlTemplate":"https:\/\/www.topo-gps.com\/ro\/?s={search_term_string}"},"query-input":{"@type":"PropertyValueSpecification","valueRequired":true,"valueName":"search_term_string"}}],"inLanguage":"ro-RO"}]}},"_links":{"self":[{"href":"https:\/\/www.topo-gps.com\/ro\/wp-json\/wp\/v2\/pages\/23986","targetHints":{"allow":["GET"]}}],"collection":[{"href":"https:\/\/www.topo-gps.com\/ro\/wp-json\/wp\/v2\/pages"}],"about":[{"href":"https:\/\/www.topo-gps.com\/ro\/wp-json\/wp\/v2\/types\/page"}],"author":[{"embeddable":true,"href":"https:\/\/www.topo-gps.com\/ro\/wp-json\/wp\/v2\/users\/1"}],"replies":[{"embeddable":true,"href":"https:\/\/www.topo-gps.com\/ro\/wp-json\/wp\/v2\/comments?post=23986"}],"version-history":[{"count":0,"href":"https:\/\/www.topo-gps.com\/ro\/wp-json\/wp\/v2\/pages\/23986\/revisions"}],"wp:attachment":[{"href":"https:\/\/www.topo-gps.com\/ro\/wp-json\/wp\/v2\/media?parent=23986"}],"curies":[{"name":"wp","href":"https:\/\/api.w.org\/{rel}","templated":true}]}}