{"id":23968,"date":"2023-02-25T06:51:33","date_gmt":"2023-02-25T05:51:33","guid":{"rendered":"https:\/\/www.topo-gps.com\/harti\/harta-topografica-a-austriei\/"},"modified":"2024-03-14T17:33:14","modified_gmt":"2024-03-14T16:33:14","slug":"harta-topografica-a-austriei","status":"publish","type":"page","link":"https:\/\/www.topo-gps.com\/ro\/harta-topografica-a-austriei\/","title":{"rendered":"Harta topografic\u0103 a Austriei"},"content":{"rendered":"<div class=\"wpb-content-wrapper\"><p>[vc_section enable_inner=&#8221;yes&#8221; section_type=&#8221;hero&#8221; inner_margin_top=&#8221;mt-100&#8243; parallax_image_attachment=&#8221;inherit&#8221; padding_class=&#8221;wide-100&#8243; css=&#8221;.vc_custom_1649256153885{background-image: url(https:\/\/www.topo-gps.com\/wp-content\/uploads\/2022\/04\/z8l3pOHczbYa.jpg?id=15472) !important;background-position: center !important;background-repeat: no-repeat !important;background-size: cover !important;}&#8221;][vc_row parallax_image_attachment=&#8221;inherit&#8221; css=&#8221;.vc_custom_1639602296513{padding-top: 20px !important;padding-bottom: 20px !important;}&#8221;][vc_column width=&#8221;1\/2&#8243; css=&#8221;.vc_custom_1639603345318{margin-bottom: 20px !important;}&#8221;]\r\n        <div class=\"vc_custom_1649256165371  hero-txt\"> \r\n            \r\n                     \r\n            <h3 class=\"white-color h3-sm none  wow perch-fadeInUp fadeInUp\" style=\"font-weight: bold;\" data-wow-delay=\"300ms\" data-wow-duration=\"1200ms\">Harta topografic\u0103 a Austriei pe iPhone, telefonul Android \u0219i Apple Watch<\/h3>\r\n             \r\n            \r\n                        \r\n                        \r\n            \r\n                        \r\n                        \r\n                  \r\n        <\/div>[vc_row_inner][vc_column_inner width=&#8221;1\/2&#8243; css=&#8221;.vc_custom_1639605647058{padding-top: 10px !important;padding-bottom: 10px !important;}&#8221;]\r\n        <div class=\"hero-img  wow perch-fadeInUp fadeInUp text-center\" data-wow-delay=\"300ms\" data-wow-duration=\"1200ms\"> \r\n        <a href=\"https:\/\/apps.apple.com\/gb\/app\/topo-gps\/id578960575\" target=\"_self\" class=\"vc_single_image-wrapper  \"><img loading=\"lazy\" decoding=\"async\" class=\"vc_single_image-img img-fluid\" width=\"160\" height=\"50\"  src=\"https:\/\/www.topo-gps.com\/wp-content\/themes\/appset\/images\/appstore.png\" alt=\"External image\" \/><\/a>\r\n        <\/div>[\/vc_column_inner][vc_column_inner width=&#8221;1\/2&#8243; css=&#8221;.vc_custom_1639605658368{padding-top: 10px !important;padding-bottom: 10px !important;}&#8221;]\r\n        <div class=\"hero-img  wow perch-fadeInUp fadeInUp text-center\" data-wow-delay=\"300ms\" data-wow-duration=\"1200ms\"> \r\n        <a href=\"https:\/\/play.google.com\/store\/apps\/details?id=uk.rdzl.topo.gps&amp;hl=en\" target=\"_self\" class=\"vc_single_image-wrapper  \"><img loading=\"lazy\" decoding=\"async\" class=\"vc_single_image-img img-fluid\" width=\"171\" height=\"50\"  src=\"https:\/\/www.topo-gps.com\/wp-content\/themes\/appset\/images\/googleplay.png\" alt=\"External image\" \/><\/a>\r\n        <\/div>[\/vc_column_inner][\/vc_row_inner][\/vc_column][vc_column width=&#8221;1\/2&#8243; css=&#8221;.vc_custom_1639603183972{padding-top: 40px !important;padding-bottom: 40px !important;}&#8221;]\r\n        <div class=\"hero-img  wow perch-fadeInUp fadeInUp\" data-wow-delay=\"300ms\" data-wow-duration=\"1200ms\"> \r\n        <img loading=\"lazy\" decoding=\"async\" class=\"vc_single_image-img img-fluid\" width=\"560\" height=\"604\"  src=\"https:\/\/www.topo-gps.com\/wp-content\/uploads\/2022\/04\/at-map1.png\" alt=\"External image\" \/>\r\n        <\/div>[\/vc_column][\/vc_row][\/vc_section][vc_section][vc_row][vc_column]\r\n        <div class=\"section-title  wow perch-fadeInUp fadeInUp text-center\" data-wow-delay=\"300ms\" data-wow-duration=\"1200ms\">\r\n            <h2 class=\"h2-sm\">Cele mai bune h\u0103r\u021bi \u00een aer liber pentru Austria<\/h2>\r\n            <p class=\"p-lg\">H\u0103r\u021bile topografice oficiale sunt cele mai bune h\u0103r\u021bi \u00een aer liber pentru Austria.<\/p>         \r\n        <\/div>[vc_column_text]Topo GPS are h\u0103r\u021bi topografice austriece dedicate care fac din telefonul t\u0103u un dispozitiv GPS pentru a face orice activitate \u00een aer liber. De la drume\u021bii la schi. Austria este cunoscut\u0103 pentru peisajele sale alpine uimitoare, ceea ce o face o destina\u021bie popular\u0103 pentru activit\u0103\u021bi \u00een aer liber. Schiul \u0219i snowboardul sunt unele dintre cele mai populare activit\u0103\u021bi din Austria, cu sta\u021biuni de schi de talie mondial\u0103, cum ar fi St. Anton, Ischgl \u0219i Kitzb\u00fchel, care atrag vizitatori din \u00eentreaga lume. Sezonul de schi dureaz\u0103 de obicei din decembrie p\u00e2n\u0103 \u00een aprilie, iar \u021bara se m\u00e2ndre\u0219te cu peste 5.000 de kilometri de p\u00e2rtii pentru toate nivelurile de calificare.<\/p>\n<p>\u00cen lunile mai calde, drume\u021biile sunt o activitate popular\u0103 \u00een Austria, cu kilometri de trasee de explorat \u00een Alpi \u0219i \u00een alte regiuni muntoase. Exist\u0103 trasee pentru toate abilit\u0103\u021bile, de la plimb\u0103ri u\u0219oare prin paji\u0219ti luxuriante p\u00e2n\u0103 la drume\u021bii provocatoare pe v\u00e2rfuri abrupte ale mun\u021bilor. Unele destina\u021bii populare pentru drume\u021bii includ Districtul Lacului Salzkammergut, Drumul Alpin Grossglockner \u0219i Parcul Na\u021bional Hohe Tauern.<\/p>\n<p>Ciclismul montan este o alt\u0103 activitate popular\u0103 \u00een aer liber \u00een Austria, cu o varietate de trasee \u0219i terenuri care se potrivesc tuturor nivelurilor de \u00eendem\u00e2nare \u0219i fitness. Regiunea Tirol este renumit\u0103 \u00een special pentru traseele sale de ciclism montan, cu cobor\u00e2ri provocatoare \u0219i vederi pitore\u0219ti. Alte destina\u021bii populare includ Pista de biciclete Dun\u0103rea \u0219i Traseul de biciclete Lacul Neusiedl.<\/p>\n<p>Pentru cei care caut\u0103 o experien\u021b\u0103 mai relaxant\u0103 \u00een aer liber, Austria g\u0103zduie\u0219te, de asemenea, multe lacuri \u0219i r\u00e2uri pitore\u0219ti, unde vizitatorii pot \u00eenota, pot barca \u0219i pescuiesc. Regiunea Salzkammergut g\u0103zduie\u0219te multe lacuri pitore\u0219ti, \u00een timp ce r\u00e2urile Dun\u0103rea \u0219i Inn ofer\u0103 oportunit\u0103\u021bi pentru sporturi nautice.<\/p>\n<p>\u00cen general, Austria ofer\u0103 o gam\u0103 larg\u0103 de activit\u0103\u021bi \u00een aer liber pentru a se bucura vizitatorilor, de la schi \u0219i snowboard la drume\u021bii \u0219i ciclism montan. Cu peisajele alpine uimitoare \u0219i frumuse\u021bea natural\u0103, exist\u0103 \u00eentotdeauna ceva nou \u0219i interesant de descoperit \u00een aer liber din Austria.<\/p>\n<p>Cu h\u0103r\u021bile create de BEV ( <a href=\"https:\/\/maps.bev.gv.at\">Bundesamt f\u00fcr Eich- und Vermessungswesen<\/a> ), Kataster Service, pute\u021bi explora toate destina\u021biile austriece \u00een aer liber cu \u00eencredere \u0219i, de asemenea, f\u0103r\u0103 internet :-).[\/vc_column_text][\/vc_column][\/vc_row][vc_row][vc_column width=&#8221;1\/2&#8243;][vc_single_image custom_src=&#8221;https:\/\/www.topo-gps.com\/wp-content\/uploads\/2022\/04\/at-map2.jpg&#8221; external_img_size=&#8221;391&#215;600&#8243; alignment=&#8221;center&#8221;][\/vc_column][vc_column width=&#8221;1\/2&#8243;][vc_row_inner][vc_column_inner width=&#8221;1\/2&#8243;]\r\n        <div class=\"wow perch-fadeInUp fadeInUp fbox\" data-wow-delay=\"300ms\" data-wow-duration=\"1200ms\"> \r\n            <div class=\"fbox grey-color-box\">\r\n                <div class=\"grey-color-icon b-icon box-icon-md\"><span class=\" grey-color\"><\/span><\/div>  \r\n                <div class=\"fbox-txt\">    \r\n                    <h5 class=\"h5-sm\">Harta topografica<\/h5>\r\n                    <p class=\"grey-color\">O hart\u0103 topografic\u0103 con\u021bine multe detalii precum contururile de \u00een\u0103l\u021bime, drumurile mici \u0219i utilizarea terenului \u0219i este astfel ideal\u0103 pentru navigarea \u00een aer liber.<\/p>\r\n                    \r\n                <\/div> \r\n            <\/div>        \r\n        <\/div>\r\n        <div class=\"wow perch-fadeInUp fadeInUp fbox\" data-wow-delay=\"300ms\" data-wow-duration=\"1200ms\"> \r\n            <div class=\"fbox grey-color-box\">\r\n                <div class=\"grey-color-icon b-icon box-icon-md\"><span class=\" grey-color\"><\/span><\/div>  \r\n                <div class=\"fbox-txt\">    \r\n                    <h5 class=\"h5-sm\">KM50-R<\/h5>\r\n                    <p class=\"grey-color\">\u00cen aplica\u021bia Topo GPS pute\u021bi achizi\u021biona cea mai bun\u0103 hart\u0103 topografic\u0103 a Austriei, h\u0103r\u021bile KM50-R 1:50.000 produse de Austrian Land National Survey BEV.<\/p>\r\n                    \r\n                <\/div> \r\n            <\/div>        \r\n        <\/div>\r\n        <div class=\"wow perch-fadeInUp fadeInUp fbox\" data-wow-delay=\"300ms\" data-wow-duration=\"1200ms\"> \r\n            <div class=\"fbox grey-color-box\">\r\n                <div class=\"grey-color-icon b-icon box-icon-md\"><span class=\" grey-color\"><\/span><\/div>  \r\n                <div class=\"fbox-txt\">    \r\n                    <h5 class=\"h5-sm\">Pre\u021buri<\/h5>\r\n                    <p class=\"grey-color\">Accesul complet la harta topografic\u0103 complet\u0103 a Austriei \u00een Topo GPS cost\u0103 3,99 EUR. Aceasta include actualiz\u0103ri viitoare gratuite.<\/p>\r\n                    \r\n                <\/div> \r\n            <\/div>        \r\n        <\/div>[\/vc_column_inner][vc_column_inner width=&#8221;1\/2&#8243;]\r\n        <div class=\"wow perch-fadeInUp fadeInUp fbox\" data-wow-delay=\"300ms\" data-wow-duration=\"1200ms\"> \r\n            <div class=\"fbox grey-color-box\">\r\n                <div class=\"grey-color-icon b-icon box-icon-md\"><span class=\" grey-color\"><\/span><\/div>  \r\n                <div class=\"fbox-txt\">    \r\n                    <h5 class=\"h5-sm\">H\u0103r\u021bi offline<\/h5>\r\n                    <p class=\"grey-color\">Pute\u021bi face h\u0103r\u021bile topografice disponibile offline. \u00cen acest fel sunte\u021bi sigur c\u0103 h\u0103r\u021bile de care ave\u021bi nevoie sunt \u00eentotdeauna accesibile.<\/p>\r\n                    \r\n                <\/div> \r\n            <\/div>        \r\n        <\/div>\r\n        <div class=\"wow perch-fadeInUp fadeInUp fbox\" data-wow-delay=\"300ms\" data-wow-duration=\"1200ms\"> \r\n            <div class=\"fbox grey-color-box\">\r\n                <div class=\"grey-color-icon b-icon box-icon-md\"><span class=\" grey-color\"><\/span><\/div>  \r\n                <div class=\"fbox-txt\">    \r\n                    <h5 class=\"h5-sm\">Legend\u0103 clar\u0103<\/h5>\r\n                    <p class=\"grey-color\">Harta topografic\u0103 are o legend\u0103 clar\u0103 cu explica\u021bii pentru toate simbolurile.<\/p>\r\n                    \r\n                <\/div> \r\n            <\/div>        \r\n        <\/div>\r\n        <div class=\"wow perch-fadeInUp fadeInUp fbox\" data-wow-delay=\"300ms\" data-wow-duration=\"1200ms\"> \r\n            <div class=\"fbox grey-color-box\">\r\n                <div class=\"grey-color-icon b-icon box-icon-md\"><span class=\" grey-color\"><\/span><\/div>  \r\n                <div class=\"fbox-txt\">    \r\n                    <h5 class=\"h5-sm\">Aplica\u021bia Topo GPS<\/h5>\r\n                    <p class=\"grey-color\">Aplica\u021bia Topo GPS ofer\u0103 multe func\u021bii utile suplimentare pentru harta topografic\u0103. Cum ar fi navigarea, \u00eenc\u0103rcarea, planificarea \u0219i urm\u0103rirea rutelor \u0219i ad\u0103ugarea de puncte pe hart\u0103. Topo GPS con\u021bine toate func\u021biile unui dispozitiv GPS obi\u0219nuit.<\/p>\r\n                    \r\n                <\/div> \r\n            <\/div>        \r\n        <\/div>[\/vc_column_inner][\/vc_row_inner][\/vc_column][\/vc_row][\/vc_section][vc_section][vc_row][vc_column]\r\n        <div class=\"section-title  wow perch-fadeInUp fadeInUp text-center\" data-wow-delay=\"300ms\" data-wow-duration=\"1200ms\">\r\n            <h2 class=\"h2-sm\">Ce hart\u0103 ai prefera s\u0103 explorezi \u00een aer liber?<\/h2>\r\n            <p class=\"p-lg\">Compara\u021bi-v\u0103<\/p>         \r\n        <\/div>[vc_row_inner][vc_column_inner width=&#8221;1\/3&#8243;][vc_column_text]<\/p>\n<h3 style=\"text-align: center;\">H\u0103r\u021bi Google<\/h3>\n<p>[\/vc_column_text][vc_single_image custom_src=&#8221;https:\/\/www.topo-gps.com\/wp-content\/uploads\/2022\/04\/at-gm.jpg&#8221; external_img_size=&#8221;277&#215;560&#8243; alignment=&#8221;center&#8221;][\/vc_column_inner][vc_column_inner width=&#8221;1\/3&#8243;][vc_column_text]<\/p>\n<h3 style=\"text-align: center;\">OpenStreetMap<\/h3>\n<p>[\/vc_column_text][vc_single_image custom_src=&#8221;https:\/\/www.topo-gps.com\/wp-content\/uploads\/2022\/04\/at-osm.jpg&#8221; external_img_size=&#8221;277&#215;560&#8243; alignment=&#8221;center&#8221;][\/vc_column_inner][vc_column_inner width=&#8221;1\/3&#8243;][vc_column_text]<\/p>\n<h3 style=\"text-align: center;\">Harta topografica<\/h3>\n<p>[\/vc_column_text][vc_single_image custom_src=&#8221;https:\/\/www.topo-gps.com\/wp-content\/uploads\/2022\/04\/at-tg.jpg&#8221; external_img_size=&#8221;277&#215;560&#8243; alignment=&#8221;center&#8221;][\/vc_column_inner][\/vc_row_inner][\/vc_column][\/vc_row][\/vc_section][vc_section section_type=&#8221;hero&#8221; hero_type=&#8221;1&#8243; parallax_image_attachment=&#8221;fixed&#8221; padding_class=&#8221;&#8221;][vc_row content_placement=&#8221;&#8221; parallax_image_attachment=&#8221;inherit&#8221;][vc_column width=&#8221;1\/2&#8243; column_inner_style=&#8221;hero-txt&#8221; hero_txt_type=&#8221;1&#8243;]\r\n        <div class=\"hero-txt\"> \r\n            \r\n            <h2 class=\" wow perch-fadeInUp fadeInUp\" data-wow-delay=\"300ms\" data-wow-duration=\"1200ms\">Topo GPS<\/h2>         \r\n            <h3 class=\"h3-sm  wow perch-fadeInUp fadeInUp\" data-wow-delay=\"400ms\" data-wow-duration=\"1200ms\">Transform\u0103-\u021bi iPhone-ul, telefonul Android sau tableta \u00eentr-un dispozitiv GPS complet cu h\u0103r\u021bi topografice disponibile offline.<\/h3>\r\n             \r\n            \r\n                        \r\n                        \r\n            \r\n                        \r\n                        \r\n                  \r\n        <\/div>[vc_row_inner][vc_column_inner width=&#8221;1\/2&#8243; css=&#8221;.vc_custom_1639605647058{padding-top: 10px !important;padding-bottom: 10px !important;}&#8221;]\r\n        <div class=\"hero-img  wow perch-fadeInUp fadeInUp text-center\" data-wow-delay=\"300ms\" data-wow-duration=\"1200ms\"> \r\n        <a href=\"https:\/\/apps.apple.com\/gb\/app\/topo-gps\/id578960575\" target=\"_self\" class=\"vc_single_image-wrapper  \"><img loading=\"lazy\" decoding=\"async\" class=\"vc_single_image-img img-fluid\" width=\"160\" height=\"50\"  src=\"https:\/\/www.topo-gps.com\/wp-content\/themes\/appset\/images\/appstore.png\" alt=\"External image\" \/><\/a>\r\n        <\/div>[\/vc_column_inner][vc_column_inner width=&#8221;1\/2&#8243; css=&#8221;.vc_custom_1639605658368{padding-top: 10px !important;padding-bottom: 10px !important;}&#8221;]\r\n        <div class=\"hero-img  wow perch-fadeInUp fadeInUp text-center\" data-wow-delay=\"300ms\" data-wow-duration=\"1200ms\"> \r\n        <a href=\"https:\/\/play.google.com\/store\/apps\/details?id=uk.rdzl.topo.gps&amp;hl=en\" target=\"_self\" class=\"vc_single_image-wrapper  \"><img loading=\"lazy\" decoding=\"async\" class=\"vc_single_image-img img-fluid\" width=\"171\" height=\"50\"  src=\"https:\/\/www.topo-gps.com\/wp-content\/themes\/appset\/images\/googleplay.png\" alt=\"External image\" \/><\/a>\r\n        <\/div>[\/vc_column_inner][\/vc_row_inner][\/vc_column][vc_column width=&#8221;1\/2&#8243;]\r\n        <div class=\"wow perch-fadeInRight fadeInRight hero-1-img\" data-wow-delay=\"300ms\" data-wow-duration=\"1200ms\"> \r\n        <img decoding=\"async\" class=\"vc_single_image-img img-fluid\"  src=\"https:\/\/www.topo-gps.com\/wp-content\/uploads\/2022\/04\/at-main-1.png\" alt=\"External image\" \/>\r\n        <\/div>[\/vc_column][\/vc_row][\/vc_section]<\/p>\n<\/div>","protected":false},"excerpt":{"rendered":"<p>[vc_section enable_inner=&#8221;yes&#8221; section_type=&#8221;hero&#8221; inner_margin_top=&#8221;mt-100&#8243; parallax_image_attachment=&#8221;inherit&#8221; padding_class=&#8221;wide-100&#8243; css=&#8221;.vc_custom_1649256153885{background-image: url(https:\/\/www.topo-gps.com\/wp-content\/uploads\/2022\/04\/z8l3pOHczbYa.jpg?id=15472) !important;background-position: center !important;background-repeat: no-repeat !important;background-size: cover !important;}&#8221;][vc_row parallax_image_attachment=&#8221;inherit&#8221; css=&#8221;.vc_custom_1639602296513{padding-top: 20px !important;padding-bottom: 20px !important;}&#8221;][vc_column width=&#8221;1\/2&#8243; css=&#8221;.vc_custom_1639603345318{margin-bottom: 20px !important;}&#8221;][vc_row_inner][vc_column_inner width=&#8221;1\/2&#8243; css=&#8221;.vc_custom_1639605647058{padding-top: 10px !important;padding-bottom: 10px !important;}&#8221;][\/vc_column_inner][vc_column_inner width=&#8221;1\/2&#8243; css=&#8221;.vc_custom_1639605658368{padding-top: 10px !important;padding-bottom: 10px !important;}&#8221;][\/vc_column_inner][\/vc_row_inner][\/vc_column][vc_column width=&#8221;1\/2&#8243; css=&#8221;.vc_custom_1639603183972{padding-top: 40px !important;padding-bottom: 40px !important;}&#8221;][\/vc_column][\/vc_row][\/vc_section][vc_section][vc_row][vc_column][vc_column_text]Topo GPS are h\u0103r\u021bi topografice austriece dedicate care fac din telefonul t\u0103u un dispozitiv GPS pentru a face orice activitate \u00een aer liber. De la drume\u021bii la schi. Austria este cunoscut\u0103 pentru peisajele sale alpine uimitoare, ceea ce o face o destina\u021bie popular\u0103 pentru activit\u0103\u021bi \u00een aer liber. Schiul \u0219i snowboardul sunt unele dintre cele mai populare activit\u0103\u021bi&#8230;<\/p>\n","protected":false},"author":1,"featured_media":0,"parent":0,"menu_order":0,"comment_status":"closed","ping_status":"closed","template":"","meta":{"footnotes":""},"class_list":["post-23968","page","type-page","status-publish","hentry","no-post-thumbnail"],"yoast_head":"<!-- This site is optimized with the Yoast SEO plugin v27.4 - https:\/\/yoast.com\/product\/yoast-seo-wordpress\/ -->\n<title>Harta topografic\u0103 a Austriei - Topo GPS<\/title>\n<meta name=\"description\" content=\"Topo GPS are h\u0103r\u021bi topografice austriece dedicate care fac din telefonul t\u0103u un dispozitiv GPS pentru a face orice activitate \u00een aer liber. De la drume\u021bii la schi.\" \/>\n<meta name=\"robots\" content=\"index, follow, max-snippet:-1, max-image-preview:large, max-video-preview:-1\" \/>\n<link rel=\"canonical\" href=\"https:\/\/www.topo-gps.com\/ro\/harta-topografica-a-austriei\/\" \/>\n<meta property=\"og:locale\" content=\"ro_RO\" \/>\n<meta property=\"og:type\" content=\"article\" \/>\n<meta property=\"og:title\" content=\"Harta topografic\u0103 a Austriei - Topo GPS\" \/>\n<meta property=\"og:description\" content=\"Topo GPS are h\u0103r\u021bi topografice austriece dedicate care fac din telefonul t\u0103u un dispozitiv GPS pentru a face orice activitate \u00een aer liber. De la drume\u021bii la schi.\" \/>\n<meta property=\"og:url\" content=\"https:\/\/www.topo-gps.com\/ro\/harta-topografica-a-austriei\/\" \/>\n<meta property=\"og:site_name\" content=\"Topo GPS\" \/>\n<meta property=\"article:modified_time\" content=\"2024-03-14T16:33:14+00:00\" \/>\n<meta name=\"twitter:card\" content=\"summary_large_image\" \/>\n<meta name=\"twitter:label1\" content=\"Timp estimat pentru citire\" \/>\n\t<meta name=\"twitter:data1\" content=\"7 minute\" \/>\n<script type=\"application\/ld+json\" class=\"yoast-schema-graph\">{\"@context\":\"https:\\\/\\\/schema.org\",\"@graph\":[{\"@type\":\"WebPage\",\"@id\":\"https:\\\/\\\/www.topo-gps.com\\\/ro\\\/harta-topografica-a-austriei\\\/\",\"url\":\"https:\\\/\\\/www.topo-gps.com\\\/ro\\\/harta-topografica-a-austriei\\\/\",\"name\":\"Harta topografic\u0103 a Austriei - Topo GPS\",\"isPartOf\":{\"@id\":\"https:\\\/\\\/www.topo-gps.com\\\/ro\\\/#website\"},\"datePublished\":\"2023-02-25T05:51:33+00:00\",\"dateModified\":\"2024-03-14T16:33:14+00:00\",\"description\":\"Topo GPS are h\u0103r\u021bi topografice austriece dedicate care fac din telefonul t\u0103u un dispozitiv GPS pentru a face orice activitate \u00een aer liber. De la drume\u021bii la schi.\",\"breadcrumb\":{\"@id\":\"https:\\\/\\\/www.topo-gps.com\\\/ro\\\/harta-topografica-a-austriei\\\/#breadcrumb\"},\"inLanguage\":\"ro-RO\",\"potentialAction\":[{\"@type\":\"ReadAction\",\"target\":[\"https:\\\/\\\/www.topo-gps.com\\\/ro\\\/harta-topografica-a-austriei\\\/\"]}]},{\"@type\":\"BreadcrumbList\",\"@id\":\"https:\\\/\\\/www.topo-gps.com\\\/ro\\\/harta-topografica-a-austriei\\\/#breadcrumb\",\"itemListElement\":[{\"@type\":\"ListItem\",\"position\":1,\"name\":\"Home\",\"item\":\"https:\\\/\\\/www.topo-gps.com\\\/ro\\\/aplicatie-de-harti-topografice-pentru-iphone-android-si-apple-watch\\\/\"},{\"@type\":\"ListItem\",\"position\":2,\"name\":\"Harta topografic\u0103 a Austriei\"}]},{\"@type\":\"WebSite\",\"@id\":\"https:\\\/\\\/www.topo-gps.com\\\/ro\\\/#website\",\"url\":\"https:\\\/\\\/www.topo-gps.com\\\/ro\\\/\",\"name\":\"Topo GPS\",\"description\":\"Topographic maps GPS for iPhone, Android, iPad and Apple Watch\",\"potentialAction\":[{\"@type\":\"SearchAction\",\"target\":{\"@type\":\"EntryPoint\",\"urlTemplate\":\"https:\\\/\\\/www.topo-gps.com\\\/ro\\\/?s={search_term_string}\"},\"query-input\":{\"@type\":\"PropertyValueSpecification\",\"valueRequired\":true,\"valueName\":\"search_term_string\"}}],\"inLanguage\":\"ro-RO\"}]}<\/script>\n<!-- \/ Yoast SEO plugin. -->","yoast_head_json":{"title":"Harta topografic\u0103 a Austriei - Topo GPS","description":"Topo GPS are h\u0103r\u021bi topografice austriece dedicate care fac din telefonul t\u0103u un dispozitiv GPS pentru a face orice activitate \u00een aer liber. De la drume\u021bii la schi.","robots":{"index":"index","follow":"follow","max-snippet":"max-snippet:-1","max-image-preview":"max-image-preview:large","max-video-preview":"max-video-preview:-1"},"canonical":"https:\/\/www.topo-gps.com\/ro\/harta-topografica-a-austriei\/","og_locale":"ro_RO","og_type":"article","og_title":"Harta topografic\u0103 a Austriei - Topo GPS","og_description":"Topo GPS are h\u0103r\u021bi topografice austriece dedicate care fac din telefonul t\u0103u un dispozitiv GPS pentru a face orice activitate \u00een aer liber. De la drume\u021bii la schi.","og_url":"https:\/\/www.topo-gps.com\/ro\/harta-topografica-a-austriei\/","og_site_name":"Topo GPS","article_modified_time":"2024-03-14T16:33:14+00:00","twitter_card":"summary_large_image","twitter_misc":{"Timp estimat pentru citire":"7 minute"},"schema":{"@context":"https:\/\/schema.org","@graph":[{"@type":"WebPage","@id":"https:\/\/www.topo-gps.com\/ro\/harta-topografica-a-austriei\/","url":"https:\/\/www.topo-gps.com\/ro\/harta-topografica-a-austriei\/","name":"Harta topografic\u0103 a Austriei - Topo GPS","isPartOf":{"@id":"https:\/\/www.topo-gps.com\/ro\/#website"},"datePublished":"2023-02-25T05:51:33+00:00","dateModified":"2024-03-14T16:33:14+00:00","description":"Topo GPS are h\u0103r\u021bi topografice austriece dedicate care fac din telefonul t\u0103u un dispozitiv GPS pentru a face orice activitate \u00een aer liber. De la drume\u021bii la schi.","breadcrumb":{"@id":"https:\/\/www.topo-gps.com\/ro\/harta-topografica-a-austriei\/#breadcrumb"},"inLanguage":"ro-RO","potentialAction":[{"@type":"ReadAction","target":["https:\/\/www.topo-gps.com\/ro\/harta-topografica-a-austriei\/"]}]},{"@type":"BreadcrumbList","@id":"https:\/\/www.topo-gps.com\/ro\/harta-topografica-a-austriei\/#breadcrumb","itemListElement":[{"@type":"ListItem","position":1,"name":"Home","item":"https:\/\/www.topo-gps.com\/ro\/aplicatie-de-harti-topografice-pentru-iphone-android-si-apple-watch\/"},{"@type":"ListItem","position":2,"name":"Harta topografic\u0103 a Austriei"}]},{"@type":"WebSite","@id":"https:\/\/www.topo-gps.com\/ro\/#website","url":"https:\/\/www.topo-gps.com\/ro\/","name":"Topo GPS","description":"Topographic maps GPS for iPhone, Android, iPad and Apple Watch","potentialAction":[{"@type":"SearchAction","target":{"@type":"EntryPoint","urlTemplate":"https:\/\/www.topo-gps.com\/ro\/?s={search_term_string}"},"query-input":{"@type":"PropertyValueSpecification","valueRequired":true,"valueName":"search_term_string"}}],"inLanguage":"ro-RO"}]}},"_links":{"self":[{"href":"https:\/\/www.topo-gps.com\/ro\/wp-json\/wp\/v2\/pages\/23968","targetHints":{"allow":["GET"]}}],"collection":[{"href":"https:\/\/www.topo-gps.com\/ro\/wp-json\/wp\/v2\/pages"}],"about":[{"href":"https:\/\/www.topo-gps.com\/ro\/wp-json\/wp\/v2\/types\/page"}],"author":[{"embeddable":true,"href":"https:\/\/www.topo-gps.com\/ro\/wp-json\/wp\/v2\/users\/1"}],"replies":[{"embeddable":true,"href":"https:\/\/www.topo-gps.com\/ro\/wp-json\/wp\/v2\/comments?post=23968"}],"version-history":[{"count":0,"href":"https:\/\/www.topo-gps.com\/ro\/wp-json\/wp\/v2\/pages\/23968\/revisions"}],"wp:attachment":[{"href":"https:\/\/www.topo-gps.com\/ro\/wp-json\/wp\/v2\/media?parent=23968"}],"curies":[{"name":"wp","href":"https:\/\/api.w.org\/{rel}","templated":true}]}}