{"id":23887,"date":"2023-02-25T06:51:09","date_gmt":"2023-02-25T05:51:09","guid":{"rendered":"https:\/\/www.topo-gps.com\/harti\/"},"modified":"2025-01-30T12:00:53","modified_gmt":"2025-01-30T11:00:53","slug":"harti","status":"publish","type":"page","link":"https:\/\/www.topo-gps.com\/ro\/harti\/","title":{"rendered":"H\u0103r\u021bi"},"content":{"rendered":"<div class=\"wpb-content-wrapper\"><p>[vc_row][vc_column][vc_column_text]<\/p>\n<figure class=\"wp-block-image size-large\"><img loading=\"lazy\" decoding=\"async\" class=\"alignnone wp-image-3830 size-medium_large\" src=\"https:\/\/www.topo-gps.com\/wp-content\/uploads\/2021\/11\/MapChart_Map-768x405.png\" alt=\"\" width=\"768\" height=\"405\" srcset=\"https:\/\/www.topo-gps.com\/wp-content\/uploads\/2021\/11\/MapChart_Map-768x405.png 768w, https:\/\/www.topo-gps.com\/wp-content\/uploads\/2021\/11\/MapChart_Map-300x158.png 300w, https:\/\/www.topo-gps.com\/wp-content\/uploads\/2021\/11\/MapChart_Map-1024x539.png 1024w, https:\/\/www.topo-gps.com\/wp-content\/uploads\/2021\/11\/MapChart_Map-1536x809.png 1536w, https:\/\/www.topo-gps.com\/wp-content\/uploads\/2021\/11\/MapChart_Map-2048x1079.png 2048w, https:\/\/www.topo-gps.com\/wp-content\/uploads\/2021\/11\/MapChart_Map-600x316.png 600w, https:\/\/www.topo-gps.com\/wp-content\/uploads\/2021\/11\/MapChart_Map-500x263.png 500w, https:\/\/www.topo-gps.com\/wp-content\/uploads\/2021\/11\/MapChart_Map-400x211.png 400w\" sizes=\"auto, (max-width: 768px) 100vw, 768px\" \/><\/figure>\n<p>Mai sus sunt prezentate \u021b\u0103rile pentru care Topo GPS are h\u0103r\u021bi topografice dedicate. Exist\u0103 acoperire global\u0103 cu OpenStreetmap.<\/p>\n\r\n<figure class=\"wp-block-image size-large\"><\/figure>\r\n&#13;\n<figure class=\"wp-block-table\"><table><tbody><tr><td>\u00a0<\/td>&#13;\n<td><strong>\u021aar\u0103<\/strong><\/td>&#13;\n<td><strong>Pre\u021b*<\/strong><\/td>&#13;\n<\/tr><tr><td><img loading=\"lazy\" decoding=\"async\" class=\"alignnone size-full wp-image-4608\" src=\"http:\/\/www.topo-gps.com\/wp-content\/uploads\/2021\/11\/au.gif\" alt=\"\" width=\"16\" height=\"11\"\/><\/td>&#13;\n<td>Australia<\/td>&#13;\n<td>Queensland, New South Wales \u0219i South Australia (de asemenea, fotografii aeriene sunt disponibile pentru cump\u0103rare)<\/td>&#13;\n<\/tr><tr><td><img loading=\"lazy\" decoding=\"async\" class=\"alignnone size-full wp-image-4618\" src=\"https:\/\/www.topo-gps.com\/wp-content\/uploads\/2021\/11\/at.gif\" alt=\"\" width=\"16\" height=\"11\"\/><\/td>&#13;\n<td><a href=\"https:\/\/www.topo-gps.com\/ro\/harta-topografica-a-austriei\/\">Austria<\/a><\/td>&#13;\n<td>4,99 \u20ac<\/td>&#13;\n<\/tr><tr><td><img loading=\"lazy\" decoding=\"async\" class=\"alignnone size-full wp-image-4628\" src=\"https:\/\/www.topo-gps.com\/wp-content\/uploads\/2021\/11\/be.gif\" alt=\"\" width=\"16\" height=\"11\"\/><\/td>&#13;\n<td><a href=\"https:\/\/www.topo-gps.com\/ro\/harta-topografica-a-belgiei\/\">Belgia<\/a><\/td>&#13;\n<td>0,99 EUR pe 36 km\u00b2 SAU abonament de 1 an 12,99 EUR<\/td>&#13;\n<\/tr><tr><td><img loading=\"lazy\" decoding=\"async\" class=\"alignnone size-full wp-image-4638\" src=\"https:\/\/www.topo-gps.com\/wp-content\/uploads\/2021\/11\/cz.gif\" alt=\"\" width=\"16\" height=\"11\"\/><\/td>&#13;\n<td><a href=\"https:\/\/www.topo-gps.com\/ro\/harta-topografica-a-cehiei\/\">Republica Ceh\u0103<\/a><\/td>&#13;\n<td>3,99 \u20ac<\/td>&#13;\n<\/tr><tr><td><img loading=\"lazy\" decoding=\"async\" class=\"alignnone size-full wp-image-4648\" src=\"https:\/\/www.topo-gps.com\/wp-content\/uploads\/2021\/11\/dk.gif\" alt=\"\" width=\"16\" height=\"11\"\/><\/td>&#13;\n<td><a href=\"https:\/\/www.topo-gps.com\/ro\/harta-topografica-a-danemarcei\/\">Danemarca<\/a><\/td>&#13;\n<td>4,99 \u20ac<\/td>&#13;\n<\/tr><tr><td><img loading=\"lazy\" decoding=\"async\" class=\"alignnone size-full wp-image-4658\" src=\"https:\/\/www.topo-gps.com\/wp-content\/uploads\/2021\/11\/ee.gif\" alt=\"\" width=\"16\" height=\"11\"\/><\/td>&#13;\n<td><a href=\"https:\/\/www.topo-gps.com\/ro\/harta-topografica-a-estoniei\/\">Estonia<\/a><\/td>&#13;\n<td>4,99 \u20ac<\/td>&#13;\n<\/tr><tr><td><img loading=\"lazy\" decoding=\"async\" class=\"alignnone size-full wp-image-24472\" src=\"https:\/\/www.topo-gps.com\/wp-content\/uploads\/2023\/03\/fo.gif\" alt=\"\" width=\"16\" height=\"11\"\/><\/td>&#13;\n<td><a href=\"https:\/\/www.topo-gps.com\/ro\/harta-topografica-a-insulelor-feroe\/\">Insulele Feroe<\/a><\/td>&#13;\n<td>4,99 \u20ac<\/td>&#13;\n<\/tr><tr><td><img loading=\"lazy\" decoding=\"async\" class=\"alignnone size-full wp-image-4668\" src=\"https:\/\/www.topo-gps.com\/wp-content\/uploads\/2021\/11\/fi.gif\" alt=\"\" width=\"16\" height=\"11\"\/><\/td>&#13;\n<td><a href=\"https:\/\/www.topo-gps.com\/ro\/harta-topografica-a-finlandei\/\">Finlanda<\/a><\/td>&#13;\n<td>4,99 \u20ac<\/td>&#13;\n<\/tr><tr><td><img loading=\"lazy\" decoding=\"async\" class=\"alignnone size-full wp-image-4678\" src=\"http:\/\/www.topo-gps.com\/wp-content\/uploads\/2021\/11\/fr.gif\" alt=\"\" width=\"16\" height=\"11\"\/><\/td>&#13;\n<td><a href=\"https:\/\/www.topo-gps.com\/ro\/harta-topografica-a-frantei\/\">Fran\u0163a<\/a><\/td>&#13;\n<td>Abonament 1 an 19,99 EUR<\/td>&#13;\n<\/tr><tr><td><img loading=\"lazy\" decoding=\"async\" class=\"alignnone size-full wp-image-4688\" src=\"https:\/\/www.topo-gps.com\/wp-content\/uploads\/2021\/11\/de.gif\" alt=\"\" width=\"16\" height=\"11\"\/><\/td>&#13;\n<td><a href=\"https:\/\/www.topo-gps.com\/ro\/harta-topografica-a-germaniei\/\">Germania<\/a><\/td>&#13;\n<td>4,99 \u20ac<\/td>&#13;\n<\/tr><tr><td><img loading=\"lazy\" decoding=\"async\" class=\"alignnone size-full wp-image-4698\" src=\"https:\/\/www.topo-gps.com\/wp-content\/uploads\/2021\/11\/gb.gif\" alt=\"\" width=\"16\" height=\"11\"\/><\/td>&#13;\n<td><a href=\"https:\/\/www.topo-gps.com\/ro\/harta-topografica-a-marii-britanii\/\">Marea Britanie<\/a><\/td>&#13;\n<td>0,99 EUR pe 64 km\u00b2 SAU abonament de 1 an 28,99 EUR<\/td>&#13;\n<\/tr><tr><td><img loading=\"lazy\" decoding=\"async\" class=\"alignnone size-full wp-image-4708\" src=\"https:\/\/www.topo-gps.com\/wp-content\/uploads\/2021\/11\/jp.gif\" alt=\"\" width=\"16\" height=\"11\"\/><\/td>&#13;\n<td><a href=\"https:\/\/www.topo-gps.com\/ro\/harta-topografica-a-japoniei\/\">Japonia<\/a><\/td>&#13;\n<td>4,99 \u20ac<\/td>&#13;\n<\/tr><tr><td><img loading=\"lazy\" decoding=\"async\" class=\"alignnone size-full wp-image-4718\" src=\"https:\/\/www.topo-gps.com\/wp-content\/uploads\/2021\/11\/lu.gif\" alt=\"\" width=\"16\" height=\"11\"\/><\/td>&#13;\n<td><a href=\"https:\/\/www.topo-gps.com\/ro\/harta-topografica-a-luxemburgului\/\">Luxemburg<\/a><\/td>&#13;\n<td>4,99 \u20ac<\/td>&#13;\n<\/tr><tr><td><img loading=\"lazy\" decoding=\"async\" class=\"alignnone size-full wp-image-4728\" src=\"http:\/\/www.topo-gps.com\/wp-content\/uploads\/2021\/11\/nl.gif\" alt=\"\" width=\"16\" height=\"11\"\/><\/td>&#13;\n<td><a href=\"https:\/\/www.topo-gps.com\/ro\/harta-topografica-a-tarilor-de-jos\/\">Olanda<\/a><\/td>&#13;\n<td>4,99 EUR (disponibile \u0219i imagini aeriene)<\/td>&#13;\n<\/tr><tr><td><img loading=\"lazy\" decoding=\"async\" class=\"alignnone size-full wp-image-4748\" src=\"https:\/\/www.topo-gps.com\/wp-content\/uploads\/2021\/11\/nz.gif\" alt=\"\" width=\"16\" height=\"11\"\/><\/td>&#13;\n<td><a href=\"https:\/\/www.topo-gps.com\/ro\/harta-topografica-a-noii-zeelande\/\">Noua Zeeland\u0103<\/a><\/td>&#13;\n<td>4,99 \u20ac<\/td>&#13;\n<\/tr><tr><td><img loading=\"lazy\" decoding=\"async\" class=\"alignnone size-full wp-image-4748\" src=\"https:\/\/www.topo-gps.com\/wp-content\/uploads\/2021\/11\/no.gif\" alt=\"\" width=\"16\" height=\"11\"\/><\/td>&#13;\n<td><a href=\"https:\/\/www.topo-gps.com\/ro\/harta-topografica-a-norvegiei\/\">Norvegia<\/a><\/td>&#13;\n<td>4,99 \u20ac<\/td>&#13;\n<\/tr><tr><td><img loading=\"lazy\" decoding=\"async\" class=\"alignnone size-full wp-image-22988\" src=\"https:\/\/www.topo-gps.com\/wp-content\/uploads\/2023\/01\/pl.gif\" alt=\"\" width=\"16\" height=\"11\"\/><\/td>&#13;\n<td>Polonia<\/td>&#13;\n<td>de la 3,49 EUR (de asemenea, imagini aeriene)<\/td>&#13;\n<\/tr><tr><td><img loading=\"lazy\" decoding=\"async\" class=\"alignnone size-full wp-image-22999\" src=\"https:\/\/www.topo-gps.com\/wp-content\/uploads\/2023\/01\/ro.gif\" alt=\"\" width=\"16\" height=\"11\"\/><\/td>&#13;\n<td>Rom\u00e2nia<\/td>&#13;\n<td>de la 3,49 \u20ac<\/td>&#13;\n<\/tr><tr><td><img loading=\"lazy\" decoding=\"async\" class=\"alignnone size-full wp-image-4768\" src=\"https:\/\/www.topo-gps.com\/wp-content\/uploads\/2021\/11\/si.gif\" alt=\"\" width=\"16\" height=\"11\"\/><\/td>&#13;\n<td><a href=\"https:\/\/www.topo-gps.com\/ro\/harta-topografica-a-sloveniei\/\">Slovenia<\/a><\/td>&#13;\n<td>3,99 \u20ac<\/td>&#13;\n<\/tr><tr><td><img loading=\"lazy\" decoding=\"async\" class=\"alignnone size-full wp-image-4778\" src=\"https:\/\/www.topo-gps.com\/wp-content\/uploads\/2021\/11\/es.gif\" alt=\"\" width=\"16\" height=\"11\"\/><\/td>&#13;\n<td><a href=\"https:\/\/www.topo-gps.com\/ro\/harta-topografica-a-spaniei\/\">Spania<\/a><\/td>&#13;\n<td>3,99 \u20ac<\/td>&#13;\n<\/tr><tr><td><img loading=\"lazy\" decoding=\"async\" class=\"alignnone size-full wp-image-4788\" src=\"https:\/\/www.topo-gps.com\/wp-content\/uploads\/2021\/11\/se.gif\" alt=\"\" width=\"16\" height=\"11\"\/><\/td>&#13;\n<td><a href=\"https:\/\/www.topo-gps.com\/ro\/harta-topografica-a-suediei\/\">Suedia<\/a><\/td>&#13;\n<td>3,99 \u20ac<\/td>&#13;\n<\/tr><tr><td><img loading=\"lazy\" decoding=\"async\" class=\"alignnone size-full wp-image-4798\" src=\"https:\/\/www.topo-gps.com\/wp-content\/uploads\/2021\/11\/ch.gif\" alt=\"\" width=\"11\" height=\"11\"\/><\/td>&#13;\n<td><a href=\"https:\/\/www.topo-gps.com\/ro\/harta-topografica-a-elvetiei\/\">Elve\u0163ia<\/a><\/td>&#13;\n<td>4,99 \u20ac<\/td>&#13;\n<\/tr><tr><td><img loading=\"lazy\" decoding=\"async\" class=\"alignnone size-full wp-image-4808\" src=\"http:\/\/www.topo-gps.com\/wp-content\/uploads\/2021\/11\/us.gif\" alt=\"\" width=\"16\" height=\"11\"\/><\/td>&#13;\n<td><a href=\"https:\/\/www.topo-gps.com\/ro\/harta-topografica-a-sua\/\">Statele Unite<\/a><\/td>&#13;\n<td>3,99 \u20ac<\/td>&#13;\n<\/tr><tr><td>\u00a0<\/td>&#13;\n<td>Acoperire mondial\u0103<\/td>&#13;\n<td>5,49 \u20ac<\/td>&#13;\n<\/tr><\/tbody><\/table><\/figure><p><\/p> *Pricing might change based on Apple or Google pricing tier changes. The above prices are the lowest latest prices available in one of the app stores.<\/p>\r\n<p>&nbsp;<\/p>\n<\/div>","protected":false},"excerpt":{"rendered":"<p>[vc_row][vc_column][vc_column_text] Mai sus sunt prezentate \u021b\u0103rile pentru care Topo GPS are h\u0103r\u021bi topografice dedicate. Exist\u0103 acoperire global\u0103 cu OpenStreetmap. &nbsp;<\/p>\n","protected":false},"author":1,"featured_media":0,"parent":0,"menu_order":0,"comment_status":"closed","ping_status":"closed","template":"","meta":{"footnotes":""},"class_list":["post-23887","page","type-page","status-publish","hentry","no-post-thumbnail"],"yoast_head":"<!-- This site is optimized with the Yoast SEO plugin v27.6 - https:\/\/yoast.com\/product\/yoast-seo-wordpress\/ -->\n<title>H\u0103r\u021bi - Topo GPS<\/title>\n<meta name=\"description\" content=\"Toate h\u0103r\u021bile acoperite de Topo GPS. 27 de h\u0103r\u021bi de \u021bar\u0103 plus acoperire global\u0103 suplimentar\u0103 cu Open Streetmap. \u0218i imagini din satelit pentru unii.\" \/>\n<meta name=\"robots\" content=\"index, follow, max-snippet:-1, max-image-preview:large, max-video-preview:-1\" \/>\n<link rel=\"canonical\" href=\"https:\/\/www.topo-gps.com\/ro\/harti\/\" \/>\n<meta property=\"og:locale\" content=\"ro_RO\" \/>\n<meta property=\"og:type\" content=\"article\" \/>\n<meta property=\"og:title\" content=\"H\u0103r\u021bi - Topo GPS\" \/>\n<meta property=\"og:description\" content=\"Toate h\u0103r\u021bile acoperite de Topo GPS. 27 de h\u0103r\u021bi de \u021bar\u0103 plus acoperire global\u0103 suplimentar\u0103 cu Open Streetmap. \u0218i imagini din satelit pentru unii.\" \/>\n<meta property=\"og:url\" content=\"https:\/\/www.topo-gps.com\/ro\/harti\/\" \/>\n<meta property=\"og:site_name\" content=\"Topo GPS\" \/>\n<meta property=\"article:modified_time\" content=\"2025-01-30T11:00:53+00:00\" \/>\n<meta property=\"og:image\" content=\"https:\/\/www.topo-gps.com\/wp-content\/uploads\/2021\/11\/MapChart_Map-1024x539.png\" \/>\n\t<meta property=\"og:image:width\" content=\"1024\" \/>\n\t<meta property=\"og:image:height\" content=\"539\" \/>\n\t<meta property=\"og:image:type\" content=\"image\/png\" \/>\n<meta name=\"twitter:card\" content=\"summary_large_image\" \/>\n<meta name=\"twitter:label1\" content=\"Timp estimat pentru citire\" \/>\n\t<meta name=\"twitter:data1\" content=\"1 minut\" \/>\n<script type=\"application\/ld+json\" class=\"yoast-schema-graph\">{\"@context\":\"https:\\\/\\\/schema.org\",\"@graph\":[{\"@type\":\"WebPage\",\"@id\":\"https:\\\/\\\/www.topo-gps.com\\\/ro\\\/harti\\\/\",\"url\":\"https:\\\/\\\/www.topo-gps.com\\\/ro\\\/harti\\\/\",\"name\":\"H\u0103r\u021bi - Topo GPS\",\"isPartOf\":{\"@id\":\"https:\\\/\\\/www.topo-gps.com\\\/ro\\\/#website\"},\"primaryImageOfPage\":{\"@id\":\"https:\\\/\\\/www.topo-gps.com\\\/ro\\\/harti\\\/#primaryimage\"},\"image\":{\"@id\":\"https:\\\/\\\/www.topo-gps.com\\\/ro\\\/harti\\\/#primaryimage\"},\"thumbnailUrl\":\"https:\\\/\\\/www.topo-gps.com\\\/wp-content\\\/uploads\\\/2021\\\/11\\\/MapChart_Map-768x405.png\",\"datePublished\":\"2023-02-25T05:51:09+00:00\",\"dateModified\":\"2025-01-30T11:00:53+00:00\",\"description\":\"Toate h\u0103r\u021bile acoperite de Topo GPS. 27 de h\u0103r\u021bi de \u021bar\u0103 plus acoperire global\u0103 suplimentar\u0103 cu Open Streetmap. \u0218i imagini din satelit pentru unii.\",\"breadcrumb\":{\"@id\":\"https:\\\/\\\/www.topo-gps.com\\\/ro\\\/harti\\\/#breadcrumb\"},\"inLanguage\":\"ro-RO\",\"potentialAction\":[{\"@type\":\"ReadAction\",\"target\":[\"https:\\\/\\\/www.topo-gps.com\\\/ro\\\/harti\\\/\"]}]},{\"@type\":\"ImageObject\",\"inLanguage\":\"ro-RO\",\"@id\":\"https:\\\/\\\/www.topo-gps.com\\\/ro\\\/harti\\\/#primaryimage\",\"url\":\"https:\\\/\\\/www.topo-gps.com\\\/wp-content\\\/uploads\\\/2021\\\/11\\\/MapChart_Map-768x405.png\",\"contentUrl\":\"https:\\\/\\\/www.topo-gps.com\\\/wp-content\\\/uploads\\\/2021\\\/11\\\/MapChart_Map-768x405.png\"},{\"@type\":\"BreadcrumbList\",\"@id\":\"https:\\\/\\\/www.topo-gps.com\\\/ro\\\/harti\\\/#breadcrumb\",\"itemListElement\":[{\"@type\":\"ListItem\",\"position\":1,\"name\":\"Home\",\"item\":\"https:\\\/\\\/www.topo-gps.com\\\/ro\\\/aplicatie-de-harti-topografice-pentru-iphone-android-si-apple-watch\\\/\"},{\"@type\":\"ListItem\",\"position\":2,\"name\":\"H\u0103r\u021bi\"}]},{\"@type\":\"WebSite\",\"@id\":\"https:\\\/\\\/www.topo-gps.com\\\/ro\\\/#website\",\"url\":\"https:\\\/\\\/www.topo-gps.com\\\/ro\\\/\",\"name\":\"Topo GPS\",\"description\":\"Topographic maps GPS for iPhone, Android, iPad and Apple Watch\",\"potentialAction\":[{\"@type\":\"SearchAction\",\"target\":{\"@type\":\"EntryPoint\",\"urlTemplate\":\"https:\\\/\\\/www.topo-gps.com\\\/ro\\\/?s={search_term_string}\"},\"query-input\":{\"@type\":\"PropertyValueSpecification\",\"valueRequired\":true,\"valueName\":\"search_term_string\"}}],\"inLanguage\":\"ro-RO\"}]}<\/script>\n<!-- \/ Yoast SEO plugin. -->","yoast_head_json":{"title":"H\u0103r\u021bi - Topo GPS","description":"Toate h\u0103r\u021bile acoperite de Topo GPS. 27 de h\u0103r\u021bi de \u021bar\u0103 plus acoperire global\u0103 suplimentar\u0103 cu Open Streetmap. \u0218i imagini din satelit pentru unii.","robots":{"index":"index","follow":"follow","max-snippet":"max-snippet:-1","max-image-preview":"max-image-preview:large","max-video-preview":"max-video-preview:-1"},"canonical":"https:\/\/www.topo-gps.com\/ro\/harti\/","og_locale":"ro_RO","og_type":"article","og_title":"H\u0103r\u021bi - Topo GPS","og_description":"Toate h\u0103r\u021bile acoperite de Topo GPS. 27 de h\u0103r\u021bi de \u021bar\u0103 plus acoperire global\u0103 suplimentar\u0103 cu Open Streetmap. \u0218i imagini din satelit pentru unii.","og_url":"https:\/\/www.topo-gps.com\/ro\/harti\/","og_site_name":"Topo GPS","article_modified_time":"2025-01-30T11:00:53+00:00","og_image":[{"width":1024,"height":539,"url":"https:\/\/www.topo-gps.com\/wp-content\/uploads\/2021\/11\/MapChart_Map-1024x539.png","type":"image\/png"}],"twitter_card":"summary_large_image","twitter_misc":{"Timp estimat pentru citire":"1 minut"},"schema":{"@context":"https:\/\/schema.org","@graph":[{"@type":"WebPage","@id":"https:\/\/www.topo-gps.com\/ro\/harti\/","url":"https:\/\/www.topo-gps.com\/ro\/harti\/","name":"H\u0103r\u021bi - Topo GPS","isPartOf":{"@id":"https:\/\/www.topo-gps.com\/ro\/#website"},"primaryImageOfPage":{"@id":"https:\/\/www.topo-gps.com\/ro\/harti\/#primaryimage"},"image":{"@id":"https:\/\/www.topo-gps.com\/ro\/harti\/#primaryimage"},"thumbnailUrl":"https:\/\/www.topo-gps.com\/wp-content\/uploads\/2021\/11\/MapChart_Map-768x405.png","datePublished":"2023-02-25T05:51:09+00:00","dateModified":"2025-01-30T11:00:53+00:00","description":"Toate h\u0103r\u021bile acoperite de Topo GPS. 27 de h\u0103r\u021bi de \u021bar\u0103 plus acoperire global\u0103 suplimentar\u0103 cu Open Streetmap. \u0218i imagini din satelit pentru unii.","breadcrumb":{"@id":"https:\/\/www.topo-gps.com\/ro\/harti\/#breadcrumb"},"inLanguage":"ro-RO","potentialAction":[{"@type":"ReadAction","target":["https:\/\/www.topo-gps.com\/ro\/harti\/"]}]},{"@type":"ImageObject","inLanguage":"ro-RO","@id":"https:\/\/www.topo-gps.com\/ro\/harti\/#primaryimage","url":"https:\/\/www.topo-gps.com\/wp-content\/uploads\/2021\/11\/MapChart_Map-768x405.png","contentUrl":"https:\/\/www.topo-gps.com\/wp-content\/uploads\/2021\/11\/MapChart_Map-768x405.png"},{"@type":"BreadcrumbList","@id":"https:\/\/www.topo-gps.com\/ro\/harti\/#breadcrumb","itemListElement":[{"@type":"ListItem","position":1,"name":"Home","item":"https:\/\/www.topo-gps.com\/ro\/aplicatie-de-harti-topografice-pentru-iphone-android-si-apple-watch\/"},{"@type":"ListItem","position":2,"name":"H\u0103r\u021bi"}]},{"@type":"WebSite","@id":"https:\/\/www.topo-gps.com\/ro\/#website","url":"https:\/\/www.topo-gps.com\/ro\/","name":"Topo GPS","description":"Topographic maps GPS for iPhone, Android, iPad and Apple Watch","potentialAction":[{"@type":"SearchAction","target":{"@type":"EntryPoint","urlTemplate":"https:\/\/www.topo-gps.com\/ro\/?s={search_term_string}"},"query-input":{"@type":"PropertyValueSpecification","valueRequired":true,"valueName":"search_term_string"}}],"inLanguage":"ro-RO"}]}},"_links":{"self":[{"href":"https:\/\/www.topo-gps.com\/ro\/wp-json\/wp\/v2\/pages\/23887","targetHints":{"allow":["GET"]}}],"collection":[{"href":"https:\/\/www.topo-gps.com\/ro\/wp-json\/wp\/v2\/pages"}],"about":[{"href":"https:\/\/www.topo-gps.com\/ro\/wp-json\/wp\/v2\/types\/page"}],"author":[{"embeddable":true,"href":"https:\/\/www.topo-gps.com\/ro\/wp-json\/wp\/v2\/users\/1"}],"replies":[{"embeddable":true,"href":"https:\/\/www.topo-gps.com\/ro\/wp-json\/wp\/v2\/comments?post=23887"}],"version-history":[{"count":0,"href":"https:\/\/www.topo-gps.com\/ro\/wp-json\/wp\/v2\/pages\/23887\/revisions"}],"wp:attachment":[{"href":"https:\/\/www.topo-gps.com\/ro\/wp-json\/wp\/v2\/media?parent=23887"}],"curies":[{"name":"wp","href":"https:\/\/api.w.org\/{rel}","templated":true}]}}