{"id":23883,"date":"2023-02-25T06:51:09","date_gmt":"2023-02-25T05:51:09","guid":{"rendered":"https:\/\/www.topo-gps.com\/formate-de-date-geografice-acceptate\/"},"modified":"2023-06-16T14:10:18","modified_gmt":"2023-06-16T13:10:18","slug":"formate-de-date-geografice-acceptate","status":"publish","type":"page","link":"https:\/\/www.topo-gps.com\/ro\/formate-de-date-geografice-acceptate\/","title":{"rendered":"Formate de date geografice acceptate"},"content":{"rendered":"<div class=\"wpb-content-wrapper\"><p>[vc_row][vc_column]\r\n        <div class=\"hero-txt\"> \r\n            \r\n                     \r\n            <h3 class=\"h3-sm  wow perch-fadeInUp fadeInUp\" data-wow-delay=\"300ms\" data-wow-duration=\"1200ms\">Formate de date geografice acceptate<\/h3>\r\n             \r\n            \r\n                        \r\n                        \r\n            \r\n                        \r\n                        \r\n                  \r\n        <\/div>\r\n        <div class=\"content-txt\"> \r\n        \t\r\n                     \r\n            \r\n            <p class=\"p-md  wow perch-fadeInUp fadeInUp\" data-wow-delay=\"300ms\" data-wow-duration=\"1200ms\">Exist\u0103 multe formate diferite pentru geodate. Topo GPS accept\u0103 cele mai populare pentru import, utilizare \u0219i export.<\/p> \r\n             \r\n            \r\n                        \r\n                        \r\n            \r\n             \r\n                       \r\n                        \r\n                  \r\n        <\/div>[vc_column_text]<\/p>\n<p>&nbsp;<\/p>\n&#13;\n<figure class=\"wp-block-table is-style-stripes\"><table><tbody><tr><td>\u00a0<\/td>&#13;\n<td><strong>Trasee<\/strong><\/td>&#13;\n<td><strong>Puncte de trecere<\/strong><\/td>&#13;\n<td><strong>Pictograme<\/strong><\/td>&#13;\n<td><strong>Linii<\/strong><\/td>&#13;\n<td><strong>Zone<\/strong><\/td>&#13;\n<td><strong>Fotografii<\/strong><\/td>&#13;\n<td><strong>Tipul de coordonate<\/strong><\/td>&#13;\n<td><strong>Comprimare<\/strong><\/td>&#13;\n<td><strong>iOS<\/strong><\/td>&#13;\n<td><strong>Android<\/strong><\/td>&#13;\n<td><strong>Import<\/strong><\/td>&#13;\n<td><strong>Export<\/strong><\/td>&#13;\n<td>\u00a0<\/td>&#13;\n<\/tr><tr><td>GPX<\/td>&#13;\n<td style=\"text-align: center;\">\u2713<\/td>&#13;\n<td style=\"text-align: center;\">\u2713<\/td>&#13;\n<td style=\"text-align: center;\">\u2713*<\/td>&#13;\n<td style=\"text-align: center;\">\u00a0<\/td>&#13;\n<td style=\"text-align: center;\">\u00a0<\/td>&#13;\n<td style=\"text-align: center;\">\u00a0<\/td>&#13;\n<td style=\"text-align: center;\">WGS84<\/td>&#13;\n<td style=\"text-align: center;\">\u00a0<\/td>&#13;\n<td style=\"text-align: center;\">\u2713<\/td>&#13;\n<td style=\"text-align: center;\">\u2713<\/td>&#13;\n<td style=\"text-align: center;\">\u2713<\/td>&#13;\n<td style=\"text-align: center;\">\u2713<\/td>&#13;\n<td>\u00a0<\/td>&#13;\n<\/tr><tr><td>GPX.zip<\/td>&#13;\n<td style=\"text-align: center;\">\u2713<\/td>&#13;\n<td style=\"text-align: center;\">\u2713<\/td>&#13;\n<td style=\"text-align: center;\">\u2713*<\/td>&#13;\n<td style=\"text-align: center;\">\u00a0<\/td>&#13;\n<td style=\"text-align: center;\">\u00a0<\/td>&#13;\n<td style=\"text-align: center;\">\u2713<\/td>&#13;\n<td style=\"text-align: center;\">WGS84<\/td>&#13;\n<td style=\"text-align: center;\">\u2713<\/td>&#13;\n<td style=\"text-align: center;\">\u2713<\/td>&#13;\n<td style=\"text-align: center;\">\u2713<\/td>&#13;\n<td style=\"text-align: center;\">\u2713<\/td>&#13;\n<td style=\"text-align: center;\">\u2713<\/td>&#13;\n<td>\u00a0<\/td>&#13;\n<\/tr><tr><td>KML<\/td>&#13;\n<td style=\"text-align: center;\">\u2713<\/td>&#13;\n<td style=\"text-align: center;\">\u2713<\/td>&#13;\n<td style=\"text-align: center;\">\u2713*<\/td>&#13;\n<td style=\"text-align: center;\">\u2713<\/td>&#13;\n<td style=\"text-align: center;\">\u2713<\/td>&#13;\n<td style=\"text-align: center;\">\u00a0<\/td>&#13;\n<td style=\"text-align: center;\">WGS84<\/td>&#13;\n<td style=\"text-align: center;\">\u00a0<\/td>&#13;\n<td style=\"text-align: center;\">\u2713<\/td>&#13;\n<td style=\"text-align: center;\">\u2713<\/td>&#13;\n<td style=\"text-align: center;\">\u2713<\/td>&#13;\n<td style=\"text-align: center;\">\u2713<\/td>&#13;\n<td>\u00a0<\/td>&#13;\n<\/tr><tr><td>KMZ<\/td>&#13;\n<td style=\"text-align: center;\">\u2713<\/td>&#13;\n<td style=\"text-align: center;\">\u2713<\/td>&#13;\n<td style=\"text-align: center;\">\u2713*<\/td>&#13;\n<td style=\"text-align: center;\">\u2713<\/td>&#13;\n<td style=\"text-align: center;\">\u2713<\/td>&#13;\n<td style=\"text-align: center;\">\u2713<\/td>&#13;\n<td style=\"text-align: center;\">WGS84<\/td>&#13;\n<td style=\"text-align: center;\">\u2713<\/td>&#13;\n<td style=\"text-align: center;\">\u2713<\/td>&#13;\n<td style=\"text-align: center;\">\u2713<\/td>&#13;\n<td style=\"text-align: center;\">\u2713<\/td>&#13;\n<td style=\"text-align: center;\">\u2713<\/td>&#13;\n<td>\u00a0<\/td>&#13;\n<\/tr><tr><td>CSV*<\/td>&#13;\n<td style=\"text-align: center;\">\u00a0<\/td>&#13;\n<td style=\"text-align: center;\">\u2713<\/td>&#13;\n<td style=\"text-align: center;\">\u2713<\/td>&#13;\n<td style=\"text-align: center;\">\u00a0<\/td>&#13;\n<td style=\"text-align: center;\">\u00a0<\/td>&#13;\n<td style=\"text-align: center;\">\u00a0<\/td>&#13;\n<td style=\"text-align: center;\">orice<\/td>&#13;\n<td style=\"text-align: center;\">\u00a0<\/td>&#13;\n<td style=\"text-align: center;\">\u2713<\/td>&#13;\n<td style=\"text-align: center;\">\u2713<\/td>&#13;\n<td style=\"text-align: center;\">\u2713<\/td>&#13;\n<td style=\"text-align: center;\">\u2713<\/td>&#13;\n<td style=\"text-align: center;\">\u00a0<\/td>&#13;\n<\/tr><tr><td>CSV.zip*<\/td>&#13;\n<td style=\"text-align: center;\">\u00a0<\/td>&#13;\n<td style=\"text-align: center;\">\u2713<\/td>&#13;\n<td style=\"text-align: center;\">\u2713<\/td>&#13;\n<td style=\"text-align: center;\">\u00a0<\/td>&#13;\n<td style=\"text-align: center;\">\u00a0<\/td>&#13;\n<td style=\"text-align: center;\">\u2713<\/td>&#13;\n<td style=\"text-align: center;\">orice<\/td>&#13;\n<td style=\"text-align: center;\">\u2713<\/td>&#13;\n<td style=\"text-align: center;\">\u2713<\/td>&#13;\n<td style=\"text-align: center;\">\u2713<\/td>&#13;\n<td style=\"text-align: center;\">\u2713<\/td>&#13;\n<td style=\"text-align: center;\">\u2713<\/td>&#13;\n<td>\u00a0<\/td>&#13;\n<\/tr><tr><td>GeoJSON<\/td>&#13;\n<td style=\"text-align: center;\">ca o linie<\/td>&#13;\n<td style=\"text-align: center;\">\u2713<\/td>&#13;\n<td style=\"text-align: center;\">\u00a0<\/td>&#13;\n<td style=\"text-align: center;\">\u2713<\/td>&#13;\n<td style=\"text-align: center;\">\u2713<\/td>&#13;\n<td style=\"text-align: center;\">\u00a0<\/td>&#13;\n<td style=\"text-align: center;\">orice**<\/td>&#13;\n<td style=\"text-align: center;\">\u00a0<\/td>&#13;\n<td style=\"text-align: center;\">\u2713<\/td>&#13;\n<td style=\"text-align: center;\">\u00a0<\/td>&#13;\n<td style=\"text-align: center;\">\u2713<\/td>&#13;\n<td style=\"text-align: center;\">\u2713<\/td>&#13;\n<td style=\"text-align: center;\">\u00a0<\/td>&#13;\n<\/tr><tr><td>GeoJSON.zip<\/td>&#13;\n<td style=\"text-align: center;\">ca o linie<\/td>&#13;\n<td style=\"text-align: center;\">\u2713<\/td>&#13;\n<td style=\"text-align: center;\">\u00a0<\/td>&#13;\n<td style=\"text-align: center;\">\u2713<\/td>&#13;\n<td style=\"text-align: center;\">\u2713<\/td>&#13;\n<td style=\"text-align: center;\">\u2713<\/td>&#13;\n<td style=\"text-align: center;\">orice**<\/td>&#13;\n<td style=\"text-align: center;\">\u2713<\/td>&#13;\n<td style=\"text-align: center;\">\u2713<\/td>&#13;\n<td style=\"text-align: center;\">\u00a0<\/td>&#13;\n<td style=\"text-align: center;\">\u2713<\/td>&#13;\n<td style=\"text-align: center;\">\u2713<\/td>&#13;\n<td>\u00a0<\/td>&#13;\n<\/tr><tr><td>GML\/WFS<\/td>&#13;\n<td style=\"text-align: center;\">\u00a0<\/td>&#13;\n<td style=\"text-align: center;\">\u2713<\/td>&#13;\n<td style=\"text-align: center;\">\u00a0<\/td>&#13;\n<td style=\"text-align: center;\">\u2713<\/td>&#13;\n<td style=\"text-align: center;\">\u2713<\/td>&#13;\n<td style=\"text-align: center;\">\u00a0<\/td>&#13;\n<td style=\"text-align: center;\">orice<\/td>&#13;\n<td style=\"text-align: center;\">\u00a0<\/td>&#13;\n<td style=\"text-align: center;\">\u2713<\/td>&#13;\n<td style=\"text-align: center;\">\u00a0<\/td>&#13;\n<td style=\"text-align: center;\">\u2713<\/td>&#13;\n<td style=\"text-align: center;\">\u00a0<\/td>&#13;\n<td>\u00a0<\/td>&#13;\n<\/tr><tr><td>JPEG<\/td>&#13;\n<td style=\"text-align: center;\">\u00a0<\/td>&#13;\n<td style=\"text-align: center;\">\u00a0<\/td>&#13;\n<td style=\"text-align: center;\">\u00a0<\/td>&#13;\n<td style=\"text-align: center;\">\u00a0<\/td>&#13;\n<td style=\"text-align: center;\">\u00a0<\/td>&#13;\n<td style=\"text-align: center;\">\u2713<\/td>&#13;\n<td style=\"text-align: center;\">WGS84<\/td>&#13;\n<td style=\"text-align: center;\">\u00a0<\/td>&#13;\n<td style=\"text-align: center;\">\u2713<\/td>&#13;\n<td style=\"text-align: center;\">\u2713<\/td>&#13;\n<td style=\"text-align: center;\">iOS<\/td>&#13;\n<td style=\"text-align: center;\">\u2713<\/td>&#13;\n<td>\u00a0<\/td>&#13;\n<\/tr><\/tbody><\/table><\/figure><p>[\/vc_column_text][\/vc_column][vc_column]\r\n        <div class=\"content-txt\"> \r\n        \t\r\n                     \r\n            \r\n            <p class=\"p-md  wow perch-fadeInUp fadeInUp\" data-wow-delay=\"300ms\" data-wow-duration=\"1200ms\">* Func\u021bionalitate specific\u0103 Topo GPS, care func\u021bioneaz\u0103 numai atunci c\u00e2nd partaja\u021bi cu al\u021bi utilizatori Topo GPS. Pictogramele sunt limitate \u00een KML&lt;br&gt;** Nu conform documenta\u021biei oficiale GeoJSON<\/p> \r\n             \r\n            \r\n                        \r\n                        \r\n            \r\n             \r\n                       \r\n                        \r\n                  \r\n        <\/div>[\/vc_column][\/vc_row]<\/p>\n<\/div>","protected":false},"excerpt":{"rendered":"<p>[vc_row][vc_column][vc_column_text] &nbsp; &#13; \u00a0 &#13; Trasee &#13; Puncte de trecere &#13; Pictograme &#13; Linii &#13; Zone &#13; Fotografii &#13; Tipul de coordonate &#13; Comprimare &#13; iOS &#13; Android &#13; Import &#13; Export &#13; \u00a0 &#13; GPX &#13; \u2713 &#13; \u2713 &#13; \u2713* &#13; \u00a0 &#13; \u00a0 &#13; \u00a0 &#13; WGS84 &#13; \u00a0 &#13; \u2713 &#13; \u2713 &#13; \u2713 &#13; \u2713 &#13; \u00a0 &#13; GPX.zip &#13; \u2713 &#13; \u2713 &#13; \u2713* &#13; \u00a0 &#13; \u00a0 &#13; \u2713 &#13; WGS84 &#13; \u2713 &#13; \u2713 &#13; \u2713 &#13; \u2713 &#13; \u2713 &#13; \u00a0 &#13; KML &#13; \u2713 &#13; \u2713 &#13; \u2713* &#13; \u2713&#8230;<\/p>\n","protected":false},"author":1,"featured_media":0,"parent":0,"menu_order":0,"comment_status":"closed","ping_status":"closed","template":"","meta":{"footnotes":""},"class_list":["post-23883","page","type-page","status-publish","hentry","no-post-thumbnail"],"yoast_head":"<!-- This site is optimized with the Yoast SEO plugin v27.4 - https:\/\/yoast.com\/product\/yoast-seo-wordpress\/ -->\n<title>Formate de date geografice acceptate - Topo GPS<\/title>\n<meta name=\"description\" content=\"Prezentare general\u0103 a formatelor de date disponibile \u00een Topo GPS \u00eentr-un tabel pentru Android \u0219i iOS. Cu specificul formatului, de asemenea enumerate.\" \/>\n<meta name=\"robots\" content=\"index, follow, max-snippet:-1, max-image-preview:large, max-video-preview:-1\" \/>\n<link rel=\"canonical\" href=\"https:\/\/www.topo-gps.com\/ro\/formate-de-date-geografice-acceptate\/\" \/>\n<meta property=\"og:locale\" content=\"ro_RO\" \/>\n<meta property=\"og:type\" content=\"article\" \/>\n<meta property=\"og:title\" content=\"Formate de date geografice acceptate - Topo GPS\" \/>\n<meta property=\"og:description\" content=\"Prezentare general\u0103 a formatelor de date disponibile \u00een Topo GPS \u00eentr-un tabel pentru Android \u0219i iOS. Cu specificul formatului, de asemenea enumerate.\" \/>\n<meta property=\"og:url\" content=\"https:\/\/www.topo-gps.com\/ro\/formate-de-date-geografice-acceptate\/\" \/>\n<meta property=\"og:site_name\" content=\"Topo GPS\" \/>\n<meta property=\"article:modified_time\" content=\"2023-06-16T13:10:18+00:00\" \/>\n<meta name=\"twitter:card\" content=\"summary_large_image\" \/>\n<meta name=\"twitter:label1\" content=\"Timp estimat pentru citire\" \/>\n\t<meta name=\"twitter:data1\" content=\"1 minut\" \/>\n<script type=\"application\/ld+json\" class=\"yoast-schema-graph\">{\"@context\":\"https:\\\/\\\/schema.org\",\"@graph\":[{\"@type\":\"WebPage\",\"@id\":\"https:\\\/\\\/www.topo-gps.com\\\/ro\\\/formate-de-date-geografice-acceptate\\\/\",\"url\":\"https:\\\/\\\/www.topo-gps.com\\\/ro\\\/formate-de-date-geografice-acceptate\\\/\",\"name\":\"Formate de date geografice acceptate - Topo GPS\",\"isPartOf\":{\"@id\":\"https:\\\/\\\/www.topo-gps.com\\\/ro\\\/#website\"},\"datePublished\":\"2023-02-25T05:51:09+00:00\",\"dateModified\":\"2023-06-16T13:10:18+00:00\",\"description\":\"Prezentare general\u0103 a formatelor de date disponibile \u00een Topo GPS \u00eentr-un tabel pentru Android \u0219i iOS. Cu specificul formatului, de asemenea enumerate.\",\"breadcrumb\":{\"@id\":\"https:\\\/\\\/www.topo-gps.com\\\/ro\\\/formate-de-date-geografice-acceptate\\\/#breadcrumb\"},\"inLanguage\":\"ro-RO\",\"potentialAction\":[{\"@type\":\"ReadAction\",\"target\":[\"https:\\\/\\\/www.topo-gps.com\\\/ro\\\/formate-de-date-geografice-acceptate\\\/\"]}]},{\"@type\":\"BreadcrumbList\",\"@id\":\"https:\\\/\\\/www.topo-gps.com\\\/ro\\\/formate-de-date-geografice-acceptate\\\/#breadcrumb\",\"itemListElement\":[{\"@type\":\"ListItem\",\"position\":1,\"name\":\"Home\",\"item\":\"https:\\\/\\\/www.topo-gps.com\\\/ro\\\/aplicatie-de-harti-topografice-pentru-iphone-android-si-apple-watch\\\/\"},{\"@type\":\"ListItem\",\"position\":2,\"name\":\"Formate de date geografice acceptate\"}]},{\"@type\":\"WebSite\",\"@id\":\"https:\\\/\\\/www.topo-gps.com\\\/ro\\\/#website\",\"url\":\"https:\\\/\\\/www.topo-gps.com\\\/ro\\\/\",\"name\":\"Topo GPS\",\"description\":\"Topographic maps GPS for iPhone, Android, iPad and Apple Watch\",\"potentialAction\":[{\"@type\":\"SearchAction\",\"target\":{\"@type\":\"EntryPoint\",\"urlTemplate\":\"https:\\\/\\\/www.topo-gps.com\\\/ro\\\/?s={search_term_string}\"},\"query-input\":{\"@type\":\"PropertyValueSpecification\",\"valueRequired\":true,\"valueName\":\"search_term_string\"}}],\"inLanguage\":\"ro-RO\"}]}<\/script>\n<!-- \/ Yoast SEO plugin. -->","yoast_head_json":{"title":"Formate de date geografice acceptate - Topo GPS","description":"Prezentare general\u0103 a formatelor de date disponibile \u00een Topo GPS \u00eentr-un tabel pentru Android \u0219i iOS. Cu specificul formatului, de asemenea enumerate.","robots":{"index":"index","follow":"follow","max-snippet":"max-snippet:-1","max-image-preview":"max-image-preview:large","max-video-preview":"max-video-preview:-1"},"canonical":"https:\/\/www.topo-gps.com\/ro\/formate-de-date-geografice-acceptate\/","og_locale":"ro_RO","og_type":"article","og_title":"Formate de date geografice acceptate - Topo GPS","og_description":"Prezentare general\u0103 a formatelor de date disponibile \u00een Topo GPS \u00eentr-un tabel pentru Android \u0219i iOS. Cu specificul formatului, de asemenea enumerate.","og_url":"https:\/\/www.topo-gps.com\/ro\/formate-de-date-geografice-acceptate\/","og_site_name":"Topo GPS","article_modified_time":"2023-06-16T13:10:18+00:00","twitter_card":"summary_large_image","twitter_misc":{"Timp estimat pentru citire":"1 minut"},"schema":{"@context":"https:\/\/schema.org","@graph":[{"@type":"WebPage","@id":"https:\/\/www.topo-gps.com\/ro\/formate-de-date-geografice-acceptate\/","url":"https:\/\/www.topo-gps.com\/ro\/formate-de-date-geografice-acceptate\/","name":"Formate de date geografice acceptate - Topo GPS","isPartOf":{"@id":"https:\/\/www.topo-gps.com\/ro\/#website"},"datePublished":"2023-02-25T05:51:09+00:00","dateModified":"2023-06-16T13:10:18+00:00","description":"Prezentare general\u0103 a formatelor de date disponibile \u00een Topo GPS \u00eentr-un tabel pentru Android \u0219i iOS. Cu specificul formatului, de asemenea enumerate.","breadcrumb":{"@id":"https:\/\/www.topo-gps.com\/ro\/formate-de-date-geografice-acceptate\/#breadcrumb"},"inLanguage":"ro-RO","potentialAction":[{"@type":"ReadAction","target":["https:\/\/www.topo-gps.com\/ro\/formate-de-date-geografice-acceptate\/"]}]},{"@type":"BreadcrumbList","@id":"https:\/\/www.topo-gps.com\/ro\/formate-de-date-geografice-acceptate\/#breadcrumb","itemListElement":[{"@type":"ListItem","position":1,"name":"Home","item":"https:\/\/www.topo-gps.com\/ro\/aplicatie-de-harti-topografice-pentru-iphone-android-si-apple-watch\/"},{"@type":"ListItem","position":2,"name":"Formate de date geografice acceptate"}]},{"@type":"WebSite","@id":"https:\/\/www.topo-gps.com\/ro\/#website","url":"https:\/\/www.topo-gps.com\/ro\/","name":"Topo GPS","description":"Topographic maps GPS for iPhone, Android, iPad and Apple Watch","potentialAction":[{"@type":"SearchAction","target":{"@type":"EntryPoint","urlTemplate":"https:\/\/www.topo-gps.com\/ro\/?s={search_term_string}"},"query-input":{"@type":"PropertyValueSpecification","valueRequired":true,"valueName":"search_term_string"}}],"inLanguage":"ro-RO"}]}},"_links":{"self":[{"href":"https:\/\/www.topo-gps.com\/ro\/wp-json\/wp\/v2\/pages\/23883","targetHints":{"allow":["GET"]}}],"collection":[{"href":"https:\/\/www.topo-gps.com\/ro\/wp-json\/wp\/v2\/pages"}],"about":[{"href":"https:\/\/www.topo-gps.com\/ro\/wp-json\/wp\/v2\/types\/page"}],"author":[{"embeddable":true,"href":"https:\/\/www.topo-gps.com\/ro\/wp-json\/wp\/v2\/users\/1"}],"replies":[{"embeddable":true,"href":"https:\/\/www.topo-gps.com\/ro\/wp-json\/wp\/v2\/comments?post=23883"}],"version-history":[{"count":0,"href":"https:\/\/www.topo-gps.com\/ro\/wp-json\/wp\/v2\/pages\/23883\/revisions"}],"wp:attachment":[{"href":"https:\/\/www.topo-gps.com\/ro\/wp-json\/wp\/v2\/media?parent=23883"}],"curies":[{"name":"wp","href":"https:\/\/api.w.org\/{rel}","templated":true}]}}