{"id":28913,"date":"2024-08-22T14:11:18","date_gmt":"2024-08-22T13:11:18","guid":{"rendered":"https:\/\/www.topo-gps.com\/obslugiwane-uklady-wspolrzednych\/"},"modified":"2024-08-22T14:23:08","modified_gmt":"2024-08-22T13:23:08","slug":"obslugiwane-uklady-wspolrzednych","status":"publish","type":"page","link":"https:\/\/www.topo-gps.com\/pl\/obslugiwane-uklady-wspolrzednych\/","title":{"rendered":"Obs\u0142ugiwane uk\u0142ady wsp\u00f3\u0142rz\u0119dnych"},"content":{"rendered":"<p>W aplikacji Topo GPS obs\u0142ugiwanych jest wiele r\u00f3\u017cnych uk\u0142ad\u00f3w wsp\u00f3\u0142rz\u0119dnych. Mo\u017cesz <a href=\"https:\/\/www.topo-gps.com\/ios\/en\/manual\/html\/coordinates\/coordinates.html\">przegl\u0105da\u0107, wprowadza\u0107, udost\u0119pnia\u0107 i skanowa\u0107 wsp\u00f3\u0142rz\u0119dne<\/a> w uk\u0142adach wsp\u00f3\u0142rz\u0119dnych wymienionych poni\u017cej. Mo\u017cliwe jest r\u00f3wnie\u017c dodawanie warstw siatki uk\u0142ad\u00f3w wsp\u00f3\u0142rz\u0119dnych do mapy. Je\u015bli brakuje okre\u015blonego uk\u0142adu wsp\u00f3\u0142rz\u0119dnych, mo\u017cesz <a href=\"https:\/\/www.topo-gps.com\/contact\">si\u0119 z nami skontaktowa\u0107<\/a> , a rozwa\u017cymy jego dodanie.     <\/p>\n<h2>\u015awiat<\/h2>\n<p>  WGS84 Dziesi\u0119tny WGS84 Stopnie minuty WGS84 Stopnie minuty sekundy UTM MGRS GEOREF GARS QTH Maidenhead  <\/p>\n<h2>Europa<\/h2>\n<p>  Strefy UTM ETRS89  <\/p>\n<h2>Ameryka P\u00f3\u0142nocna<\/h2>\n<p>  Strefy UTM NAD83  <\/p>\n<h2>Albania<\/h2>\n<p>  Bankomat &#8211; <a href=\"https:\/\/www.epsg.io\/6870\">EPSG:6870<\/a> ALCC &#8211;   <a href=\"https:\/\/www.epsg.io\/6962\">EPSG:6962<\/a><\/p>\n<h2>Australia<\/h2>\n<p>  SA Lambert &#8211; GDA2020 &#8211; <a href=\"https:\/\/www.epsg.io\/8059\">EPSG:8059<\/a> Vicgrid &#8211; GDA2020 &#8211; <a href=\"https:\/\/www.epsg.io\/7899\">EPSG:7899<\/a> NSW Lambert &#8211; GDA2020 &#8211; <a href=\"https:\/\/www.epsg.io\/8058\">EPSG:8058<\/a> Strefa MGA &#8211; GDA2020 GA LCC &#8211; GDA2020 &#8211; <a href=\"https:\/\/www.epsg.io\/7845\">EPSG:7845<\/a> SA Lambert &#8211; GDA94 &#8211; <a href=\"https:\/\/www.epsg.io\/3107\">EPSG:3107<\/a> Vicgrid &#8211; GDA94 &#8211; <a href=\"https:\/\/www.epsg.io\/3111\">EPSG:3111<\/a> NSW Lambert &#8211; GDA94 &#8211; <a href=\"https:\/\/www.epsg.io\/3308\">EPSG:3308<\/a> GA LCC &#8211; GDA94 &#8211; <a href=\"https:\/\/www.epsg.io\/3112\">EPSG:3112<\/a> Strefa MGA &#8211; GDA94          <\/p>\n<h2>Belgia<\/h2>\n<p>  Lambert 2008 &#8211; <a href=\"https:\/\/www.epsg.io\/27573\">EPSG:3812<\/a> Lambert 1972 &#8211;   <a href=\"https:\/\/www.epsg.io\/31370\">EPSG:31370<\/a><\/p>\n<h2>Bu\u0142garia<\/h2>\n<p>  BCC &#8211;  <a href=\"https:\/\/www.epsg.io\/7801\">EPSG:7801<\/a><\/p>\n<h2>Chorwacja<\/h2>\n<p>  HRTM-  <a href=\"https:\/\/www.epsg.io\/3765\">EPSG:3765<\/a><\/p>\n<h2>Czechy\/S\u0142owacja<\/h2>\n<p>  SJTSK-  <a href=\"https:\/\/www.epsg.io\/5514\">EPSG:5514<\/a><\/p>\n<h2>Estonia<\/h2>\n<p>  Estonia 1997 &#8211;  <a href=\"https:\/\/www.epsg.io\/3301\">EPSG:3301<\/a><\/p>\n<h2>Wyspy Owcze<\/h2>\n<p>  Wyspy Owcze TM &#8211;  <a href=\"https:\/\/www.epsg.io\/5316\">EPSG:5316<\/a><\/p>\n<h2>Finlandia<\/h2>\n<p>  TM35FIN &#8211;  <a href=\"https:\/\/www.epsg.io\/5048\">EPSG:5048<\/a><\/p>\n<h2>Francja<\/h2>\n<p>  Lambert 93 &#8211; <a href=\"https:\/\/www.epsg.io\/7794\">EPSG:9794<\/a> Lambert CC42 &#8211; <a href=\"https:\/\/www.epsg.io\/6707\">EPSG:9842<\/a> Lambert CC43 &#8211; <a href=\"https:\/\/www.epsg.io\/6708\">EPSG:9843<\/a> Lambert CC44 &#8211; <a href=\"https:\/\/www.epsg.io\/6709\">EPSG:9844<\/a> Lambert CC45 &#8211; <a href=\"https:\/\/www.epsg.io\/6876\">EPSG:9845<\/a> Lambert CC46 &#8211; <a href=\"https:\/\/www.epsg.io\/7791\">EPSG:9846<\/a> Lambert CC47 &#8211; <a href=\"https:\/\/www.epsg.io\/7792\">EPSG:9847<\/a> Lambert CC48 &#8211; <a href=\"https:\/\/www.epsg.io\/7793\">EPSG:9848<\/a> Lambert CC49 &#8211; <a href=\"https:\/\/www.epsg.io\/7795\">EPSG:9849<\/a> Lambert CC50 &#8211; <a href=\"\">EPSG:9850<\/a> Lambert I Zone (Nord) &#8211; <a href=\"\">EPSG:27561<\/a> Lambert II Zone (Centrum) &#8211; <a href=\"\">EPSG:27562<\/a> Lambert III Zone (Sud) &#8211; <a href=\"\">EPSG:27563<\/a> Lambert IV Zone (Corse) &#8211; <a href=\"\">EPSG:27564<\/a> Lambert I Carto (Nord) \u2014 <a href=\"\">EPSG:27571<\/a> Lambert II Carto (\u00c9tendue) \u2014                 <a href=\"https:\/\/www.epsg.io\/27572\">EPSG:27572<\/a>  Lambert III Carto (Po\u0142udnie) &#8211;  <a href=\"https:\/\/www.epsg.io\/27573\">EPSG:27573<\/a>  Lambert IV Carto (Korsyka) &#8211;  <a href=\"https:\/\/www.epsg.io\/27574\">EPSG:27574<\/a><\/p>\n<h2>Niemcy<\/h2>\n<p>  Gauss-Kr\u00fcger 3  <\/p>\n<h2>Wielka Brytania<\/h2>\n<p>  Siatka narodowa systemu operacyjnego &#8211;    <a href=\"https:\/\/www.epsg.io\/27700\">EPSG:27700<\/a><\/p>\n<h2>Grecja<\/h2>\n<p>  \u0395\u0393\u03a3\u039187 &#8211;  <a href=\"https:\/\/www.epsg.io\/2100\">EPSG:2100<\/a><\/p>\n<h2>Islandia<\/h2>\n<p>  ISN 93 &#8211;  <a href=\"https:\/\/www.epsg.io\/3057\">EPSG:3057<\/a><\/p>\n<h2>Irlandia<\/h2>\n<p>  ITM &#8211;  <a href=\"https:\/\/www.epsg.io\/2157\">EPSG:2157<\/a><\/p>\n<h2>W\u0142ochy<\/h2>\n<p>  Fuso Italia &#8211; RDN2008 &#8211; NE &#8211; <a href=\"https:\/\/www.epsg.io\/6686\">EPSG:6875<\/a> Fuso Italia &#8211; RDN2008 &#8211; EN &#8211; <a href=\"https:\/\/www.epsg.io\/6687\">EPSG:7794<\/a> RDN2008 &#8211; Strefa UTM 32 NE &#8211; <a href=\"https:\/\/www.epsg.io\/6688\">EPSG:6707<\/a> RDN2008 &#8211; Strefa UTM 33 NE &#8211; <a href=\"https:\/\/www.epsg.io\/6689\">EPSG:6708<\/a> RDN2008 &#8211; Strefa UTM 34 NE &#8211; <a href=\"https:\/\/www.epsg.io\/6690\">EPSG:6709<\/a> Fuso 12 &#8211; RDN2008 &#8211; NE &#8211; <a href=\"https:\/\/www.epsg.io\/6691\">EPSG:6876<\/a> RDN2008 &#8211; Strefa UTM 32 EN &#8211; <a href=\"https:\/\/www.epsg.io\/6692\">EPSG:7791<\/a> RDN2008 &#8211; Strefa UTM 33 EN &#8211; <a href=\"\">EPSG:7792<\/a> RDN2008 &#8211; Strefa UTM 34 EN &#8211; <a href=\"\">EPSG:7793<\/a> Fuso 12 &#8211; RDN2008 &#8211; EN &#8211;           <a href=\"https:\/\/www.epsg.io\/7795\">EPSG:7795<\/a><\/p>\n<h2>Japonia<\/h2>\n<p>  CS I &#8211; <a href=\"https:\/\/www.epsg.io\/2169\">EPSG:6669<\/a> CS II &#8211; <a href=\"\">EPSG:6670<\/a> CS III &#8211; <a href=\"\">EPSG:6671<\/a> CS IV &#8211; <a href=\"\">EPSG:6672<\/a> CS V &#8211; <a href=\"\">EPSG:6673<\/a> CS VI &#8211; <a href=\"\">EPSG:6674<\/a> CS VII &#8211; <a href=\"https:\/\/www.epsg.io\/28992\">EPSG:6675<\/a> CS VIII &#8211; <a href=\"\">EPSG:6676<\/a> CS IX &#8211; <a href=\"\">EPSG:6677<\/a> CS X &#8211; <a href=\"\">EPSG:6678<\/a> CS XI &#8211; <a href=\"https:\/\/www.epsg.io\/2180\">EPSG:6679<\/a> CS XII &#8211; <a href=\"\">EPSG:6680<\/a> CS XIII &#8211; <a href=\"\">EPSG:6681<\/a> CS XIV &#8211; <a href=\"https:\/\/www.epsg.io\/3414\">EPSG:6682<\/a> CS XV &#8211; <a href=\"\">EPSG:6683<\/a> CS XVI &#8211;                 <a href=\"https:\/\/www.epsg.io\/6684\">EPSG:6684<\/a> CS XVII &#8211; <a href=\"https:\/\/www.epsg.io\/6685\">EPSG:6685<\/a> CS XVIII &#8211; <a href=\"https:\/\/www.epsg.io\/6686\">EPSG:6686<\/a> CS XIX &#8211; <a href=\"https:\/\/www.epsg.io\/6687\">EPSG:6687<\/a> JGD2011 UTM 51 &#8211; <a href=\"https:\/\/www.epsg.io\/6688\">EPSG:6688<\/a> JGD2011 UTM 52 &#8211; <a href=\"https:\/\/www.epsg.io\/6689\">EPSG:6689<\/a> JGD2011 UTM 53 &#8211; <a href=\"https:\/\/www.epsg.io\/6690\">EPSG:6690<\/a> JGD2011 UTM 54 &#8211; <a href=\"https:\/\/www.epsg.io\/6691\">EPSG:6691<\/a> JGD2011 UTM 55 &#8211;         <a href=\"https:\/\/www.epsg.io\/6692\">EPSG:6692<\/a><\/p>\n<h2>\u0141otwa<\/h2>\n<p>  LaTM &#8211;  <a href=\"https:\/\/www.epsg.io\/10306\">EPSG:10306<\/a><\/p>\n<h2>Litwa<\/h2>\n<p>  LiTM-  <a href=\"https:\/\/www.epsg.io\/3346\">EPSG:3346<\/a><\/p>\n<h2>Luksemburg<\/h2>\n<p>  LU30 &#8211;  <a href=\"https:\/\/www.epsg.io\/2169\">EPSG:2169<\/a><\/p>\n<h2>Malezja<\/h2>\n<p>  RSO &#8211; GDM2000 &#8211; <a href=\"\">EPSG:3375<\/a> BRSO &#8211; GDM2000 &#8211; <a href=\"\">EPSG:3376<\/a> BRSO &#8211; Timbalai &#8211; <a href=\"\">EPSG:29873<\/a> RSO &#8211; Kertau &#8211;     <a href=\"https:\/\/www.epsg.io\/3168\">EPSG:3168<\/a><\/p>\n<h2>Holandia<\/h2>\n<p>  RD-  <a href=\"https:\/\/www.epsg.io\/28992\">EPSG:28992<\/a><\/p>\n<h2>Nowa Zelandia<\/h2>\n<p>  NZTM 2000 NE &#8211; <a href=\"\">EPSG:2193<\/a> NZTM 2000 EN MSLC2000 &#8211;   <a href=\"https:\/\/www.epsg.io\/5479\">EPSG:5479<\/a><\/p>\n<h2>Polska<\/h2>\n<p>  PL 92 &#8211;  <a href=\"https:\/\/www.epsg.io\/2180\">EPSG:2180<\/a><\/p>\n<h2>Rumunia<\/h2>\n<p>  RO-  <a href=\"https:\/\/www.epsg.io\/3844\">EPSG:3844<\/a><\/p>\n<h2>Singapur<\/h2>\n<p>  STM-  <a href=\"https:\/\/www.epsg.io\/3414\">EPSG:3414<\/a><\/p>\n<h2>S\u0142owenia<\/h2>\n<p>  S\u0142owenia 1996 &#8211;  <a href=\"https:\/\/www.epsg.io\/3794\">EPSG:3794<\/a><\/p>\n<h2>Korea Po\u0142udniowa<\/h2>\n<p>  UCS &#8211; KGD2002 &#8211; <a href=\"\">EPSG:5179<\/a> UCS &#8211; 1985 &#8211;   <a href=\"https:\/\/www.epsg.io\/5178\">EPSG:5178<\/a><\/p>\n<h2>Hiszpania<\/h2>\n<p>  SOC ED50 &#8211; strefa UTM 29 ED50 &#8211; strefa UTM 30 ED50 &#8211; strefa UTM 31 ED50 &#8211; strefa UTM 29 ED50 &#8211; strefa UTM 30  <\/p>\n<h2>Szwecja<\/h2>\n<p>  SWEREF99TM &#8211; <a href=\"\">EPSG:3006<\/a> RT 90 7,5 grad\u00f3w V &#8211; <a href=\"\">EPSG:3019<\/a> RT 90 5 grad\u00f3w V &#8211; <a href=\"\">EPSG:3020<\/a> RT 90 2,5 grad\u00f3w V &#8211; <a href=\"\">EPSG:3021<\/a> RT 90 0 grad\u00f3w &#8211; <a href=\"\">EPSG:3022<\/a> RT 90 2,5 grad\u00f3w O &#8211; <a href=\"\">EPSG:3023<\/a> RT 90 5 grad\u00f3w O &#8211;        <a href=\"https:\/\/www.epsg.io\/3024\">EPSG:3024<\/a><\/p>\n<h2>Szwajcaria<\/h2>\n<p>  LV95 &#8211; <a href=\"\">EPSG:2056<\/a> LV03 &#8211;   <a href=\"https:\/\/www.epsg.io\/21781\">EPSG:21781<\/a><\/p>\n<h2>Ukraina<\/h2>\n<p>  Gaussa-Kr\u00fcgera &#8211; UCS2000<\/p>\n","protected":false},"excerpt":{"rendered":"<p>W aplikacji Topo GPS obs\u0142ugiwanych jest wiele r\u00f3\u017cnych uk\u0142ad\u00f3w wsp\u00f3\u0142rz\u0119dnych. Mo\u017cesz przegl\u0105da\u0107, wprowadza\u0107, udost\u0119pnia\u0107 i skanowa\u0107 wsp\u00f3\u0142rz\u0119dne w uk\u0142adach wsp\u00f3\u0142rz\u0119dnych wymienionych poni\u017cej. Mo\u017cliwe jest r\u00f3wnie\u017c dodawanie warstw siatki uk\u0142ad\u00f3w wsp\u00f3\u0142rz\u0119dnych do mapy. Je\u015bli brakuje okre\u015blonego uk\u0142adu wsp\u00f3\u0142rz\u0119dnych, mo\u017cesz si\u0119 z nami skontaktowa\u0107 , a rozwa\u017cymy jego dodanie. \u015awiat WGS84 Dziesi\u0119tny WGS84 Stopnie minuty WGS84 Stopnie minuty sekundy UTM MGRS GEOREF GARS QTH Maidenhead Europa Strefy UTM ETRS89 Ameryka P\u00f3\u0142nocna Strefy UTM NAD83 Albania Bankomat &#8211; EPSG:6870 ALCC &#8211; EPSG:6962 Australia SA Lambert &#8211; GDA2020 &#8211; EPSG:8059 Vicgrid &#8211; GDA2020 &#8211; EPSG:7899 NSW Lambert &#8211; GDA2020 &#8211; EPSG:8058 Strefa MGA &#8211;&#8230;<\/p>\n","protected":false},"author":1,"featured_media":0,"parent":0,"menu_order":0,"comment_status":"closed","ping_status":"closed","template":"","meta":{"footnotes":""},"class_list":["post-28913","page","type-page","status-publish","hentry","no-post-thumbnail"],"yoast_head":"<!-- This site is optimized with the Yoast SEO plugin v27.6 - https:\/\/yoast.com\/product\/yoast-seo-wordpress\/ -->\n<title>Obs\u0142ugiwane uk\u0142ady wsp\u00f3\u0142rz\u0119dnych - Topo GPS<\/title>\n<meta name=\"robots\" content=\"index, follow, max-snippet:-1, max-image-preview:large, max-video-preview:-1\" \/>\n<link rel=\"canonical\" href=\"https:\/\/www.topo-gps.com\/pl\/obslugiwane-uklady-wspolrzednych\/\" \/>\n<meta property=\"og:locale\" content=\"pl_PL\" \/>\n<meta property=\"og:type\" content=\"article\" \/>\n<meta property=\"og:title\" content=\"Obs\u0142ugiwane uk\u0142ady wsp\u00f3\u0142rz\u0119dnych - Topo GPS\" \/>\n<meta property=\"og:description\" content=\"W aplikacji Topo GPS obs\u0142ugiwanych jest wiele r\u00f3\u017cnych uk\u0142ad\u00f3w wsp\u00f3\u0142rz\u0119dnych. Mo\u017cesz przegl\u0105da\u0107, wprowadza\u0107, udost\u0119pnia\u0107 i skanowa\u0107 wsp\u00f3\u0142rz\u0119dne w uk\u0142adach wsp\u00f3\u0142rz\u0119dnych wymienionych poni\u017cej. Mo\u017cliwe jest r\u00f3wnie\u017c dodawanie warstw siatki uk\u0142ad\u00f3w wsp\u00f3\u0142rz\u0119dnych do mapy. Je\u015bli brakuje okre\u015blonego uk\u0142adu wsp\u00f3\u0142rz\u0119dnych, mo\u017cesz si\u0119 z nami skontaktowa\u0107 , a rozwa\u017cymy jego dodanie. \u015awiat WGS84 Dziesi\u0119tny WGS84 Stopnie minuty WGS84 Stopnie minuty sekundy UTM MGRS GEOREF GARS QTH Maidenhead Europa Strefy UTM ETRS89 Ameryka P\u00f3\u0142nocna Strefy UTM NAD83 Albania Bankomat &#8211; EPSG:6870 ALCC &#8211; EPSG:6962 Australia SA Lambert &#8211; GDA2020 &#8211; EPSG:8059 Vicgrid &#8211; GDA2020 &#8211; EPSG:7899 NSW Lambert &#8211; GDA2020 &#8211; EPSG:8058 Strefa MGA &#8211;...\" \/>\n<meta property=\"og:url\" content=\"https:\/\/www.topo-gps.com\/pl\/obslugiwane-uklady-wspolrzednych\/\" \/>\n<meta property=\"og:site_name\" content=\"Topo GPS\" \/>\n<meta property=\"article:modified_time\" content=\"2024-08-22T13:23:08+00:00\" \/>\n<meta name=\"twitter:card\" content=\"summary_large_image\" \/>\n<meta name=\"twitter:label1\" content=\"Szacowany czas czytania\" \/>\n\t<meta name=\"twitter:data1\" content=\"3 minuty\" \/>\n<script type=\"application\/ld+json\" class=\"yoast-schema-graph\">{\"@context\":\"https:\\\/\\\/schema.org\",\"@graph\":[{\"@type\":\"WebPage\",\"@id\":\"https:\\\/\\\/www.topo-gps.com\\\/pl\\\/obslugiwane-uklady-wspolrzednych\\\/\",\"url\":\"https:\\\/\\\/www.topo-gps.com\\\/pl\\\/obslugiwane-uklady-wspolrzednych\\\/\",\"name\":\"Obs\u0142ugiwane uk\u0142ady wsp\u00f3\u0142rz\u0119dnych - Topo GPS\",\"isPartOf\":{\"@id\":\"https:\\\/\\\/www.topo-gps.com\\\/pl\\\/#website\"},\"datePublished\":\"2024-08-22T13:11:18+00:00\",\"dateModified\":\"2024-08-22T13:23:08+00:00\",\"breadcrumb\":{\"@id\":\"https:\\\/\\\/www.topo-gps.com\\\/pl\\\/obslugiwane-uklady-wspolrzednych\\\/#breadcrumb\"},\"inLanguage\":\"pl-PL\",\"potentialAction\":[{\"@type\":\"ReadAction\",\"target\":[\"https:\\\/\\\/www.topo-gps.com\\\/pl\\\/obslugiwane-uklady-wspolrzednych\\\/\"]}]},{\"@type\":\"BreadcrumbList\",\"@id\":\"https:\\\/\\\/www.topo-gps.com\\\/pl\\\/obslugiwane-uklady-wspolrzednych\\\/#breadcrumb\",\"itemListElement\":[{\"@type\":\"ListItem\",\"position\":1,\"name\":\"Home\",\"item\":\"https:\\\/\\\/www.topo-gps.com\\\/pl\\\/aplikacja-z-mapami-topograficznymi-na-iphonea-androida-i-apple-watch\\\/\"},{\"@type\":\"ListItem\",\"position\":2,\"name\":\"Obs\u0142ugiwane uk\u0142ady wsp\u00f3\u0142rz\u0119dnych\"}]},{\"@type\":\"WebSite\",\"@id\":\"https:\\\/\\\/www.topo-gps.com\\\/pl\\\/#website\",\"url\":\"https:\\\/\\\/www.topo-gps.com\\\/pl\\\/\",\"name\":\"Topo GPS\",\"description\":\"Topographic maps GPS for iPhone, Android, iPad and Apple Watch\",\"potentialAction\":[{\"@type\":\"SearchAction\",\"target\":{\"@type\":\"EntryPoint\",\"urlTemplate\":\"https:\\\/\\\/www.topo-gps.com\\\/pl\\\/?s={search_term_string}\"},\"query-input\":{\"@type\":\"PropertyValueSpecification\",\"valueRequired\":true,\"valueName\":\"search_term_string\"}}],\"inLanguage\":\"pl-PL\"}]}<\/script>\n<!-- \/ Yoast SEO plugin. -->","yoast_head_json":{"title":"Obs\u0142ugiwane uk\u0142ady wsp\u00f3\u0142rz\u0119dnych - Topo GPS","robots":{"index":"index","follow":"follow","max-snippet":"max-snippet:-1","max-image-preview":"max-image-preview:large","max-video-preview":"max-video-preview:-1"},"canonical":"https:\/\/www.topo-gps.com\/pl\/obslugiwane-uklady-wspolrzednych\/","og_locale":"pl_PL","og_type":"article","og_title":"Obs\u0142ugiwane uk\u0142ady wsp\u00f3\u0142rz\u0119dnych - Topo GPS","og_description":"W aplikacji Topo GPS obs\u0142ugiwanych jest wiele r\u00f3\u017cnych uk\u0142ad\u00f3w wsp\u00f3\u0142rz\u0119dnych. Mo\u017cesz przegl\u0105da\u0107, wprowadza\u0107, udost\u0119pnia\u0107 i skanowa\u0107 wsp\u00f3\u0142rz\u0119dne w uk\u0142adach wsp\u00f3\u0142rz\u0119dnych wymienionych poni\u017cej. Mo\u017cliwe jest r\u00f3wnie\u017c dodawanie warstw siatki uk\u0142ad\u00f3w wsp\u00f3\u0142rz\u0119dnych do mapy. Je\u015bli brakuje okre\u015blonego uk\u0142adu wsp\u00f3\u0142rz\u0119dnych, mo\u017cesz si\u0119 z nami skontaktowa\u0107 , a rozwa\u017cymy jego dodanie. \u015awiat WGS84 Dziesi\u0119tny WGS84 Stopnie minuty WGS84 Stopnie minuty sekundy UTM MGRS GEOREF GARS QTH Maidenhead Europa Strefy UTM ETRS89 Ameryka P\u00f3\u0142nocna Strefy UTM NAD83 Albania Bankomat &#8211; EPSG:6870 ALCC &#8211; EPSG:6962 Australia SA Lambert &#8211; GDA2020 &#8211; EPSG:8059 Vicgrid &#8211; GDA2020 &#8211; EPSG:7899 NSW Lambert &#8211; GDA2020 &#8211; EPSG:8058 Strefa MGA &#8211;...","og_url":"https:\/\/www.topo-gps.com\/pl\/obslugiwane-uklady-wspolrzednych\/","og_site_name":"Topo GPS","article_modified_time":"2024-08-22T13:23:08+00:00","twitter_card":"summary_large_image","twitter_misc":{"Szacowany czas czytania":"3 minuty"},"schema":{"@context":"https:\/\/schema.org","@graph":[{"@type":"WebPage","@id":"https:\/\/www.topo-gps.com\/pl\/obslugiwane-uklady-wspolrzednych\/","url":"https:\/\/www.topo-gps.com\/pl\/obslugiwane-uklady-wspolrzednych\/","name":"Obs\u0142ugiwane uk\u0142ady wsp\u00f3\u0142rz\u0119dnych - Topo GPS","isPartOf":{"@id":"https:\/\/www.topo-gps.com\/pl\/#website"},"datePublished":"2024-08-22T13:11:18+00:00","dateModified":"2024-08-22T13:23:08+00:00","breadcrumb":{"@id":"https:\/\/www.topo-gps.com\/pl\/obslugiwane-uklady-wspolrzednych\/#breadcrumb"},"inLanguage":"pl-PL","potentialAction":[{"@type":"ReadAction","target":["https:\/\/www.topo-gps.com\/pl\/obslugiwane-uklady-wspolrzednych\/"]}]},{"@type":"BreadcrumbList","@id":"https:\/\/www.topo-gps.com\/pl\/obslugiwane-uklady-wspolrzednych\/#breadcrumb","itemListElement":[{"@type":"ListItem","position":1,"name":"Home","item":"https:\/\/www.topo-gps.com\/pl\/aplikacja-z-mapami-topograficznymi-na-iphonea-androida-i-apple-watch\/"},{"@type":"ListItem","position":2,"name":"Obs\u0142ugiwane uk\u0142ady wsp\u00f3\u0142rz\u0119dnych"}]},{"@type":"WebSite","@id":"https:\/\/www.topo-gps.com\/pl\/#website","url":"https:\/\/www.topo-gps.com\/pl\/","name":"Topo GPS","description":"Topographic maps GPS for iPhone, Android, iPad and Apple Watch","potentialAction":[{"@type":"SearchAction","target":{"@type":"EntryPoint","urlTemplate":"https:\/\/www.topo-gps.com\/pl\/?s={search_term_string}"},"query-input":{"@type":"PropertyValueSpecification","valueRequired":true,"valueName":"search_term_string"}}],"inLanguage":"pl-PL"}]}},"_links":{"self":[{"href":"https:\/\/www.topo-gps.com\/pl\/wp-json\/wp\/v2\/pages\/28913","targetHints":{"allow":["GET"]}}],"collection":[{"href":"https:\/\/www.topo-gps.com\/pl\/wp-json\/wp\/v2\/pages"}],"about":[{"href":"https:\/\/www.topo-gps.com\/pl\/wp-json\/wp\/v2\/types\/page"}],"author":[{"embeddable":true,"href":"https:\/\/www.topo-gps.com\/pl\/wp-json\/wp\/v2\/users\/1"}],"replies":[{"embeddable":true,"href":"https:\/\/www.topo-gps.com\/pl\/wp-json\/wp\/v2\/comments?post=28913"}],"version-history":[{"count":0,"href":"https:\/\/www.topo-gps.com\/pl\/wp-json\/wp\/v2\/pages\/28913\/revisions"}],"wp:attachment":[{"href":"https:\/\/www.topo-gps.com\/pl\/wp-json\/wp\/v2\/media?parent=28913"}],"curies":[{"name":"wp","href":"https:\/\/api.w.org\/{rel}","templated":true}]}}