{"id":26360,"date":"2023-06-16T15:55:11","date_gmt":"2023-06-16T14:55:11","guid":{"rendered":"https:\/\/www.topo-gps.com\/mapy\/warstwa-tras-dla-rowerow-gorskich\/"},"modified":"2023-06-16T16:41:07","modified_gmt":"2023-06-16T15:41:07","slug":"warstwa-tras-dla-rowerow-gorskich","status":"publish","type":"page","link":"https:\/\/www.topo-gps.com\/pl\/mapy\/warstwa-tras-dla-rowerow-gorskich\/","title":{"rendered":"Warstwa tras dla rower\u00f3w g\u00f3rskich"},"content":{"rendered":"<div class=\"wpb-content-wrapper\"><p>[vc_section enable_inner=&#8221;yes&#8221; section_type=&#8221;hero&#8221; inner_margin_top=&#8221;mt-100&#8243; parallax_image_attachment=&#8221;inherit&#8221; padding_class=&#8221;wide-100&#8243; css=&#8221;.vc_custom_1686928143911{background-image: url(https:\/\/www.topo-gps.com\/wp-content\/uploads\/2023\/06\/sipke_mountainbiker_on_a_path_photo_realistic_6c31544d-3751-4033-bae7-d807088a510e.png?id=26307) !important;background-position: center !important;background-repeat: no-repeat !important;background-size: cover !important;}&#8221;][vc_row parallax_image_attachment=&#8221;inherit&#8221; css=&#8221;.vc_custom_1639602296513{padding-top: 20px !important;padding-bottom: 20px !important;}&#8221;][vc_column width=&#8221;1\/2&#8243; css=&#8221;.vc_custom_1639603345318{margin-bottom: 20px !important;}&#8221;]\r\n        <div class=\"vc_custom_1686926621397  hero-txt\"> \r\n            \r\n                     \r\n            <h3 class=\"white-color h3-sm none  wow perch-fadeInUp fadeInUp\" style=\"font-weight: bold;\" data-wow-delay=\"300ms\" data-wow-duration=\"1200ms\">Trasy dla rower\u00f3w g\u00f3rskich pokazane bezpo\u015brednio na mapach topograficznych<\/h3>\r\n             \r\n            \r\n                        \r\n                        \r\n            \r\n                        \r\n                        \r\n                  \r\n        <\/div>[\/vc_column][vc_column width=&#8221;1\/2&#8243; css=&#8221;.vc_custom_1639603183972{padding-top: 40px !important;padding-bottom: 40px !important;}&#8221;]\r\n        <div class=\"hero-img  wow perch-fadeInUp fadeInUp\" data-wow-delay=\"300ms\" data-wow-duration=\"1200ms\"> \r\n        <img loading=\"lazy\" decoding=\"async\" class=\"vc_single_image-img img-fluid\" width=\"560\" height=\"604\"  src=\"https:\/\/www.topo-gps.com\/wp-content\/uploads\/2022\/04\/at-map1.png\" alt=\"External image\" \/>\r\n        <\/div>[\/vc_column][\/vc_row][\/vc_section][vc_section][vc_row][vc_column]\r\n        <div class=\"section-title  wow perch-fadeInUp fadeInUp text-center\" data-wow-delay=\"300ms\" data-wow-duration=\"1200ms\">\r\n            <h2 class=\"h2-sm\">Najlepsze mapy outdoorowe dla Austrii<\/h2>\r\n            <p class=\"p-lg\">Oficjalne mapy topograficzne to najlepsze mapy zewn\u0119trzne Austrii.<\/p>         \r\n        <\/div>[vc_column_text]Posiadanie szerokiej gamy europejskich tras dla rower\u00f3w g\u00f3rskich dost\u0119pnych w telefonie zapewnia rowerzystom g\u00f3rskim liczne korzy\u015bci. Pozwala rowerzystom odkrywa\u0107 nowe szlaki w Holandii, Niemczech, Francji i innych krajach europejskich bez obawy, \u017ce si\u0119 zgubi\u0105, zapewniaj\u0105c bezproblemow\u0105 i przyjemn\u0105 jazd\u0119. Dzi\u0119ki szczeg\u00f3\u0142owym mapom i profilom wysoko\u015bciowym trasy dla rower\u00f3w g\u00f3rskich zapewniaj\u0105 wymagaj\u0105ce, ale satysfakcjonuj\u0105ce wra\u017cenia na \u015bwie\u017cym powietrzu za ka\u017cdym razem.<\/p>\n<p>Dzi\u0119ki tym cennym informacjom na wyci\u0105gni\u0119cie r\u0119ki rowerzy\u015bci mog\u0105 \u015bmia\u0142o zapuszcza\u0107 si\u0119 w nieznane obszary, pozostaj\u0105c w kontakcie i bezpiecznie. Og\u00f3lnie rzecz bior\u0105c, posiadanie tras dla rower\u00f3w g\u00f3rskich w telefonie rewolucjonizuje spos\u00f3b, w jaki rowerzy\u015bci podchodz\u0105 do swoich przyg\u00f3d, maksymalizuj\u0105c czas sp\u0119dzony na szlakach, zapewniaj\u0105c jednocze\u015bnie poczucie bezpiecze\u0144stwa i eksploracji.[\/vc_column_text][\/vc_column][\/vc_row][vc_row][vc_column width=&#8221;1\/2&#8243;][vc_single_image custom_src=&#8221;https:\/\/www.topo-gps.com\/wp-content\/uploads\/2022\/04\/at-map2.jpg&#8221; external_img_size=&#8221;391&#215;600&#8243; alignment=&#8221;center&#8221;][\/vc_column][vc_column width=&#8221;1\/2&#8243;][vc_row_inner][vc_column_inner width=&#8221;1\/2&#8243;]\r\n        <div class=\"wow perch-fadeInUp fadeInUp fbox\" data-wow-delay=\"300ms\" data-wow-duration=\"1200ms\"> \r\n            <div class=\"fbox grey-color-box\">\r\n                <div class=\"grey-color-icon b-icon box-icon-md\"><span class=\" grey-color\"><\/span><\/div>  \r\n                <div class=\"fbox-txt\">    \r\n                    <h5 class=\"h5-sm\">Wyczerpuj\u0105cy<\/h5>\r\n                    <p class=\"grey-color\">Zestaw tras dla rower\u00f3w g\u00f3rskich w ca\u0142ej Europie. Mo\u017cna je \u0142atwo wy\u015bwietli\u0107 na mapie topograficznej lub Open Streetmap kraj\u00f3w.<\/p>\r\n                    \r\n                <\/div> \r\n            <\/div>        \r\n        <\/div>\r\n        <div class=\"wow perch-fadeInUp fadeInUp fbox\" data-wow-delay=\"300ms\" data-wow-duration=\"1200ms\"> \r\n            <div class=\"fbox grey-color-box\">\r\n                <div class=\"grey-color-icon b-icon box-icon-md\"><span class=\" grey-color\"><\/span><\/div>  \r\n                <div class=\"fbox-txt\">    \r\n                    <h5 class=\"h5-sm\">Zabarwienie<\/h5>\r\n                    <p class=\"grey-color\">Kolory \u015bcie\u017cek s\u0105 dopasowywane do znak\u00f3w na \u015bcie\u017cce, je\u015bli s\u0105 znane. Wiele szlak\u00f3w wykorzystuje klasyczny tr\u00f3jk\u0105t i dwie kropki jako znaczniki \u015bcie\u017cek.  <\/p>\r\n                    \r\n                <\/div> \r\n            <\/div>        \r\n        <\/div>\r\n        <div class=\"wow perch-fadeInUp fadeInUp fbox\" data-wow-delay=\"300ms\" data-wow-duration=\"1200ms\"> \r\n            <div class=\"fbox grey-color-box\">\r\n                <div class=\"grey-color-icon b-icon box-icon-md\"><span class=\" grey-color\"><\/span><\/div>  \r\n                <div class=\"fbox-txt\">    \r\n                    <h5 class=\"h5-sm\">Kierunek szlaku<\/h5>\r\n                    <p class=\"grey-color\">Wiele pojedynczych tor\u00f3w ma tylko jeden kierunek jazdy. Aplikacja pokazuje te kierunki, wi\u0119c wiesz, w kt\u00f3r\u0105 stron\u0119 i\u015b\u0107.  <\/p>\r\n                    \r\n                <\/div> \r\n            <\/div>        \r\n        <\/div>[\/vc_column_inner][vc_column_inner width=&#8221;1\/2&#8243;]\r\n        <div class=\"wow perch-fadeInUp fadeInUp fbox\" data-wow-delay=\"300ms\" data-wow-duration=\"1200ms\"> \r\n            <div class=\"fbox grey-color-box\">\r\n                <div class=\"grey-color-icon b-icon box-icon-md\"><span class=\" grey-color\"><\/span><\/div>  \r\n                <div class=\"fbox-txt\">    \r\n                    <h5 class=\"h5-sm\">Mapy offline<\/h5>\r\n                    <p class=\"grey-color\">Mo\u017cesz udost\u0119pni\u0107 mapy topograficzne i szlaki w trybie offline. W ten spos\u00f3b masz pewno\u015b\u0107, \u017ce potrzebne Ci mapy s\u0105 zawsze dost\u0119pne.<\/p>\r\n                    \r\n                <\/div> \r\n            <\/div>        \r\n        <\/div>\r\n        <div class=\"wow perch-fadeInUp fadeInUp fbox\" data-wow-delay=\"300ms\" data-wow-duration=\"1200ms\"> \r\n            <div class=\"fbox grey-color-box\">\r\n                <div class=\"grey-color-icon b-icon box-icon-md\"><span class=\" grey-color\"><\/span><\/div>  \r\n                <div class=\"fbox-txt\">    \r\n                    <h5 class=\"h5-sm\">Informacje o trasie<\/h5>\r\n                    <p class=\"grey-color\">Je\u015bli jest dost\u0119pny, podany jest opis trasy, a tak\u017ce podstawowe informacje o d\u0142ugo\u015bci i po\u0142\u0105czeniach z innymi trasami.  <\/p>\r\n                    \r\n                <\/div> \r\n            <\/div>        \r\n        <\/div>\r\n        <div class=\"wow perch-fadeInUp fadeInUp fbox\" data-wow-delay=\"300ms\" data-wow-duration=\"1200ms\"> \r\n            <div class=\"fbox grey-color-box\">\r\n                <div class=\"grey-color-icon b-icon box-icon-md\"><span class=\" grey-color\"><\/span><\/div>  \r\n                <div class=\"fbox-txt\">    \r\n                    <h5 class=\"h5-sm\">Funkcje Topo GPS<\/h5>\r\n                    <p class=\"grey-color\">Aplikacja Topo GPS oferuje wiele dodatkowych przydatnych funkcji mapy topograficznej. Podobnie jak nawigacja, \u0142adowanie, planowanie i pod\u0105\u017canie trasami oraz dodawanie punkt\u00f3w do mapy. Topo GPS zawiera wszystkie funkcje zwyk\u0142ego urz\u0105dzenia GPS.<\/p>\r\n                    \r\n                <\/div> \r\n            <\/div>        \r\n        <\/div>[\/vc_column_inner][\/vc_row_inner][\/vc_column][\/vc_row][\/vc_section][vc_section][vc_row][vc_column]\r\n        <div class=\"section-title  wow perch-fadeInUp fadeInUp text-center\" data-wow-delay=\"300ms\" data-wow-duration=\"1200ms\">\r\n            <h2 class=\"h2-sm\">Kt\u00f3r\u0105 map\u0119 wolisz eksplorowa\u0107 w plenerze?<\/h2>\r\n            <p class=\"p-lg\">Por\u00f3wnaj siebie<\/p>         \r\n        <\/div>[vc_row_inner][vc_column_inner width=&#8221;1\/3&#8243;][vc_column_text]<\/p>\n<h3 style=\"text-align: center;\">Mapy Google<\/h3>\n<p>[\/vc_column_text][vc_single_image custom_src=&#8221;https:\/\/www.topo-gps.com\/wp-content\/uploads\/2022\/04\/at-gm.jpg&#8221; external_img_size=&#8221;277&#215;560&#8243; alignment=&#8221;center&#8221;][\/vc_column_inner][vc_column_inner width=&#8221;1\/3&#8243;][vc_column_text]<\/p>\n<h3 style=\"text-align: center;\">Otw\u00f3rz map\u0119 ulic<\/h3>\n<p>[\/vc_column_text][vc_single_image custom_src=&#8221;https:\/\/www.topo-gps.com\/wp-content\/uploads\/2022\/04\/at-osm.jpg&#8221; external_img_size=&#8221;277&#215;560&#8243; alignment=&#8221;center&#8221;][\/vc_column_inner][vc_column_inner width=&#8221;1\/3&#8243;][vc_column_text]<\/p>\n<h3 style=\"text-align: center;\">Mapa topograficzna<\/h3>\n<p>[\/vc_column_text][vc_single_image custom_src=&#8221;https:\/\/www.topo-gps.com\/wp-content\/uploads\/2022\/04\/at-tg.jpg&#8221; external_img_size=&#8221;277&#215;560&#8243; alignment=&#8221;center&#8221;][\/vc_column_inner][\/vc_row_inner][\/vc_column][\/vc_row][\/vc_section]<\/p>\n<\/div>","protected":false},"excerpt":{"rendered":"<p>[vc_section enable_inner=&#8221;yes&#8221; section_type=&#8221;hero&#8221; inner_margin_top=&#8221;mt-100&#8243; parallax_image_attachment=&#8221;inherit&#8221; padding_class=&#8221;wide-100&#8243; css=&#8221;.vc_custom_1686928143911{background-image: url(https:\/\/www.topo-gps.com\/wp-content\/uploads\/2023\/06\/sipke_mountainbiker_on_a_path_photo_realistic_6c31544d-3751-4033-bae7-d807088a510e.png?id=26307) !important;background-position: center !important;background-repeat: no-repeat !important;background-size: cover !important;}&#8221;][vc_row parallax_image_attachment=&#8221;inherit&#8221; css=&#8221;.vc_custom_1639602296513{padding-top: 20px !important;padding-bottom: 20px !important;}&#8221;][vc_column width=&#8221;1\/2&#8243; css=&#8221;.vc_custom_1639603345318{margin-bottom: 20px !important;}&#8221;][\/vc_column][vc_column width=&#8221;1\/2&#8243; css=&#8221;.vc_custom_1639603183972{padding-top: 40px !important;padding-bottom: 40px !important;}&#8221;][\/vc_column][\/vc_row][\/vc_section][vc_section][vc_row][vc_column][vc_column_text]Posiadanie szerokiej gamy europejskich tras dla rower\u00f3w g\u00f3rskich dost\u0119pnych w telefonie zapewnia rowerzystom g\u00f3rskim liczne korzy\u015bci. Pozwala rowerzystom odkrywa\u0107 nowe szlaki w Holandii, Niemczech, Francji i innych krajach europejskich bez obawy, \u017ce si\u0119 zgubi\u0105, zapewniaj\u0105c bezproblemow\u0105 i przyjemn\u0105 jazd\u0119. Dzi\u0119ki szczeg\u00f3\u0142owym mapom i profilom wysoko\u015bciowym trasy dla rower\u00f3w g\u00f3rskich zapewniaj\u0105 wymagaj\u0105ce, ale satysfakcjonuj\u0105ce wra\u017cenia na \u015bwie\u017cym powietrzu za ka\u017cdym razem. Dzi\u0119ki tym cennym informacjom na wyci\u0105gni\u0119cie r\u0119ki rowerzy\u015bci mog\u0105 \u015bmia\u0142o&#8230;<\/p>\n","protected":false},"author":1,"featured_media":0,"parent":24028,"menu_order":0,"comment_status":"closed","ping_status":"closed","template":"","meta":{"footnotes":""},"class_list":["post-26360","page","type-page","status-publish","hentry","no-post-thumbnail"],"yoast_head":"<!-- This site is optimized with the Yoast SEO plugin v27.3 - https:\/\/yoast.com\/product\/yoast-seo-wordpress\/ -->\n<title>Warstwa tras dla rower\u00f3w g\u00f3rskich - Topo GPS<\/title>\n<meta name=\"description\" content=\"Topo GPS ma dodatkow\u0105 warstw\u0119, kt\u00f3ra pozwala wy\u015bwietla\u0107 trasy, szlaki i \u015bcie\u017cki dla rower\u00f3w g\u00f3rskich na mapie topograficznej\" \/>\n<meta name=\"robots\" content=\"index, follow, max-snippet:-1, max-image-preview:large, max-video-preview:-1\" \/>\n<link rel=\"canonical\" href=\"https:\/\/www.topo-gps.com\/pl\/mapy\/warstwa-tras-dla-rowerow-gorskich\/\" \/>\n<meta property=\"og:locale\" content=\"pl_PL\" \/>\n<meta property=\"og:type\" content=\"article\" \/>\n<meta property=\"og:title\" content=\"Warstwa tras dla rower\u00f3w g\u00f3rskich - Topo GPS\" \/>\n<meta property=\"og:description\" content=\"Topo GPS ma dodatkow\u0105 warstw\u0119, kt\u00f3ra pozwala wy\u015bwietla\u0107 trasy, szlaki i \u015bcie\u017cki dla rower\u00f3w g\u00f3rskich na mapie topograficznej\" \/>\n<meta property=\"og:url\" content=\"https:\/\/www.topo-gps.com\/pl\/mapy\/warstwa-tras-dla-rowerow-gorskich\/\" \/>\n<meta property=\"og:site_name\" content=\"Topo GPS\" \/>\n<meta property=\"article:modified_time\" content=\"2023-06-16T15:41:07+00:00\" \/>\n<meta name=\"twitter:card\" content=\"summary_large_image\" \/>\n<meta name=\"twitter:label1\" content=\"Szacowany czas czytania\" \/>\n\t<meta name=\"twitter:data1\" content=\"4 minuty\" \/>\n<script type=\"application\/ld+json\" class=\"yoast-schema-graph\">{\"@context\":\"https:\\\/\\\/schema.org\",\"@graph\":[{\"@type\":\"WebPage\",\"@id\":\"https:\\\/\\\/www.topo-gps.com\\\/pl\\\/mapy\\\/warstwa-tras-dla-rowerow-gorskich\\\/\",\"url\":\"https:\\\/\\\/www.topo-gps.com\\\/pl\\\/mapy\\\/warstwa-tras-dla-rowerow-gorskich\\\/\",\"name\":\"Warstwa tras dla rower\u00f3w g\u00f3rskich - Topo GPS\",\"isPartOf\":{\"@id\":\"https:\\\/\\\/www.topo-gps.com\\\/pl\\\/#website\"},\"datePublished\":\"2023-06-16T14:55:11+00:00\",\"dateModified\":\"2023-06-16T15:41:07+00:00\",\"description\":\"Topo GPS ma dodatkow\u0105 warstw\u0119, kt\u00f3ra pozwala wy\u015bwietla\u0107 trasy, szlaki i \u015bcie\u017cki dla rower\u00f3w g\u00f3rskich na mapie topograficznej\",\"breadcrumb\":{\"@id\":\"https:\\\/\\\/www.topo-gps.com\\\/pl\\\/mapy\\\/warstwa-tras-dla-rowerow-gorskich\\\/#breadcrumb\"},\"inLanguage\":\"pl-PL\",\"potentialAction\":[{\"@type\":\"ReadAction\",\"target\":[\"https:\\\/\\\/www.topo-gps.com\\\/pl\\\/mapy\\\/warstwa-tras-dla-rowerow-gorskich\\\/\"]}]},{\"@type\":\"BreadcrumbList\",\"@id\":\"https:\\\/\\\/www.topo-gps.com\\\/pl\\\/mapy\\\/warstwa-tras-dla-rowerow-gorskich\\\/#breadcrumb\",\"itemListElement\":[{\"@type\":\"ListItem\",\"position\":1,\"name\":\"Home\",\"item\":\"https:\\\/\\\/www.topo-gps.com\\\/pl\\\/aplikacja-z-mapami-topograficznymi-na-iphonea-androida-i-apple-watch\\\/\"},{\"@type\":\"ListItem\",\"position\":2,\"name\":\"Mapy\",\"item\":\"https:\\\/\\\/www.topo-gps.com\\\/pl\\\/mapy\\\/\"},{\"@type\":\"ListItem\",\"position\":3,\"name\":\"Warstwa tras dla rower\u00f3w g\u00f3rskich\"}]},{\"@type\":\"WebSite\",\"@id\":\"https:\\\/\\\/www.topo-gps.com\\\/pl\\\/#website\",\"url\":\"https:\\\/\\\/www.topo-gps.com\\\/pl\\\/\",\"name\":\"Topo GPS\",\"description\":\"Topographic maps GPS for iPhone, Android, iPad and Apple Watch\",\"potentialAction\":[{\"@type\":\"SearchAction\",\"target\":{\"@type\":\"EntryPoint\",\"urlTemplate\":\"https:\\\/\\\/www.topo-gps.com\\\/pl\\\/?s={search_term_string}\"},\"query-input\":{\"@type\":\"PropertyValueSpecification\",\"valueRequired\":true,\"valueName\":\"search_term_string\"}}],\"inLanguage\":\"pl-PL\"}]}<\/script>\n<!-- \/ Yoast SEO plugin. -->","yoast_head_json":{"title":"Warstwa tras dla rower\u00f3w g\u00f3rskich - Topo GPS","description":"Topo GPS ma dodatkow\u0105 warstw\u0119, kt\u00f3ra pozwala wy\u015bwietla\u0107 trasy, szlaki i \u015bcie\u017cki dla rower\u00f3w g\u00f3rskich na mapie topograficznej","robots":{"index":"index","follow":"follow","max-snippet":"max-snippet:-1","max-image-preview":"max-image-preview:large","max-video-preview":"max-video-preview:-1"},"canonical":"https:\/\/www.topo-gps.com\/pl\/mapy\/warstwa-tras-dla-rowerow-gorskich\/","og_locale":"pl_PL","og_type":"article","og_title":"Warstwa tras dla rower\u00f3w g\u00f3rskich - Topo GPS","og_description":"Topo GPS ma dodatkow\u0105 warstw\u0119, kt\u00f3ra pozwala wy\u015bwietla\u0107 trasy, szlaki i \u015bcie\u017cki dla rower\u00f3w g\u00f3rskich na mapie topograficznej","og_url":"https:\/\/www.topo-gps.com\/pl\/mapy\/warstwa-tras-dla-rowerow-gorskich\/","og_site_name":"Topo GPS","article_modified_time":"2023-06-16T15:41:07+00:00","twitter_card":"summary_large_image","twitter_misc":{"Szacowany czas czytania":"4 minuty"},"schema":{"@context":"https:\/\/schema.org","@graph":[{"@type":"WebPage","@id":"https:\/\/www.topo-gps.com\/pl\/mapy\/warstwa-tras-dla-rowerow-gorskich\/","url":"https:\/\/www.topo-gps.com\/pl\/mapy\/warstwa-tras-dla-rowerow-gorskich\/","name":"Warstwa tras dla rower\u00f3w g\u00f3rskich - Topo GPS","isPartOf":{"@id":"https:\/\/www.topo-gps.com\/pl\/#website"},"datePublished":"2023-06-16T14:55:11+00:00","dateModified":"2023-06-16T15:41:07+00:00","description":"Topo GPS ma dodatkow\u0105 warstw\u0119, kt\u00f3ra pozwala wy\u015bwietla\u0107 trasy, szlaki i \u015bcie\u017cki dla rower\u00f3w g\u00f3rskich na mapie topograficznej","breadcrumb":{"@id":"https:\/\/www.topo-gps.com\/pl\/mapy\/warstwa-tras-dla-rowerow-gorskich\/#breadcrumb"},"inLanguage":"pl-PL","potentialAction":[{"@type":"ReadAction","target":["https:\/\/www.topo-gps.com\/pl\/mapy\/warstwa-tras-dla-rowerow-gorskich\/"]}]},{"@type":"BreadcrumbList","@id":"https:\/\/www.topo-gps.com\/pl\/mapy\/warstwa-tras-dla-rowerow-gorskich\/#breadcrumb","itemListElement":[{"@type":"ListItem","position":1,"name":"Home","item":"https:\/\/www.topo-gps.com\/pl\/aplikacja-z-mapami-topograficznymi-na-iphonea-androida-i-apple-watch\/"},{"@type":"ListItem","position":2,"name":"Mapy","item":"https:\/\/www.topo-gps.com\/pl\/mapy\/"},{"@type":"ListItem","position":3,"name":"Warstwa tras dla rower\u00f3w g\u00f3rskich"}]},{"@type":"WebSite","@id":"https:\/\/www.topo-gps.com\/pl\/#website","url":"https:\/\/www.topo-gps.com\/pl\/","name":"Topo GPS","description":"Topographic maps GPS for iPhone, Android, iPad and Apple Watch","potentialAction":[{"@type":"SearchAction","target":{"@type":"EntryPoint","urlTemplate":"https:\/\/www.topo-gps.com\/pl\/?s={search_term_string}"},"query-input":{"@type":"PropertyValueSpecification","valueRequired":true,"valueName":"search_term_string"}}],"inLanguage":"pl-PL"}]}},"_links":{"self":[{"href":"https:\/\/www.topo-gps.com\/pl\/wp-json\/wp\/v2\/pages\/26360","targetHints":{"allow":["GET"]}}],"collection":[{"href":"https:\/\/www.topo-gps.com\/pl\/wp-json\/wp\/v2\/pages"}],"about":[{"href":"https:\/\/www.topo-gps.com\/pl\/wp-json\/wp\/v2\/types\/page"}],"author":[{"embeddable":true,"href":"https:\/\/www.topo-gps.com\/pl\/wp-json\/wp\/v2\/users\/1"}],"replies":[{"embeddable":true,"href":"https:\/\/www.topo-gps.com\/pl\/wp-json\/wp\/v2\/comments?post=26360"}],"version-history":[{"count":0,"href":"https:\/\/www.topo-gps.com\/pl\/wp-json\/wp\/v2\/pages\/26360\/revisions"}],"up":[{"embeddable":true,"href":"https:\/\/www.topo-gps.com\/pl\/wp-json\/wp\/v2\/pages\/24028"}],"wp:attachment":[{"href":"https:\/\/www.topo-gps.com\/pl\/wp-json\/wp\/v2\/media?parent=26360"}],"curies":[{"name":"wp","href":"https:\/\/api.w.org\/{rel}","templated":true}]}}