{"id":24045,"date":"2023-02-25T06:52:10","date_gmt":"2023-02-25T05:52:10","guid":{"rendered":"https:\/\/www.topo-gps.com\/mapa-topograficzna-estonii\/"},"modified":"2023-03-12T21:59:33","modified_gmt":"2023-03-12T20:59:33","slug":"mapa-topograficzna-estonii","status":"publish","type":"page","link":"https:\/\/www.topo-gps.com\/pl\/mapa-topograficzna-estonii\/","title":{"rendered":"Mapa topograficzna Estonii"},"content":{"rendered":"<div class=\"wpb-content-wrapper\"><p>[vc_section enable_inner=&#8221;yes&#8221; section_type=&#8221;hero&#8221; inner_margin_top=&#8221;mt-100&#8243; parallax_image_attachment=&#8221;inherit&#8221; padding_class=&#8221;wide-100&#8243; css=&#8221;.vc_custom_1649333035548{background-image: url(https:\/\/www.topo-gps.com\/wp-content\/uploads\/2022\/04\/VV2St1GGhYdT.jpg?id=18076) !important;background-position: center !important;background-repeat: no-repeat !important;background-size: cover !important;}&#8221;][vc_row parallax_image_attachment=&#8221;inherit&#8221; css=&#8221;.vc_custom_1639602296513{padding-top: 20px !important;padding-bottom: 20px !important;}&#8221;][vc_column width=&#8221;1\/2&#8243; css=&#8221;.vc_custom_1639603345318{margin-bottom: 20px !important;}&#8221;]\r\n        <div class=\"vc_custom_1649332555931  hero-txt\"> \r\n            \r\n                     \r\n            <h3 class=\"white-color h3-sm none  wow perch-fadeInUp fadeInUp\" style=\"font-weight: bold;\" data-wow-delay=\"300ms\" data-wow-duration=\"1200ms\">Mapa topograficzna Estonii na Twoim iPhonie, telefonie z Androidem i Apple Watch<\/h3>\r\n             \r\n            \r\n                        \r\n                        \r\n            \r\n                        \r\n                        \r\n                  \r\n        <\/div>[vc_row_inner][vc_column_inner width=&#8221;1\/2&#8243; css=&#8221;.vc_custom_1639605647058{padding-top: 10px !important;padding-bottom: 10px !important;}&#8221;]\r\n        <div class=\"hero-img  wow perch-fadeInUp fadeInUp text-center\" data-wow-delay=\"300ms\" data-wow-duration=\"1200ms\"> \r\n        <a href=\"https:\/\/apps.apple.com\/gb\/app\/topo-gps\/id578960575\" target=\"_self\" class=\"vc_single_image-wrapper  \"><img loading=\"lazy\" decoding=\"async\" class=\"vc_single_image-img img-fluid\" width=\"160\" height=\"50\"  src=\"https:\/\/www.topo-gps.com\/wp-content\/themes\/appset\/images\/appstore.png\" alt=\"External image\" \/><\/a>\r\n        <\/div>[\/vc_column_inner][vc_column_inner width=&#8221;1\/2&#8243; css=&#8221;.vc_custom_1639605658368{padding-top: 10px !important;padding-bottom: 10px !important;}&#8221;]\r\n        <div class=\"hero-img  wow perch-fadeInUp fadeInUp text-center\" data-wow-delay=\"300ms\" data-wow-duration=\"1200ms\"> \r\n        <a href=\"https:\/\/play.google.com\/store\/apps\/details?id=uk.rdzl.topo.gps&amp;hl=en\" target=\"_self\" class=\"vc_single_image-wrapper  \"><img loading=\"lazy\" decoding=\"async\" class=\"vc_single_image-img img-fluid\" width=\"171\" height=\"50\"  src=\"https:\/\/www.topo-gps.com\/wp-content\/themes\/appset\/images\/googleplay.png\" alt=\"External image\" \/><\/a>\r\n        <\/div>[\/vc_column_inner][\/vc_row_inner][\/vc_column][vc_column width=&#8221;1\/2&#8243; css=&#8221;.vc_custom_1639603183972{padding-top: 40px !important;padding-bottom: 40px !important;}&#8221;]\r\n        <div class=\"hero-img  wow perch-fadeInUp fadeInUp\" data-wow-delay=\"300ms\" data-wow-duration=\"1200ms\"> \r\n        <img loading=\"lazy\" decoding=\"async\" class=\"vc_single_image-img img-fluid\" width=\"560\" height=\"604\"  src=\"https:\/\/www.topo-gps.com\/wp-content\/uploads\/2022\/04\/map-ee1.png\" alt=\"External image\" \/>\r\n        <\/div>[\/vc_column][\/vc_row][\/vc_section][vc_section][vc_row][vc_column]\r\n        <div class=\"section-title  wow perch-fadeInUp fadeInUp text-center\" data-wow-delay=\"300ms\" data-wow-duration=\"1200ms\">\r\n            <h2 class=\"h2-sm\">Najlepsze mapy zewn\u0119trzne dla Estonii<\/h2>\r\n            <p class=\"p-lg\">Oficjalne mapy topograficzne to najlepsze mapy zewn\u0119trzne dla Estonii.<\/p>         \r\n        <\/div>[vc_column_text]Estonia to ma\u0142y kraj po\u0142o\u017cony w Europie P\u00f3\u0142nocnej, kt\u00f3ry ma wiele do zaoferowania mi\u0142o\u015bnikom outdooru. Dzi\u0119ki rozleg\u0142ym lasom, pi\u0119knym parkom narodowym i d\u0142ugiej linii brzegowej Estonia jest idealnym miejscem do uprawiania turystyki pieszej, rowerowej i sport\u00f3w wodnych.<\/p>\n<p>Jedn\u0105 z g\u0142\u00f3wnych atrakcji Estonii do sp\u0119dzania czasu na \u015bwie\u017cym powietrzu jest Park Narodowy Lahemaa, po\u0142o\u017cony na p\u00f3\u0142nocnym wybrze\u017cu kraju. W parku znajduje si\u0119 wiele szlak\u00f3w, kt\u00f3re prowadz\u0105 przez pi\u0119kne lasy, torfowiska i tereny przybrze\u017cne, oferuj\u0105c wspania\u0142e widoki na Morze Ba\u0142tyckie. Park Narodowy Soomaa, po\u0142o\u017cony w po\u0142udniowo-zachodniej cz\u0119\u015bci kraju, jest r\u00f3wnie\u017c wart odwiedzenia ze wzgl\u0119du na wyj\u0105tkowy krajobraz zalanych las\u00f3w i mokrade\u0142.<\/p>\n<p>Jazda na rowerze jest r\u00f3wnie\u017c popularn\u0105 aktywno\u015bci\u0105 w Estonii, gdzie istnieje ponad 1200 km tras rowerowych. Okr\u0119g Tartu w po\u0142udniowo-wschodniej Estonii oferuje jedne z najlepszych tras rowerowych, w\u015br\u00f3d kt\u00f3rych popularne s\u0105 malownicze jezioro Peipsi i rzeka Emaj\u00f5gi.<\/p>\n<p>D\u0142ugie wybrze\u017ce Estonii oferuje r\u00f3wnie\u017c szereg sport\u00f3w wodnych, takich jak sp\u0142ywy kajakowe, kajakarstwo i \u017ceglarstwo. Liczne jeziora i rzeki w kraju s\u0105 r\u00f3wnie\u017c idealne do w\u0119dkowania i p\u0142ywania.<\/p>\n<p>Og\u00f3lnie rzecz bior\u0105c, Estonia oferuje r\u00f3\u017cnorodne zaj\u0119cia na \u015bwie\u017cym powietrzu dla r\u00f3\u017cnych zainteresowa\u0144 i poziom\u00f3w umiej\u0119tno\u015bci, co czyni j\u0105 doskona\u0142ym miejscem dla poszukiwaczy przyg\u00f3d i mi\u0142o\u015bnik\u00f3w przyrody. Dzi\u0119ki osza\u0142amiaj\u0105cemu pi\u0119knu przyrody i dobrze utrzymanym szlakom i trasom Estonia jest obowi\u0105zkow\u0105 wizyt\u0105 dla ka\u017cdego, kto chce odkrywa\u0107 wspania\u0142e tereny na \u015bwie\u017cym powietrzu.[\/vc_column_text][\/vc_column][\/vc_row][vc_row][vc_column width=&#8221;1\/2&#8243;][vc_single_image custom_src=&#8221;https:\/\/www.topo-gps.com\/wp-content\/uploads\/2022\/04\/map-ee2.jpg&#8221; external_img_size=&#8221;391&#215;600&#8243; alignment=&#8221;center&#8221;][\/vc_column][vc_column width=&#8221;1\/2&#8243;][vc_row_inner][vc_column_inner width=&#8221;1\/2&#8243;]\r\n        <div class=\"wow perch-fadeInUp fadeInUp fbox\" data-wow-delay=\"300ms\" data-wow-duration=\"1200ms\"> \r\n            <div class=\"fbox grey-color-box\">\r\n                <div class=\"grey-color-icon b-icon box-icon-md\"><span class=\" grey-color\"><\/span><\/div>  \r\n                <div class=\"fbox-txt\">    \r\n                    <h5 class=\"h5-sm\">Mapa topograficzna<\/h5>\r\n                    <p class=\"grey-color\">Mapa topograficzna zawiera wiele szczeg\u00f3\u0142\u00f3w, takich jak poziomice, ma\u0142e drogi i zagospodarowanie terenu, dzi\u0119ki czemu idealnie nadaje si\u0119 do nawigacji na zewn\u0105trz.<\/p>\r\n                    \r\n                <\/div> \r\n            <\/div>        \r\n        <\/div>\r\n        <div class=\"wow perch-fadeInUp fadeInUp fbox\" data-wow-delay=\"300ms\" data-wow-duration=\"1200ms\"> \r\n            <div class=\"fbox grey-color-box\">\r\n                <div class=\"grey-color-icon b-icon box-icon-md\"><span class=\" grey-color\"><\/span><\/div>  \r\n                <div class=\"fbox-txt\">    \r\n                    <h5 class=\"h5-sm\">Podstawowa mapa Estonii<\/h5>\r\n                    <p class=\"grey-color\">W aplikacji Topo GPS mo\u017cesz kupi\u0107 najlepsz\u0105 map\u0119 topograficzn\u0105 Estonii, map\u0119 podstawow\u0105. Ta mapa zosta\u0142a opracowana przez Esto\u0144ski Urz\u0105d ds. Ziemi.<\/p>\r\n                    \r\n                <\/div> \r\n            <\/div>        \r\n        <\/div>\r\n        <div class=\"wow perch-fadeInUp fadeInUp fbox\" data-wow-delay=\"300ms\" data-wow-duration=\"1200ms\"> \r\n            <div class=\"fbox grey-color-box\">\r\n                <div class=\"grey-color-icon b-icon box-icon-md\"><span class=\" grey-color\"><\/span><\/div>  \r\n                <div class=\"fbox-txt\">    \r\n                    <h5 class=\"h5-sm\">cennik<\/h5>\r\n                    <p class=\"grey-color\">Pe\u0142ny dost\u0119p do kompletnej mapy topograficznej Estonii kosztuje 3,99 \u20ac. Jest to jednorazowy zakup. Uwzgl\u0119dniono bezp\u0142atne przysz\u0142e aktualizacje. Mapa jest dost\u0119pna na wszystkich urz\u0105dzeniach korzystaj\u0105cych z tego samego Apple ID lub konta Google Play.<\/p>\r\n                    \r\n                <\/div> \r\n            <\/div>        \r\n        <\/div>[\/vc_column_inner][vc_column_inner width=&#8221;1\/2&#8243;]\r\n        <div class=\"wow perch-fadeInUp fadeInUp fbox\" data-wow-delay=\"300ms\" data-wow-duration=\"1200ms\"> \r\n            <div class=\"fbox grey-color-box\">\r\n                <div class=\"grey-color-icon b-icon box-icon-md\"><span class=\" grey-color\"><\/span><\/div>  \r\n                <div class=\"fbox-txt\">    \r\n                    <h5 class=\"h5-sm\">Mapy offline<\/h5>\r\n                    <p class=\"grey-color\">Mo\u017cesz udost\u0119pni\u0107 mapy topograficzne w trybie offline. W ten spos\u00f3b masz pewno\u015b\u0107, \u017ce potrzebne Ci mapy s\u0105 zawsze dost\u0119pne.<\/p>\r\n                    \r\n                <\/div> \r\n            <\/div>        \r\n        <\/div>\r\n        <div class=\"wow perch-fadeInUp fadeInUp fbox\" data-wow-delay=\"300ms\" data-wow-duration=\"1200ms\"> \r\n            <div class=\"fbox grey-color-box\">\r\n                <div class=\"grey-color-icon b-icon box-icon-md\"><span class=\" grey-color\"><\/span><\/div>  \r\n                <div class=\"fbox-txt\">    \r\n                    <h5 class=\"h5-sm\">Czysta legenda<\/h5>\r\n                    <p class=\"grey-color\">Mapa topograficzna posiada przejrzyst\u0105 legend\u0119 z obja\u015bnieniami wszystkich symboli.<\/p>\r\n                    \r\n                <\/div> \r\n            <\/div>        \r\n        <\/div>\r\n        <div class=\"wow perch-fadeInUp fadeInUp fbox\" data-wow-delay=\"300ms\" data-wow-duration=\"1200ms\"> \r\n            <div class=\"fbox grey-color-box\">\r\n                <div class=\"grey-color-icon b-icon box-icon-md\"><span class=\" grey-color\"><\/span><\/div>  \r\n                <div class=\"fbox-txt\">    \r\n                    <h5 class=\"h5-sm\">Aplikacja Topo GPS<\/h5>\r\n                    <p class=\"grey-color\">Aplikacja Topo GPS oferuje wiele dodatkowych przydatnych funkcji mapy topograficznej. Podobnie jak nawigacja, \u0142adowanie, planowanie i pod\u0105\u017canie trasami oraz dodawanie punkt\u00f3w do mapy. Topo GPS zawiera wszystkie funkcje zwyk\u0142ego urz\u0105dzenia GPS.<\/p>\r\n                    \r\n                <\/div> \r\n            <\/div>        \r\n        <\/div>[\/vc_column_inner][\/vc_row_inner][\/vc_column][\/vc_row][\/vc_section][vc_section][vc_row][vc_column]\r\n        <div class=\"section-title  wow perch-fadeInUp fadeInUp text-center\" data-wow-delay=\"300ms\" data-wow-duration=\"1200ms\">\r\n            <h2 class=\"h2-sm\">Kt\u00f3r\u0105 map\u0119 wolisz eksplorowa\u0107 w plenerze?<\/h2>\r\n            <p class=\"p-lg\">Por\u00f3wnaj siebie<\/p>         \r\n        <\/div>[vc_row_inner][vc_column_inner width=&#8221;1\/3&#8243;][vc_column_text]<\/p>\n<h3 style=\"text-align: center;\">Mapy Google<\/h3>\n<p>[\/vc_column_text][vc_single_image custom_src=&#8221;https:\/\/www.topo-gps.com\/wp-content\/uploads\/2022\/04\/ee-gm.jpg&#8221; external_img_size=&#8221;277&#215;560&#8243; alignment=&#8221;center&#8221;][\/vc_column_inner][vc_column_inner width=&#8221;1\/3&#8243;][vc_column_text]<\/p>\n<h3 style=\"text-align: center;\">Otw\u00f3rz map\u0119 ulic<\/h3>\n<p>[\/vc_column_text][vc_single_image custom_src=&#8221;https:\/\/www.topo-gps.com\/wp-content\/uploads\/2022\/04\/ee-osm.jpg&#8221; external_img_size=&#8221;277&#215;560&#8243; alignment=&#8221;center&#8221;][\/vc_column_inner][vc_column_inner width=&#8221;1\/3&#8243;][vc_column_text]<\/p>\n<h3 style=\"text-align: center;\">Mapa topograficzna<\/h3>\n<p>[\/vc_column_text][vc_single_image custom_src=&#8221;https:\/\/www.topo-gps.com\/wp-content\/uploads\/2022\/04\/ee-tg.jpg&#8221; external_img_size=&#8221;277&#215;560&#8243; alignment=&#8221;center&#8221;][\/vc_column_inner][\/vc_row_inner][\/vc_column][\/vc_row][\/vc_section][vc_section section_type=&#8221;hero&#8221; hero_type=&#8221;1&#8243; parallax_image_attachment=&#8221;fixed&#8221; padding_class=&#8221;&#8221;][vc_row content_placement=&#8221;&#8221; parallax_image_attachment=&#8221;inherit&#8221;][vc_column width=&#8221;1\/2&#8243; column_inner_style=&#8221;hero-txt&#8221; hero_txt_type=&#8221;1&#8243;]\r\n        <div class=\"hero-txt\"> \r\n            \r\n            <h2 class=\" wow perch-fadeInUp fadeInUp\" data-wow-delay=\"300ms\" data-wow-duration=\"1200ms\">Topo GPS<\/h2>         \r\n            <h3 class=\"h3-sm  wow perch-fadeInUp fadeInUp\" data-wow-delay=\"400ms\" data-wow-duration=\"1200ms\">Zmie\u0144 sw\u00f3j iPhone, telefon lub tablet z systemem Android we w pe\u0142ni funkcjonalne urz\u0105dzenie GPS z mapami topograficznymi dost\u0119pnymi w trybie offline.<\/h3>\r\n             \r\n            \r\n                        \r\n                        \r\n            \r\n                        \r\n                        \r\n                  \r\n        <\/div>[vc_row_inner][vc_column_inner width=&#8221;1\/2&#8243; css=&#8221;.vc_custom_1639605647058{padding-top: 10px !important;padding-bottom: 10px !important;}&#8221;]\r\n        <div class=\"hero-img  wow perch-fadeInUp fadeInUp text-center\" data-wow-delay=\"300ms\" data-wow-duration=\"1200ms\"> \r\n        <a href=\"https:\/\/apps.apple.com\/gb\/app\/topo-gps\/id578960575\" target=\"_self\" class=\"vc_single_image-wrapper  \"><img loading=\"lazy\" decoding=\"async\" class=\"vc_single_image-img img-fluid\" width=\"160\" height=\"50\"  src=\"https:\/\/www.topo-gps.com\/wp-content\/themes\/appset\/images\/appstore.png\" alt=\"External image\" \/><\/a>\r\n        <\/div>[\/vc_column_inner][vc_column_inner width=&#8221;1\/2&#8243; css=&#8221;.vc_custom_1639605658368{padding-top: 10px !important;padding-bottom: 10px !important;}&#8221;]\r\n        <div class=\"hero-img  wow perch-fadeInUp fadeInUp text-center\" data-wow-delay=\"300ms\" data-wow-duration=\"1200ms\"> \r\n        <a href=\"https:\/\/play.google.com\/store\/apps\/details?id=uk.rdzl.topo.gps&amp;hl=en\" target=\"_self\" class=\"vc_single_image-wrapper  \"><img loading=\"lazy\" decoding=\"async\" class=\"vc_single_image-img img-fluid\" width=\"171\" height=\"50\"  src=\"https:\/\/www.topo-gps.com\/wp-content\/themes\/appset\/images\/googleplay.png\" alt=\"External image\" \/><\/a>\r\n        <\/div>[\/vc_column_inner][\/vc_row_inner][\/vc_column][vc_column width=&#8221;1\/2&#8243;]\r\n        <div class=\"wow perch-fadeInRight fadeInRight hero-1-img\" data-wow-delay=\"300ms\" data-wow-duration=\"1200ms\"> \r\n        <img decoding=\"async\" class=\"vc_single_image-img img-fluid\"  src=\"https:\/\/www.topo-gps.com\/wp-content\/uploads\/2022\/04\/main-ee1.png\" alt=\"External image\" \/>\r\n        <\/div>[\/vc_column][\/vc_row][\/vc_section]<\/p>\n<\/div>","protected":false},"excerpt":{"rendered":"<p>[vc_section enable_inner=&#8221;yes&#8221; section_type=&#8221;hero&#8221; inner_margin_top=&#8221;mt-100&#8243; parallax_image_attachment=&#8221;inherit&#8221; padding_class=&#8221;wide-100&#8243; css=&#8221;.vc_custom_1649333035548{background-image: url(https:\/\/www.topo-gps.com\/wp-content\/uploads\/2022\/04\/VV2St1GGhYdT.jpg?id=18076) !important;background-position: center !important;background-repeat: no-repeat !important;background-size: cover !important;}&#8221;][vc_row parallax_image_attachment=&#8221;inherit&#8221; css=&#8221;.vc_custom_1639602296513{padding-top: 20px !important;padding-bottom: 20px !important;}&#8221;][vc_column width=&#8221;1\/2&#8243; css=&#8221;.vc_custom_1639603345318{margin-bottom: 20px !important;}&#8221;][vc_row_inner][vc_column_inner width=&#8221;1\/2&#8243; css=&#8221;.vc_custom_1639605647058{padding-top: 10px !important;padding-bottom: 10px !important;}&#8221;][\/vc_column_inner][vc_column_inner width=&#8221;1\/2&#8243; css=&#8221;.vc_custom_1639605658368{padding-top: 10px !important;padding-bottom: 10px !important;}&#8221;][\/vc_column_inner][\/vc_row_inner][\/vc_column][vc_column width=&#8221;1\/2&#8243; css=&#8221;.vc_custom_1639603183972{padding-top: 40px !important;padding-bottom: 40px !important;}&#8221;][\/vc_column][\/vc_row][\/vc_section][vc_section][vc_row][vc_column][vc_column_text]Estonia to ma\u0142y kraj po\u0142o\u017cony w Europie P\u00f3\u0142nocnej, kt\u00f3ry ma wiele do zaoferowania mi\u0142o\u015bnikom outdooru. Dzi\u0119ki rozleg\u0142ym lasom, pi\u0119knym parkom narodowym i d\u0142ugiej linii brzegowej Estonia jest idealnym miejscem do uprawiania turystyki pieszej, rowerowej i sport\u00f3w wodnych. Jedn\u0105 z g\u0142\u00f3wnych atrakcji Estonii do sp\u0119dzania czasu na \u015bwie\u017cym powietrzu jest Park Narodowy Lahemaa, po\u0142o\u017cony na p\u00f3\u0142nocnym wybrze\u017cu kraju. W&#8230;<\/p>\n","protected":false},"author":1,"featured_media":0,"parent":0,"menu_order":0,"comment_status":"closed","ping_status":"closed","template":"","meta":{"footnotes":""},"class_list":["post-24045","page","type-page","status-publish","hentry","no-post-thumbnail"],"yoast_head":"<!-- This site is optimized with the Yoast SEO plugin v27.6 - https:\/\/yoast.com\/product\/yoast-seo-wordpress\/ -->\n<title>Mapa topograficzna Estonii - Topo GPS<\/title>\n<meta name=\"robots\" content=\"index, follow, max-snippet:-1, max-image-preview:large, max-video-preview:-1\" \/>\n<link rel=\"canonical\" href=\"https:\/\/www.topo-gps.com\/pl\/mapa-topograficzna-estonii\/\" \/>\n<meta property=\"og:locale\" content=\"pl_PL\" \/>\n<meta property=\"og:type\" content=\"article\" \/>\n<meta property=\"og:title\" content=\"Mapa topograficzna Estonii - Topo GPS\" \/>\n<meta property=\"og:description\" content=\"[vc_section enable_inner=&#8221;yes&#8221; section_type=&#8221;hero&#8221; inner_margin_top=&#8221;mt-100&#8243; parallax_image_attachment=&#8221;inherit&#8221; padding_class=&#8221;wide-100&#8243; css=&#8221;.vc_custom_1649333035548{background-image: url(https:\/\/www.topo-gps.com\/wp-content\/uploads\/2022\/04\/VV2St1GGhYdT.jpg?id=18076) !important;background-position: center !important;background-repeat: no-repeat !important;background-size: cover !important;}&#8221;][vc_row parallax_image_attachment=&#8221;inherit&#8221; css=&#8221;.vc_custom_1639602296513{padding-top: 20px !important;padding-bottom: 20px !important;}&#8221;][vc_column width=&#8221;1\/2&#8243; css=&#8221;.vc_custom_1639603345318{margin-bottom: 20px !important;}&#8221;][vc_row_inner][vc_column_inner width=&#8221;1\/2&#8243; css=&#8221;.vc_custom_1639605647058{padding-top: 10px !important;padding-bottom: 10px !important;}&#8221;][\/vc_column_inner][vc_column_inner width=&#8221;1\/2&#8243; css=&#8221;.vc_custom_1639605658368{padding-top: 10px !important;padding-bottom: 10px !important;}&#8221;][\/vc_column_inner][\/vc_row_inner][\/vc_column][vc_column width=&#8221;1\/2&#8243; css=&#8221;.vc_custom_1639603183972{padding-top: 40px !important;padding-bottom: 40px !important;}&#8221;][\/vc_column][\/vc_row][\/vc_section][vc_section][vc_row][vc_column][vc_column_text]Estonia to ma\u0142y kraj po\u0142o\u017cony w Europie P\u00f3\u0142nocnej, kt\u00f3ry ma wiele do zaoferowania mi\u0142o\u015bnikom outdooru. Dzi\u0119ki rozleg\u0142ym lasom, pi\u0119knym parkom narodowym i d\u0142ugiej linii brzegowej Estonia jest idealnym miejscem do uprawiania turystyki pieszej, rowerowej i sport\u00f3w wodnych. Jedn\u0105 z g\u0142\u00f3wnych atrakcji Estonii do sp\u0119dzania czasu na \u015bwie\u017cym powietrzu jest Park Narodowy Lahemaa, po\u0142o\u017cony na p\u00f3\u0142nocnym wybrze\u017cu kraju. W...\" \/>\n<meta property=\"og:url\" content=\"https:\/\/www.topo-gps.com\/pl\/mapa-topograficzna-estonii\/\" \/>\n<meta property=\"og:site_name\" content=\"Topo GPS\" \/>\n<meta property=\"article:modified_time\" content=\"2023-03-12T20:59:33+00:00\" \/>\n<meta name=\"twitter:card\" content=\"summary_large_image\" \/>\n<meta name=\"twitter:label1\" content=\"Szacowany czas czytania\" \/>\n\t<meta name=\"twitter:data1\" content=\"6 minut\" \/>\n<script type=\"application\/ld+json\" class=\"yoast-schema-graph\">{\"@context\":\"https:\\\/\\\/schema.org\",\"@graph\":[{\"@type\":\"WebPage\",\"@id\":\"https:\\\/\\\/www.topo-gps.com\\\/pl\\\/mapa-topograficzna-estonii\\\/\",\"url\":\"https:\\\/\\\/www.topo-gps.com\\\/pl\\\/mapa-topograficzna-estonii\\\/\",\"name\":\"Mapa topograficzna Estonii - Topo GPS\",\"isPartOf\":{\"@id\":\"https:\\\/\\\/www.topo-gps.com\\\/pl\\\/#website\"},\"datePublished\":\"2023-02-25T05:52:10+00:00\",\"dateModified\":\"2023-03-12T20:59:33+00:00\",\"breadcrumb\":{\"@id\":\"https:\\\/\\\/www.topo-gps.com\\\/pl\\\/mapa-topograficzna-estonii\\\/#breadcrumb\"},\"inLanguage\":\"pl-PL\",\"potentialAction\":[{\"@type\":\"ReadAction\",\"target\":[\"https:\\\/\\\/www.topo-gps.com\\\/pl\\\/mapa-topograficzna-estonii\\\/\"]}]},{\"@type\":\"BreadcrumbList\",\"@id\":\"https:\\\/\\\/www.topo-gps.com\\\/pl\\\/mapa-topograficzna-estonii\\\/#breadcrumb\",\"itemListElement\":[{\"@type\":\"ListItem\",\"position\":1,\"name\":\"Home\",\"item\":\"https:\\\/\\\/www.topo-gps.com\\\/pl\\\/aplikacja-z-mapami-topograficznymi-na-iphonea-androida-i-apple-watch\\\/\"},{\"@type\":\"ListItem\",\"position\":2,\"name\":\"Mapa topograficzna Estonii\"}]},{\"@type\":\"WebSite\",\"@id\":\"https:\\\/\\\/www.topo-gps.com\\\/pl\\\/#website\",\"url\":\"https:\\\/\\\/www.topo-gps.com\\\/pl\\\/\",\"name\":\"Topo GPS\",\"description\":\"Topographic maps GPS for iPhone, Android, iPad and Apple Watch\",\"potentialAction\":[{\"@type\":\"SearchAction\",\"target\":{\"@type\":\"EntryPoint\",\"urlTemplate\":\"https:\\\/\\\/www.topo-gps.com\\\/pl\\\/?s={search_term_string}\"},\"query-input\":{\"@type\":\"PropertyValueSpecification\",\"valueRequired\":true,\"valueName\":\"search_term_string\"}}],\"inLanguage\":\"pl-PL\"}]}<\/script>\n<!-- \/ Yoast SEO plugin. -->","yoast_head_json":{"title":"Mapa topograficzna Estonii - Topo GPS","robots":{"index":"index","follow":"follow","max-snippet":"max-snippet:-1","max-image-preview":"max-image-preview:large","max-video-preview":"max-video-preview:-1"},"canonical":"https:\/\/www.topo-gps.com\/pl\/mapa-topograficzna-estonii\/","og_locale":"pl_PL","og_type":"article","og_title":"Mapa topograficzna Estonii - Topo GPS","og_description":"[vc_section enable_inner=&#8221;yes&#8221; section_type=&#8221;hero&#8221; inner_margin_top=&#8221;mt-100&#8243; parallax_image_attachment=&#8221;inherit&#8221; padding_class=&#8221;wide-100&#8243; css=&#8221;.vc_custom_1649333035548{background-image: url(https:\/\/www.topo-gps.com\/wp-content\/uploads\/2022\/04\/VV2St1GGhYdT.jpg?id=18076) !important;background-position: center !important;background-repeat: no-repeat !important;background-size: cover !important;}&#8221;][vc_row parallax_image_attachment=&#8221;inherit&#8221; css=&#8221;.vc_custom_1639602296513{padding-top: 20px !important;padding-bottom: 20px !important;}&#8221;][vc_column width=&#8221;1\/2&#8243; css=&#8221;.vc_custom_1639603345318{margin-bottom: 20px !important;}&#8221;][vc_row_inner][vc_column_inner width=&#8221;1\/2&#8243; css=&#8221;.vc_custom_1639605647058{padding-top: 10px !important;padding-bottom: 10px !important;}&#8221;][\/vc_column_inner][vc_column_inner width=&#8221;1\/2&#8243; css=&#8221;.vc_custom_1639605658368{padding-top: 10px !important;padding-bottom: 10px !important;}&#8221;][\/vc_column_inner][\/vc_row_inner][\/vc_column][vc_column width=&#8221;1\/2&#8243; css=&#8221;.vc_custom_1639603183972{padding-top: 40px !important;padding-bottom: 40px !important;}&#8221;][\/vc_column][\/vc_row][\/vc_section][vc_section][vc_row][vc_column][vc_column_text]Estonia to ma\u0142y kraj po\u0142o\u017cony w Europie P\u00f3\u0142nocnej, kt\u00f3ry ma wiele do zaoferowania mi\u0142o\u015bnikom outdooru. Dzi\u0119ki rozleg\u0142ym lasom, pi\u0119knym parkom narodowym i d\u0142ugiej linii brzegowej Estonia jest idealnym miejscem do uprawiania turystyki pieszej, rowerowej i sport\u00f3w wodnych. Jedn\u0105 z g\u0142\u00f3wnych atrakcji Estonii do sp\u0119dzania czasu na \u015bwie\u017cym powietrzu jest Park Narodowy Lahemaa, po\u0142o\u017cony na p\u00f3\u0142nocnym wybrze\u017cu kraju. W...","og_url":"https:\/\/www.topo-gps.com\/pl\/mapa-topograficzna-estonii\/","og_site_name":"Topo GPS","article_modified_time":"2023-03-12T20:59:33+00:00","twitter_card":"summary_large_image","twitter_misc":{"Szacowany czas czytania":"6 minut"},"schema":{"@context":"https:\/\/schema.org","@graph":[{"@type":"WebPage","@id":"https:\/\/www.topo-gps.com\/pl\/mapa-topograficzna-estonii\/","url":"https:\/\/www.topo-gps.com\/pl\/mapa-topograficzna-estonii\/","name":"Mapa topograficzna Estonii - Topo GPS","isPartOf":{"@id":"https:\/\/www.topo-gps.com\/pl\/#website"},"datePublished":"2023-02-25T05:52:10+00:00","dateModified":"2023-03-12T20:59:33+00:00","breadcrumb":{"@id":"https:\/\/www.topo-gps.com\/pl\/mapa-topograficzna-estonii\/#breadcrumb"},"inLanguage":"pl-PL","potentialAction":[{"@type":"ReadAction","target":["https:\/\/www.topo-gps.com\/pl\/mapa-topograficzna-estonii\/"]}]},{"@type":"BreadcrumbList","@id":"https:\/\/www.topo-gps.com\/pl\/mapa-topograficzna-estonii\/#breadcrumb","itemListElement":[{"@type":"ListItem","position":1,"name":"Home","item":"https:\/\/www.topo-gps.com\/pl\/aplikacja-z-mapami-topograficznymi-na-iphonea-androida-i-apple-watch\/"},{"@type":"ListItem","position":2,"name":"Mapa topograficzna Estonii"}]},{"@type":"WebSite","@id":"https:\/\/www.topo-gps.com\/pl\/#website","url":"https:\/\/www.topo-gps.com\/pl\/","name":"Topo GPS","description":"Topographic maps GPS for iPhone, Android, iPad and Apple Watch","potentialAction":[{"@type":"SearchAction","target":{"@type":"EntryPoint","urlTemplate":"https:\/\/www.topo-gps.com\/pl\/?s={search_term_string}"},"query-input":{"@type":"PropertyValueSpecification","valueRequired":true,"valueName":"search_term_string"}}],"inLanguage":"pl-PL"}]}},"_links":{"self":[{"href":"https:\/\/www.topo-gps.com\/pl\/wp-json\/wp\/v2\/pages\/24045","targetHints":{"allow":["GET"]}}],"collection":[{"href":"https:\/\/www.topo-gps.com\/pl\/wp-json\/wp\/v2\/pages"}],"about":[{"href":"https:\/\/www.topo-gps.com\/pl\/wp-json\/wp\/v2\/types\/page"}],"author":[{"embeddable":true,"href":"https:\/\/www.topo-gps.com\/pl\/wp-json\/wp\/v2\/users\/1"}],"replies":[{"embeddable":true,"href":"https:\/\/www.topo-gps.com\/pl\/wp-json\/wp\/v2\/comments?post=24045"}],"version-history":[{"count":0,"href":"https:\/\/www.topo-gps.com\/pl\/wp-json\/wp\/v2\/pages\/24045\/revisions"}],"wp:attachment":[{"href":"https:\/\/www.topo-gps.com\/pl\/wp-json\/wp\/v2\/media?parent=24045"}],"curies":[{"name":"wp","href":"https:\/\/api.w.org\/{rel}","templated":true}]}}