{"id":24028,"date":"2023-02-25T06:51:52","date_gmt":"2023-02-25T05:51:52","guid":{"rendered":"https:\/\/www.topo-gps.com\/mapy\/"},"modified":"2025-01-30T12:00:53","modified_gmt":"2025-01-30T11:00:53","slug":"mapy","status":"publish","type":"page","link":"https:\/\/www.topo-gps.com\/pl\/mapy\/","title":{"rendered":"Mapy"},"content":{"rendered":"<div class=\"wpb-content-wrapper\"><p>[vc_row][vc_column][vc_column_text]<\/p>\n<figure class=\"wp-block-image size-large\"><img loading=\"lazy\" decoding=\"async\" class=\"alignnone wp-image-3830 size-medium_large\" src=\"https:\/\/www.topo-gps.com\/wp-content\/uploads\/2021\/11\/MapChart_Map-768x405.png\" alt=\"\" width=\"768\" height=\"405\" srcset=\"https:\/\/www.topo-gps.com\/wp-content\/uploads\/2021\/11\/MapChart_Map-768x405.png 768w, https:\/\/www.topo-gps.com\/wp-content\/uploads\/2021\/11\/MapChart_Map-300x158.png 300w, https:\/\/www.topo-gps.com\/wp-content\/uploads\/2021\/11\/MapChart_Map-1024x539.png 1024w, https:\/\/www.topo-gps.com\/wp-content\/uploads\/2021\/11\/MapChart_Map-1536x809.png 1536w, https:\/\/www.topo-gps.com\/wp-content\/uploads\/2021\/11\/MapChart_Map-2048x1079.png 2048w, https:\/\/www.topo-gps.com\/wp-content\/uploads\/2021\/11\/MapChart_Map-600x316.png 600w, https:\/\/www.topo-gps.com\/wp-content\/uploads\/2021\/11\/MapChart_Map-500x263.png 500w, https:\/\/www.topo-gps.com\/wp-content\/uploads\/2021\/11\/MapChart_Map-400x211.png 400w\" sizes=\"auto, (max-width: 768px) 100vw, 768px\" \/><\/figure>\n<p>Powy\u017cej pokazano kraje, dla kt\u00f3rych Topo GPS ma dedykowane mapy topograficzne. Istnieje globalny zasi\u0119g dzi\u0119ki OpenStreetmap.<\/p>\n\r\n<figure class=\"wp-block-image size-large\"><\/figure>\r\n&#13;\n<figure class=\"wp-block-table\"><table><tbody><tr><td>\u00a0<\/td>&#13;\n<td><strong>Kraj<\/strong><\/td>&#13;\n<td><strong>Cennik*<\/strong><\/td>&#13;\n<\/tr><tr><td><img loading=\"lazy\" decoding=\"async\" class=\"alignnone size-full wp-image-4608\" src=\"http:\/\/www.topo-gps.com\/wp-content\/uploads\/2021\/11\/au.gif\" alt=\"\" width=\"16\" height=\"11\"\/><\/td>&#13;\n<td>Australia<\/td>&#13;\n<td>Queensland, Nowa Po\u0142udniowa Walia i Po\u0142udniowa Australia (r\u00f3wnie\u017c zdj\u0119cia lotnicze do kupienia)<\/td>&#13;\n<\/tr><tr><td><img loading=\"lazy\" decoding=\"async\" class=\"alignnone size-full wp-image-4618\" src=\"https:\/\/www.topo-gps.com\/wp-content\/uploads\/2021\/11\/at.gif\" alt=\"\" width=\"16\" height=\"11\"\/><\/td>&#13;\n<td><a href=\"https:\/\/www.topo-gps.com\/pl\/mapa-topograficzna-austrii\/\">Austria<\/a><\/td>&#13;\n<td>4,99 \u20ac<\/td>&#13;\n<\/tr><tr><td><img loading=\"lazy\" decoding=\"async\" class=\"alignnone size-full wp-image-4628\" src=\"https:\/\/www.topo-gps.com\/wp-content\/uploads\/2021\/11\/be.gif\" alt=\"\" width=\"16\" height=\"11\"\/><\/td>&#13;\n<td><a href=\"https:\/\/www.topo-gps.com\/pl\/mapa-topograficzna-belgii\/\">Belgia<\/a><\/td>&#13;\n<td>0,99 \u20ac za 36 km\u00b2 LUB roczna subskrypcja 12,99 \u20ac<\/td>&#13;\n<\/tr><tr><td><img loading=\"lazy\" decoding=\"async\" class=\"alignnone size-full wp-image-4638\" src=\"https:\/\/www.topo-gps.com\/wp-content\/uploads\/2021\/11\/cz.gif\" alt=\"\" width=\"16\" height=\"11\"\/><\/td>&#13;\n<td><a href=\"https:\/\/www.topo-gps.com\/pl\/mapa-topograficzna-czech\/\">Republika Czeska<\/a><\/td>&#13;\n<td>3,99 \u20ac<\/td>&#13;\n<\/tr><tr><td><img loading=\"lazy\" decoding=\"async\" class=\"alignnone size-full wp-image-4648\" src=\"https:\/\/www.topo-gps.com\/wp-content\/uploads\/2021\/11\/dk.gif\" alt=\"\" width=\"16\" height=\"11\"\/><\/td>&#13;\n<td><a href=\"https:\/\/www.topo-gps.com\/pl\/mapa-topograficzna-danii\/\">Dania<\/a><\/td>&#13;\n<td>4,99 \u20ac<\/td>&#13;\n<\/tr><tr><td><img loading=\"lazy\" decoding=\"async\" class=\"alignnone size-full wp-image-4658\" src=\"https:\/\/www.topo-gps.com\/wp-content\/uploads\/2021\/11\/ee.gif\" alt=\"\" width=\"16\" height=\"11\"\/><\/td>&#13;\n<td><a href=\"https:\/\/www.topo-gps.com\/pl\/mapa-topograficzna-estonii\/\">Estonia<\/a><\/td>&#13;\n<td>4,99 \u20ac<\/td>&#13;\n<\/tr><tr><td><img loading=\"lazy\" decoding=\"async\" class=\"alignnone size-full wp-image-24472\" src=\"https:\/\/www.topo-gps.com\/wp-content\/uploads\/2023\/03\/fo.gif\" alt=\"\" width=\"16\" height=\"11\"\/><\/td>&#13;\n<td><a href=\"https:\/\/www.topo-gps.com\/pl\/mapa-topograficzna-wysp-owczych\/\">Wyspy Owcze<\/a><\/td>&#13;\n<td>4,99 \u20ac<\/td>&#13;\n<\/tr><tr><td><img loading=\"lazy\" decoding=\"async\" class=\"alignnone size-full wp-image-4668\" src=\"https:\/\/www.topo-gps.com\/wp-content\/uploads\/2021\/11\/fi.gif\" alt=\"\" width=\"16\" height=\"11\"\/><\/td>&#13;\n<td><a href=\"https:\/\/www.topo-gps.com\/pl\/mapa-topograficzna-finlandii\/\">Finlandia<\/a><\/td>&#13;\n<td>4,99 \u20ac<\/td>&#13;\n<\/tr><tr><td><img loading=\"lazy\" decoding=\"async\" class=\"alignnone size-full wp-image-4678\" src=\"http:\/\/www.topo-gps.com\/wp-content\/uploads\/2021\/11\/fr.gif\" alt=\"\" width=\"16\" height=\"11\"\/><\/td>&#13;\n<td><a href=\"https:\/\/www.topo-gps.com\/pl\/mapa-topograficzna-francji\/\">Francja<\/a><\/td>&#13;\n<td>Roczna subskrypcja 19,99 \u20ac<\/td>&#13;\n<\/tr><tr><td><img loading=\"lazy\" decoding=\"async\" class=\"alignnone size-full wp-image-4688\" src=\"https:\/\/www.topo-gps.com\/wp-content\/uploads\/2021\/11\/de.gif\" alt=\"\" width=\"16\" height=\"11\"\/><\/td>&#13;\n<td><a href=\"https:\/\/www.topo-gps.com\/pl\/mapa-topograficzna-niemiec\/\">Niemcy<\/a><\/td>&#13;\n<td>4,99 \u20ac<\/td>&#13;\n<\/tr><tr><td><img loading=\"lazy\" decoding=\"async\" class=\"alignnone size-full wp-image-4698\" src=\"https:\/\/www.topo-gps.com\/wp-content\/uploads\/2021\/11\/gb.gif\" alt=\"\" width=\"16\" height=\"11\"\/><\/td>&#13;\n<td><a href=\"https:\/\/www.topo-gps.com\/pl\/mapa-topograficzna-wielkiej-brytanii\/\">Wielka Brytania<\/a><\/td>&#13;\n<td>0,99 \u20ac za 64 km\u00b2 LUB roczna subskrypcja 28,99 \u20ac<\/td>&#13;\n<\/tr><tr><td><img loading=\"lazy\" decoding=\"async\" class=\"alignnone size-full wp-image-4708\" src=\"https:\/\/www.topo-gps.com\/wp-content\/uploads\/2021\/11\/jp.gif\" alt=\"\" width=\"16\" height=\"11\"\/><\/td>&#13;\n<td><a href=\"https:\/\/www.topo-gps.com\/pl\/mapa-topograficzna-japonii\/\">Japonia<\/a><\/td>&#13;\n<td>4,99 \u20ac<\/td>&#13;\n<\/tr><tr><td><img loading=\"lazy\" decoding=\"async\" class=\"alignnone size-full wp-image-4718\" src=\"https:\/\/www.topo-gps.com\/wp-content\/uploads\/2021\/11\/lu.gif\" alt=\"\" width=\"16\" height=\"11\"\/><\/td>&#13;\n<td><a href=\"https:\/\/www.topo-gps.com\/pl\/mapa-topograficzna-luksemburga\/\">Luksemburg<\/a><\/td>&#13;\n<td>4,99 \u20ac<\/td>&#13;\n<\/tr><tr><td><img loading=\"lazy\" decoding=\"async\" class=\"alignnone size-full wp-image-4728\" src=\"http:\/\/www.topo-gps.com\/wp-content\/uploads\/2021\/11\/nl.gif\" alt=\"\" width=\"16\" height=\"11\"\/><\/td>&#13;\n<td><a href=\"https:\/\/www.topo-gps.com\/pl\/mapa-topograficzna-holandii\/\">Holandia<\/a><\/td>&#13;\n<td>4,99 \u20ac (dost\u0119pne r\u00f3wnie\u017c zdj\u0119cia lotnicze)<\/td>&#13;\n<\/tr><tr><td><img loading=\"lazy\" decoding=\"async\" class=\"alignnone size-full wp-image-4748\" src=\"https:\/\/www.topo-gps.com\/wp-content\/uploads\/2021\/11\/nz.gif\" alt=\"\" width=\"16\" height=\"11\"\/><\/td>&#13;\n<td><a href=\"https:\/\/www.topo-gps.com\/pl\/mapa-topograficzna-nowej-zelandii\/\">Nowa Zelandia<\/a><\/td>&#13;\n<td>4,99 \u20ac<\/td>&#13;\n<\/tr><tr><td><img loading=\"lazy\" decoding=\"async\" class=\"alignnone size-full wp-image-4748\" src=\"https:\/\/www.topo-gps.com\/wp-content\/uploads\/2021\/11\/no.gif\" alt=\"\" width=\"16\" height=\"11\"\/><\/td>&#13;\n<td><a href=\"https:\/\/www.topo-gps.com\/pl\/mapa-topograficzna-norwegii\/\">Norwegia<\/a><\/td>&#13;\n<td>4,99 \u20ac<\/td>&#13;\n<\/tr><tr><td><img loading=\"lazy\" decoding=\"async\" class=\"alignnone size-full wp-image-22988\" src=\"https:\/\/www.topo-gps.com\/wp-content\/uploads\/2023\/01\/pl.gif\" alt=\"\" width=\"16\" height=\"11\"\/><\/td>&#13;\n<td>Polska<\/td>&#13;\n<td>od 3,49 \u20ac (r\u00f3wnie\u017c zdj\u0119cia lotnicze)<\/td>&#13;\n<\/tr><tr><td><img loading=\"lazy\" decoding=\"async\" class=\"alignnone size-full wp-image-22999\" src=\"https:\/\/www.topo-gps.com\/wp-content\/uploads\/2023\/01\/ro.gif\" alt=\"\" width=\"16\" height=\"11\"\/><\/td>&#13;\n<td>Rumunia<\/td>&#13;\n<td>od 3,49 \u20ac<\/td>&#13;\n<\/tr><tr><td><img loading=\"lazy\" decoding=\"async\" class=\"alignnone size-full wp-image-4768\" src=\"https:\/\/www.topo-gps.com\/wp-content\/uploads\/2021\/11\/si.gif\" alt=\"\" width=\"16\" height=\"11\"\/><\/td>&#13;\n<td><a href=\"https:\/\/www.topo-gps.com\/pl\/mapa-topograficzna-slowenii\/\">S\u0142owenia<\/a><\/td>&#13;\n<td>3,99 \u20ac<\/td>&#13;\n<\/tr><tr><td><img loading=\"lazy\" decoding=\"async\" class=\"alignnone size-full wp-image-4778\" src=\"https:\/\/www.topo-gps.com\/wp-content\/uploads\/2021\/11\/es.gif\" alt=\"\" width=\"16\" height=\"11\"\/><\/td>&#13;\n<td><a href=\"https:\/\/www.topo-gps.com\/pl\/mapa-topograficzna-hiszpanii\/\">Hiszpania<\/a><\/td>&#13;\n<td>3,99 \u20ac<\/td>&#13;\n<\/tr><tr><td><img loading=\"lazy\" decoding=\"async\" class=\"alignnone size-full wp-image-4788\" src=\"https:\/\/www.topo-gps.com\/wp-content\/uploads\/2021\/11\/se.gif\" alt=\"\" width=\"16\" height=\"11\"\/><\/td>&#13;\n<td><a href=\"https:\/\/www.topo-gps.com\/pl\/mapa-topograficzna-szwecji\/\">Szwecja<\/a><\/td>&#13;\n<td>3,99 \u20ac<\/td>&#13;\n<\/tr><tr><td><img loading=\"lazy\" decoding=\"async\" class=\"alignnone size-full wp-image-4798\" src=\"https:\/\/www.topo-gps.com\/wp-content\/uploads\/2021\/11\/ch.gif\" alt=\"\" width=\"11\" height=\"11\"\/><\/td>&#13;\n<td><a href=\"https:\/\/www.topo-gps.com\/pl\/mapa-topograficzna-szwajcarii\/\">Szwajcaria<\/a><\/td>&#13;\n<td>4,99 \u20ac<\/td>&#13;\n<\/tr><tr><td><img loading=\"lazy\" decoding=\"async\" class=\"alignnone size-full wp-image-4808\" src=\"http:\/\/www.topo-gps.com\/wp-content\/uploads\/2021\/11\/us.gif\" alt=\"\" width=\"16\" height=\"11\"\/><\/td>&#13;\n<td><a href=\"https:\/\/www.topo-gps.com\/pl\/mapa-topograficzna-usa\/\">Stany Zjednoczone<\/a><\/td>&#13;\n<td>3,99 \u20ac<\/td>&#13;\n<\/tr><tr><td>\u00a0<\/td>&#13;\n<td>\u015awiatowy zasi\u0119g<\/td>&#13;\n<td>5,49 \u20ac<\/td>&#13;\n<\/tr><\/tbody><\/table><\/figure><p><\/p> *Pricing might change based on Apple or Google pricing tier changes. The above prices are the lowest latest prices available in one of the app stores.<\/p>\r\n<p>&nbsp;<\/p>\n<\/div>","protected":false},"excerpt":{"rendered":"<p>[vc_row][vc_column][vc_column_text] Powy\u017cej pokazano kraje, dla kt\u00f3rych Topo GPS ma dedykowane mapy topograficzne. Istnieje globalny zasi\u0119g dzi\u0119ki OpenStreetmap. &nbsp;<\/p>\n","protected":false},"author":1,"featured_media":0,"parent":0,"menu_order":0,"comment_status":"closed","ping_status":"closed","template":"","meta":{"footnotes":""},"class_list":["post-24028","page","type-page","status-publish","hentry","no-post-thumbnail"],"yoast_head":"<!-- This site is optimized with the Yoast SEO plugin v27.4 - https:\/\/yoast.com\/product\/yoast-seo-wordpress\/ -->\n<title>Mapy - Topo GPS<\/title>\n<meta name=\"description\" content=\"Wszystkie mapy, kt\u00f3re obejmuje Topo GPS. 27 map kraj\u00f3w oraz dodatkowy zasi\u0119g globalny dzi\u0119ki Open Streetmap. I dla niekt\u00f3rych zdj\u0119cia satelitarne.\" \/>\n<meta name=\"robots\" content=\"index, follow, max-snippet:-1, max-image-preview:large, max-video-preview:-1\" \/>\n<link rel=\"canonical\" href=\"https:\/\/www.topo-gps.com\/pl\/mapy\/\" \/>\n<meta property=\"og:locale\" content=\"pl_PL\" \/>\n<meta property=\"og:type\" content=\"article\" \/>\n<meta property=\"og:title\" content=\"Mapy - Topo GPS\" \/>\n<meta property=\"og:description\" content=\"Wszystkie mapy, kt\u00f3re obejmuje Topo GPS. 27 map kraj\u00f3w oraz dodatkowy zasi\u0119g globalny dzi\u0119ki Open Streetmap. I dla niekt\u00f3rych zdj\u0119cia satelitarne.\" \/>\n<meta property=\"og:url\" content=\"https:\/\/www.topo-gps.com\/pl\/mapy\/\" \/>\n<meta property=\"og:site_name\" content=\"Topo GPS\" \/>\n<meta property=\"article:modified_time\" content=\"2025-01-30T11:00:53+00:00\" \/>\n<meta property=\"og:image\" content=\"https:\/\/www.topo-gps.com\/wp-content\/uploads\/2021\/11\/MapChart_Map-1024x539.png\" \/>\n\t<meta property=\"og:image:width\" content=\"1024\" \/>\n\t<meta property=\"og:image:height\" content=\"539\" \/>\n\t<meta property=\"og:image:type\" content=\"image\/png\" \/>\n<meta name=\"twitter:card\" content=\"summary_large_image\" \/>\n<meta name=\"twitter:label1\" content=\"Szacowany czas czytania\" \/>\n\t<meta name=\"twitter:data1\" content=\"1 minuta\" \/>\n<script type=\"application\/ld+json\" class=\"yoast-schema-graph\">{\"@context\":\"https:\\\/\\\/schema.org\",\"@graph\":[{\"@type\":\"WebPage\",\"@id\":\"https:\\\/\\\/www.topo-gps.com\\\/pl\\\/mapy\\\/\",\"url\":\"https:\\\/\\\/www.topo-gps.com\\\/pl\\\/mapy\\\/\",\"name\":\"Mapy - Topo GPS\",\"isPartOf\":{\"@id\":\"https:\\\/\\\/www.topo-gps.com\\\/pl\\\/#website\"},\"primaryImageOfPage\":{\"@id\":\"https:\\\/\\\/www.topo-gps.com\\\/pl\\\/mapy\\\/#primaryimage\"},\"image\":{\"@id\":\"https:\\\/\\\/www.topo-gps.com\\\/pl\\\/mapy\\\/#primaryimage\"},\"thumbnailUrl\":\"https:\\\/\\\/www.topo-gps.com\\\/wp-content\\\/uploads\\\/2021\\\/11\\\/MapChart_Map-768x405.png\",\"datePublished\":\"2023-02-25T05:51:52+00:00\",\"dateModified\":\"2025-01-30T11:00:53+00:00\",\"description\":\"Wszystkie mapy, kt\u00f3re obejmuje Topo GPS. 27 map kraj\u00f3w oraz dodatkowy zasi\u0119g globalny dzi\u0119ki Open Streetmap. I dla niekt\u00f3rych zdj\u0119cia satelitarne.\",\"breadcrumb\":{\"@id\":\"https:\\\/\\\/www.topo-gps.com\\\/pl\\\/mapy\\\/#breadcrumb\"},\"inLanguage\":\"pl-PL\",\"potentialAction\":[{\"@type\":\"ReadAction\",\"target\":[\"https:\\\/\\\/www.topo-gps.com\\\/pl\\\/mapy\\\/\"]}]},{\"@type\":\"ImageObject\",\"inLanguage\":\"pl-PL\",\"@id\":\"https:\\\/\\\/www.topo-gps.com\\\/pl\\\/mapy\\\/#primaryimage\",\"url\":\"https:\\\/\\\/www.topo-gps.com\\\/wp-content\\\/uploads\\\/2021\\\/11\\\/MapChart_Map-768x405.png\",\"contentUrl\":\"https:\\\/\\\/www.topo-gps.com\\\/wp-content\\\/uploads\\\/2021\\\/11\\\/MapChart_Map-768x405.png\"},{\"@type\":\"BreadcrumbList\",\"@id\":\"https:\\\/\\\/www.topo-gps.com\\\/pl\\\/mapy\\\/#breadcrumb\",\"itemListElement\":[{\"@type\":\"ListItem\",\"position\":1,\"name\":\"Home\",\"item\":\"https:\\\/\\\/www.topo-gps.com\\\/pl\\\/aplikacja-z-mapami-topograficznymi-na-iphonea-androida-i-apple-watch\\\/\"},{\"@type\":\"ListItem\",\"position\":2,\"name\":\"Mapy\"}]},{\"@type\":\"WebSite\",\"@id\":\"https:\\\/\\\/www.topo-gps.com\\\/pl\\\/#website\",\"url\":\"https:\\\/\\\/www.topo-gps.com\\\/pl\\\/\",\"name\":\"Topo GPS\",\"description\":\"Topographic maps GPS for iPhone, Android, iPad and Apple Watch\",\"potentialAction\":[{\"@type\":\"SearchAction\",\"target\":{\"@type\":\"EntryPoint\",\"urlTemplate\":\"https:\\\/\\\/www.topo-gps.com\\\/pl\\\/?s={search_term_string}\"},\"query-input\":{\"@type\":\"PropertyValueSpecification\",\"valueRequired\":true,\"valueName\":\"search_term_string\"}}],\"inLanguage\":\"pl-PL\"}]}<\/script>\n<!-- \/ Yoast SEO plugin. -->","yoast_head_json":{"title":"Mapy - Topo GPS","description":"Wszystkie mapy, kt\u00f3re obejmuje Topo GPS. 27 map kraj\u00f3w oraz dodatkowy zasi\u0119g globalny dzi\u0119ki Open Streetmap. I dla niekt\u00f3rych zdj\u0119cia satelitarne.","robots":{"index":"index","follow":"follow","max-snippet":"max-snippet:-1","max-image-preview":"max-image-preview:large","max-video-preview":"max-video-preview:-1"},"canonical":"https:\/\/www.topo-gps.com\/pl\/mapy\/","og_locale":"pl_PL","og_type":"article","og_title":"Mapy - Topo GPS","og_description":"Wszystkie mapy, kt\u00f3re obejmuje Topo GPS. 27 map kraj\u00f3w oraz dodatkowy zasi\u0119g globalny dzi\u0119ki Open Streetmap. I dla niekt\u00f3rych zdj\u0119cia satelitarne.","og_url":"https:\/\/www.topo-gps.com\/pl\/mapy\/","og_site_name":"Topo GPS","article_modified_time":"2025-01-30T11:00:53+00:00","og_image":[{"width":1024,"height":539,"url":"https:\/\/www.topo-gps.com\/wp-content\/uploads\/2021\/11\/MapChart_Map-1024x539.png","type":"image\/png"}],"twitter_card":"summary_large_image","twitter_misc":{"Szacowany czas czytania":"1 minuta"},"schema":{"@context":"https:\/\/schema.org","@graph":[{"@type":"WebPage","@id":"https:\/\/www.topo-gps.com\/pl\/mapy\/","url":"https:\/\/www.topo-gps.com\/pl\/mapy\/","name":"Mapy - Topo GPS","isPartOf":{"@id":"https:\/\/www.topo-gps.com\/pl\/#website"},"primaryImageOfPage":{"@id":"https:\/\/www.topo-gps.com\/pl\/mapy\/#primaryimage"},"image":{"@id":"https:\/\/www.topo-gps.com\/pl\/mapy\/#primaryimage"},"thumbnailUrl":"https:\/\/www.topo-gps.com\/wp-content\/uploads\/2021\/11\/MapChart_Map-768x405.png","datePublished":"2023-02-25T05:51:52+00:00","dateModified":"2025-01-30T11:00:53+00:00","description":"Wszystkie mapy, kt\u00f3re obejmuje Topo GPS. 27 map kraj\u00f3w oraz dodatkowy zasi\u0119g globalny dzi\u0119ki Open Streetmap. I dla niekt\u00f3rych zdj\u0119cia satelitarne.","breadcrumb":{"@id":"https:\/\/www.topo-gps.com\/pl\/mapy\/#breadcrumb"},"inLanguage":"pl-PL","potentialAction":[{"@type":"ReadAction","target":["https:\/\/www.topo-gps.com\/pl\/mapy\/"]}]},{"@type":"ImageObject","inLanguage":"pl-PL","@id":"https:\/\/www.topo-gps.com\/pl\/mapy\/#primaryimage","url":"https:\/\/www.topo-gps.com\/wp-content\/uploads\/2021\/11\/MapChart_Map-768x405.png","contentUrl":"https:\/\/www.topo-gps.com\/wp-content\/uploads\/2021\/11\/MapChart_Map-768x405.png"},{"@type":"BreadcrumbList","@id":"https:\/\/www.topo-gps.com\/pl\/mapy\/#breadcrumb","itemListElement":[{"@type":"ListItem","position":1,"name":"Home","item":"https:\/\/www.topo-gps.com\/pl\/aplikacja-z-mapami-topograficznymi-na-iphonea-androida-i-apple-watch\/"},{"@type":"ListItem","position":2,"name":"Mapy"}]},{"@type":"WebSite","@id":"https:\/\/www.topo-gps.com\/pl\/#website","url":"https:\/\/www.topo-gps.com\/pl\/","name":"Topo GPS","description":"Topographic maps GPS for iPhone, Android, iPad and Apple Watch","potentialAction":[{"@type":"SearchAction","target":{"@type":"EntryPoint","urlTemplate":"https:\/\/www.topo-gps.com\/pl\/?s={search_term_string}"},"query-input":{"@type":"PropertyValueSpecification","valueRequired":true,"valueName":"search_term_string"}}],"inLanguage":"pl-PL"}]}},"_links":{"self":[{"href":"https:\/\/www.topo-gps.com\/pl\/wp-json\/wp\/v2\/pages\/24028","targetHints":{"allow":["GET"]}}],"collection":[{"href":"https:\/\/www.topo-gps.com\/pl\/wp-json\/wp\/v2\/pages"}],"about":[{"href":"https:\/\/www.topo-gps.com\/pl\/wp-json\/wp\/v2\/types\/page"}],"author":[{"embeddable":true,"href":"https:\/\/www.topo-gps.com\/pl\/wp-json\/wp\/v2\/users\/1"}],"replies":[{"embeddable":true,"href":"https:\/\/www.topo-gps.com\/pl\/wp-json\/wp\/v2\/comments?post=24028"}],"version-history":[{"count":0,"href":"https:\/\/www.topo-gps.com\/pl\/wp-json\/wp\/v2\/pages\/24028\/revisions"}],"wp:attachment":[{"href":"https:\/\/www.topo-gps.com\/pl\/wp-json\/wp\/v2\/media?parent=24028"}],"curies":[{"name":"wp","href":"https:\/\/api.w.org\/{rel}","templated":true}]}}