{"id":23999,"date":"2023-02-25T06:51:41","date_gmt":"2023-02-25T05:51:41","guid":{"rendered":"https:\/\/www.topo-gps.com\/czesto-zadawane-pytania\/"},"modified":"2023-02-25T06:51:45","modified_gmt":"2023-02-25T05:51:45","slug":"czesto-zadawane-pytania","status":"publish","type":"page","link":"https:\/\/www.topo-gps.com\/pl\/czesto-zadawane-pytania\/","title":{"rendered":"Cz\u0119sto Zadawane Pytania"},"content":{"rendered":"<div class=\"wpb-content-wrapper\"><p>[vc_section][vc_row][vc_column]\r\n        <div class=\"section-title  wow perch-fadeInUp fadeInUp text-center\" data-wow-delay=\"300ms\" data-wow-duration=\"1200ms\">\r\n            <h2 class=\"h2-sm\">Cz\u0119sto Zadawane Pytania<\/h2>\r\n            <p class=\"p-lg\">Poni\u017cej znajdziesz odpowiedzi na najcz\u0119\u015bciej zadawane pytania dotycz\u0105ce Topo GPS.<\/p>         \r\n        <\/div>[\/vc_column][\/vc_row][vc_row][vc_column]\r\n        <div id=\"accordion\" class=\"wow perch-fadeInUp fadeInUp\" data-wow-delay=\"300ms\" data-wow-duration=\"1200ms\" role=\"tablist\">                      \r\n            <div class=\"card-wrapper\" data-wow-delay=\"300ms\" data-wow-duration=\"1200ms\"><div class=\"card\">\r\n                        <div class='card-header' role='tab' id='heading-169dfea5525097'><h5 class=\"h5-md\"><a class=\"\" data-toggle=\"collapse\" href=\"#collapse-169dfea5525097\" role=\"button\" aria-expanded=\"true\" aria-controls=\"collapse-169dfea5525097\">I moved from Android to iOS. Can I transfer my map purchases?<\/a><\/h5><\/div>\r\n                        <div id='collapse-169dfea5525097' class='collapse show' role='tabpanel' aria-labelledby='heading-169dfea5525097' data-parent='#accordion'>\r\n                        <div class='card-body'><p>The purchases in Topo GPS are connected to your Google Play account on Android, and to your Apple ID on iOS. It is therefore not possible to transfer purchases from Android to iOS in Topo GPS (and vice versa).<\/p><\/div>\r\n                        <\/div>\r\n                    <\/div><div class=\"card\">\r\n                        <div class='card-header' role='tab' id='heading-269dfea55250ee'><h5 class=\"h5-md\"><a class=\"collapsed\" data-toggle=\"collapse\" href=\"#collapse-269dfea55250ee\" role=\"button\" aria-expanded=\"true\" aria-controls=\"collapse-269dfea55250ee\">I get straight lines during a route recording when the Topo GPS is in the background.<\/a><\/h5><\/div>\r\n                        <div id='collapse-269dfea55250ee' class='collapse' role='tabpanel' aria-labelledby='heading-269dfea55250ee' data-parent='#accordion'>\r\n                        <div class='card-body'><p>If you are using Android, please make sure that you allow Topo GPS to use the battery in the background (Settings > Apps > Topo GPS > Advanced). Also disable possible battery optimizations for Topo GPS. <\/p><\/div>\r\n                        <\/div>\r\n                    <\/div><\/div>     \r\n        <\/div>[\/vc_column][\/vc_row][\/vc_section]<\/p>\n<\/div>","protected":false},"excerpt":{"rendered":"<p>[vc_section][vc_row][vc_column][\/vc_column][\/vc_row][vc_row][vc_column][\/vc_column][\/vc_row][\/vc_section]<\/p>\n","protected":false},"author":1,"featured_media":0,"parent":0,"menu_order":0,"comment_status":"closed","ping_status":"closed","template":"","meta":{"footnotes":""},"class_list":["post-23999","page","type-page","status-publish","hentry","no-post-thumbnail"],"yoast_head":"<!-- This site is optimized with the Yoast SEO plugin v27.4 - https:\/\/yoast.com\/product\/yoast-seo-wordpress\/ -->\n<title>Cz\u0119sto Zadawane Pytania - Topo GPS<\/title>\n<meta name=\"robots\" content=\"index, follow, max-snippet:-1, max-image-preview:large, max-video-preview:-1\" \/>\n<link rel=\"canonical\" href=\"https:\/\/www.topo-gps.com\/pl\/czesto-zadawane-pytania\/\" \/>\n<meta property=\"og:locale\" content=\"pl_PL\" \/>\n<meta property=\"og:type\" content=\"article\" \/>\n<meta property=\"og:title\" content=\"Cz\u0119sto Zadawane Pytania - Topo GPS\" \/>\n<meta property=\"og:description\" content=\"[vc_section][vc_row][vc_column][\/vc_column][\/vc_row][vc_row][vc_column][\/vc_column][\/vc_row][\/vc_section]\" \/>\n<meta property=\"og:url\" content=\"https:\/\/www.topo-gps.com\/pl\/czesto-zadawane-pytania\/\" \/>\n<meta property=\"og:site_name\" content=\"Topo GPS\" \/>\n<meta property=\"article:modified_time\" content=\"2023-02-25T05:51:45+00:00\" \/>\n<meta name=\"twitter:card\" content=\"summary_large_image\" \/>\n<meta name=\"twitter:label1\" content=\"Szacowany czas czytania\" \/>\n\t<meta name=\"twitter:data1\" content=\"1 minuta\" \/>\n<script type=\"application\/ld+json\" class=\"yoast-schema-graph\">{\"@context\":\"https:\\\/\\\/schema.org\",\"@graph\":[{\"@type\":\"WebPage\",\"@id\":\"https:\\\/\\\/www.topo-gps.com\\\/pl\\\/czesto-zadawane-pytania\\\/\",\"url\":\"https:\\\/\\\/www.topo-gps.com\\\/pl\\\/czesto-zadawane-pytania\\\/\",\"name\":\"Cz\u0119sto Zadawane Pytania - Topo GPS\",\"isPartOf\":{\"@id\":\"https:\\\/\\\/www.topo-gps.com\\\/pl\\\/#website\"},\"datePublished\":\"2023-02-25T05:51:41+00:00\",\"dateModified\":\"2023-02-25T05:51:45+00:00\",\"breadcrumb\":{\"@id\":\"https:\\\/\\\/www.topo-gps.com\\\/pl\\\/czesto-zadawane-pytania\\\/#breadcrumb\"},\"inLanguage\":\"pl-PL\",\"potentialAction\":[{\"@type\":\"ReadAction\",\"target\":[\"https:\\\/\\\/www.topo-gps.com\\\/pl\\\/czesto-zadawane-pytania\\\/\"]}]},{\"@type\":\"BreadcrumbList\",\"@id\":\"https:\\\/\\\/www.topo-gps.com\\\/pl\\\/czesto-zadawane-pytania\\\/#breadcrumb\",\"itemListElement\":[{\"@type\":\"ListItem\",\"position\":1,\"name\":\"Home\",\"item\":\"https:\\\/\\\/www.topo-gps.com\\\/pl\\\/aplikacja-z-mapami-topograficznymi-na-iphonea-androida-i-apple-watch\\\/\"},{\"@type\":\"ListItem\",\"position\":2,\"name\":\"Cz\u0119sto Zadawane Pytania\"}]},{\"@type\":\"WebSite\",\"@id\":\"https:\\\/\\\/www.topo-gps.com\\\/pl\\\/#website\",\"url\":\"https:\\\/\\\/www.topo-gps.com\\\/pl\\\/\",\"name\":\"Topo GPS\",\"description\":\"Topographic maps GPS for iPhone, Android, iPad and Apple Watch\",\"potentialAction\":[{\"@type\":\"SearchAction\",\"target\":{\"@type\":\"EntryPoint\",\"urlTemplate\":\"https:\\\/\\\/www.topo-gps.com\\\/pl\\\/?s={search_term_string}\"},\"query-input\":{\"@type\":\"PropertyValueSpecification\",\"valueRequired\":true,\"valueName\":\"search_term_string\"}}],\"inLanguage\":\"pl-PL\"}]}<\/script>\n<!-- \/ Yoast SEO plugin. -->","yoast_head_json":{"title":"Cz\u0119sto Zadawane Pytania - Topo GPS","robots":{"index":"index","follow":"follow","max-snippet":"max-snippet:-1","max-image-preview":"max-image-preview:large","max-video-preview":"max-video-preview:-1"},"canonical":"https:\/\/www.topo-gps.com\/pl\/czesto-zadawane-pytania\/","og_locale":"pl_PL","og_type":"article","og_title":"Cz\u0119sto Zadawane Pytania - Topo GPS","og_description":"[vc_section][vc_row][vc_column][\/vc_column][\/vc_row][vc_row][vc_column][\/vc_column][\/vc_row][\/vc_section]","og_url":"https:\/\/www.topo-gps.com\/pl\/czesto-zadawane-pytania\/","og_site_name":"Topo GPS","article_modified_time":"2023-02-25T05:51:45+00:00","twitter_card":"summary_large_image","twitter_misc":{"Szacowany czas czytania":"1 minuta"},"schema":{"@context":"https:\/\/schema.org","@graph":[{"@type":"WebPage","@id":"https:\/\/www.topo-gps.com\/pl\/czesto-zadawane-pytania\/","url":"https:\/\/www.topo-gps.com\/pl\/czesto-zadawane-pytania\/","name":"Cz\u0119sto Zadawane Pytania - Topo GPS","isPartOf":{"@id":"https:\/\/www.topo-gps.com\/pl\/#website"},"datePublished":"2023-02-25T05:51:41+00:00","dateModified":"2023-02-25T05:51:45+00:00","breadcrumb":{"@id":"https:\/\/www.topo-gps.com\/pl\/czesto-zadawane-pytania\/#breadcrumb"},"inLanguage":"pl-PL","potentialAction":[{"@type":"ReadAction","target":["https:\/\/www.topo-gps.com\/pl\/czesto-zadawane-pytania\/"]}]},{"@type":"BreadcrumbList","@id":"https:\/\/www.topo-gps.com\/pl\/czesto-zadawane-pytania\/#breadcrumb","itemListElement":[{"@type":"ListItem","position":1,"name":"Home","item":"https:\/\/www.topo-gps.com\/pl\/aplikacja-z-mapami-topograficznymi-na-iphonea-androida-i-apple-watch\/"},{"@type":"ListItem","position":2,"name":"Cz\u0119sto Zadawane Pytania"}]},{"@type":"WebSite","@id":"https:\/\/www.topo-gps.com\/pl\/#website","url":"https:\/\/www.topo-gps.com\/pl\/","name":"Topo GPS","description":"Topographic maps GPS for iPhone, Android, iPad and Apple Watch","potentialAction":[{"@type":"SearchAction","target":{"@type":"EntryPoint","urlTemplate":"https:\/\/www.topo-gps.com\/pl\/?s={search_term_string}"},"query-input":{"@type":"PropertyValueSpecification","valueRequired":true,"valueName":"search_term_string"}}],"inLanguage":"pl-PL"}]}},"_links":{"self":[{"href":"https:\/\/www.topo-gps.com\/pl\/wp-json\/wp\/v2\/pages\/23999","targetHints":{"allow":["GET"]}}],"collection":[{"href":"https:\/\/www.topo-gps.com\/pl\/wp-json\/wp\/v2\/pages"}],"about":[{"href":"https:\/\/www.topo-gps.com\/pl\/wp-json\/wp\/v2\/types\/page"}],"author":[{"embeddable":true,"href":"https:\/\/www.topo-gps.com\/pl\/wp-json\/wp\/v2\/users\/1"}],"replies":[{"embeddable":true,"href":"https:\/\/www.topo-gps.com\/pl\/wp-json\/wp\/v2\/comments?post=23999"}],"version-history":[{"count":0,"href":"https:\/\/www.topo-gps.com\/pl\/wp-json\/wp\/v2\/pages\/23999\/revisions"}],"wp:attachment":[{"href":"https:\/\/www.topo-gps.com\/pl\/wp-json\/wp\/v2\/media?parent=23999"}],"curies":[{"name":"wp","href":"https:\/\/api.w.org\/{rel}","templated":true}]}}