{"id":23962,"date":"2023-02-25T06:51:32","date_gmt":"2023-02-25T05:51:32","guid":{"rendered":"https:\/\/www.topo-gps.com\/mapa-topograficzna-usa\/"},"modified":"2023-04-20T06:59:33","modified_gmt":"2023-04-20T05:59:33","slug":"mapa-topograficzna-usa","status":"publish","type":"page","link":"https:\/\/www.topo-gps.com\/pl\/mapa-topograficzna-usa\/","title":{"rendered":"Mapa topograficzna USA"},"content":{"rendered":"<div class=\"wpb-content-wrapper\"><p>[vc_section enable_inner=&#8221;yes&#8221; section_type=&#8221;hero&#8221; inner_margin_top=&#8221;mt-100&#8243; parallax_image_attachment=&#8221;inherit&#8221; padding_class=&#8221;wide-100&#8243; css=&#8221;.vc_custom_1649340255144{background-image: url(https:\/\/www.topo-gps.com\/wp-content\/uploads\/2022\/04\/us-resized.jpg?id=18647) !important;background-position: center !important;background-repeat: no-repeat !important;background-size: cover !important;}&#8221;][vc_row parallax_image_attachment=&#8221;inherit&#8221; css=&#8221;.vc_custom_1639602296513{padding-top: 20px !important;padding-bottom: 20px !important;}&#8221;][vc_column width=&#8221;1\/2&#8243; css=&#8221;.vc_custom_1639603345318{margin-bottom: 20px !important;}&#8221;]\r\n        <div class=\"vc_custom_1649340339645  hero-txt\"> \r\n            \r\n                     \r\n            <h3 class=\"white-color h3-sm none  wow perch-fadeInUp fadeInUp\" style=\"font-weight: bold;\" data-wow-delay=\"300ms\" data-wow-duration=\"1200ms\">Mapa topograficzna USA Topopo na Twoim iPhonie, telefonie z Androidem i Apple Watch<\/h3>\r\n             \r\n            \r\n                        \r\n                        \r\n            \r\n                        \r\n                        \r\n                  \r\n        <\/div>[vc_row_inner][vc_column_inner width=&#8221;1\/2&#8243; css=&#8221;.vc_custom_1639605647058{padding-top: 10px !important;padding-bottom: 10px !important;}&#8221;]\r\n        <div class=\"hero-img  wow perch-fadeInUp fadeInUp text-center\" data-wow-delay=\"300ms\" data-wow-duration=\"1200ms\"> \r\n        <a href=\"https:\/\/apps.apple.com\/gb\/app\/topo-gps\/id578960575\" target=\"_self\" class=\"vc_single_image-wrapper  \"><img loading=\"lazy\" decoding=\"async\" class=\"vc_single_image-img img-fluid\" width=\"160\" height=\"50\"  src=\"https:\/\/www.topo-gps.com\/wp-content\/themes\/appset\/images\/appstore.png\" alt=\"External image\" \/><\/a>\r\n        <\/div>[\/vc_column_inner][vc_column_inner width=&#8221;1\/2&#8243; css=&#8221;.vc_custom_1639605658368{padding-top: 10px !important;padding-bottom: 10px !important;}&#8221;]\r\n        <div class=\"hero-img  wow perch-fadeInUp fadeInUp text-center\" data-wow-delay=\"300ms\" data-wow-duration=\"1200ms\"> \r\n        <a href=\"https:\/\/play.google.com\/store\/apps\/details?id=uk.rdzl.topo.gps&amp;hl=en\" target=\"_self\" class=\"vc_single_image-wrapper  \"><img loading=\"lazy\" decoding=\"async\" class=\"vc_single_image-img img-fluid\" width=\"171\" height=\"50\"  src=\"https:\/\/www.topo-gps.com\/wp-content\/themes\/appset\/images\/googleplay.png\" alt=\"External image\" \/><\/a>\r\n        <\/div>[\/vc_column_inner][\/vc_row_inner][\/vc_column][vc_column width=&#8221;1\/2&#8243; css=&#8221;.vc_custom_1639603183972{padding-top: 40px !important;padding-bottom: 40px !important;}&#8221;]\r\n        <div class=\"hero-img  wow perch-fadeInUp fadeInUp\" data-wow-delay=\"300ms\" data-wow-duration=\"1200ms\"> \r\n        <img loading=\"lazy\" decoding=\"async\" class=\"vc_single_image-img img-fluid\" width=\"560\" height=\"604\"  src=\"https:\/\/www.topo-gps.com\/wp-content\/uploads\/2022\/04\/us-map1-1.png\" alt=\"External image\" \/>\r\n        <\/div>[\/vc_column][\/vc_row][\/vc_section][vc_section][vc_row][vc_column]\r\n        <div class=\"section-title  wow perch-fadeInUp fadeInUp text-center\" data-wow-delay=\"300ms\" data-wow-duration=\"1200ms\">\r\n            <h2 class=\"h2-sm\">Najlepsze mapy terenowe dla Stan\u00f3w Zjednoczonych<\/h2>\r\n            <p class=\"p-lg\">Oficjalne mapy topograficzne USTopo US Geological Survey to najlepsze mapy terenowe dla USA.<\/p>         \r\n        <\/div>[vc_column_text]Stany Zjednoczone to rozleg\u0142y kraj o zr\u00f3\u017cnicowanym krajobrazie, od g\u00f3r i pusty\u0144 po lasy i pla\u017ce, oferuj\u0105cy szerok\u0105 gam\u0119 zaj\u0119\u0107 na \u015bwie\u017cym powietrzu dla wszystkich zainteresowa\u0144 i umiej\u0119tno\u015bci.<\/p>\n<p>Piesze w\u0119dr\u00f3wki to popularna aktywno\u015b\u0107 w Stanach Zjednoczonych, gdzie wiele park\u00f3w narodowych i obszar\u00f3w dzikiej przyrody oferuje zapieraj\u0105ce dech w piersiach szlaki i wspania\u0142e widoki. Niekt\u00f3re z najpopularniejszych miejsc turystycznych to Wielki Kanion w Arizonie, Park Narodowy Yosemite w Kalifornii i Szlak Appalach\u00f3w, kt\u00f3ry rozci\u0105ga si\u0119 od Georgii do Maine.<\/p>\n<p>Narciarstwo i snowboard to popularne sporty zimowe w wielu cz\u0119\u015bciach Stan\u00f3w Zjednoczonych, a znane na ca\u0142ym \u015bwiecie o\u015brodki narciarskie znajduj\u0105 si\u0119 w stanach takich jak Kolorado, Utah i Vermont. G\u00f3ry Skaliste oferuj\u0105 jedne z najlepszych tras narciarskich w kraju, podczas gdy o\u015brodki w Vermont i New Hampshire oferuj\u0105 bardziej tradycyjne wra\u017cenia z jazdy na nartach na Wschodnim Wybrze\u017cu.<\/p>\n<p>Sporty wodne s\u0105 r\u00f3wnie\u017c popularne w Stanach Zjednoczonych, szczeg\u00f3lnie wzd\u0142u\u017c wybrze\u017cy oraz w wielu jeziorach i rzekach w ca\u0142ym kraju. Surfing, paddleboarding, sp\u0142ywy kajakowe i w\u0119dkarstwo to tylko niekt\u00f3re z atrakcji, z kt\u00f3rych mog\u0105 korzysta\u0107 odwiedzaj\u0105cy. Popularne miejsca do uprawiania sport\u00f3w wodnych to Hawaje, Kalifornia, Floryda i region Wielkich Jezior.<\/p>\n<p>Dla tych, kt\u00f3rzy lubi\u0105 sporty ekstremalne, w Stanach Zjednoczonych jest wiele opcji, takich jak wspinaczka ska\u0142kowa, kolarstwo g\u00f3rskie i rafting. Na przyk\u0142ad region Moab w stanie Utah jest popularnym celem kolarstwa g\u00f3rskiego i wspinaczki ska\u0142kowej, a rzeka Kolorado jest ulubionym miejscem raftingu.<\/p>\n<p>Og\u00f3lnie rzecz bior\u0105c, Stany Zjednoczone oferuj\u0105 odwiedzaj\u0105cym szeroki wachlarz zaj\u0119\u0107 na \u015bwie\u017cym powietrzu, od pieszych w\u0119dr\u00f3wek i jazdy na nartach po sporty wodne i sporty ekstremalne. Przy tak wielu r\u00f3\u017cnych krajobrazach i regionach do odkrycia, zawsze jest co\u015b nowego i ekscytuj\u0105cego do odkrycia na \u015bwie\u017cym powietrzu w Stanach Zjednoczonych.[\/vc_column_text][\/vc_column][\/vc_row][vc_row][vc_column width=&#8221;1\/2&#8243;][vc_single_image custom_src=&#8221;https:\/\/www.topo-gps.com\/wp-content\/uploads\/2022\/04\/us-map2.jpg&#8221; external_img_size=&#8221;391&#215;600&#8243; alignment=&#8221;center&#8221;][\/vc_column][vc_column width=&#8221;1\/2&#8243;][vc_row_inner][vc_column_inner width=&#8221;1\/2&#8243;]\r\n        <div class=\"wow perch-fadeInUp fadeInUp fbox\" data-wow-delay=\"300ms\" data-wow-duration=\"1200ms\"> \r\n            <div class=\"fbox grey-color-box\">\r\n                <div class=\"grey-color-icon b-icon box-icon-md\"><span class=\" grey-color\"><\/span><\/div>  \r\n                <div class=\"fbox-txt\">    \r\n                    <h5 class=\"h5-sm\">Mapa topograficzna<\/h5>\r\n                    <p class=\"grey-color\">Mapa topograficzna zawiera wiele szczeg\u00f3\u0142\u00f3w, takich jak poziomice, ma\u0142e drogi i zagospodarowanie terenu, dzi\u0119ki czemu idealnie nadaje si\u0119 do nawigacji na zewn\u0105trz.<\/p>\r\n                    \r\n                <\/div> \r\n            <\/div>        \r\n        <\/div>\r\n        <div class=\"wow perch-fadeInUp fadeInUp fbox\" data-wow-delay=\"300ms\" data-wow-duration=\"1200ms\"> \r\n            <div class=\"fbox grey-color-box\">\r\n                <div class=\"grey-color-icon b-icon box-icon-md\"><span class=\" grey-color\"><\/span><\/div>  \r\n                <div class=\"fbox-txt\">    \r\n                    <h5 class=\"h5-sm\">USTop<\/h5>\r\n                    <p class=\"grey-color\">W Topo GPS mo\u017cesz wykupi\u0107 pe\u0142ny dost\u0119p do kompletnych map topograficznych USTopo Stan\u00f3w Zjednoczonych. Mapy topograficzne USTopo s\u0105 tworzone przez US Geological Survey. Opr\u00f3cz map US Topo oferujemy r\u00f3wnie\u017c zdj\u0119cia lotnicze USA.<\/p>\r\n                    \r\n                <\/div> \r\n            <\/div>        \r\n        <\/div>\r\n        <div class=\"wow perch-fadeInUp fadeInUp fbox\" data-wow-delay=\"300ms\" data-wow-duration=\"1200ms\"> \r\n            <div class=\"fbox grey-color-box\">\r\n                <div class=\"grey-color-icon b-icon box-icon-md\"><span class=\" grey-color\"><\/span><\/div>  \r\n                <div class=\"fbox-txt\">    \r\n                    <h5 class=\"h5-sm\">cennik<\/h5>\r\n                    <p class=\"grey-color\">Pe\u0142ny dost\u0119p do kompletnych map topograficznych USTopo Stan\u00f3w Zjednoczonych kosztuje 3,99 USD. Jest to jednorazowy zakup i obejmuje bezp\u0142atne przysz\u0142e aktualizacje. Mapa jest dost\u0119pna na wszystkich urz\u0105dzeniach korzystaj\u0105cych z tego samego Apple ID lub konta Google Play.<\/p>\r\n                    \r\n                <\/div> \r\n            <\/div>        \r\n        <\/div>[\/vc_column_inner][vc_column_inner width=&#8221;1\/2&#8243;]\r\n        <div class=\"wow perch-fadeInUp fadeInUp fbox\" data-wow-delay=\"300ms\" data-wow-duration=\"1200ms\"> \r\n            <div class=\"fbox grey-color-box\">\r\n                <div class=\"grey-color-icon b-icon box-icon-md\"><span class=\" grey-color\"><\/span><\/div>  \r\n                <div class=\"fbox-txt\">    \r\n                    <h5 class=\"h5-sm\">Mapy offline<\/h5>\r\n                    <p class=\"grey-color\">Mo\u017cesz udost\u0119pni\u0107 mapy topograficzne w trybie offline. W ten spos\u00f3b masz pewno\u015b\u0107, \u017ce potrzebne Ci mapy s\u0105 zawsze dost\u0119pne.<\/p>\r\n                    \r\n                <\/div> \r\n            <\/div>        \r\n        <\/div>\r\n        <div class=\"wow perch-fadeInUp fadeInUp fbox\" data-wow-delay=\"300ms\" data-wow-duration=\"1200ms\"> \r\n            <div class=\"fbox grey-color-box\">\r\n                <div class=\"grey-color-icon b-icon box-icon-md\"><span class=\" grey-color\"><\/span><\/div>  \r\n                <div class=\"fbox-txt\">    \r\n                    <h5 class=\"h5-sm\">Czysta legenda<\/h5>\r\n                    <p class=\"grey-color\">Mapa topograficzna posiada przejrzyst\u0105 legend\u0119 z obja\u015bnieniami wszystkich symboli.<\/p>\r\n                    \r\n                <\/div> \r\n            <\/div>        \r\n        <\/div>\r\n        <div class=\"wow perch-fadeInUp fadeInUp fbox\" data-wow-delay=\"300ms\" data-wow-duration=\"1200ms\"> \r\n            <div class=\"fbox grey-color-box\">\r\n                <div class=\"grey-color-icon b-icon box-icon-md\"><span class=\" grey-color\"><\/span><\/div>  \r\n                <div class=\"fbox-txt\">    \r\n                    <h5 class=\"h5-sm\">Aplikacja Topo GPS<\/h5>\r\n                    <p class=\"grey-color\">Aplikacja Topo GPS oferuje wiele dodatkowych przydatnych funkcji mapy topograficznej. Podobnie jak nawigacja, \u0142adowanie, planowanie i pod\u0105\u017canie trasami oraz dodawanie punkt\u00f3w do mapy. Topo GPS zawiera wszystkie funkcje zwyk\u0142ego urz\u0105dzenia GPS.<\/p>\r\n                    \r\n                <\/div> \r\n            <\/div>        \r\n        <\/div>[\/vc_column_inner][\/vc_row_inner][\/vc_column][\/vc_row][\/vc_section][vc_section][vc_row][vc_column]\r\n        <div class=\"section-title  wow perch-fadeInUp fadeInUp text-center\" data-wow-delay=\"300ms\" data-wow-duration=\"1200ms\">\r\n            <h2 class=\"h2-sm\">Kt\u00f3r\u0105 map\u0119 wolisz eksplorowa\u0107 w plenerze?<\/h2>\r\n            <p class=\"p-lg\">Por\u00f3wnaj siebie<\/p>         \r\n        <\/div>[vc_row_inner][vc_column_inner width=&#8221;1\/3&#8243;][vc_column_text]<\/p>\n<h3 style=\"text-align: center;\">Mapy Google<\/h3>\n<p>[\/vc_column_text][vc_single_image custom_src=&#8221;https:\/\/www.topo-gps.com\/wp-content\/uploads\/2022\/04\/us-gm.jpg&#8221; external_img_size=&#8221;277&#215;560&#8243; alignment=&#8221;center&#8221;][\/vc_column_inner][vc_column_inner width=&#8221;1\/3&#8243;][vc_column_text]<\/p>\n<h3 style=\"text-align: center;\">Otw\u00f3rz map\u0119 ulic<\/h3>\n<p>[\/vc_column_text][vc_single_image custom_src=&#8221;https:\/\/www.topo-gps.com\/wp-content\/uploads\/2022\/04\/us-osm.jpg&#8221; external_img_size=&#8221;277&#215;560&#8243; alignment=&#8221;center&#8221;][\/vc_column_inner][vc_column_inner width=&#8221;1\/3&#8243;][vc_column_text]<\/p>\n<h3 style=\"text-align: center;\">Mapa topograficzna<\/h3>\n<p>[\/vc_column_text][vc_single_image custom_src=&#8221;https:\/\/www.topo-gps.com\/wp-content\/uploads\/2022\/04\/us-topo.jpg&#8221; external_img_size=&#8221;277&#215;560&#8243; alignment=&#8221;center&#8221;][\/vc_column_inner][\/vc_row_inner][\/vc_column][\/vc_row][\/vc_section][vc_section section_type=&#8221;hero&#8221; hero_type=&#8221;1&#8243; parallax_image_attachment=&#8221;fixed&#8221; padding_class=&#8221;&#8221;][vc_row content_placement=&#8221;&#8221; parallax_image_attachment=&#8221;inherit&#8221;][vc_column width=&#8221;1\/2&#8243; column_inner_style=&#8221;hero-txt&#8221; hero_txt_type=&#8221;1&#8243;]\r\n        <div class=\"hero-txt\"> \r\n            \r\n            <h2 class=\" wow perch-fadeInUp fadeInUp\" data-wow-delay=\"300ms\" data-wow-duration=\"1200ms\">Topo GPS<\/h2>         \r\n            <h3 class=\"h3-sm  wow perch-fadeInUp fadeInUp\" data-wow-delay=\"400ms\" data-wow-duration=\"1200ms\">Zmie\u0144 sw\u00f3j iPhone, telefon lub tablet z systemem Android we w pe\u0142ni funkcjonalne urz\u0105dzenie GPS z mapami topograficznymi dost\u0119pnymi w trybie offline.<\/h3>\r\n             \r\n            \r\n                        \r\n                        \r\n            \r\n                        \r\n                        \r\n                  \r\n        <\/div>[vc_row_inner][vc_column_inner width=&#8221;1\/2&#8243; css=&#8221;.vc_custom_1639605647058{padding-top: 10px !important;padding-bottom: 10px !important;}&#8221;]\r\n        <div class=\"hero-img  wow perch-fadeInUp fadeInUp text-center\" data-wow-delay=\"300ms\" data-wow-duration=\"1200ms\"> \r\n        <a href=\"https:\/\/apps.apple.com\/gb\/app\/topo-gps\/id578960575\" target=\"_self\" class=\"vc_single_image-wrapper  \"><img loading=\"lazy\" decoding=\"async\" class=\"vc_single_image-img img-fluid\" width=\"160\" height=\"50\"  src=\"https:\/\/www.topo-gps.com\/wp-content\/themes\/appset\/images\/appstore.png\" alt=\"External image\" \/><\/a>\r\n        <\/div>[\/vc_column_inner][vc_column_inner width=&#8221;1\/2&#8243; css=&#8221;.vc_custom_1639605658368{padding-top: 10px !important;padding-bottom: 10px !important;}&#8221;]\r\n        <div class=\"hero-img  wow perch-fadeInUp fadeInUp text-center\" data-wow-delay=\"300ms\" data-wow-duration=\"1200ms\"> \r\n        <a href=\"https:\/\/play.google.com\/store\/apps\/details?id=uk.rdzl.topo.gps&amp;hl=en\" target=\"_self\" class=\"vc_single_image-wrapper  \"><img loading=\"lazy\" decoding=\"async\" class=\"vc_single_image-img img-fluid\" width=\"171\" height=\"50\"  src=\"https:\/\/www.topo-gps.com\/wp-content\/themes\/appset\/images\/googleplay.png\" alt=\"External image\" \/><\/a>\r\n        <\/div>[\/vc_column_inner][\/vc_row_inner][\/vc_column][vc_column width=&#8221;1\/2&#8243;]\r\n        <div class=\"wow perch-fadeInRight fadeInRight hero-1-img\" data-wow-delay=\"300ms\" data-wow-duration=\"1200ms\"> \r\n        <img decoding=\"async\" class=\"vc_single_image-img img-fluid\"  src=\"https:\/\/www.topo-gps.com\/wp-content\/uploads\/2022\/04\/us-main1.png\" alt=\"External image\" \/>\r\n        <\/div>[\/vc_column][\/vc_row][\/vc_section]<\/p>\n<\/div>","protected":false},"excerpt":{"rendered":"<p>[vc_section enable_inner=&#8221;yes&#8221; section_type=&#8221;hero&#8221; inner_margin_top=&#8221;mt-100&#8243; parallax_image_attachment=&#8221;inherit&#8221; padding_class=&#8221;wide-100&#8243; css=&#8221;.vc_custom_1649340255144{background-image: url(https:\/\/www.topo-gps.com\/wp-content\/uploads\/2022\/04\/us-resized.jpg?id=18647) !important;background-position: center !important;background-repeat: no-repeat !important;background-size: cover !important;}&#8221;][vc_row parallax_image_attachment=&#8221;inherit&#8221; css=&#8221;.vc_custom_1639602296513{padding-top: 20px !important;padding-bottom: 20px !important;}&#8221;][vc_column width=&#8221;1\/2&#8243; css=&#8221;.vc_custom_1639603345318{margin-bottom: 20px !important;}&#8221;][vc_row_inner][vc_column_inner width=&#8221;1\/2&#8243; css=&#8221;.vc_custom_1639605647058{padding-top: 10px !important;padding-bottom: 10px !important;}&#8221;][\/vc_column_inner][vc_column_inner width=&#8221;1\/2&#8243; css=&#8221;.vc_custom_1639605658368{padding-top: 10px !important;padding-bottom: 10px !important;}&#8221;][\/vc_column_inner][\/vc_row_inner][\/vc_column][vc_column width=&#8221;1\/2&#8243; css=&#8221;.vc_custom_1639603183972{padding-top: 40px !important;padding-bottom: 40px !important;}&#8221;][\/vc_column][\/vc_row][\/vc_section][vc_section][vc_row][vc_column][vc_column_text]Stany Zjednoczone to rozleg\u0142y kraj o zr\u00f3\u017cnicowanym krajobrazie, od g\u00f3r i pusty\u0144 po lasy i pla\u017ce, oferuj\u0105cy szerok\u0105 gam\u0119 zaj\u0119\u0107 na \u015bwie\u017cym powietrzu dla wszystkich zainteresowa\u0144 i umiej\u0119tno\u015bci. Piesze w\u0119dr\u00f3wki to popularna aktywno\u015b\u0107 w Stanach Zjednoczonych, gdzie wiele park\u00f3w narodowych i obszar\u00f3w dzikiej przyrody oferuje zapieraj\u0105ce dech w piersiach szlaki i wspania\u0142e widoki. Niekt\u00f3re z najpopularniejszych miejsc turystycznych&#8230;<\/p>\n","protected":false},"author":1,"featured_media":0,"parent":0,"menu_order":0,"comment_status":"closed","ping_status":"closed","template":"","meta":{"footnotes":""},"class_list":["post-23962","page","type-page","status-publish","hentry","no-post-thumbnail"],"yoast_head":"<!-- This site is optimized with the Yoast SEO plugin v27.5 - https:\/\/yoast.com\/product\/yoast-seo-wordpress\/ -->\n<title>Mapa topograficzna USA - Topo GPS<\/title>\n<meta name=\"robots\" content=\"index, follow, max-snippet:-1, max-image-preview:large, max-video-preview:-1\" \/>\n<link rel=\"canonical\" href=\"https:\/\/www.topo-gps.com\/pl\/mapa-topograficzna-usa\/\" \/>\n<meta property=\"og:locale\" content=\"pl_PL\" \/>\n<meta property=\"og:type\" content=\"article\" \/>\n<meta property=\"og:title\" content=\"Mapa topograficzna USA - Topo GPS\" \/>\n<meta property=\"og:description\" content=\"[vc_section enable_inner=&#8221;yes&#8221; section_type=&#8221;hero&#8221; inner_margin_top=&#8221;mt-100&#8243; parallax_image_attachment=&#8221;inherit&#8221; padding_class=&#8221;wide-100&#8243; css=&#8221;.vc_custom_1649340255144{background-image: url(https:\/\/www.topo-gps.com\/wp-content\/uploads\/2022\/04\/us-resized.jpg?id=18647) !important;background-position: center !important;background-repeat: no-repeat !important;background-size: cover !important;}&#8221;][vc_row parallax_image_attachment=&#8221;inherit&#8221; css=&#8221;.vc_custom_1639602296513{padding-top: 20px !important;padding-bottom: 20px !important;}&#8221;][vc_column width=&#8221;1\/2&#8243; css=&#8221;.vc_custom_1639603345318{margin-bottom: 20px !important;}&#8221;][vc_row_inner][vc_column_inner width=&#8221;1\/2&#8243; css=&#8221;.vc_custom_1639605647058{padding-top: 10px !important;padding-bottom: 10px !important;}&#8221;][\/vc_column_inner][vc_column_inner width=&#8221;1\/2&#8243; css=&#8221;.vc_custom_1639605658368{padding-top: 10px !important;padding-bottom: 10px !important;}&#8221;][\/vc_column_inner][\/vc_row_inner][\/vc_column][vc_column width=&#8221;1\/2&#8243; css=&#8221;.vc_custom_1639603183972{padding-top: 40px !important;padding-bottom: 40px !important;}&#8221;][\/vc_column][\/vc_row][\/vc_section][vc_section][vc_row][vc_column][vc_column_text]Stany Zjednoczone to rozleg\u0142y kraj o zr\u00f3\u017cnicowanym krajobrazie, od g\u00f3r i pusty\u0144 po lasy i pla\u017ce, oferuj\u0105cy szerok\u0105 gam\u0119 zaj\u0119\u0107 na \u015bwie\u017cym powietrzu dla wszystkich zainteresowa\u0144 i umiej\u0119tno\u015bci. Piesze w\u0119dr\u00f3wki to popularna aktywno\u015b\u0107 w Stanach Zjednoczonych, gdzie wiele park\u00f3w narodowych i obszar\u00f3w dzikiej przyrody oferuje zapieraj\u0105ce dech w piersiach szlaki i wspania\u0142e widoki. Niekt\u00f3re z najpopularniejszych miejsc turystycznych...\" \/>\n<meta property=\"og:url\" content=\"https:\/\/www.topo-gps.com\/pl\/mapa-topograficzna-usa\/\" \/>\n<meta property=\"og:site_name\" content=\"Topo GPS\" \/>\n<meta property=\"article:modified_time\" content=\"2023-04-20T05:59:33+00:00\" \/>\n<meta name=\"twitter:card\" content=\"summary_large_image\" \/>\n<meta name=\"twitter:label1\" content=\"Szacowany czas czytania\" \/>\n\t<meta name=\"twitter:data1\" content=\"7 minut\" \/>\n<script type=\"application\/ld+json\" class=\"yoast-schema-graph\">{\"@context\":\"https:\\\/\\\/schema.org\",\"@graph\":[{\"@type\":\"WebPage\",\"@id\":\"https:\\\/\\\/www.topo-gps.com\\\/pl\\\/mapa-topograficzna-usa\\\/\",\"url\":\"https:\\\/\\\/www.topo-gps.com\\\/pl\\\/mapa-topograficzna-usa\\\/\",\"name\":\"Mapa topograficzna USA - Topo GPS\",\"isPartOf\":{\"@id\":\"https:\\\/\\\/www.topo-gps.com\\\/pl\\\/#website\"},\"datePublished\":\"2023-02-25T05:51:32+00:00\",\"dateModified\":\"2023-04-20T05:59:33+00:00\",\"breadcrumb\":{\"@id\":\"https:\\\/\\\/www.topo-gps.com\\\/pl\\\/mapa-topograficzna-usa\\\/#breadcrumb\"},\"inLanguage\":\"pl-PL\",\"potentialAction\":[{\"@type\":\"ReadAction\",\"target\":[\"https:\\\/\\\/www.topo-gps.com\\\/pl\\\/mapa-topograficzna-usa\\\/\"]}]},{\"@type\":\"BreadcrumbList\",\"@id\":\"https:\\\/\\\/www.topo-gps.com\\\/pl\\\/mapa-topograficzna-usa\\\/#breadcrumb\",\"itemListElement\":[{\"@type\":\"ListItem\",\"position\":1,\"name\":\"Home\",\"item\":\"https:\\\/\\\/www.topo-gps.com\\\/pl\\\/aplikacja-z-mapami-topograficznymi-na-iphonea-androida-i-apple-watch\\\/\"},{\"@type\":\"ListItem\",\"position\":2,\"name\":\"Mapa topograficzna USA\"}]},{\"@type\":\"WebSite\",\"@id\":\"https:\\\/\\\/www.topo-gps.com\\\/pl\\\/#website\",\"url\":\"https:\\\/\\\/www.topo-gps.com\\\/pl\\\/\",\"name\":\"Topo GPS\",\"description\":\"Topographic maps GPS for iPhone, Android, iPad and Apple Watch\",\"potentialAction\":[{\"@type\":\"SearchAction\",\"target\":{\"@type\":\"EntryPoint\",\"urlTemplate\":\"https:\\\/\\\/www.topo-gps.com\\\/pl\\\/?s={search_term_string}\"},\"query-input\":{\"@type\":\"PropertyValueSpecification\",\"valueRequired\":true,\"valueName\":\"search_term_string\"}}],\"inLanguage\":\"pl-PL\"}]}<\/script>\n<!-- \/ Yoast SEO plugin. -->","yoast_head_json":{"title":"Mapa topograficzna USA - Topo GPS","robots":{"index":"index","follow":"follow","max-snippet":"max-snippet:-1","max-image-preview":"max-image-preview:large","max-video-preview":"max-video-preview:-1"},"canonical":"https:\/\/www.topo-gps.com\/pl\/mapa-topograficzna-usa\/","og_locale":"pl_PL","og_type":"article","og_title":"Mapa topograficzna USA - Topo GPS","og_description":"[vc_section enable_inner=&#8221;yes&#8221; section_type=&#8221;hero&#8221; inner_margin_top=&#8221;mt-100&#8243; parallax_image_attachment=&#8221;inherit&#8221; padding_class=&#8221;wide-100&#8243; css=&#8221;.vc_custom_1649340255144{background-image: url(https:\/\/www.topo-gps.com\/wp-content\/uploads\/2022\/04\/us-resized.jpg?id=18647) !important;background-position: center !important;background-repeat: no-repeat !important;background-size: cover !important;}&#8221;][vc_row parallax_image_attachment=&#8221;inherit&#8221; css=&#8221;.vc_custom_1639602296513{padding-top: 20px !important;padding-bottom: 20px !important;}&#8221;][vc_column width=&#8221;1\/2&#8243; css=&#8221;.vc_custom_1639603345318{margin-bottom: 20px !important;}&#8221;][vc_row_inner][vc_column_inner width=&#8221;1\/2&#8243; css=&#8221;.vc_custom_1639605647058{padding-top: 10px !important;padding-bottom: 10px !important;}&#8221;][\/vc_column_inner][vc_column_inner width=&#8221;1\/2&#8243; css=&#8221;.vc_custom_1639605658368{padding-top: 10px !important;padding-bottom: 10px !important;}&#8221;][\/vc_column_inner][\/vc_row_inner][\/vc_column][vc_column width=&#8221;1\/2&#8243; css=&#8221;.vc_custom_1639603183972{padding-top: 40px !important;padding-bottom: 40px !important;}&#8221;][\/vc_column][\/vc_row][\/vc_section][vc_section][vc_row][vc_column][vc_column_text]Stany Zjednoczone to rozleg\u0142y kraj o zr\u00f3\u017cnicowanym krajobrazie, od g\u00f3r i pusty\u0144 po lasy i pla\u017ce, oferuj\u0105cy szerok\u0105 gam\u0119 zaj\u0119\u0107 na \u015bwie\u017cym powietrzu dla wszystkich zainteresowa\u0144 i umiej\u0119tno\u015bci. Piesze w\u0119dr\u00f3wki to popularna aktywno\u015b\u0107 w Stanach Zjednoczonych, gdzie wiele park\u00f3w narodowych i obszar\u00f3w dzikiej przyrody oferuje zapieraj\u0105ce dech w piersiach szlaki i wspania\u0142e widoki. Niekt\u00f3re z najpopularniejszych miejsc turystycznych...","og_url":"https:\/\/www.topo-gps.com\/pl\/mapa-topograficzna-usa\/","og_site_name":"Topo GPS","article_modified_time":"2023-04-20T05:59:33+00:00","twitter_card":"summary_large_image","twitter_misc":{"Szacowany czas czytania":"7 minut"},"schema":{"@context":"https:\/\/schema.org","@graph":[{"@type":"WebPage","@id":"https:\/\/www.topo-gps.com\/pl\/mapa-topograficzna-usa\/","url":"https:\/\/www.topo-gps.com\/pl\/mapa-topograficzna-usa\/","name":"Mapa topograficzna USA - Topo GPS","isPartOf":{"@id":"https:\/\/www.topo-gps.com\/pl\/#website"},"datePublished":"2023-02-25T05:51:32+00:00","dateModified":"2023-04-20T05:59:33+00:00","breadcrumb":{"@id":"https:\/\/www.topo-gps.com\/pl\/mapa-topograficzna-usa\/#breadcrumb"},"inLanguage":"pl-PL","potentialAction":[{"@type":"ReadAction","target":["https:\/\/www.topo-gps.com\/pl\/mapa-topograficzna-usa\/"]}]},{"@type":"BreadcrumbList","@id":"https:\/\/www.topo-gps.com\/pl\/mapa-topograficzna-usa\/#breadcrumb","itemListElement":[{"@type":"ListItem","position":1,"name":"Home","item":"https:\/\/www.topo-gps.com\/pl\/aplikacja-z-mapami-topograficznymi-na-iphonea-androida-i-apple-watch\/"},{"@type":"ListItem","position":2,"name":"Mapa topograficzna USA"}]},{"@type":"WebSite","@id":"https:\/\/www.topo-gps.com\/pl\/#website","url":"https:\/\/www.topo-gps.com\/pl\/","name":"Topo GPS","description":"Topographic maps GPS for iPhone, Android, iPad and Apple Watch","potentialAction":[{"@type":"SearchAction","target":{"@type":"EntryPoint","urlTemplate":"https:\/\/www.topo-gps.com\/pl\/?s={search_term_string}"},"query-input":{"@type":"PropertyValueSpecification","valueRequired":true,"valueName":"search_term_string"}}],"inLanguage":"pl-PL"}]}},"_links":{"self":[{"href":"https:\/\/www.topo-gps.com\/pl\/wp-json\/wp\/v2\/pages\/23962","targetHints":{"allow":["GET"]}}],"collection":[{"href":"https:\/\/www.topo-gps.com\/pl\/wp-json\/wp\/v2\/pages"}],"about":[{"href":"https:\/\/www.topo-gps.com\/pl\/wp-json\/wp\/v2\/types\/page"}],"author":[{"embeddable":true,"href":"https:\/\/www.topo-gps.com\/pl\/wp-json\/wp\/v2\/users\/1"}],"replies":[{"embeddable":true,"href":"https:\/\/www.topo-gps.com\/pl\/wp-json\/wp\/v2\/comments?post=23962"}],"version-history":[{"count":0,"href":"https:\/\/www.topo-gps.com\/pl\/wp-json\/wp\/v2\/pages\/23962\/revisions"}],"wp:attachment":[{"href":"https:\/\/www.topo-gps.com\/pl\/wp-json\/wp\/v2\/media?parent=23962"}],"curies":[{"name":"wp","href":"https:\/\/api.w.org\/{rel}","templated":true}]}}