{"id":23955,"date":"2023-02-25T06:51:31","date_gmt":"2023-02-25T05:51:31","guid":{"rendered":"https:\/\/www.topo-gps.com\/obslugiwane-formaty-danych-geograficznych\/"},"modified":"2023-06-16T14:10:18","modified_gmt":"2023-06-16T13:10:18","slug":"obslugiwane-formaty-danych-geograficznych","status":"publish","type":"page","link":"https:\/\/www.topo-gps.com\/pl\/obslugiwane-formaty-danych-geograficznych\/","title":{"rendered":"Obs\u0142ugiwane formaty danych geograficznych"},"content":{"rendered":"<div class=\"wpb-content-wrapper\"><p>[vc_row][vc_column]\r\n        <div class=\"hero-txt\"> \r\n            \r\n                     \r\n            <h3 class=\"h3-sm  wow perch-fadeInUp fadeInUp\" data-wow-delay=\"300ms\" data-wow-duration=\"1200ms\">Obs\u0142ugiwane formaty danych geograficznych<\/h3>\r\n             \r\n            \r\n                        \r\n                        \r\n            \r\n                        \r\n                        \r\n                  \r\n        <\/div>\r\n        <div class=\"content-txt\"> \r\n        \t\r\n                     \r\n            \r\n            <p class=\"p-md  wow perch-fadeInUp fadeInUp\" data-wow-delay=\"300ms\" data-wow-duration=\"1200ms\">Istnieje wiele r\u00f3\u017cnych format\u00f3w geodanych. Topo GPS obs\u0142uguje najpopularniejsze zar\u00f3wno do importu, u\u017cytkowania, jak i eksportu.<\/p> \r\n             \r\n            \r\n                        \r\n                        \r\n            \r\n             \r\n                       \r\n                        \r\n                  \r\n        <\/div>[vc_column_text]<\/p>\n<p>&nbsp;<\/p>\n&#13;\n<figure class=\"wp-block-table is-style-stripes\"><table><tbody><tr><td>\u00a0<\/td>&#13;\n<td><strong>Trasy<\/strong><\/td>&#13;\n<td><strong>Punkty trasy<\/strong><\/td>&#13;\n<td><strong>Ikony<\/strong><\/td>&#13;\n<td><strong>Linie<\/strong><\/td>&#13;\n<td><strong>Obszary<\/strong><\/td>&#13;\n<td><strong>Zdj\u0119cia<\/strong><\/td>&#13;\n<td><strong>Typ wsp\u00f3\u0142rz\u0119dnych<\/strong><\/td>&#13;\n<td><strong>Kompresja<\/strong><\/td>&#13;\n<td><strong>iOS<\/strong><\/td>&#13;\n<td><strong>Android<\/strong><\/td>&#13;\n<td><strong>Import<\/strong><\/td>&#13;\n<td><strong>Eksport<\/strong><\/td>&#13;\n<td>\u00a0<\/td>&#13;\n<\/tr><tr><td>GPX<\/td>&#13;\n<td style=\"text-align: center;\">\u2713<\/td>&#13;\n<td style=\"text-align: center;\">\u2713<\/td>&#13;\n<td style=\"text-align: center;\">\u2713*<\/td>&#13;\n<td style=\"text-align: center;\">\u00a0<\/td>&#13;\n<td style=\"text-align: center;\">\u00a0<\/td>&#13;\n<td style=\"text-align: center;\">\u00a0<\/td>&#13;\n<td style=\"text-align: center;\">WGS84<\/td>&#13;\n<td style=\"text-align: center;\">\u00a0<\/td>&#13;\n<td style=\"text-align: center;\">\u2713<\/td>&#13;\n<td style=\"text-align: center;\">\u2713<\/td>&#13;\n<td style=\"text-align: center;\">\u2713<\/td>&#13;\n<td style=\"text-align: center;\">\u2713<\/td>&#13;\n<td>\u00a0<\/td>&#13;\n<\/tr><tr><td>GPX.zip<\/td>&#13;\n<td style=\"text-align: center;\">\u2713<\/td>&#13;\n<td style=\"text-align: center;\">\u2713<\/td>&#13;\n<td style=\"text-align: center;\">\u2713*<\/td>&#13;\n<td style=\"text-align: center;\">\u00a0<\/td>&#13;\n<td style=\"text-align: center;\">\u00a0<\/td>&#13;\n<td style=\"text-align: center;\">\u2713<\/td>&#13;\n<td style=\"text-align: center;\">WGS84<\/td>&#13;\n<td style=\"text-align: center;\">\u2713<\/td>&#13;\n<td style=\"text-align: center;\">\u2713<\/td>&#13;\n<td style=\"text-align: center;\">\u2713<\/td>&#13;\n<td style=\"text-align: center;\">\u2713<\/td>&#13;\n<td style=\"text-align: center;\">\u2713<\/td>&#13;\n<td>\u00a0<\/td>&#13;\n<\/tr><tr><td>KML<\/td>&#13;\n<td style=\"text-align: center;\">\u2713<\/td>&#13;\n<td style=\"text-align: center;\">\u2713<\/td>&#13;\n<td style=\"text-align: center;\">\u2713*<\/td>&#13;\n<td style=\"text-align: center;\">\u2713<\/td>&#13;\n<td style=\"text-align: center;\">\u2713<\/td>&#13;\n<td style=\"text-align: center;\">\u00a0<\/td>&#13;\n<td style=\"text-align: center;\">WGS84<\/td>&#13;\n<td style=\"text-align: center;\">\u00a0<\/td>&#13;\n<td style=\"text-align: center;\">\u2713<\/td>&#13;\n<td style=\"text-align: center;\">\u2713<\/td>&#13;\n<td style=\"text-align: center;\">\u2713<\/td>&#13;\n<td style=\"text-align: center;\">\u2713<\/td>&#13;\n<td>\u00a0<\/td>&#13;\n<\/tr><tr><td>KMZ<\/td>&#13;\n<td style=\"text-align: center;\">\u2713<\/td>&#13;\n<td style=\"text-align: center;\">\u2713<\/td>&#13;\n<td style=\"text-align: center;\">\u2713*<\/td>&#13;\n<td style=\"text-align: center;\">\u2713<\/td>&#13;\n<td style=\"text-align: center;\">\u2713<\/td>&#13;\n<td style=\"text-align: center;\">\u2713<\/td>&#13;\n<td style=\"text-align: center;\">WGS84<\/td>&#13;\n<td style=\"text-align: center;\">\u2713<\/td>&#13;\n<td style=\"text-align: center;\">\u2713<\/td>&#13;\n<td style=\"text-align: center;\">\u2713<\/td>&#13;\n<td style=\"text-align: center;\">\u2713<\/td>&#13;\n<td style=\"text-align: center;\">\u2713<\/td>&#13;\n<td>\u00a0<\/td>&#13;\n<\/tr><tr><td>CSV*<\/td>&#13;\n<td style=\"text-align: center;\">\u00a0<\/td>&#13;\n<td style=\"text-align: center;\">\u2713<\/td>&#13;\n<td style=\"text-align: center;\">\u2713<\/td>&#13;\n<td style=\"text-align: center;\">\u00a0<\/td>&#13;\n<td style=\"text-align: center;\">\u00a0<\/td>&#13;\n<td style=\"text-align: center;\">\u00a0<\/td>&#13;\n<td style=\"text-align: center;\">ka\u017cdy<\/td>&#13;\n<td style=\"text-align: center;\">\u00a0<\/td>&#13;\n<td style=\"text-align: center;\">\u2713<\/td>&#13;\n<td style=\"text-align: center;\">\u2713<\/td>&#13;\n<td style=\"text-align: center;\">\u2713<\/td>&#13;\n<td style=\"text-align: center;\">\u2713<\/td>&#13;\n<td style=\"text-align: center;\">\u00a0<\/td>&#13;\n<\/tr><tr><td>CSV.zip*<\/td>&#13;\n<td style=\"text-align: center;\">\u00a0<\/td>&#13;\n<td style=\"text-align: center;\">\u2713<\/td>&#13;\n<td style=\"text-align: center;\">\u2713<\/td>&#13;\n<td style=\"text-align: center;\">\u00a0<\/td>&#13;\n<td style=\"text-align: center;\">\u00a0<\/td>&#13;\n<td style=\"text-align: center;\">\u2713<\/td>&#13;\n<td style=\"text-align: center;\">ka\u017cdy<\/td>&#13;\n<td style=\"text-align: center;\">\u2713<\/td>&#13;\n<td style=\"text-align: center;\">\u2713<\/td>&#13;\n<td style=\"text-align: center;\">\u2713<\/td>&#13;\n<td style=\"text-align: center;\">\u2713<\/td>&#13;\n<td style=\"text-align: center;\">\u2713<\/td>&#13;\n<td>\u00a0<\/td>&#13;\n<\/tr><tr><td>GeoJSON<\/td>&#13;\n<td style=\"text-align: center;\">jako linia<\/td>&#13;\n<td style=\"text-align: center;\">\u2713<\/td>&#13;\n<td style=\"text-align: center;\">\u00a0<\/td>&#13;\n<td style=\"text-align: center;\">\u2713<\/td>&#13;\n<td style=\"text-align: center;\">\u2713<\/td>&#13;\n<td style=\"text-align: center;\">\u00a0<\/td>&#13;\n<td style=\"text-align: center;\">ka\u017cdy**<\/td>&#13;\n<td style=\"text-align: center;\">\u00a0<\/td>&#13;\n<td style=\"text-align: center;\">\u2713<\/td>&#13;\n<td style=\"text-align: center;\">\u00a0<\/td>&#13;\n<td style=\"text-align: center;\">\u2713<\/td>&#13;\n<td style=\"text-align: center;\">\u2713<\/td>&#13;\n<td style=\"text-align: center;\">\u00a0<\/td>&#13;\n<\/tr><tr><td>GeoJSON.zip<\/td>&#13;\n<td style=\"text-align: center;\">jako linia<\/td>&#13;\n<td style=\"text-align: center;\">\u2713<\/td>&#13;\n<td style=\"text-align: center;\">\u00a0<\/td>&#13;\n<td style=\"text-align: center;\">\u2713<\/td>&#13;\n<td style=\"text-align: center;\">\u2713<\/td>&#13;\n<td style=\"text-align: center;\">\u2713<\/td>&#13;\n<td style=\"text-align: center;\">ka\u017cdy**<\/td>&#13;\n<td style=\"text-align: center;\">\u2713<\/td>&#13;\n<td style=\"text-align: center;\">\u2713<\/td>&#13;\n<td style=\"text-align: center;\">\u00a0<\/td>&#13;\n<td style=\"text-align: center;\">\u2713<\/td>&#13;\n<td style=\"text-align: center;\">\u2713<\/td>&#13;\n<td>\u00a0<\/td>&#13;\n<\/tr><tr><td>GML\/WFS<\/td>&#13;\n<td style=\"text-align: center;\">\u00a0<\/td>&#13;\n<td style=\"text-align: center;\">\u2713<\/td>&#13;\n<td style=\"text-align: center;\">\u00a0<\/td>&#13;\n<td style=\"text-align: center;\">\u2713<\/td>&#13;\n<td style=\"text-align: center;\">\u2713<\/td>&#13;\n<td style=\"text-align: center;\">\u00a0<\/td>&#13;\n<td style=\"text-align: center;\">ka\u017cdy<\/td>&#13;\n<td style=\"text-align: center;\">\u00a0<\/td>&#13;\n<td style=\"text-align: center;\">\u2713<\/td>&#13;\n<td style=\"text-align: center;\">\u00a0<\/td>&#13;\n<td style=\"text-align: center;\">\u2713<\/td>&#13;\n<td style=\"text-align: center;\">\u00a0<\/td>&#13;\n<td>\u00a0<\/td>&#13;\n<\/tr><tr><td>JPG<\/td>&#13;\n<td style=\"text-align: center;\">\u00a0<\/td>&#13;\n<td style=\"text-align: center;\">\u00a0<\/td>&#13;\n<td style=\"text-align: center;\">\u00a0<\/td>&#13;\n<td style=\"text-align: center;\">\u00a0<\/td>&#13;\n<td style=\"text-align: center;\">\u00a0<\/td>&#13;\n<td style=\"text-align: center;\">\u2713<\/td>&#13;\n<td style=\"text-align: center;\">WGS84<\/td>&#13;\n<td style=\"text-align: center;\">\u00a0<\/td>&#13;\n<td style=\"text-align: center;\">\u2713<\/td>&#13;\n<td style=\"text-align: center;\">\u2713<\/td>&#13;\n<td style=\"text-align: center;\">iOS<\/td>&#13;\n<td style=\"text-align: center;\">\u2713<\/td>&#13;\n<td>\u00a0<\/td>&#13;\n<\/tr><\/tbody><\/table><\/figure><p>[\/vc_column_text][\/vc_column][vc_column]\r\n        <div class=\"content-txt\"> \r\n        \t\r\n                     \r\n            \r\n            <p class=\"p-md  wow perch-fadeInUp fadeInUp\" data-wow-delay=\"300ms\" data-wow-duration=\"1200ms\">* Funkcjonalno\u015b\u0107 specyficzna dla Topo GPS, kt\u00f3ra dzia\u0142a tylko podczas udost\u0119pniania innym u\u017cytkownikom Topo GPS. Ikony s\u0105 ograniczone w KML&lt;br&gt;** Nie zgodnie z oficjaln\u0105 dokumentacj\u0105 GeoJSON<\/p> \r\n             \r\n            \r\n                        \r\n                        \r\n            \r\n             \r\n                       \r\n                        \r\n                  \r\n        <\/div>[\/vc_column][\/vc_row]<\/p>\n<\/div>","protected":false},"excerpt":{"rendered":"<p>[vc_row][vc_column][vc_column_text] &nbsp; &#13; \u00a0 &#13; Trasy &#13; Punkty trasy &#13; Ikony &#13; Linie &#13; Obszary &#13; Zdj\u0119cia &#13; Typ wsp\u00f3\u0142rz\u0119dnych &#13; Kompresja &#13; iOS &#13; Android &#13; Import &#13; Eksport &#13; \u00a0 &#13; GPX &#13; \u2713 &#13; \u2713 &#13; \u2713* &#13; \u00a0 &#13; \u00a0 &#13; \u00a0 &#13; WGS84 &#13; \u00a0 &#13; \u2713 &#13; \u2713 &#13; \u2713 &#13; \u2713 &#13; \u00a0 &#13; GPX.zip &#13; \u2713 &#13; \u2713 &#13; \u2713* &#13; \u00a0 &#13; \u00a0 &#13; \u2713 &#13; WGS84 &#13; \u2713 &#13; \u2713 &#13; \u2713 &#13; \u2713 &#13; \u2713 &#13; \u00a0 &#13; KML &#13; \u2713 &#13; \u2713 &#13; \u2713* &#13; \u2713 &#13; \u2713&#8230;<\/p>\n","protected":false},"author":1,"featured_media":0,"parent":0,"menu_order":0,"comment_status":"closed","ping_status":"closed","template":"","meta":{"footnotes":""},"class_list":["post-23955","page","type-page","status-publish","hentry","no-post-thumbnail"],"yoast_head":"<!-- This site is optimized with the Yoast SEO plugin v27.6 - https:\/\/yoast.com\/product\/yoast-seo-wordpress\/ -->\n<title>Obs\u0142ugiwane formaty danych geograficznych - Topo GPS<\/title>\n<meta name=\"description\" content=\"Przegl\u0105d dost\u0119pnych format\u00f3w danych w Topo GPS w tabeli dla system\u00f3w Android i iOS. Ze specyfikacj\u0105 formatu r\u00f3wnie\u017c wymienione.\" \/>\n<meta name=\"robots\" content=\"index, follow, max-snippet:-1, max-image-preview:large, max-video-preview:-1\" \/>\n<link rel=\"canonical\" href=\"https:\/\/www.topo-gps.com\/pl\/obslugiwane-formaty-danych-geograficznych\/\" \/>\n<meta property=\"og:locale\" content=\"pl_PL\" \/>\n<meta property=\"og:type\" content=\"article\" \/>\n<meta property=\"og:title\" content=\"Obs\u0142ugiwane formaty danych geograficznych - Topo GPS\" \/>\n<meta property=\"og:description\" content=\"Przegl\u0105d dost\u0119pnych format\u00f3w danych w Topo GPS w tabeli dla system\u00f3w Android i iOS. Ze specyfikacj\u0105 formatu r\u00f3wnie\u017c wymienione.\" \/>\n<meta property=\"og:url\" content=\"https:\/\/www.topo-gps.com\/pl\/obslugiwane-formaty-danych-geograficznych\/\" \/>\n<meta property=\"og:site_name\" content=\"Topo GPS\" \/>\n<meta property=\"article:modified_time\" content=\"2023-06-16T13:10:18+00:00\" \/>\n<meta name=\"twitter:card\" content=\"summary_large_image\" \/>\n<meta name=\"twitter:label1\" content=\"Szacowany czas czytania\" \/>\n\t<meta name=\"twitter:data1\" content=\"1 minuta\" \/>\n<script type=\"application\/ld+json\" class=\"yoast-schema-graph\">{\"@context\":\"https:\\\/\\\/schema.org\",\"@graph\":[{\"@type\":\"WebPage\",\"@id\":\"https:\\\/\\\/www.topo-gps.com\\\/pl\\\/obslugiwane-formaty-danych-geograficznych\\\/\",\"url\":\"https:\\\/\\\/www.topo-gps.com\\\/pl\\\/obslugiwane-formaty-danych-geograficznych\\\/\",\"name\":\"Obs\u0142ugiwane formaty danych geograficznych - Topo GPS\",\"isPartOf\":{\"@id\":\"https:\\\/\\\/www.topo-gps.com\\\/pl\\\/#website\"},\"datePublished\":\"2023-02-25T05:51:31+00:00\",\"dateModified\":\"2023-06-16T13:10:18+00:00\",\"description\":\"Przegl\u0105d dost\u0119pnych format\u00f3w danych w Topo GPS w tabeli dla system\u00f3w Android i iOS. Ze specyfikacj\u0105 formatu r\u00f3wnie\u017c wymienione.\",\"breadcrumb\":{\"@id\":\"https:\\\/\\\/www.topo-gps.com\\\/pl\\\/obslugiwane-formaty-danych-geograficznych\\\/#breadcrumb\"},\"inLanguage\":\"pl-PL\",\"potentialAction\":[{\"@type\":\"ReadAction\",\"target\":[\"https:\\\/\\\/www.topo-gps.com\\\/pl\\\/obslugiwane-formaty-danych-geograficznych\\\/\"]}]},{\"@type\":\"BreadcrumbList\",\"@id\":\"https:\\\/\\\/www.topo-gps.com\\\/pl\\\/obslugiwane-formaty-danych-geograficznych\\\/#breadcrumb\",\"itemListElement\":[{\"@type\":\"ListItem\",\"position\":1,\"name\":\"Home\",\"item\":\"https:\\\/\\\/www.topo-gps.com\\\/pl\\\/aplikacja-z-mapami-topograficznymi-na-iphonea-androida-i-apple-watch\\\/\"},{\"@type\":\"ListItem\",\"position\":2,\"name\":\"Obs\u0142ugiwane formaty danych geograficznych\"}]},{\"@type\":\"WebSite\",\"@id\":\"https:\\\/\\\/www.topo-gps.com\\\/pl\\\/#website\",\"url\":\"https:\\\/\\\/www.topo-gps.com\\\/pl\\\/\",\"name\":\"Topo GPS\",\"description\":\"Topographic maps GPS for iPhone, Android, iPad and Apple Watch\",\"potentialAction\":[{\"@type\":\"SearchAction\",\"target\":{\"@type\":\"EntryPoint\",\"urlTemplate\":\"https:\\\/\\\/www.topo-gps.com\\\/pl\\\/?s={search_term_string}\"},\"query-input\":{\"@type\":\"PropertyValueSpecification\",\"valueRequired\":true,\"valueName\":\"search_term_string\"}}],\"inLanguage\":\"pl-PL\"}]}<\/script>\n<!-- \/ Yoast SEO plugin. -->","yoast_head_json":{"title":"Obs\u0142ugiwane formaty danych geograficznych - Topo GPS","description":"Przegl\u0105d dost\u0119pnych format\u00f3w danych w Topo GPS w tabeli dla system\u00f3w Android i iOS. Ze specyfikacj\u0105 formatu r\u00f3wnie\u017c wymienione.","robots":{"index":"index","follow":"follow","max-snippet":"max-snippet:-1","max-image-preview":"max-image-preview:large","max-video-preview":"max-video-preview:-1"},"canonical":"https:\/\/www.topo-gps.com\/pl\/obslugiwane-formaty-danych-geograficznych\/","og_locale":"pl_PL","og_type":"article","og_title":"Obs\u0142ugiwane formaty danych geograficznych - Topo GPS","og_description":"Przegl\u0105d dost\u0119pnych format\u00f3w danych w Topo GPS w tabeli dla system\u00f3w Android i iOS. Ze specyfikacj\u0105 formatu r\u00f3wnie\u017c wymienione.","og_url":"https:\/\/www.topo-gps.com\/pl\/obslugiwane-formaty-danych-geograficznych\/","og_site_name":"Topo GPS","article_modified_time":"2023-06-16T13:10:18+00:00","twitter_card":"summary_large_image","twitter_misc":{"Szacowany czas czytania":"1 minuta"},"schema":{"@context":"https:\/\/schema.org","@graph":[{"@type":"WebPage","@id":"https:\/\/www.topo-gps.com\/pl\/obslugiwane-formaty-danych-geograficznych\/","url":"https:\/\/www.topo-gps.com\/pl\/obslugiwane-formaty-danych-geograficznych\/","name":"Obs\u0142ugiwane formaty danych geograficznych - Topo GPS","isPartOf":{"@id":"https:\/\/www.topo-gps.com\/pl\/#website"},"datePublished":"2023-02-25T05:51:31+00:00","dateModified":"2023-06-16T13:10:18+00:00","description":"Przegl\u0105d dost\u0119pnych format\u00f3w danych w Topo GPS w tabeli dla system\u00f3w Android i iOS. Ze specyfikacj\u0105 formatu r\u00f3wnie\u017c wymienione.","breadcrumb":{"@id":"https:\/\/www.topo-gps.com\/pl\/obslugiwane-formaty-danych-geograficznych\/#breadcrumb"},"inLanguage":"pl-PL","potentialAction":[{"@type":"ReadAction","target":["https:\/\/www.topo-gps.com\/pl\/obslugiwane-formaty-danych-geograficznych\/"]}]},{"@type":"BreadcrumbList","@id":"https:\/\/www.topo-gps.com\/pl\/obslugiwane-formaty-danych-geograficznych\/#breadcrumb","itemListElement":[{"@type":"ListItem","position":1,"name":"Home","item":"https:\/\/www.topo-gps.com\/pl\/aplikacja-z-mapami-topograficznymi-na-iphonea-androida-i-apple-watch\/"},{"@type":"ListItem","position":2,"name":"Obs\u0142ugiwane formaty danych geograficznych"}]},{"@type":"WebSite","@id":"https:\/\/www.topo-gps.com\/pl\/#website","url":"https:\/\/www.topo-gps.com\/pl\/","name":"Topo GPS","description":"Topographic maps GPS for iPhone, Android, iPad and Apple Watch","potentialAction":[{"@type":"SearchAction","target":{"@type":"EntryPoint","urlTemplate":"https:\/\/www.topo-gps.com\/pl\/?s={search_term_string}"},"query-input":{"@type":"PropertyValueSpecification","valueRequired":true,"valueName":"search_term_string"}}],"inLanguage":"pl-PL"}]}},"_links":{"self":[{"href":"https:\/\/www.topo-gps.com\/pl\/wp-json\/wp\/v2\/pages\/23955","targetHints":{"allow":["GET"]}}],"collection":[{"href":"https:\/\/www.topo-gps.com\/pl\/wp-json\/wp\/v2\/pages"}],"about":[{"href":"https:\/\/www.topo-gps.com\/pl\/wp-json\/wp\/v2\/types\/page"}],"author":[{"embeddable":true,"href":"https:\/\/www.topo-gps.com\/pl\/wp-json\/wp\/v2\/users\/1"}],"replies":[{"embeddable":true,"href":"https:\/\/www.topo-gps.com\/pl\/wp-json\/wp\/v2\/comments?post=23955"}],"version-history":[{"count":0,"href":"https:\/\/www.topo-gps.com\/pl\/wp-json\/wp\/v2\/pages\/23955\/revisions"}],"wp:attachment":[{"href":"https:\/\/www.topo-gps.com\/pl\/wp-json\/wp\/v2\/media?parent=23955"}],"curies":[{"name":"wp","href":"https:\/\/api.w.org\/{rel}","templated":true}]}}