{"id":23946,"date":"2023-02-25T06:51:28","date_gmt":"2023-02-25T05:51:28","guid":{"rendered":"https:\/\/www.topo-gps.com\/mapa-topograficzna-danii\/"},"modified":"2023-03-12T21:55:44","modified_gmt":"2023-03-12T20:55:44","slug":"mapa-topograficzna-danii","status":"publish","type":"page","link":"https:\/\/www.topo-gps.com\/pl\/mapa-topograficzna-danii\/","title":{"rendered":"Mapa topograficzna Danii"},"content":{"rendered":"<div class=\"wpb-content-wrapper\"><p>[vc_section enable_inner=&#8221;yes&#8221; section_type=&#8221;hero&#8221; inner_margin_top=&#8221;mt-100&#8243; parallax_image_attachment=&#8221;inherit&#8221; padding_class=&#8221;wide-100&#8243; css=&#8221;.vc_custom_1649244704214{background-image: url(https:\/\/www.topo-gps.com\/wp-content\/uploads\/2022\/04\/9n8NC4jSx2uR.jpg?id=13244) !important;background-position: center !important;background-repeat: no-repeat !important;background-size: cover !important;}&#8221;][vc_row parallax_image_attachment=&#8221;inherit&#8221; css=&#8221;.vc_custom_1639602296513{padding-top: 20px !important;padding-bottom: 20px !important;}&#8221;][vc_column width=&#8221;1\/2&#8243; css=&#8221;.vc_custom_1639603345318{margin-bottom: 20px !important;}&#8221;]\r\n        <div class=\"vc_custom_1649242668050  hero-txt\"> \r\n            \r\n                     \r\n            <h3 class=\"white-color h3-sm none  wow perch-fadeInUp fadeInUp\" style=\"font-weight: bold;\" data-wow-delay=\"300ms\" data-wow-duration=\"1200ms\">Mapa topograficzna Danii na Twoim iPhonie, telefonie z Androidem i Apple Watch<\/h3>\r\n             \r\n            \r\n                        \r\n                        \r\n            \r\n                        \r\n                        \r\n                  \r\n        <\/div>[vc_row_inner][vc_column_inner width=&#8221;1\/2&#8243; css=&#8221;.vc_custom_1639605647058{padding-top: 10px !important;padding-bottom: 10px !important;}&#8221;]\r\n        <div class=\"hero-img  wow perch-fadeInUp fadeInUp text-center\" data-wow-delay=\"300ms\" data-wow-duration=\"1200ms\"> \r\n        <a href=\"https:\/\/apps.apple.com\/gb\/app\/topo-gps\/id578960575\" target=\"_self\" class=\"vc_single_image-wrapper  \"><img loading=\"lazy\" decoding=\"async\" class=\"vc_single_image-img img-fluid\" width=\"160\" height=\"50\"  src=\"https:\/\/www.topo-gps.com\/wp-content\/themes\/appset\/images\/appstore.png\" alt=\"External image\" \/><\/a>\r\n        <\/div>[\/vc_column_inner][vc_column_inner width=&#8221;1\/2&#8243; css=&#8221;.vc_custom_1639605658368{padding-top: 10px !important;padding-bottom: 10px !important;}&#8221;]\r\n        <div class=\"hero-img  wow perch-fadeInUp fadeInUp text-center\" data-wow-delay=\"300ms\" data-wow-duration=\"1200ms\"> \r\n        <a href=\"https:\/\/play.google.com\/store\/apps\/details?id=uk.rdzl.topo.gps&amp;hl=en\" target=\"_self\" class=\"vc_single_image-wrapper  \"><img loading=\"lazy\" decoding=\"async\" class=\"vc_single_image-img img-fluid\" width=\"171\" height=\"50\"  src=\"https:\/\/www.topo-gps.com\/wp-content\/themes\/appset\/images\/googleplay.png\" alt=\"External image\" \/><\/a>\r\n        <\/div>[\/vc_column_inner][\/vc_row_inner][\/vc_column][vc_column width=&#8221;1\/2&#8243; css=&#8221;.vc_custom_1639603183972{padding-top: 40px !important;padding-bottom: 40px !important;}&#8221;]\r\n        <div class=\"hero-img  wow perch-fadeInUp fadeInUp\" data-wow-delay=\"300ms\" data-wow-duration=\"1200ms\"> \r\n        <img loading=\"lazy\" decoding=\"async\" class=\"vc_single_image-img img-fluid\" width=\"560\" height=\"604\"  src=\"https:\/\/www.topo-gps.com\/wp-content\/uploads\/2022\/04\/dk-map1.png\" alt=\"External image\" \/>\r\n        <\/div>[\/vc_column][\/vc_row][\/vc_section][vc_section][vc_row][vc_column]\r\n        <div class=\"section-title  wow perch-fadeInUp fadeInUp text-center\" data-wow-delay=\"300ms\" data-wow-duration=\"1200ms\">\r\n            <h2 class=\"h2-sm\">Najlepsze mapy outdoorowe dla Danii<\/h2>\r\n            <p class=\"p-lg\">Oficjalne mapy topograficzne to najlepsze mapy zewn\u0119trzne Danii.<\/p>         \r\n        <\/div>[vc_column_text]Dania mo\u017ce nie jest znana ze swoich g\u00f3r i o\u015brodk\u00f3w narciarskich, ale wci\u0105\u017c oferuje wiele mo\u017cliwo\u015bci sp\u0119dzania czasu na \u015bwie\u017cym powietrzu. Kraj szczyci si\u0119 osza\u0142amiaj\u0105c\u0105 lini\u0105 brzegow\u0105 o d\u0142ugo\u015bci ponad 7300 km, co czyni go idealnym miejscem do uprawiania sport\u00f3w wodnych, takich jak sp\u0142ywy kajakowe, windsurfing i kiteboarding. Morze P\u00f3\u0142nocne i Morze Ba\u0142tyckie oferuj\u0105 jedne z najlepszych warunk\u00f3w do tych dzia\u0142a\u0144, z r\u00f3\u017cnymi pla\u017cami i obszarami przybrze\u017cnymi do zwiedzania.<\/p>\n<p>Dania ma r\u00f3wnie\u017c kilka park\u00f3w narodowych i rezerwat\u00f3w przyrody, kt\u00f3re s\u0105 idealne do uprawiania turystyki pieszej i rowerowej. Park Narodowy Morza Wattowego, po\u0142o\u017cony na zachodnim wybrze\u017cu Jutlandii, jest wpisany na List\u0119 \u015awiatowego Dziedzictwa UNESCO i oferuje unikalny krajobraz z r\u00f3wninami p\u0142ywowymi, wydmami i s\u0142onymi bagnami. W Parku Narodowym Mols Bjerge we wschodniej Jutlandii znajduje si\u0119 kilka dobrze oznakowanych tras prowadz\u0105cych przez wzg\u00f3rza, lasy i \u0142\u0105ki, a las Rold Skov w p\u00f3\u0142nocnej Jutlandii oferuje sie\u0107 tras rowerowych.<\/p>\n<p>Dla tych, kt\u00f3rzy szukaj\u0105 bardziej spokojnej aktywno\u015bci, Dania ma kilka pi\u0119knych park\u00f3w i ogrod\u00f3w, takich jak Ogrody Tivoli w Kopenhadze i Ogrody Frederiksberg. Te parki oferuj\u0105 spokojny wypoczynek z dala od miasta i s\u0105 idealne na pikniki, spacery i relaks.<\/p>\n<p>Og\u00f3lnie rzecz bior\u0105c, Dania mo\u017ce nie mie\u0107 g\u00f3r ani o\u015brodk\u00f3w narciarskich, ale nadal oferuje mn\u00f3stwo zaj\u0119\u0107 na \u015bwie\u017cym powietrzu, kt\u00f3re zaspokajaj\u0105 r\u00f3\u017cne zainteresowania i poziomy umiej\u0119tno\u015bci. Niezale\u017cnie od tego, czy zwiedzasz wybrze\u017ce, czy w\u0119drujesz po parku narodowym, naturalne pi\u0119kno Danii z pewno\u015bci\u0105 zrobi wra\u017cenie. I \u0142atwa nawigacja dzi\u0119ki Topo GPS.[\/vc_column_text][\/vc_column][\/vc_row][vc_row][vc_column width=&#8221;1\/2&#8243;][vc_single_image custom_src=&#8221;https:\/\/www.topo-gps.com\/wp-content\/uploads\/2022\/04\/dk-map2.jpg&#8221; external_img_size=&#8221;391&#215;600&#8243; alignment=&#8221;center&#8221;][\/vc_column][vc_column width=&#8221;1\/2&#8243;][vc_row_inner][vc_column_inner width=&#8221;1\/2&#8243;]\r\n        <div class=\"wow perch-fadeInUp fadeInUp fbox\" data-wow-delay=\"300ms\" data-wow-duration=\"1200ms\"> \r\n            <div class=\"fbox grey-color-box\">\r\n                <div class=\"grey-color-icon b-icon box-icon-md\"><span class=\" grey-color\"><\/span><\/div>  \r\n                <div class=\"fbox-txt\">    \r\n                    <h5 class=\"h5-sm\">Mapa topograficzna<\/h5>\r\n                    <p class=\"grey-color\">Mapa topograficzna zawiera wiele szczeg\u00f3\u0142\u00f3w, takich jak poziomice, ma\u0142e drogi i zagospodarowanie terenu, dzi\u0119ki czemu idealnie nadaje si\u0119 do nawigacji na zewn\u0105trz.<\/p>\r\n                    \r\n                <\/div> \r\n            <\/div>        \r\n        <\/div>\r\n        <div class=\"wow perch-fadeInUp fadeInUp fbox\" data-wow-delay=\"300ms\" data-wow-duration=\"1200ms\"> \r\n            <div class=\"fbox grey-color-box\">\r\n                <div class=\"grey-color-icon b-icon box-icon-md\"><span class=\" grey-color\"><\/span><\/div>  \r\n                <div class=\"fbox-txt\">    \r\n                    <h5 class=\"h5-sm\">DTK25<\/h5>\r\n                    <p class=\"grey-color\">W aplikacji Topo GPS mo\u017cesz kupi\u0107 najlepsz\u0105 map\u0119 topograficzn\u0105 Danii, DTK25. DTK25 to oficjalna narodowa mapa topograficzna w skali 1:25 000, wyprodukowana przez SDFE, du\u0144sk\u0105 organizacj\u0119 rz\u0105dow\u0105.<\/p>\r\n                    \r\n                <\/div> \r\n            <\/div>        \r\n        <\/div>\r\n        <div class=\"wow perch-fadeInUp fadeInUp fbox\" data-wow-delay=\"300ms\" data-wow-duration=\"1200ms\"> \r\n            <div class=\"fbox grey-color-box\">\r\n                <div class=\"grey-color-icon b-icon box-icon-md\"><span class=\" grey-color\"><\/span><\/div>  \r\n                <div class=\"fbox-txt\">    \r\n                    <h5 class=\"h5-sm\">cennik<\/h5>\r\n                    <p class=\"grey-color\">Kompletna mapa topograficzna Danii w Topo GPS kosztuje 3,99 \u20ac. To jednorazowy zakup. Uwzgl\u0119dniono bezp\u0142atne aktualizacje do\u017cywotnie. Mapa jest dost\u0119pna na wszystkich urz\u0105dzeniach korzystaj\u0105cych z tego samego Apple ID lub konta Google Play.<\/p>\r\n                    \r\n                <\/div> \r\n            <\/div>        \r\n        <\/div>[\/vc_column_inner][vc_column_inner width=&#8221;1\/2&#8243;]\r\n        <div class=\"wow perch-fadeInUp fadeInUp fbox\" data-wow-delay=\"300ms\" data-wow-duration=\"1200ms\"> \r\n            <div class=\"fbox grey-color-box\">\r\n                <div class=\"grey-color-icon b-icon box-icon-md\"><span class=\" grey-color\"><\/span><\/div>  \r\n                <div class=\"fbox-txt\">    \r\n                    <h5 class=\"h5-sm\">Mapy offline<\/h5>\r\n                    <p class=\"grey-color\">Mo\u017cesz udost\u0119pni\u0107 mapy topograficzne w trybie offline. W ten spos\u00f3b masz pewno\u015b\u0107, \u017ce potrzebne Ci mapy s\u0105 zawsze dost\u0119pne.<\/p>\r\n                    \r\n                <\/div> \r\n            <\/div>        \r\n        <\/div>\r\n        <div class=\"wow perch-fadeInUp fadeInUp fbox\" data-wow-delay=\"300ms\" data-wow-duration=\"1200ms\"> \r\n            <div class=\"fbox grey-color-box\">\r\n                <div class=\"grey-color-icon b-icon box-icon-md\"><span class=\" grey-color\"><\/span><\/div>  \r\n                <div class=\"fbox-txt\">    \r\n                    <h5 class=\"h5-sm\">Czysta legenda<\/h5>\r\n                    <p class=\"grey-color\">Mapa topograficzna posiada przejrzyst\u0105 legend\u0119 z obja\u015bnieniami wszystkich symboli.<\/p>\r\n                    \r\n                <\/div> \r\n            <\/div>        \r\n        <\/div>\r\n        <div class=\"wow perch-fadeInUp fadeInUp fbox\" data-wow-delay=\"300ms\" data-wow-duration=\"1200ms\"> \r\n            <div class=\"fbox grey-color-box\">\r\n                <div class=\"grey-color-icon b-icon box-icon-md\"><span class=\" grey-color\"><\/span><\/div>  \r\n                <div class=\"fbox-txt\">    \r\n                    <h5 class=\"h5-sm\">Aplikacja Topo GPS<\/h5>\r\n                    <p class=\"grey-color\">Aplikacja Topo GPS oferuje wiele dodatkowych przydatnych funkcji mapy topograficznej. Podobnie jak nawigacja, \u0142adowanie, planowanie i pod\u0105\u017canie trasami oraz dodawanie punkt\u00f3w do mapy. Topo GPS zawiera wszystkie funkcje zwyk\u0142ego urz\u0105dzenia GPS.<\/p>\r\n                    \r\n                <\/div> \r\n            <\/div>        \r\n        <\/div>[\/vc_column_inner][\/vc_row_inner][\/vc_column][\/vc_row][\/vc_section][vc_section][vc_row][vc_column]\r\n        <div class=\"section-title  wow perch-fadeInUp fadeInUp text-center\" data-wow-delay=\"300ms\" data-wow-duration=\"1200ms\">\r\n            <h2 class=\"h2-sm\">Kt\u00f3r\u0105 map\u0119 wolisz eksplorowa\u0107 w plenerze?<\/h2>\r\n            <p class=\"p-lg\">Por\u00f3wnaj siebie<\/p>         \r\n        <\/div>[vc_row_inner][vc_column_inner width=&#8221;1\/3&#8243;][vc_column_text]<\/p>\n<h3 style=\"text-align: center;\">Mapy Google<\/h3>\n<p>[\/vc_column_text][vc_single_image custom_src=&#8221;https:\/\/www.topo-gps.com\/wp-content\/uploads\/2022\/04\/dk-gm.jpg&#8221; external_img_size=&#8221;277&#215;560&#8243; alignment=&#8221;center&#8221;][\/vc_column_inner][vc_column_inner width=&#8221;1\/3&#8243;][vc_column_text]<\/p>\n<h3 style=\"text-align: center;\">Otw\u00f3rz map\u0119 ulic<\/h3>\n<p>[\/vc_column_text][vc_single_image custom_src=&#8221;https:\/\/www.topo-gps.com\/wp-content\/uploads\/2022\/04\/dk-osm.jpg&#8221; external_img_size=&#8221;277&#215;560&#8243; alignment=&#8221;center&#8221;][\/vc_column_inner][vc_column_inner width=&#8221;1\/3&#8243;][vc_column_text]<\/p>\n<h3 style=\"text-align: center;\">Mapa topograficzna<\/h3>\n<p>[\/vc_column_text][vc_single_image custom_src=&#8221;https:\/\/www.topo-gps.com\/wp-content\/uploads\/2022\/04\/dk-tg.jpg&#8221; external_img_size=&#8221;277&#215;560&#8243; alignment=&#8221;center&#8221;][\/vc_column_inner][\/vc_row_inner][\/vc_column][\/vc_row][\/vc_section][vc_section section_type=&#8221;hero&#8221; hero_type=&#8221;1&#8243; parallax_image_attachment=&#8221;fixed&#8221; padding_class=&#8221;&#8221;][vc_row content_placement=&#8221;&#8221; parallax_image_attachment=&#8221;inherit&#8221;][vc_column width=&#8221;1\/2&#8243; column_inner_style=&#8221;hero-txt&#8221; hero_txt_type=&#8221;1&#8243;]\r\n        <div class=\"hero-txt\"> \r\n            \r\n            <h2 class=\" wow perch-fadeInUp fadeInUp\" data-wow-delay=\"300ms\" data-wow-duration=\"1200ms\">Topo GPS<\/h2>         \r\n            <h3 class=\"h3-sm  wow perch-fadeInUp fadeInUp\" data-wow-delay=\"400ms\" data-wow-duration=\"1200ms\">Zmie\u0144 sw\u00f3j iPhone, telefon lub tablet z systemem Android we w pe\u0142ni funkcjonalne urz\u0105dzenie GPS z mapami topograficznymi dost\u0119pnymi w trybie offline.<\/h3>\r\n             \r\n            \r\n                        \r\n                        \r\n            \r\n                        \r\n                        \r\n                  \r\n        <\/div>[vc_row_inner][vc_column_inner width=&#8221;1\/2&#8243; css=&#8221;.vc_custom_1639605647058{padding-top: 10px !important;padding-bottom: 10px !important;}&#8221;]\r\n        <div class=\"hero-img  wow perch-fadeInUp fadeInUp text-center\" data-wow-delay=\"300ms\" data-wow-duration=\"1200ms\"> \r\n        <a href=\"https:\/\/apps.apple.com\/gb\/app\/topo-gps\/id578960575\" target=\"_self\" class=\"vc_single_image-wrapper  \"><img loading=\"lazy\" decoding=\"async\" class=\"vc_single_image-img img-fluid\" width=\"160\" height=\"50\"  src=\"https:\/\/www.topo-gps.com\/wp-content\/themes\/appset\/images\/appstore.png\" alt=\"External image\" \/><\/a>\r\n        <\/div>[\/vc_column_inner][vc_column_inner width=&#8221;1\/2&#8243; css=&#8221;.vc_custom_1639605658368{padding-top: 10px !important;padding-bottom: 10px !important;}&#8221;]\r\n        <div class=\"hero-img  wow perch-fadeInUp fadeInUp text-center\" data-wow-delay=\"300ms\" data-wow-duration=\"1200ms\"> \r\n        <a href=\"https:\/\/play.google.com\/store\/apps\/details?id=uk.rdzl.topo.gps&amp;hl=en\" target=\"_self\" class=\"vc_single_image-wrapper  \"><img loading=\"lazy\" decoding=\"async\" class=\"vc_single_image-img img-fluid\" width=\"171\" height=\"50\"  src=\"https:\/\/www.topo-gps.com\/wp-content\/themes\/appset\/images\/googleplay.png\" alt=\"External image\" \/><\/a>\r\n        <\/div>[\/vc_column_inner][\/vc_row_inner][\/vc_column][vc_column width=&#8221;1\/2&#8243;]\r\n        <div class=\"wow perch-fadeInRight fadeInRight hero-1-img\" data-wow-delay=\"300ms\" data-wow-duration=\"1200ms\"> \r\n        <img decoding=\"async\" class=\"vc_single_image-img img-fluid\"  src=\"https:\/\/www.topo-gps.com\/wp-content\/uploads\/2022\/04\/da-main-1-1.png\" alt=\"External image\" \/>\r\n        <\/div>[\/vc_column][\/vc_row][\/vc_section]<\/p>\n<\/div>","protected":false},"excerpt":{"rendered":"<p>[vc_section enable_inner=&#8221;yes&#8221; section_type=&#8221;hero&#8221; inner_margin_top=&#8221;mt-100&#8243; parallax_image_attachment=&#8221;inherit&#8221; padding_class=&#8221;wide-100&#8243; css=&#8221;.vc_custom_1649244704214{background-image: url(https:\/\/www.topo-gps.com\/wp-content\/uploads\/2022\/04\/9n8NC4jSx2uR.jpg?id=13244) !important;background-position: center !important;background-repeat: no-repeat !important;background-size: cover !important;}&#8221;][vc_row parallax_image_attachment=&#8221;inherit&#8221; css=&#8221;.vc_custom_1639602296513{padding-top: 20px !important;padding-bottom: 20px !important;}&#8221;][vc_column width=&#8221;1\/2&#8243; css=&#8221;.vc_custom_1639603345318{margin-bottom: 20px !important;}&#8221;][vc_row_inner][vc_column_inner width=&#8221;1\/2&#8243; css=&#8221;.vc_custom_1639605647058{padding-top: 10px !important;padding-bottom: 10px !important;}&#8221;][\/vc_column_inner][vc_column_inner width=&#8221;1\/2&#8243; css=&#8221;.vc_custom_1639605658368{padding-top: 10px !important;padding-bottom: 10px !important;}&#8221;][\/vc_column_inner][\/vc_row_inner][\/vc_column][vc_column width=&#8221;1\/2&#8243; css=&#8221;.vc_custom_1639603183972{padding-top: 40px !important;padding-bottom: 40px !important;}&#8221;][\/vc_column][\/vc_row][\/vc_section][vc_section][vc_row][vc_column][vc_column_text]Dania mo\u017ce nie jest znana ze swoich g\u00f3r i o\u015brodk\u00f3w narciarskich, ale wci\u0105\u017c oferuje wiele mo\u017cliwo\u015bci sp\u0119dzania czasu na \u015bwie\u017cym powietrzu. Kraj szczyci si\u0119 osza\u0142amiaj\u0105c\u0105 lini\u0105 brzegow\u0105 o d\u0142ugo\u015bci ponad 7300 km, co czyni go idealnym miejscem do uprawiania sport\u00f3w wodnych, takich jak sp\u0142ywy kajakowe, windsurfing i kiteboarding. Morze P\u00f3\u0142nocne i Morze Ba\u0142tyckie oferuj\u0105 jedne z najlepszych warunk\u00f3w&#8230;<\/p>\n","protected":false},"author":1,"featured_media":0,"parent":0,"menu_order":0,"comment_status":"closed","ping_status":"closed","template":"","meta":{"footnotes":""},"class_list":["post-23946","page","type-page","status-publish","hentry","no-post-thumbnail"],"yoast_head":"<!-- This site is optimized with the Yoast SEO plugin v27.5 - https:\/\/yoast.com\/product\/yoast-seo-wordpress\/ -->\n<title>Mapa topograficzna Danii - Topo GPS<\/title>\n<meta name=\"robots\" content=\"index, follow, max-snippet:-1, max-image-preview:large, max-video-preview:-1\" \/>\n<link rel=\"canonical\" href=\"https:\/\/www.topo-gps.com\/pl\/mapa-topograficzna-danii\/\" \/>\n<meta property=\"og:locale\" content=\"pl_PL\" \/>\n<meta property=\"og:type\" content=\"article\" \/>\n<meta property=\"og:title\" content=\"Mapa topograficzna Danii - Topo GPS\" \/>\n<meta property=\"og:description\" content=\"[vc_section enable_inner=&#8221;yes&#8221; section_type=&#8221;hero&#8221; inner_margin_top=&#8221;mt-100&#8243; parallax_image_attachment=&#8221;inherit&#8221; padding_class=&#8221;wide-100&#8243; css=&#8221;.vc_custom_1649244704214{background-image: url(https:\/\/www.topo-gps.com\/wp-content\/uploads\/2022\/04\/9n8NC4jSx2uR.jpg?id=13244) !important;background-position: center !important;background-repeat: no-repeat !important;background-size: cover !important;}&#8221;][vc_row parallax_image_attachment=&#8221;inherit&#8221; css=&#8221;.vc_custom_1639602296513{padding-top: 20px !important;padding-bottom: 20px !important;}&#8221;][vc_column width=&#8221;1\/2&#8243; css=&#8221;.vc_custom_1639603345318{margin-bottom: 20px !important;}&#8221;][vc_row_inner][vc_column_inner width=&#8221;1\/2&#8243; css=&#8221;.vc_custom_1639605647058{padding-top: 10px !important;padding-bottom: 10px !important;}&#8221;][\/vc_column_inner][vc_column_inner width=&#8221;1\/2&#8243; css=&#8221;.vc_custom_1639605658368{padding-top: 10px !important;padding-bottom: 10px !important;}&#8221;][\/vc_column_inner][\/vc_row_inner][\/vc_column][vc_column width=&#8221;1\/2&#8243; css=&#8221;.vc_custom_1639603183972{padding-top: 40px !important;padding-bottom: 40px !important;}&#8221;][\/vc_column][\/vc_row][\/vc_section][vc_section][vc_row][vc_column][vc_column_text]Dania mo\u017ce nie jest znana ze swoich g\u00f3r i o\u015brodk\u00f3w narciarskich, ale wci\u0105\u017c oferuje wiele mo\u017cliwo\u015bci sp\u0119dzania czasu na \u015bwie\u017cym powietrzu. Kraj szczyci si\u0119 osza\u0142amiaj\u0105c\u0105 lini\u0105 brzegow\u0105 o d\u0142ugo\u015bci ponad 7300 km, co czyni go idealnym miejscem do uprawiania sport\u00f3w wodnych, takich jak sp\u0142ywy kajakowe, windsurfing i kiteboarding. Morze P\u00f3\u0142nocne i Morze Ba\u0142tyckie oferuj\u0105 jedne z najlepszych warunk\u00f3w...\" \/>\n<meta property=\"og:url\" content=\"https:\/\/www.topo-gps.com\/pl\/mapa-topograficzna-danii\/\" \/>\n<meta property=\"og:site_name\" content=\"Topo GPS\" \/>\n<meta property=\"article:modified_time\" content=\"2023-03-12T20:55:44+00:00\" \/>\n<meta name=\"twitter:card\" content=\"summary_large_image\" \/>\n<meta name=\"twitter:label1\" content=\"Szacowany czas czytania\" \/>\n\t<meta name=\"twitter:data1\" content=\"6 minut\" \/>\n<script type=\"application\/ld+json\" class=\"yoast-schema-graph\">{\"@context\":\"https:\\\/\\\/schema.org\",\"@graph\":[{\"@type\":\"WebPage\",\"@id\":\"https:\\\/\\\/www.topo-gps.com\\\/pl\\\/mapa-topograficzna-danii\\\/\",\"url\":\"https:\\\/\\\/www.topo-gps.com\\\/pl\\\/mapa-topograficzna-danii\\\/\",\"name\":\"Mapa topograficzna Danii - Topo GPS\",\"isPartOf\":{\"@id\":\"https:\\\/\\\/www.topo-gps.com\\\/pl\\\/#website\"},\"datePublished\":\"2023-02-25T05:51:28+00:00\",\"dateModified\":\"2023-03-12T20:55:44+00:00\",\"breadcrumb\":{\"@id\":\"https:\\\/\\\/www.topo-gps.com\\\/pl\\\/mapa-topograficzna-danii\\\/#breadcrumb\"},\"inLanguage\":\"pl-PL\",\"potentialAction\":[{\"@type\":\"ReadAction\",\"target\":[\"https:\\\/\\\/www.topo-gps.com\\\/pl\\\/mapa-topograficzna-danii\\\/\"]}]},{\"@type\":\"BreadcrumbList\",\"@id\":\"https:\\\/\\\/www.topo-gps.com\\\/pl\\\/mapa-topograficzna-danii\\\/#breadcrumb\",\"itemListElement\":[{\"@type\":\"ListItem\",\"position\":1,\"name\":\"Home\",\"item\":\"https:\\\/\\\/www.topo-gps.com\\\/pl\\\/aplikacja-z-mapami-topograficznymi-na-iphonea-androida-i-apple-watch\\\/\"},{\"@type\":\"ListItem\",\"position\":2,\"name\":\"Mapa topograficzna Danii\"}]},{\"@type\":\"WebSite\",\"@id\":\"https:\\\/\\\/www.topo-gps.com\\\/pl\\\/#website\",\"url\":\"https:\\\/\\\/www.topo-gps.com\\\/pl\\\/\",\"name\":\"Topo GPS\",\"description\":\"Topographic maps GPS for iPhone, Android, iPad and Apple Watch\",\"potentialAction\":[{\"@type\":\"SearchAction\",\"target\":{\"@type\":\"EntryPoint\",\"urlTemplate\":\"https:\\\/\\\/www.topo-gps.com\\\/pl\\\/?s={search_term_string}\"},\"query-input\":{\"@type\":\"PropertyValueSpecification\",\"valueRequired\":true,\"valueName\":\"search_term_string\"}}],\"inLanguage\":\"pl-PL\"}]}<\/script>\n<!-- \/ Yoast SEO plugin. -->","yoast_head_json":{"title":"Mapa topograficzna Danii - Topo GPS","robots":{"index":"index","follow":"follow","max-snippet":"max-snippet:-1","max-image-preview":"max-image-preview:large","max-video-preview":"max-video-preview:-1"},"canonical":"https:\/\/www.topo-gps.com\/pl\/mapa-topograficzna-danii\/","og_locale":"pl_PL","og_type":"article","og_title":"Mapa topograficzna Danii - Topo GPS","og_description":"[vc_section enable_inner=&#8221;yes&#8221; section_type=&#8221;hero&#8221; inner_margin_top=&#8221;mt-100&#8243; parallax_image_attachment=&#8221;inherit&#8221; padding_class=&#8221;wide-100&#8243; css=&#8221;.vc_custom_1649244704214{background-image: url(https:\/\/www.topo-gps.com\/wp-content\/uploads\/2022\/04\/9n8NC4jSx2uR.jpg?id=13244) !important;background-position: center !important;background-repeat: no-repeat !important;background-size: cover !important;}&#8221;][vc_row parallax_image_attachment=&#8221;inherit&#8221; css=&#8221;.vc_custom_1639602296513{padding-top: 20px !important;padding-bottom: 20px !important;}&#8221;][vc_column width=&#8221;1\/2&#8243; css=&#8221;.vc_custom_1639603345318{margin-bottom: 20px !important;}&#8221;][vc_row_inner][vc_column_inner width=&#8221;1\/2&#8243; css=&#8221;.vc_custom_1639605647058{padding-top: 10px !important;padding-bottom: 10px !important;}&#8221;][\/vc_column_inner][vc_column_inner width=&#8221;1\/2&#8243; css=&#8221;.vc_custom_1639605658368{padding-top: 10px !important;padding-bottom: 10px !important;}&#8221;][\/vc_column_inner][\/vc_row_inner][\/vc_column][vc_column width=&#8221;1\/2&#8243; css=&#8221;.vc_custom_1639603183972{padding-top: 40px !important;padding-bottom: 40px !important;}&#8221;][\/vc_column][\/vc_row][\/vc_section][vc_section][vc_row][vc_column][vc_column_text]Dania mo\u017ce nie jest znana ze swoich g\u00f3r i o\u015brodk\u00f3w narciarskich, ale wci\u0105\u017c oferuje wiele mo\u017cliwo\u015bci sp\u0119dzania czasu na \u015bwie\u017cym powietrzu. Kraj szczyci si\u0119 osza\u0142amiaj\u0105c\u0105 lini\u0105 brzegow\u0105 o d\u0142ugo\u015bci ponad 7300 km, co czyni go idealnym miejscem do uprawiania sport\u00f3w wodnych, takich jak sp\u0142ywy kajakowe, windsurfing i kiteboarding. Morze P\u00f3\u0142nocne i Morze Ba\u0142tyckie oferuj\u0105 jedne z najlepszych warunk\u00f3w...","og_url":"https:\/\/www.topo-gps.com\/pl\/mapa-topograficzna-danii\/","og_site_name":"Topo GPS","article_modified_time":"2023-03-12T20:55:44+00:00","twitter_card":"summary_large_image","twitter_misc":{"Szacowany czas czytania":"6 minut"},"schema":{"@context":"https:\/\/schema.org","@graph":[{"@type":"WebPage","@id":"https:\/\/www.topo-gps.com\/pl\/mapa-topograficzna-danii\/","url":"https:\/\/www.topo-gps.com\/pl\/mapa-topograficzna-danii\/","name":"Mapa topograficzna Danii - Topo GPS","isPartOf":{"@id":"https:\/\/www.topo-gps.com\/pl\/#website"},"datePublished":"2023-02-25T05:51:28+00:00","dateModified":"2023-03-12T20:55:44+00:00","breadcrumb":{"@id":"https:\/\/www.topo-gps.com\/pl\/mapa-topograficzna-danii\/#breadcrumb"},"inLanguage":"pl-PL","potentialAction":[{"@type":"ReadAction","target":["https:\/\/www.topo-gps.com\/pl\/mapa-topograficzna-danii\/"]}]},{"@type":"BreadcrumbList","@id":"https:\/\/www.topo-gps.com\/pl\/mapa-topograficzna-danii\/#breadcrumb","itemListElement":[{"@type":"ListItem","position":1,"name":"Home","item":"https:\/\/www.topo-gps.com\/pl\/aplikacja-z-mapami-topograficznymi-na-iphonea-androida-i-apple-watch\/"},{"@type":"ListItem","position":2,"name":"Mapa topograficzna Danii"}]},{"@type":"WebSite","@id":"https:\/\/www.topo-gps.com\/pl\/#website","url":"https:\/\/www.topo-gps.com\/pl\/","name":"Topo GPS","description":"Topographic maps GPS for iPhone, Android, iPad and Apple Watch","potentialAction":[{"@type":"SearchAction","target":{"@type":"EntryPoint","urlTemplate":"https:\/\/www.topo-gps.com\/pl\/?s={search_term_string}"},"query-input":{"@type":"PropertyValueSpecification","valueRequired":true,"valueName":"search_term_string"}}],"inLanguage":"pl-PL"}]}},"_links":{"self":[{"href":"https:\/\/www.topo-gps.com\/pl\/wp-json\/wp\/v2\/pages\/23946","targetHints":{"allow":["GET"]}}],"collection":[{"href":"https:\/\/www.topo-gps.com\/pl\/wp-json\/wp\/v2\/pages"}],"about":[{"href":"https:\/\/www.topo-gps.com\/pl\/wp-json\/wp\/v2\/types\/page"}],"author":[{"embeddable":true,"href":"https:\/\/www.topo-gps.com\/pl\/wp-json\/wp\/v2\/users\/1"}],"replies":[{"embeddable":true,"href":"https:\/\/www.topo-gps.com\/pl\/wp-json\/wp\/v2\/comments?post=23946"}],"version-history":[{"count":0,"href":"https:\/\/www.topo-gps.com\/pl\/wp-json\/wp\/v2\/pages\/23946\/revisions"}],"wp:attachment":[{"href":"https:\/\/www.topo-gps.com\/pl\/wp-json\/wp\/v2\/media?parent=23946"}],"curies":[{"name":"wp","href":"https:\/\/api.w.org\/{rel}","templated":true}]}}