{"id":23910,"date":"2023-02-25T06:51:21","date_gmt":"2023-02-25T05:51:21","guid":{"rendered":"https:\/\/www.topo-gps.com\/mapa-topograficzna-niemiec\/"},"modified":"2023-03-17T21:27:41","modified_gmt":"2023-03-17T20:27:41","slug":"mapa-topograficzna-niemiec","status":"publish","type":"page","link":"https:\/\/www.topo-gps.com\/pl\/mapa-topograficzna-niemiec\/","title":{"rendered":"Mapa topograficzna Niemiec"},"content":{"rendered":"<div class=\"wpb-content-wrapper\"><p>[vc_section enable_inner=&#8221;yes&#8221; section_type=&#8221;hero&#8221; inner_margin_top=&#8221;mt-100&#8243; parallax_image_attachment=&#8221;inherit&#8221; padding_class=&#8221;wide-100&#8243; css=&#8221;.vc_custom_1649244033354{background-image: url(https:\/\/www.topo-gps.com\/wp-content\/uploads\/2022\/04\/8JPDYnF9i2zh.jpg?id=13048) !important;background-position: center !important;background-repeat: no-repeat !important;background-size: cover !important;}&#8221;][vc_row parallax_image_attachment=&#8221;inherit&#8221; css=&#8221;.vc_custom_1639602296513{padding-top: 20px !important;padding-bottom: 20px !important;}&#8221;][vc_column width=&#8221;1\/2&#8243; css=&#8221;.vc_custom_1639603345318{margin-bottom: 20px !important;}&#8221;]\r\n        <div class=\"vc_custom_1649242260022  hero-txt\"> \r\n            \r\n                     \r\n            <h3 class=\"white-color h3-sm none  wow perch-fadeInUp fadeInUp\" style=\"font-weight: bold;\" data-wow-delay=\"300ms\" data-wow-duration=\"1200ms\">Mapa topograficzna Niemiec na iPhone'a, telefon z Androidem i Apple Watch<\/h3>\r\n             \r\n            \r\n                        \r\n                        \r\n            \r\n                        \r\n                        \r\n                  \r\n        <\/div>[vc_row_inner][vc_column_inner width=&#8221;1\/2&#8243; css=&#8221;.vc_custom_1639605647058{padding-top: 10px !important;padding-bottom: 10px !important;}&#8221;]\r\n        <div class=\"hero-img  wow perch-fadeInUp fadeInUp text-center\" data-wow-delay=\"300ms\" data-wow-duration=\"1200ms\"> \r\n        <a href=\"https:\/\/apps.apple.com\/gb\/app\/topo-gps\/id578960575\" target=\"_self\" class=\"vc_single_image-wrapper  \"><img loading=\"lazy\" decoding=\"async\" class=\"vc_single_image-img img-fluid\" width=\"160\" height=\"50\"  src=\"https:\/\/www.topo-gps.com\/wp-content\/themes\/appset\/images\/appstore.png\" alt=\"External image\" \/><\/a>\r\n        <\/div>[\/vc_column_inner][vc_column_inner width=&#8221;1\/2&#8243; css=&#8221;.vc_custom_1639605658368{padding-top: 10px !important;padding-bottom: 10px !important;}&#8221;]\r\n        <div class=\"hero-img  wow perch-fadeInUp fadeInUp text-center\" data-wow-delay=\"300ms\" data-wow-duration=\"1200ms\"> \r\n        <a href=\"https:\/\/play.google.com\/store\/apps\/details?id=uk.rdzl.topo.gps&amp;hl=en\" target=\"_self\" class=\"vc_single_image-wrapper  \"><img loading=\"lazy\" decoding=\"async\" class=\"vc_single_image-img img-fluid\" width=\"171\" height=\"50\"  src=\"https:\/\/www.topo-gps.com\/wp-content\/themes\/appset\/images\/googleplay.png\" alt=\"External image\" \/><\/a>\r\n        <\/div>[\/vc_column_inner][\/vc_row_inner][\/vc_column][vc_column width=&#8221;1\/2&#8243; css=&#8221;.vc_custom_1639603183972{padding-top: 40px !important;padding-bottom: 40px !important;}&#8221;]\r\n        <div class=\"hero-img  wow perch-fadeInUp fadeInUp\" data-wow-delay=\"300ms\" data-wow-duration=\"1200ms\"> \r\n        <img loading=\"lazy\" decoding=\"async\" class=\"vc_single_image-img img-fluid\" width=\"560\" height=\"604\"  src=\"https:\/\/www.topo-gps.com\/wp-content\/uploads\/2022\/04\/de-map1.png\" alt=\"External image\" \/>\r\n        <\/div>[\/vc_column][\/vc_row][\/vc_section][vc_section][vc_row][vc_column]\r\n        <div class=\"section-title  wow perch-fadeInUp fadeInUp text-center\" data-wow-delay=\"300ms\" data-wow-duration=\"1200ms\">\r\n            <h2 class=\"h2-sm\">Najlepsze mapy terenowe dla Niemiec<\/h2>\r\n            <p class=\"p-lg\">Oficjalne mapy topograficzne DTK25 to najlepsze mapy terenowe dla Niemiec.<\/p>         \r\n        <\/div>[vc_column_text]Niemcy to kraj o ogromnym pi\u0119knie naturalnym, oferuj\u0105cy odwiedzaj\u0105cym szeroki wachlarz zaj\u0119\u0107 na \u015bwie\u017cym powietrzu, kt\u00f3rymi mo\u017cna si\u0119 cieszy\u0107 przez ca\u0142y rok. Od pieszych w\u0119dr\u00f3wek i jazdy na rowerze po narciarstwo i sporty wodne \u2014 w Niemczech zawsze jest co\u015b do zrobienia na \u015bwie\u017cym powietrzu.<\/p>\n<p>Piesze w\u0119dr\u00f3wki to popularna aktywno\u015b\u0107 w Niemczech, z ponad 200 000 km dobrze utrzymanych szlak\u00f3w, kt\u00f3re prowadz\u0105 go\u015bci przez jedne z najpi\u0119kniejszych krajobraz\u00f3w kraju. Na przyk\u0142ad Schwarzwald jest popularnym celem w\u0119dr\u00f3wek pieszych i oferuje wspania\u0142e widoki na faluj\u0105ce wzg\u00f3rza i g\u0119ste lasy. Inne popularne miejsca na w\u0119dr\u00f3wki to Alpy Bawarskie i g\u00f3ry Harz.<\/p>\n<p>Jazda na rowerze jest r\u00f3wnie\u017c popularnym zaj\u0119ciem w Niemczech, z licznymi malowniczymi trasami rowerowymi, kt\u00f3re prowadz\u0105 go\u015bci przez malownicze miasteczka i zachwycaj\u0105ce krajobrazy. Na przyk\u0142ad Szlak Romantyczny to popularna trasa rowerowa, kt\u00f3ra prowadzi przez malownicze miasta i wioski Bawarii i Badenii-Wirtembergii.<\/p>\n<p>Zim\u0105 Niemcy s\u0105 popularnym celem narciarstwa i innych sport\u00f3w zimowych, z licznymi \u015bwiatowej klasy o\u015brodkami narciarskimi w Alpach Bawarskich i Schwarzwaldzie. Na przyk\u0142ad Zugspitze to najwy\u017cszy szczyt Niemiec i popularny cel narciarstwa i snowboardu.<\/p>\n<p>Liczne niemieckie jeziora i rzeki oferuj\u0105 r\u00f3wnie\u017c wiele mo\u017cliwo\u015bci uprawiania sport\u00f3w wodnych, takich jak p\u0142ywanie, sp\u0142ywy kajakowe i sp\u0142ywy kajakowe. Na przyk\u0142ad Pojezierze Meklemburskie jest popularnym celem sport\u00f3w wodnych i oferuje ponad 2000 jezior do zwiedzania.<\/p>\n<p>Og\u00f3lnie rzecz bior\u0105c, zr\u00f3\u017cnicowane krajobrazy Niemiec, bogata historia i dobrze rozwini\u0119ta infrastruktura sprawiaj\u0105, \u017ce jest to obowi\u0105zkowe miejsce dla entuzjast\u00f3w outdooru. Niezale\u017cnie od tego, czy chodzi o piesze w\u0119dr\u00f3wki, jazd\u0119 na rowerze, jazd\u0119 na nartach czy sporty wodne, w Niemczech zawsze jest co\u015b do zrobienia na \u015bwie\u017cym powietrzu.[\/vc_column_text][\/vc_column][\/vc_row][vc_row][vc_column width=&#8221;1\/2&#8243;][vc_single_image custom_src=&#8221;https:\/\/www.topo-gps.com\/wp-content\/uploads\/2022\/04\/de-map2-1.jpg&#8221; external_img_size=&#8221;391&#215;600&#8243; alignment=&#8221;center&#8221;][\/vc_column][vc_column width=&#8221;1\/2&#8243;][vc_row_inner][vc_column_inner width=&#8221;1\/2&#8243;]\r\n        <div class=\"wow perch-fadeInUp fadeInUp fbox\" data-wow-delay=\"300ms\" data-wow-duration=\"1200ms\"> \r\n            <div class=\"fbox grey-color-box\">\r\n                <div class=\"grey-color-icon b-icon box-icon-md\"><span class=\" grey-color\"><\/span><\/div>  \r\n                <div class=\"fbox-txt\">    \r\n                    <h5 class=\"h5-sm\">Mapa topograficzna<\/h5>\r\n                    <p class=\"grey-color\">Mapa topograficzna zawiera wiele szczeg\u00f3\u0142\u00f3w, takich jak poziomice, ma\u0142e drogi i zagospodarowanie terenu, dzi\u0119ki czemu idealnie nadaje si\u0119 do nawigacji na zewn\u0105trz.<\/p>\r\n                    \r\n                <\/div> \r\n            <\/div>        \r\n        <\/div>\r\n        <div class=\"wow perch-fadeInUp fadeInUp fbox\" data-wow-delay=\"300ms\" data-wow-duration=\"1200ms\"> \r\n            <div class=\"fbox grey-color-box\">\r\n                <div class=\"grey-color-icon b-icon box-icon-md\"><span class=\" grey-color\"><\/span><\/div>  \r\n                <div class=\"fbox-txt\">    \r\n                    <h5 class=\"h5-sm\">DTK25<\/h5>\r\n                    <p class=\"grey-color\">W Topo GPS mo\u017cesz kupi\u0107 najlepsz\u0105 map\u0119 topograficzn\u0105 Niemiec w skali 1:25 000. DTK25. Mapy te s\u0105 produkowane przez departamenty geodezyjne land\u00f3w niemieckich.<\/p>\r\n                    \r\n                <\/div> \r\n            <\/div>        \r\n        <\/div>\r\n        <div class=\"wow perch-fadeInUp fadeInUp fbox\" data-wow-delay=\"300ms\" data-wow-duration=\"1200ms\"> \r\n            <div class=\"fbox grey-color-box\">\r\n                <div class=\"grey-color-icon b-icon box-icon-md\"><span class=\" grey-color\"><\/span><\/div>  \r\n                <div class=\"fbox-txt\">    \r\n                    <h5 class=\"h5-sm\">cennik<\/h5>\r\n                    <p class=\"grey-color\">Pe\u0142ny dost\u0119p do mapy topograficznej ca\u0142ych Niemiec DTK25 kosztuje 3,99 \u20ac. Uwzgl\u0119dniono bezp\u0142atne aktualizacje do\u017cywotnie.<\/p>\r\n                    \r\n                <\/div> \r\n            <\/div>        \r\n        <\/div>[\/vc_column_inner][vc_column_inner width=&#8221;1\/2&#8243;]\r\n        <div class=\"wow perch-fadeInUp fadeInUp fbox\" data-wow-delay=\"300ms\" data-wow-duration=\"1200ms\"> \r\n            <div class=\"fbox grey-color-box\">\r\n                <div class=\"grey-color-icon b-icon box-icon-md\"><span class=\" grey-color\"><\/span><\/div>  \r\n                <div class=\"fbox-txt\">    \r\n                    <h5 class=\"h5-sm\">Mapy offline<\/h5>\r\n                    <p class=\"grey-color\">Mo\u017cesz udost\u0119pni\u0107 mapy topograficzne w trybie offline. W ten spos\u00f3b masz pewno\u015b\u0107, \u017ce potrzebne Ci mapy s\u0105 zawsze dost\u0119pne.<\/p>\r\n                    \r\n                <\/div> \r\n            <\/div>        \r\n        <\/div>\r\n        <div class=\"wow perch-fadeInUp fadeInUp fbox\" data-wow-delay=\"300ms\" data-wow-duration=\"1200ms\"> \r\n            <div class=\"fbox grey-color-box\">\r\n                <div class=\"grey-color-icon b-icon box-icon-md\"><span class=\" grey-color\"><\/span><\/div>  \r\n                <div class=\"fbox-txt\">    \r\n                    <h5 class=\"h5-sm\">Czysta legenda<\/h5>\r\n                    <p class=\"grey-color\">Mapa topograficzna posiada przejrzyst\u0105 legend\u0119 z obja\u015bnieniami wszystkich symboli.<\/p>\r\n                    \r\n                <\/div> \r\n            <\/div>        \r\n        <\/div>\r\n        <div class=\"wow perch-fadeInUp fadeInUp fbox\" data-wow-delay=\"300ms\" data-wow-duration=\"1200ms\"> \r\n            <div class=\"fbox grey-color-box\">\r\n                <div class=\"grey-color-icon b-icon box-icon-md\"><span class=\" grey-color\"><\/span><\/div>  \r\n                <div class=\"fbox-txt\">    \r\n                    <h5 class=\"h5-sm\">Aplikacja Topo GPS<\/h5>\r\n                    <p class=\"grey-color\">Aplikacja Topo GPS oferuje wiele dodatkowych przydatnych funkcji mapy topograficznej. Podobnie jak nawigacja, \u0142adowanie, planowanie i pod\u0105\u017canie trasami oraz dodawanie punkt\u00f3w do mapy. Topo GPS zawiera wszystkie funkcje zwyk\u0142ego urz\u0105dzenia GPS.<\/p>\r\n                    \r\n                <\/div> \r\n            <\/div>        \r\n        <\/div>[\/vc_column_inner][\/vc_row_inner][\/vc_column][\/vc_row][\/vc_section][vc_section][vc_row][vc_column]\r\n        <div class=\"section-title  wow perch-fadeInUp fadeInUp text-center\" data-wow-delay=\"300ms\" data-wow-duration=\"1200ms\">\r\n            <h2 class=\"h2-sm\">Kt\u00f3r\u0105 map\u0119 wolisz eksplorowa\u0107 w plenerze?<\/h2>\r\n            <p class=\"p-lg\">Por\u00f3wnaj siebie<\/p>         \r\n        <\/div>[vc_row_inner][vc_column_inner width=&#8221;1\/3&#8243;][vc_column_text]<\/p>\n<h3 style=\"text-align: center;\">Mapy Google<\/h3>\n<p>[\/vc_column_text][vc_single_image custom_src=&#8221;https:\/\/www.topo-gps.com\/wp-content\/uploads\/2022\/04\/de-gm.jpg&#8221; external_img_size=&#8221;277&#215;560&#8243; alignment=&#8221;center&#8221;][\/vc_column_inner][vc_column_inner width=&#8221;1\/3&#8243;][vc_column_text]<\/p>\n<h3 style=\"text-align: center;\">Otw\u00f3rz map\u0119 ulic<\/h3>\n<p>[\/vc_column_text][vc_single_image custom_src=&#8221;https:\/\/www.topo-gps.com\/wp-content\/uploads\/2022\/04\/de-osm.jpg&#8221; external_img_size=&#8221;277&#215;560&#8243; alignment=&#8221;center&#8221;][\/vc_column_inner][vc_column_inner width=&#8221;1\/3&#8243;][vc_column_text]<\/p>\n<h3 style=\"text-align: center;\">Mapa topograficzna<\/h3>\n<p>[\/vc_column_text][vc_single_image custom_src=&#8221;https:\/\/www.topo-gps.com\/wp-content\/uploads\/2022\/04\/de-tg.jpg&#8221; external_img_size=&#8221;277&#215;560&#8243; alignment=&#8221;center&#8221;][\/vc_column_inner][\/vc_row_inner][\/vc_column][\/vc_row][\/vc_section][vc_section section_type=&#8221;hero&#8221; hero_type=&#8221;1&#8243; parallax_image_attachment=&#8221;fixed&#8221; padding_class=&#8221;&#8221;][vc_row content_placement=&#8221;&#8221; parallax_image_attachment=&#8221;inherit&#8221;][vc_column width=&#8221;1\/2&#8243; column_inner_style=&#8221;hero-txt&#8221; hero_txt_type=&#8221;1&#8243;]\r\n        <div class=\"hero-txt\"> \r\n            \r\n            <h2 class=\" wow perch-fadeInUp fadeInUp\" data-wow-delay=\"300ms\" data-wow-duration=\"1200ms\">Topo GPS<\/h2>         \r\n            <h3 class=\"h3-sm  wow perch-fadeInUp fadeInUp\" data-wow-delay=\"400ms\" data-wow-duration=\"1200ms\">Zmie\u0144 sw\u00f3j iPhone, telefon lub tablet z systemem Android we w pe\u0142ni funkcjonalne urz\u0105dzenie GPS z mapami topograficznymi dost\u0119pnymi w trybie offline.<\/h3>\r\n             \r\n            \r\n                        \r\n                        \r\n            \r\n                        \r\n                        \r\n                  \r\n        <\/div>[vc_row_inner][vc_column_inner width=&#8221;1\/2&#8243; css=&#8221;.vc_custom_1639605647058{padding-top: 10px !important;padding-bottom: 10px !important;}&#8221;]\r\n        <div class=\"hero-img  wow perch-fadeInUp fadeInUp text-center\" data-wow-delay=\"300ms\" data-wow-duration=\"1200ms\"> \r\n        <a href=\"https:\/\/apps.apple.com\/gb\/app\/topo-gps\/id578960575\" target=\"_self\" class=\"vc_single_image-wrapper  \"><img loading=\"lazy\" decoding=\"async\" class=\"vc_single_image-img img-fluid\" width=\"160\" height=\"50\"  src=\"https:\/\/www.topo-gps.com\/wp-content\/themes\/appset\/images\/appstore.png\" alt=\"External image\" \/><\/a>\r\n        <\/div>[\/vc_column_inner][vc_column_inner width=&#8221;1\/2&#8243; css=&#8221;.vc_custom_1639605658368{padding-top: 10px !important;padding-bottom: 10px !important;}&#8221;]\r\n        <div class=\"hero-img  wow perch-fadeInUp fadeInUp text-center\" data-wow-delay=\"300ms\" data-wow-duration=\"1200ms\"> \r\n        <a href=\"https:\/\/play.google.com\/store\/apps\/details?id=uk.rdzl.topo.gps&amp;hl=en\" target=\"_self\" class=\"vc_single_image-wrapper  \"><img loading=\"lazy\" decoding=\"async\" class=\"vc_single_image-img img-fluid\" width=\"171\" height=\"50\"  src=\"https:\/\/www.topo-gps.com\/wp-content\/themes\/appset\/images\/googleplay.png\" alt=\"External image\" \/><\/a>\r\n        <\/div>[\/vc_column_inner][\/vc_row_inner][\/vc_column][vc_column width=&#8221;1\/2&#8243;]\r\n        <div class=\"wow perch-fadeInRight fadeInRight hero-1-img\" data-wow-delay=\"300ms\" data-wow-duration=\"1200ms\"> \r\n        <img decoding=\"async\" class=\"vc_single_image-img img-fluid\"  src=\"https:\/\/www.topo-gps.com\/wp-content\/uploads\/2022\/04\/de-main-1-1.png\" alt=\"External image\" \/>\r\n        <\/div>[\/vc_column][\/vc_row][\/vc_section]<\/p>\n<\/div>","protected":false},"excerpt":{"rendered":"<p>[vc_section enable_inner=&#8221;yes&#8221; section_type=&#8221;hero&#8221; inner_margin_top=&#8221;mt-100&#8243; parallax_image_attachment=&#8221;inherit&#8221; padding_class=&#8221;wide-100&#8243; css=&#8221;.vc_custom_1649244033354{background-image: url(https:\/\/www.topo-gps.com\/wp-content\/uploads\/2022\/04\/8JPDYnF9i2zh.jpg?id=13048) !important;background-position: center !important;background-repeat: no-repeat !important;background-size: cover !important;}&#8221;][vc_row parallax_image_attachment=&#8221;inherit&#8221; css=&#8221;.vc_custom_1639602296513{padding-top: 20px !important;padding-bottom: 20px !important;}&#8221;][vc_column width=&#8221;1\/2&#8243; css=&#8221;.vc_custom_1639603345318{margin-bottom: 20px !important;}&#8221;][vc_row_inner][vc_column_inner width=&#8221;1\/2&#8243; css=&#8221;.vc_custom_1639605647058{padding-top: 10px !important;padding-bottom: 10px !important;}&#8221;][\/vc_column_inner][vc_column_inner width=&#8221;1\/2&#8243; css=&#8221;.vc_custom_1639605658368{padding-top: 10px !important;padding-bottom: 10px !important;}&#8221;][\/vc_column_inner][\/vc_row_inner][\/vc_column][vc_column width=&#8221;1\/2&#8243; css=&#8221;.vc_custom_1639603183972{padding-top: 40px !important;padding-bottom: 40px !important;}&#8221;][\/vc_column][\/vc_row][\/vc_section][vc_section][vc_row][vc_column][vc_column_text]Niemcy to kraj o ogromnym pi\u0119knie naturalnym, oferuj\u0105cy odwiedzaj\u0105cym szeroki wachlarz zaj\u0119\u0107 na \u015bwie\u017cym powietrzu, kt\u00f3rymi mo\u017cna si\u0119 cieszy\u0107 przez ca\u0142y rok. Od pieszych w\u0119dr\u00f3wek i jazdy na rowerze po narciarstwo i sporty wodne \u2014 w Niemczech zawsze jest co\u015b do zrobienia na \u015bwie\u017cym powietrzu. Piesze w\u0119dr\u00f3wki to popularna aktywno\u015b\u0107 w Niemczech, z ponad 200 000 km dobrze&#8230;<\/p>\n","protected":false},"author":1,"featured_media":0,"parent":0,"menu_order":0,"comment_status":"closed","ping_status":"closed","template":"","meta":{"footnotes":""},"class_list":["post-23910","page","type-page","status-publish","hentry","no-post-thumbnail"],"yoast_head":"<!-- This site is optimized with the Yoast SEO plugin v27.6 - https:\/\/yoast.com\/product\/yoast-seo-wordpress\/ -->\n<title>Mapa topograficzna Niemiec - Topo GPS<\/title>\n<meta name=\"robots\" content=\"index, follow, max-snippet:-1, max-image-preview:large, max-video-preview:-1\" \/>\n<link rel=\"canonical\" href=\"https:\/\/www.topo-gps.com\/pl\/mapa-topograficzna-niemiec\/\" \/>\n<meta property=\"og:locale\" content=\"pl_PL\" \/>\n<meta property=\"og:type\" content=\"article\" \/>\n<meta property=\"og:title\" content=\"Mapa topograficzna Niemiec - Topo GPS\" \/>\n<meta property=\"og:description\" content=\"[vc_section enable_inner=&#8221;yes&#8221; section_type=&#8221;hero&#8221; inner_margin_top=&#8221;mt-100&#8243; parallax_image_attachment=&#8221;inherit&#8221; padding_class=&#8221;wide-100&#8243; css=&#8221;.vc_custom_1649244033354{background-image: url(https:\/\/www.topo-gps.com\/wp-content\/uploads\/2022\/04\/8JPDYnF9i2zh.jpg?id=13048) !important;background-position: center !important;background-repeat: no-repeat !important;background-size: cover !important;}&#8221;][vc_row parallax_image_attachment=&#8221;inherit&#8221; css=&#8221;.vc_custom_1639602296513{padding-top: 20px !important;padding-bottom: 20px !important;}&#8221;][vc_column width=&#8221;1\/2&#8243; css=&#8221;.vc_custom_1639603345318{margin-bottom: 20px !important;}&#8221;][vc_row_inner][vc_column_inner width=&#8221;1\/2&#8243; css=&#8221;.vc_custom_1639605647058{padding-top: 10px !important;padding-bottom: 10px !important;}&#8221;][\/vc_column_inner][vc_column_inner width=&#8221;1\/2&#8243; css=&#8221;.vc_custom_1639605658368{padding-top: 10px !important;padding-bottom: 10px !important;}&#8221;][\/vc_column_inner][\/vc_row_inner][\/vc_column][vc_column width=&#8221;1\/2&#8243; css=&#8221;.vc_custom_1639603183972{padding-top: 40px !important;padding-bottom: 40px !important;}&#8221;][\/vc_column][\/vc_row][\/vc_section][vc_section][vc_row][vc_column][vc_column_text]Niemcy to kraj o ogromnym pi\u0119knie naturalnym, oferuj\u0105cy odwiedzaj\u0105cym szeroki wachlarz zaj\u0119\u0107 na \u015bwie\u017cym powietrzu, kt\u00f3rymi mo\u017cna si\u0119 cieszy\u0107 przez ca\u0142y rok. Od pieszych w\u0119dr\u00f3wek i jazdy na rowerze po narciarstwo i sporty wodne \u2014 w Niemczech zawsze jest co\u015b do zrobienia na \u015bwie\u017cym powietrzu. Piesze w\u0119dr\u00f3wki to popularna aktywno\u015b\u0107 w Niemczech, z ponad 200 000 km dobrze...\" \/>\n<meta property=\"og:url\" content=\"https:\/\/www.topo-gps.com\/pl\/mapa-topograficzna-niemiec\/\" \/>\n<meta property=\"og:site_name\" content=\"Topo GPS\" \/>\n<meta property=\"article:modified_time\" content=\"2023-03-17T20:27:41+00:00\" \/>\n<meta name=\"twitter:card\" content=\"summary_large_image\" \/>\n<meta name=\"twitter:label1\" content=\"Szacowany czas czytania\" \/>\n\t<meta name=\"twitter:data1\" content=\"6 minut\" \/>\n<script type=\"application\/ld+json\" class=\"yoast-schema-graph\">{\"@context\":\"https:\\\/\\\/schema.org\",\"@graph\":[{\"@type\":\"WebPage\",\"@id\":\"https:\\\/\\\/www.topo-gps.com\\\/pl\\\/mapa-topograficzna-niemiec\\\/\",\"url\":\"https:\\\/\\\/www.topo-gps.com\\\/pl\\\/mapa-topograficzna-niemiec\\\/\",\"name\":\"Mapa topograficzna Niemiec - Topo GPS\",\"isPartOf\":{\"@id\":\"https:\\\/\\\/www.topo-gps.com\\\/pl\\\/#website\"},\"datePublished\":\"2023-02-25T05:51:21+00:00\",\"dateModified\":\"2023-03-17T20:27:41+00:00\",\"breadcrumb\":{\"@id\":\"https:\\\/\\\/www.topo-gps.com\\\/pl\\\/mapa-topograficzna-niemiec\\\/#breadcrumb\"},\"inLanguage\":\"pl-PL\",\"potentialAction\":[{\"@type\":\"ReadAction\",\"target\":[\"https:\\\/\\\/www.topo-gps.com\\\/pl\\\/mapa-topograficzna-niemiec\\\/\"]}]},{\"@type\":\"BreadcrumbList\",\"@id\":\"https:\\\/\\\/www.topo-gps.com\\\/pl\\\/mapa-topograficzna-niemiec\\\/#breadcrumb\",\"itemListElement\":[{\"@type\":\"ListItem\",\"position\":1,\"name\":\"Home\",\"item\":\"https:\\\/\\\/www.topo-gps.com\\\/pl\\\/aplikacja-z-mapami-topograficznymi-na-iphonea-androida-i-apple-watch\\\/\"},{\"@type\":\"ListItem\",\"position\":2,\"name\":\"Mapa topograficzna Niemiec\"}]},{\"@type\":\"WebSite\",\"@id\":\"https:\\\/\\\/www.topo-gps.com\\\/pl\\\/#website\",\"url\":\"https:\\\/\\\/www.topo-gps.com\\\/pl\\\/\",\"name\":\"Topo GPS\",\"description\":\"Topographic maps GPS for iPhone, Android, iPad and Apple Watch\",\"potentialAction\":[{\"@type\":\"SearchAction\",\"target\":{\"@type\":\"EntryPoint\",\"urlTemplate\":\"https:\\\/\\\/www.topo-gps.com\\\/pl\\\/?s={search_term_string}\"},\"query-input\":{\"@type\":\"PropertyValueSpecification\",\"valueRequired\":true,\"valueName\":\"search_term_string\"}}],\"inLanguage\":\"pl-PL\"}]}<\/script>\n<!-- \/ Yoast SEO plugin. -->","yoast_head_json":{"title":"Mapa topograficzna Niemiec - Topo GPS","robots":{"index":"index","follow":"follow","max-snippet":"max-snippet:-1","max-image-preview":"max-image-preview:large","max-video-preview":"max-video-preview:-1"},"canonical":"https:\/\/www.topo-gps.com\/pl\/mapa-topograficzna-niemiec\/","og_locale":"pl_PL","og_type":"article","og_title":"Mapa topograficzna Niemiec - Topo GPS","og_description":"[vc_section enable_inner=&#8221;yes&#8221; section_type=&#8221;hero&#8221; inner_margin_top=&#8221;mt-100&#8243; parallax_image_attachment=&#8221;inherit&#8221; padding_class=&#8221;wide-100&#8243; css=&#8221;.vc_custom_1649244033354{background-image: url(https:\/\/www.topo-gps.com\/wp-content\/uploads\/2022\/04\/8JPDYnF9i2zh.jpg?id=13048) !important;background-position: center !important;background-repeat: no-repeat !important;background-size: cover !important;}&#8221;][vc_row parallax_image_attachment=&#8221;inherit&#8221; css=&#8221;.vc_custom_1639602296513{padding-top: 20px !important;padding-bottom: 20px !important;}&#8221;][vc_column width=&#8221;1\/2&#8243; css=&#8221;.vc_custom_1639603345318{margin-bottom: 20px !important;}&#8221;][vc_row_inner][vc_column_inner width=&#8221;1\/2&#8243; css=&#8221;.vc_custom_1639605647058{padding-top: 10px !important;padding-bottom: 10px !important;}&#8221;][\/vc_column_inner][vc_column_inner width=&#8221;1\/2&#8243; css=&#8221;.vc_custom_1639605658368{padding-top: 10px !important;padding-bottom: 10px !important;}&#8221;][\/vc_column_inner][\/vc_row_inner][\/vc_column][vc_column width=&#8221;1\/2&#8243; css=&#8221;.vc_custom_1639603183972{padding-top: 40px !important;padding-bottom: 40px !important;}&#8221;][\/vc_column][\/vc_row][\/vc_section][vc_section][vc_row][vc_column][vc_column_text]Niemcy to kraj o ogromnym pi\u0119knie naturalnym, oferuj\u0105cy odwiedzaj\u0105cym szeroki wachlarz zaj\u0119\u0107 na \u015bwie\u017cym powietrzu, kt\u00f3rymi mo\u017cna si\u0119 cieszy\u0107 przez ca\u0142y rok. Od pieszych w\u0119dr\u00f3wek i jazdy na rowerze po narciarstwo i sporty wodne \u2014 w Niemczech zawsze jest co\u015b do zrobienia na \u015bwie\u017cym powietrzu. Piesze w\u0119dr\u00f3wki to popularna aktywno\u015b\u0107 w Niemczech, z ponad 200 000 km dobrze...","og_url":"https:\/\/www.topo-gps.com\/pl\/mapa-topograficzna-niemiec\/","og_site_name":"Topo GPS","article_modified_time":"2023-03-17T20:27:41+00:00","twitter_card":"summary_large_image","twitter_misc":{"Szacowany czas czytania":"6 minut"},"schema":{"@context":"https:\/\/schema.org","@graph":[{"@type":"WebPage","@id":"https:\/\/www.topo-gps.com\/pl\/mapa-topograficzna-niemiec\/","url":"https:\/\/www.topo-gps.com\/pl\/mapa-topograficzna-niemiec\/","name":"Mapa topograficzna Niemiec - Topo GPS","isPartOf":{"@id":"https:\/\/www.topo-gps.com\/pl\/#website"},"datePublished":"2023-02-25T05:51:21+00:00","dateModified":"2023-03-17T20:27:41+00:00","breadcrumb":{"@id":"https:\/\/www.topo-gps.com\/pl\/mapa-topograficzna-niemiec\/#breadcrumb"},"inLanguage":"pl-PL","potentialAction":[{"@type":"ReadAction","target":["https:\/\/www.topo-gps.com\/pl\/mapa-topograficzna-niemiec\/"]}]},{"@type":"BreadcrumbList","@id":"https:\/\/www.topo-gps.com\/pl\/mapa-topograficzna-niemiec\/#breadcrumb","itemListElement":[{"@type":"ListItem","position":1,"name":"Home","item":"https:\/\/www.topo-gps.com\/pl\/aplikacja-z-mapami-topograficznymi-na-iphonea-androida-i-apple-watch\/"},{"@type":"ListItem","position":2,"name":"Mapa topograficzna Niemiec"}]},{"@type":"WebSite","@id":"https:\/\/www.topo-gps.com\/pl\/#website","url":"https:\/\/www.topo-gps.com\/pl\/","name":"Topo GPS","description":"Topographic maps GPS for iPhone, Android, iPad and Apple Watch","potentialAction":[{"@type":"SearchAction","target":{"@type":"EntryPoint","urlTemplate":"https:\/\/www.topo-gps.com\/pl\/?s={search_term_string}"},"query-input":{"@type":"PropertyValueSpecification","valueRequired":true,"valueName":"search_term_string"}}],"inLanguage":"pl-PL"}]}},"_links":{"self":[{"href":"https:\/\/www.topo-gps.com\/pl\/wp-json\/wp\/v2\/pages\/23910","targetHints":{"allow":["GET"]}}],"collection":[{"href":"https:\/\/www.topo-gps.com\/pl\/wp-json\/wp\/v2\/pages"}],"about":[{"href":"https:\/\/www.topo-gps.com\/pl\/wp-json\/wp\/v2\/types\/page"}],"author":[{"embeddable":true,"href":"https:\/\/www.topo-gps.com\/pl\/wp-json\/wp\/v2\/users\/1"}],"replies":[{"embeddable":true,"href":"https:\/\/www.topo-gps.com\/pl\/wp-json\/wp\/v2\/comments?post=23910"}],"version-history":[{"count":0,"href":"https:\/\/www.topo-gps.com\/pl\/wp-json\/wp\/v2\/pages\/23910\/revisions"}],"wp:attachment":[{"href":"https:\/\/www.topo-gps.com\/pl\/wp-json\/wp\/v2\/media?parent=23910"}],"curies":[{"name":"wp","href":"https:\/\/api.w.org\/{rel}","templated":true}]}}