{"id":23881,"date":"2023-02-25T06:51:09","date_gmt":"2023-02-25T05:51:09","guid":{"rendered":"https:\/\/www.topo-gps.com\/warunki-korzystania\/"},"modified":"2023-02-25T06:51:34","modified_gmt":"2023-02-25T05:51:34","slug":"warunki-korzystania","status":"publish","type":"page","link":"https:\/\/www.topo-gps.com\/pl\/warunki-korzystania\/","title":{"rendered":"Warunki korzystania"},"content":{"rendered":"<div class=\"wpb-content-wrapper\"><p>[vc_section][vc_row][vc_column]\r\n        <div class=\"section-title  wow perch-fadeInUp fadeInUp text-center\" data-wow-delay=\"300ms\" data-wow-duration=\"1200ms\">\r\n            <h2 class=\"h2-sm\">Warunki korzystania<\/h2>\r\n                     \r\n        <\/div>[\/vc_column][\/vc_row][vc_row][vc_column][vc_column_text]Je\u015bli korzystasz z Topo GPS na urz\u0105dzeniach Apple, opr\u00f3cz punkt\u00f3w wymienionych poni\u017cej obowi\u0105zuje <a href=\"https:\/\/www.apple.com\/legal\/internet-services\/itunes\/dev\/stdeula\/\">Umowa licencyjna u\u017cytkownika ko\u0144cowego aplikacji AppStore<\/a> .<\/p>\n<p>Je\u015bli korzystasz z Topo GPS na urz\u0105dzeniach z systemem Android, opr\u00f3cz punkt\u00f3w wymienionych poni\u017cej obowi\u0105zuj\u0105 <a href=\"https:\/\/play.google.com\/about\/play-terms\/\">warunki sklepu Google Play<\/a> .<\/p>\n<p>Je\u015bli korzystasz z aplikacji Topo GPS, robisz to na w\u0142asne ryzyko. Nie ponosimy odpowiedzialno\u015bci za jakiekolwiek szkody spowodowane korzystaniem z aplikacji.<\/p>\n<p>Mapy u\u017cywane w Topo GPS nie mog\u0105 by\u0107 rozpowszechniane w \u017caden spos\u00f3b, z wyj\u0105tkiem sytuacji, gdy licencja mapy wyra\u017anie na to zezwala. Aby wy\u015bwietli\u0107 licencj\u0119 mapy, dotknij informacji o prawach autorskich mapy na dole.<\/p>\n<p>Je\u015bli udost\u0119pnisz swoj\u0105 tras\u0119 w Topo GPS, trasa i ewentualne zdj\u0119cia stan\u0105 si\u0119 dost\u0119pne dla innych u\u017cytkownik\u00f3w Topo GPS. Topo GPS mo\u017ce r\u00f3wnie\u017c wykorzystywa\u0107 i rozpowszechnia\u0107 te trasy i zdj\u0119cia na swojej stronie internetowej. Je\u015bli chcesz u\u017cy\u0107 do usuni\u0119cia udost\u0119pnionej trasy, musisz wys\u0142a\u0107 do nas wiadomo\u015b\u0107.[\/vc_column_text][\/vc_column][\/vc_row][\/vc_section]<\/p>\n<\/div>","protected":false},"excerpt":{"rendered":"<p>[vc_section][vc_row][vc_column][\/vc_column][\/vc_row][vc_row][vc_column][vc_column_text]Je\u015bli korzystasz z Topo GPS na urz\u0105dzeniach Apple, opr\u00f3cz punkt\u00f3w wymienionych poni\u017cej obowi\u0105zuje Umowa licencyjna u\u017cytkownika ko\u0144cowego aplikacji AppStore . Je\u015bli korzystasz z Topo GPS na urz\u0105dzeniach z systemem Android, opr\u00f3cz punkt\u00f3w wymienionych poni\u017cej obowi\u0105zuj\u0105 warunki sklepu Google Play . Je\u015bli korzystasz z aplikacji Topo GPS, robisz to na w\u0142asne ryzyko. Nie ponosimy odpowiedzialno\u015bci za jakiekolwiek szkody spowodowane korzystaniem z aplikacji. Mapy u\u017cywane w Topo GPS nie mog\u0105 by\u0107 rozpowszechniane w \u017caden spos\u00f3b, z wyj\u0105tkiem sytuacji, gdy licencja mapy wyra\u017anie na to zezwala. Aby wy\u015bwietli\u0107 licencj\u0119 mapy, dotknij informacji o prawach autorskich mapy na dole. Je\u015bli udost\u0119pnisz swoj\u0105 tras\u0119 w&#8230;<\/p>\n","protected":false},"author":1,"featured_media":0,"parent":0,"menu_order":0,"comment_status":"closed","ping_status":"closed","template":"","meta":{"footnotes":""},"class_list":["post-23881","page","type-page","status-publish","hentry","no-post-thumbnail"],"yoast_head":"<!-- This site is optimized with the Yoast SEO plugin v27.6 - https:\/\/yoast.com\/product\/yoast-seo-wordpress\/ -->\n<title>Warunki korzystania - Topo GPS<\/title>\n<meta name=\"robots\" content=\"index, follow, max-snippet:-1, max-image-preview:large, max-video-preview:-1\" \/>\n<link rel=\"canonical\" href=\"https:\/\/www.topo-gps.com\/pl\/warunki-korzystania\/\" \/>\n<meta property=\"og:locale\" content=\"pl_PL\" \/>\n<meta property=\"og:type\" content=\"article\" \/>\n<meta property=\"og:title\" content=\"Warunki korzystania - Topo GPS\" \/>\n<meta property=\"og:description\" content=\"[vc_section][vc_row][vc_column][\/vc_column][\/vc_row][vc_row][vc_column][vc_column_text]Je\u015bli korzystasz z Topo GPS na urz\u0105dzeniach Apple, opr\u00f3cz punkt\u00f3w wymienionych poni\u017cej obowi\u0105zuje Umowa licencyjna u\u017cytkownika ko\u0144cowego aplikacji AppStore . Je\u015bli korzystasz z Topo GPS na urz\u0105dzeniach z systemem Android, opr\u00f3cz punkt\u00f3w wymienionych poni\u017cej obowi\u0105zuj\u0105 warunki sklepu Google Play . Je\u015bli korzystasz z aplikacji Topo GPS, robisz to na w\u0142asne ryzyko. Nie ponosimy odpowiedzialno\u015bci za jakiekolwiek szkody spowodowane korzystaniem z aplikacji. Mapy u\u017cywane w Topo GPS nie mog\u0105 by\u0107 rozpowszechniane w \u017caden spos\u00f3b, z wyj\u0105tkiem sytuacji, gdy licencja mapy wyra\u017anie na to zezwala. Aby wy\u015bwietli\u0107 licencj\u0119 mapy, dotknij informacji o prawach autorskich mapy na dole. Je\u015bli udost\u0119pnisz swoj\u0105 tras\u0119 w...\" \/>\n<meta property=\"og:url\" content=\"https:\/\/www.topo-gps.com\/pl\/warunki-korzystania\/\" \/>\n<meta property=\"og:site_name\" content=\"Topo GPS\" \/>\n<meta property=\"article:modified_time\" content=\"2023-02-25T05:51:34+00:00\" \/>\n<meta name=\"twitter:card\" content=\"summary_large_image\" \/>\n<meta name=\"twitter:label1\" content=\"Szacowany czas czytania\" \/>\n\t<meta name=\"twitter:data1\" content=\"1 minuta\" \/>\n<script type=\"application\/ld+json\" class=\"yoast-schema-graph\">{\"@context\":\"https:\\\/\\\/schema.org\",\"@graph\":[{\"@type\":\"WebPage\",\"@id\":\"https:\\\/\\\/www.topo-gps.com\\\/pl\\\/warunki-korzystania\\\/\",\"url\":\"https:\\\/\\\/www.topo-gps.com\\\/pl\\\/warunki-korzystania\\\/\",\"name\":\"Warunki korzystania - Topo GPS\",\"isPartOf\":{\"@id\":\"https:\\\/\\\/www.topo-gps.com\\\/pl\\\/#website\"},\"datePublished\":\"2023-02-25T05:51:09+00:00\",\"dateModified\":\"2023-02-25T05:51:34+00:00\",\"breadcrumb\":{\"@id\":\"https:\\\/\\\/www.topo-gps.com\\\/pl\\\/warunki-korzystania\\\/#breadcrumb\"},\"inLanguage\":\"pl-PL\",\"potentialAction\":[{\"@type\":\"ReadAction\",\"target\":[\"https:\\\/\\\/www.topo-gps.com\\\/pl\\\/warunki-korzystania\\\/\"]}]},{\"@type\":\"BreadcrumbList\",\"@id\":\"https:\\\/\\\/www.topo-gps.com\\\/pl\\\/warunki-korzystania\\\/#breadcrumb\",\"itemListElement\":[{\"@type\":\"ListItem\",\"position\":1,\"name\":\"Home\",\"item\":\"https:\\\/\\\/www.topo-gps.com\\\/pl\\\/aplikacja-z-mapami-topograficznymi-na-iphonea-androida-i-apple-watch\\\/\"},{\"@type\":\"ListItem\",\"position\":2,\"name\":\"Warunki korzystania\"}]},{\"@type\":\"WebSite\",\"@id\":\"https:\\\/\\\/www.topo-gps.com\\\/pl\\\/#website\",\"url\":\"https:\\\/\\\/www.topo-gps.com\\\/pl\\\/\",\"name\":\"Topo GPS\",\"description\":\"Topographic maps GPS for iPhone, Android, iPad and Apple Watch\",\"potentialAction\":[{\"@type\":\"SearchAction\",\"target\":{\"@type\":\"EntryPoint\",\"urlTemplate\":\"https:\\\/\\\/www.topo-gps.com\\\/pl\\\/?s={search_term_string}\"},\"query-input\":{\"@type\":\"PropertyValueSpecification\",\"valueRequired\":true,\"valueName\":\"search_term_string\"}}],\"inLanguage\":\"pl-PL\"}]}<\/script>\n<!-- \/ Yoast SEO plugin. -->","yoast_head_json":{"title":"Warunki korzystania - Topo GPS","robots":{"index":"index","follow":"follow","max-snippet":"max-snippet:-1","max-image-preview":"max-image-preview:large","max-video-preview":"max-video-preview:-1"},"canonical":"https:\/\/www.topo-gps.com\/pl\/warunki-korzystania\/","og_locale":"pl_PL","og_type":"article","og_title":"Warunki korzystania - Topo GPS","og_description":"[vc_section][vc_row][vc_column][\/vc_column][\/vc_row][vc_row][vc_column][vc_column_text]Je\u015bli korzystasz z Topo GPS na urz\u0105dzeniach Apple, opr\u00f3cz punkt\u00f3w wymienionych poni\u017cej obowi\u0105zuje Umowa licencyjna u\u017cytkownika ko\u0144cowego aplikacji AppStore . Je\u015bli korzystasz z Topo GPS na urz\u0105dzeniach z systemem Android, opr\u00f3cz punkt\u00f3w wymienionych poni\u017cej obowi\u0105zuj\u0105 warunki sklepu Google Play . Je\u015bli korzystasz z aplikacji Topo GPS, robisz to na w\u0142asne ryzyko. Nie ponosimy odpowiedzialno\u015bci za jakiekolwiek szkody spowodowane korzystaniem z aplikacji. Mapy u\u017cywane w Topo GPS nie mog\u0105 by\u0107 rozpowszechniane w \u017caden spos\u00f3b, z wyj\u0105tkiem sytuacji, gdy licencja mapy wyra\u017anie na to zezwala. Aby wy\u015bwietli\u0107 licencj\u0119 mapy, dotknij informacji o prawach autorskich mapy na dole. Je\u015bli udost\u0119pnisz swoj\u0105 tras\u0119 w...","og_url":"https:\/\/www.topo-gps.com\/pl\/warunki-korzystania\/","og_site_name":"Topo GPS","article_modified_time":"2023-02-25T05:51:34+00:00","twitter_card":"summary_large_image","twitter_misc":{"Szacowany czas czytania":"1 minuta"},"schema":{"@context":"https:\/\/schema.org","@graph":[{"@type":"WebPage","@id":"https:\/\/www.topo-gps.com\/pl\/warunki-korzystania\/","url":"https:\/\/www.topo-gps.com\/pl\/warunki-korzystania\/","name":"Warunki korzystania - Topo GPS","isPartOf":{"@id":"https:\/\/www.topo-gps.com\/pl\/#website"},"datePublished":"2023-02-25T05:51:09+00:00","dateModified":"2023-02-25T05:51:34+00:00","breadcrumb":{"@id":"https:\/\/www.topo-gps.com\/pl\/warunki-korzystania\/#breadcrumb"},"inLanguage":"pl-PL","potentialAction":[{"@type":"ReadAction","target":["https:\/\/www.topo-gps.com\/pl\/warunki-korzystania\/"]}]},{"@type":"BreadcrumbList","@id":"https:\/\/www.topo-gps.com\/pl\/warunki-korzystania\/#breadcrumb","itemListElement":[{"@type":"ListItem","position":1,"name":"Home","item":"https:\/\/www.topo-gps.com\/pl\/aplikacja-z-mapami-topograficznymi-na-iphonea-androida-i-apple-watch\/"},{"@type":"ListItem","position":2,"name":"Warunki korzystania"}]},{"@type":"WebSite","@id":"https:\/\/www.topo-gps.com\/pl\/#website","url":"https:\/\/www.topo-gps.com\/pl\/","name":"Topo GPS","description":"Topographic maps GPS for iPhone, Android, iPad and Apple Watch","potentialAction":[{"@type":"SearchAction","target":{"@type":"EntryPoint","urlTemplate":"https:\/\/www.topo-gps.com\/pl\/?s={search_term_string}"},"query-input":{"@type":"PropertyValueSpecification","valueRequired":true,"valueName":"search_term_string"}}],"inLanguage":"pl-PL"}]}},"_links":{"self":[{"href":"https:\/\/www.topo-gps.com\/pl\/wp-json\/wp\/v2\/pages\/23881","targetHints":{"allow":["GET"]}}],"collection":[{"href":"https:\/\/www.topo-gps.com\/pl\/wp-json\/wp\/v2\/pages"}],"about":[{"href":"https:\/\/www.topo-gps.com\/pl\/wp-json\/wp\/v2\/types\/page"}],"author":[{"embeddable":true,"href":"https:\/\/www.topo-gps.com\/pl\/wp-json\/wp\/v2\/users\/1"}],"replies":[{"embeddable":true,"href":"https:\/\/www.topo-gps.com\/pl\/wp-json\/wp\/v2\/comments?post=23881"}],"version-history":[{"count":0,"href":"https:\/\/www.topo-gps.com\/pl\/wp-json\/wp\/v2\/pages\/23881\/revisions"}],"wp:attachment":[{"href":"https:\/\/www.topo-gps.com\/pl\/wp-json\/wp\/v2\/media?parent=23881"}],"curies":[{"name":"wp","href":"https:\/\/api.w.org\/{rel}","templated":true}]}}