{"id":23850,"date":"2023-02-25T06:49:56","date_gmt":"2023-02-25T05:49:56","guid":{"rendered":"https:\/\/www.topo-gps.com\/mapa-topograficzna-wielkiej-brytanii\/"},"modified":"2024-02-17T17:44:28","modified_gmt":"2024-02-17T16:44:28","slug":"mapa-topograficzna-wielkiej-brytanii","status":"publish","type":"page","link":"https:\/\/www.topo-gps.com\/pl\/mapa-topograficzna-wielkiej-brytanii\/","title":{"rendered":"Mapa topograficzna Wielkiej Brytanii"},"content":{"rendered":"<div class=\"wpb-content-wrapper\"><p>[vc_section enable_inner=&#8221;yes&#8221; section_type=&#8221;hero&#8221; inner_margin_top=&#8221;mt-100&#8243; parallax_image_attachment=&#8221;inherit&#8221; padding_class=&#8221;wide-100&#8243; css=&#8221;.vc_custom_1638818336813{background-image: url(https:\/\/www.topo-gps.com\/wp-content\/uploads\/2021\/12\/gb1.jpg?id=5826) !important;background-position: center !important;background-repeat: no-repeat !important;background-size: cover !important;}&#8221;][vc_row parallax_image_attachment=&#8221;inherit&#8221; css=&#8221;.vc_custom_1639602296513{padding-top: 20px !important;padding-bottom: 20px !important;}&#8221;][vc_column width=&#8221;1\/2&#8243; css=&#8221;.vc_custom_1639603345318{margin-bottom: 20px !important;}&#8221;]\r\n        <div class=\"vc_custom_1639603397901  hero-txt\"> \r\n            \r\n                     \r\n            <h3 class=\"white-color h3-sm none  wow perch-fadeInUp fadeInUp\" style=\"font-weight: bold;\" data-wow-delay=\"300ms\" data-wow-duration=\"1200ms\">Mapy topograficzne Wielkiej Brytanii w OS Explorer na Twoim iPhonie, telefonie z Androidem i Apple Watch<\/h3>\r\n             \r\n            \r\n                        \r\n                        \r\n            \r\n                        \r\n                        \r\n                  \r\n        <\/div>[vc_row_inner][vc_column_inner width=&#8221;1\/2&#8243; css=&#8221;.vc_custom_1639605647058{padding-top: 10px !important;padding-bottom: 10px !important;}&#8221;]\r\n        <div class=\"hero-img  wow perch-fadeInUp fadeInUp text-center\" data-wow-delay=\"300ms\" data-wow-duration=\"1200ms\"> \r\n        <a href=\"https:\/\/apps.apple.com\/gb\/app\/topo-gps\/id578960575\" target=\"_self\" class=\"vc_single_image-wrapper  \"><img loading=\"lazy\" decoding=\"async\" class=\"vc_single_image-img img-fluid\" width=\"160\" height=\"50\"  src=\"https:\/\/www.topo-gps.com\/wp-content\/themes\/appset\/images\/appstore.png\" alt=\"External image\" \/><\/a>\r\n        <\/div>[\/vc_column_inner][vc_column_inner width=&#8221;1\/2&#8243; css=&#8221;.vc_custom_1639605658368{padding-top: 10px !important;padding-bottom: 10px !important;}&#8221;]\r\n        <div class=\"hero-img  wow perch-fadeInUp fadeInUp text-center\" data-wow-delay=\"300ms\" data-wow-duration=\"1200ms\"> \r\n        <a href=\"https:\/\/play.google.com\/store\/apps\/details?id=uk.rdzl.topo.gps&amp;hl=en\" target=\"_self\" class=\"vc_single_image-wrapper  \"><img loading=\"lazy\" decoding=\"async\" class=\"vc_single_image-img img-fluid\" width=\"171\" height=\"50\"  src=\"https:\/\/www.topo-gps.com\/wp-content\/themes\/appset\/images\/googleplay.png\" alt=\"External image\" \/><\/a>\r\n        <\/div>[\/vc_column_inner][\/vc_row_inner][\/vc_column][vc_column width=&#8221;1\/2&#8243; css=&#8221;.vc_custom_1639603183972{padding-top: 40px !important;padding-bottom: 40px !important;}&#8221;]\r\n        <div class=\"hero-img  wow perch-fadeInUp fadeInUp\" data-wow-delay=\"300ms\" data-wow-duration=\"1200ms\"> \r\n        <img loading=\"lazy\" decoding=\"async\" class=\"vc_single_image-img img-fluid\" width=\"560\" height=\"604\"  src=\"https:\/\/www.topo-gps.com\/wp-content\/uploads\/2021\/12\/gb-front-1.png\" alt=\"External image\" \/>\r\n        <\/div>[\/vc_column][\/vc_row][\/vc_section][vc_section][vc_row][vc_column]\r\n        <div class=\"section-title  wow perch-fadeInUp fadeInUp text-center\" data-wow-delay=\"300ms\" data-wow-duration=\"1200ms\">\r\n            <h2 class=\"h2-sm\">Najlepsze mapy outdoorowe dla Anglii, Szkocji i Walii<\/h2>\r\n            <p class=\"p-lg\">Mapy topograficzne wykonane przez Ordnance Survey to najlepsze mapy outdoorowe dla Wielkiej Brytanii.<\/p>         \r\n        <\/div>[vc_column_text]Wielka Brytania to kraj o zr\u00f3\u017cnicowanych krajobrazach i naturalnym pi\u0119knie, oferuj\u0105cy odwiedzaj\u0105cym szeroki wachlarz zaj\u0119\u0107 na \u015bwie\u017cym powietrzu, kt\u00f3rymi mo\u017cna si\u0119 cieszy\u0107 przez ca\u0142y rok. Od pieszych w\u0119dr\u00f3wek i jazdy na rowerze po surfing i sp\u0142ywy kajakowe \u2014 na \u0142onie natury w Wielkiej Brytanii zawsze jest co\u015b do zrobienia.<\/p>\n<p>Piesze wycieczki to popularna aktywno\u015b\u0107 w Wielkiej Brytanii, z licznymi dobrze utrzymanymi szlakami, kt\u00f3re prowadz\u0105 go\u015bci przez jedne z najpi\u0119kniejszych krajobraz\u00f3w kraju. Na przyk\u0142ad Kraina Jezior jest popularnym celem w\u0119dr\u00f3wek pieszych i oferuje wspania\u0142e widoki na faliste wzg\u00f3rza i krystalicznie czyste jeziora. Inne popularne miejsca do w\u0119dr\u00f3wek to szkockie wy\u017cyny i walijskie g\u00f3ry.<\/p>\n<p>Jazda na rowerze jest r\u00f3wnie\u017c popularnym zaj\u0119ciem w Wielkiej Brytanii, z licznymi malowniczymi trasami rowerowymi, kt\u00f3re prowadz\u0105 go\u015bci przez malownicze wioski i zachwycaj\u0105ce krajobrazy. Na przyk\u0142ad Cotswold Way to popularna trasa rowerowa, kt\u00f3ra prowadzi go\u015bci przez malownicze wioski i okolice Cotswolds.<\/p>\n<p>Latem wspania\u0142e wybrze\u017ce Wielkiej Brytanii oferuje wiele mo\u017cliwo\u015bci uprawiania sport\u00f3w wodnych, takich jak surfing, sp\u0142ywy kajakowe i paddleboarding. Na przyk\u0142ad wybrze\u017ce Kornwalii jest popularnym miejscem do surfowania, z jednymi z najlepszych fal w kraju. Inne popularne miejsca do uprawiania sport\u00f3w wodnych to szkockie wyspy i walijskie wybrze\u017ce.<\/p>\n<p>Zim\u0105 g\u00f3ry Wielkiej Brytanii oferuj\u0105 wiele mo\u017cliwo\u015bci jazdy na nartach i snowboardzie, z kilkoma o\u015brodkami narciarskimi w Szkocji i Anglii. Na przyk\u0142ad Cairngorms to najwi\u0119kszy o\u015brodek narciarski w Szkocji, oferuj\u0105cy szereg stok\u00f3w dla narciarzy i snowboardzist\u00f3w na wszystkich poziomach.<\/p>\n<p>Og\u00f3lnie rzecz bior\u0105c, r\u00f3\u017cnorodne krajobrazy Wielkiej Brytanii, bogata historia i dobrze rozwini\u0119ta infrastruktura sprawiaj\u0105, \u017ce jest to obowi\u0105zkowy cel podr\u00f3\u017cy dla entuzjast\u00f3w outdooru. Niezale\u017cnie od tego, czy chodzi o piesze w\u0119dr\u00f3wki, jazd\u0119 na rowerze, surfowanie czy jazd\u0119 na nartach, zawsze jest co\u015b do zrobienia na \u015bwie\u017cym powietrzu w Wielkiej Brytanii.[\/vc_column_text][\/vc_column][\/vc_row][vc_row][vc_column width=&#8221;1\/2&#8243;][vc_single_image custom_src=&#8221;https:\/\/www.topo-gps.com\/wp-content\/uploads\/2021\/12\/gb-double.jpg&#8221; external_img_size=&#8221;391&#215;600&#8243; alignment=&#8221;center&#8221;][\/vc_column][vc_column width=&#8221;1\/2&#8243;][vc_row_inner][vc_column_inner width=&#8221;1\/2&#8243;]\r\n        <div class=\"wow perch-fadeInUp fadeInUp fbox\" data-wow-delay=\"300ms\" data-wow-duration=\"1200ms\"> \r\n            <div class=\"fbox grey-color-box\">\r\n                <div class=\"grey-color-icon b-icon box-icon-md\"><span class=\" grey-color\"><\/span><\/div>  \r\n                <div class=\"fbox-txt\">    \r\n                    <h5 class=\"h5-sm\">Mapa topograficzna<\/h5>\r\n                    <p class=\"grey-color\">Mapa topograficzna zawiera wiele szczeg\u00f3\u0142\u00f3w, takich jak poziomice, ma\u0142e drogi i zagospodarowanie terenu, dzi\u0119ki czemu idealnie nadaje si\u0119 do nawigacji na zewn\u0105trz.<\/p>\r\n                    \r\n                <\/div> \r\n            <\/div>        \r\n        <\/div>\r\n        <div class=\"wow perch-fadeInUp fadeInUp fbox\" data-wow-delay=\"300ms\" data-wow-duration=\"1200ms\"> \r\n            <div class=\"fbox grey-color-box\">\r\n                <div class=\"grey-color-icon b-icon box-icon-md\"><span class=\" grey-color\"><\/span><\/div>  \r\n                <div class=\"fbox-txt\">    \r\n                    <h5 class=\"h5-sm\">Badanie uzbrojenia<\/h5>\r\n                    <p class=\"grey-color\">W aplikacji Topo GPS mo\u017cesz kupi\u0107 najlepsze mapy topograficzne Wielkiej Brytanii, mapy OS Explorer 1:25.000. Topo GPS jest oficjalnym partnerem Ordnance Survey.<\/p>\r\n                    \r\n                <\/div> \r\n            <\/div>        \r\n        <\/div>\r\n        <div class=\"wow perch-fadeInUp fadeInUp fbox\" data-wow-delay=\"300ms\" data-wow-duration=\"1200ms\"> \r\n            <div class=\"fbox grey-color-box\">\r\n                <div class=\"grey-color-icon b-icon box-icon-md\"><span class=\" grey-color\"><\/span><\/div>  \r\n                <div class=\"fbox-txt\">    \r\n                    <h5 class=\"h5-sm\">cennik<\/h5>\r\n                    <p class=\"grey-color\">Mapy OS Explorer w Topo GPS kosztuj\u0105 0,79 GBP za 4 kwadraty o wymiarach 4 x 4 km, kt\u00f3re mo\u017cna wybra\u0107. Uwzgl\u0119dniono bezp\u0142atne aktualizacje do\u017cywotnie. Istnieje r\u00f3wnie\u017c mo\u017cliwo\u015b\u0107 wykupienia rocznego abonamentu na ca\u0142\u0105 Wielk\u0105 Brytani\u0119 za 24,99 GBP.<\/p>\r\n                    \r\n                <\/div> \r\n            <\/div>        \r\n        <\/div>[\/vc_column_inner][vc_column_inner width=&#8221;1\/2&#8243;]\r\n        <div class=\"wow perch-fadeInUp fadeInUp fbox\" data-wow-delay=\"300ms\" data-wow-duration=\"1200ms\"> \r\n            <div class=\"fbox grey-color-box\">\r\n                <div class=\"grey-color-icon b-icon box-icon-md\"><span class=\" grey-color\"><\/span><\/div>  \r\n                <div class=\"fbox-txt\">    \r\n                    <h5 class=\"h5-sm\">Mapy offline<\/h5>\r\n                    <p class=\"grey-color\">Mo\u017cesz udost\u0119pni\u0107 mapy topograficzne w trybie offline. W ten spos\u00f3b masz pewno\u015b\u0107, \u017ce potrzebne Ci mapy s\u0105 zawsze dost\u0119pne.<\/p>\r\n                    \r\n                <\/div> \r\n            <\/div>        \r\n        <\/div>\r\n        <div class=\"wow perch-fadeInUp fadeInUp fbox\" data-wow-delay=\"300ms\" data-wow-duration=\"1200ms\"> \r\n            <div class=\"fbox grey-color-box\">\r\n                <div class=\"grey-color-icon b-icon box-icon-md\"><span class=\" grey-color\"><\/span><\/div>  \r\n                <div class=\"fbox-txt\">    \r\n                    <h5 class=\"h5-sm\">Czysta legenda<\/h5>\r\n                    <p class=\"grey-color\">Mapa topograficzna posiada przejrzyst\u0105 legend\u0119 z obja\u015bnieniami wszystkich symboli.<\/p>\r\n                    \r\n                <\/div> \r\n            <\/div>        \r\n        <\/div>\r\n        <div class=\"wow perch-fadeInUp fadeInUp fbox\" data-wow-delay=\"300ms\" data-wow-duration=\"1200ms\"> \r\n            <div class=\"fbox grey-color-box\">\r\n                <div class=\"grey-color-icon b-icon box-icon-md\"><span class=\" grey-color\"><\/span><\/div>  \r\n                <div class=\"fbox-txt\">    \r\n                    <h5 class=\"h5-sm\">Aplikacja Topo GPS<\/h5>\r\n                    <p class=\"grey-color\">Aplikacja Topo GPS oferuje wiele dodatkowych przydatnych funkcji mapy topograficznej. Podobnie jak nawigacja, \u0142adowanie, planowanie i pod\u0105\u017canie trasami oraz dodawanie punkt\u00f3w do mapy. Topo GPS zawiera wszystkie funkcje zwyk\u0142ego urz\u0105dzenia GPS.<\/p>\r\n                    \r\n                <\/div> \r\n            <\/div>        \r\n        <\/div>[\/vc_column_inner][\/vc_row_inner][\/vc_column][\/vc_row][\/vc_section][vc_section][vc_row][vc_column]\r\n        <div class=\"section-title  wow perch-fadeInUp fadeInUp text-center\" data-wow-delay=\"300ms\" data-wow-duration=\"1200ms\">\r\n            <h2 class=\"h2-sm\">Kt\u00f3r\u0105 map\u0119 wolisz eksplorowa\u0107 w plenerze?<\/h2>\r\n            <p class=\"p-lg\">Por\u00f3wnaj siebie<\/p>         \r\n        <\/div>[vc_row_inner][vc_column_inner width=&#8221;1\/3&#8243;][vc_column_text]<\/p>\n<h3 style=\"text-align: center;\">Mapy Google<\/h3>\n<p>[\/vc_column_text][vc_single_image custom_src=&#8221;https:\/\/www.topo-gps.com\/wp-content\/uploads\/2021\/12\/gb_google_maps.jpg&#8221; external_img_size=&#8221;277&#215;560&#8243; alignment=&#8221;center&#8221;][\/vc_column_inner][vc_column_inner width=&#8221;1\/3&#8243;][vc_column_text]<\/p>\n<h3 style=\"text-align: center;\">Otw\u00f3rz map\u0119 ulic<\/h3>\n<p>[\/vc_column_text][vc_single_image custom_src=&#8221;https:\/\/www.topo-gps.com\/wp-content\/uploads\/2021\/12\/gb_osm.jpg&#8221; external_img_size=&#8221;277&#215;560&#8243; alignment=&#8221;center&#8221;][\/vc_column_inner][vc_column_inner width=&#8221;1\/3&#8243;][vc_column_text]<\/p>\n<h3 style=\"text-align: center;\">Mapa topograficzna<\/h3>\n<p>[\/vc_column_text][vc_single_image custom_src=&#8221;https:\/\/www.topo-gps.com\/wp-content\/uploads\/2021\/12\/gb_os.jpg&#8221; external_img_size=&#8221;277&#215;560&#8243; alignment=&#8221;center&#8221;][\/vc_column_inner][\/vc_row_inner][\/vc_column][\/vc_row][\/vc_section][vc_section section_type=&#8221;hero&#8221; hero_type=&#8221;1&#8243; parallax_image_attachment=&#8221;fixed&#8221; padding_class=&#8221;&#8221;][vc_row content_placement=&#8221;&#8221; parallax_image_attachment=&#8221;inherit&#8221;][vc_column width=&#8221;1\/2&#8243; column_inner_style=&#8221;hero-txt&#8221; hero_txt_type=&#8221;1&#8243;]\r\n        <div class=\"hero-txt\"> \r\n            \r\n            <h2 class=\" wow perch-fadeInUp fadeInUp\" data-wow-delay=\"300ms\" data-wow-duration=\"1200ms\">Topo GPS<\/h2>         \r\n            <h3 class=\"h3-sm  wow perch-fadeInUp fadeInUp\" data-wow-delay=\"400ms\" data-wow-duration=\"1200ms\">Zmie\u0144 sw\u00f3j iPhone, telefon lub tablet z systemem Android we w pe\u0142ni funkcjonalne urz\u0105dzenie GPS z mapami topograficznymi dost\u0119pnymi w trybie offline.<\/h3>\r\n             \r\n            \r\n                        \r\n                        \r\n            \r\n                        \r\n                        \r\n                  \r\n        <\/div>[vc_row_inner][vc_column_inner width=&#8221;1\/2&#8243; css=&#8221;.vc_custom_1639605647058{padding-top: 10px !important;padding-bottom: 10px !important;}&#8221;]\r\n        <div class=\"hero-img  wow perch-fadeInUp fadeInUp text-center\" data-wow-delay=\"300ms\" data-wow-duration=\"1200ms\"> \r\n        <a href=\"https:\/\/apps.apple.com\/gb\/app\/topo-gps\/id578960575\" target=\"_self\" class=\"vc_single_image-wrapper  \"><img loading=\"lazy\" decoding=\"async\" class=\"vc_single_image-img img-fluid\" width=\"160\" height=\"50\"  src=\"https:\/\/www.topo-gps.com\/wp-content\/themes\/appset\/images\/appstore.png\" alt=\"External image\" \/><\/a>\r\n        <\/div>[\/vc_column_inner][vc_column_inner width=&#8221;1\/2&#8243; css=&#8221;.vc_custom_1639605658368{padding-top: 10px !important;padding-bottom: 10px !important;}&#8221;]\r\n        <div class=\"hero-img  wow perch-fadeInUp fadeInUp text-center\" data-wow-delay=\"300ms\" data-wow-duration=\"1200ms\"> \r\n        <a href=\"https:\/\/play.google.com\/store\/apps\/details?id=uk.rdzl.topo.gps&amp;hl=en\" target=\"_self\" class=\"vc_single_image-wrapper  \"><img loading=\"lazy\" decoding=\"async\" class=\"vc_single_image-img img-fluid\" width=\"171\" height=\"50\"  src=\"https:\/\/www.topo-gps.com\/wp-content\/themes\/appset\/images\/googleplay.png\" alt=\"External image\" \/><\/a>\r\n        <\/div>[\/vc_column_inner][\/vc_row_inner][\/vc_column][vc_column width=&#8221;1\/2&#8243;]\r\n        <div class=\"wow perch-fadeInRight fadeInRight hero-1-img\" data-wow-delay=\"300ms\" data-wow-duration=\"1200ms\"> \r\n        <img decoding=\"async\" class=\"vc_single_image-img img-fluid\"  src=\"https:\/\/www.topo-gps.com\/wp-content\/uploads\/2021\/12\/en-main-1.png\" alt=\"External image\" \/>\r\n        <\/div>[\/vc_column][\/vc_row][\/vc_section]<\/p>\n<\/div>","protected":false},"excerpt":{"rendered":"<p>[vc_section enable_inner=&#8221;yes&#8221; section_type=&#8221;hero&#8221; inner_margin_top=&#8221;mt-100&#8243; parallax_image_attachment=&#8221;inherit&#8221; padding_class=&#8221;wide-100&#8243; css=&#8221;.vc_custom_1638818336813{background-image: url(https:\/\/www.topo-gps.com\/wp-content\/uploads\/2021\/12\/gb1.jpg?id=5826) !important;background-position: center !important;background-repeat: no-repeat !important;background-size: cover !important;}&#8221;][vc_row parallax_image_attachment=&#8221;inherit&#8221; css=&#8221;.vc_custom_1639602296513{padding-top: 20px !important;padding-bottom: 20px !important;}&#8221;][vc_column width=&#8221;1\/2&#8243; css=&#8221;.vc_custom_1639603345318{margin-bottom: 20px !important;}&#8221;][vc_row_inner][vc_column_inner width=&#8221;1\/2&#8243; css=&#8221;.vc_custom_1639605647058{padding-top: 10px !important;padding-bottom: 10px !important;}&#8221;][\/vc_column_inner][vc_column_inner width=&#8221;1\/2&#8243; css=&#8221;.vc_custom_1639605658368{padding-top: 10px !important;padding-bottom: 10px !important;}&#8221;][\/vc_column_inner][\/vc_row_inner][\/vc_column][vc_column width=&#8221;1\/2&#8243; css=&#8221;.vc_custom_1639603183972{padding-top: 40px !important;padding-bottom: 40px !important;}&#8221;][\/vc_column][\/vc_row][\/vc_section][vc_section][vc_row][vc_column][vc_column_text]Wielka Brytania to kraj o zr\u00f3\u017cnicowanych krajobrazach i naturalnym pi\u0119knie, oferuj\u0105cy odwiedzaj\u0105cym szeroki wachlarz zaj\u0119\u0107 na \u015bwie\u017cym powietrzu, kt\u00f3rymi mo\u017cna si\u0119 cieszy\u0107 przez ca\u0142y rok. Od pieszych w\u0119dr\u00f3wek i jazdy na rowerze po surfing i sp\u0142ywy kajakowe \u2014 na \u0142onie natury w Wielkiej Brytanii zawsze jest co\u015b do zrobienia. Piesze wycieczki to popularna aktywno\u015b\u0107 w Wielkiej Brytanii, z&#8230;<\/p>\n","protected":false},"author":1,"featured_media":0,"parent":0,"menu_order":0,"comment_status":"closed","ping_status":"closed","template":"","meta":{"footnotes":""},"class_list":["post-23850","page","type-page","status-publish","hentry","no-post-thumbnail"],"yoast_head":"<!-- This site is optimized with the Yoast SEO plugin v27.5 - https:\/\/yoast.com\/product\/yoast-seo-wordpress\/ -->\n<title>Mapa topograficzna Wielkiej Brytanii - Topo GPS<\/title>\n<meta name=\"description\" content=\"Mapa topograficzna Wielkiej Brytanii w OS Explorer na Twoim iPhonie, telefonie z Androidem, tablecie i Apple Watch. Najlepsze mapy outdoorowe Wielkiej Brytanii.\" \/>\n<meta name=\"robots\" content=\"index, follow, max-snippet:-1, max-image-preview:large, max-video-preview:-1\" \/>\n<link rel=\"canonical\" href=\"https:\/\/www.topo-gps.com\/pl\/mapa-topograficzna-wielkiej-brytanii\/\" \/>\n<meta property=\"og:locale\" content=\"pl_PL\" \/>\n<meta property=\"og:type\" content=\"article\" \/>\n<meta property=\"og:title\" content=\"Mapa topograficzna Wielkiej Brytanii - Topo GPS\" \/>\n<meta property=\"og:description\" content=\"Mapa topograficzna Wielkiej Brytanii w OS Explorer na Twoim iPhonie, telefonie z Androidem, tablecie i Apple Watch. Najlepsze mapy outdoorowe Wielkiej Brytanii.\" \/>\n<meta property=\"og:url\" content=\"https:\/\/www.topo-gps.com\/pl\/mapa-topograficzna-wielkiej-brytanii\/\" \/>\n<meta property=\"og:site_name\" content=\"Topo GPS\" \/>\n<meta property=\"article:modified_time\" content=\"2024-02-17T16:44:28+00:00\" \/>\n<meta name=\"twitter:card\" content=\"summary_large_image\" \/>\n<meta name=\"twitter:label1\" content=\"Szacowany czas czytania\" \/>\n\t<meta name=\"twitter:data1\" content=\"7 minut\" \/>\n<script type=\"application\/ld+json\" class=\"yoast-schema-graph\">{\"@context\":\"https:\\\/\\\/schema.org\",\"@graph\":[{\"@type\":\"WebPage\",\"@id\":\"https:\\\/\\\/www.topo-gps.com\\\/pl\\\/mapa-topograficzna-wielkiej-brytanii\\\/\",\"url\":\"https:\\\/\\\/www.topo-gps.com\\\/pl\\\/mapa-topograficzna-wielkiej-brytanii\\\/\",\"name\":\"Mapa topograficzna Wielkiej Brytanii - Topo GPS\",\"isPartOf\":{\"@id\":\"https:\\\/\\\/www.topo-gps.com\\\/pl\\\/#website\"},\"datePublished\":\"2023-02-25T05:49:56+00:00\",\"dateModified\":\"2024-02-17T16:44:28+00:00\",\"description\":\"Mapa topograficzna Wielkiej Brytanii w OS Explorer na Twoim iPhonie, telefonie z Androidem, tablecie i Apple Watch. Najlepsze mapy outdoorowe Wielkiej Brytanii.\",\"breadcrumb\":{\"@id\":\"https:\\\/\\\/www.topo-gps.com\\\/pl\\\/mapa-topograficzna-wielkiej-brytanii\\\/#breadcrumb\"},\"inLanguage\":\"pl-PL\",\"potentialAction\":[{\"@type\":\"ReadAction\",\"target\":[\"https:\\\/\\\/www.topo-gps.com\\\/pl\\\/mapa-topograficzna-wielkiej-brytanii\\\/\"]}]},{\"@type\":\"BreadcrumbList\",\"@id\":\"https:\\\/\\\/www.topo-gps.com\\\/pl\\\/mapa-topograficzna-wielkiej-brytanii\\\/#breadcrumb\",\"itemListElement\":[{\"@type\":\"ListItem\",\"position\":1,\"name\":\"Home\",\"item\":\"https:\\\/\\\/www.topo-gps.com\\\/pl\\\/aplikacja-z-mapami-topograficznymi-na-iphonea-androida-i-apple-watch\\\/\"},{\"@type\":\"ListItem\",\"position\":2,\"name\":\"Mapa topograficzna Wielkiej Brytanii\"}]},{\"@type\":\"WebSite\",\"@id\":\"https:\\\/\\\/www.topo-gps.com\\\/pl\\\/#website\",\"url\":\"https:\\\/\\\/www.topo-gps.com\\\/pl\\\/\",\"name\":\"Topo GPS\",\"description\":\"Topographic maps GPS for iPhone, Android, iPad and Apple Watch\",\"potentialAction\":[{\"@type\":\"SearchAction\",\"target\":{\"@type\":\"EntryPoint\",\"urlTemplate\":\"https:\\\/\\\/www.topo-gps.com\\\/pl\\\/?s={search_term_string}\"},\"query-input\":{\"@type\":\"PropertyValueSpecification\",\"valueRequired\":true,\"valueName\":\"search_term_string\"}}],\"inLanguage\":\"pl-PL\"}]}<\/script>\n<!-- \/ Yoast SEO plugin. -->","yoast_head_json":{"title":"Mapa topograficzna Wielkiej Brytanii - Topo GPS","description":"Mapa topograficzna Wielkiej Brytanii w OS Explorer na Twoim iPhonie, telefonie z Androidem, tablecie i Apple Watch. Najlepsze mapy outdoorowe Wielkiej Brytanii.","robots":{"index":"index","follow":"follow","max-snippet":"max-snippet:-1","max-image-preview":"max-image-preview:large","max-video-preview":"max-video-preview:-1"},"canonical":"https:\/\/www.topo-gps.com\/pl\/mapa-topograficzna-wielkiej-brytanii\/","og_locale":"pl_PL","og_type":"article","og_title":"Mapa topograficzna Wielkiej Brytanii - Topo GPS","og_description":"Mapa topograficzna Wielkiej Brytanii w OS Explorer na Twoim iPhonie, telefonie z Androidem, tablecie i Apple Watch. Najlepsze mapy outdoorowe Wielkiej Brytanii.","og_url":"https:\/\/www.topo-gps.com\/pl\/mapa-topograficzna-wielkiej-brytanii\/","og_site_name":"Topo GPS","article_modified_time":"2024-02-17T16:44:28+00:00","twitter_card":"summary_large_image","twitter_misc":{"Szacowany czas czytania":"7 minut"},"schema":{"@context":"https:\/\/schema.org","@graph":[{"@type":"WebPage","@id":"https:\/\/www.topo-gps.com\/pl\/mapa-topograficzna-wielkiej-brytanii\/","url":"https:\/\/www.topo-gps.com\/pl\/mapa-topograficzna-wielkiej-brytanii\/","name":"Mapa topograficzna Wielkiej Brytanii - Topo GPS","isPartOf":{"@id":"https:\/\/www.topo-gps.com\/pl\/#website"},"datePublished":"2023-02-25T05:49:56+00:00","dateModified":"2024-02-17T16:44:28+00:00","description":"Mapa topograficzna Wielkiej Brytanii w OS Explorer na Twoim iPhonie, telefonie z Androidem, tablecie i Apple Watch. Najlepsze mapy outdoorowe Wielkiej Brytanii.","breadcrumb":{"@id":"https:\/\/www.topo-gps.com\/pl\/mapa-topograficzna-wielkiej-brytanii\/#breadcrumb"},"inLanguage":"pl-PL","potentialAction":[{"@type":"ReadAction","target":["https:\/\/www.topo-gps.com\/pl\/mapa-topograficzna-wielkiej-brytanii\/"]}]},{"@type":"BreadcrumbList","@id":"https:\/\/www.topo-gps.com\/pl\/mapa-topograficzna-wielkiej-brytanii\/#breadcrumb","itemListElement":[{"@type":"ListItem","position":1,"name":"Home","item":"https:\/\/www.topo-gps.com\/pl\/aplikacja-z-mapami-topograficznymi-na-iphonea-androida-i-apple-watch\/"},{"@type":"ListItem","position":2,"name":"Mapa topograficzna Wielkiej Brytanii"}]},{"@type":"WebSite","@id":"https:\/\/www.topo-gps.com\/pl\/#website","url":"https:\/\/www.topo-gps.com\/pl\/","name":"Topo GPS","description":"Topographic maps GPS for iPhone, Android, iPad and Apple Watch","potentialAction":[{"@type":"SearchAction","target":{"@type":"EntryPoint","urlTemplate":"https:\/\/www.topo-gps.com\/pl\/?s={search_term_string}"},"query-input":{"@type":"PropertyValueSpecification","valueRequired":true,"valueName":"search_term_string"}}],"inLanguage":"pl-PL"}]}},"_links":{"self":[{"href":"https:\/\/www.topo-gps.com\/pl\/wp-json\/wp\/v2\/pages\/23850","targetHints":{"allow":["GET"]}}],"collection":[{"href":"https:\/\/www.topo-gps.com\/pl\/wp-json\/wp\/v2\/pages"}],"about":[{"href":"https:\/\/www.topo-gps.com\/pl\/wp-json\/wp\/v2\/types\/page"}],"author":[{"embeddable":true,"href":"https:\/\/www.topo-gps.com\/pl\/wp-json\/wp\/v2\/users\/1"}],"replies":[{"embeddable":true,"href":"https:\/\/www.topo-gps.com\/pl\/wp-json\/wp\/v2\/comments?post=23850"}],"version-history":[{"count":0,"href":"https:\/\/www.topo-gps.com\/pl\/wp-json\/wp\/v2\/pages\/23850\/revisions"}],"wp:attachment":[{"href":"https:\/\/www.topo-gps.com\/pl\/wp-json\/wp\/v2\/media?parent=23850"}],"curies":[{"name":"wp","href":"https:\/\/api.w.org\/{rel}","templated":true}]}}