{"id":23848,"date":"2023-02-25T06:49:55","date_gmt":"2023-02-25T05:49:55","guid":{"rendered":"https:\/\/www.topo-gps.com\/polityka-prywatnosci\/"},"modified":"2023-02-25T06:50:12","modified_gmt":"2023-02-25T05:50:12","slug":"polityka-prywatnosci","status":"publish","type":"page","link":"https:\/\/www.topo-gps.com\/pl\/polityka-prywatnosci\/","title":{"rendered":"Polityka prywatno\u015bci"},"content":{"rendered":"<div class=\"wpb-content-wrapper\"><p>[vc_section parallax_image_attachment=&#8221;inherit&#8221; padding_class=&#8221;wide-0&#8243; css=&#8221;.vc_custom_1543574872456{margin-top: 180px !important;margin-bottom: 45px !important;}&#8221; el_id=&#8221;terms-page&#8221;][vc_row parallax_image_attachment=&#8221;inherit&#8221; el_class=&#8221;terms-box&#8221;][vc_column width=&#8221;1\/12&#8243;][\/vc_column][vc_column width=&#8221;5\/6&#8243;]\r\n        <div class=\" wow perch-fadeInUp fadeInUp\" data-wow-delay=\"300ms\" data-wow-duration=\"1200ms\"> \r\n                   \r\n                   \r\n            <h4 class=\"Default h4-sm none os-version\">Niniejsza polityka prywatno\u015bci obowi\u0105zuje od marca 2021 r<\/h4>\r\n                     \r\n        <\/div>\r\n        <div class=\" wow perch-fadeInUp fadeInUp\" data-wow-delay=\"300ms\" data-wow-duration=\"1200ms\"> \r\n                   \r\n                   \r\n            <p class=\"Default p-md none os-version\">W razie potrzeby mo\u017cemy zaktualizowa\u0107 nasz\u0105 polityk\u0119 prywatno\u015bci i opublikujemy j\u0105 na https:\/\/www.topo-gps.com\/privacy-policy.<\/p>\r\n                     \r\n        <\/div>[\/vc_column][vc_column width=&#8221;1\/12&#8243;][\/vc_column][\/vc_row][vc_row parallax_image_attachment=&#8221;inherit&#8221; css=&#8221;.vc_custom_1543997765635{margin-top: -20px !important;}&#8221; el_class=&#8221;terms-box&#8221;][vc_column width=&#8221;1\/12&#8243;][\/vc_column][vc_column width=&#8221;5\/6&#8243;]\r\n        <div class=\" vc_custom_1637422763887  wow perch-fadeInUp fadeInUp\" data-wow-delay=\"300ms\" data-wow-duration=\"1200ms\"> \r\n                   \r\n                   \r\n            <h4 class=\"Default h4-sm none os-version\">Aplikacja Topo GPS<\/h4>\r\n                     \r\n        <\/div>\r\n        <div class=\" wow perch-fadeInUp fadeInUp\" data-wow-delay=\"300ms\" data-wow-duration=\"1200ms\"> \r\n                   \r\n                   \r\n            \r\n            <p class=\"p-md os-version\">Twoja prywatno\u015b\u0107 jest dla nas bardzo wa\u017cna. Dlatego nie gromadzimy, nie przechowujemy ani nie udost\u0119pniamy \u017cadnych danych osobowych u\u017cytkownika (takich jak lokalizacja, imi\u0119 i nazwisko, adres IP i inne), z wyj\u0105tkiem tych, kt\u00f3re dobrowolnie przekazujesz nam za po\u015brednictwem poczty elektronicznej, formularza kontaktowego na naszej stronie internetowej, lub udost\u0119pniaj\u0105c tras\u0119.<\/p>         \r\n        <\/div>\r\n        <div class=\" wow perch-fadeInUp fadeInUp\" data-wow-delay=\"300ms\" data-wow-duration=\"1200ms\"> \r\n                   \r\n                   \r\n            \r\n            <p class=\"p-md os-version\">Nie musisz tworzy\u0107 konta, aby korzysta\u0107 z aplikacji Topo GPS, wi\u0119c nie mo\u017cemy Ci\u0119 zidentyfikowa\u0107 na podstawie informacji o koncie.<\/p>         \r\n        <\/div>\r\n        <div class=\" wow perch-fadeInUp fadeInUp\" data-wow-delay=\"300ms\" data-wow-duration=\"1200ms\"> \r\n                   \r\n                   \r\n            \r\n            <p class=\"p-md os-version\">Ca\u0142y ruch internetowy z aplikacji Topo GPS jest szyfrowany przy u\u017cyciu protoko\u0142u https, z wyj\u0105tkiem planowania tras za po\u015brednictwem narz\u0119dzia do planowania tras Top10NL w Holandii.<\/p>         \r\n        <\/div>\r\n        <div class=\" wow perch-fadeInUp fadeInUp\" data-wow-delay=\"300ms\" data-wow-duration=\"1200ms\"> \r\n                   \r\n                   \r\n            \r\n            <p class=\"p-md os-version\">Je\u015bli udost\u0119pnisz tras\u0119 w Topo GPS, trasa, metadane trasy i identyfikator urz\u0105dzenia zostan\u0105 zapisane na serwerze Topo GPS. Trasa i metadane trasy zostan\u0105 udost\u0119pnione innym u\u017cytkownikom w aplikacji Topo GPS i na naszej stronie internetowej. Identyfikator urz\u0105dzenia jest widoczny tylko dla nas i pomaga nam zidentyfikowa\u0107, kt\u00f3re trasy zosta\u0142y przes\u0142ane z tego samego urz\u0105dzenia. Metadane trasy mog\u0105 zawiera\u0107 Twoje imi\u0119 i nazwisko oraz adres e-mail, je\u015bli doda\u0142e\u015b te informacje do trasy. Je\u015bli chcesz, aby\u015bmy usun\u0119li tras\u0119, kt\u00f3r\u0105 udost\u0119pni\u0142e\u015b Topo GPS z naszej bazy danych i strony internetowej, musisz wys\u0142a\u0107 wiadomo\u015b\u0107 na adres support_at_topo-gps_dot_com.<\/p>         \r\n        <\/div>\r\n        <div class=\" wow perch-fadeInUp fadeInUp\" data-wow-delay=\"300ms\" data-wow-duration=\"1200ms\"> \r\n                   \r\n                   \r\n            \r\n            <p class=\"p-md os-version\">Je\u015bli przegl\u0105dasz map\u0119, kafelki mapy zostan\u0105 pobrane z serwera. Do udost\u0119pniania kafelk\u00f3w map korzystamy z us\u0142ug: Amazon CloudFront, CDN77 oraz GeoFabrik. Nie jeste\u015bmy w stanie odzyska\u0107 Twojego adresu IP za po\u015brednictwem tych us\u0142ug.<\/p>         \r\n        <\/div>\r\n        <div class=\" wow perch-fadeInUp fadeInUp\" data-wow-delay=\"300ms\" data-wow-duration=\"1200ms\"> \r\n                   \r\n                   \r\n            \r\n            <p class=\"p-md os-version\">Je\u015bli planujesz tras\u0119, trasa jest obliczana lokalnie na Twoim urz\u0105dzeniu, przez API kierunk\u00f3w GraphHopper lub przez us\u0142ug\u0119 planowania tras Topo GPS. Podczas planowania trasy do us\u0142ugi planowania trasy przesy\u0142ane s\u0105 tylko punkty trasy i \u015brodki transportu. Nie przechowujemy Twoich zaplanowanych tras ani adresu IP. GraphHopper przechowuje zapytanie o tras\u0119, w tym czas i adres IP przez maksymalnie 5 tygodni, zgodnie z polityk\u0105 prywatno\u015bci GraphHopper.<\/p>         \r\n        <\/div>[\/vc_column][vc_column width=&#8221;1\/12&#8243;][\/vc_column][\/vc_row][vc_row][vc_column width=&#8221;1\/12&#8243;][\/vc_column][vc_column width=&#8221;5\/6&#8243;]\r\n        <div class=\" wow perch-fadeInUp fadeInUp\" data-wow-delay=\"300ms\" data-wow-duration=\"1200ms\"> \r\n                   \r\n                   \r\n            <h4 class=\"Default h4-sm none os-version\">iOS<\/h4>\r\n            <p class=\"p-md os-version\">O\u015bwiadczenia w tej sekcji dotycz\u0105 tylko wersji Topo GPS dla systemu iOS.<\/p>         \r\n        <\/div>\r\n        <div class=\" vc_custom_1637423069733  wow perch-fadeInUp fadeInUp\" data-wow-delay=\"300ms\" data-wow-duration=\"1200ms\"> \r\n                   \r\n                   \r\n            \r\n            <p class=\"p-md os-version\">Je\u015bli w\u0142\u0105czysz synchronizacj\u0119 tras i punkt\u00f3w trasy przez iCloud, wszystkie Twoje trasy i punkty trasy b\u0119d\u0105 przechowywane w iCloud. Je\u015bli chcesz usun\u0105\u0107 swoje trasy i punkty z iCloud, mo\u017cesz wy\u0142\u0105czy\u0107 synchronizacj\u0119 z iCloud w ustawieniach Topo GPS. Pojawi si\u0119 wyskakuj\u0105ce okienko, kt\u00f3re pozwala usun\u0105\u0107 wszystkie dane tras i punkt\u00f3w po\u015brednich z iCloud.<\/p>         \r\n        <\/div>\r\n        <div class=\" vc_custom_1637423115349  wow perch-fadeInUp fadeInUp\" data-wow-delay=\"300ms\" data-wow-duration=\"1200ms\"> \r\n                   \r\n                   \r\n            \r\n            <p class=\"p-md os-version\">Je\u015bli dokonasz zakupu w Topo GPS, przechowujemy dow\u00f3d zakupu na naszych serwerach w celach analitycznych. Potwierdzenie to zawiera identyfikatory transakcji, rodzaj zakupionego produktu w aplikacji oraz czas zakupu.<\/p>         \r\n        <\/div>\r\n        <div class=\" vc_custom_1637423130400  wow perch-fadeInUp fadeInUp\" data-wow-delay=\"300ms\" data-wow-duration=\"1200ms\"> \r\n                   \r\n                   \r\n            \r\n            <p class=\"p-md os-version\">Z wyj\u0105tkiem przypadku opisanego powy\u017cej, nie \u015bledzimy korzystania z aplikacji Topo GPS.<\/p>         \r\n        <\/div>\r\n        <div class=\" vc_custom_1637423197958  wow perch-fadeInUp fadeInUp\" data-wow-delay=\"300ms\" data-wow-duration=\"1200ms\"> \r\n                   \r\n                   \r\n            <h4 class=\"Default h4-sm none os-version\">Android<\/h4>\r\n            <p class=\"p-md os-version\">O\u015bwiadczenia w tej sekcji dotycz\u0105 tylko wersji Topo GPS dla systemu Android.<\/p>         \r\n        <\/div>\r\n        <div class=\" vc_custom_1637423213136  wow perch-fadeInUp fadeInUp\" data-wow-delay=\"300ms\" data-wow-duration=\"1200ms\"> \r\n                   \r\n                   \r\n            \r\n            <p class=\"p-md os-version\">Je\u015bli kupujesz kafelki mapy Francji, Wielkiej Brytanii, Belgii lub Szwajcarii, informacje o zakupionych kafelkach s\u0105 zapisywane na naszym serwerze wraz z numerem zam\u00f3wienia zakupu, aby umo\u017cliwi\u0107 nam synchronizacj\u0119 zakup\u00f3w map mi\u0119dzy Twoimi urz\u0105dzeniami.<\/p>         \r\n        <\/div>\r\n        <div class=\" vc_custom_1637423232069  wow perch-fadeInUp fadeInUp\" data-wow-delay=\"300ms\" data-wow-duration=\"1200ms\"> \r\n                   \r\n                   \r\n            \r\n            <p class=\"p-md os-version\">Aplikacja korzysta z Android SDK, Google Play Services SDK i Google Firebase SDK. Inne zewn\u0119trzne zestawy SDK lub biblioteki nie s\u0105 u\u017cywane w aplikacji.<\/p>         \r\n        <\/div>\r\n        <div class=\" vc_custom_1637423633570  wow perch-fadeInUp fadeInUp\" data-wow-delay=\"300ms\" data-wow-duration=\"1200ms\"> \r\n                   \r\n                   \r\n            \r\n            <p class=\"p-md os-version\">Nie \u015bledzimy korzystania z aplikacji Topo GPS.<\/p>         \r\n        <\/div>\r\n        <div class=\" wow perch-fadeInUp fadeInUp\" data-wow-delay=\"300ms\" data-wow-duration=\"1200ms\"> \r\n                   \r\n                   \r\n            <h4 class=\"Default h4-sm none os-version\">Witryna internetowa Topo GPS<\/h4>\r\n            <p class=\"p-md os-version\">Je\u015bli kontaktujesz si\u0119 z nami za po\u015brednictwem poczty elektronicznej lub formularza kontaktowego na naszej stronie internetowej, Tw\u00f3j adres e-mail i ewentualnie imi\u0119 i nazwisko s\u0105 przechowywane w naszym systemie obs\u0142ugi klienta Zendesk oraz w Gmailu. Je\u015bli chcesz, aby\u015bmy trwale usun\u0119li Twoje dane, musisz wys\u0142a\u0107 wiadomo\u015b\u0107 na adres support_at_topo-gps_dot_com lub skorzysta\u0107 z formularza kontaktowego na naszej stronie internetowej.<\/p>         \r\n        <\/div>[\/vc_column][vc_column width=&#8221;1\/12&#8243;][\/vc_column][\/vc_row][vc_row parallax_image_attachment=&#8221;inherit&#8221; el_class=&#8221;terms-box&#8221; css=&#8221;.vc_custom_1543998973323{margin-top: 30px !important;}&#8221;][vc_column width=&#8221;1\/12&#8243;][\/vc_column][vc_column width=&#8221;5\/6&#8243;]\r\n        <div class=\" wow perch-fadeInUp fadeInUp\" data-wow-delay=\"300ms\" data-wow-duration=\"1200ms\"> \r\n                   \r\n                   \r\n            \r\n            <p class=\"p-md os-version\">Nie przechowujemy Twojego adresu IP, gdy odwiedzasz nasz\u0105 stron\u0119 internetow\u0105.<\/p>         \r\n        <\/div>\r\n        <div class=\" wow perch-fadeInUp fadeInUp\" data-wow-delay=\"300ms\" data-wow-duration=\"1200ms\"> \r\n                   \r\n                   \r\n            \r\n            <p class=\"p-md os-version\">Ca\u0142y ruch internetowy na naszej stronie jest szyfrowany przy u\u017cyciu https.<\/p>         \r\n        <\/div>\r\n        <div class=\" wow perch-fadeInUp fadeInUp\" data-wow-delay=\"300ms\" data-wow-duration=\"1200ms\"> \r\n                   \r\n                   \r\n            \r\n            <p class=\"p-md os-version\">U\u017cywamy plik\u00f3w cookie Google Analytics i piksela Facebooka do analizy korzystania z naszej strony internetowej i wspierania naszych dzia\u0142a\u0144 marketingowych.<\/p>         \r\n        <\/div>\r\n        <div class=\" wow perch-fadeInUp fadeInUp\" data-wow-delay=\"300ms\" data-wow-duration=\"1200ms\"> \r\n                   \r\n                   \r\n            \r\n            <p class=\"p-md os-version\">Je\u015bli masz jakie\u015b pytania, mo\u017cesz skontaktowa\u0107 si\u0119 z nami za pomoc\u0105 formularza kontaktowego na naszej stronie internetowej lub wys\u0142a\u0107 wiadomo\u015b\u0107 na adres support_at_topo-gps_dot_com.<\/p>         \r\n        <\/div>\r\n        <div class=\" wow perch-fadeInUp fadeInUp\" data-wow-delay=\"300ms\" data-wow-duration=\"1200ms\"> \r\n                   \r\n                   \r\n            \r\n            <p class=\"p-md os-version\">rdzl vof \u2013 Duivendaal 1a \u2013 6701 AP Wageningen \u2013 Holandia<\/p>         \r\n        <\/div>[\/vc_column][vc_column width=&#8221;1\/12&#8243;][\/vc_column][\/vc_row][\/vc_section]<\/p>\n<\/div>","protected":false},"excerpt":{"rendered":"<p>[vc_section parallax_image_attachment=&#8221;inherit&#8221; padding_class=&#8221;wide-0&#8243; css=&#8221;.vc_custom_1543574872456{margin-top: 180px !important;margin-bottom: 45px !important;}&#8221; el_id=&#8221;terms-page&#8221;][vc_row parallax_image_attachment=&#8221;inherit&#8221; el_class=&#8221;terms-box&#8221;][vc_column width=&#8221;1\/12&#8243;][\/vc_column][vc_column width=&#8221;5\/6&#8243;][\/vc_column][vc_column width=&#8221;1\/12&#8243;][\/vc_column][\/vc_row][vc_row parallax_image_attachment=&#8221;inherit&#8221; css=&#8221;.vc_custom_1543997765635{margin-top: -20px !important;}&#8221; el_class=&#8221;terms-box&#8221;][vc_column width=&#8221;1\/12&#8243;][\/vc_column][vc_column width=&#8221;5\/6&#8243;][\/vc_column][vc_column width=&#8221;1\/12&#8243;][\/vc_column][\/vc_row][vc_row][vc_column width=&#8221;1\/12&#8243;][\/vc_column][vc_column width=&#8221;5\/6&#8243;][\/vc_column][vc_column width=&#8221;1\/12&#8243;][\/vc_column][\/vc_row][vc_row parallax_image_attachment=&#8221;inherit&#8221; el_class=&#8221;terms-box&#8221; css=&#8221;.vc_custom_1543998973323{margin-top: 30px !important;}&#8221;][vc_column width=&#8221;1\/12&#8243;][\/vc_column][vc_column width=&#8221;5\/6&#8243;][\/vc_column][vc_column width=&#8221;1\/12&#8243;][\/vc_column][\/vc_row][\/vc_section]<\/p>\n","protected":false},"author":1,"featured_media":0,"parent":0,"menu_order":0,"comment_status":"closed","ping_status":"closed","template":"","meta":{"footnotes":""},"class_list":["post-23848","page","type-page","status-publish","hentry","no-post-thumbnail"],"yoast_head":"<!-- This site is optimized with the Yoast SEO plugin v27.6 - https:\/\/yoast.com\/product\/yoast-seo-wordpress\/ -->\n<title>Polityka prywatno\u015bci - Topo GPS<\/title>\n<meta name=\"robots\" content=\"index, follow, max-snippet:-1, max-image-preview:large, max-video-preview:-1\" \/>\n<link rel=\"canonical\" href=\"https:\/\/www.topo-gps.com\/pl\/polityka-prywatnosci\/\" \/>\n<meta property=\"og:locale\" content=\"pl_PL\" \/>\n<meta property=\"og:type\" content=\"article\" \/>\n<meta property=\"og:title\" content=\"Polityka prywatno\u015bci - Topo GPS\" \/>\n<meta property=\"og:description\" content=\"[vc_section parallax_image_attachment=&#8221;inherit&#8221; padding_class=&#8221;wide-0&#8243; css=&#8221;.vc_custom_1543574872456{margin-top: 180px !important;margin-bottom: 45px !important;}&#8221; el_id=&#8221;terms-page&#8221;][vc_row parallax_image_attachment=&#8221;inherit&#8221; el_class=&#8221;terms-box&#8221;][vc_column width=&#8221;1\/12&#8243;][\/vc_column][vc_column width=&#8221;5\/6&#8243;][\/vc_column][vc_column width=&#8221;1\/12&#8243;][\/vc_column][\/vc_row][vc_row parallax_image_attachment=&#8221;inherit&#8221; css=&#8221;.vc_custom_1543997765635{margin-top: -20px !important;}&#8221; el_class=&#8221;terms-box&#8221;][vc_column width=&#8221;1\/12&#8243;][\/vc_column][vc_column width=&#8221;5\/6&#8243;][\/vc_column][vc_column width=&#8221;1\/12&#8243;][\/vc_column][\/vc_row][vc_row][vc_column width=&#8221;1\/12&#8243;][\/vc_column][vc_column width=&#8221;5\/6&#8243;][\/vc_column][vc_column width=&#8221;1\/12&#8243;][\/vc_column][\/vc_row][vc_row parallax_image_attachment=&#8221;inherit&#8221; el_class=&#8221;terms-box&#8221; css=&#8221;.vc_custom_1543998973323{margin-top: 30px !important;}&#8221;][vc_column width=&#8221;1\/12&#8243;][\/vc_column][vc_column width=&#8221;5\/6&#8243;][\/vc_column][vc_column width=&#8221;1\/12&#8243;][\/vc_column][\/vc_row][\/vc_section]\" \/>\n<meta property=\"og:url\" content=\"https:\/\/www.topo-gps.com\/pl\/polityka-prywatnosci\/\" \/>\n<meta property=\"og:site_name\" content=\"Topo GPS\" \/>\n<meta property=\"article:modified_time\" content=\"2023-02-25T05:50:12+00:00\" \/>\n<meta name=\"twitter:card\" content=\"summary_large_image\" \/>\n<meta name=\"twitter:label1\" content=\"Szacowany czas czytania\" \/>\n\t<meta name=\"twitter:data1\" content=\"7 minut\" \/>\n<script type=\"application\/ld+json\" class=\"yoast-schema-graph\">{\"@context\":\"https:\\\/\\\/schema.org\",\"@graph\":[{\"@type\":\"WebPage\",\"@id\":\"https:\\\/\\\/www.topo-gps.com\\\/pl\\\/polityka-prywatnosci\\\/\",\"url\":\"https:\\\/\\\/www.topo-gps.com\\\/pl\\\/polityka-prywatnosci\\\/\",\"name\":\"Polityka prywatno\u015bci - Topo GPS\",\"isPartOf\":{\"@id\":\"https:\\\/\\\/www.topo-gps.com\\\/pl\\\/#website\"},\"datePublished\":\"2023-02-25T05:49:55+00:00\",\"dateModified\":\"2023-02-25T05:50:12+00:00\",\"breadcrumb\":{\"@id\":\"https:\\\/\\\/www.topo-gps.com\\\/pl\\\/polityka-prywatnosci\\\/#breadcrumb\"},\"inLanguage\":\"pl-PL\",\"potentialAction\":[{\"@type\":\"ReadAction\",\"target\":[\"https:\\\/\\\/www.topo-gps.com\\\/pl\\\/polityka-prywatnosci\\\/\"]}]},{\"@type\":\"BreadcrumbList\",\"@id\":\"https:\\\/\\\/www.topo-gps.com\\\/pl\\\/polityka-prywatnosci\\\/#breadcrumb\",\"itemListElement\":[{\"@type\":\"ListItem\",\"position\":1,\"name\":\"Home\",\"item\":\"https:\\\/\\\/www.topo-gps.com\\\/pl\\\/aplikacja-z-mapami-topograficznymi-na-iphonea-androida-i-apple-watch\\\/\"},{\"@type\":\"ListItem\",\"position\":2,\"name\":\"Polityka prywatno\u015bci\"}]},{\"@type\":\"WebSite\",\"@id\":\"https:\\\/\\\/www.topo-gps.com\\\/pl\\\/#website\",\"url\":\"https:\\\/\\\/www.topo-gps.com\\\/pl\\\/\",\"name\":\"Topo GPS\",\"description\":\"Topographic maps GPS for iPhone, Android, iPad and Apple Watch\",\"potentialAction\":[{\"@type\":\"SearchAction\",\"target\":{\"@type\":\"EntryPoint\",\"urlTemplate\":\"https:\\\/\\\/www.topo-gps.com\\\/pl\\\/?s={search_term_string}\"},\"query-input\":{\"@type\":\"PropertyValueSpecification\",\"valueRequired\":true,\"valueName\":\"search_term_string\"}}],\"inLanguage\":\"pl-PL\"}]}<\/script>\n<!-- \/ Yoast SEO plugin. -->","yoast_head_json":{"title":"Polityka prywatno\u015bci - Topo GPS","robots":{"index":"index","follow":"follow","max-snippet":"max-snippet:-1","max-image-preview":"max-image-preview:large","max-video-preview":"max-video-preview:-1"},"canonical":"https:\/\/www.topo-gps.com\/pl\/polityka-prywatnosci\/","og_locale":"pl_PL","og_type":"article","og_title":"Polityka prywatno\u015bci - Topo GPS","og_description":"[vc_section parallax_image_attachment=&#8221;inherit&#8221; padding_class=&#8221;wide-0&#8243; css=&#8221;.vc_custom_1543574872456{margin-top: 180px !important;margin-bottom: 45px !important;}&#8221; el_id=&#8221;terms-page&#8221;][vc_row parallax_image_attachment=&#8221;inherit&#8221; el_class=&#8221;terms-box&#8221;][vc_column width=&#8221;1\/12&#8243;][\/vc_column][vc_column width=&#8221;5\/6&#8243;][\/vc_column][vc_column width=&#8221;1\/12&#8243;][\/vc_column][\/vc_row][vc_row parallax_image_attachment=&#8221;inherit&#8221; css=&#8221;.vc_custom_1543997765635{margin-top: -20px !important;}&#8221; el_class=&#8221;terms-box&#8221;][vc_column width=&#8221;1\/12&#8243;][\/vc_column][vc_column width=&#8221;5\/6&#8243;][\/vc_column][vc_column width=&#8221;1\/12&#8243;][\/vc_column][\/vc_row][vc_row][vc_column width=&#8221;1\/12&#8243;][\/vc_column][vc_column width=&#8221;5\/6&#8243;][\/vc_column][vc_column width=&#8221;1\/12&#8243;][\/vc_column][\/vc_row][vc_row parallax_image_attachment=&#8221;inherit&#8221; el_class=&#8221;terms-box&#8221; css=&#8221;.vc_custom_1543998973323{margin-top: 30px !important;}&#8221;][vc_column width=&#8221;1\/12&#8243;][\/vc_column][vc_column width=&#8221;5\/6&#8243;][\/vc_column][vc_column width=&#8221;1\/12&#8243;][\/vc_column][\/vc_row][\/vc_section]","og_url":"https:\/\/www.topo-gps.com\/pl\/polityka-prywatnosci\/","og_site_name":"Topo GPS","article_modified_time":"2023-02-25T05:50:12+00:00","twitter_card":"summary_large_image","twitter_misc":{"Szacowany czas czytania":"7 minut"},"schema":{"@context":"https:\/\/schema.org","@graph":[{"@type":"WebPage","@id":"https:\/\/www.topo-gps.com\/pl\/polityka-prywatnosci\/","url":"https:\/\/www.topo-gps.com\/pl\/polityka-prywatnosci\/","name":"Polityka prywatno\u015bci - Topo GPS","isPartOf":{"@id":"https:\/\/www.topo-gps.com\/pl\/#website"},"datePublished":"2023-02-25T05:49:55+00:00","dateModified":"2023-02-25T05:50:12+00:00","breadcrumb":{"@id":"https:\/\/www.topo-gps.com\/pl\/polityka-prywatnosci\/#breadcrumb"},"inLanguage":"pl-PL","potentialAction":[{"@type":"ReadAction","target":["https:\/\/www.topo-gps.com\/pl\/polityka-prywatnosci\/"]}]},{"@type":"BreadcrumbList","@id":"https:\/\/www.topo-gps.com\/pl\/polityka-prywatnosci\/#breadcrumb","itemListElement":[{"@type":"ListItem","position":1,"name":"Home","item":"https:\/\/www.topo-gps.com\/pl\/aplikacja-z-mapami-topograficznymi-na-iphonea-androida-i-apple-watch\/"},{"@type":"ListItem","position":2,"name":"Polityka prywatno\u015bci"}]},{"@type":"WebSite","@id":"https:\/\/www.topo-gps.com\/pl\/#website","url":"https:\/\/www.topo-gps.com\/pl\/","name":"Topo GPS","description":"Topographic maps GPS for iPhone, Android, iPad and Apple Watch","potentialAction":[{"@type":"SearchAction","target":{"@type":"EntryPoint","urlTemplate":"https:\/\/www.topo-gps.com\/pl\/?s={search_term_string}"},"query-input":{"@type":"PropertyValueSpecification","valueRequired":true,"valueName":"search_term_string"}}],"inLanguage":"pl-PL"}]}},"_links":{"self":[{"href":"https:\/\/www.topo-gps.com\/pl\/wp-json\/wp\/v2\/pages\/23848","targetHints":{"allow":["GET"]}}],"collection":[{"href":"https:\/\/www.topo-gps.com\/pl\/wp-json\/wp\/v2\/pages"}],"about":[{"href":"https:\/\/www.topo-gps.com\/pl\/wp-json\/wp\/v2\/types\/page"}],"author":[{"embeddable":true,"href":"https:\/\/www.topo-gps.com\/pl\/wp-json\/wp\/v2\/users\/1"}],"replies":[{"embeddable":true,"href":"https:\/\/www.topo-gps.com\/pl\/wp-json\/wp\/v2\/comments?post=23848"}],"version-history":[{"count":0,"href":"https:\/\/www.topo-gps.com\/pl\/wp-json\/wp\/v2\/pages\/23848\/revisions"}],"wp:attachment":[{"href":"https:\/\/www.topo-gps.com\/pl\/wp-json\/wp\/v2\/media?parent=23848"}],"curies":[{"name":"wp","href":"https:\/\/api.w.org\/{rel}","templated":true}]}}