{"id":7959,"date":"2022-02-26T15:46:32","date_gmt":"2022-02-26T14:46:32","guid":{"rendered":"https:\/\/www.topo-gps.com\/stottede-dataformater\/"},"modified":"2023-06-16T14:10:17","modified_gmt":"2023-06-16T13:10:17","slug":"stottede-dataformater","status":"publish","type":"page","link":"https:\/\/www.topo-gps.com\/no\/stottede-dataformater\/","title":{"rendered":"St\u00f8ttede geodataformater"},"content":{"rendered":"<div class=\"wpb-content-wrapper\"><p>[vc_row][vc_column]\r\n        <div class=\"hero-txt\"> \r\n            \r\n                     \r\n            <h3 class=\"h3-sm  wow perch-fadeInUp fadeInUp\" data-wow-delay=\"300ms\" data-wow-duration=\"1200ms\">St\u00f8ttede geodataformater<\/h3>\r\n             \r\n            \r\n                        \r\n                        \r\n            \r\n                        \r\n                        \r\n                  \r\n        <\/div>\r\n        <div class=\"content-txt\"> \r\n        \t\r\n                     \r\n            \r\n            <p class=\"p-md  wow perch-fadeInUp fadeInUp\" data-wow-delay=\"300ms\" data-wow-duration=\"1200ms\">Det finnes mange forskjellige formater for geodata. Topo GPS st\u00f8tter de mest popul\u00e6re for b\u00e5de import, bruk og eksport.<\/p> \r\n             \r\n            \r\n                        \r\n                        \r\n            \r\n             \r\n                       \r\n                        \r\n                  \r\n        <\/div>[vc_column_text]<\/p>\n<p>&nbsp;<\/p>\n&#13;\n<figure class=\"wp-block-table is-style-stripes\"><table><tbody><tr><td>\u00a0<\/td>&#13;\n<td><strong>Ruter<\/strong><\/td>&#13;\n<td><strong>Veipunkter<\/strong><\/td>&#13;\n<td><strong>Ikoner<\/strong><\/td>&#13;\n<td><strong>Linjer<\/strong><\/td>&#13;\n<td><strong>Omr\u00e5der<\/strong><\/td>&#13;\n<td><strong>Bilder<\/strong><\/td>&#13;\n<td><strong>Koordinattype<\/strong><\/td>&#13;\n<td><strong>Komprimering<\/strong><\/td>&#13;\n<td><strong>iOS<\/strong><\/td>&#13;\n<td><strong>Android<\/strong><\/td>&#13;\n<td><strong>Import<\/strong><\/td>&#13;\n<td><strong>Eksport<\/strong><\/td>&#13;\n<td>\u00a0<\/td>&#13;\n<\/tr><tr><td>GPX<\/td>&#13;\n<td style=\"text-align: center;\">\u2713<\/td>&#13;\n<td style=\"text-align: center;\">\u2713<\/td>&#13;\n<td style=\"text-align: center;\">\u2713*<\/td>&#13;\n<td style=\"text-align: center;\">\u00a0<\/td>&#13;\n<td style=\"text-align: center;\">\u00a0<\/td>&#13;\n<td style=\"text-align: center;\">\u00a0<\/td>&#13;\n<td style=\"text-align: center;\">WGS84<\/td>&#13;\n<td style=\"text-align: center;\">\u00a0<\/td>&#13;\n<td style=\"text-align: center;\">\u2713<\/td>&#13;\n<td style=\"text-align: center;\">\u2713<\/td>&#13;\n<td style=\"text-align: center;\">\u2713<\/td>&#13;\n<td style=\"text-align: center;\">\u2713<\/td>&#13;\n<td>\u00a0<\/td>&#13;\n<\/tr><tr><td>GPX.zip<\/td>&#13;\n<td style=\"text-align: center;\">\u2713<\/td>&#13;\n<td style=\"text-align: center;\">\u2713<\/td>&#13;\n<td style=\"text-align: center;\">\u2713*<\/td>&#13;\n<td style=\"text-align: center;\">\u00a0<\/td>&#13;\n<td style=\"text-align: center;\">\u00a0<\/td>&#13;\n<td style=\"text-align: center;\">\u2713<\/td>&#13;\n<td style=\"text-align: center;\">WGS84<\/td>&#13;\n<td style=\"text-align: center;\">\u2713<\/td>&#13;\n<td style=\"text-align: center;\">\u2713<\/td>&#13;\n<td style=\"text-align: center;\">\u2713<\/td>&#13;\n<td style=\"text-align: center;\">\u2713<\/td>&#13;\n<td style=\"text-align: center;\">\u2713<\/td>&#13;\n<td>\u00a0<\/td>&#13;\n<\/tr><tr><td>KML<\/td>&#13;\n<td style=\"text-align: center;\">\u2713<\/td>&#13;\n<td style=\"text-align: center;\">\u2713<\/td>&#13;\n<td style=\"text-align: center;\">\u2713*<\/td>&#13;\n<td style=\"text-align: center;\">\u2713<\/td>&#13;\n<td style=\"text-align: center;\">\u2713<\/td>&#13;\n<td style=\"text-align: center;\">\u00a0<\/td>&#13;\n<td style=\"text-align: center;\">WGS84<\/td>&#13;\n<td style=\"text-align: center;\">\u00a0<\/td>&#13;\n<td style=\"text-align: center;\">\u2713<\/td>&#13;\n<td style=\"text-align: center;\">\u2713<\/td>&#13;\n<td style=\"text-align: center;\">\u2713<\/td>&#13;\n<td style=\"text-align: center;\">\u2713<\/td>&#13;\n<td>\u00a0<\/td>&#13;\n<\/tr><tr><td>KMZ<\/td>&#13;\n<td style=\"text-align: center;\">\u2713<\/td>&#13;\n<td style=\"text-align: center;\">\u2713<\/td>&#13;\n<td style=\"text-align: center;\">\u2713*<\/td>&#13;\n<td style=\"text-align: center;\">\u2713<\/td>&#13;\n<td style=\"text-align: center;\">\u2713<\/td>&#13;\n<td style=\"text-align: center;\">\u2713<\/td>&#13;\n<td style=\"text-align: center;\">WGS84<\/td>&#13;\n<td style=\"text-align: center;\">\u2713<\/td>&#13;\n<td style=\"text-align: center;\">\u2713<\/td>&#13;\n<td style=\"text-align: center;\">\u2713<\/td>&#13;\n<td style=\"text-align: center;\">\u2713<\/td>&#13;\n<td style=\"text-align: center;\">\u2713<\/td>&#13;\n<td>\u00a0<\/td>&#13;\n<\/tr><tr><td>CSV*<\/td>&#13;\n<td style=\"text-align: center;\">\u00a0<\/td>&#13;\n<td style=\"text-align: center;\">\u2713<\/td>&#13;\n<td style=\"text-align: center;\">\u2713<\/td>&#13;\n<td style=\"text-align: center;\">\u00a0<\/td>&#13;\n<td style=\"text-align: center;\">\u00a0<\/td>&#13;\n<td style=\"text-align: center;\">\u00a0<\/td>&#13;\n<td style=\"text-align: center;\">noen<\/td>&#13;\n<td style=\"text-align: center;\">\u00a0<\/td>&#13;\n<td style=\"text-align: center;\">\u2713<\/td>&#13;\n<td style=\"text-align: center;\">\u2713<\/td>&#13;\n<td style=\"text-align: center;\">\u2713<\/td>&#13;\n<td style=\"text-align: center;\">\u2713<\/td>&#13;\n<td style=\"text-align: center;\">\u00a0<\/td>&#13;\n<\/tr><tr><td>CSV.zip*<\/td>&#13;\n<td style=\"text-align: center;\">\u00a0<\/td>&#13;\n<td style=\"text-align: center;\">\u2713<\/td>&#13;\n<td style=\"text-align: center;\">\u2713<\/td>&#13;\n<td style=\"text-align: center;\">\u00a0<\/td>&#13;\n<td style=\"text-align: center;\">\u00a0<\/td>&#13;\n<td style=\"text-align: center;\">\u2713<\/td>&#13;\n<td style=\"text-align: center;\">noen<\/td>&#13;\n<td style=\"text-align: center;\">\u2713<\/td>&#13;\n<td style=\"text-align: center;\">\u2713<\/td>&#13;\n<td style=\"text-align: center;\">\u2713<\/td>&#13;\n<td style=\"text-align: center;\">\u2713<\/td>&#13;\n<td style=\"text-align: center;\">\u2713<\/td>&#13;\n<td>\u00a0<\/td>&#13;\n<\/tr><tr><td>GeoJSON<\/td>&#13;\n<td style=\"text-align: center;\">som en linje<\/td>&#13;\n<td style=\"text-align: center;\">\u2713<\/td>&#13;\n<td style=\"text-align: center;\">\u00a0<\/td>&#13;\n<td style=\"text-align: center;\">\u2713<\/td>&#13;\n<td style=\"text-align: center;\">\u2713<\/td>&#13;\n<td style=\"text-align: center;\">\u00a0<\/td>&#13;\n<td style=\"text-align: center;\">noen**<\/td>&#13;\n<td style=\"text-align: center;\">\u00a0<\/td>&#13;\n<td style=\"text-align: center;\">\u2713<\/td>&#13;\n<td style=\"text-align: center;\">\u00a0<\/td>&#13;\n<td style=\"text-align: center;\">\u2713<\/td>&#13;\n<td style=\"text-align: center;\">\u2713<\/td>&#13;\n<td style=\"text-align: center;\">\u00a0<\/td>&#13;\n<\/tr><tr><td>GeoJSON.zip<\/td>&#13;\n<td style=\"text-align: center;\">som en linje<\/td>&#13;\n<td style=\"text-align: center;\">\u2713<\/td>&#13;\n<td style=\"text-align: center;\">\u00a0<\/td>&#13;\n<td style=\"text-align: center;\">\u2713<\/td>&#13;\n<td style=\"text-align: center;\">\u2713<\/td>&#13;\n<td style=\"text-align: center;\">\u2713<\/td>&#13;\n<td style=\"text-align: center;\">noen**<\/td>&#13;\n<td style=\"text-align: center;\">\u2713<\/td>&#13;\n<td style=\"text-align: center;\">\u2713<\/td>&#13;\n<td style=\"text-align: center;\">\u00a0<\/td>&#13;\n<td style=\"text-align: center;\">\u2713<\/td>&#13;\n<td style=\"text-align: center;\">\u2713<\/td>&#13;\n<td>\u00a0<\/td>&#13;\n<\/tr><tr><td>GML\/WFS<\/td>&#13;\n<td style=\"text-align: center;\">\u00a0<\/td>&#13;\n<td style=\"text-align: center;\">\u2713<\/td>&#13;\n<td style=\"text-align: center;\">\u00a0<\/td>&#13;\n<td style=\"text-align: center;\">\u2713<\/td>&#13;\n<td style=\"text-align: center;\">\u2713<\/td>&#13;\n<td style=\"text-align: center;\">\u00a0<\/td>&#13;\n<td style=\"text-align: center;\">noen<\/td>&#13;\n<td style=\"text-align: center;\">\u00a0<\/td>&#13;\n<td style=\"text-align: center;\">\u2713<\/td>&#13;\n<td style=\"text-align: center;\">\u00a0<\/td>&#13;\n<td style=\"text-align: center;\">\u2713<\/td>&#13;\n<td style=\"text-align: center;\">\u00a0<\/td>&#13;\n<td>\u00a0<\/td>&#13;\n<\/tr><tr><td>JPEG<\/td>&#13;\n<td style=\"text-align: center;\">\u00a0<\/td>&#13;\n<td style=\"text-align: center;\">\u00a0<\/td>&#13;\n<td style=\"text-align: center;\">\u00a0<\/td>&#13;\n<td style=\"text-align: center;\">\u00a0<\/td>&#13;\n<td style=\"text-align: center;\">\u00a0<\/td>&#13;\n<td style=\"text-align: center;\">\u2713<\/td>&#13;\n<td style=\"text-align: center;\">WGS84<\/td>&#13;\n<td style=\"text-align: center;\">\u00a0<\/td>&#13;\n<td style=\"text-align: center;\">\u2713<\/td>&#13;\n<td style=\"text-align: center;\">\u2713<\/td>&#13;\n<td style=\"text-align: center;\">iOS<\/td>&#13;\n<td style=\"text-align: center;\">\u2713<\/td>&#13;\n<td>\u00a0<\/td>&#13;\n<\/tr><\/tbody><\/table><\/figure><p>[\/vc_column_text][\/vc_column][vc_column]\r\n        <div class=\"content-txt\"> \r\n        \t\r\n                     \r\n            \r\n            <p class=\"p-md  wow perch-fadeInUp fadeInUp\" data-wow-delay=\"300ms\" data-wow-duration=\"1200ms\">* Topo GPS-spesifikk funksjonalitet som bare fungerer ved deling med andre Topo GPS-brukere. Ikoner er begrenset i KML&lt;br&gt;** Ikke i henhold til offisiell GeoJSON-dokumentasjon<\/p> \r\n             \r\n            \r\n                        \r\n                        \r\n            \r\n             \r\n                       \r\n                        \r\n                  \r\n        <\/div>[\/vc_column][\/vc_row]<\/p>\n<\/div>","protected":false},"excerpt":{"rendered":"<p>[vc_row][vc_column][vc_column_text] &nbsp; &#13; \u00a0 &#13; Ruter &#13; Veipunkter &#13; Ikoner &#13; Linjer &#13; Omr\u00e5der &#13; Bilder &#13; Koordinattype &#13; Komprimering &#13; iOS &#13; Android &#13; Import &#13; Eksport &#13; \u00a0 &#13; GPX &#13; \u2713 &#13; \u2713 &#13; \u2713* &#13; \u00a0 &#13; \u00a0 &#13; \u00a0 &#13; WGS84 &#13; \u00a0 &#13; \u2713 &#13; \u2713 &#13; \u2713 &#13; \u2713 &#13; \u00a0 &#13; GPX.zip &#13; \u2713 &#13; \u2713 &#13; \u2713* &#13; \u00a0 &#13; \u00a0 &#13; \u2713 &#13; WGS84 &#13; \u2713 &#13; \u2713 &#13; \u2713 &#13; \u2713 &#13; \u2713 &#13; \u00a0 &#13; KML &#13; \u2713 &#13; \u2713 &#13; \u2713* &#13; \u2713 &#13; \u2713 &#13; \u00a0&#8230;<\/p>\n","protected":false},"author":1,"featured_media":0,"parent":0,"menu_order":0,"comment_status":"closed","ping_status":"closed","template":"","meta":{"footnotes":""},"class_list":["post-7959","page","type-page","status-publish","hentry","no-post-thumbnail"],"yoast_head":"<!-- This site is optimized with the Yoast SEO plugin v27.4 - https:\/\/yoast.com\/product\/yoast-seo-wordpress\/ -->\n<title>St\u00f8ttede geodataformater - Topo GPS<\/title>\n<meta name=\"description\" content=\"Oversikt over tilgjengelige dataformater i Topo GPS i en tabell for Android og iOS. Med spesifikasjonene til formatet ogs\u00e5 oppf\u00f8rt.\" \/>\n<meta name=\"robots\" content=\"index, follow, max-snippet:-1, max-image-preview:large, max-video-preview:-1\" \/>\n<link rel=\"canonical\" href=\"https:\/\/www.topo-gps.com\/no\/stottede-dataformater\/\" \/>\n<meta property=\"og:locale\" content=\"nb_NO\" \/>\n<meta property=\"og:type\" content=\"article\" \/>\n<meta property=\"og:title\" content=\"St\u00f8ttede geodataformater - Topo GPS\" \/>\n<meta property=\"og:description\" content=\"Oversikt over tilgjengelige dataformater i Topo GPS i en tabell for Android og iOS. Med spesifikasjonene til formatet ogs\u00e5 oppf\u00f8rt.\" \/>\n<meta property=\"og:url\" content=\"https:\/\/www.topo-gps.com\/no\/stottede-dataformater\/\" \/>\n<meta property=\"og:site_name\" content=\"Topo GPS\" \/>\n<meta property=\"article:modified_time\" content=\"2023-06-16T13:10:17+00:00\" \/>\n<meta name=\"twitter:card\" content=\"summary_large_image\" \/>\n<meta name=\"twitter:label1\" content=\"Ansl. lesetid\" \/>\n\t<meta name=\"twitter:data1\" content=\"1 minutt\" \/>\n<script type=\"application\/ld+json\" class=\"yoast-schema-graph\">{\"@context\":\"https:\\\/\\\/schema.org\",\"@graph\":[{\"@type\":\"WebPage\",\"@id\":\"https:\\\/\\\/www.topo-gps.com\\\/no\\\/stottede-dataformater\\\/\",\"url\":\"https:\\\/\\\/www.topo-gps.com\\\/no\\\/stottede-dataformater\\\/\",\"name\":\"St\u00f8ttede geodataformater - Topo GPS\",\"isPartOf\":{\"@id\":\"https:\\\/\\\/www.topo-gps.com\\\/no\\\/#website\"},\"datePublished\":\"2022-02-26T14:46:32+00:00\",\"dateModified\":\"2023-06-16T13:10:17+00:00\",\"description\":\"Oversikt over tilgjengelige dataformater i Topo GPS i en tabell for Android og iOS. Med spesifikasjonene til formatet ogs\u00e5 oppf\u00f8rt.\",\"breadcrumb\":{\"@id\":\"https:\\\/\\\/www.topo-gps.com\\\/no\\\/stottede-dataformater\\\/#breadcrumb\"},\"inLanguage\":\"nb-NO\",\"potentialAction\":[{\"@type\":\"ReadAction\",\"target\":[\"https:\\\/\\\/www.topo-gps.com\\\/no\\\/stottede-dataformater\\\/\"]}]},{\"@type\":\"BreadcrumbList\",\"@id\":\"https:\\\/\\\/www.topo-gps.com\\\/no\\\/stottede-dataformater\\\/#breadcrumb\",\"itemListElement\":[{\"@type\":\"ListItem\",\"position\":1,\"name\":\"Home\",\"item\":\"https:\\\/\\\/www.topo-gps.com\\\/no\\\/topo-gps\\\/\"},{\"@type\":\"ListItem\",\"position\":2,\"name\":\"St\u00f8ttede geodataformater\"}]},{\"@type\":\"WebSite\",\"@id\":\"https:\\\/\\\/www.topo-gps.com\\\/no\\\/#website\",\"url\":\"https:\\\/\\\/www.topo-gps.com\\\/no\\\/\",\"name\":\"Topo GPS\",\"description\":\"Topographic maps GPS for iPhone, Android, iPad and Apple Watch\",\"potentialAction\":[{\"@type\":\"SearchAction\",\"target\":{\"@type\":\"EntryPoint\",\"urlTemplate\":\"https:\\\/\\\/www.topo-gps.com\\\/no\\\/?s={search_term_string}\"},\"query-input\":{\"@type\":\"PropertyValueSpecification\",\"valueRequired\":true,\"valueName\":\"search_term_string\"}}],\"inLanguage\":\"nb-NO\"}]}<\/script>\n<!-- \/ Yoast SEO plugin. -->","yoast_head_json":{"title":"St\u00f8ttede geodataformater - Topo GPS","description":"Oversikt over tilgjengelige dataformater i Topo GPS i en tabell for Android og iOS. Med spesifikasjonene til formatet ogs\u00e5 oppf\u00f8rt.","robots":{"index":"index","follow":"follow","max-snippet":"max-snippet:-1","max-image-preview":"max-image-preview:large","max-video-preview":"max-video-preview:-1"},"canonical":"https:\/\/www.topo-gps.com\/no\/stottede-dataformater\/","og_locale":"nb_NO","og_type":"article","og_title":"St\u00f8ttede geodataformater - Topo GPS","og_description":"Oversikt over tilgjengelige dataformater i Topo GPS i en tabell for Android og iOS. Med spesifikasjonene til formatet ogs\u00e5 oppf\u00f8rt.","og_url":"https:\/\/www.topo-gps.com\/no\/stottede-dataformater\/","og_site_name":"Topo GPS","article_modified_time":"2023-06-16T13:10:17+00:00","twitter_card":"summary_large_image","twitter_misc":{"Ansl. lesetid":"1 minutt"},"schema":{"@context":"https:\/\/schema.org","@graph":[{"@type":"WebPage","@id":"https:\/\/www.topo-gps.com\/no\/stottede-dataformater\/","url":"https:\/\/www.topo-gps.com\/no\/stottede-dataformater\/","name":"St\u00f8ttede geodataformater - Topo GPS","isPartOf":{"@id":"https:\/\/www.topo-gps.com\/no\/#website"},"datePublished":"2022-02-26T14:46:32+00:00","dateModified":"2023-06-16T13:10:17+00:00","description":"Oversikt over tilgjengelige dataformater i Topo GPS i en tabell for Android og iOS. Med spesifikasjonene til formatet ogs\u00e5 oppf\u00f8rt.","breadcrumb":{"@id":"https:\/\/www.topo-gps.com\/no\/stottede-dataformater\/#breadcrumb"},"inLanguage":"nb-NO","potentialAction":[{"@type":"ReadAction","target":["https:\/\/www.topo-gps.com\/no\/stottede-dataformater\/"]}]},{"@type":"BreadcrumbList","@id":"https:\/\/www.topo-gps.com\/no\/stottede-dataformater\/#breadcrumb","itemListElement":[{"@type":"ListItem","position":1,"name":"Home","item":"https:\/\/www.topo-gps.com\/no\/topo-gps\/"},{"@type":"ListItem","position":2,"name":"St\u00f8ttede geodataformater"}]},{"@type":"WebSite","@id":"https:\/\/www.topo-gps.com\/no\/#website","url":"https:\/\/www.topo-gps.com\/no\/","name":"Topo GPS","description":"Topographic maps GPS for iPhone, Android, iPad and Apple Watch","potentialAction":[{"@type":"SearchAction","target":{"@type":"EntryPoint","urlTemplate":"https:\/\/www.topo-gps.com\/no\/?s={search_term_string}"},"query-input":{"@type":"PropertyValueSpecification","valueRequired":true,"valueName":"search_term_string"}}],"inLanguage":"nb-NO"}]}},"_links":{"self":[{"href":"https:\/\/www.topo-gps.com\/no\/wp-json\/wp\/v2\/pages\/7959","targetHints":{"allow":["GET"]}}],"collection":[{"href":"https:\/\/www.topo-gps.com\/no\/wp-json\/wp\/v2\/pages"}],"about":[{"href":"https:\/\/www.topo-gps.com\/no\/wp-json\/wp\/v2\/types\/page"}],"author":[{"embeddable":true,"href":"https:\/\/www.topo-gps.com\/no\/wp-json\/wp\/v2\/users\/1"}],"replies":[{"embeddable":true,"href":"https:\/\/www.topo-gps.com\/no\/wp-json\/wp\/v2\/comments?post=7959"}],"version-history":[{"count":0,"href":"https:\/\/www.topo-gps.com\/no\/wp-json\/wp\/v2\/pages\/7959\/revisions"}],"wp:attachment":[{"href":"https:\/\/www.topo-gps.com\/no\/wp-json\/wp\/v2\/media?parent=7959"}],"curies":[{"name":"wp","href":"https:\/\/api.w.org\/{rel}","templated":true}]}}