{"id":6355,"date":"2022-01-29T20:41:54","date_gmt":"2022-01-29T19:41:54","guid":{"rendered":"http:\/\/test.topo-gps.com\/vilkar-for-bruk\/"},"modified":"2022-02-06T21:21:39","modified_gmt":"2022-02-06T20:21:39","slug":"vilkar-for-bruk","status":"publish","type":"page","link":"https:\/\/www.topo-gps.com\/no\/vilkar-for-bruk\/","title":{"rendered":"Vilk\u00e5r for bruk"},"content":{"rendered":"<div class=\"wpb-content-wrapper\"><p>[vc_section][vc_row][vc_column]\r\n        <div class=\"section-title  wow perch-fadeInUp fadeInUp text-center\" data-wow-delay=\"300ms\" data-wow-duration=\"1200ms\">\r\n            <h2 class=\"h2-sm\">Vilk\u00e5r for bruk<\/h2>\r\n                     \r\n        <\/div>[\/vc_column][\/vc_row][vc_row][vc_column][vc_column_text]Hvis du bruker Topo GPS p\u00e5 Apple-enheter, gjelder <a href=\"https:\/\/www.apple.com\/legal\/internet-services\/itunes\/dev\/stdeula\/\">sluttbrukerlisensavtalen for AppStore-applikasjonen<\/a> i tillegg til punktene nevnt nedenfor.<\/p>\n<p>Hvis du bruker Topo GPS p\u00e5 Android-enheter, gjelder <a href=\"https:\/\/play.google.com\/about\/play-terms\/\">Google Play-butikkvilk\u00e5rene<\/a> i tillegg til punktene nevnt nedenfor.<\/p>\n<p>Hvis du bruker Topo GPS-appen gj\u00f8r du dette p\u00e5 egen risiko. Vi er ikke ansvarlige for skader for\u00e5rsaket av bruk av appen.<\/p>\n<p>Kart som brukes i Topo GPS kan ikke distribueres p\u00e5 noen m\u00e5te, forvent n\u00e5r kartlisensen eksplisitt tillater det. For \u00e5 se kartlisensen, trykk p\u00e5 opphavsrettsinformasjonen til et kart nederst.<\/p>\n<p>Hvis du deler ruten din med Topo GPS, vil ruten og mulige bilder bli tilgjengelig for andre brukere av Topo GPS. Topo GPS kan ogs\u00e5 bruke og distribuere disse rutene og bildene p\u00e5 deres nettside. Hvis du vil bruke til \u00e5 fjerne din delte rute, m\u00e5 du sende oss en melding.[\/vc_column_text][\/vc_column][\/vc_row][\/vc_section]<\/p>\n<\/div>","protected":false},"excerpt":{"rendered":"<p>[vc_section][vc_row][vc_column][\/vc_column][\/vc_row][vc_row][vc_column][vc_column_text]Hvis du bruker Topo GPS p\u00e5 Apple-enheter, gjelder sluttbrukerlisensavtalen for AppStore-applikasjonen i tillegg til punktene nevnt nedenfor. Hvis du bruker Topo GPS p\u00e5 Android-enheter, gjelder Google Play-butikkvilk\u00e5rene i tillegg til punktene nevnt nedenfor. Hvis du bruker Topo GPS-appen gj\u00f8r du dette p\u00e5 egen risiko. Vi er ikke ansvarlige for skader for\u00e5rsaket av bruk av appen. Kart som brukes i Topo GPS kan ikke distribueres p\u00e5 noen m\u00e5te, forvent n\u00e5r kartlisensen eksplisitt tillater det. For \u00e5 se kartlisensen, trykk p\u00e5 opphavsrettsinformasjonen til et kart nederst. Hvis du deler ruten din med Topo GPS, vil ruten og mulige bilder bli tilgjengelig for&#8230;<\/p>\n","protected":false},"author":1,"featured_media":0,"parent":0,"menu_order":0,"comment_status":"closed","ping_status":"closed","template":"","meta":{"footnotes":""},"class_list":["post-6355","page","type-page","status-publish","hentry","no-post-thumbnail"],"yoast_head":"<!-- This site is optimized with the Yoast SEO plugin v27.4 - https:\/\/yoast.com\/product\/yoast-seo-wordpress\/ -->\n<title>Vilk\u00e5r for bruk - Topo GPS<\/title>\n<meta name=\"robots\" content=\"index, follow, max-snippet:-1, max-image-preview:large, max-video-preview:-1\" \/>\n<link rel=\"canonical\" href=\"https:\/\/www.topo-gps.com\/no\/vilkar-for-bruk\/\" \/>\n<meta property=\"og:locale\" content=\"nb_NO\" \/>\n<meta property=\"og:type\" content=\"article\" \/>\n<meta property=\"og:title\" content=\"Vilk\u00e5r for bruk - Topo GPS\" \/>\n<meta property=\"og:description\" content=\"[vc_section][vc_row][vc_column][\/vc_column][\/vc_row][vc_row][vc_column][vc_column_text]Hvis du bruker Topo GPS p\u00e5 Apple-enheter, gjelder sluttbrukerlisensavtalen for AppStore-applikasjonen i tillegg til punktene nevnt nedenfor. Hvis du bruker Topo GPS p\u00e5 Android-enheter, gjelder Google Play-butikkvilk\u00e5rene i tillegg til punktene nevnt nedenfor. Hvis du bruker Topo GPS-appen gj\u00f8r du dette p\u00e5 egen risiko. Vi er ikke ansvarlige for skader for\u00e5rsaket av bruk av appen. Kart som brukes i Topo GPS kan ikke distribueres p\u00e5 noen m\u00e5te, forvent n\u00e5r kartlisensen eksplisitt tillater det. For \u00e5 se kartlisensen, trykk p\u00e5 opphavsrettsinformasjonen til et kart nederst. Hvis du deler ruten din med Topo GPS, vil ruten og mulige bilder bli tilgjengelig for...\" \/>\n<meta property=\"og:url\" content=\"https:\/\/www.topo-gps.com\/no\/vilkar-for-bruk\/\" \/>\n<meta property=\"og:site_name\" content=\"Topo GPS\" \/>\n<meta property=\"article:modified_time\" content=\"2022-02-06T20:21:39+00:00\" \/>\n<meta name=\"twitter:card\" content=\"summary_large_image\" \/>\n<meta name=\"twitter:label1\" content=\"Ansl. lesetid\" \/>\n\t<meta name=\"twitter:data1\" content=\"1 minutt\" \/>\n<script type=\"application\/ld+json\" class=\"yoast-schema-graph\">{\"@context\":\"https:\\\/\\\/schema.org\",\"@graph\":[{\"@type\":\"WebPage\",\"@id\":\"https:\\\/\\\/www.topo-gps.com\\\/no\\\/vilkar-for-bruk\\\/\",\"url\":\"https:\\\/\\\/www.topo-gps.com\\\/no\\\/vilkar-for-bruk\\\/\",\"name\":\"Vilk\u00e5r for bruk - Topo GPS\",\"isPartOf\":{\"@id\":\"https:\\\/\\\/www.topo-gps.com\\\/no\\\/#website\"},\"datePublished\":\"2022-01-29T19:41:54+00:00\",\"dateModified\":\"2022-02-06T20:21:39+00:00\",\"breadcrumb\":{\"@id\":\"https:\\\/\\\/www.topo-gps.com\\\/no\\\/vilkar-for-bruk\\\/#breadcrumb\"},\"inLanguage\":\"nb-NO\",\"potentialAction\":[{\"@type\":\"ReadAction\",\"target\":[\"https:\\\/\\\/www.topo-gps.com\\\/no\\\/vilkar-for-bruk\\\/\"]}]},{\"@type\":\"BreadcrumbList\",\"@id\":\"https:\\\/\\\/www.topo-gps.com\\\/no\\\/vilkar-for-bruk\\\/#breadcrumb\",\"itemListElement\":[{\"@type\":\"ListItem\",\"position\":1,\"name\":\"Home\",\"item\":\"https:\\\/\\\/www.topo-gps.com\\\/no\\\/topo-gps\\\/\"},{\"@type\":\"ListItem\",\"position\":2,\"name\":\"Vilk\u00e5r for bruk\"}]},{\"@type\":\"WebSite\",\"@id\":\"https:\\\/\\\/www.topo-gps.com\\\/no\\\/#website\",\"url\":\"https:\\\/\\\/www.topo-gps.com\\\/no\\\/\",\"name\":\"Topo GPS\",\"description\":\"Topographic maps GPS for iPhone, Android, iPad and Apple Watch\",\"potentialAction\":[{\"@type\":\"SearchAction\",\"target\":{\"@type\":\"EntryPoint\",\"urlTemplate\":\"https:\\\/\\\/www.topo-gps.com\\\/no\\\/?s={search_term_string}\"},\"query-input\":{\"@type\":\"PropertyValueSpecification\",\"valueRequired\":true,\"valueName\":\"search_term_string\"}}],\"inLanguage\":\"nb-NO\"}]}<\/script>\n<!-- \/ Yoast SEO plugin. -->","yoast_head_json":{"title":"Vilk\u00e5r for bruk - Topo GPS","robots":{"index":"index","follow":"follow","max-snippet":"max-snippet:-1","max-image-preview":"max-image-preview:large","max-video-preview":"max-video-preview:-1"},"canonical":"https:\/\/www.topo-gps.com\/no\/vilkar-for-bruk\/","og_locale":"nb_NO","og_type":"article","og_title":"Vilk\u00e5r for bruk - Topo GPS","og_description":"[vc_section][vc_row][vc_column][\/vc_column][\/vc_row][vc_row][vc_column][vc_column_text]Hvis du bruker Topo GPS p\u00e5 Apple-enheter, gjelder sluttbrukerlisensavtalen for AppStore-applikasjonen i tillegg til punktene nevnt nedenfor. Hvis du bruker Topo GPS p\u00e5 Android-enheter, gjelder Google Play-butikkvilk\u00e5rene i tillegg til punktene nevnt nedenfor. Hvis du bruker Topo GPS-appen gj\u00f8r du dette p\u00e5 egen risiko. Vi er ikke ansvarlige for skader for\u00e5rsaket av bruk av appen. Kart som brukes i Topo GPS kan ikke distribueres p\u00e5 noen m\u00e5te, forvent n\u00e5r kartlisensen eksplisitt tillater det. For \u00e5 se kartlisensen, trykk p\u00e5 opphavsrettsinformasjonen til et kart nederst. Hvis du deler ruten din med Topo GPS, vil ruten og mulige bilder bli tilgjengelig for...","og_url":"https:\/\/www.topo-gps.com\/no\/vilkar-for-bruk\/","og_site_name":"Topo GPS","article_modified_time":"2022-02-06T20:21:39+00:00","twitter_card":"summary_large_image","twitter_misc":{"Ansl. lesetid":"1 minutt"},"schema":{"@context":"https:\/\/schema.org","@graph":[{"@type":"WebPage","@id":"https:\/\/www.topo-gps.com\/no\/vilkar-for-bruk\/","url":"https:\/\/www.topo-gps.com\/no\/vilkar-for-bruk\/","name":"Vilk\u00e5r for bruk - Topo GPS","isPartOf":{"@id":"https:\/\/www.topo-gps.com\/no\/#website"},"datePublished":"2022-01-29T19:41:54+00:00","dateModified":"2022-02-06T20:21:39+00:00","breadcrumb":{"@id":"https:\/\/www.topo-gps.com\/no\/vilkar-for-bruk\/#breadcrumb"},"inLanguage":"nb-NO","potentialAction":[{"@type":"ReadAction","target":["https:\/\/www.topo-gps.com\/no\/vilkar-for-bruk\/"]}]},{"@type":"BreadcrumbList","@id":"https:\/\/www.topo-gps.com\/no\/vilkar-for-bruk\/#breadcrumb","itemListElement":[{"@type":"ListItem","position":1,"name":"Home","item":"https:\/\/www.topo-gps.com\/no\/topo-gps\/"},{"@type":"ListItem","position":2,"name":"Vilk\u00e5r for bruk"}]},{"@type":"WebSite","@id":"https:\/\/www.topo-gps.com\/no\/#website","url":"https:\/\/www.topo-gps.com\/no\/","name":"Topo GPS","description":"Topographic maps GPS for iPhone, Android, iPad and Apple Watch","potentialAction":[{"@type":"SearchAction","target":{"@type":"EntryPoint","urlTemplate":"https:\/\/www.topo-gps.com\/no\/?s={search_term_string}"},"query-input":{"@type":"PropertyValueSpecification","valueRequired":true,"valueName":"search_term_string"}}],"inLanguage":"nb-NO"}]}},"_links":{"self":[{"href":"https:\/\/www.topo-gps.com\/no\/wp-json\/wp\/v2\/pages\/6355","targetHints":{"allow":["GET"]}}],"collection":[{"href":"https:\/\/www.topo-gps.com\/no\/wp-json\/wp\/v2\/pages"}],"about":[{"href":"https:\/\/www.topo-gps.com\/no\/wp-json\/wp\/v2\/types\/page"}],"author":[{"embeddable":true,"href":"https:\/\/www.topo-gps.com\/no\/wp-json\/wp\/v2\/users\/1"}],"replies":[{"embeddable":true,"href":"https:\/\/www.topo-gps.com\/no\/wp-json\/wp\/v2\/comments?post=6355"}],"version-history":[{"count":0,"href":"https:\/\/www.topo-gps.com\/no\/wp-json\/wp\/v2\/pages\/6355\/revisions"}],"wp:attachment":[{"href":"https:\/\/www.topo-gps.com\/no\/wp-json\/wp\/v2\/media?parent=6355"}],"curies":[{"name":"wp","href":"https:\/\/api.w.org\/{rel}","templated":true}]}}