{"id":26346,"date":"2023-06-16T15:55:09","date_gmt":"2023-06-16T14:55:09","guid":{"rendered":"https:\/\/www.topo-gps.com\/kart\/terrengsykkelruter-lag\/"},"modified":"2023-06-16T16:41:07","modified_gmt":"2023-06-16T15:41:07","slug":"terrengsykkelruter-lag","status":"publish","type":"page","link":"https:\/\/www.topo-gps.com\/no\/kart\/terrengsykkelruter-lag\/","title":{"rendered":"Terrengsykkelruter lag"},"content":{"rendered":"<div class=\"wpb-content-wrapper\"><p>[vc_section enable_inner=&#8221;yes&#8221; section_type=&#8221;hero&#8221; inner_margin_top=&#8221;mt-100&#8243; parallax_image_attachment=&#8221;inherit&#8221; padding_class=&#8221;wide-100&#8243; css=&#8221;.vc_custom_1686928143911{background-image: url(https:\/\/www.topo-gps.com\/wp-content\/uploads\/2023\/06\/sipke_mountainbiker_on_a_path_photo_realistic_6c31544d-3751-4033-bae7-d807088a510e.png?id=26307) !important;background-position: center !important;background-repeat: no-repeat !important;background-size: cover !important;}&#8221;][vc_row parallax_image_attachment=&#8221;inherit&#8221; css=&#8221;.vc_custom_1639602296513{padding-top: 20px !important;padding-bottom: 20px !important;}&#8221;][vc_column width=&#8221;1\/2&#8243; css=&#8221;.vc_custom_1639603345318{margin-bottom: 20px !important;}&#8221;]\r\n        <div class=\"vc_custom_1686926621397  hero-txt\"> \r\n            \r\n                     \r\n            <h3 class=\"white-color h3-sm none  wow perch-fadeInUp fadeInUp\" style=\"font-weight: bold;\" data-wow-delay=\"300ms\" data-wow-duration=\"1200ms\">Terrengsykkelruter vises direkte p\u00e5 de topografiske kartene<\/h3>\r\n             \r\n            \r\n                        \r\n                        \r\n            \r\n                        \r\n                        \r\n                  \r\n        <\/div>[\/vc_column][vc_column width=&#8221;1\/2&#8243; css=&#8221;.vc_custom_1639603183972{padding-top: 40px !important;padding-bottom: 40px !important;}&#8221;]\r\n        <div class=\"hero-img  wow perch-fadeInUp fadeInUp\" data-wow-delay=\"300ms\" data-wow-duration=\"1200ms\"> \r\n        <img loading=\"lazy\" decoding=\"async\" class=\"vc_single_image-img img-fluid\" width=\"560\" height=\"604\"  src=\"https:\/\/www.topo-gps.com\/wp-content\/uploads\/2022\/04\/at-map1.png\" alt=\"External image\" \/>\r\n        <\/div>[\/vc_column][\/vc_row][\/vc_section][vc_section][vc_row][vc_column]\r\n        <div class=\"section-title  wow perch-fadeInUp fadeInUp text-center\" data-wow-delay=\"300ms\" data-wow-duration=\"1200ms\">\r\n            <h2 class=\"h2-sm\">Beste utend\u00f8rs kart for \u00d8sterrike<\/h2>\r\n            <p class=\"p-lg\">Offisielle topografiske kart er de beste utend\u00f8rskartene for \u00d8sterrike.<\/p>         \r\n        <\/div>[vc_column_text]\u00c5 ha et stort utvalg av europeiske terrengsykkelruter tilgjengelig p\u00e5 telefonen gir en rekke fordeler for terrengsyklister. Det lar ryttere utforske nye stier i Nederland, Tyskland, Frankrike og andre europeiske land uten \u00e5 bekymre seg for \u00e5 g\u00e5 seg vill, og gir en s\u00f8ml\u00f8s og hyggelig kj\u00f8reopplevelse. Med detaljerte kart og h\u00f8ydeprofiler sikrer terrengsykkelrutene en utfordrende, men likevel givende utend\u00f8rsopplevelse hver gang.<\/p>\n<p>Med denne verdifulle informasjonen til fingerspissene kan syklister trygt begi seg inn i ukjente omr\u00e5der mens de holder seg tilkoblet og trygge. Totalt sett, \u00e5 ha terrengsykkelruter p\u00e5 telefonen revolusjonerer m\u00e5ten ryttere n\u00e6rmer seg eventyrene sine p\u00e5, og maksimerer tiden sin p\u00e5 stiene samtidig som de sikrer en f\u00f8lelse av sikkerhet og utforskning.[\/vc_column_text][\/vc_column][\/vc_row][vc_row][vc_column width=&#8221;1\/2&#8243;][vc_single_image custom_src=&#8221;https:\/\/www.topo-gps.com\/wp-content\/uploads\/2022\/04\/at-map2.jpg&#8221; external_img_size=&#8221;391&#215;600&#8243; alignment=&#8221;center&#8221;][\/vc_column][vc_column width=&#8221;1\/2&#8243;][vc_row_inner][vc_column_inner width=&#8221;1\/2&#8243;]\r\n        <div class=\"wow perch-fadeInUp fadeInUp fbox\" data-wow-delay=\"300ms\" data-wow-duration=\"1200ms\"> \r\n            <div class=\"fbox grey-color-box\">\r\n                <div class=\"grey-color-icon b-icon box-icon-md\"><span class=\" grey-color\"><\/span><\/div>  \r\n                <div class=\"fbox-txt\">    \r\n                    <h5 class=\"h5-sm\">Omfattende<\/h5>\r\n                    <p class=\"grey-color\">Sett med terrengsykkelruter over hele Europa. De kan enkelt vises p\u00e5 det topografiske kartet eller Open Streetmap over landene.<\/p>\r\n                    \r\n                <\/div> \r\n            <\/div>        \r\n        <\/div>\r\n        <div class=\"wow perch-fadeInUp fadeInUp fbox\" data-wow-delay=\"300ms\" data-wow-duration=\"1200ms\"> \r\n            <div class=\"fbox grey-color-box\">\r\n                <div class=\"grey-color-icon b-icon box-icon-md\"><span class=\" grey-color\"><\/span><\/div>  \r\n                <div class=\"fbox-txt\">    \r\n                    <h5 class=\"h5-sm\">Farger<\/h5>\r\n                    <p class=\"grey-color\">Stifarger tilpasses skiltene p\u00e5 stien n\u00e5r de er kjent. Mange stier bruker de klassiske en trekanten og to prikker skiltene som mark\u00f8rer for stiene.  <\/p>\r\n                    \r\n                <\/div> \r\n            <\/div>        \r\n        <\/div>\r\n        <div class=\"wow perch-fadeInUp fadeInUp fbox\" data-wow-delay=\"300ms\" data-wow-duration=\"1200ms\"> \r\n            <div class=\"fbox grey-color-box\">\r\n                <div class=\"grey-color-icon b-icon box-icon-md\"><span class=\" grey-color\"><\/span><\/div>  \r\n                <div class=\"fbox-txt\">    \r\n                    <h5 class=\"h5-sm\">L\u00f8yperetning<\/h5>\r\n                    <p class=\"grey-color\">Mange enkeltspor har en enveis kj\u00f8reretning. Appen viser disse retningene slik at du vet hvilken vei du skal g\u00e5.  <\/p>\r\n                    \r\n                <\/div> \r\n            <\/div>        \r\n        <\/div>[\/vc_column_inner][vc_column_inner width=&#8221;1\/2&#8243;]\r\n        <div class=\"wow perch-fadeInUp fadeInUp fbox\" data-wow-delay=\"300ms\" data-wow-duration=\"1200ms\"> \r\n            <div class=\"fbox grey-color-box\">\r\n                <div class=\"grey-color-icon b-icon box-icon-md\"><span class=\" grey-color\"><\/span><\/div>  \r\n                <div class=\"fbox-txt\">    \r\n                    <h5 class=\"h5-sm\">Offline kart<\/h5>\r\n                    <p class=\"grey-color\">Du kan gj\u00f8re de topografiske kartene og stiene offline tilgjengelige. P\u00e5 denne m\u00e5ten er du sikker p\u00e5 at kartene du trenger alltid er tilgjengelige.<\/p>\r\n                    \r\n                <\/div> \r\n            <\/div>        \r\n        <\/div>\r\n        <div class=\"wow perch-fadeInUp fadeInUp fbox\" data-wow-delay=\"300ms\" data-wow-duration=\"1200ms\"> \r\n            <div class=\"fbox grey-color-box\">\r\n                <div class=\"grey-color-icon b-icon box-icon-md\"><span class=\" grey-color\"><\/span><\/div>  \r\n                <div class=\"fbox-txt\">    \r\n                    <h5 class=\"h5-sm\">Ruteinformasjon<\/h5>\r\n                    <p class=\"grey-color\">N\u00e5r tilgjengelig, gis en rutebeskrivelse samt grunnleggende informasjon om lengde og forbindelser til andre spor.  <\/p>\r\n                    \r\n                <\/div> \r\n            <\/div>        \r\n        <\/div>\r\n        <div class=\"wow perch-fadeInUp fadeInUp fbox\" data-wow-delay=\"300ms\" data-wow-duration=\"1200ms\"> \r\n            <div class=\"fbox grey-color-box\">\r\n                <div class=\"grey-color-icon b-icon box-icon-md\"><span class=\" grey-color\"><\/span><\/div>  \r\n                <div class=\"fbox-txt\">    \r\n                    <h5 class=\"h5-sm\">Topo GPS-funksjoner<\/h5>\r\n                    <p class=\"grey-color\">Topo GPS-appen tilbyr mange ekstra nyttige funksjoner til det topografiske kartet. Som \u00e5 navigere, laste, planlegge og f\u00f8lge ruter og legge til punkter p\u00e5 kartet. Topo GPS inneholder alle funksjonene til en vanlig GPS-enhet.<\/p>\r\n                    \r\n                <\/div> \r\n            <\/div>        \r\n        <\/div>[\/vc_column_inner][\/vc_row_inner][\/vc_column][\/vc_row][\/vc_section][vc_section][vc_row][vc_column]\r\n        <div class=\"section-title  wow perch-fadeInUp fadeInUp text-center\" data-wow-delay=\"300ms\" data-wow-duration=\"1200ms\">\r\n            <h2 class=\"h2-sm\">Hvilket kart foretrekker du \u00e5 utforske utend\u00f8rs?<\/h2>\r\n            <p class=\"p-lg\">Sammenlign deg selv<\/p>         \r\n        <\/div>[vc_row_inner][vc_column_inner width=&#8221;1\/3&#8243;][vc_column_text]<\/p>\n<h3 style=\"text-align: center;\">Google Kart<\/h3>\n<p>[\/vc_column_text][vc_single_image custom_src=&#8221;https:\/\/www.topo-gps.com\/wp-content\/uploads\/2022\/04\/at-gm.jpg&#8221; external_img_size=&#8221;277&#215;560&#8243; alignment=&#8221;center&#8221;][\/vc_column_inner][vc_column_inner width=&#8221;1\/3&#8243;][vc_column_text]<\/p>\n<h3 style=\"text-align: center;\">OpenStreetMap<\/h3>\n<p>[\/vc_column_text][vc_single_image custom_src=&#8221;https:\/\/www.topo-gps.com\/wp-content\/uploads\/2022\/04\/at-osm.jpg&#8221; external_img_size=&#8221;277&#215;560&#8243; alignment=&#8221;center&#8221;][\/vc_column_inner][vc_column_inner width=&#8221;1\/3&#8243;][vc_column_text]<\/p>\n<h3 style=\"text-align: center;\">Topografisk kart<\/h3>\n<p>[\/vc_column_text][vc_single_image custom_src=&#8221;https:\/\/www.topo-gps.com\/wp-content\/uploads\/2022\/04\/at-tg.jpg&#8221; external_img_size=&#8221;277&#215;560&#8243; alignment=&#8221;center&#8221;][\/vc_column_inner][\/vc_row_inner][\/vc_column][\/vc_row][\/vc_section]<\/p>\n<\/div>","protected":false},"excerpt":{"rendered":"<p>[vc_section enable_inner=&#8221;yes&#8221; section_type=&#8221;hero&#8221; inner_margin_top=&#8221;mt-100&#8243; parallax_image_attachment=&#8221;inherit&#8221; padding_class=&#8221;wide-100&#8243; css=&#8221;.vc_custom_1686928143911{background-image: url(https:\/\/www.topo-gps.com\/wp-content\/uploads\/2023\/06\/sipke_mountainbiker_on_a_path_photo_realistic_6c31544d-3751-4033-bae7-d807088a510e.png?id=26307) !important;background-position: center !important;background-repeat: no-repeat !important;background-size: cover !important;}&#8221;][vc_row parallax_image_attachment=&#8221;inherit&#8221; css=&#8221;.vc_custom_1639602296513{padding-top: 20px !important;padding-bottom: 20px !important;}&#8221;][vc_column width=&#8221;1\/2&#8243; css=&#8221;.vc_custom_1639603345318{margin-bottom: 20px !important;}&#8221;][\/vc_column][vc_column width=&#8221;1\/2&#8243; css=&#8221;.vc_custom_1639603183972{padding-top: 40px !important;padding-bottom: 40px !important;}&#8221;][\/vc_column][\/vc_row][\/vc_section][vc_section][vc_row][vc_column][vc_column_text]\u00c5 ha et stort utvalg av europeiske terrengsykkelruter tilgjengelig p\u00e5 telefonen gir en rekke fordeler for terrengsyklister. Det lar ryttere utforske nye stier i Nederland, Tyskland, Frankrike og andre europeiske land uten \u00e5 bekymre seg for \u00e5 g\u00e5 seg vill, og gir en s\u00f8ml\u00f8s og hyggelig kj\u00f8reopplevelse. Med detaljerte kart og h\u00f8ydeprofiler sikrer terrengsykkelrutene en utfordrende, men likevel givende utend\u00f8rsopplevelse hver gang. Med denne verdifulle informasjonen til fingerspissene kan syklister&#8230;<\/p>\n","protected":false},"author":1,"featured_media":0,"parent":6162,"menu_order":0,"comment_status":"closed","ping_status":"closed","template":"","meta":{"footnotes":""},"class_list":["post-26346","page","type-page","status-publish","hentry","no-post-thumbnail"],"yoast_head":"<!-- This site is optimized with the Yoast SEO plugin v27.3 - https:\/\/yoast.com\/product\/yoast-seo-wordpress\/ -->\n<title>Terrengsykkelruter lag - Topo GPS<\/title>\n<meta name=\"description\" content=\"Topo GPS har et tilleggslag som lar deg vise terrengsykkelruter, stier og spor p\u00e5 et topografisk kart\" \/>\n<meta name=\"robots\" content=\"index, follow, max-snippet:-1, max-image-preview:large, max-video-preview:-1\" \/>\n<link rel=\"canonical\" href=\"https:\/\/www.topo-gps.com\/no\/kart\/terrengsykkelruter-lag\/\" \/>\n<meta property=\"og:locale\" content=\"nb_NO\" \/>\n<meta property=\"og:type\" content=\"article\" \/>\n<meta property=\"og:title\" content=\"Terrengsykkelruter lag - Topo GPS\" \/>\n<meta property=\"og:description\" content=\"Topo GPS har et tilleggslag som lar deg vise terrengsykkelruter, stier og spor p\u00e5 et topografisk kart\" \/>\n<meta property=\"og:url\" content=\"https:\/\/www.topo-gps.com\/no\/kart\/terrengsykkelruter-lag\/\" \/>\n<meta property=\"og:site_name\" content=\"Topo GPS\" \/>\n<meta property=\"article:modified_time\" content=\"2023-06-16T15:41:07+00:00\" \/>\n<meta name=\"twitter:card\" content=\"summary_large_image\" \/>\n<meta name=\"twitter:label1\" content=\"Ansl. lesetid\" \/>\n\t<meta name=\"twitter:data1\" content=\"4 minutter\" \/>\n<script type=\"application\/ld+json\" class=\"yoast-schema-graph\">{\"@context\":\"https:\\\/\\\/schema.org\",\"@graph\":[{\"@type\":\"WebPage\",\"@id\":\"https:\\\/\\\/www.topo-gps.com\\\/no\\\/kart\\\/terrengsykkelruter-lag\\\/\",\"url\":\"https:\\\/\\\/www.topo-gps.com\\\/no\\\/kart\\\/terrengsykkelruter-lag\\\/\",\"name\":\"Terrengsykkelruter lag - Topo GPS\",\"isPartOf\":{\"@id\":\"https:\\\/\\\/www.topo-gps.com\\\/no\\\/#website\"},\"datePublished\":\"2023-06-16T14:55:09+00:00\",\"dateModified\":\"2023-06-16T15:41:07+00:00\",\"description\":\"Topo GPS har et tilleggslag som lar deg vise terrengsykkelruter, stier og spor p\u00e5 et topografisk kart\",\"breadcrumb\":{\"@id\":\"https:\\\/\\\/www.topo-gps.com\\\/no\\\/kart\\\/terrengsykkelruter-lag\\\/#breadcrumb\"},\"inLanguage\":\"nb-NO\",\"potentialAction\":[{\"@type\":\"ReadAction\",\"target\":[\"https:\\\/\\\/www.topo-gps.com\\\/no\\\/kart\\\/terrengsykkelruter-lag\\\/\"]}]},{\"@type\":\"BreadcrumbList\",\"@id\":\"https:\\\/\\\/www.topo-gps.com\\\/no\\\/kart\\\/terrengsykkelruter-lag\\\/#breadcrumb\",\"itemListElement\":[{\"@type\":\"ListItem\",\"position\":1,\"name\":\"Home\",\"item\":\"https:\\\/\\\/www.topo-gps.com\\\/no\\\/topo-gps\\\/\"},{\"@type\":\"ListItem\",\"position\":2,\"name\":\"Kart\",\"item\":\"https:\\\/\\\/www.topo-gps.com\\\/no\\\/kart\\\/\"},{\"@type\":\"ListItem\",\"position\":3,\"name\":\"Terrengsykkelruter lag\"}]},{\"@type\":\"WebSite\",\"@id\":\"https:\\\/\\\/www.topo-gps.com\\\/no\\\/#website\",\"url\":\"https:\\\/\\\/www.topo-gps.com\\\/no\\\/\",\"name\":\"Topo GPS\",\"description\":\"Topographic maps GPS for iPhone, Android, iPad and Apple Watch\",\"potentialAction\":[{\"@type\":\"SearchAction\",\"target\":{\"@type\":\"EntryPoint\",\"urlTemplate\":\"https:\\\/\\\/www.topo-gps.com\\\/no\\\/?s={search_term_string}\"},\"query-input\":{\"@type\":\"PropertyValueSpecification\",\"valueRequired\":true,\"valueName\":\"search_term_string\"}}],\"inLanguage\":\"nb-NO\"}]}<\/script>\n<!-- \/ Yoast SEO plugin. -->","yoast_head_json":{"title":"Terrengsykkelruter lag - Topo GPS","description":"Topo GPS har et tilleggslag som lar deg vise terrengsykkelruter, stier og spor p\u00e5 et topografisk kart","robots":{"index":"index","follow":"follow","max-snippet":"max-snippet:-1","max-image-preview":"max-image-preview:large","max-video-preview":"max-video-preview:-1"},"canonical":"https:\/\/www.topo-gps.com\/no\/kart\/terrengsykkelruter-lag\/","og_locale":"nb_NO","og_type":"article","og_title":"Terrengsykkelruter lag - Topo GPS","og_description":"Topo GPS har et tilleggslag som lar deg vise terrengsykkelruter, stier og spor p\u00e5 et topografisk kart","og_url":"https:\/\/www.topo-gps.com\/no\/kart\/terrengsykkelruter-lag\/","og_site_name":"Topo GPS","article_modified_time":"2023-06-16T15:41:07+00:00","twitter_card":"summary_large_image","twitter_misc":{"Ansl. lesetid":"4 minutter"},"schema":{"@context":"https:\/\/schema.org","@graph":[{"@type":"WebPage","@id":"https:\/\/www.topo-gps.com\/no\/kart\/terrengsykkelruter-lag\/","url":"https:\/\/www.topo-gps.com\/no\/kart\/terrengsykkelruter-lag\/","name":"Terrengsykkelruter lag - Topo GPS","isPartOf":{"@id":"https:\/\/www.topo-gps.com\/no\/#website"},"datePublished":"2023-06-16T14:55:09+00:00","dateModified":"2023-06-16T15:41:07+00:00","description":"Topo GPS har et tilleggslag som lar deg vise terrengsykkelruter, stier og spor p\u00e5 et topografisk kart","breadcrumb":{"@id":"https:\/\/www.topo-gps.com\/no\/kart\/terrengsykkelruter-lag\/#breadcrumb"},"inLanguage":"nb-NO","potentialAction":[{"@type":"ReadAction","target":["https:\/\/www.topo-gps.com\/no\/kart\/terrengsykkelruter-lag\/"]}]},{"@type":"BreadcrumbList","@id":"https:\/\/www.topo-gps.com\/no\/kart\/terrengsykkelruter-lag\/#breadcrumb","itemListElement":[{"@type":"ListItem","position":1,"name":"Home","item":"https:\/\/www.topo-gps.com\/no\/topo-gps\/"},{"@type":"ListItem","position":2,"name":"Kart","item":"https:\/\/www.topo-gps.com\/no\/kart\/"},{"@type":"ListItem","position":3,"name":"Terrengsykkelruter lag"}]},{"@type":"WebSite","@id":"https:\/\/www.topo-gps.com\/no\/#website","url":"https:\/\/www.topo-gps.com\/no\/","name":"Topo GPS","description":"Topographic maps GPS for iPhone, Android, iPad and Apple Watch","potentialAction":[{"@type":"SearchAction","target":{"@type":"EntryPoint","urlTemplate":"https:\/\/www.topo-gps.com\/no\/?s={search_term_string}"},"query-input":{"@type":"PropertyValueSpecification","valueRequired":true,"valueName":"search_term_string"}}],"inLanguage":"nb-NO"}]}},"_links":{"self":[{"href":"https:\/\/www.topo-gps.com\/no\/wp-json\/wp\/v2\/pages\/26346","targetHints":{"allow":["GET"]}}],"collection":[{"href":"https:\/\/www.topo-gps.com\/no\/wp-json\/wp\/v2\/pages"}],"about":[{"href":"https:\/\/www.topo-gps.com\/no\/wp-json\/wp\/v2\/types\/page"}],"author":[{"embeddable":true,"href":"https:\/\/www.topo-gps.com\/no\/wp-json\/wp\/v2\/users\/1"}],"replies":[{"embeddable":true,"href":"https:\/\/www.topo-gps.com\/no\/wp-json\/wp\/v2\/comments?post=26346"}],"version-history":[{"count":0,"href":"https:\/\/www.topo-gps.com\/no\/wp-json\/wp\/v2\/pages\/26346\/revisions"}],"up":[{"embeddable":true,"href":"https:\/\/www.topo-gps.com\/no\/wp-json\/wp\/v2\/pages\/6162"}],"wp:attachment":[{"href":"https:\/\/www.topo-gps.com\/no\/wp-json\/wp\/v2\/media?parent=26346"}],"curies":[{"name":"wp","href":"https:\/\/api.w.org\/{rel}","templated":true}]}}