{"id":15072,"date":"2022-04-06T15:12:55","date_gmt":"2022-04-06T14:12:55","guid":{"rendered":"https:\/\/www.topo-gps.com\/topografisk-kart-over-sverige\/"},"modified":"2023-03-17T21:21:16","modified_gmt":"2023-03-17T20:21:16","slug":"topografisk-kart-over-sverige","status":"publish","type":"page","link":"https:\/\/www.topo-gps.com\/no\/topografisk-kart-over-sverige\/","title":{"rendered":"Topografisk kart over Sverige"},"content":{"rendered":"<div class=\"wpb-content-wrapper\"><p>[vc_section enable_inner=&#8221;yes&#8221; section_type=&#8221;hero&#8221; inner_margin_top=&#8221;mt-100&#8243; parallax_image_attachment=&#8221;inherit&#8221; padding_class=&#8221;wide-100&#8243; css=&#8221;.vc_custom_1649319544128{background-image: url(https:\/\/www.topo-gps.com\/wp-content\/uploads\/2022\/04\/fAE12xn8L7bd.jpg?id=16807) !important;background-position: center !important;background-repeat: no-repeat !important;background-size: cover !important;}&#8221;][vc_row parallax_image_attachment=&#8221;inherit&#8221; css=&#8221;.vc_custom_1639602296513{padding-top: 20px !important;padding-bottom: 20px !important;}&#8221;][vc_column width=&#8221;1\/2&#8243; css=&#8221;.vc_custom_1639603345318{margin-bottom: 20px !important;}&#8221;]\r\n        <div class=\"vc_custom_1649317614127  hero-txt\"> \r\n            \r\n                     \r\n            <h3 class=\"white-color h3-sm none  wow perch-fadeInUp fadeInUp\" style=\"font-weight: bold;\" data-wow-delay=\"300ms\" data-wow-duration=\"1200ms\">Topografisk kart over Sverige p\u00e5 din iPhone, Android-telefon og Apple Watch<\/h3>\r\n             \r\n            \r\n                        \r\n                        \r\n            \r\n                        \r\n                        \r\n                  \r\n        <\/div>[vc_row_inner][vc_column_inner width=&#8221;1\/2&#8243; css=&#8221;.vc_custom_1639605647058{padding-top: 10px !important;padding-bottom: 10px !important;}&#8221;]\r\n        <div class=\"hero-img  wow perch-fadeInUp fadeInUp text-center\" data-wow-delay=\"300ms\" data-wow-duration=\"1200ms\"> \r\n        <a href=\"https:\/\/apps.apple.com\/gb\/app\/topo-gps\/id578960575\" target=\"_self\" class=\"vc_single_image-wrapper  \"><img loading=\"lazy\" decoding=\"async\" class=\"vc_single_image-img img-fluid\" width=\"160\" height=\"50\"  src=\"https:\/\/www.topo-gps.com\/wp-content\/themes\/appset\/images\/appstore.png\" alt=\"External image\" \/><\/a>\r\n        <\/div>[\/vc_column_inner][vc_column_inner width=&#8221;1\/2&#8243; css=&#8221;.vc_custom_1639605658368{padding-top: 10px !important;padding-bottom: 10px !important;}&#8221;]\r\n        <div class=\"hero-img  wow perch-fadeInUp fadeInUp text-center\" data-wow-delay=\"300ms\" data-wow-duration=\"1200ms\"> \r\n        <a href=\"https:\/\/play.google.com\/store\/apps\/details?id=uk.rdzl.topo.gps&amp;hl=en\" target=\"_self\" class=\"vc_single_image-wrapper  \"><img loading=\"lazy\" decoding=\"async\" class=\"vc_single_image-img img-fluid\" width=\"171\" height=\"50\"  src=\"https:\/\/www.topo-gps.com\/wp-content\/themes\/appset\/images\/googleplay.png\" alt=\"External image\" \/><\/a>\r\n        <\/div>[\/vc_column_inner][\/vc_row_inner][\/vc_column][vc_column width=&#8221;1\/2&#8243; css=&#8221;.vc_custom_1639603183972{padding-top: 40px !important;padding-bottom: 40px !important;}&#8221;]\r\n        <div class=\"hero-img  wow perch-fadeInUp fadeInUp\" data-wow-delay=\"300ms\" data-wow-duration=\"1200ms\"> \r\n        <img loading=\"lazy\" decoding=\"async\" class=\"vc_single_image-img img-fluid\" width=\"560\" height=\"604\"  src=\"https:\/\/www.topo-gps.com\/wp-content\/uploads\/2022\/04\/se-map.png\" alt=\"External image\" \/>\r\n        <\/div>[\/vc_column][\/vc_row][\/vc_section][vc_section][vc_row][vc_column]\r\n        <div class=\"section-title  wow perch-fadeInUp fadeInUp text-center\" data-wow-delay=\"300ms\" data-wow-duration=\"1200ms\">\r\n            <h2 class=\"h2-sm\">Beste utend\u00f8rs kart for Sverige<\/h2>\r\n            <p class=\"p-lg\">Offisielle topografiske kart fra Lantmateriet er de beste friluftskartene for Sverige.<\/p>         \r\n        <\/div>[vc_column_text]Sverige er et land med enorm naturlig skj\u00f8nnhet, med et bredt spekter av utend\u00f8rsaktiviteter \u00e5 nyte hele \u00e5ret. Fra fotturer og sykling til ski og isfiske, det er alltid noe \u00e5 gj\u00f8re i Sveriges store friluftsliv.<\/p>\n<p>Vandring er en av de mest popul\u00e6re friluftsaktivitetene i Sverige, og det er mange godt merkede stier som tar bes\u00f8kende gjennom landets fantastiske skoger, fjell og kystregioner. Noen av de mest popul\u00e6re turm\u00e5lene inkluderer Kungsleden-stien i Lappland, som strekker seg over 400 km gjennom den nordlige villmarken, og Skuleskogen nasjonalpark p\u00e5 H\u00f8ykysten, som byr p\u00e5 en fantastisk utsikt over \u00d8stersj\u00f8en.<\/p>\n<p>Sykling er en annen popul\u00e6r aktivitet i Sverige, med mange sykkelvennlige byer og naturskj\u00f8nne sykkelruter som tar bes\u00f8kende gjennom noen av landets vakreste landskap. Kattegattleden, for eksempel, er en 400 km lang sykkelrute som g\u00e5r langs Sveriges vestkyst, og tilbyr fantastisk utsikt over havet og landskapet.<\/p>\n<p>Om vinteren er Sverige et popul\u00e6rt reisem\u00e5l for ski og annen vintersport. Det finnes flere skisteder i verdensklasse, inkludert \u00c5re, et av de st\u00f8rste og mest popul\u00e6re skistedene i Skandinavia. Langrenn, ogs\u00e5 kjent som langlaufing, er en popul\u00e6r aktivitet i Sverige, med over 3000 km med velpreparerte l\u00f8yper \u00e5 utforske.<\/p>\n<p>Sveriges mange innsj\u00f8er og elver tilbyr ogs\u00e5 mange muligheter for vannsport som kajakkpadling, kanopadling og fiske. Om sommeren kan bes\u00f8kende ta en dukkert i det forfriskende vannet, mens om vinteren er isfiske en popul\u00e6r aktivitet.<\/p>\n<p>Totalt sett gj\u00f8r Sveriges naturlige skj\u00f8nnhet, mangfoldige utend\u00f8rsaktiviteter og velutviklede infrastruktur det til et must-bes\u00f8k destinasjon for eventyrs\u00f8kere og naturelskere. Enten det er fotturer, sykling, ski eller fiske, er det alltid noe \u00e5 gj\u00f8re i Sveriges store friluftsliv.[\/vc_column_text][\/vc_column][\/vc_row][vc_row][vc_column width=&#8221;1\/2&#8243;][vc_single_image custom_src=&#8221;https:\/\/www.topo-gps.com\/wp-content\/uploads\/2022\/04\/se-map2.jpg&#8221; external_img_size=&#8221;391&#215;600&#8243; alignment=&#8221;center&#8221;][\/vc_column][vc_column width=&#8221;1\/2&#8243;][vc_row_inner][vc_column_inner width=&#8221;1\/2&#8243;]\r\n        <div class=\"wow perch-fadeInUp fadeInUp fbox\" data-wow-delay=\"300ms\" data-wow-duration=\"1200ms\"> \r\n            <div class=\"fbox grey-color-box\">\r\n                <div class=\"grey-color-icon b-icon box-icon-md\"><span class=\" grey-color\"><\/span><\/div>  \r\n                <div class=\"fbox-txt\">    \r\n                    <h5 class=\"h5-sm\">Topografisk kart<\/h5>\r\n                    <p class=\"grey-color\">Et topografisk kart inneholder mange detaljer som h\u00f8ydekonturer, sm\u00e5veier og arealbruk og er dermed ideelt for navigering utend\u00f8rs.<\/p>\r\n                    \r\n                <\/div> \r\n            <\/div>        \r\n        <\/div>\r\n        <div class=\"wow perch-fadeInUp fadeInUp fbox\" data-wow-delay=\"300ms\" data-wow-duration=\"1200ms\"> \r\n            <div class=\"fbox grey-color-box\">\r\n                <div class=\"grey-color-icon b-icon box-icon-md\"><span class=\" grey-color\"><\/span><\/div>  \r\n                <div class=\"fbox-txt\">    \r\n                    <h5 class=\"h5-sm\">Kart 1:50 000<\/h5>\r\n                    <p class=\"grey-color\">I Topo GPS kan du kj\u00f8pe tilgang til hele Karta 1:50 000 topografiske kart over Sverige. Karta 1:50 000 er produsert av Lantm\u00e4teriet, den nasjonale kartmyndigheten i Sverige.<\/p>\r\n                    \r\n                <\/div> \r\n            <\/div>        \r\n        <\/div>\r\n        <div class=\"wow perch-fadeInUp fadeInUp fbox\" data-wow-delay=\"300ms\" data-wow-duration=\"1200ms\"> \r\n            <div class=\"fbox grey-color-box\">\r\n                <div class=\"grey-color-icon b-icon box-icon-md\"><span class=\" grey-color\"><\/span><\/div>  \r\n                <div class=\"fbox-txt\">    \r\n                    <h5 class=\"h5-sm\">Priser<\/h5>\r\n                    <p class=\"grey-color\">Full tilgang til de komplette Karta50 topografiske kartene over Sverige koster \u20ac3,99. Dette er et engangskj\u00f8p og gir livslang tilgang. Gratis fremtidige oppdateringer er inkludert. Kartet er tilgjengelig p\u00e5 alle enheter som bruker samme Apple-ID eller Google Play-konto.<\/p>\r\n                    \r\n                <\/div> \r\n            <\/div>        \r\n        <\/div>[\/vc_column_inner][vc_column_inner width=&#8221;1\/2&#8243;]\r\n        <div class=\"wow perch-fadeInUp fadeInUp fbox\" data-wow-delay=\"300ms\" data-wow-duration=\"1200ms\"> \r\n            <div class=\"fbox grey-color-box\">\r\n                <div class=\"grey-color-icon b-icon box-icon-md\"><span class=\" grey-color\"><\/span><\/div>  \r\n                <div class=\"fbox-txt\">    \r\n                    <h5 class=\"h5-sm\">Offline kart<\/h5>\r\n                    <p class=\"grey-color\">Du kan gj\u00f8re de topografiske kartene tilgjengelige offline. P\u00e5 denne m\u00e5ten er du sikker p\u00e5 at kartene du trenger alltid er tilgjengelige.<\/p>\r\n                    \r\n                <\/div> \r\n            <\/div>        \r\n        <\/div>\r\n        <div class=\"wow perch-fadeInUp fadeInUp fbox\" data-wow-delay=\"300ms\" data-wow-duration=\"1200ms\"> \r\n            <div class=\"fbox grey-color-box\">\r\n                <div class=\"grey-color-icon b-icon box-icon-md\"><span class=\" grey-color\"><\/span><\/div>  \r\n                <div class=\"fbox-txt\">    \r\n                    <h5 class=\"h5-sm\">Klar legende<\/h5>\r\n                    <p class=\"grey-color\">Det topografiske kartet har en tydelig legende med forklaringer av alle symboler.<\/p>\r\n                    \r\n                <\/div> \r\n            <\/div>        \r\n        <\/div>\r\n        <div class=\"wow perch-fadeInUp fadeInUp fbox\" data-wow-delay=\"300ms\" data-wow-duration=\"1200ms\"> \r\n            <div class=\"fbox grey-color-box\">\r\n                <div class=\"grey-color-icon b-icon box-icon-md\"><span class=\" grey-color\"><\/span><\/div>  \r\n                <div class=\"fbox-txt\">    \r\n                    <h5 class=\"h5-sm\">Topo GPS-app<\/h5>\r\n                    <p class=\"grey-color\">Topo GPS-appen tilbyr mange ekstra nyttige funksjoner til det topografiske kartet. Som \u00e5 navigere, laste, planlegge og f\u00f8lge ruter og legge til punkter p\u00e5 kartet. Topo GPS inneholder alle funksjonene til en vanlig GPS-enhet.<\/p>\r\n                    \r\n                <\/div> \r\n            <\/div>        \r\n        <\/div>[\/vc_column_inner][\/vc_row_inner][\/vc_column][\/vc_row][\/vc_section][vc_section][vc_row][vc_column]\r\n        <div class=\"section-title  wow perch-fadeInUp fadeInUp text-center\" data-wow-delay=\"300ms\" data-wow-duration=\"1200ms\">\r\n            <h2 class=\"h2-sm\">Hvilket kart foretrekker du \u00e5 utforske utend\u00f8rs?<\/h2>\r\n            <p class=\"p-lg\">Sammenlign deg selv<\/p>         \r\n        <\/div>[vc_row_inner][vc_column_inner width=&#8221;1\/3&#8243;][vc_column_text]<\/p>\n<h3 style=\"text-align: center;\">Google Kart<\/h3>\n<p>[\/vc_column_text][vc_single_image custom_src=&#8221;https:\/\/www.topo-gps.com\/wp-content\/uploads\/2022\/04\/se-gm.jpg&#8221; external_img_size=&#8221;277&#215;560&#8243; alignment=&#8221;center&#8221;][\/vc_column_inner][vc_column_inner width=&#8221;1\/3&#8243;][vc_column_text]<\/p>\n<h3 style=\"text-align: center;\">OpenStreetMap<\/h3>\n<p>[\/vc_column_text][vc_single_image custom_src=&#8221;https:\/\/www.topo-gps.com\/wp-content\/uploads\/2022\/04\/se-osm.jpg&#8221; external_img_size=&#8221;277&#215;560&#8243; alignment=&#8221;center&#8221;][\/vc_column_inner][vc_column_inner width=&#8221;1\/3&#8243;][vc_column_text]<\/p>\n<h3 style=\"text-align: center;\">Topografisk kart<\/h3>\n<p>[\/vc_column_text][vc_single_image custom_src=&#8221;https:\/\/www.topo-gps.com\/wp-content\/uploads\/2022\/04\/se-tg.jpg&#8221; external_img_size=&#8221;277&#215;560&#8243; alignment=&#8221;center&#8221;][\/vc_column_inner][\/vc_row_inner][\/vc_column][\/vc_row][\/vc_section][vc_section section_type=&#8221;hero&#8221; hero_type=&#8221;1&#8243; parallax_image_attachment=&#8221;fixed&#8221; padding_class=&#8221;&#8221;][vc_row content_placement=&#8221;&#8221; parallax_image_attachment=&#8221;inherit&#8221;][vc_column width=&#8221;1\/2&#8243; column_inner_style=&#8221;hero-txt&#8221; hero_txt_type=&#8221;1&#8243;]\r\n        <div class=\"hero-txt\"> \r\n            \r\n            <h2 class=\" wow perch-fadeInUp fadeInUp\" data-wow-delay=\"300ms\" data-wow-duration=\"1200ms\">Topo GPS<\/h2>         \r\n            <h3 class=\"h3-sm  wow perch-fadeInUp fadeInUp\" data-wow-delay=\"400ms\" data-wow-duration=\"1200ms\">Gj\u00f8r din iPhone, Android-telefon eller nettbrett til en fullverdig GPS-enhet med offline tilgjengelige topografiske kart.<\/h3>\r\n             \r\n            \r\n                        \r\n                        \r\n            \r\n                        \r\n                        \r\n                  \r\n        <\/div>[vc_row_inner][vc_column_inner width=&#8221;1\/2&#8243; css=&#8221;.vc_custom_1639605647058{padding-top: 10px !important;padding-bottom: 10px !important;}&#8221;]\r\n        <div class=\"hero-img  wow perch-fadeInUp fadeInUp text-center\" data-wow-delay=\"300ms\" data-wow-duration=\"1200ms\"> \r\n        <a href=\"https:\/\/apps.apple.com\/gb\/app\/topo-gps\/id578960575\" target=\"_self\" class=\"vc_single_image-wrapper  \"><img loading=\"lazy\" decoding=\"async\" class=\"vc_single_image-img img-fluid\" width=\"160\" height=\"50\"  src=\"https:\/\/www.topo-gps.com\/wp-content\/themes\/appset\/images\/appstore.png\" alt=\"External image\" \/><\/a>\r\n        <\/div>[\/vc_column_inner][vc_column_inner width=&#8221;1\/2&#8243; css=&#8221;.vc_custom_1639605658368{padding-top: 10px !important;padding-bottom: 10px !important;}&#8221;]\r\n        <div class=\"hero-img  wow perch-fadeInUp fadeInUp text-center\" data-wow-delay=\"300ms\" data-wow-duration=\"1200ms\"> \r\n        <a href=\"https:\/\/play.google.com\/store\/apps\/details?id=uk.rdzl.topo.gps&amp;hl=en\" target=\"_self\" class=\"vc_single_image-wrapper  \"><img loading=\"lazy\" decoding=\"async\" class=\"vc_single_image-img img-fluid\" width=\"171\" height=\"50\"  src=\"https:\/\/www.topo-gps.com\/wp-content\/themes\/appset\/images\/googleplay.png\" alt=\"External image\" \/><\/a>\r\n        <\/div>[\/vc_column_inner][\/vc_row_inner][\/vc_column][vc_column width=&#8221;1\/2&#8243;]\r\n        <div class=\"wow perch-fadeInRight fadeInRight hero-1-img\" data-wow-delay=\"300ms\" data-wow-duration=\"1200ms\"> \r\n        <img decoding=\"async\" class=\"vc_single_image-img img-fluid\"  src=\"https:\/\/www.topo-gps.com\/wp-content\/uploads\/2022\/04\/sv-main-1-1.png\" alt=\"External image\" \/>\r\n        <\/div>[\/vc_column][\/vc_row][\/vc_section]<\/p>\n<\/div>","protected":false},"excerpt":{"rendered":"<p>[vc_section enable_inner=&#8221;yes&#8221; section_type=&#8221;hero&#8221; inner_margin_top=&#8221;mt-100&#8243; parallax_image_attachment=&#8221;inherit&#8221; padding_class=&#8221;wide-100&#8243; css=&#8221;.vc_custom_1649319544128{background-image: url(https:\/\/www.topo-gps.com\/wp-content\/uploads\/2022\/04\/fAE12xn8L7bd.jpg?id=16807) !important;background-position: center !important;background-repeat: no-repeat !important;background-size: cover !important;}&#8221;][vc_row parallax_image_attachment=&#8221;inherit&#8221; css=&#8221;.vc_custom_1639602296513{padding-top: 20px !important;padding-bottom: 20px !important;}&#8221;][vc_column width=&#8221;1\/2&#8243; css=&#8221;.vc_custom_1639603345318{margin-bottom: 20px !important;}&#8221;][vc_row_inner][vc_column_inner width=&#8221;1\/2&#8243; css=&#8221;.vc_custom_1639605647058{padding-top: 10px !important;padding-bottom: 10px !important;}&#8221;][\/vc_column_inner][vc_column_inner width=&#8221;1\/2&#8243; css=&#8221;.vc_custom_1639605658368{padding-top: 10px !important;padding-bottom: 10px !important;}&#8221;][\/vc_column_inner][\/vc_row_inner][\/vc_column][vc_column width=&#8221;1\/2&#8243; css=&#8221;.vc_custom_1639603183972{padding-top: 40px !important;padding-bottom: 40px !important;}&#8221;][\/vc_column][\/vc_row][\/vc_section][vc_section][vc_row][vc_column][vc_column_text]Sverige er et land med enorm naturlig skj\u00f8nnhet, med et bredt spekter av utend\u00f8rsaktiviteter \u00e5 nyte hele \u00e5ret. Fra fotturer og sykling til ski og isfiske, det er alltid noe \u00e5 gj\u00f8re i Sveriges store friluftsliv. Vandring er en av de mest popul\u00e6re friluftsaktivitetene i Sverige, og det er mange godt merkede stier som tar bes\u00f8kende gjennom landets&#8230;<\/p>\n","protected":false},"author":1,"featured_media":0,"parent":0,"menu_order":0,"comment_status":"closed","ping_status":"closed","template":"","meta":{"footnotes":""},"class_list":["post-15072","page","type-page","status-publish","hentry","no-post-thumbnail"],"yoast_head":"<!-- This site is optimized with the Yoast SEO plugin v27.6 - https:\/\/yoast.com\/product\/yoast-seo-wordpress\/ -->\n<title>Topografisk kart over Sverige - Topo GPS<\/title>\n<meta name=\"robots\" content=\"index, follow, max-snippet:-1, max-image-preview:large, max-video-preview:-1\" \/>\n<link rel=\"canonical\" href=\"https:\/\/www.topo-gps.com\/no\/topografisk-kart-over-sverige\/\" \/>\n<meta property=\"og:locale\" content=\"nb_NO\" \/>\n<meta property=\"og:type\" content=\"article\" \/>\n<meta property=\"og:title\" content=\"Topografisk kart over Sverige - Topo GPS\" \/>\n<meta property=\"og:description\" content=\"[vc_section enable_inner=&#8221;yes&#8221; section_type=&#8221;hero&#8221; inner_margin_top=&#8221;mt-100&#8243; parallax_image_attachment=&#8221;inherit&#8221; padding_class=&#8221;wide-100&#8243; css=&#8221;.vc_custom_1649319544128{background-image: url(https:\/\/www.topo-gps.com\/wp-content\/uploads\/2022\/04\/fAE12xn8L7bd.jpg?id=16807) !important;background-position: center !important;background-repeat: no-repeat !important;background-size: cover !important;}&#8221;][vc_row parallax_image_attachment=&#8221;inherit&#8221; css=&#8221;.vc_custom_1639602296513{padding-top: 20px !important;padding-bottom: 20px !important;}&#8221;][vc_column width=&#8221;1\/2&#8243; css=&#8221;.vc_custom_1639603345318{margin-bottom: 20px !important;}&#8221;][vc_row_inner][vc_column_inner width=&#8221;1\/2&#8243; css=&#8221;.vc_custom_1639605647058{padding-top: 10px !important;padding-bottom: 10px !important;}&#8221;][\/vc_column_inner][vc_column_inner width=&#8221;1\/2&#8243; css=&#8221;.vc_custom_1639605658368{padding-top: 10px !important;padding-bottom: 10px !important;}&#8221;][\/vc_column_inner][\/vc_row_inner][\/vc_column][vc_column width=&#8221;1\/2&#8243; css=&#8221;.vc_custom_1639603183972{padding-top: 40px !important;padding-bottom: 40px !important;}&#8221;][\/vc_column][\/vc_row][\/vc_section][vc_section][vc_row][vc_column][vc_column_text]Sverige er et land med enorm naturlig skj\u00f8nnhet, med et bredt spekter av utend\u00f8rsaktiviteter \u00e5 nyte hele \u00e5ret. Fra fotturer og sykling til ski og isfiske, det er alltid noe \u00e5 gj\u00f8re i Sveriges store friluftsliv. Vandring er en av de mest popul\u00e6re friluftsaktivitetene i Sverige, og det er mange godt merkede stier som tar bes\u00f8kende gjennom landets...\" \/>\n<meta property=\"og:url\" content=\"https:\/\/www.topo-gps.com\/no\/topografisk-kart-over-sverige\/\" \/>\n<meta property=\"og:site_name\" content=\"Topo GPS\" \/>\n<meta property=\"article:modified_time\" content=\"2023-03-17T20:21:16+00:00\" \/>\n<meta name=\"twitter:card\" content=\"summary_large_image\" \/>\n<meta name=\"twitter:label1\" content=\"Ansl. lesetid\" \/>\n\t<meta name=\"twitter:data1\" content=\"6 minutter\" \/>\n<script type=\"application\/ld+json\" class=\"yoast-schema-graph\">{\"@context\":\"https:\\\/\\\/schema.org\",\"@graph\":[{\"@type\":\"WebPage\",\"@id\":\"https:\\\/\\\/www.topo-gps.com\\\/no\\\/topografisk-kart-over-sverige\\\/\",\"url\":\"https:\\\/\\\/www.topo-gps.com\\\/no\\\/topografisk-kart-over-sverige\\\/\",\"name\":\"Topografisk kart over Sverige - Topo GPS\",\"isPartOf\":{\"@id\":\"https:\\\/\\\/www.topo-gps.com\\\/no\\\/#website\"},\"datePublished\":\"2022-04-06T14:12:55+00:00\",\"dateModified\":\"2023-03-17T20:21:16+00:00\",\"breadcrumb\":{\"@id\":\"https:\\\/\\\/www.topo-gps.com\\\/no\\\/topografisk-kart-over-sverige\\\/#breadcrumb\"},\"inLanguage\":\"nb-NO\",\"potentialAction\":[{\"@type\":\"ReadAction\",\"target\":[\"https:\\\/\\\/www.topo-gps.com\\\/no\\\/topografisk-kart-over-sverige\\\/\"]}]},{\"@type\":\"BreadcrumbList\",\"@id\":\"https:\\\/\\\/www.topo-gps.com\\\/no\\\/topografisk-kart-over-sverige\\\/#breadcrumb\",\"itemListElement\":[{\"@type\":\"ListItem\",\"position\":1,\"name\":\"Home\",\"item\":\"https:\\\/\\\/www.topo-gps.com\\\/no\\\/topo-gps\\\/\"},{\"@type\":\"ListItem\",\"position\":2,\"name\":\"Topografisk kart over Sverige\"}]},{\"@type\":\"WebSite\",\"@id\":\"https:\\\/\\\/www.topo-gps.com\\\/no\\\/#website\",\"url\":\"https:\\\/\\\/www.topo-gps.com\\\/no\\\/\",\"name\":\"Topo GPS\",\"description\":\"Topographic maps GPS for iPhone, Android, iPad and Apple Watch\",\"potentialAction\":[{\"@type\":\"SearchAction\",\"target\":{\"@type\":\"EntryPoint\",\"urlTemplate\":\"https:\\\/\\\/www.topo-gps.com\\\/no\\\/?s={search_term_string}\"},\"query-input\":{\"@type\":\"PropertyValueSpecification\",\"valueRequired\":true,\"valueName\":\"search_term_string\"}}],\"inLanguage\":\"nb-NO\"}]}<\/script>\n<!-- \/ Yoast SEO plugin. -->","yoast_head_json":{"title":"Topografisk kart over Sverige - Topo GPS","robots":{"index":"index","follow":"follow","max-snippet":"max-snippet:-1","max-image-preview":"max-image-preview:large","max-video-preview":"max-video-preview:-1"},"canonical":"https:\/\/www.topo-gps.com\/no\/topografisk-kart-over-sverige\/","og_locale":"nb_NO","og_type":"article","og_title":"Topografisk kart over Sverige - Topo GPS","og_description":"[vc_section enable_inner=&#8221;yes&#8221; section_type=&#8221;hero&#8221; inner_margin_top=&#8221;mt-100&#8243; parallax_image_attachment=&#8221;inherit&#8221; padding_class=&#8221;wide-100&#8243; css=&#8221;.vc_custom_1649319544128{background-image: url(https:\/\/www.topo-gps.com\/wp-content\/uploads\/2022\/04\/fAE12xn8L7bd.jpg?id=16807) !important;background-position: center !important;background-repeat: no-repeat !important;background-size: cover !important;}&#8221;][vc_row parallax_image_attachment=&#8221;inherit&#8221; css=&#8221;.vc_custom_1639602296513{padding-top: 20px !important;padding-bottom: 20px !important;}&#8221;][vc_column width=&#8221;1\/2&#8243; css=&#8221;.vc_custom_1639603345318{margin-bottom: 20px !important;}&#8221;][vc_row_inner][vc_column_inner width=&#8221;1\/2&#8243; css=&#8221;.vc_custom_1639605647058{padding-top: 10px !important;padding-bottom: 10px !important;}&#8221;][\/vc_column_inner][vc_column_inner width=&#8221;1\/2&#8243; css=&#8221;.vc_custom_1639605658368{padding-top: 10px !important;padding-bottom: 10px !important;}&#8221;][\/vc_column_inner][\/vc_row_inner][\/vc_column][vc_column width=&#8221;1\/2&#8243; css=&#8221;.vc_custom_1639603183972{padding-top: 40px !important;padding-bottom: 40px !important;}&#8221;][\/vc_column][\/vc_row][\/vc_section][vc_section][vc_row][vc_column][vc_column_text]Sverige er et land med enorm naturlig skj\u00f8nnhet, med et bredt spekter av utend\u00f8rsaktiviteter \u00e5 nyte hele \u00e5ret. Fra fotturer og sykling til ski og isfiske, det er alltid noe \u00e5 gj\u00f8re i Sveriges store friluftsliv. Vandring er en av de mest popul\u00e6re friluftsaktivitetene i Sverige, og det er mange godt merkede stier som tar bes\u00f8kende gjennom landets...","og_url":"https:\/\/www.topo-gps.com\/no\/topografisk-kart-over-sverige\/","og_site_name":"Topo GPS","article_modified_time":"2023-03-17T20:21:16+00:00","twitter_card":"summary_large_image","twitter_misc":{"Ansl. lesetid":"6 minutter"},"schema":{"@context":"https:\/\/schema.org","@graph":[{"@type":"WebPage","@id":"https:\/\/www.topo-gps.com\/no\/topografisk-kart-over-sverige\/","url":"https:\/\/www.topo-gps.com\/no\/topografisk-kart-over-sverige\/","name":"Topografisk kart over Sverige - Topo GPS","isPartOf":{"@id":"https:\/\/www.topo-gps.com\/no\/#website"},"datePublished":"2022-04-06T14:12:55+00:00","dateModified":"2023-03-17T20:21:16+00:00","breadcrumb":{"@id":"https:\/\/www.topo-gps.com\/no\/topografisk-kart-over-sverige\/#breadcrumb"},"inLanguage":"nb-NO","potentialAction":[{"@type":"ReadAction","target":["https:\/\/www.topo-gps.com\/no\/topografisk-kart-over-sverige\/"]}]},{"@type":"BreadcrumbList","@id":"https:\/\/www.topo-gps.com\/no\/topografisk-kart-over-sverige\/#breadcrumb","itemListElement":[{"@type":"ListItem","position":1,"name":"Home","item":"https:\/\/www.topo-gps.com\/no\/topo-gps\/"},{"@type":"ListItem","position":2,"name":"Topografisk kart over Sverige"}]},{"@type":"WebSite","@id":"https:\/\/www.topo-gps.com\/no\/#website","url":"https:\/\/www.topo-gps.com\/no\/","name":"Topo GPS","description":"Topographic maps GPS for iPhone, Android, iPad and Apple Watch","potentialAction":[{"@type":"SearchAction","target":{"@type":"EntryPoint","urlTemplate":"https:\/\/www.topo-gps.com\/no\/?s={search_term_string}"},"query-input":{"@type":"PropertyValueSpecification","valueRequired":true,"valueName":"search_term_string"}}],"inLanguage":"nb-NO"}]}},"_links":{"self":[{"href":"https:\/\/www.topo-gps.com\/no\/wp-json\/wp\/v2\/pages\/15072","targetHints":{"allow":["GET"]}}],"collection":[{"href":"https:\/\/www.topo-gps.com\/no\/wp-json\/wp\/v2\/pages"}],"about":[{"href":"https:\/\/www.topo-gps.com\/no\/wp-json\/wp\/v2\/types\/page"}],"author":[{"embeddable":true,"href":"https:\/\/www.topo-gps.com\/no\/wp-json\/wp\/v2\/users\/1"}],"replies":[{"embeddable":true,"href":"https:\/\/www.topo-gps.com\/no\/wp-json\/wp\/v2\/comments?post=15072"}],"version-history":[{"count":0,"href":"https:\/\/www.topo-gps.com\/no\/wp-json\/wp\/v2\/pages\/15072\/revisions"}],"wp:attachment":[{"href":"https:\/\/www.topo-gps.com\/no\/wp-json\/wp\/v2\/media?parent=15072"}],"curies":[{"name":"wp","href":"https:\/\/api.w.org\/{rel}","templated":true}]}}