{"id":14145,"date":"2022-04-06T14:57:21","date_gmt":"2022-04-06T13:57:21","guid":{"rendered":"https:\/\/www.topo-gps.com\/topografisk-kart-over-nederland\/"},"modified":"2023-04-20T06:59:33","modified_gmt":"2023-04-20T05:59:33","slug":"topografisk-kart-over-nederland","status":"publish","type":"page","link":"https:\/\/www.topo-gps.com\/no\/topografisk-kart-over-nederland\/","title":{"rendered":"Topografisk kart over Nederland"},"content":{"rendered":"<div class=\"wpb-content-wrapper\"><p>[vc_section enable_inner=&#8221;yes&#8221; section_type=&#8221;hero&#8221; inner_margin_top=&#8221;mt-100&#8243; parallax_image_attachment=&#8221;inherit&#8221; padding_class=&#8221;wide-100&#8243; css=&#8221;.vc_custom_1649266111349{background-image: url(https:\/\/www.topo-gps.com\/wp-content\/uploads\/2022\/04\/k7ivazl7RHWM.jpg?id=16051) !important;background-position: center !important;background-repeat: no-repeat !important;background-size: cover !important;}&#8221;][vc_row parallax_image_attachment=&#8221;inherit&#8221; css=&#8221;.vc_custom_1639602296513{padding-top: 20px !important;padding-bottom: 20px !important;}&#8221;][vc_column width=&#8221;1\/2&#8243; css=&#8221;.vc_custom_1639603345318{margin-bottom: 20px !important;}&#8221;]\r\n        <div class=\"vc_custom_1649257208221  hero-txt\"> \r\n            \r\n                     \r\n            <h3 class=\"white-color h3-sm none  wow perch-fadeInUp fadeInUp\" style=\"font-weight: bold;\" data-wow-delay=\"300ms\" data-wow-duration=\"1200ms\">Topografisk kart over Nederland p\u00e5 din iPhone, Android-telefon og Apple Watch<\/h3>\r\n             \r\n            \r\n                        \r\n                        \r\n            \r\n                        \r\n                        \r\n                  \r\n        <\/div>[vc_row_inner][vc_column_inner width=&#8221;1\/2&#8243; css=&#8221;.vc_custom_1639605647058{padding-top: 10px !important;padding-bottom: 10px !important;}&#8221;]\r\n        <div class=\"hero-img  wow perch-fadeInUp fadeInUp text-center\" data-wow-delay=\"300ms\" data-wow-duration=\"1200ms\"> \r\n        <a href=\"https:\/\/apps.apple.com\/gb\/app\/topo-gps\/id578960575\" target=\"_self\" class=\"vc_single_image-wrapper  \"><img loading=\"lazy\" decoding=\"async\" class=\"vc_single_image-img img-fluid\" width=\"160\" height=\"50\"  src=\"https:\/\/www.topo-gps.com\/wp-content\/themes\/appset\/images\/appstore.png\" alt=\"External image\" \/><\/a>\r\n        <\/div>[\/vc_column_inner][vc_column_inner width=&#8221;1\/2&#8243; css=&#8221;.vc_custom_1639605658368{padding-top: 10px !important;padding-bottom: 10px !important;}&#8221;]\r\n        <div class=\"hero-img  wow perch-fadeInUp fadeInUp text-center\" data-wow-delay=\"300ms\" data-wow-duration=\"1200ms\"> \r\n        <a href=\"https:\/\/play.google.com\/store\/apps\/details?id=uk.rdzl.topo.gps&amp;hl=en\" target=\"_self\" class=\"vc_single_image-wrapper  \"><img loading=\"lazy\" decoding=\"async\" class=\"vc_single_image-img img-fluid\" width=\"171\" height=\"50\"  src=\"https:\/\/www.topo-gps.com\/wp-content\/themes\/appset\/images\/googleplay.png\" alt=\"External image\" \/><\/a>\r\n        <\/div>[\/vc_column_inner][\/vc_row_inner][\/vc_column][vc_column width=&#8221;1\/2&#8243; css=&#8221;.vc_custom_1639603183972{padding-top: 40px !important;padding-bottom: 40px !important;}&#8221;]\r\n        <div class=\"hero-img  wow perch-fadeInUp fadeInUp\" data-wow-delay=\"300ms\" data-wow-duration=\"1200ms\"> \r\n        <img loading=\"lazy\" decoding=\"async\" class=\"vc_single_image-img img-fluid\" width=\"560\" height=\"604\"  src=\"https:\/\/www.topo-gps.com\/wp-content\/uploads\/2022\/04\/nl-map.png\" alt=\"External image\" \/>\r\n        <\/div>[\/vc_column][\/vc_row][\/vc_section][vc_section][vc_row][vc_column]\r\n        <div class=\"section-title  wow perch-fadeInUp fadeInUp text-center\" data-wow-delay=\"300ms\" data-wow-duration=\"1200ms\">\r\n            <h2 class=\"h2-sm\">Beste utend\u00f8rs kart over Nederland<\/h2>\r\n            <p class=\"p-lg\">Offisielle Top25Raster topografiske kart er de beste utend\u00f8rs kartene for Nederland.<\/p>         \r\n        <\/div>[vc_column_text]Nederland er et relativt flatt land, men det betyr ikke at det mangler utend\u00f8rsaktiviteter. Sykling er kanskje den mest popul\u00e6re utend\u00f8rsaktiviteten i Nederland, med et omfattende nettverk av sykkelruter og dedikerte sykkelstier. Landsbygda er overs\u00e5dd med sjarmerende landsbyer, vindm\u00f8ller og felt med fargerike tulipaner, noe som gj\u00f8r sykling til en avslappende og naturskj\u00f8nn m\u00e5te \u00e5 utforske landet p\u00e5.<\/p>\n<p>I tillegg til sykling er fotturer ogs\u00e5 en popul\u00e6r aktivitet i Nederland, spesielt \u00f8st i landet hvor det er \u00e5ser og skoger. Veluwe nasjonalpark tilbyr for eksempel flere turstier som tar bes\u00f8kende gjennom vakre landskap og forbi historiske steder som Kr\u00f6ller-M\u00fcller-museet.<\/p>\n<p>Vannsport er ogs\u00e5 popul\u00e6rt i Nederland, spesielt seiling og vindsurfing. Den nederlandske kysten er overs\u00e5dd med pittoreske kystbyer og strender, mens innsj\u00f8er og elver gir mange muligheter for seiling og windsurfing. De frisiske innsj\u00f8ene, for eksempel, er et popul\u00e6rt reisem\u00e5l for seiling, med flere byer og landsbyer som tilbyr marinaer og andre fasiliteter for b\u00e5tfolk.<\/p>\n<p>For de som leter etter en mer rolig aktivitet, er piknik og nyte naturen i en av de mange parkene over hele landet et flott alternativ. Vondelpark i Amsterdam, for eksempel, er et popul\u00e6rt sted for piknik, folk \u00e5 se p\u00e5 og nyte utend\u00f8rskonserter og forestillinger.<\/p>\n<p>Totalt sett, mens Nederland kanskje ikke har de dramatiske landskapene eller ekstreme utend\u00f8rsaktivitetene til noen andre land, tilbyr det en rekke utend\u00f8rsaktiviteter som er tilgjengelige og morsomme for alle aldre og evner. Enten det er sykling, fotturer, vannsport, eller bare nyte en piknik i en park, er det alltid noe \u00e5 gj\u00f8re i den nederlandske naturen.[\/vc_column_text][\/vc_column][\/vc_row][vc_row][vc_column width=&#8221;1\/2&#8243;][vc_single_image custom_src=&#8221;https:\/\/www.topo-gps.com\/wp-content\/uploads\/2022\/04\/nl-map2.jpg&#8221; external_img_size=&#8221;391&#215;600&#8243; alignment=&#8221;center&#8221;][\/vc_column][vc_column width=&#8221;1\/2&#8243;][vc_row_inner][vc_column_inner width=&#8221;1\/2&#8243;]\r\n        <div class=\"wow perch-fadeInUp fadeInUp fbox\" data-wow-delay=\"300ms\" data-wow-duration=\"1200ms\"> \r\n            <div class=\"fbox grey-color-box\">\r\n                <div class=\"grey-color-icon b-icon box-icon-md\"><span class=\" grey-color\"><\/span><\/div>  \r\n                <div class=\"fbox-txt\">    \r\n                    <h5 class=\"h5-sm\">Topografisk kart<\/h5>\r\n                    <p class=\"grey-color\">Et topografisk kart inneholder mange detaljer som h\u00f8ydekonturer, sm\u00e5veier og arealbruk og er dermed ideelt for navigering utend\u00f8rs.<\/p>\r\n                    \r\n                <\/div> \r\n            <\/div>        \r\n        <\/div>\r\n        <div class=\"wow perch-fadeInUp fadeInUp fbox\" data-wow-delay=\"300ms\" data-wow-duration=\"1200ms\"> \r\n            <div class=\"fbox grey-color-box\">\r\n                <div class=\"grey-color-icon b-icon box-icon-md\"><span class=\" grey-color\"><\/span><\/div>  \r\n                <div class=\"fbox-txt\">    \r\n                    <h5 class=\"h5-sm\">Top25Raster<\/h5>\r\n                    <p class=\"grey-color\">I Topo GPS-appen kan du kj\u00f8pe det beste topografiske kartet over Nederland, 1:25 000 Top25Raster topografisk kart produsert av Kadaster. Kadaster er den nasjonale landm\u00e5lingsorganisasjonen i Nederland.<\/p>\r\n                    \r\n                <\/div> \r\n            <\/div>        \r\n        <\/div>\r\n        <div class=\"wow perch-fadeInUp fadeInUp fbox\" data-wow-delay=\"300ms\" data-wow-duration=\"1200ms\"> \r\n            <div class=\"fbox grey-color-box\">\r\n                <div class=\"grey-color-icon b-icon box-icon-md\"><span class=\" grey-color\"><\/span><\/div>  \r\n                <div class=\"fbox-txt\">    \r\n                    <h5 class=\"h5-sm\">Priser<\/h5>\r\n                    <p class=\"grey-color\">For \u20ac3,99 kan du kj\u00f8pe full tilgang til det komplette topografiske kartet over Nederland i Topo GPS. Gratis oppdateringer er inkludert. Kartene er tilgjengelige p\u00e5 alle enheter som bruker samme Apple-ID eller Google Play-konto.<\/p>\r\n                    \r\n                <\/div> \r\n            <\/div>        \r\n        <\/div>[\/vc_column_inner][vc_column_inner width=&#8221;1\/2&#8243;]\r\n        <div class=\"wow perch-fadeInUp fadeInUp fbox\" data-wow-delay=\"300ms\" data-wow-duration=\"1200ms\"> \r\n            <div class=\"fbox grey-color-box\">\r\n                <div class=\"grey-color-icon b-icon box-icon-md\"><span class=\" grey-color\"><\/span><\/div>  \r\n                <div class=\"fbox-txt\">    \r\n                    <h5 class=\"h5-sm\">Offline kart<\/h5>\r\n                    <p class=\"grey-color\">Du kan gj\u00f8re de topografiske kartene tilgjengelige offline. P\u00e5 denne m\u00e5ten er du sikker p\u00e5 at kartene du trenger alltid er tilgjengelige.<\/p>\r\n                    \r\n                <\/div> \r\n            <\/div>        \r\n        <\/div>\r\n        <div class=\"wow perch-fadeInUp fadeInUp fbox\" data-wow-delay=\"300ms\" data-wow-duration=\"1200ms\"> \r\n            <div class=\"fbox grey-color-box\">\r\n                <div class=\"grey-color-icon b-icon box-icon-md\"><span class=\" grey-color\"><\/span><\/div>  \r\n                <div class=\"fbox-txt\">    \r\n                    <h5 class=\"h5-sm\">Klar legende<\/h5>\r\n                    <p class=\"grey-color\">Det topografiske kartet har en tydelig legende med forklaringer av alle symboler.<\/p>\r\n                    \r\n                <\/div> \r\n            <\/div>        \r\n        <\/div>\r\n        <div class=\"wow perch-fadeInUp fadeInUp fbox\" data-wow-delay=\"300ms\" data-wow-duration=\"1200ms\"> \r\n            <div class=\"fbox grey-color-box\">\r\n                <div class=\"grey-color-icon b-icon box-icon-md\"><span class=\" grey-color\"><\/span><\/div>  \r\n                <div class=\"fbox-txt\">    \r\n                    <h5 class=\"h5-sm\">Topo GPS-app<\/h5>\r\n                    <p class=\"grey-color\">Topo GPS-appen tilbyr mange ekstra nyttige funksjoner til det topografiske kartet. Som \u00e5 navigere, laste, planlegge og f\u00f8lge ruter og legge til punkter p\u00e5 kartet. Topo GPS inneholder alle funksjonene til en vanlig GPS-enhet.<\/p>\r\n                    \r\n                <\/div> \r\n            <\/div>        \r\n        <\/div>[\/vc_column_inner][\/vc_row_inner][\/vc_column][\/vc_row][\/vc_section][vc_section][vc_row][vc_column]\r\n        <div class=\"section-title  wow perch-fadeInUp fadeInUp text-center\" data-wow-delay=\"300ms\" data-wow-duration=\"1200ms\">\r\n            <h2 class=\"h2-sm\">Hvilket kart foretrekker du \u00e5 utforske utend\u00f8rs?<\/h2>\r\n            <p class=\"p-lg\">Sammenlign deg selv<\/p>         \r\n        <\/div>[vc_row_inner][vc_column_inner width=&#8221;1\/3&#8243;][vc_column_text]<\/p>\n<h3 style=\"text-align: center;\">Google Kart<\/h3>\n<p>[\/vc_column_text][vc_single_image custom_src=&#8221;https:\/\/www.topo-gps.com\/wp-content\/uploads\/2022\/04\/nl-gm.jpg&#8221; external_img_size=&#8221;277&#215;560&#8243; alignment=&#8221;center&#8221;][\/vc_column_inner][vc_column_inner width=&#8221;1\/3&#8243;][vc_column_text]<\/p>\n<h3 style=\"text-align: center;\">OpenStreetMap<\/h3>\n<p>[\/vc_column_text][vc_single_image custom_src=&#8221;https:\/\/www.topo-gps.com\/wp-content\/uploads\/2022\/04\/nl-osm.jpg&#8221; external_img_size=&#8221;277&#215;560&#8243; alignment=&#8221;center&#8221;][\/vc_column_inner][vc_column_inner width=&#8221;1\/3&#8243;][vc_column_text]<\/p>\n<h3 style=\"text-align: center;\">Topografisk kart<\/h3>\n<p>[\/vc_column_text][vc_single_image custom_src=&#8221;https:\/\/www.topo-gps.com\/wp-content\/uploads\/2022\/04\/nl-tg.jpg&#8221; external_img_size=&#8221;277&#215;560&#8243; alignment=&#8221;center&#8221;][\/vc_column_inner][\/vc_row_inner][\/vc_column][\/vc_row][\/vc_section][vc_section section_type=&#8221;hero&#8221; hero_type=&#8221;1&#8243; parallax_image_attachment=&#8221;fixed&#8221; padding_class=&#8221;&#8221;][vc_row content_placement=&#8221;&#8221; parallax_image_attachment=&#8221;inherit&#8221;][vc_column width=&#8221;1\/2&#8243; column_inner_style=&#8221;hero-txt&#8221; hero_txt_type=&#8221;1&#8243;]\r\n        <div class=\"hero-txt\"> \r\n            \r\n            <h2 class=\" wow perch-fadeInUp fadeInUp\" data-wow-delay=\"300ms\" data-wow-duration=\"1200ms\">Topo GPS<\/h2>         \r\n            <h3 class=\"h3-sm  wow perch-fadeInUp fadeInUp\" data-wow-delay=\"400ms\" data-wow-duration=\"1200ms\">Gj\u00f8r din iPhone, Android-telefon eller nettbrett til en fullverdig GPS-enhet med offline tilgjengelige topografiske kart.<\/h3>\r\n             \r\n            \r\n                        \r\n                        \r\n            \r\n                        \r\n                        \r\n                  \r\n        <\/div>[vc_row_inner][vc_column_inner width=&#8221;1\/2&#8243; css=&#8221;.vc_custom_1639605647058{padding-top: 10px !important;padding-bottom: 10px !important;}&#8221;]\r\n        <div class=\"hero-img  wow perch-fadeInUp fadeInUp text-center\" data-wow-delay=\"300ms\" data-wow-duration=\"1200ms\"> \r\n        <a href=\"https:\/\/apps.apple.com\/gb\/app\/topo-gps\/id578960575\" target=\"_self\" class=\"vc_single_image-wrapper  \"><img loading=\"lazy\" decoding=\"async\" class=\"vc_single_image-img img-fluid\" width=\"160\" height=\"50\"  src=\"https:\/\/www.topo-gps.com\/wp-content\/themes\/appset\/images\/appstore.png\" alt=\"External image\" \/><\/a>\r\n        <\/div>[\/vc_column_inner][vc_column_inner width=&#8221;1\/2&#8243; css=&#8221;.vc_custom_1639605658368{padding-top: 10px !important;padding-bottom: 10px !important;}&#8221;]\r\n        <div class=\"hero-img  wow perch-fadeInUp fadeInUp text-center\" data-wow-delay=\"300ms\" data-wow-duration=\"1200ms\"> \r\n        <a href=\"https:\/\/play.google.com\/store\/apps\/details?id=uk.rdzl.topo.gps&amp;hl=en\" target=\"_self\" class=\"vc_single_image-wrapper  \"><img loading=\"lazy\" decoding=\"async\" class=\"vc_single_image-img img-fluid\" width=\"171\" height=\"50\"  src=\"https:\/\/www.topo-gps.com\/wp-content\/themes\/appset\/images\/googleplay.png\" alt=\"External image\" \/><\/a>\r\n        <\/div>[\/vc_column_inner][\/vc_row_inner][\/vc_column][vc_column width=&#8221;1\/2&#8243;]\r\n        <div class=\"wow perch-fadeInRight fadeInRight hero-1-img\" data-wow-delay=\"300ms\" data-wow-duration=\"1200ms\"> \r\n        <img decoding=\"async\" class=\"vc_single_image-img img-fluid\"  src=\"https:\/\/www.topo-gps.com\/wp-content\/uploads\/2022\/04\/nl-main-1.png\" alt=\"External image\" \/>\r\n        <\/div>[\/vc_column][\/vc_row][\/vc_section]<\/p>\n<\/div>","protected":false},"excerpt":{"rendered":"<p>[vc_section enable_inner=&#8221;yes&#8221; section_type=&#8221;hero&#8221; inner_margin_top=&#8221;mt-100&#8243; parallax_image_attachment=&#8221;inherit&#8221; padding_class=&#8221;wide-100&#8243; css=&#8221;.vc_custom_1649266111349{background-image: url(https:\/\/www.topo-gps.com\/wp-content\/uploads\/2022\/04\/k7ivazl7RHWM.jpg?id=16051) !important;background-position: center !important;background-repeat: no-repeat !important;background-size: cover !important;}&#8221;][vc_row parallax_image_attachment=&#8221;inherit&#8221; css=&#8221;.vc_custom_1639602296513{padding-top: 20px !important;padding-bottom: 20px !important;}&#8221;][vc_column width=&#8221;1\/2&#8243; css=&#8221;.vc_custom_1639603345318{margin-bottom: 20px !important;}&#8221;][vc_row_inner][vc_column_inner width=&#8221;1\/2&#8243; css=&#8221;.vc_custom_1639605647058{padding-top: 10px !important;padding-bottom: 10px !important;}&#8221;][\/vc_column_inner][vc_column_inner width=&#8221;1\/2&#8243; css=&#8221;.vc_custom_1639605658368{padding-top: 10px !important;padding-bottom: 10px !important;}&#8221;][\/vc_column_inner][\/vc_row_inner][\/vc_column][vc_column width=&#8221;1\/2&#8243; css=&#8221;.vc_custom_1639603183972{padding-top: 40px !important;padding-bottom: 40px !important;}&#8221;][\/vc_column][\/vc_row][\/vc_section][vc_section][vc_row][vc_column][vc_column_text]Nederland er et relativt flatt land, men det betyr ikke at det mangler utend\u00f8rsaktiviteter. Sykling er kanskje den mest popul\u00e6re utend\u00f8rsaktiviteten i Nederland, med et omfattende nettverk av sykkelruter og dedikerte sykkelstier. Landsbygda er overs\u00e5dd med sjarmerende landsbyer, vindm\u00f8ller og felt med fargerike tulipaner, noe som gj\u00f8r sykling til en avslappende og naturskj\u00f8nn m\u00e5te \u00e5 utforske landet p\u00e5&#8230;.<\/p>\n","protected":false},"author":1,"featured_media":0,"parent":0,"menu_order":0,"comment_status":"closed","ping_status":"closed","template":"","meta":{"footnotes":""},"class_list":["post-14145","page","type-page","status-publish","hentry","no-post-thumbnail"],"yoast_head":"<!-- This site is optimized with the Yoast SEO plugin v27.6 - https:\/\/yoast.com\/product\/yoast-seo-wordpress\/ -->\n<title>Topografisk kart over Nederland - Topo GPS<\/title>\n<meta name=\"description\" content=\"Topografisk kart over Nederland p\u00e5 iPhone, Android-telefon, nettbrett og Apple Watch i den 4,6 stjerners rangerte utend\u00f8rsnavigasjonsappen Topo GPS.\" \/>\n<meta name=\"robots\" content=\"index, follow, max-snippet:-1, max-image-preview:large, max-video-preview:-1\" \/>\n<link rel=\"canonical\" href=\"https:\/\/www.topo-gps.com\/no\/topografisk-kart-over-nederland\/\" \/>\n<meta property=\"og:locale\" content=\"nb_NO\" \/>\n<meta property=\"og:type\" content=\"article\" \/>\n<meta property=\"og:title\" content=\"Topografisk kart over Nederland - Topo GPS\" \/>\n<meta property=\"og:description\" content=\"Topografisk kart over Nederland p\u00e5 iPhone, Android-telefon, nettbrett og Apple Watch i den 4,6 stjerners rangerte utend\u00f8rsnavigasjonsappen Topo GPS.\" \/>\n<meta property=\"og:url\" content=\"https:\/\/www.topo-gps.com\/no\/topografisk-kart-over-nederland\/\" \/>\n<meta property=\"og:site_name\" content=\"Topo GPS\" \/>\n<meta property=\"article:modified_time\" content=\"2023-04-20T05:59:33+00:00\" \/>\n<meta name=\"twitter:card\" content=\"summary_large_image\" \/>\n<meta name=\"twitter:label1\" content=\"Ansl. lesetid\" \/>\n\t<meta name=\"twitter:data1\" content=\"6 minutter\" \/>\n<script type=\"application\/ld+json\" class=\"yoast-schema-graph\">{\"@context\":\"https:\\\/\\\/schema.org\",\"@graph\":[{\"@type\":\"WebPage\",\"@id\":\"https:\\\/\\\/www.topo-gps.com\\\/no\\\/topografisk-kart-over-nederland\\\/\",\"url\":\"https:\\\/\\\/www.topo-gps.com\\\/no\\\/topografisk-kart-over-nederland\\\/\",\"name\":\"Topografisk kart over Nederland - Topo GPS\",\"isPartOf\":{\"@id\":\"https:\\\/\\\/www.topo-gps.com\\\/no\\\/#website\"},\"datePublished\":\"2022-04-06T13:57:21+00:00\",\"dateModified\":\"2023-04-20T05:59:33+00:00\",\"description\":\"Topografisk kart over Nederland p\u00e5 iPhone, Android-telefon, nettbrett og Apple Watch i den 4,6 stjerners rangerte utend\u00f8rsnavigasjonsappen Topo GPS.\",\"breadcrumb\":{\"@id\":\"https:\\\/\\\/www.topo-gps.com\\\/no\\\/topografisk-kart-over-nederland\\\/#breadcrumb\"},\"inLanguage\":\"nb-NO\",\"potentialAction\":[{\"@type\":\"ReadAction\",\"target\":[\"https:\\\/\\\/www.topo-gps.com\\\/no\\\/topografisk-kart-over-nederland\\\/\"]}]},{\"@type\":\"BreadcrumbList\",\"@id\":\"https:\\\/\\\/www.topo-gps.com\\\/no\\\/topografisk-kart-over-nederland\\\/#breadcrumb\",\"itemListElement\":[{\"@type\":\"ListItem\",\"position\":1,\"name\":\"Home\",\"item\":\"https:\\\/\\\/www.topo-gps.com\\\/no\\\/topo-gps\\\/\"},{\"@type\":\"ListItem\",\"position\":2,\"name\":\"Topografisk kart over Nederland\"}]},{\"@type\":\"WebSite\",\"@id\":\"https:\\\/\\\/www.topo-gps.com\\\/no\\\/#website\",\"url\":\"https:\\\/\\\/www.topo-gps.com\\\/no\\\/\",\"name\":\"Topo GPS\",\"description\":\"Topographic maps GPS for iPhone, Android, iPad and Apple Watch\",\"potentialAction\":[{\"@type\":\"SearchAction\",\"target\":{\"@type\":\"EntryPoint\",\"urlTemplate\":\"https:\\\/\\\/www.topo-gps.com\\\/no\\\/?s={search_term_string}\"},\"query-input\":{\"@type\":\"PropertyValueSpecification\",\"valueRequired\":true,\"valueName\":\"search_term_string\"}}],\"inLanguage\":\"nb-NO\"}]}<\/script>\n<!-- \/ Yoast SEO plugin. -->","yoast_head_json":{"title":"Topografisk kart over Nederland - Topo GPS","description":"Topografisk kart over Nederland p\u00e5 iPhone, Android-telefon, nettbrett og Apple Watch i den 4,6 stjerners rangerte utend\u00f8rsnavigasjonsappen Topo GPS.","robots":{"index":"index","follow":"follow","max-snippet":"max-snippet:-1","max-image-preview":"max-image-preview:large","max-video-preview":"max-video-preview:-1"},"canonical":"https:\/\/www.topo-gps.com\/no\/topografisk-kart-over-nederland\/","og_locale":"nb_NO","og_type":"article","og_title":"Topografisk kart over Nederland - Topo GPS","og_description":"Topografisk kart over Nederland p\u00e5 iPhone, Android-telefon, nettbrett og Apple Watch i den 4,6 stjerners rangerte utend\u00f8rsnavigasjonsappen Topo GPS.","og_url":"https:\/\/www.topo-gps.com\/no\/topografisk-kart-over-nederland\/","og_site_name":"Topo GPS","article_modified_time":"2023-04-20T05:59:33+00:00","twitter_card":"summary_large_image","twitter_misc":{"Ansl. lesetid":"6 minutter"},"schema":{"@context":"https:\/\/schema.org","@graph":[{"@type":"WebPage","@id":"https:\/\/www.topo-gps.com\/no\/topografisk-kart-over-nederland\/","url":"https:\/\/www.topo-gps.com\/no\/topografisk-kart-over-nederland\/","name":"Topografisk kart over Nederland - Topo GPS","isPartOf":{"@id":"https:\/\/www.topo-gps.com\/no\/#website"},"datePublished":"2022-04-06T13:57:21+00:00","dateModified":"2023-04-20T05:59:33+00:00","description":"Topografisk kart over Nederland p\u00e5 iPhone, Android-telefon, nettbrett og Apple Watch i den 4,6 stjerners rangerte utend\u00f8rsnavigasjonsappen Topo GPS.","breadcrumb":{"@id":"https:\/\/www.topo-gps.com\/no\/topografisk-kart-over-nederland\/#breadcrumb"},"inLanguage":"nb-NO","potentialAction":[{"@type":"ReadAction","target":["https:\/\/www.topo-gps.com\/no\/topografisk-kart-over-nederland\/"]}]},{"@type":"BreadcrumbList","@id":"https:\/\/www.topo-gps.com\/no\/topografisk-kart-over-nederland\/#breadcrumb","itemListElement":[{"@type":"ListItem","position":1,"name":"Home","item":"https:\/\/www.topo-gps.com\/no\/topo-gps\/"},{"@type":"ListItem","position":2,"name":"Topografisk kart over Nederland"}]},{"@type":"WebSite","@id":"https:\/\/www.topo-gps.com\/no\/#website","url":"https:\/\/www.topo-gps.com\/no\/","name":"Topo GPS","description":"Topographic maps GPS for iPhone, Android, iPad and Apple Watch","potentialAction":[{"@type":"SearchAction","target":{"@type":"EntryPoint","urlTemplate":"https:\/\/www.topo-gps.com\/no\/?s={search_term_string}"},"query-input":{"@type":"PropertyValueSpecification","valueRequired":true,"valueName":"search_term_string"}}],"inLanguage":"nb-NO"}]}},"_links":{"self":[{"href":"https:\/\/www.topo-gps.com\/no\/wp-json\/wp\/v2\/pages\/14145","targetHints":{"allow":["GET"]}}],"collection":[{"href":"https:\/\/www.topo-gps.com\/no\/wp-json\/wp\/v2\/pages"}],"about":[{"href":"https:\/\/www.topo-gps.com\/no\/wp-json\/wp\/v2\/types\/page"}],"author":[{"embeddable":true,"href":"https:\/\/www.topo-gps.com\/no\/wp-json\/wp\/v2\/users\/1"}],"replies":[{"embeddable":true,"href":"https:\/\/www.topo-gps.com\/no\/wp-json\/wp\/v2\/comments?post=14145"}],"version-history":[{"count":0,"href":"https:\/\/www.topo-gps.com\/no\/wp-json\/wp\/v2\/pages\/14145\/revisions"}],"wp:attachment":[{"href":"https:\/\/www.topo-gps.com\/no\/wp-json\/wp\/v2\/media?parent=14145"}],"curies":[{"name":"wp","href":"https:\/\/api.w.org\/{rel}","templated":true}]}}