{"id":6466,"date":"2022-01-29T20:42:00","date_gmt":"2022-01-29T19:42:00","guid":{"rendered":"http:\/\/test.topo-gps.com\/topografische-kaart-van-groot-brittannie\/"},"modified":"2024-02-17T17:44:28","modified_gmt":"2024-02-17T16:44:28","slug":"topografische-kaart-van-groot-brittannie","status":"publish","type":"page","link":"https:\/\/www.topo-gps.com\/nl\/topografische-kaart-van-groot-brittannie\/","title":{"rendered":"Topografische kaart van Groot-Brittanni\u00eb"},"content":{"rendered":"<div class=\"wpb-content-wrapper\"><p>[vc_section enable_inner=&#8221;yes&#8221; section_type=&#8221;hero&#8221; inner_margin_top=&#8221;mt-100&#8243; parallax_image_attachment=&#8221;inherit&#8221; padding_class=&#8221;wide-100&#8243; css=&#8221;.vc_custom_1638818336813{background-image: url(https:\/\/www.topo-gps.com\/wp-content\/uploads\/2021\/12\/gb1.jpg?id=5826) !important;background-position: center !important;background-repeat: no-repeat !important;background-size: cover !important;}&#8221;][vc_row parallax_image_attachment=&#8221;inherit&#8221; css=&#8221;.vc_custom_1639602296513{padding-top: 20px !important;padding-bottom: 20px !important;}&#8221;][vc_column width=&#8221;1\/2&#8243; css=&#8221;.vc_custom_1639603345318{margin-bottom: 20px !important;}&#8221;]\r\n        <div class=\"vc_custom_1639603397901  hero-txt\"> \r\n            \r\n                     \r\n            <h3 class=\"white-color h3-sm none  wow perch-fadeInUp fadeInUp\" style=\"font-weight: bold;\" data-wow-delay=\"300ms\" data-wow-duration=\"1200ms\">OS Explorer topografische kaarten van Groot-Brittanni\u00eb op je iPhone, Android-telefoon en Apple Watch<\/h3>\r\n             \r\n            \r\n                        \r\n                        \r\n            \r\n                        \r\n                        \r\n                  \r\n        <\/div>[vc_row_inner][vc_column_inner width=&#8221;1\/2&#8243; css=&#8221;.vc_custom_1639605647058{padding-top: 10px !important;padding-bottom: 10px !important;}&#8221;]\r\n        <div class=\"hero-img  wow perch-fadeInUp fadeInUp text-center\" data-wow-delay=\"300ms\" data-wow-duration=\"1200ms\"> \r\n        <a href=\"https:\/\/apps.apple.com\/gb\/app\/topo-gps\/id578960575\" target=\"_self\" class=\"vc_single_image-wrapper  \"><img loading=\"lazy\" decoding=\"async\" class=\"vc_single_image-img img-fluid\" width=\"160\" height=\"50\"  src=\"https:\/\/www.topo-gps.com\/wp-content\/themes\/appset\/images\/appstore.png\" alt=\"External image\" \/><\/a>\r\n        <\/div>[\/vc_column_inner][vc_column_inner width=&#8221;1\/2&#8243; css=&#8221;.vc_custom_1639605658368{padding-top: 10px !important;padding-bottom: 10px !important;}&#8221;]\r\n        <div class=\"hero-img  wow perch-fadeInUp fadeInUp text-center\" data-wow-delay=\"300ms\" data-wow-duration=\"1200ms\"> \r\n        <a href=\"https:\/\/play.google.com\/store\/apps\/details?id=uk.rdzl.topo.gps&amp;hl=en\" target=\"_self\" class=\"vc_single_image-wrapper  \"><img loading=\"lazy\" decoding=\"async\" class=\"vc_single_image-img img-fluid\" width=\"171\" height=\"50\"  src=\"https:\/\/www.topo-gps.com\/wp-content\/themes\/appset\/images\/googleplay.png\" alt=\"External image\" \/><\/a>\r\n        <\/div>[\/vc_column_inner][\/vc_row_inner][\/vc_column][vc_column width=&#8221;1\/2&#8243; css=&#8221;.vc_custom_1639603183972{padding-top: 40px !important;padding-bottom: 40px !important;}&#8221;]\r\n        <div class=\"hero-img  wow perch-fadeInUp fadeInUp\" data-wow-delay=\"300ms\" data-wow-duration=\"1200ms\"> \r\n        <img loading=\"lazy\" decoding=\"async\" class=\"vc_single_image-img img-fluid\" width=\"560\" height=\"604\"  src=\"https:\/\/www.topo-gps.com\/wp-content\/uploads\/2021\/12\/gb-front-1.png\" alt=\"External image\" \/>\r\n        <\/div>[\/vc_column][\/vc_row][\/vc_section][vc_section][vc_row][vc_column]\r\n        <div class=\"section-title  wow perch-fadeInUp fadeInUp text-center\" data-wow-delay=\"300ms\" data-wow-duration=\"1200ms\">\r\n            <h2 class=\"h2-sm\">Beste buitenkaarten voor Engeland, Schotland en Wales<\/h2>\r\n            <p class=\"p-lg\">Topografische kaarten gemaakt door Ordnance Survey zijn de beste buitenkaarten voor Groot-Brittanni\u00eb.<\/p>         \r\n        <\/div>[vc_column_text]Groot-Brittanni\u00eb is een land met diverse landschappen en natuurlijke schoonheid en biedt bezoekers het hele jaar door een breed scala aan buitenactiviteiten. Van wandelen en fietsen tot surfen en kajakken, er is altijd iets te doen in het buitenleven van Groot-Brittanni\u00eb.<\/p>\n<p>Wandelen is een populaire activiteit in Groot-Brittanni\u00eb, met tal van goed onderhouden paden die bezoekers door enkele van de mooiste landschappen van het land leiden. Het Lake District is bijvoorbeeld een populaire wandelbestemming en biedt een prachtig uitzicht op de glooiende heuvels en kristalheldere meren. Andere populaire wandelbestemmingen zijn de Schotse Hooglanden en de bergen van Wales.<\/p>\n<p>Fietsen is ook een populaire activiteit in Groot-Brittanni\u00eb, met tal van schilderachtige fietsroutes die bezoekers door pittoreske dorpjes en prachtige landschappen voeren. De Cotswold Way is bijvoorbeeld een populaire fietsroute die bezoekers door de schilderachtige dorpjes en het platteland van de Cotswolds voert.<\/p>\n<p>In de zomer biedt de adembenemende kustlijn van Groot-Brittanni\u00eb tal van mogelijkheden voor watersporten zoals surfen, kajakken en paddleboarding. De kust van Cornwall is bijvoorbeeld een populaire bestemming om te surfen, met enkele van de beste golven van het land. Andere populaire watersportbestemmingen zijn de Schotse eilanden en de kust van Wales.<\/p>\n<p>In de winter bieden de bergen van Groot-Brittanni\u00eb volop mogelijkheden om te ski\u00ebn en snowboarden, met verschillende skigebieden in Schotland en Engeland. De Cairngorms, bijvoorbeeld, is het grootste skigebied van Schotland en biedt een scala aan hellingen voor ski\u00ebrs en snowboarders van alle niveaus.<\/p>\n<p>Over het algemeen maken de gevarieerde landschappen, rijke geschiedenis en goed ontwikkelde infrastructuur van Groot-Brittanni\u00eb het tot een must-visit bestemming voor buitenenthousiastelingen. Of het nu gaat om wandelen, fietsen, surfen of ski\u00ebn, er is altijd iets te doen in het buitenleven van Groot-Brittanni\u00eb.[\/vc_column_text][\/vc_column][\/vc_row][vc_row][vc_column width=&#8221;1\/2&#8243;][vc_single_image custom_src=&#8221;https:\/\/www.topo-gps.com\/wp-content\/uploads\/2021\/12\/gb-double.jpg&#8221; external_img_size=&#8221;391&#215;600&#8243; alignment=&#8221;center&#8221;][\/vc_column][vc_column width=&#8221;1\/2&#8243;][vc_row_inner][vc_column_inner width=&#8221;1\/2&#8243;]\r\n        <div class=\"wow perch-fadeInUp fadeInUp fbox\" data-wow-delay=\"300ms\" data-wow-duration=\"1200ms\"> \r\n            <div class=\"fbox grey-color-box\">\r\n                <div class=\"grey-color-icon b-icon box-icon-md\"><span class=\" grey-color\"><\/span><\/div>  \r\n                <div class=\"fbox-txt\">    \r\n                    <h5 class=\"h5-sm\">Topografische kaart<\/h5>\r\n                    <p class=\"grey-color\">Een topografische kaart bevat veel details zoals hoogtecontouren, kleine wegen en landgebruik en is dus ideaal om buiten te navigeren.<\/p>\r\n                    \r\n                <\/div> \r\n            <\/div>        \r\n        <\/div>\r\n        <div class=\"wow perch-fadeInUp fadeInUp fbox\" data-wow-delay=\"300ms\" data-wow-duration=\"1200ms\"> \r\n            <div class=\"fbox grey-color-box\">\r\n                <div class=\"grey-color-icon b-icon box-icon-md\"><span class=\" grey-color\"><\/span><\/div>  \r\n                <div class=\"fbox-txt\">    \r\n                    <h5 class=\"h5-sm\">munitie-enqu\u00eate<\/h5>\r\n                    <p class=\"grey-color\">In de Topo GPS app kun je de beste topografische kaarten van Groot-Brittanni\u00eb aanschaffen, de OS Explorer 1:25.000 kaarten. Topo GPS is een offici\u00eble partner van Ordnance Survey.<\/p>\r\n                    \r\n                <\/div> \r\n            <\/div>        \r\n        <\/div>\r\n        <div class=\"wow perch-fadeInUp fadeInUp fbox\" data-wow-delay=\"300ms\" data-wow-duration=\"1200ms\"> \r\n            <div class=\"fbox grey-color-box\">\r\n                <div class=\"grey-color-icon b-icon box-icon-md\"><span class=\" grey-color\"><\/span><\/div>  \r\n                <div class=\"fbox-txt\">    \r\n                    <h5 class=\"h5-sm\">Prijzen<\/h5>\r\n                    <p class=\"grey-color\">OS Explorer-kaarten in Topo GPS kosten \u00a3 0,79 voor 4 vierkanten van 4 x 4 km die u kunt kiezen. Gratis levenslange updates zijn inbegrepen. Het is ook mogelijk om een jaarabonnement voor heel Groot-Brittanni\u00eb te kopen voor \u00a3 24,99.<\/p>\r\n                    \r\n                <\/div> \r\n            <\/div>        \r\n        <\/div>[\/vc_column_inner][vc_column_inner width=&#8221;1\/2&#8243;]\r\n        <div class=\"wow perch-fadeInUp fadeInUp fbox\" data-wow-delay=\"300ms\" data-wow-duration=\"1200ms\"> \r\n            <div class=\"fbox grey-color-box\">\r\n                <div class=\"grey-color-icon b-icon box-icon-md\"><span class=\" grey-color\"><\/span><\/div>  \r\n                <div class=\"fbox-txt\">    \r\n                    <h5 class=\"h5-sm\">Offline kaarten<\/h5>\r\n                    <p class=\"grey-color\">U kunt de topografische kaarten offline beschikbaar maken. Zo weet je zeker dat de kaarten die je nodig hebt altijd toegankelijk zijn.<\/p>\r\n                    \r\n                <\/div> \r\n            <\/div>        \r\n        <\/div>\r\n        <div class=\"wow perch-fadeInUp fadeInUp fbox\" data-wow-delay=\"300ms\" data-wow-duration=\"1200ms\"> \r\n            <div class=\"fbox grey-color-box\">\r\n                <div class=\"grey-color-icon b-icon box-icon-md\"><span class=\" grey-color\"><\/span><\/div>  \r\n                <div class=\"fbox-txt\">    \r\n                    <h5 class=\"h5-sm\">Legenda wissen<\/h5>\r\n                    <p class=\"grey-color\">De topografische kaart heeft een duidelijke legenda met uitleg van alle symbolen.<\/p>\r\n                    \r\n                <\/div> \r\n            <\/div>        \r\n        <\/div>\r\n        <div class=\"wow perch-fadeInUp fadeInUp fbox\" data-wow-delay=\"300ms\" data-wow-duration=\"1200ms\"> \r\n            <div class=\"fbox grey-color-box\">\r\n                <div class=\"grey-color-icon b-icon box-icon-md\"><span class=\" grey-color\"><\/span><\/div>  \r\n                <div class=\"fbox-txt\">    \r\n                    <h5 class=\"h5-sm\">Topo GPS-app<\/h5>\r\n                    <p class=\"grey-color\">De Topo GPS-app biedt veel extra handige functies voor de topografische kaart. Zoals navigeren, laden, plannen en volgen van routes en punten toevoegen aan de kaart. Topo GPS bevat alle functies van een gewoon GPS-apparaat.<\/p>\r\n                    \r\n                <\/div> \r\n            <\/div>        \r\n        <\/div>[\/vc_column_inner][\/vc_row_inner][\/vc_column][\/vc_row][\/vc_section][vc_section][vc_row][vc_column]\r\n        <div class=\"section-title  wow perch-fadeInUp fadeInUp text-center\" data-wow-delay=\"300ms\" data-wow-duration=\"1200ms\">\r\n            <h2 class=\"h2-sm\">Op welke kaart zou jij het liefst de natuur verkennen?<\/h2>\r\n            <p class=\"p-lg\">Vergelijk jezelf<\/p>         \r\n        <\/div>[vc_row_inner][vc_column_inner width=&#8221;1\/3&#8243;][vc_column_text]<\/p>\n<h3 style=\"text-align: center;\">Google maps<\/h3>\n<p>[\/vc_column_text][vc_single_image custom_src=&#8221;https:\/\/www.topo-gps.com\/wp-content\/uploads\/2021\/12\/gb_google_maps.jpg&#8221; external_img_size=&#8221;277&#215;560&#8243; alignment=&#8221;center&#8221;][\/vc_column_inner][vc_column_inner width=&#8221;1\/3&#8243;][vc_column_text]<\/p>\n<h3 style=\"text-align: center;\">OpenStraatkaart<\/h3>\n<p>[\/vc_column_text][vc_single_image custom_src=&#8221;https:\/\/www.topo-gps.com\/wp-content\/uploads\/2021\/12\/gb_osm.jpg&#8221; external_img_size=&#8221;277&#215;560&#8243; alignment=&#8221;center&#8221;][\/vc_column_inner][vc_column_inner width=&#8221;1\/3&#8243;][vc_column_text]<\/p>\n<h3 style=\"text-align: center;\">Topografische kaart<\/h3>\n<p>[\/vc_column_text][vc_single_image custom_src=&#8221;https:\/\/www.topo-gps.com\/wp-content\/uploads\/2021\/12\/gb_os.jpg&#8221; external_img_size=&#8221;277&#215;560&#8243; alignment=&#8221;center&#8221;][\/vc_column_inner][\/vc_row_inner][\/vc_column][\/vc_row][\/vc_section][vc_section section_type=&#8221;hero&#8221; hero_type=&#8221;1&#8243; parallax_image_attachment=&#8221;fixed&#8221; padding_class=&#8221;&#8221;][vc_row content_placement=&#8221;&#8221; parallax_image_attachment=&#8221;inherit&#8221;][vc_column width=&#8221;1\/2&#8243; column_inner_style=&#8221;hero-txt&#8221; hero_txt_type=&#8221;1&#8243;]\r\n        <div class=\"hero-txt\"> \r\n            \r\n            <h2 class=\" wow perch-fadeInUp fadeInUp\" data-wow-delay=\"300ms\" data-wow-duration=\"1200ms\">Topo GPS<\/h2>         \r\n            <h3 class=\"h3-sm  wow perch-fadeInUp fadeInUp\" data-wow-delay=\"400ms\" data-wow-duration=\"1200ms\">Verander uw iPhone, Android-telefoon of -tablet in een volledig uitgerust GPS-apparaat met offline beschikbare topografische kaarten (stafkaarten).<\/h3>\r\n             \r\n            \r\n                        \r\n                        \r\n            \r\n                        \r\n                        \r\n                  \r\n        <\/div>[vc_row_inner][vc_column_inner width=&#8221;1\/2&#8243; css=&#8221;.vc_custom_1639605647058{padding-top: 10px !important;padding-bottom: 10px !important;}&#8221;]\r\n        <div class=\"hero-img  wow perch-fadeInUp fadeInUp text-center\" data-wow-delay=\"300ms\" data-wow-duration=\"1200ms\"> \r\n        <a href=\"https:\/\/apps.apple.com\/gb\/app\/topo-gps\/id578960575\" target=\"_self\" class=\"vc_single_image-wrapper  \"><img loading=\"lazy\" decoding=\"async\" class=\"vc_single_image-img img-fluid\" width=\"160\" height=\"50\"  src=\"https:\/\/www.topo-gps.com\/wp-content\/themes\/appset\/images\/appstore.png\" alt=\"External image\" \/><\/a>\r\n        <\/div>[\/vc_column_inner][vc_column_inner width=&#8221;1\/2&#8243; css=&#8221;.vc_custom_1639605658368{padding-top: 10px !important;padding-bottom: 10px !important;}&#8221;]\r\n        <div class=\"hero-img  wow perch-fadeInUp fadeInUp text-center\" data-wow-delay=\"300ms\" data-wow-duration=\"1200ms\"> \r\n        <a href=\"https:\/\/play.google.com\/store\/apps\/details?id=uk.rdzl.topo.gps&amp;hl=en\" target=\"_self\" class=\"vc_single_image-wrapper  \"><img loading=\"lazy\" decoding=\"async\" class=\"vc_single_image-img img-fluid\" width=\"171\" height=\"50\"  src=\"https:\/\/www.topo-gps.com\/wp-content\/themes\/appset\/images\/googleplay.png\" alt=\"External image\" \/><\/a>\r\n        <\/div>[\/vc_column_inner][\/vc_row_inner][\/vc_column][vc_column width=&#8221;1\/2&#8243;]\r\n        <div class=\"wow perch-fadeInRight fadeInRight hero-1-img\" data-wow-delay=\"300ms\" data-wow-duration=\"1200ms\"> \r\n        <img decoding=\"async\" class=\"vc_single_image-img img-fluid\"  src=\"https:\/\/www.topo-gps.com\/wp-content\/uploads\/2022\/03\/nl-main-1.png\" alt=\"External image\" \/>\r\n        <\/div>[\/vc_column][\/vc_row][\/vc_section]<\/p>\n<\/div>","protected":false},"excerpt":{"rendered":"<p>[vc_section enable_inner=&#8221;yes&#8221; section_type=&#8221;hero&#8221; inner_margin_top=&#8221;mt-100&#8243; parallax_image_attachment=&#8221;inherit&#8221; padding_class=&#8221;wide-100&#8243; css=&#8221;.vc_custom_1638818336813{background-image: url(https:\/\/www.topo-gps.com\/wp-content\/uploads\/2021\/12\/gb1.jpg?id=5826) !important;background-position: center !important;background-repeat: no-repeat !important;background-size: cover !important;}&#8221;][vc_row parallax_image_attachment=&#8221;inherit&#8221; css=&#8221;.vc_custom_1639602296513{padding-top: 20px !important;padding-bottom: 20px !important;}&#8221;][vc_column width=&#8221;1\/2&#8243; css=&#8221;.vc_custom_1639603345318{margin-bottom: 20px !important;}&#8221;][vc_row_inner][vc_column_inner width=&#8221;1\/2&#8243; css=&#8221;.vc_custom_1639605647058{padding-top: 10px !important;padding-bottom: 10px !important;}&#8221;][\/vc_column_inner][vc_column_inner width=&#8221;1\/2&#8243; css=&#8221;.vc_custom_1639605658368{padding-top: 10px !important;padding-bottom: 10px !important;}&#8221;][\/vc_column_inner][\/vc_row_inner][\/vc_column][vc_column width=&#8221;1\/2&#8243; css=&#8221;.vc_custom_1639603183972{padding-top: 40px !important;padding-bottom: 40px !important;}&#8221;][\/vc_column][\/vc_row][\/vc_section][vc_section][vc_row][vc_column][vc_column_text]Groot-Brittanni\u00eb is een land met diverse landschappen en natuurlijke schoonheid en biedt bezoekers het hele jaar door een breed scala aan buitenactiviteiten. Van wandelen en fietsen tot surfen en kajakken, er is altijd iets te doen in het buitenleven van Groot-Brittanni\u00eb. Wandelen is een populaire activiteit in Groot-Brittanni\u00eb, met tal van goed onderhouden paden die bezoekers door enkele&#8230;<\/p>\n","protected":false},"author":1,"featured_media":0,"parent":0,"menu_order":0,"comment_status":"closed","ping_status":"closed","template":"","meta":{"footnotes":""},"class_list":["post-6466","page","type-page","status-publish","hentry","no-post-thumbnail"],"yoast_head":"<!-- This site is optimized with the Yoast SEO plugin v27.6 - https:\/\/yoast.com\/product\/yoast-seo-wordpress\/ -->\n<title>Topografische kaart van Groot-Brittanni\u00eb - Topo GPS<\/title>\n<meta name=\"description\" content=\"OS Explorer topografische kaart van Groot-Brittanni\u00eb op je iPhone, Android-telefoon, tablet en Apple Watch. Beste buitenkaarten van het VK.\" \/>\n<meta name=\"robots\" content=\"index, follow, max-snippet:-1, max-image-preview:large, max-video-preview:-1\" \/>\n<link rel=\"canonical\" href=\"https:\/\/www.topo-gps.com\/nl\/topografische-kaart-van-groot-brittannie\/\" \/>\n<meta property=\"og:locale\" content=\"nl_NL\" \/>\n<meta property=\"og:type\" content=\"article\" \/>\n<meta property=\"og:title\" content=\"Topografische kaart van Groot-Brittanni\u00eb - Topo GPS\" \/>\n<meta property=\"og:description\" content=\"OS Explorer topografische kaart van Groot-Brittanni\u00eb op je iPhone, Android-telefoon, tablet en Apple Watch. Beste buitenkaarten van het VK.\" \/>\n<meta property=\"og:url\" content=\"https:\/\/www.topo-gps.com\/nl\/topografische-kaart-van-groot-brittannie\/\" \/>\n<meta property=\"og:site_name\" content=\"Topo GPS\" \/>\n<meta property=\"article:modified_time\" content=\"2024-02-17T16:44:28+00:00\" \/>\n<meta name=\"twitter:card\" content=\"summary_large_image\" \/>\n<meta name=\"twitter:label1\" content=\"Geschatte leestijd\" \/>\n\t<meta name=\"twitter:data1\" content=\"6 minuten\" \/>\n<script type=\"application\/ld+json\" class=\"yoast-schema-graph\">{\"@context\":\"https:\\\/\\\/schema.org\",\"@graph\":[{\"@type\":\"WebPage\",\"@id\":\"https:\\\/\\\/www.topo-gps.com\\\/nl\\\/topografische-kaart-van-groot-brittannie\\\/\",\"url\":\"https:\\\/\\\/www.topo-gps.com\\\/nl\\\/topografische-kaart-van-groot-brittannie\\\/\",\"name\":\"Topografische kaart van Groot-Brittanni\u00eb - Topo GPS\",\"isPartOf\":{\"@id\":\"https:\\\/\\\/www.topo-gps.com\\\/nl\\\/#website\"},\"datePublished\":\"2022-01-29T19:42:00+00:00\",\"dateModified\":\"2024-02-17T16:44:28+00:00\",\"description\":\"OS Explorer topografische kaart van Groot-Brittanni\u00eb op je iPhone, Android-telefoon, tablet en Apple Watch. Beste buitenkaarten van het VK.\",\"breadcrumb\":{\"@id\":\"https:\\\/\\\/www.topo-gps.com\\\/nl\\\/topografische-kaart-van-groot-brittannie\\\/#breadcrumb\"},\"inLanguage\":\"nl-NL\",\"potentialAction\":[{\"@type\":\"ReadAction\",\"target\":[\"https:\\\/\\\/www.topo-gps.com\\\/nl\\\/topografische-kaart-van-groot-brittannie\\\/\"]}]},{\"@type\":\"BreadcrumbList\",\"@id\":\"https:\\\/\\\/www.topo-gps.com\\\/nl\\\/topografische-kaart-van-groot-brittannie\\\/#breadcrumb\",\"itemListElement\":[{\"@type\":\"ListItem\",\"position\":1,\"name\":\"Home\",\"item\":\"https:\\\/\\\/www.topo-gps.com\\\/nl\\\/huis\\\/\"},{\"@type\":\"ListItem\",\"position\":2,\"name\":\"Topografische kaart van Groot-Brittanni\u00eb\"}]},{\"@type\":\"WebSite\",\"@id\":\"https:\\\/\\\/www.topo-gps.com\\\/nl\\\/#website\",\"url\":\"https:\\\/\\\/www.topo-gps.com\\\/nl\\\/\",\"name\":\"Topo GPS\",\"description\":\"Topographic maps GPS for iPhone, Android, iPad and Apple Watch\",\"potentialAction\":[{\"@type\":\"SearchAction\",\"target\":{\"@type\":\"EntryPoint\",\"urlTemplate\":\"https:\\\/\\\/www.topo-gps.com\\\/nl\\\/?s={search_term_string}\"},\"query-input\":{\"@type\":\"PropertyValueSpecification\",\"valueRequired\":true,\"valueName\":\"search_term_string\"}}],\"inLanguage\":\"nl-NL\"}]}<\/script>\n<!-- \/ Yoast SEO plugin. -->","yoast_head_json":{"title":"Topografische kaart van Groot-Brittanni\u00eb - Topo GPS","description":"OS Explorer topografische kaart van Groot-Brittanni\u00eb op je iPhone, Android-telefoon, tablet en Apple Watch. Beste buitenkaarten van het VK.","robots":{"index":"index","follow":"follow","max-snippet":"max-snippet:-1","max-image-preview":"max-image-preview:large","max-video-preview":"max-video-preview:-1"},"canonical":"https:\/\/www.topo-gps.com\/nl\/topografische-kaart-van-groot-brittannie\/","og_locale":"nl_NL","og_type":"article","og_title":"Topografische kaart van Groot-Brittanni\u00eb - Topo GPS","og_description":"OS Explorer topografische kaart van Groot-Brittanni\u00eb op je iPhone, Android-telefoon, tablet en Apple Watch. Beste buitenkaarten van het VK.","og_url":"https:\/\/www.topo-gps.com\/nl\/topografische-kaart-van-groot-brittannie\/","og_site_name":"Topo GPS","article_modified_time":"2024-02-17T16:44:28+00:00","twitter_card":"summary_large_image","twitter_misc":{"Geschatte leestijd":"6 minuten"},"schema":{"@context":"https:\/\/schema.org","@graph":[{"@type":"WebPage","@id":"https:\/\/www.topo-gps.com\/nl\/topografische-kaart-van-groot-brittannie\/","url":"https:\/\/www.topo-gps.com\/nl\/topografische-kaart-van-groot-brittannie\/","name":"Topografische kaart van Groot-Brittanni\u00eb - Topo GPS","isPartOf":{"@id":"https:\/\/www.topo-gps.com\/nl\/#website"},"datePublished":"2022-01-29T19:42:00+00:00","dateModified":"2024-02-17T16:44:28+00:00","description":"OS Explorer topografische kaart van Groot-Brittanni\u00eb op je iPhone, Android-telefoon, tablet en Apple Watch. Beste buitenkaarten van het VK.","breadcrumb":{"@id":"https:\/\/www.topo-gps.com\/nl\/topografische-kaart-van-groot-brittannie\/#breadcrumb"},"inLanguage":"nl-NL","potentialAction":[{"@type":"ReadAction","target":["https:\/\/www.topo-gps.com\/nl\/topografische-kaart-van-groot-brittannie\/"]}]},{"@type":"BreadcrumbList","@id":"https:\/\/www.topo-gps.com\/nl\/topografische-kaart-van-groot-brittannie\/#breadcrumb","itemListElement":[{"@type":"ListItem","position":1,"name":"Home","item":"https:\/\/www.topo-gps.com\/nl\/huis\/"},{"@type":"ListItem","position":2,"name":"Topografische kaart van Groot-Brittanni\u00eb"}]},{"@type":"WebSite","@id":"https:\/\/www.topo-gps.com\/nl\/#website","url":"https:\/\/www.topo-gps.com\/nl\/","name":"Topo GPS","description":"Topographic maps GPS for iPhone, Android, iPad and Apple Watch","potentialAction":[{"@type":"SearchAction","target":{"@type":"EntryPoint","urlTemplate":"https:\/\/www.topo-gps.com\/nl\/?s={search_term_string}"},"query-input":{"@type":"PropertyValueSpecification","valueRequired":true,"valueName":"search_term_string"}}],"inLanguage":"nl-NL"}]}},"_links":{"self":[{"href":"https:\/\/www.topo-gps.com\/nl\/wp-json\/wp\/v2\/pages\/6466","targetHints":{"allow":["GET"]}}],"collection":[{"href":"https:\/\/www.topo-gps.com\/nl\/wp-json\/wp\/v2\/pages"}],"about":[{"href":"https:\/\/www.topo-gps.com\/nl\/wp-json\/wp\/v2\/types\/page"}],"author":[{"embeddable":true,"href":"https:\/\/www.topo-gps.com\/nl\/wp-json\/wp\/v2\/users\/1"}],"replies":[{"embeddable":true,"href":"https:\/\/www.topo-gps.com\/nl\/wp-json\/wp\/v2\/comments?post=6466"}],"version-history":[{"count":0,"href":"https:\/\/www.topo-gps.com\/nl\/wp-json\/wp\/v2\/pages\/6466\/revisions"}],"wp:attachment":[{"href":"https:\/\/www.topo-gps.com\/nl\/wp-json\/wp\/v2\/media?parent=6466"}],"curies":[{"name":"wp","href":"https:\/\/api.w.org\/{rel}","templated":true}]}}