{"id":7952,"date":"2022-02-26T15:46:25","date_gmt":"2022-02-26T14:46:25","guid":{"rendered":"https:\/\/www.topo-gps.com\/formats-de-donnees-pris-en-charge\/"},"modified":"2023-06-16T14:09:34","modified_gmt":"2023-06-16T13:09:34","slug":"formats-de-donnees-pris-en-charge","status":"publish","type":"page","link":"https:\/\/www.topo-gps.com\/fr\/formats-de-donnees-pris-en-charge\/","title":{"rendered":"Formats de donn\u00e9es g\u00e9ographiques pris en charge"},"content":{"rendered":"<div class=\"wpb-content-wrapper\"><p>[vc_row][vc_column]\r\n        <div class=\"hero-txt\"> \r\n            \r\n                     \r\n            <h3 class=\"h3-sm  wow perch-fadeInUp fadeInUp\" data-wow-delay=\"300ms\" data-wow-duration=\"1200ms\">Supported geo data formats<\/h3>\r\n             \r\n            \r\n                        \r\n                        \r\n            \r\n                        \r\n                        \r\n                  \r\n        <\/div>\r\n        <div class=\"content-txt\"> \r\n        \t\r\n                     \r\n            \r\n            <p class=\"p-md  wow perch-fadeInUp fadeInUp\" data-wow-delay=\"300ms\" data-wow-duration=\"1200ms\">There are many different formats for geodata. Topo GPS is supporting the most popular ones for both import, usage and export.<\/p> \r\n             \r\n            \r\n                        \r\n                        \r\n            \r\n             \r\n                       \r\n                        \r\n                  \r\n        <\/div>[vc_column_text]<\/p>\n<p>&nbsp;<\/p>\n&#13;\n<figure class=\"wp-block-table is-style-stripes\"><table><tbody><tr><td>\u00a0<\/td>&#13;\n<td><strong>Itin\u00e9raires<\/strong><\/td>&#13;\n<td><strong>Waypoints<\/strong><\/td>&#13;\n<td><strong>Ic\u00f4nes<\/strong><\/td>&#13;\n<td><strong>Lignes<\/strong><\/td>&#13;\n<td><strong>Zones<\/strong><\/td>&#13;\n<td><strong>Photos<\/strong><\/td>&#13;\n<td><strong>Type de coordonn\u00e9es<\/strong><\/td>&#13;\n<td><strong>Compression<\/strong><\/td>&#13;\n<td><strong>iOS<\/strong><\/td>&#13;\n<td><strong>Android<\/strong><\/td>&#13;\n<td><strong>Importer<\/strong><\/td>&#13;\n<td><strong>Exportation<\/strong><\/td>&#13;\n<td>\u00a0<\/td>&#13;\n<\/tr><tr><td>GPX<\/td>&#13;\n<td style=\"text-align: center;\">\u2713<\/td>&#13;\n<td style=\"text-align: center;\">\u2713<\/td>&#13;\n<td style=\"text-align: center;\">\u2713*<\/td>&#13;\n<td style=\"text-align: center;\">\u00a0<\/td>&#13;\n<td style=\"text-align: center;\">\u00a0<\/td>&#13;\n<td style=\"text-align: center;\">\u00a0<\/td>&#13;\n<td style=\"text-align: center;\">WGS84<\/td>&#13;\n<td style=\"text-align: center;\">\u00a0<\/td>&#13;\n<td style=\"text-align: center;\">\u2713<\/td>&#13;\n<td style=\"text-align: center;\">\u2713<\/td>&#13;\n<td style=\"text-align: center;\">\u2713<\/td>&#13;\n<td style=\"text-align: center;\">\u2713<\/td>&#13;\n<td>\u00a0<\/td>&#13;\n<\/tr><tr><td>GPX.zip<\/td>&#13;\n<td style=\"text-align: center;\">\u2713<\/td>&#13;\n<td style=\"text-align: center;\">\u2713<\/td>&#13;\n<td style=\"text-align: center;\">\u2713*<\/td>&#13;\n<td style=\"text-align: center;\">\u00a0<\/td>&#13;\n<td style=\"text-align: center;\">\u00a0<\/td>&#13;\n<td style=\"text-align: center;\">\u2713<\/td>&#13;\n<td style=\"text-align: center;\">WGS84<\/td>&#13;\n<td style=\"text-align: center;\">\u2713<\/td>&#13;\n<td style=\"text-align: center;\">\u2713<\/td>&#13;\n<td style=\"text-align: center;\">\u2713<\/td>&#13;\n<td style=\"text-align: center;\">\u2713<\/td>&#13;\n<td style=\"text-align: center;\">\u2713<\/td>&#13;\n<td>\u00a0<\/td>&#13;\n<\/tr><tr><td>KML<\/td>&#13;\n<td style=\"text-align: center;\">\u2713<\/td>&#13;\n<td style=\"text-align: center;\">\u2713<\/td>&#13;\n<td style=\"text-align: center;\">\u2713*<\/td>&#13;\n<td style=\"text-align: center;\">\u2713<\/td>&#13;\n<td style=\"text-align: center;\">\u2713<\/td>&#13;\n<td style=\"text-align: center;\">\u00a0<\/td>&#13;\n<td style=\"text-align: center;\">WGS84<\/td>&#13;\n<td style=\"text-align: center;\">\u00a0<\/td>&#13;\n<td style=\"text-align: center;\">\u2713<\/td>&#13;\n<td style=\"text-align: center;\">\u2713<\/td>&#13;\n<td style=\"text-align: center;\">\u2713<\/td>&#13;\n<td style=\"text-align: center;\">\u2713<\/td>&#13;\n<td>\u00a0<\/td>&#13;\n<\/tr><tr><td>KMZ<\/td>&#13;\n<td style=\"text-align: center;\">\u2713<\/td>&#13;\n<td style=\"text-align: center;\">\u2713<\/td>&#13;\n<td style=\"text-align: center;\">\u2713*<\/td>&#13;\n<td style=\"text-align: center;\">\u2713<\/td>&#13;\n<td style=\"text-align: center;\">\u2713<\/td>&#13;\n<td style=\"text-align: center;\">\u2713<\/td>&#13;\n<td style=\"text-align: center;\">WGS84<\/td>&#13;\n<td style=\"text-align: center;\">\u2713<\/td>&#13;\n<td style=\"text-align: center;\">\u2713<\/td>&#13;\n<td style=\"text-align: center;\">\u2713<\/td>&#13;\n<td style=\"text-align: center;\">\u2713<\/td>&#13;\n<td style=\"text-align: center;\">\u2713<\/td>&#13;\n<td>\u00a0<\/td>&#13;\n<\/tr><tr><td>CSV*<\/td>&#13;\n<td style=\"text-align: center;\">\u00a0<\/td>&#13;\n<td style=\"text-align: center;\">\u2713<\/td>&#13;\n<td style=\"text-align: center;\">\u2713<\/td>&#13;\n<td style=\"text-align: center;\">\u00a0<\/td>&#13;\n<td style=\"text-align: center;\">\u00a0<\/td>&#13;\n<td style=\"text-align: center;\">\u00a0<\/td>&#13;\n<td style=\"text-align: center;\">quelconque<\/td>&#13;\n<td style=\"text-align: center;\">\u00a0<\/td>&#13;\n<td style=\"text-align: center;\">\u2713<\/td>&#13;\n<td style=\"text-align: center;\">\u2713<\/td>&#13;\n<td style=\"text-align: center;\">\u2713<\/td>&#13;\n<td style=\"text-align: center;\">\u2713<\/td>&#13;\n<td style=\"text-align: center;\">\u00a0<\/td>&#13;\n<\/tr><tr><td>CSV.zip*<\/td>&#13;\n<td style=\"text-align: center;\">\u00a0<\/td>&#13;\n<td style=\"text-align: center;\">\u2713<\/td>&#13;\n<td style=\"text-align: center;\">\u2713<\/td>&#13;\n<td style=\"text-align: center;\">\u00a0<\/td>&#13;\n<td style=\"text-align: center;\">\u00a0<\/td>&#13;\n<td style=\"text-align: center;\">\u2713<\/td>&#13;\n<td style=\"text-align: center;\">quelconque<\/td>&#13;\n<td style=\"text-align: center;\">\u2713<\/td>&#13;\n<td style=\"text-align: center;\">\u2713<\/td>&#13;\n<td style=\"text-align: center;\">\u2713<\/td>&#13;\n<td style=\"text-align: center;\">\u2713<\/td>&#13;\n<td style=\"text-align: center;\">\u2713<\/td>&#13;\n<td>\u00a0<\/td>&#13;\n<\/tr><tr><td>G\u00e9oJSON<\/td>&#13;\n<td style=\"text-align: center;\">comme une ligne<\/td>&#13;\n<td style=\"text-align: center;\">\u2713<\/td>&#13;\n<td style=\"text-align: center;\">\u00a0<\/td>&#13;\n<td style=\"text-align: center;\">\u2713<\/td>&#13;\n<td style=\"text-align: center;\">\u2713<\/td>&#13;\n<td style=\"text-align: center;\">\u00a0<\/td>&#13;\n<td style=\"text-align: center;\">quelconque**<\/td>&#13;\n<td style=\"text-align: center;\">\u00a0<\/td>&#13;\n<td style=\"text-align: center;\">\u2713<\/td>&#13;\n<td style=\"text-align: center;\">\u00a0<\/td>&#13;\n<td style=\"text-align: center;\">\u2713<\/td>&#13;\n<td style=\"text-align: center;\">\u2713<\/td>&#13;\n<td style=\"text-align: center;\">\u00a0<\/td>&#13;\n<\/tr><tr><td>GeoJSON.zip<\/td>&#13;\n<td style=\"text-align: center;\">comme une ligne<\/td>&#13;\n<td style=\"text-align: center;\">\u2713<\/td>&#13;\n<td style=\"text-align: center;\">\u00a0<\/td>&#13;\n<td style=\"text-align: center;\">\u2713<\/td>&#13;\n<td style=\"text-align: center;\">\u2713<\/td>&#13;\n<td style=\"text-align: center;\">\u2713<\/td>&#13;\n<td style=\"text-align: center;\">quelconque**<\/td>&#13;\n<td style=\"text-align: center;\">\u2713<\/td>&#13;\n<td style=\"text-align: center;\">\u2713<\/td>&#13;\n<td style=\"text-align: center;\">\u00a0<\/td>&#13;\n<td style=\"text-align: center;\">\u2713<\/td>&#13;\n<td style=\"text-align: center;\">\u2713<\/td>&#13;\n<td>\u00a0<\/td>&#13;\n<\/tr><tr><td>GML\/WFS<\/td>&#13;\n<td style=\"text-align: center;\">\u00a0<\/td>&#13;\n<td style=\"text-align: center;\">\u2713<\/td>&#13;\n<td style=\"text-align: center;\">\u00a0<\/td>&#13;\n<td style=\"text-align: center;\">\u2713<\/td>&#13;\n<td style=\"text-align: center;\">\u2713<\/td>&#13;\n<td style=\"text-align: center;\">\u00a0<\/td>&#13;\n<td style=\"text-align: center;\">quelconque<\/td>&#13;\n<td style=\"text-align: center;\">\u00a0<\/td>&#13;\n<td style=\"text-align: center;\">\u2713<\/td>&#13;\n<td style=\"text-align: center;\">\u00a0<\/td>&#13;\n<td style=\"text-align: center;\">\u2713<\/td>&#13;\n<td style=\"text-align: center;\">\u00a0<\/td>&#13;\n<td>\u00a0<\/td>&#13;\n<\/tr><tr><td>JPEG<\/td>&#13;\n<td style=\"text-align: center;\">\u00a0<\/td>&#13;\n<td style=\"text-align: center;\">\u00a0<\/td>&#13;\n<td style=\"text-align: center;\">\u00a0<\/td>&#13;\n<td style=\"text-align: center;\">\u00a0<\/td>&#13;\n<td style=\"text-align: center;\">\u00a0<\/td>&#13;\n<td style=\"text-align: center;\">\u2713<\/td>&#13;\n<td style=\"text-align: center;\">WGS84<\/td>&#13;\n<td style=\"text-align: center;\">\u00a0<\/td>&#13;\n<td style=\"text-align: center;\">\u2713<\/td>&#13;\n<td style=\"text-align: center;\">\u2713<\/td>&#13;\n<td style=\"text-align: center;\">iOS<\/td>&#13;\n<td style=\"text-align: center;\">\u2713<\/td>&#13;\n<td>\u00a0<\/td>&#13;\n<\/tr><\/tbody><\/table><\/figure><p>[\/vc_column_text][\/vc_column][vc_column]\r\n        <div class=\"content-txt\"> \r\n        \t\r\n                     \r\n            \r\n            <p class=\"p-md  wow perch-fadeInUp fadeInUp\" data-wow-delay=\"300ms\" data-wow-duration=\"1200ms\">* Topo GPS specific functionality that only works when sharing with other Topo GPS user. Icons are limited in KML<br \/>** Not according to official GeoJSON documentation<\/p> \r\n             \r\n            \r\n                        \r\n                        \r\n            \r\n             \r\n                       \r\n                        \r\n                  \r\n        <\/div>[\/vc_column][\/vc_row]<\/p>\n<\/div>","protected":false},"excerpt":{"rendered":"<p>[vc_row][vc_column][vc_column_text] &nbsp; &#13; \u00a0 &#13; Itin\u00e9raires &#13; Waypoints &#13; Ic\u00f4nes &#13; Lignes &#13; Zones &#13; Photos &#13; Type de coordonn\u00e9es &#13; Compression &#13; iOS &#13; Android &#13; Importer &#13; Exportation &#13; \u00a0 &#13; GPX &#13; \u2713 &#13; \u2713 &#13; \u2713* &#13; \u00a0 &#13; \u00a0 &#13; \u00a0 &#13; WGS84 &#13; \u00a0 &#13; \u2713 &#13; \u2713 &#13; \u2713 &#13; \u2713 &#13; \u00a0 &#13; GPX.zip &#13; \u2713 &#13; \u2713 &#13; \u2713* &#13; \u00a0 &#13; \u00a0 &#13; \u2713 &#13; WGS84 &#13; \u2713 &#13; \u2713 &#13; \u2713 &#13; \u2713 &#13; \u2713 &#13; \u00a0 &#13; KML &#13; \u2713 &#13; \u2713 &#13; \u2713* &#13; \u2713 &#13; \u2713&#8230;<\/p>\n","protected":false},"author":1,"featured_media":0,"parent":0,"menu_order":0,"comment_status":"closed","ping_status":"closed","template":"","meta":{"footnotes":""},"class_list":["post-7952","page","type-page","status-publish","hentry","no-post-thumbnail"],"yoast_head":"<!-- This site is optimized with the Yoast SEO plugin v27.4 - https:\/\/yoast.com\/product\/yoast-seo-wordpress\/ -->\n<title>Formats de donn\u00e9es g\u00e9ographiques pris en charge - Topo GPS<\/title>\n<meta name=\"description\" content=\"Vue d&#039;ensemble des formats de donn\u00e9es disponibles dans Topo GPS dans un tableau pour Android et iOS. Avec les sp\u00e9cificit\u00e9s du format \u00e9galement r\u00e9pertori\u00e9es.\" \/>\n<meta name=\"robots\" content=\"index, follow, max-snippet:-1, max-image-preview:large, max-video-preview:-1\" \/>\n<link rel=\"canonical\" href=\"https:\/\/www.topo-gps.com\/fr\/formats-de-donnees-pris-en-charge\/\" \/>\n<meta property=\"og:locale\" content=\"fr_FR\" \/>\n<meta property=\"og:type\" content=\"article\" \/>\n<meta property=\"og:title\" content=\"Formats de donn\u00e9es g\u00e9ographiques pris en charge - Topo GPS\" \/>\n<meta property=\"og:description\" content=\"Vue d&#039;ensemble des formats de donn\u00e9es disponibles dans Topo GPS dans un tableau pour Android et iOS. Avec les sp\u00e9cificit\u00e9s du format \u00e9galement r\u00e9pertori\u00e9es.\" \/>\n<meta property=\"og:url\" content=\"https:\/\/www.topo-gps.com\/fr\/formats-de-donnees-pris-en-charge\/\" \/>\n<meta property=\"og:site_name\" content=\"Topo GPS\" \/>\n<meta property=\"article:modified_time\" content=\"2023-06-16T13:09:34+00:00\" \/>\n<meta name=\"twitter:card\" content=\"summary_large_image\" \/>\n<meta name=\"twitter:label1\" content=\"Dur\u00e9e de lecture estim\u00e9e\" \/>\n\t<meta name=\"twitter:data1\" content=\"1 minute\" \/>\n<script type=\"application\/ld+json\" class=\"yoast-schema-graph\">{\"@context\":\"https:\\\/\\\/schema.org\",\"@graph\":[{\"@type\":\"WebPage\",\"@id\":\"https:\\\/\\\/www.topo-gps.com\\\/fr\\\/formats-de-donnees-pris-en-charge\\\/\",\"url\":\"https:\\\/\\\/www.topo-gps.com\\\/fr\\\/formats-de-donnees-pris-en-charge\\\/\",\"name\":\"Formats de donn\u00e9es g\u00e9ographiques pris en charge - Topo GPS\",\"isPartOf\":{\"@id\":\"https:\\\/\\\/www.topo-gps.com\\\/fr\\\/#website\"},\"datePublished\":\"2022-02-26T14:46:25+00:00\",\"dateModified\":\"2023-06-16T13:09:34+00:00\",\"description\":\"Vue d'ensemble des formats de donn\u00e9es disponibles dans Topo GPS dans un tableau pour Android et iOS. Avec les sp\u00e9cificit\u00e9s du format \u00e9galement r\u00e9pertori\u00e9es.\",\"breadcrumb\":{\"@id\":\"https:\\\/\\\/www.topo-gps.com\\\/fr\\\/formats-de-donnees-pris-en-charge\\\/#breadcrumb\"},\"inLanguage\":\"fr-FR\",\"potentialAction\":[{\"@type\":\"ReadAction\",\"target\":[\"https:\\\/\\\/www.topo-gps.com\\\/fr\\\/formats-de-donnees-pris-en-charge\\\/\"]}]},{\"@type\":\"BreadcrumbList\",\"@id\":\"https:\\\/\\\/www.topo-gps.com\\\/fr\\\/formats-de-donnees-pris-en-charge\\\/#breadcrumb\",\"itemListElement\":[{\"@type\":\"ListItem\",\"position\":1,\"name\":\"Home\",\"item\":\"https:\\\/\\\/www.topo-gps.com\\\/fr\\\/top-gps\\\/\"},{\"@type\":\"ListItem\",\"position\":2,\"name\":\"Formats de donn\u00e9es g\u00e9ographiques pris en charge\"}]},{\"@type\":\"WebSite\",\"@id\":\"https:\\\/\\\/www.topo-gps.com\\\/fr\\\/#website\",\"url\":\"https:\\\/\\\/www.topo-gps.com\\\/fr\\\/\",\"name\":\"Topo GPS\",\"description\":\"Topographic maps GPS for iPhone, Android, iPad and Apple Watch\",\"potentialAction\":[{\"@type\":\"SearchAction\",\"target\":{\"@type\":\"EntryPoint\",\"urlTemplate\":\"https:\\\/\\\/www.topo-gps.com\\\/fr\\\/?s={search_term_string}\"},\"query-input\":{\"@type\":\"PropertyValueSpecification\",\"valueRequired\":true,\"valueName\":\"search_term_string\"}}],\"inLanguage\":\"fr-FR\"}]}<\/script>\n<!-- \/ Yoast SEO plugin. -->","yoast_head_json":{"title":"Formats de donn\u00e9es g\u00e9ographiques pris en charge - Topo GPS","description":"Vue d'ensemble des formats de donn\u00e9es disponibles dans Topo GPS dans un tableau pour Android et iOS. Avec les sp\u00e9cificit\u00e9s du format \u00e9galement r\u00e9pertori\u00e9es.","robots":{"index":"index","follow":"follow","max-snippet":"max-snippet:-1","max-image-preview":"max-image-preview:large","max-video-preview":"max-video-preview:-1"},"canonical":"https:\/\/www.topo-gps.com\/fr\/formats-de-donnees-pris-en-charge\/","og_locale":"fr_FR","og_type":"article","og_title":"Formats de donn\u00e9es g\u00e9ographiques pris en charge - Topo GPS","og_description":"Vue d'ensemble des formats de donn\u00e9es disponibles dans Topo GPS dans un tableau pour Android et iOS. Avec les sp\u00e9cificit\u00e9s du format \u00e9galement r\u00e9pertori\u00e9es.","og_url":"https:\/\/www.topo-gps.com\/fr\/formats-de-donnees-pris-en-charge\/","og_site_name":"Topo GPS","article_modified_time":"2023-06-16T13:09:34+00:00","twitter_card":"summary_large_image","twitter_misc":{"Dur\u00e9e de lecture estim\u00e9e":"1 minute"},"schema":{"@context":"https:\/\/schema.org","@graph":[{"@type":"WebPage","@id":"https:\/\/www.topo-gps.com\/fr\/formats-de-donnees-pris-en-charge\/","url":"https:\/\/www.topo-gps.com\/fr\/formats-de-donnees-pris-en-charge\/","name":"Formats de donn\u00e9es g\u00e9ographiques pris en charge - Topo GPS","isPartOf":{"@id":"https:\/\/www.topo-gps.com\/fr\/#website"},"datePublished":"2022-02-26T14:46:25+00:00","dateModified":"2023-06-16T13:09:34+00:00","description":"Vue d'ensemble des formats de donn\u00e9es disponibles dans Topo GPS dans un tableau pour Android et iOS. Avec les sp\u00e9cificit\u00e9s du format \u00e9galement r\u00e9pertori\u00e9es.","breadcrumb":{"@id":"https:\/\/www.topo-gps.com\/fr\/formats-de-donnees-pris-en-charge\/#breadcrumb"},"inLanguage":"fr-FR","potentialAction":[{"@type":"ReadAction","target":["https:\/\/www.topo-gps.com\/fr\/formats-de-donnees-pris-en-charge\/"]}]},{"@type":"BreadcrumbList","@id":"https:\/\/www.topo-gps.com\/fr\/formats-de-donnees-pris-en-charge\/#breadcrumb","itemListElement":[{"@type":"ListItem","position":1,"name":"Home","item":"https:\/\/www.topo-gps.com\/fr\/top-gps\/"},{"@type":"ListItem","position":2,"name":"Formats de donn\u00e9es g\u00e9ographiques pris en charge"}]},{"@type":"WebSite","@id":"https:\/\/www.topo-gps.com\/fr\/#website","url":"https:\/\/www.topo-gps.com\/fr\/","name":"Topo GPS","description":"Topographic maps GPS for iPhone, Android, iPad and Apple Watch","potentialAction":[{"@type":"SearchAction","target":{"@type":"EntryPoint","urlTemplate":"https:\/\/www.topo-gps.com\/fr\/?s={search_term_string}"},"query-input":{"@type":"PropertyValueSpecification","valueRequired":true,"valueName":"search_term_string"}}],"inLanguage":"fr-FR"}]}},"_links":{"self":[{"href":"https:\/\/www.topo-gps.com\/fr\/wp-json\/wp\/v2\/pages\/7952","targetHints":{"allow":["GET"]}}],"collection":[{"href":"https:\/\/www.topo-gps.com\/fr\/wp-json\/wp\/v2\/pages"}],"about":[{"href":"https:\/\/www.topo-gps.com\/fr\/wp-json\/wp\/v2\/types\/page"}],"author":[{"embeddable":true,"href":"https:\/\/www.topo-gps.com\/fr\/wp-json\/wp\/v2\/users\/1"}],"replies":[{"embeddable":true,"href":"https:\/\/www.topo-gps.com\/fr\/wp-json\/wp\/v2\/comments?post=7952"}],"version-history":[{"count":0,"href":"https:\/\/www.topo-gps.com\/fr\/wp-json\/wp\/v2\/pages\/7952\/revisions"}],"wp:attachment":[{"href":"https:\/\/www.topo-gps.com\/fr\/wp-json\/wp\/v2\/media?parent=7952"}],"curies":[{"name":"wp","href":"https:\/\/api.w.org\/{rel}","templated":true}]}}