{"id":6874,"date":"2022-01-31T11:44:09","date_gmt":"2022-01-31T10:44:09","guid":{"rendered":"https:\/\/www.topo-gps.com\/chercher-et-sauver\/"},"modified":"2022-09-10T10:05:52","modified_gmt":"2022-09-10T09:05:52","slug":"chercher-et-sauver","status":"publish","type":"page","link":"https:\/\/www.topo-gps.com\/fr\/chercher-et-sauver\/","title":{"rendered":"Chercher et sauver"},"content":{"rendered":"<div class=\"wpb-content-wrapper\"><p>[vc_row][vc_column]\r\n        <div class=\"section-title  wow perch-fadeInUp fadeInUp text-center\" data-wow-delay=\"300ms\" data-wow-duration=\"1200ms\">\r\n            <h2 class=\"h2-sm\">Chercher et sauver<\/h2>\r\n            <p class=\"p-lg\">Plusieurs \u00e9quipes de recherche et de sauvetage utilisent Topo GPS lors de leurs op\u00e9rations. Lisez leurs histoires ci-dessous.<\/p>         \r\n        <\/div>[\/vc_column][\/vc_row][vc_row][vc_column width=&#8221;2\/3&#8243;][vc_single_image custom_src=&#8221;https:\/\/www.topo-gps.com\/wp-content\/uploads\/2021\/12\/DSC00793.jpeg&#8221;][\/vc_column][vc_column width=&#8221;1\/3&#8243;]\r\n        <div class=\"wow perch-fadeInUp fadeInUp fbox\" data-wow-delay=\"300ms\" data-wow-duration=\"1200ms\"> \r\n            <div class=\"fbox grey-color-box\">\r\n                <div class=\"grey-color-icon b-icon box-icon-md\"><span class=\" grey-color\"><\/span><\/div>  \r\n                <div class=\"fbox-txt\">    \r\n                    <h5 class=\"h5-sm\">Westport Land Search &amp; Rescue - Nouvelle-Z\u00e9lande<\/h5>\r\n                    <p class=\"grey-color\">Le groupe Westport Land Search &amp; Rescue est un utilisateur passionn\u00e9 de l'application Topo GPS qui l'a distribu\u00e9e \u00e0 tous les membres de notre \u00e9quipe de gestion de terrain et d'incidents.<\/p>\n<p>Dans une situation de recherche et de sauvetage, nous pouvons demander \u00e0 nos \u00e9quipes de terrain d'afficher la zone de recherche g\u00e9n\u00e9rale sur leur application Topo GPS et de planifier les zones qu'elles sont charg\u00e9es de rechercher les personnes disparues et, comme l'application est disponible pour une utilisation hors ligne, elles sont en mesure de s'assurer qu'ils fouillent les zones sp\u00e9cifiquement d\u00e9sign\u00e9es par notre \u00e9quipe de gestion des incidents.<\/p>\n<p>Ils activent et enregistrent leurs itin\u00e9raires sur le terrain, qui peuvent \u00eatre t\u00e9l\u00e9charg\u00e9s \u00e0 l'\u00e9quipe de gestion avec tous les indices ou autres \u00e9l\u00e9ments d'int\u00e9r\u00eat pouvant \u00eatre enregistr\u00e9s en tant que waypoint pour compl\u00e9ter leurs autres enregistrements s\u00e9par\u00e9s sur le terrain avec leurs GPS.<\/p>\n<p>Beaucoup de nos b\u00e9n\u00e9voles utilisent l'application Topo GPS pendant leurs loisirs personnels, ce dont nous sommes ravis car cela les aide \u00e0 se familiariser avec toutes les fonctionnalit\u00e9s disponibles sur l'application.<\/p>\r\n                    \r\n                <\/div> \r\n            <\/div>        \r\n        <\/div>[\/vc_column][\/vc_row]<\/p>\n<\/div>","protected":false},"excerpt":{"rendered":"<p>[vc_row][vc_column][\/vc_column][\/vc_row][vc_row][vc_column width=&#8221;2\/3&#8243;][vc_single_image custom_src=&#8221;https:\/\/www.topo-gps.com\/wp-content\/uploads\/2021\/12\/DSC00793.jpeg&#8221;][\/vc_column][vc_column width=&#8221;1\/3&#8243;][\/vc_column][\/vc_row]<\/p>\n","protected":false},"author":1,"featured_media":0,"parent":0,"menu_order":0,"comment_status":"closed","ping_status":"closed","template":"","meta":{"footnotes":""},"class_list":["post-6874","page","type-page","status-publish","hentry","no-post-thumbnail"],"yoast_head":"<!-- This site is optimized with the Yoast SEO plugin v27.4 - https:\/\/yoast.com\/product\/yoast-seo-wordpress\/ -->\n<title>Chercher et sauver - Topo GPS<\/title>\n<meta name=\"robots\" content=\"index, follow, max-snippet:-1, max-image-preview:large, max-video-preview:-1\" \/>\n<link rel=\"canonical\" href=\"https:\/\/www.topo-gps.com\/fr\/chercher-et-sauver\/\" \/>\n<meta property=\"og:locale\" content=\"fr_FR\" \/>\n<meta property=\"og:type\" content=\"article\" \/>\n<meta property=\"og:title\" content=\"Chercher et sauver - Topo GPS\" \/>\n<meta property=\"og:description\" content=\"[vc_row][vc_column][\/vc_column][\/vc_row][vc_row][vc_column width=&#8221;2\/3&#8243;][vc_single_image custom_src=&#8221;https:\/\/www.topo-gps.com\/wp-content\/uploads\/2021\/12\/DSC00793.jpeg&#8221;][\/vc_column][vc_column width=&#8221;1\/3&#8243;][\/vc_column][\/vc_row]\" \/>\n<meta property=\"og:url\" content=\"https:\/\/www.topo-gps.com\/fr\/chercher-et-sauver\/\" \/>\n<meta property=\"og:site_name\" content=\"Topo GPS\" \/>\n<meta property=\"article:modified_time\" content=\"2022-09-10T09:05:52+00:00\" \/>\n<meta name=\"twitter:card\" content=\"summary_large_image\" \/>\n<meta name=\"twitter:label1\" content=\"Dur\u00e9e de lecture estim\u00e9e\" \/>\n\t<meta name=\"twitter:data1\" content=\"1 minute\" \/>\n<script type=\"application\/ld+json\" class=\"yoast-schema-graph\">{\"@context\":\"https:\\\/\\\/schema.org\",\"@graph\":[{\"@type\":\"WebPage\",\"@id\":\"https:\\\/\\\/www.topo-gps.com\\\/fr\\\/chercher-et-sauver\\\/\",\"url\":\"https:\\\/\\\/www.topo-gps.com\\\/fr\\\/chercher-et-sauver\\\/\",\"name\":\"Chercher et sauver - Topo GPS\",\"isPartOf\":{\"@id\":\"https:\\\/\\\/www.topo-gps.com\\\/fr\\\/#website\"},\"datePublished\":\"2022-01-31T10:44:09+00:00\",\"dateModified\":\"2022-09-10T09:05:52+00:00\",\"breadcrumb\":{\"@id\":\"https:\\\/\\\/www.topo-gps.com\\\/fr\\\/chercher-et-sauver\\\/#breadcrumb\"},\"inLanguage\":\"fr-FR\",\"potentialAction\":[{\"@type\":\"ReadAction\",\"target\":[\"https:\\\/\\\/www.topo-gps.com\\\/fr\\\/chercher-et-sauver\\\/\"]}]},{\"@type\":\"BreadcrumbList\",\"@id\":\"https:\\\/\\\/www.topo-gps.com\\\/fr\\\/chercher-et-sauver\\\/#breadcrumb\",\"itemListElement\":[{\"@type\":\"ListItem\",\"position\":1,\"name\":\"Home\",\"item\":\"https:\\\/\\\/www.topo-gps.com\\\/fr\\\/top-gps\\\/\"},{\"@type\":\"ListItem\",\"position\":2,\"name\":\"Chercher et sauver\"}]},{\"@type\":\"WebSite\",\"@id\":\"https:\\\/\\\/www.topo-gps.com\\\/fr\\\/#website\",\"url\":\"https:\\\/\\\/www.topo-gps.com\\\/fr\\\/\",\"name\":\"Topo GPS\",\"description\":\"Topographic maps GPS for iPhone, Android, iPad and Apple Watch\",\"potentialAction\":[{\"@type\":\"SearchAction\",\"target\":{\"@type\":\"EntryPoint\",\"urlTemplate\":\"https:\\\/\\\/www.topo-gps.com\\\/fr\\\/?s={search_term_string}\"},\"query-input\":{\"@type\":\"PropertyValueSpecification\",\"valueRequired\":true,\"valueName\":\"search_term_string\"}}],\"inLanguage\":\"fr-FR\"}]}<\/script>\n<!-- \/ Yoast SEO plugin. -->","yoast_head_json":{"title":"Chercher et sauver - Topo GPS","robots":{"index":"index","follow":"follow","max-snippet":"max-snippet:-1","max-image-preview":"max-image-preview:large","max-video-preview":"max-video-preview:-1"},"canonical":"https:\/\/www.topo-gps.com\/fr\/chercher-et-sauver\/","og_locale":"fr_FR","og_type":"article","og_title":"Chercher et sauver - Topo GPS","og_description":"[vc_row][vc_column][\/vc_column][\/vc_row][vc_row][vc_column width=&#8221;2\/3&#8243;][vc_single_image custom_src=&#8221;https:\/\/www.topo-gps.com\/wp-content\/uploads\/2021\/12\/DSC00793.jpeg&#8221;][\/vc_column][vc_column width=&#8221;1\/3&#8243;][\/vc_column][\/vc_row]","og_url":"https:\/\/www.topo-gps.com\/fr\/chercher-et-sauver\/","og_site_name":"Topo GPS","article_modified_time":"2022-09-10T09:05:52+00:00","twitter_card":"summary_large_image","twitter_misc":{"Dur\u00e9e de lecture estim\u00e9e":"1 minute"},"schema":{"@context":"https:\/\/schema.org","@graph":[{"@type":"WebPage","@id":"https:\/\/www.topo-gps.com\/fr\/chercher-et-sauver\/","url":"https:\/\/www.topo-gps.com\/fr\/chercher-et-sauver\/","name":"Chercher et sauver - Topo GPS","isPartOf":{"@id":"https:\/\/www.topo-gps.com\/fr\/#website"},"datePublished":"2022-01-31T10:44:09+00:00","dateModified":"2022-09-10T09:05:52+00:00","breadcrumb":{"@id":"https:\/\/www.topo-gps.com\/fr\/chercher-et-sauver\/#breadcrumb"},"inLanguage":"fr-FR","potentialAction":[{"@type":"ReadAction","target":["https:\/\/www.topo-gps.com\/fr\/chercher-et-sauver\/"]}]},{"@type":"BreadcrumbList","@id":"https:\/\/www.topo-gps.com\/fr\/chercher-et-sauver\/#breadcrumb","itemListElement":[{"@type":"ListItem","position":1,"name":"Home","item":"https:\/\/www.topo-gps.com\/fr\/top-gps\/"},{"@type":"ListItem","position":2,"name":"Chercher et sauver"}]},{"@type":"WebSite","@id":"https:\/\/www.topo-gps.com\/fr\/#website","url":"https:\/\/www.topo-gps.com\/fr\/","name":"Topo GPS","description":"Topographic maps GPS for iPhone, Android, iPad and Apple Watch","potentialAction":[{"@type":"SearchAction","target":{"@type":"EntryPoint","urlTemplate":"https:\/\/www.topo-gps.com\/fr\/?s={search_term_string}"},"query-input":{"@type":"PropertyValueSpecification","valueRequired":true,"valueName":"search_term_string"}}],"inLanguage":"fr-FR"}]}},"_links":{"self":[{"href":"https:\/\/www.topo-gps.com\/fr\/wp-json\/wp\/v2\/pages\/6874","targetHints":{"allow":["GET"]}}],"collection":[{"href":"https:\/\/www.topo-gps.com\/fr\/wp-json\/wp\/v2\/pages"}],"about":[{"href":"https:\/\/www.topo-gps.com\/fr\/wp-json\/wp\/v2\/types\/page"}],"author":[{"embeddable":true,"href":"https:\/\/www.topo-gps.com\/fr\/wp-json\/wp\/v2\/users\/1"}],"replies":[{"embeddable":true,"href":"https:\/\/www.topo-gps.com\/fr\/wp-json\/wp\/v2\/comments?post=6874"}],"version-history":[{"count":0,"href":"https:\/\/www.topo-gps.com\/fr\/wp-json\/wp\/v2\/pages\/6874\/revisions"}],"wp:attachment":[{"href":"https:\/\/www.topo-gps.com\/fr\/wp-json\/wp\/v2\/media?parent=6874"}],"curies":[{"name":"wp","href":"https:\/\/api.w.org\/{rel}","templated":true}]}}