{"id":6532,"date":"2022-01-31T11:35:54","date_gmt":"2022-01-31T10:35:54","guid":{"rendered":"https:\/\/www.topo-gps.com\/soutien\/"},"modified":"2026-05-08T10:45:55","modified_gmt":"2026-05-08T09:45:55","slug":"soutien","status":"publish","type":"page","link":"https:\/\/www.topo-gps.com\/fr\/soutien\/","title":{"rendered":"Soutien"},"content":{"rendered":"<div class=\"wpb-content-wrapper\"><p>[vc_section]<br \/>\n[vc_row css=&#8221;.vc_custom_123456789{margin-bottom: 40px !important; padding: 20px !important; background-color: #f9f9f9 !important; border-radius: 10px !important;}&#8221;][vc_column width=&#8221;1\/3&#8243;][vc_icon icon_fontawesome=&#8221;far fa-comments&#8221; color=&#8221;green&#8221; size=&#8221;md&#8221; align=&#8221;center&#8221;][vc_column_text]<\/p>\n<h3 style=\"text-align: center;\">Assistante Aida<\/h3>\n<p style=\"text-align: center; font-size: 14px;\">R\u00e9ponses instantan\u00e9es de l&#8217;IA \u00e0 vos questions sur Topo GPS.<\/p>\n<p>[\/vc_column_text][vc_btn title=&#8221;D\u00e9marrer une conversation&#8221; color=&#8221;primary&#8221; align=&#8221;center&#8221; style=&#8221;flat&#8221; link=&#8221;url:https%3A%2F%2Fwww.topo-gps.com%2Ffr%2Faida%2F|title:Assistant%20Aida|&#8221; button_block=&#8221;true&#8221;][\/vc_column][vc_column width=&#8221;1\/3&#8243;][vc_icon icon_fontawesome=&#8221;fab fa-apple&#8221; color=&#8221;grey&#8221; size=&#8221;md&#8221; align=&#8221;center&#8221;][vc_column_text]<\/p>\n<h3 style=\"text-align: center;\">Manuel iOS<\/h3>\n<p style=\"text-align: center; font-size: 14px;\">Guide d\u00e9taill\u00e9 pour les utilisateurs d&#8217;iPhone et d&#8217;iPad.<\/p>\n<p>[\/vc_column_text][vc_btn title=&#8221;Consulter le manuel iOS&#8221; color=&#8221;green&#8221; align=&#8221;center&#8221; style=&#8221;flat&#8221; link=&#8221;url:https%3A%2F%2Fwww.topo-gps.com%2Fios%2Fen%2Fmanual%2Fhtml|&#8221; button_block=&#8221;true&#8221;][\/vc_column][vc_column width=&#8221;1\/3&#8243;][vc_icon icon_fontawesome=&#8221;fab fa-android&#8221; color=&#8221;green&#8221; size=&#8221;md&#8221; align=&#8221;center&#8221;][vc_column_text]<\/p>\n<h3 style=\"text-align: center;\">Manuel Android<\/h3>\n<p style=\"text-align: center; font-size: 14px;\">Guide d\u00e9taill\u00e9 pour tous les appareils Android.<\/p>\n<p>[\/vc_column_text][vc_btn title=&#8221;Consulter le manuel Android&#8221; color=&#8221;green&#8221; align=&#8221;center&#8221; style=&#8221;flat&#8221; link=&#8221;url:https%3A%2F%2Fwww.topo-gps.com%2Fandroid%2Fen%2Fmanual%2Fhtml|&#8221; button_block=&#8221;true&#8221;][\/vc_column][\/vc_row]<br \/>\n[vc_row][vc_column]\r\n        <div class=\"section-title  wow perch-fadeInUp fadeInUp text-center\" data-wow-delay=\"300ms\" data-wow-duration=\"1200ms\">\r\n            <h3 class=\"Default h3-sm none\">Vous avez encore une question ? Nous contacter!<\/h3>\r\n            <p class=\"p-lg\">Vous pouvez saisir le formulaire ci-dessous ou envoyer un e-mail \u00e0 <a href=\"http:\/\/mailto@support@topo-gps.com\">support@topo-gps.com<\/a><\/p>         \r\n        <\/div>[\/vc_column][\/vc_row][vc_row][vc_column]<div class=\"wpforms-container wpforms-container-full\" id=\"wpforms-4831\"><form id=\"wpforms-form-4831\" class=\"wpforms-validate wpforms-form wpforms-ajax-form\" data-formid=\"4831\" method=\"post\" enctype=\"multipart\/form-data\" action=\"\/fr\/wp-json\/wp\/v2\/pages\/6532\" data-token=\"639deb3bb70142458bb9471485f2ff10\" data-token-time=\"1778628034\"><noscript class=\"wpforms-error-noscript\">Veuillez activer JavaScript dans votre navigateur pour remplir ce formulaire.<\/noscript><div class=\"wpforms-field-container\"><div id=\"wpforms-4831-field_4-container\" class=\"wpforms-field wpforms-field-name\" data-field-id=\"4\"><label class=\"wpforms-field-label\">Nom <span class=\"wpforms-required-label\">*<\/span><\/label><div class=\"wpforms-field-row wpforms-field-medium\"><div class=\"wpforms-field-row-block wpforms-first wpforms-one-half\"><input type=\"text\" id=\"wpforms-4831-field_4\" class=\"wpforms-field-name-first wpforms-field-required\" name=\"wpforms[fields][4][first]\" required><label for=\"wpforms-4831-field_4\" class=\"wpforms-field-sublabel after\">D&#039;abord<\/label><\/div><div class=\"wpforms-field-row-block wpforms-one-half\"><input type=\"text\" id=\"wpforms-4831-field_4-last\" class=\"wpforms-field-name-last wpforms-field-required\" name=\"wpforms[fields][4][last]\" required><label for=\"wpforms-4831-field_4-last\" class=\"wpforms-field-sublabel after\">Dernier<\/label><\/div><\/div><\/div><div id=\"wpforms-4831-field_2-container\" class=\"wpforms-field wpforms-field-email\" data-field-id=\"2\"><label class=\"wpforms-field-label\" for=\"wpforms-4831-field_2\">E-mail <span class=\"wpforms-required-label\">*<\/span><\/label><input type=\"email\" id=\"wpforms-4831-field_2\" class=\"wpforms-field-medium wpforms-field-required\" name=\"wpforms[fields][2]\" spellcheck=\"false\" required><\/div><div id=\"wpforms-4831-field_3-container\" class=\"wpforms-field wpforms-field-select wpforms-field-select-style-classic\" data-field-id=\"3\"><label class=\"wpforms-field-label\" for=\"wpforms-4831-field_3\">Sujet <span class=\"wpforms-required-label\">*<\/span><\/label><select id=\"wpforms-4831-field_3\" class=\"wpforms-field-medium wpforms-field-required\" name=\"wpforms[fields][3]\" required=\"required\"><option value=\"G\u00e9n\u00e9ral\"  class=\"choice-3 depth-1\"  >G\u00e9n\u00e9ral<\/option><option value=\"Android\"  class=\"choice-1 depth-1\"  >Android<\/option><option value=\"iOS\"  class=\"choice-2 depth-1\"  >iOS<\/option><\/select><\/div>\t\t<div id=\"wpforms-4831-field_5-container\"\n\t\t\tclass=\"wpforms-field wpforms-field-text\"\n\t\t\tdata-field-type=\"text\"\n\t\t\tdata-field-id=\"5\"\n\t\t\t>\n\t\t\t<label class=\"wpforms-field-label\" for=\"wpforms-4831-field_5\" >E-mail Sujet Message<\/label>\n\t\t\t<input type=\"text\" id=\"wpforms-4831-field_5\" class=\"wpforms-field-medium\" name=\"wpforms[fields][5]\" >\n\t\t<\/div>\n\t\t<div id=\"wpforms-4831-field_1-container\" class=\"wpforms-field wpforms-field-textarea\" data-field-id=\"1\"><label class=\"wpforms-field-label\" for=\"wpforms-4831-field_1\">Message <span class=\"wpforms-required-label\">*<\/span><\/label><textarea id=\"wpforms-4831-field_1\" class=\"wpforms-field-medium wpforms-field-required\" name=\"wpforms[fields][1]\" required><\/textarea><\/div><script data-jetpack-boost=\"ignore\">\n\t\t\t\t( function() {\n\t\t\t\t\tconst style = document.createElement( 'style' );\n\t\t\t\t\tstyle.appendChild( document.createTextNode( '#wpforms-4831-field_5-container { position: absolute !important; overflow: hidden !important; display: inline !important; height: 1px !important; width: 1px !important; z-index: -1000 !important; padding: 0 !important; } #wpforms-4831-field_5-container input { visibility: hidden; } #wpforms-conversational-form-page #wpforms-4831-field_5-container label { counter-increment: none; }' ) );\n\t\t\t\t\tdocument.head.appendChild( style );\n\t\t\t\t\tdocument.currentScript?.remove();\n\t\t\t\t} )();\n\t\t\t<\/script><\/div><!-- .wpforms-field-container --><div class=\"wpforms-recaptcha-container wpforms-is-recaptcha wpforms-is-recaptcha-type-invisible\" ><div class=\"g-recaptcha\" data-sitekey=\"6LcrouUqAAAAAFLENEjU2sUBkHnHAuoFzTijbs2I\" data-size=\"invisible\"><\/div><\/div><div class=\"wpforms-submit-container\" ><input type=\"hidden\" name=\"wpforms[id]\" value=\"4831\"><input type=\"hidden\" name=\"page_title\" value=\"\"><input type=\"hidden\" name=\"page_url\" value=\"https:\/\/www.topo-gps.com\/fr\/wp-json\/wp\/v2\/pages\/6532\"><input type=\"hidden\" name=\"url_referer\" value=\"\"><button type=\"submit\" name=\"wpforms[submit]\" id=\"wpforms-submit-4831\" class=\"wpforms-submit\" data-alt-text=\"Envoi...\" data-submit-text=\"Soumettre\" aria-live=\"assertive\" value=\"wpforms-submit\">Soumettre<\/button><img loading=\"lazy\" decoding=\"async\" src=\"https:\/\/www.topo-gps.com\/wp-content\/plugins\/wpforms-lite\/assets\/images\/submit-spin.svg\" class=\"wpforms-submit-spinner\" style=\"display: none;\" width=\"26\" height=\"26\" alt=\"Chargement en cours\"><\/div><\/form><\/div>  <!-- .wpforms-container -->[\/vc_column][\/vc_row][\/vc_section][vc_section section_type=&#8221;reviews&#8221; reviews_type=&#8221;1&#8243; bg_class=&#8221;bg-lightgrey&#8221; parallax_image_attachment=&#8221;fixed&#8221; padding_class=&#8221;wide-100&#8243;][vc_row parallax_image_attachment=&#8221;inherit&#8221;][vc_column]\r\n        <div class=\"section-title  wow perch-fadeInUp fadeInUp text-center\" data-wow-delay=\"300ms\" data-wow-duration=\"1200ms\">\r\n            <h2 class=\"h2-sm\">Plus de 100 000 clients adorent le GPS Topo<\/h2>\r\n            <p class=\"p-lg\">Les utilisateurs de Topo GPS ach\u00e8tent en moyenne plus d&<a href=\"\">039;une carte car ils aiment tellement l&<\/a>039;application. 15 000 avis avec 4,6 \u00e9toiles parlent d&#039;eux-m\u00eames.<\/p>         \r\n        <\/div>[\/vc_column][\/vc_row][\/vc_section]<\/p>\n<\/div>","protected":false},"excerpt":{"rendered":"<p>[vc_section] [vc_row css=&#8221;.vc_custom_123456789{margin-bottom: 40px !important; padding: 20px !important; background-color: #f9f9f9 !important; border-radius: 10px !important;}&#8221;][vc_column width=&#8221;1\/3&#8243;][vc_icon icon_fontawesome=&#8221;far fa-comments&#8221; color=&#8221;green&#8221; size=&#8221;md&#8221; align=&#8221;center&#8221;][vc_column_text] Assistante Aida R\u00e9ponses instantan\u00e9es de l&#8217;IA \u00e0 vos questions sur Topo GPS. [\/vc_column_text][vc_btn title=&#8221;D\u00e9marrer une conversation&#8221; color=&#8221;primary&#8221; align=&#8221;center&#8221; style=&#8221;flat&#8221; link=&#8221;url:https%3A%2F%2Fwww.topo-gps.com%2Ffr%2Faida%2F|title:Assistant%20Aida|&#8221; button_block=&#8221;true&#8221;][\/vc_column][vc_column width=&#8221;1\/3&#8243;][vc_icon icon_fontawesome=&#8221;fab fa-apple&#8221; color=&#8221;grey&#8221; size=&#8221;md&#8221; align=&#8221;center&#8221;][vc_column_text] Manuel iOS Guide d\u00e9taill\u00e9 pour les utilisateurs d&#8217;iPhone et d&#8217;iPad. [\/vc_column_text][vc_btn title=&#8221;Consulter le manuel iOS&#8221; color=&#8221;green&#8221; align=&#8221;center&#8221; style=&#8221;flat&#8221; link=&#8221;url:https%3A%2F%2Fwww.topo-gps.com%2Fios%2Fen%2Fmanual%2Fhtml|&#8221; button_block=&#8221;true&#8221;][\/vc_column][vc_column width=&#8221;1\/3&#8243;][vc_icon icon_fontawesome=&#8221;fab fa-android&#8221; color=&#8221;green&#8221; size=&#8221;md&#8221; align=&#8221;center&#8221;][vc_column_text] Manuel Android Guide d\u00e9taill\u00e9 pour tous les appareils Android. [\/vc_column_text][vc_btn title=&#8221;Consulter le manuel Android&#8221; color=&#8221;green&#8221; align=&#8221;center&#8221; style=&#8221;flat&#8221; link=&#8221;url:https%3A%2F%2Fwww.topo-gps.com%2Fandroid%2Fen%2Fmanual%2Fhtml|&#8221; button_block=&#8221;true&#8221;][\/vc_column][\/vc_row] [vc_row][vc_column][\/vc_column][\/vc_row][vc_row][vc_column][\/vc_column][\/vc_row][\/vc_section][vc_section section_type=&#8221;reviews&#8221; reviews_type=&#8221;1&#8243; bg_class=&#8221;bg-lightgrey&#8221; parallax_image_attachment=&#8221;fixed&#8221; padding_class=&#8221;wide-100&#8243;][vc_row parallax_image_attachment=&#8221;inherit&#8221;][vc_column][\/vc_column][\/vc_row][\/vc_section]<\/p>\n","protected":false},"author":1,"featured_media":0,"parent":0,"menu_order":0,"comment_status":"closed","ping_status":"closed","template":"","meta":{"footnotes":""},"class_list":["post-6532","page","type-page","status-publish","hentry","no-post-thumbnail"],"yoast_head":"<!-- This site is optimized with the Yoast SEO plugin v27.6 - https:\/\/yoast.com\/product\/yoast-seo-wordpress\/ -->\n<title>Soutien - Topo GPS<\/title>\n<meta name=\"robots\" content=\"index, follow, max-snippet:-1, max-image-preview:large, max-video-preview:-1\" \/>\n<link rel=\"canonical\" href=\"https:\/\/www.topo-gps.com\/fr\/soutien\/\" \/>\n<meta property=\"og:locale\" content=\"fr_FR\" \/>\n<meta property=\"og:type\" content=\"article\" \/>\n<meta property=\"og:title\" content=\"Soutien - Topo GPS\" \/>\n<meta property=\"og:description\" content=\"[vc_section] [vc_row css=&#8221;.vc_custom_123456789{margin-bottom: 40px !important; padding: 20px !important; background-color: #f9f9f9 !important; border-radius: 10px !important;}&#8221;][vc_column width=&#8221;1\/3&#8243;][vc_icon icon_fontawesome=&#8221;far fa-comments&#8221; color=&#8221;green&#8221; size=&#8221;md&#8221; align=&#8221;center&#8221;][vc_column_text] Assistante Aida R\u00e9ponses instantan\u00e9es de l&#8217;IA \u00e0 vos questions sur Topo GPS. [\/vc_column_text][vc_btn title=&#8221;D\u00e9marrer une conversation&#8221; color=&#8221;primary&#8221; align=&#8221;center&#8221; style=&#8221;flat&#8221; link=&#8221;url:https%3A%2F%2Fwww.topo-gps.com%2Ffr%2Faida%2F|title:Assistant%20Aida|&#8221; button_block=&#8221;true&#8221;][\/vc_column][vc_column width=&#8221;1\/3&#8243;][vc_icon icon_fontawesome=&#8221;fab fa-apple&#8221; color=&#8221;grey&#8221; size=&#8221;md&#8221; align=&#8221;center&#8221;][vc_column_text] Manuel iOS Guide d\u00e9taill\u00e9 pour les utilisateurs d&#8217;iPhone et d&#8217;iPad. [\/vc_column_text][vc_btn title=&#8221;Consulter le manuel iOS&#8221; color=&#8221;green&#8221; align=&#8221;center&#8221; style=&#8221;flat&#8221; link=&#8221;url:https%3A%2F%2Fwww.topo-gps.com%2Fios%2Fen%2Fmanual%2Fhtml|&#8221; button_block=&#8221;true&#8221;][\/vc_column][vc_column width=&#8221;1\/3&#8243;][vc_icon icon_fontawesome=&#8221;fab fa-android&#8221; color=&#8221;green&#8221; size=&#8221;md&#8221; align=&#8221;center&#8221;][vc_column_text] Manuel Android Guide d\u00e9taill\u00e9 pour tous les appareils Android. [\/vc_column_text][vc_btn title=&#8221;Consulter le manuel Android&#8221; color=&#8221;green&#8221; align=&#8221;center&#8221; style=&#8221;flat&#8221; link=&#8221;url:https%3A%2F%2Fwww.topo-gps.com%2Fandroid%2Fen%2Fmanual%2Fhtml|&#8221; button_block=&#8221;true&#8221;][\/vc_column][\/vc_row] [vc_row][vc_column][\/vc_column][\/vc_row][vc_row][vc_column][\/vc_column][\/vc_row][\/vc_section][vc_section section_type=&#8221;reviews&#8221; reviews_type=&#8221;1&#8243; bg_class=&#8221;bg-lightgrey&#8221; parallax_image_attachment=&#8221;fixed&#8221; padding_class=&#8221;wide-100&#8243;][vc_row parallax_image_attachment=&#8221;inherit&#8221;][vc_column][\/vc_column][\/vc_row][\/vc_section]\" \/>\n<meta property=\"og:url\" content=\"https:\/\/www.topo-gps.com\/fr\/soutien\/\" \/>\n<meta property=\"og:site_name\" content=\"Topo GPS\" \/>\n<meta property=\"article:modified_time\" content=\"2026-05-08T09:45:55+00:00\" \/>\n<meta name=\"twitter:card\" content=\"summary_large_image\" \/>\n<meta name=\"twitter:label1\" content=\"Dur\u00e9e de lecture estim\u00e9e\" \/>\n\t<meta name=\"twitter:data1\" content=\"2 minutes\" \/>\n<script type=\"application\/ld+json\" class=\"yoast-schema-graph\">{\"@context\":\"https:\\\/\\\/schema.org\",\"@graph\":[{\"@type\":\"WebPage\",\"@id\":\"https:\\\/\\\/www.topo-gps.com\\\/fr\\\/soutien\\\/\",\"url\":\"https:\\\/\\\/www.topo-gps.com\\\/fr\\\/soutien\\\/\",\"name\":\"Soutien - Topo GPS\",\"isPartOf\":{\"@id\":\"https:\\\/\\\/www.topo-gps.com\\\/fr\\\/#website\"},\"datePublished\":\"2022-01-31T10:35:54+00:00\",\"dateModified\":\"2026-05-08T09:45:55+00:00\",\"breadcrumb\":{\"@id\":\"https:\\\/\\\/www.topo-gps.com\\\/fr\\\/soutien\\\/#breadcrumb\"},\"inLanguage\":\"fr-FR\",\"potentialAction\":[{\"@type\":\"ReadAction\",\"target\":[\"https:\\\/\\\/www.topo-gps.com\\\/fr\\\/soutien\\\/\"]}]},{\"@type\":\"BreadcrumbList\",\"@id\":\"https:\\\/\\\/www.topo-gps.com\\\/fr\\\/soutien\\\/#breadcrumb\",\"itemListElement\":[{\"@type\":\"ListItem\",\"position\":1,\"name\":\"Home\",\"item\":\"https:\\\/\\\/www.topo-gps.com\\\/fr\\\/top-gps\\\/\"},{\"@type\":\"ListItem\",\"position\":2,\"name\":\"Soutien\"}]},{\"@type\":\"WebSite\",\"@id\":\"https:\\\/\\\/www.topo-gps.com\\\/fr\\\/#website\",\"url\":\"https:\\\/\\\/www.topo-gps.com\\\/fr\\\/\",\"name\":\"Topo GPS\",\"description\":\"Topographic maps GPS for iPhone, Android, iPad and Apple Watch\",\"potentialAction\":[{\"@type\":\"SearchAction\",\"target\":{\"@type\":\"EntryPoint\",\"urlTemplate\":\"https:\\\/\\\/www.topo-gps.com\\\/fr\\\/?s={search_term_string}\"},\"query-input\":{\"@type\":\"PropertyValueSpecification\",\"valueRequired\":true,\"valueName\":\"search_term_string\"}}],\"inLanguage\":\"fr-FR\"}]}<\/script>\n<!-- \/ Yoast SEO plugin. -->","yoast_head_json":{"title":"Soutien - Topo GPS","robots":{"index":"index","follow":"follow","max-snippet":"max-snippet:-1","max-image-preview":"max-image-preview:large","max-video-preview":"max-video-preview:-1"},"canonical":"https:\/\/www.topo-gps.com\/fr\/soutien\/","og_locale":"fr_FR","og_type":"article","og_title":"Soutien - Topo GPS","og_description":"[vc_section] [vc_row css=&#8221;.vc_custom_123456789{margin-bottom: 40px !important; padding: 20px !important; background-color: #f9f9f9 !important; border-radius: 10px !important;}&#8221;][vc_column width=&#8221;1\/3&#8243;][vc_icon icon_fontawesome=&#8221;far fa-comments&#8221; color=&#8221;green&#8221; size=&#8221;md&#8221; align=&#8221;center&#8221;][vc_column_text] Assistante Aida R\u00e9ponses instantan\u00e9es de l&#8217;IA \u00e0 vos questions sur Topo GPS. [\/vc_column_text][vc_btn title=&#8221;D\u00e9marrer une conversation&#8221; color=&#8221;primary&#8221; align=&#8221;center&#8221; style=&#8221;flat&#8221; link=&#8221;url:https%3A%2F%2Fwww.topo-gps.com%2Ffr%2Faida%2F|title:Assistant%20Aida|&#8221; button_block=&#8221;true&#8221;][\/vc_column][vc_column width=&#8221;1\/3&#8243;][vc_icon icon_fontawesome=&#8221;fab fa-apple&#8221; color=&#8221;grey&#8221; size=&#8221;md&#8221; align=&#8221;center&#8221;][vc_column_text] Manuel iOS Guide d\u00e9taill\u00e9 pour les utilisateurs d&#8217;iPhone et d&#8217;iPad. [\/vc_column_text][vc_btn title=&#8221;Consulter le manuel iOS&#8221; color=&#8221;green&#8221; align=&#8221;center&#8221; style=&#8221;flat&#8221; link=&#8221;url:https%3A%2F%2Fwww.topo-gps.com%2Fios%2Fen%2Fmanual%2Fhtml|&#8221; button_block=&#8221;true&#8221;][\/vc_column][vc_column width=&#8221;1\/3&#8243;][vc_icon icon_fontawesome=&#8221;fab fa-android&#8221; color=&#8221;green&#8221; size=&#8221;md&#8221; align=&#8221;center&#8221;][vc_column_text] Manuel Android Guide d\u00e9taill\u00e9 pour tous les appareils Android. [\/vc_column_text][vc_btn title=&#8221;Consulter le manuel Android&#8221; color=&#8221;green&#8221; align=&#8221;center&#8221; style=&#8221;flat&#8221; link=&#8221;url:https%3A%2F%2Fwww.topo-gps.com%2Fandroid%2Fen%2Fmanual%2Fhtml|&#8221; button_block=&#8221;true&#8221;][\/vc_column][\/vc_row] [vc_row][vc_column][\/vc_column][\/vc_row][vc_row][vc_column][\/vc_column][\/vc_row][\/vc_section][vc_section section_type=&#8221;reviews&#8221; reviews_type=&#8221;1&#8243; bg_class=&#8221;bg-lightgrey&#8221; parallax_image_attachment=&#8221;fixed&#8221; padding_class=&#8221;wide-100&#8243;][vc_row parallax_image_attachment=&#8221;inherit&#8221;][vc_column][\/vc_column][\/vc_row][\/vc_section]","og_url":"https:\/\/www.topo-gps.com\/fr\/soutien\/","og_site_name":"Topo GPS","article_modified_time":"2026-05-08T09:45:55+00:00","twitter_card":"summary_large_image","twitter_misc":{"Dur\u00e9e de lecture estim\u00e9e":"2 minutes"},"schema":{"@context":"https:\/\/schema.org","@graph":[{"@type":"WebPage","@id":"https:\/\/www.topo-gps.com\/fr\/soutien\/","url":"https:\/\/www.topo-gps.com\/fr\/soutien\/","name":"Soutien - Topo GPS","isPartOf":{"@id":"https:\/\/www.topo-gps.com\/fr\/#website"},"datePublished":"2022-01-31T10:35:54+00:00","dateModified":"2026-05-08T09:45:55+00:00","breadcrumb":{"@id":"https:\/\/www.topo-gps.com\/fr\/soutien\/#breadcrumb"},"inLanguage":"fr-FR","potentialAction":[{"@type":"ReadAction","target":["https:\/\/www.topo-gps.com\/fr\/soutien\/"]}]},{"@type":"BreadcrumbList","@id":"https:\/\/www.topo-gps.com\/fr\/soutien\/#breadcrumb","itemListElement":[{"@type":"ListItem","position":1,"name":"Home","item":"https:\/\/www.topo-gps.com\/fr\/top-gps\/"},{"@type":"ListItem","position":2,"name":"Soutien"}]},{"@type":"WebSite","@id":"https:\/\/www.topo-gps.com\/fr\/#website","url":"https:\/\/www.topo-gps.com\/fr\/","name":"Topo GPS","description":"Topographic maps GPS for iPhone, Android, iPad and Apple Watch","potentialAction":[{"@type":"SearchAction","target":{"@type":"EntryPoint","urlTemplate":"https:\/\/www.topo-gps.com\/fr\/?s={search_term_string}"},"query-input":{"@type":"PropertyValueSpecification","valueRequired":true,"valueName":"search_term_string"}}],"inLanguage":"fr-FR"}]}},"_links":{"self":[{"href":"https:\/\/www.topo-gps.com\/fr\/wp-json\/wp\/v2\/pages\/6532","targetHints":{"allow":["GET"]}}],"collection":[{"href":"https:\/\/www.topo-gps.com\/fr\/wp-json\/wp\/v2\/pages"}],"about":[{"href":"https:\/\/www.topo-gps.com\/fr\/wp-json\/wp\/v2\/types\/page"}],"author":[{"embeddable":true,"href":"https:\/\/www.topo-gps.com\/fr\/wp-json\/wp\/v2\/users\/1"}],"replies":[{"embeddable":true,"href":"https:\/\/www.topo-gps.com\/fr\/wp-json\/wp\/v2\/comments?post=6532"}],"version-history":[{"count":2,"href":"https:\/\/www.topo-gps.com\/fr\/wp-json\/wp\/v2\/pages\/6532\/revisions"}],"predecessor-version":[{"id":30320,"href":"https:\/\/www.topo-gps.com\/fr\/wp-json\/wp\/v2\/pages\/6532\/revisions\/30320"}],"wp:attachment":[{"href":"https:\/\/www.topo-gps.com\/fr\/wp-json\/wp\/v2\/media?parent=6532"}],"curies":[{"name":"wp","href":"https:\/\/api.w.org\/{rel}","templated":true}]}}