{"id":6386,"date":"2022-01-29T20:41:57","date_gmt":"2022-01-29T19:41:57","guid":{"rendered":"http:\/\/test.topo-gps.com\/conditions-dutilisation\/"},"modified":"2022-02-06T21:21:39","modified_gmt":"2022-02-06T20:21:39","slug":"conditions-dutilisation","status":"publish","type":"page","link":"https:\/\/www.topo-gps.com\/fr\/conditions-dutilisation\/","title":{"rendered":"Conditions d&#8217;utilisation"},"content":{"rendered":"<div class=\"wpb-content-wrapper\"><p>[vc_section][vc_row][vc_column]\r\n        <div class=\"section-title  wow perch-fadeInUp fadeInUp text-center\" data-wow-delay=\"300ms\" data-wow-duration=\"1200ms\">\r\n            <h2 class=\"h2-sm\">Conditions d'utilisation<\/h2>\r\n                     \r\n        <\/div>[\/vc_column][\/vc_row][vc_row][vc_column][vc_column_text]Si vous utilisez Topo GPS sur des appareils Apple, le contrat de <a href=\"https:\/\/www.apple.com\/legal\/internet-services\/itunes\/dev\/stdeula\/\">licence utilisateur final de l&#8217;application sous licence AppStore<\/a> s&#8217;applique en plus des points mentionn\u00e9s ci-dessous.<\/p>\n<p>Si vous utilisez Topo GPS sur des appareils Android, les <a href=\"https:\/\/play.google.com\/about\/play-terms\/\">conditions de la boutique Google Play<\/a> s&#8217;appliquent en plus des points mentionn\u00e9s ci-dessous.<\/p>\n<p>Si vous utilisez l&#8217;application Topo GPS, vous le faites \u00e0 vos risques et p\u00e9rils. Nous ne sommes pas responsables des dommages caus\u00e9s par l&#8217;utilisation de l&#8217;application.<\/p>\n<p>Les cartes utilis\u00e9es dans Topo GPS ne peuvent en aucun cas \u00eatre distribu\u00e9es, sauf si la licence de carte le permet explicitement. Pour afficher la licence de la carte, appuyez sur les informations de copyright d&#8217;une carte en bas.<\/p>\n<p>Si vous partagez votre itin\u00e9raire avec Topo GPS, l&#8217;itin\u00e9raire et les photos \u00e9ventuelles deviendront disponibles pour les autres utilisateurs de Topo GPS. Topo GPS peut \u00e9galement utiliser et diffuser ces itin\u00e9raires et photos sur son site Internet. Si vous souhaitez utiliser pour supprimer votre itin\u00e9raire partag\u00e9, vous devez nous envoyer un message.[\/vc_column_text][\/vc_column][\/vc_row][\/vc_section]<\/p>\n<\/div>","protected":false},"excerpt":{"rendered":"<p>[vc_section][vc_row][vc_column][\/vc_column][\/vc_row][vc_row][vc_column][vc_column_text]Si vous utilisez Topo GPS sur des appareils Apple, le contrat de licence utilisateur final de l&#8217;application sous licence AppStore s&#8217;applique en plus des points mentionn\u00e9s ci-dessous. Si vous utilisez Topo GPS sur des appareils Android, les conditions de la boutique Google Play s&#8217;appliquent en plus des points mentionn\u00e9s ci-dessous. Si vous utilisez l&#8217;application Topo GPS, vous le faites \u00e0 vos risques et p\u00e9rils. Nous ne sommes pas responsables des dommages caus\u00e9s par l&#8217;utilisation de l&#8217;application. Les cartes utilis\u00e9es dans Topo GPS ne peuvent en aucun cas \u00eatre distribu\u00e9es, sauf si la licence de carte le permet explicitement. Pour afficher&#8230;<\/p>\n","protected":false},"author":1,"featured_media":0,"parent":0,"menu_order":0,"comment_status":"closed","ping_status":"closed","template":"","meta":{"footnotes":""},"class_list":["post-6386","page","type-page","status-publish","hentry","no-post-thumbnail"],"yoast_head":"<!-- This site is optimized with the Yoast SEO plugin v27.6 - https:\/\/yoast.com\/product\/yoast-seo-wordpress\/ -->\n<title>Conditions d&#039;utilisation - Topo GPS<\/title>\n<meta name=\"robots\" content=\"index, follow, max-snippet:-1, max-image-preview:large, max-video-preview:-1\" \/>\n<link rel=\"canonical\" href=\"https:\/\/www.topo-gps.com\/fr\/conditions-dutilisation\/\" \/>\n<meta property=\"og:locale\" content=\"fr_FR\" \/>\n<meta property=\"og:type\" content=\"article\" \/>\n<meta property=\"og:title\" content=\"Conditions d&#039;utilisation - Topo GPS\" \/>\n<meta property=\"og:description\" content=\"[vc_section][vc_row][vc_column][\/vc_column][\/vc_row][vc_row][vc_column][vc_column_text]Si vous utilisez Topo GPS sur des appareils Apple, le contrat de licence utilisateur final de l&#8217;application sous licence AppStore s&#8217;applique en plus des points mentionn\u00e9s ci-dessous. Si vous utilisez Topo GPS sur des appareils Android, les conditions de la boutique Google Play s&#8217;appliquent en plus des points mentionn\u00e9s ci-dessous. Si vous utilisez l&#8217;application Topo GPS, vous le faites \u00e0 vos risques et p\u00e9rils. Nous ne sommes pas responsables des dommages caus\u00e9s par l&#8217;utilisation de l&#8217;application. Les cartes utilis\u00e9es dans Topo GPS ne peuvent en aucun cas \u00eatre distribu\u00e9es, sauf si la licence de carte le permet explicitement. Pour afficher...\" \/>\n<meta property=\"og:url\" content=\"https:\/\/www.topo-gps.com\/fr\/conditions-dutilisation\/\" \/>\n<meta property=\"og:site_name\" content=\"Topo GPS\" \/>\n<meta property=\"article:modified_time\" content=\"2022-02-06T20:21:39+00:00\" \/>\n<meta name=\"twitter:card\" content=\"summary_large_image\" \/>\n<meta name=\"twitter:label1\" content=\"Dur\u00e9e de lecture estim\u00e9e\" \/>\n\t<meta name=\"twitter:data1\" content=\"1 minute\" \/>\n<script type=\"application\/ld+json\" class=\"yoast-schema-graph\">{\"@context\":\"https:\\\/\\\/schema.org\",\"@graph\":[{\"@type\":\"WebPage\",\"@id\":\"https:\\\/\\\/www.topo-gps.com\\\/fr\\\/conditions-dutilisation\\\/\",\"url\":\"https:\\\/\\\/www.topo-gps.com\\\/fr\\\/conditions-dutilisation\\\/\",\"name\":\"Conditions d'utilisation - Topo GPS\",\"isPartOf\":{\"@id\":\"https:\\\/\\\/www.topo-gps.com\\\/fr\\\/#website\"},\"datePublished\":\"2022-01-29T19:41:57+00:00\",\"dateModified\":\"2022-02-06T20:21:39+00:00\",\"breadcrumb\":{\"@id\":\"https:\\\/\\\/www.topo-gps.com\\\/fr\\\/conditions-dutilisation\\\/#breadcrumb\"},\"inLanguage\":\"fr-FR\",\"potentialAction\":[{\"@type\":\"ReadAction\",\"target\":[\"https:\\\/\\\/www.topo-gps.com\\\/fr\\\/conditions-dutilisation\\\/\"]}]},{\"@type\":\"BreadcrumbList\",\"@id\":\"https:\\\/\\\/www.topo-gps.com\\\/fr\\\/conditions-dutilisation\\\/#breadcrumb\",\"itemListElement\":[{\"@type\":\"ListItem\",\"position\":1,\"name\":\"Home\",\"item\":\"https:\\\/\\\/www.topo-gps.com\\\/fr\\\/top-gps\\\/\"},{\"@type\":\"ListItem\",\"position\":2,\"name\":\"Conditions d&rsquo;utilisation\"}]},{\"@type\":\"WebSite\",\"@id\":\"https:\\\/\\\/www.topo-gps.com\\\/fr\\\/#website\",\"url\":\"https:\\\/\\\/www.topo-gps.com\\\/fr\\\/\",\"name\":\"Topo GPS\",\"description\":\"Topographic maps GPS for iPhone, Android, iPad and Apple Watch\",\"potentialAction\":[{\"@type\":\"SearchAction\",\"target\":{\"@type\":\"EntryPoint\",\"urlTemplate\":\"https:\\\/\\\/www.topo-gps.com\\\/fr\\\/?s={search_term_string}\"},\"query-input\":{\"@type\":\"PropertyValueSpecification\",\"valueRequired\":true,\"valueName\":\"search_term_string\"}}],\"inLanguage\":\"fr-FR\"}]}<\/script>\n<!-- \/ Yoast SEO plugin. -->","yoast_head_json":{"title":"Conditions d'utilisation - Topo GPS","robots":{"index":"index","follow":"follow","max-snippet":"max-snippet:-1","max-image-preview":"max-image-preview:large","max-video-preview":"max-video-preview:-1"},"canonical":"https:\/\/www.topo-gps.com\/fr\/conditions-dutilisation\/","og_locale":"fr_FR","og_type":"article","og_title":"Conditions d'utilisation - Topo GPS","og_description":"[vc_section][vc_row][vc_column][\/vc_column][\/vc_row][vc_row][vc_column][vc_column_text]Si vous utilisez Topo GPS sur des appareils Apple, le contrat de licence utilisateur final de l&#8217;application sous licence AppStore s&#8217;applique en plus des points mentionn\u00e9s ci-dessous. Si vous utilisez Topo GPS sur des appareils Android, les conditions de la boutique Google Play s&#8217;appliquent en plus des points mentionn\u00e9s ci-dessous. Si vous utilisez l&#8217;application Topo GPS, vous le faites \u00e0 vos risques et p\u00e9rils. Nous ne sommes pas responsables des dommages caus\u00e9s par l&#8217;utilisation de l&#8217;application. Les cartes utilis\u00e9es dans Topo GPS ne peuvent en aucun cas \u00eatre distribu\u00e9es, sauf si la licence de carte le permet explicitement. Pour afficher...","og_url":"https:\/\/www.topo-gps.com\/fr\/conditions-dutilisation\/","og_site_name":"Topo GPS","article_modified_time":"2022-02-06T20:21:39+00:00","twitter_card":"summary_large_image","twitter_misc":{"Dur\u00e9e de lecture estim\u00e9e":"1 minute"},"schema":{"@context":"https:\/\/schema.org","@graph":[{"@type":"WebPage","@id":"https:\/\/www.topo-gps.com\/fr\/conditions-dutilisation\/","url":"https:\/\/www.topo-gps.com\/fr\/conditions-dutilisation\/","name":"Conditions d'utilisation - Topo GPS","isPartOf":{"@id":"https:\/\/www.topo-gps.com\/fr\/#website"},"datePublished":"2022-01-29T19:41:57+00:00","dateModified":"2022-02-06T20:21:39+00:00","breadcrumb":{"@id":"https:\/\/www.topo-gps.com\/fr\/conditions-dutilisation\/#breadcrumb"},"inLanguage":"fr-FR","potentialAction":[{"@type":"ReadAction","target":["https:\/\/www.topo-gps.com\/fr\/conditions-dutilisation\/"]}]},{"@type":"BreadcrumbList","@id":"https:\/\/www.topo-gps.com\/fr\/conditions-dutilisation\/#breadcrumb","itemListElement":[{"@type":"ListItem","position":1,"name":"Home","item":"https:\/\/www.topo-gps.com\/fr\/top-gps\/"},{"@type":"ListItem","position":2,"name":"Conditions d&rsquo;utilisation"}]},{"@type":"WebSite","@id":"https:\/\/www.topo-gps.com\/fr\/#website","url":"https:\/\/www.topo-gps.com\/fr\/","name":"Topo GPS","description":"Topographic maps GPS for iPhone, Android, iPad and Apple Watch","potentialAction":[{"@type":"SearchAction","target":{"@type":"EntryPoint","urlTemplate":"https:\/\/www.topo-gps.com\/fr\/?s={search_term_string}"},"query-input":{"@type":"PropertyValueSpecification","valueRequired":true,"valueName":"search_term_string"}}],"inLanguage":"fr-FR"}]}},"_links":{"self":[{"href":"https:\/\/www.topo-gps.com\/fr\/wp-json\/wp\/v2\/pages\/6386","targetHints":{"allow":["GET"]}}],"collection":[{"href":"https:\/\/www.topo-gps.com\/fr\/wp-json\/wp\/v2\/pages"}],"about":[{"href":"https:\/\/www.topo-gps.com\/fr\/wp-json\/wp\/v2\/types\/page"}],"author":[{"embeddable":true,"href":"https:\/\/www.topo-gps.com\/fr\/wp-json\/wp\/v2\/users\/1"}],"replies":[{"embeddable":true,"href":"https:\/\/www.topo-gps.com\/fr\/wp-json\/wp\/v2\/comments?post=6386"}],"version-history":[{"count":0,"href":"https:\/\/www.topo-gps.com\/fr\/wp-json\/wp\/v2\/pages\/6386\/revisions"}],"wp:attachment":[{"href":"https:\/\/www.topo-gps.com\/fr\/wp-json\/wp\/v2\/media?parent=6386"}],"curies":[{"name":"wp","href":"https:\/\/api.w.org\/{rel}","templated":true}]}}