{"id":6288,"date":"2022-01-29T20:38:53","date_gmt":"2022-01-29T19:38:53","guid":{"rendered":"http:\/\/test.topo-gps.com\/topo-gps-pour-les-professionnels\/"},"modified":"2022-02-26T20:47:51","modified_gmt":"2022-02-26T19:47:51","slug":"topo-gps-pour-les-professionnels","status":"publish","type":"page","link":"https:\/\/www.topo-gps.com\/fr\/topo-gps-pour-les-professionnels\/","title":{"rendered":"Topo GPS pour les professionnels"},"content":{"rendered":"<div class=\"wpb-content-wrapper\"><p>[vc_row parallax_image_attachment=&#8221;inherit&#8221;][vc_column]\r\n        <div class=\"section-title  wow perch-fadeInUp fadeInUp text-center\" data-wow-delay=\"300ms\" data-wow-duration=\"1200ms\">\r\n            <h2 class=\"h2-sm\">Topo GPS est utilis\u00e9 par de nombreux utilisateurs professionnels<\/h2>\r\n            <p class=\"p-lg\">L'application est largement utilis\u00e9e pour la navigation, l'enregistrement de donn\u00e9es et les couches de donn\u00e9es. L'application compte de nombreux utilisateurs actifs parmi les militaires, les chercheurs en environnement, le SAR, l'inspection des infrastructures, entre autres.<\/p>         \r\n        <\/div>[\/vc_column][\/vc_row][vc_section section_type=&#8221;faqs&#8221; faqs_type=&#8221;1&#8243; parallax_image_attachment=&#8221;inherit&#8221; padding_class=&#8221;wide-100&#8243; el_id=&#8221;faqs&#8221;][vc_row][vc_column width=&#8221;1\/2&#8243;]\r\n        <div class=\"mb-25 pl-30 pr-30  wow perch-fadeInUp fadeInUp\" data-wow-delay=\"300ms\" data-wow-duration=\"1200ms\"> \r\n                   \r\n                   \r\n            <h5 class=\"dark-color h5-sm none os-version\" style=\"font-weight: 500;\">Puis-je int\u00e9grer mes propres donn\u00e9es ?<\/h5>\r\n            <p class=\"Default none os-version\">Vous pouvez par exemple mettre vos donn\u00e9es dans un fichier GPX puis l'importer. Demandez \u00e0 vous et \u00e0 votre \u00e9quipe de le modifier, puis de l'exporter avec les donn\u00e9es ajout\u00e9es int\u00e9gr\u00e9es.<\/p>         \r\n        <\/div>\r\n        <div class=\"mb-25 pl-30 pr-30  wow perch-fadeInUp fadeInUp\" data-wow-delay=\"300ms\" data-wow-duration=\"1200ms\"> \r\n                   \r\n                   \r\n            <h5 class=\"Default h5-sm none os-version\" style=\"font-weight: 500;\">Puis-je partager des donn\u00e9es avec mes propres bases de donn\u00e9es&amp;nbsp;?<\/h5>\r\n            <p class=\"Default none os-version\">Vous pouvez t\u00e9l\u00e9charger des donn\u00e9es dans diff\u00e9rents formats comme mentionn\u00e9 ci-dessus. Ajouter \u00e9ventuellement une ic\u00f4ne pour identifier l'\u00e9l\u00e9ment sur la carte.<\/p>         \r\n        <\/div>\r\n        <div class=\"mb-25 pl-30 pr-30  wow perch-fadeInUp fadeInUp\" data-wow-delay=\"300ms\" data-wow-duration=\"1200ms\"> \r\n                   \r\n                   \r\n            <h5 class=\"Default h5-sm none os-version\" style=\"font-weight: 500;\">Est-ce que Topo GPS fonctionne avec mon logiciel SIG<\/h5>\r\n            <p class=\"Default none os-version\">La plupart de nos formats de donn\u00e9es sont compatibles et importables par les logiciels SIG courants comme ArcGIS et QGIS<\/p>         \r\n        <\/div>\r\n        <div class=\"mb-25 pl-30 pr-30  wow perch-fadeInUp fadeInUp\" data-wow-delay=\"300ms\" data-wow-duration=\"1200ms\"> \r\n                   \r\n                   \r\n            <h5 class=\"Default h5-sm none os-version\" style=\"font-weight: 500;\">Quels formats de donn\u00e9es prenez-vous en charge<\/h5>\r\n            <p class=\"Default none os-version\">Oui, <a href=\"https:\/\/www.topo-gps.com\/supported-data-formats\/\">Topo GPS prend en charge un grand nombre de formats de donn\u00e9es g\u00e9ographiques<\/a> et de types de donn\u00e9es, \u00e0 la fois pour l'importation et l'exportation.<\/p>         \r\n        <\/div>[\/vc_column][vc_column width=&#8221;1\/2&#8243;]\r\n        <div class=\"mb-25 pl-30 pr-30  wow perch-fadeInUp fadeInUp\" data-wow-delay=\"300ms\" data-wow-duration=\"1200ms\"> \r\n                   \r\n                   \r\n            <h5 class=\"Default h5-sm none os-version\" style=\"font-weight: 500;\">Que puis-je faire avec GEO-JSON<\/h5>\r\n            <p class=\"Default none os-version\">Geo JSON vous permet d'ajouter des donn\u00e9es \u00e0 la carte comme des bordures ou des lignes qui peuvent \u00eatre utilis\u00e9es pour montrer quelles zones doivent \u00eatre \u00e9tudi\u00e9es par exemple<\/p>         \r\n        <\/div>\r\n        <div class=\"mb-25 pl-30 pr-30  wow perch-fadeInUp fadeInUp\" data-wow-delay=\"300ms\" data-wow-duration=\"1200ms\"> \r\n                   \r\n                   \r\n            <h5 class=\"Default h5-sm none os-version\" style=\"font-weight: 500;\">Avez-vous une version professionnelle sp\u00e9cifique<\/h5>\r\n            <p class=\"Default none os-version\">Toutes nos fonctionnalit\u00e9s sont disponibles pour tous nos clients. Nous pensons \u00e0 une version commerciale potentielle avec des fonctionnalit\u00e9s personnalis\u00e9es. Si vous \u00eates int\u00e9ress\u00e9, laissez-nous un commentaire sur la page contact.<\/p>         \r\n        <\/div>\r\n        <div class=\"mb-25 pl-30 pr-30  wow perch-fadeInUp fadeInUp\" data-wow-delay=\"300ms\" data-wow-duration=\"1200ms\"> \r\n                   \r\n                   \r\n            <h5 class=\"Default h5-sm none os-version\" style=\"font-weight: 500;\">Pouvez-vous cr\u00e9er une fonctionnalit\u00e9 personnalis\u00e9e pour moi<\/h5>\r\n            <p class=\"Default none os-version\">Nous avons des ressources de d\u00e9veloppement tr\u00e8s limit\u00e9es. C'est pourquoi nous nous concentrons actuellement sur les fonctionnalit\u00e9s pour tous les clients.<\/p>         \r\n        <\/div>\r\n        <div class=\"mb-25 pl-30 pr-30  wow perch-fadeInUp fadeInUp\" data-wow-delay=\"300ms\" data-wow-duration=\"1200ms\"> \r\n                   \r\n                   \r\n            <h5 class=\"Default h5-sm none os-version\" style=\"font-weight: 500;\">Puis-je commander Topo GPS en vrac<\/h5>\r\n            <p class=\"Default none os-version\">Oui, c'est possible. Veuillez nous contacter pour un devis pour une commande group\u00e9e d'applications.<\/p>         \r\n        <\/div>[\/vc_column][\/vc_row][\/vc_section][vc_row][vc_column][vc_separator][\/vc_column][\/vc_row][vc_section section_type=&#8221;features&#8221; features_type=&#8221;4&#8243; parallax_image_attachment=&#8221;inherit&#8221; el_id=&#8221;about&#8221;][vc_row parallax_image_attachment=&#8221;inherit&#8221;][vc_column width=&#8221;5\/12&#8243;]\r\n        <div class=\"features-img  wow perch-fadeInLeft fadeInLeft\" data-wow-delay=\"300ms\" data-wow-duration=\"1200ms\"> \r\n        <img decoding=\"async\" class=\"vc_single_image-img img-fluid\"  src=\"https:\/\/www.topo-gps.com\/wp-content\/uploads\/2021\/12\/en-ss7-1.jpg\" alt=\"External image\" \/>\r\n        <\/div>[\/vc_column][vc_column width=&#8221;1\/12&#8243;][\/vc_column][vc_column width=&#8221;1\/2&#8243;][vc_row_inner][vc_column_inner width=&#8221;1\/2&#8243;]\r\n        <div class=\"wow perch-fadeInUp fadeInUp fbox-4\" data-wow-delay=\"300ms\" data-wow-duration=\"1200ms\"> \r\n            <div class=\"fbox grey-color-box\">\r\n                <div class=\"grey-color-icon b-icon box-icon-md\"><span class=\"ti-Line-Database grey-color\"><\/span><\/div>  \r\n                <div class=\"fbox-4-txt\">    \r\n                    <h5 class=\"h5-sm\">Importations GEO-JSON<\/h5>\r\n                    <p class=\"grey-color\">Utilisez le format GEO-JSON pour afficher les limites ou d'autres couches graphiques sur les cartes topographiques.<\/p>\r\n                    \r\n                <\/div> \r\n            <\/div>        \r\n        <\/div>\r\n        <div class=\"wow perch-fadeInUp fadeInUp fbox-4\" data-wow-delay=\"300ms\" data-wow-duration=\"1200ms\"> \r\n            <div class=\"fbox grey-color-box\">\r\n                <div class=\"grey-color-icon b-icon box-icon-md\"><span class=\"ti-Line-Cloud-2 grey-color\"><\/span><\/div>  \r\n                <div class=\"fbox-4-txt\">    \r\n                    <h5 class=\"h5-sm\">Importation et exportation de fichiers GPX<\/h5>\r\n                    <p class=\"grey-color\">Vous pouvez importer des fichiers de g\u00e9odonn\u00e9es pour charger des points de donn\u00e9es et des trac\u00e9s professionnels. Ou cr\u00e9ez les donn\u00e9es et exportez-les.<\/p>\r\n                    \r\n                <\/div> \r\n            <\/div>        \r\n        <\/div>\r\n        <div class=\"wow perch-fadeInUp fadeInUp fbox\" data-wow-delay=\"300ms\" data-wow-duration=\"1200ms\"> \r\n            <div class=\"fbox grey-color-box\">\r\n                <div class=\"grey-color-icon b-icon box-icon-md\"><span class=\"ti-Line-Map-Pin-3 grey-color\"><\/span><\/div>  \r\n                <div class=\"fbox-txt\">    \r\n                    <h5 class=\"h5-sm\">Cartes de points de cheminement<\/h5>\r\n                    <p class=\"grey-color\">Enregistrez des donn\u00e9es sur la carte avec des donn\u00e9es suppl\u00e9mentaires ou des images pour enregistrer des donn\u00e9es g\u00e9ographiques.<\/p>\r\n                    \r\n                <\/div> \r\n            <\/div>        \r\n        <\/div>[\/vc_column_inner][vc_column_inner width=&#8221;1\/2&#8243;]\r\n        <div class=\"wow perch-fadeInUp fadeInUp fbox-4\" data-wow-delay=\"300ms\" data-wow-duration=\"1200ms\"> \r\n            <div class=\"fbox grey-color-box\">\r\n                <div class=\"grey-color-icon b-icon box-icon-md\"><span class=\"ti-Line-Map-Pin-4 grey-color\"><\/span><\/div>  \r\n                <div class=\"fbox-4-txt\">    \r\n                    <h5 class=\"h5-sm\">Ic\u00f4nes personnalis\u00e9es<\/h5>\r\n                    <p class=\"grey-color\">Distinguez diff\u00e9rents types de points de donn\u00e9es en ajoutant des ic\u00f4nes personnalis\u00e9es aux waypoints.<\/p>\r\n                    \r\n                <\/div> \r\n            <\/div>        \r\n        <\/div>\r\n        <div class=\"wow perch-fadeInUp fadeInUp fbox-4\" data-wow-delay=\"300ms\" data-wow-duration=\"1200ms\"> \r\n            <div class=\"fbox grey-color-box\">\r\n                <div class=\"grey-color-icon b-icon box-icon-md\"><span class=\"ti-Line-Equalizer grey-color\"><\/span><\/div>  \r\n                <div class=\"fbox-4-txt\">    \r\n                    <h5 class=\"h5-sm\">Plusieurs formats de coordonn\u00e9es<\/h5>\r\n                    <p class=\"grey-color\">Chaque secteur utilise son propre format de g\u00e9o-donn\u00e9es, Topo GPS prend en charge presque tous les formats.<\/p>\r\n                    \r\n                <\/div> \r\n            <\/div>        \r\n        <\/div>\r\n        <div class=\"wow perch-fadeInUp fadeInUp fbox\" data-wow-delay=\"300ms\" data-wow-duration=\"1200ms\"> \r\n            <div class=\"fbox grey-color-box\">\r\n                <div class=\"grey-color-icon b-icon box-icon-md\"><span class=\"ti-Line-Text-1 grey-color\"><\/span><\/div>  \r\n                <div class=\"fbox-txt\">    \r\n                    <h5 class=\"h5-sm\">Grilles de coordonn\u00e9es<\/h5>\r\n                    <p class=\"grey-color\">Vous pouvez diviser votre projet en sections logiques en utilisant la construction en couches de grille.<\/p>\r\n                    \r\n                <\/div> \r\n            <\/div>        \r\n        <\/div>[\/vc_column_inner][\/vc_row_inner][\/vc_column][\/vc_row][\/vc_section][vc_row][vc_column][vc_column_text]<\/p>\n<div class=\"more-questions-btn wow fadeInUp\" data-wow-delay=\"1.1s\"><!-- Text --><\/p>\n<h5 class=\"h5-sm txt-500\" style=\"text-align: center;\">Voulez-vous en savoir plus ? <a class=\"green-color\" href=\"http:\/\/test.topo-gps.com\/faqs-page\/\">Posez votre question via notre formulaire de contact ici<\/a><\/h5>\n<\/div>\n<p>[\/vc_column_text][\/vc_column][\/vc_row]<\/p>\n<\/div>","protected":false},"excerpt":{"rendered":"<p>[vc_row parallax_image_attachment=&#8221;inherit&#8221;][vc_column][\/vc_column][\/vc_row][vc_section section_type=&#8221;faqs&#8221; faqs_type=&#8221;1&#8243; parallax_image_attachment=&#8221;inherit&#8221; padding_class=&#8221;wide-100&#8243; el_id=&#8221;faqs&#8221;][vc_row][vc_column width=&#8221;1\/2&#8243;][\/vc_column][vc_column width=&#8221;1\/2&#8243;][\/vc_column][\/vc_row][\/vc_section][vc_row][vc_column][vc_separator][\/vc_column][\/vc_row][vc_section section_type=&#8221;features&#8221; features_type=&#8221;4&#8243; parallax_image_attachment=&#8221;inherit&#8221; el_id=&#8221;about&#8221;][vc_row parallax_image_attachment=&#8221;inherit&#8221;][vc_column width=&#8221;5\/12&#8243;][\/vc_column][vc_column width=&#8221;1\/12&#8243;][\/vc_column][vc_column width=&#8221;1\/2&#8243;][vc_row_inner][vc_column_inner width=&#8221;1\/2&#8243;][\/vc_column_inner][vc_column_inner width=&#8221;1\/2&#8243;][\/vc_column_inner][\/vc_row_inner][\/vc_column][\/vc_row][\/vc_section][vc_row][vc_column][vc_column_text] Voulez-vous en savoir plus ? Posez votre question via notre formulaire de contact ici [\/vc_column_text][\/vc_column][\/vc_row]<\/p>\n","protected":false},"author":1,"featured_media":0,"parent":0,"menu_order":0,"comment_status":"closed","ping_status":"closed","template":"","meta":{"footnotes":""},"class_list":["post-6288","page","type-page","status-publish","hentry","no-post-thumbnail"],"yoast_head":"<!-- This site is optimized with the Yoast SEO plugin v27.5 - https:\/\/yoast.com\/product\/yoast-seo-wordpress\/ -->\n<title>Topo GPS pour les professionnels - Topo GPS<\/title>\n<meta name=\"robots\" content=\"index, follow, max-snippet:-1, max-image-preview:large, max-video-preview:-1\" \/>\n<link rel=\"canonical\" href=\"https:\/\/www.topo-gps.com\/fr\/topo-gps-pour-les-professionnels\/\" \/>\n<meta property=\"og:locale\" content=\"fr_FR\" \/>\n<meta property=\"og:type\" content=\"article\" \/>\n<meta property=\"og:title\" content=\"Topo GPS pour les professionnels - Topo GPS\" \/>\n<meta property=\"og:description\" content=\"[vc_row parallax_image_attachment=&#8221;inherit&#8221;][vc_column][\/vc_column][\/vc_row][vc_section section_type=&#8221;faqs&#8221; faqs_type=&#8221;1&#8243; parallax_image_attachment=&#8221;inherit&#8221; padding_class=&#8221;wide-100&#8243; el_id=&#8221;faqs&#8221;][vc_row][vc_column width=&#8221;1\/2&#8243;][\/vc_column][vc_column width=&#8221;1\/2&#8243;][\/vc_column][\/vc_row][\/vc_section][vc_row][vc_column][vc_separator][\/vc_column][\/vc_row][vc_section section_type=&#8221;features&#8221; features_type=&#8221;4&#8243; parallax_image_attachment=&#8221;inherit&#8221; el_id=&#8221;about&#8221;][vc_row parallax_image_attachment=&#8221;inherit&#8221;][vc_column width=&#8221;5\/12&#8243;][\/vc_column][vc_column width=&#8221;1\/12&#8243;][\/vc_column][vc_column width=&#8221;1\/2&#8243;][vc_row_inner][vc_column_inner width=&#8221;1\/2&#8243;][\/vc_column_inner][vc_column_inner width=&#8221;1\/2&#8243;][\/vc_column_inner][\/vc_row_inner][\/vc_column][\/vc_row][\/vc_section][vc_row][vc_column][vc_column_text] Voulez-vous en savoir plus ? Posez votre question via notre formulaire de contact ici [\/vc_column_text][\/vc_column][\/vc_row]\" \/>\n<meta property=\"og:url\" content=\"https:\/\/www.topo-gps.com\/fr\/topo-gps-pour-les-professionnels\/\" \/>\n<meta property=\"og:site_name\" content=\"Topo GPS\" \/>\n<meta property=\"article:modified_time\" content=\"2022-02-26T19:47:51+00:00\" \/>\n<meta name=\"twitter:card\" content=\"summary_large_image\" \/>\n<meta name=\"twitter:label1\" content=\"Dur\u00e9e de lecture estim\u00e9e\" \/>\n\t<meta name=\"twitter:data1\" content=\"5 minutes\" \/>\n<script type=\"application\/ld+json\" class=\"yoast-schema-graph\">{\"@context\":\"https:\\\/\\\/schema.org\",\"@graph\":[{\"@type\":\"WebPage\",\"@id\":\"https:\\\/\\\/www.topo-gps.com\\\/fr\\\/topo-gps-pour-les-professionnels\\\/\",\"url\":\"https:\\\/\\\/www.topo-gps.com\\\/fr\\\/topo-gps-pour-les-professionnels\\\/\",\"name\":\"Topo GPS pour les professionnels - Topo GPS\",\"isPartOf\":{\"@id\":\"https:\\\/\\\/www.topo-gps.com\\\/fr\\\/#website\"},\"datePublished\":\"2022-01-29T19:38:53+00:00\",\"dateModified\":\"2022-02-26T19:47:51+00:00\",\"breadcrumb\":{\"@id\":\"https:\\\/\\\/www.topo-gps.com\\\/fr\\\/topo-gps-pour-les-professionnels\\\/#breadcrumb\"},\"inLanguage\":\"fr-FR\",\"potentialAction\":[{\"@type\":\"ReadAction\",\"target\":[\"https:\\\/\\\/www.topo-gps.com\\\/fr\\\/topo-gps-pour-les-professionnels\\\/\"]}]},{\"@type\":\"BreadcrumbList\",\"@id\":\"https:\\\/\\\/www.topo-gps.com\\\/fr\\\/topo-gps-pour-les-professionnels\\\/#breadcrumb\",\"itemListElement\":[{\"@type\":\"ListItem\",\"position\":1,\"name\":\"Home\",\"item\":\"https:\\\/\\\/www.topo-gps.com\\\/fr\\\/top-gps\\\/\"},{\"@type\":\"ListItem\",\"position\":2,\"name\":\"Topo GPS pour les professionnels\"}]},{\"@type\":\"WebSite\",\"@id\":\"https:\\\/\\\/www.topo-gps.com\\\/fr\\\/#website\",\"url\":\"https:\\\/\\\/www.topo-gps.com\\\/fr\\\/\",\"name\":\"Topo GPS\",\"description\":\"Topographic maps GPS for iPhone, Android, iPad and Apple Watch\",\"potentialAction\":[{\"@type\":\"SearchAction\",\"target\":{\"@type\":\"EntryPoint\",\"urlTemplate\":\"https:\\\/\\\/www.topo-gps.com\\\/fr\\\/?s={search_term_string}\"},\"query-input\":{\"@type\":\"PropertyValueSpecification\",\"valueRequired\":true,\"valueName\":\"search_term_string\"}}],\"inLanguage\":\"fr-FR\"}]}<\/script>\n<!-- \/ Yoast SEO plugin. -->","yoast_head_json":{"title":"Topo GPS pour les professionnels - Topo GPS","robots":{"index":"index","follow":"follow","max-snippet":"max-snippet:-1","max-image-preview":"max-image-preview:large","max-video-preview":"max-video-preview:-1"},"canonical":"https:\/\/www.topo-gps.com\/fr\/topo-gps-pour-les-professionnels\/","og_locale":"fr_FR","og_type":"article","og_title":"Topo GPS pour les professionnels - Topo GPS","og_description":"[vc_row parallax_image_attachment=&#8221;inherit&#8221;][vc_column][\/vc_column][\/vc_row][vc_section section_type=&#8221;faqs&#8221; faqs_type=&#8221;1&#8243; parallax_image_attachment=&#8221;inherit&#8221; padding_class=&#8221;wide-100&#8243; el_id=&#8221;faqs&#8221;][vc_row][vc_column width=&#8221;1\/2&#8243;][\/vc_column][vc_column width=&#8221;1\/2&#8243;][\/vc_column][\/vc_row][\/vc_section][vc_row][vc_column][vc_separator][\/vc_column][\/vc_row][vc_section section_type=&#8221;features&#8221; features_type=&#8221;4&#8243; parallax_image_attachment=&#8221;inherit&#8221; el_id=&#8221;about&#8221;][vc_row parallax_image_attachment=&#8221;inherit&#8221;][vc_column width=&#8221;5\/12&#8243;][\/vc_column][vc_column width=&#8221;1\/12&#8243;][\/vc_column][vc_column width=&#8221;1\/2&#8243;][vc_row_inner][vc_column_inner width=&#8221;1\/2&#8243;][\/vc_column_inner][vc_column_inner width=&#8221;1\/2&#8243;][\/vc_column_inner][\/vc_row_inner][\/vc_column][\/vc_row][\/vc_section][vc_row][vc_column][vc_column_text] Voulez-vous en savoir plus ? Posez votre question via notre formulaire de contact ici [\/vc_column_text][\/vc_column][\/vc_row]","og_url":"https:\/\/www.topo-gps.com\/fr\/topo-gps-pour-les-professionnels\/","og_site_name":"Topo GPS","article_modified_time":"2022-02-26T19:47:51+00:00","twitter_card":"summary_large_image","twitter_misc":{"Dur\u00e9e de lecture estim\u00e9e":"5 minutes"},"schema":{"@context":"https:\/\/schema.org","@graph":[{"@type":"WebPage","@id":"https:\/\/www.topo-gps.com\/fr\/topo-gps-pour-les-professionnels\/","url":"https:\/\/www.topo-gps.com\/fr\/topo-gps-pour-les-professionnels\/","name":"Topo GPS pour les professionnels - Topo GPS","isPartOf":{"@id":"https:\/\/www.topo-gps.com\/fr\/#website"},"datePublished":"2022-01-29T19:38:53+00:00","dateModified":"2022-02-26T19:47:51+00:00","breadcrumb":{"@id":"https:\/\/www.topo-gps.com\/fr\/topo-gps-pour-les-professionnels\/#breadcrumb"},"inLanguage":"fr-FR","potentialAction":[{"@type":"ReadAction","target":["https:\/\/www.topo-gps.com\/fr\/topo-gps-pour-les-professionnels\/"]}]},{"@type":"BreadcrumbList","@id":"https:\/\/www.topo-gps.com\/fr\/topo-gps-pour-les-professionnels\/#breadcrumb","itemListElement":[{"@type":"ListItem","position":1,"name":"Home","item":"https:\/\/www.topo-gps.com\/fr\/top-gps\/"},{"@type":"ListItem","position":2,"name":"Topo GPS pour les professionnels"}]},{"@type":"WebSite","@id":"https:\/\/www.topo-gps.com\/fr\/#website","url":"https:\/\/www.topo-gps.com\/fr\/","name":"Topo GPS","description":"Topographic maps GPS for iPhone, Android, iPad and Apple Watch","potentialAction":[{"@type":"SearchAction","target":{"@type":"EntryPoint","urlTemplate":"https:\/\/www.topo-gps.com\/fr\/?s={search_term_string}"},"query-input":{"@type":"PropertyValueSpecification","valueRequired":true,"valueName":"search_term_string"}}],"inLanguage":"fr-FR"}]}},"_links":{"self":[{"href":"https:\/\/www.topo-gps.com\/fr\/wp-json\/wp\/v2\/pages\/6288","targetHints":{"allow":["GET"]}}],"collection":[{"href":"https:\/\/www.topo-gps.com\/fr\/wp-json\/wp\/v2\/pages"}],"about":[{"href":"https:\/\/www.topo-gps.com\/fr\/wp-json\/wp\/v2\/types\/page"}],"author":[{"embeddable":true,"href":"https:\/\/www.topo-gps.com\/fr\/wp-json\/wp\/v2\/users\/1"}],"replies":[{"embeddable":true,"href":"https:\/\/www.topo-gps.com\/fr\/wp-json\/wp\/v2\/comments?post=6288"}],"version-history":[{"count":0,"href":"https:\/\/www.topo-gps.com\/fr\/wp-json\/wp\/v2\/pages\/6288\/revisions"}],"wp:attachment":[{"href":"https:\/\/www.topo-gps.com\/fr\/wp-json\/wp\/v2\/media?parent=6288"}],"curies":[{"name":"wp","href":"https:\/\/api.w.org\/{rel}","templated":true}]}}