{"id":5173,"date":"2021-11-20T20:23:00","date_gmt":"2021-11-20T19:23:00","guid":{"rendered":"http:\/\/test.topo-gps.com\/declaration-de-confidentialite\/"},"modified":"2022-03-01T12:32:04","modified_gmt":"2022-03-01T11:32:04","slug":"declaration-de-confidentialite","status":"publish","type":"page","link":"https:\/\/www.topo-gps.com\/fr\/declaration-de-confidentialite\/","title":{"rendered":"Politique de confidentialit\u00e9"},"content":{"rendered":"<div class=\"wpb-content-wrapper\"><p>[vc_section parallax_image_attachment=&#8221;inherit&#8221; padding_class=&#8221;wide-0&#8243; css=&#8221;.vc_custom_1543574872456{margin-top: 180px !important;margin-bottom: 45px !important;}&#8221; el_id=&#8221;terms-page&#8221;][vc_row parallax_image_attachment=&#8221;inherit&#8221; el_class=&#8221;terms-box&#8221;][vc_column width=&#8221;1\/12&#8243;][\/vc_column][vc_column width=&#8221;5\/6&#8243;]\r\n        <div class=\" wow perch-fadeInUp fadeInUp\" data-wow-delay=\"300ms\" data-wow-duration=\"1200ms\"> \r\n                   \r\n                   \r\n            <h4 class=\"Default h4-sm none os-version\">Cette politique de confidentialit\u00e9 est valable \u00e0 partir de mars 2021<\/h4>\r\n                     \r\n        <\/div>\r\n        <div class=\" wow perch-fadeInUp fadeInUp\" data-wow-delay=\"300ms\" data-wow-duration=\"1200ms\"> \r\n                   \r\n                   \r\n            <p class=\"Default p-md none os-version\">Nous pouvons mettre \u00e0 jour notre politique de confidentialit\u00e9 si n\u00e9cessaire, et la publierons sur https:\/\/www.topo-gps.com\/privacy-policy.<\/p>\r\n                     \r\n        <\/div>[\/vc_column][vc_column width=&#8221;1\/12&#8243;][\/vc_column][\/vc_row][vc_row parallax_image_attachment=&#8221;inherit&#8221; css=&#8221;.vc_custom_1543997765635{margin-top: -20px !important;}&#8221; el_class=&#8221;terms-box&#8221;][vc_column width=&#8221;1\/12&#8243;][\/vc_column][vc_column width=&#8221;5\/6&#8243;]\r\n        <div class=\" vc_custom_1637422763887  wow perch-fadeInUp fadeInUp\" data-wow-delay=\"300ms\" data-wow-duration=\"1200ms\"> \r\n                   \r\n                   \r\n            <h4 class=\"Default h4-sm none os-version\">Application GPS Topo<\/h4>\r\n                     \r\n        <\/div>\r\n        <div class=\" wow perch-fadeInUp fadeInUp\" data-wow-delay=\"300ms\" data-wow-duration=\"1200ms\"> \r\n                   \r\n                   \r\n            \r\n            <p class=\"p-md os-version\">Votre vie priv\u00e9e est tr\u00e8s importante pour nous. Par cons\u00e9quent, nous ne collectons, ne stockons ni ne partageons aucune donn\u00e9e d'utilisateur personnellement identifiable (telle que l'emplacement, le nom, l'adresse IP et autres), \u00e0 l'exception de ce que vous nous fournissez volontairement par e-mail, le formulaire de contact sur notre site Web, ou en partageant un itin\u00e9raire.<\/p>         \r\n        <\/div>\r\n        <div class=\" wow perch-fadeInUp fadeInUp\" data-wow-delay=\"300ms\" data-wow-duration=\"1200ms\"> \r\n                   \r\n                   \r\n            \r\n            <p class=\"p-md os-version\">Vous n'avez pas besoin de cr\u00e9er un compte pour utiliser l'application Topo GPS, nous ne pouvons donc pas vous identifier gr\u00e2ce aux informations de votre compte.<\/p>         \r\n        <\/div>\r\n        <div class=\" wow perch-fadeInUp fadeInUp\" data-wow-delay=\"300ms\" data-wow-duration=\"1200ms\"> \r\n                   \r\n                   \r\n            \r\n            <p class=\"p-md os-version\">Tout le trafic Internet de l'application Topo GPS est crypt\u00e9 \u00e0 l'aide de https, \u00e0 l'exception de la planification d'itin\u00e9raires via le planificateur d'itin\u00e9raires Top10NL aux Pays-Bas.<\/p>         \r\n        <\/div>\r\n        <div class=\" wow perch-fadeInUp fadeInUp\" data-wow-delay=\"300ms\" data-wow-duration=\"1200ms\"> \r\n                   \r\n                   \r\n            \r\n            <p class=\"p-md os-version\">Si vous partagez un itin\u00e9raire avec Topo GPS, l'itin\u00e9raire, les m\u00e9tadonn\u00e9es de l'itin\u00e9raire et un identifiant d'appareil seront stock\u00e9s sur le serveur Topo GPS. L'itin\u00e9raire et les m\u00e9tadonn\u00e9es de l'itin\u00e9raire seront rendus accessibles aux autres utilisateurs dans l'application Topo GPS et sur notre site Web. L'identifiant de l'appareil n'est visible que par nous et nous aide \u00e0 identifier les itin\u00e9raires qui ont \u00e9t\u00e9 t\u00e9l\u00e9charg\u00e9s \u00e0 partir du m\u00eame appareil. Les m\u00e9tadonn\u00e9es de l'itin\u00e9raire peuvent contenir votre nom et votre adresse e-mail si vous avez ajout\u00e9 ces informations \u00e0 l'itin\u00e9raire. Si vous souhaitez que nous supprimions un itin\u00e9raire que vous avez partag\u00e9 avec Topo GPS de notre base de donn\u00e9es et de notre site Web, vous devez envoyer un message \u00e0 support_at_topo-gps_dot_com.<\/p>         \r\n        <\/div>\r\n        <div class=\" wow perch-fadeInUp fadeInUp\" data-wow-delay=\"300ms\" data-wow-duration=\"1200ms\"> \r\n                   \r\n                   \r\n            \r\n            <p class=\"p-md os-version\">Si vous affichez une carte, les tuiles de la carte seront t\u00e9l\u00e9charg\u00e9es \u00e0 partir d'un serveur. Pour fournir les tuiles de carte, nous utilisons les services suivants : Amazon CloudFront, CDN77 et GeoFabrik. Nous ne sommes pas en mesure de r\u00e9cup\u00e9rer votre adresse IP via ces services.<\/p>         \r\n        <\/div>\r\n        <div class=\" wow perch-fadeInUp fadeInUp\" data-wow-delay=\"300ms\" data-wow-duration=\"1200ms\"> \r\n                   \r\n                   \r\n            \r\n            <p class=\"p-md os-version\">Si vous planifiez un itin\u00e9raire, l'itin\u00e9raire est soit calcul\u00e9 localement sur votre appareil, soit via l'API de directions GraphHopper ou via le service de planificateur d'itin\u00e9raire GPS Topo. Lors de la planification d'un itin\u00e9raire, seuls les points d'itin\u00e9raire et les moyens de transport sont envoy\u00e9s \u00e0 un service de planification d'itin\u00e9raire. Nous ne stockons pas vos itin\u00e9raires et votre adresse IP planifi\u00e9s. GraphHopper stocke votre demande d'itin\u00e9raire incluant l'heure et votre adresse IP pour une dur\u00e9e maximale de 5 semaines conform\u00e9ment \u00e0 la politique de confidentialit\u00e9 de GraphHopper.<\/p>         \r\n        <\/div>[\/vc_column][vc_column width=&#8221;1\/12&#8243;][\/vc_column][\/vc_row][vc_row][vc_column width=&#8221;1\/12&#8243;][\/vc_column][vc_column width=&#8221;5\/6&#8243;]\r\n        <div class=\" wow perch-fadeInUp fadeInUp\" data-wow-delay=\"300ms\" data-wow-duration=\"1200ms\"> \r\n                   \r\n                   \r\n            <h4 class=\"Default h4-sm none os-version\">iOS<\/h4>\r\n            <p class=\"p-md os-version\">Les d\u00e9clarations de cette section s'appliquent uniquement \u00e0 la version iOS de Topo GPS.<\/p>         \r\n        <\/div>\r\n        <div class=\" vc_custom_1637423069733  wow perch-fadeInUp fadeInUp\" data-wow-delay=\"300ms\" data-wow-duration=\"1200ms\"> \r\n                   \r\n                   \r\n            \r\n            <p class=\"p-md os-version\">Si vous activez la synchronisation des itin\u00e9raires et des waypoints via iCloud, tous vos itin\u00e9raires et waypoints sont stock\u00e9s sur iCloud. Si vous souhaitez supprimer vos itin\u00e9raires et waypoints d'iCloud, vous pouvez d\u00e9sactiver la synchronisation avec iCloud dans les param\u00e8tres Topo GPS. Une fen\u00eatre contextuelle appara\u00eetra qui permet de supprimer toutes les donn\u00e9es d'itin\u00e9raire et de point de cheminement d'iCloud.<\/p>         \r\n        <\/div>\r\n        <div class=\" vc_custom_1637423115349  wow perch-fadeInUp fadeInUp\" data-wow-delay=\"300ms\" data-wow-duration=\"1200ms\"> \r\n                   \r\n                   \r\n            \r\n            <p class=\"p-md os-version\">Si vous effectuez un achat dans Topo GPS, nous stockons le re\u00e7u de votre achat sur nos serveurs pour des raisons d'analyse. Ce re\u00e7u contient les identifiants de transaction, le type de produit int\u00e9gr\u00e9 \u00e0 l'application achet\u00e9 et l'heure de l'achat.<\/p>         \r\n        <\/div>\r\n        <div class=\" vc_custom_1637423130400  wow perch-fadeInUp fadeInUp\" data-wow-delay=\"300ms\" data-wow-duration=\"1200ms\"> \r\n                   \r\n                   \r\n            \r\n            <p class=\"p-md os-version\">\u00c0 l'exception du cas indiqu\u00e9 ci-dessus, nous ne suivons pas votre utilisation de l'application Topo GPS.<\/p>         \r\n        <\/div>\r\n        <div class=\" vc_custom_1637423197958  wow perch-fadeInUp fadeInUp\" data-wow-delay=\"300ms\" data-wow-duration=\"1200ms\"> \r\n                   \r\n                   \r\n            <h4 class=\"Default h4-sm none os-version\">Android<\/h4>\r\n            <p class=\"p-md os-version\">Les d\u00e9clarations de cette section s'appliquent uniquement \u00e0 la version Android de Topo GPS.<\/p>         \r\n        <\/div>\r\n        <div class=\" vc_custom_1637423213136  wow perch-fadeInUp fadeInUp\" data-wow-delay=\"300ms\" data-wow-duration=\"1200ms\"> \r\n                   \r\n                   \r\n            \r\n            <p class=\"p-md os-version\">Si vous achetez des tuiles de carte de France, de Grande-Bretagne, de Belgique ou de Suisse, les informations sur les tuiles achet\u00e9es sont enregistr\u00e9es sur notre serveur avec le num\u00e9ro de commande de votre achat pour nous permettre de synchroniser vos achats de carte entre vos appareils.<\/p>         \r\n        <\/div>\r\n        <div class=\" vc_custom_1637423232069  wow perch-fadeInUp fadeInUp\" data-wow-delay=\"300ms\" data-wow-duration=\"1200ms\"> \r\n                   \r\n                   \r\n            \r\n            <p class=\"p-md os-version\">L'application utilise le SDK Android, le SDK des services Google Play et le SDK Google Firebase. Les autres SDK ou biblioth\u00e8ques externes ne sont pas utilis\u00e9s dans l'application.<\/p>         \r\n        <\/div>\r\n        <div class=\" vc_custom_1637423633570  wow perch-fadeInUp fadeInUp\" data-wow-delay=\"300ms\" data-wow-duration=\"1200ms\"> \r\n                   \r\n                   \r\n            \r\n            <p class=\"p-md os-version\">Nous ne suivons pas votre utilisation de l'application Topo GPS.<\/p>         \r\n        <\/div>\r\n        <div class=\" wow perch-fadeInUp fadeInUp\" data-wow-delay=\"300ms\" data-wow-duration=\"1200ms\"> \r\n                   \r\n                   \r\n            <h4 class=\"Default h4-sm none os-version\">Site Web Topo GPS<\/h4>\r\n            <p class=\"p-md os-version\">Si vous nous contactez par e-mail ou via le formulaire de contact sur notre site Web, votre adresse e-mail et \u00e9ventuellement votre nom sont stock\u00e9s dans notre syst\u00e8me de support client Zendesk et dans Gmail. Si vous souhaitez que nous supprimions d\u00e9finitivement vos informations, vous devez envoyer un message \u00e0 support_at_topo-gps_dot_com ou utiliser le formulaire de contact sur notre site Web.<\/p>         \r\n        <\/div>[\/vc_column][vc_column width=&#8221;1\/12&#8243;][\/vc_column][\/vc_row][vc_row parallax_image_attachment=&#8221;inherit&#8221; el_class=&#8221;terms-box&#8221; css=&#8221;.vc_custom_1543998973323{margin-top: 30px !important;}&#8221;][vc_column width=&#8221;1\/12&#8243;][\/vc_column][vc_column width=&#8221;5\/6&#8243;]\r\n        <div class=\" wow perch-fadeInUp fadeInUp\" data-wow-delay=\"300ms\" data-wow-duration=\"1200ms\"> \r\n                   \r\n                   \r\n            \r\n            <p class=\"p-md os-version\">Nous ne stockons pas votre adresse IP lorsque vous visitez notre site Web.<\/p>         \r\n        <\/div>\r\n        <div class=\" wow perch-fadeInUp fadeInUp\" data-wow-delay=\"300ms\" data-wow-duration=\"1200ms\"> \r\n                   \r\n                   \r\n            \r\n            <p class=\"p-md os-version\">Tout le trafic Internet sur notre site Web est crypt\u00e9 \u00e0 l'aide de https.<\/p>         \r\n        <\/div>\r\n        <div class=\" wow perch-fadeInUp fadeInUp\" data-wow-delay=\"300ms\" data-wow-duration=\"1200ms\"> \r\n                   \r\n                   \r\n            \r\n            <p class=\"p-md os-version\">Nous utilisons des cookies Google Analytics et un pixel Facebook pour analyser l'utilisation de notre site Web et soutenir nos efforts de marketing.<\/p>         \r\n        <\/div>\r\n        <div class=\" wow perch-fadeInUp fadeInUp\" data-wow-delay=\"300ms\" data-wow-duration=\"1200ms\"> \r\n                   \r\n                   \r\n            \r\n            <p class=\"p-md os-version\">Si vous avez des questions, vous pouvez nous contacter via le formulaire de contact sur notre site Web ou envoyer un message \u00e0 support_at_topo-gps_dot_com.<\/p>         \r\n        <\/div>\r\n        <div class=\" wow perch-fadeInUp fadeInUp\" data-wow-delay=\"300ms\" data-wow-duration=\"1200ms\"> \r\n                   \r\n                   \r\n            \r\n            <p class=\"p-md os-version\">rdzl vof \u2013 Duivendaal 1a \u2013 6701 AP Wageningen \u2013 Pays-Bas<\/p>         \r\n        <\/div>[\/vc_column][vc_column width=&#8221;1\/12&#8243;][\/vc_column][\/vc_row][\/vc_section]<\/p>\n<\/div>","protected":false},"excerpt":{"rendered":"<p>[vc_section parallax_image_attachment=&#8221;inherit&#8221; padding_class=&#8221;wide-0&#8243; css=&#8221;.vc_custom_1543574872456{margin-top: 180px !important;margin-bottom: 45px !important;}&#8221; el_id=&#8221;terms-page&#8221;][vc_row parallax_image_attachment=&#8221;inherit&#8221; el_class=&#8221;terms-box&#8221;][vc_column width=&#8221;1\/12&#8243;][\/vc_column][vc_column width=&#8221;5\/6&#8243;][\/vc_column][vc_column width=&#8221;1\/12&#8243;][\/vc_column][\/vc_row][vc_row parallax_image_attachment=&#8221;inherit&#8221; css=&#8221;.vc_custom_1543997765635{margin-top: -20px !important;}&#8221; el_class=&#8221;terms-box&#8221;][vc_column width=&#8221;1\/12&#8243;][\/vc_column][vc_column width=&#8221;5\/6&#8243;][\/vc_column][vc_column width=&#8221;1\/12&#8243;][\/vc_column][\/vc_row][vc_row][vc_column width=&#8221;1\/12&#8243;][\/vc_column][vc_column width=&#8221;5\/6&#8243;][\/vc_column][vc_column width=&#8221;1\/12&#8243;][\/vc_column][\/vc_row][vc_row parallax_image_attachment=&#8221;inherit&#8221; el_class=&#8221;terms-box&#8221; css=&#8221;.vc_custom_1543998973323{margin-top: 30px !important;}&#8221;][vc_column width=&#8221;1\/12&#8243;][\/vc_column][vc_column width=&#8221;5\/6&#8243;][\/vc_column][vc_column width=&#8221;1\/12&#8243;][\/vc_column][\/vc_row][\/vc_section]<\/p>\n","protected":false},"author":1,"featured_media":0,"parent":0,"menu_order":0,"comment_status":"closed","ping_status":"closed","template":"","meta":{"footnotes":""},"class_list":["post-5173","page","type-page","status-publish","hentry","no-post-thumbnail"],"yoast_head":"<!-- This site is optimized with the Yoast SEO plugin v27.5 - https:\/\/yoast.com\/product\/yoast-seo-wordpress\/ -->\n<title>Politique de confidentialit\u00e9 - Topo GPS<\/title>\n<meta name=\"robots\" content=\"index, follow, max-snippet:-1, max-image-preview:large, max-video-preview:-1\" \/>\n<link rel=\"canonical\" href=\"https:\/\/www.topo-gps.com\/fr\/declaration-de-confidentialite\/\" \/>\n<meta property=\"og:locale\" content=\"fr_FR\" \/>\n<meta property=\"og:type\" content=\"article\" \/>\n<meta property=\"og:title\" content=\"Politique de confidentialit\u00e9 - Topo GPS\" \/>\n<meta property=\"og:description\" content=\"[vc_section parallax_image_attachment=&#8221;inherit&#8221; padding_class=&#8221;wide-0&#8243; css=&#8221;.vc_custom_1543574872456{margin-top: 180px !important;margin-bottom: 45px !important;}&#8221; el_id=&#8221;terms-page&#8221;][vc_row parallax_image_attachment=&#8221;inherit&#8221; el_class=&#8221;terms-box&#8221;][vc_column width=&#8221;1\/12&#8243;][\/vc_column][vc_column width=&#8221;5\/6&#8243;][\/vc_column][vc_column width=&#8221;1\/12&#8243;][\/vc_column][\/vc_row][vc_row parallax_image_attachment=&#8221;inherit&#8221; css=&#8221;.vc_custom_1543997765635{margin-top: -20px !important;}&#8221; el_class=&#8221;terms-box&#8221;][vc_column width=&#8221;1\/12&#8243;][\/vc_column][vc_column width=&#8221;5\/6&#8243;][\/vc_column][vc_column width=&#8221;1\/12&#8243;][\/vc_column][\/vc_row][vc_row][vc_column width=&#8221;1\/12&#8243;][\/vc_column][vc_column width=&#8221;5\/6&#8243;][\/vc_column][vc_column width=&#8221;1\/12&#8243;][\/vc_column][\/vc_row][vc_row parallax_image_attachment=&#8221;inherit&#8221; el_class=&#8221;terms-box&#8221; css=&#8221;.vc_custom_1543998973323{margin-top: 30px !important;}&#8221;][vc_column width=&#8221;1\/12&#8243;][\/vc_column][vc_column width=&#8221;5\/6&#8243;][\/vc_column][vc_column width=&#8221;1\/12&#8243;][\/vc_column][\/vc_row][\/vc_section]\" \/>\n<meta property=\"og:url\" content=\"https:\/\/www.topo-gps.com\/fr\/declaration-de-confidentialite\/\" \/>\n<meta property=\"og:site_name\" content=\"Topo GPS\" \/>\n<meta property=\"article:modified_time\" content=\"2022-03-01T11:32:04+00:00\" \/>\n<meta name=\"twitter:card\" content=\"summary_large_image\" \/>\n<meta name=\"twitter:label1\" content=\"Dur\u00e9e de lecture estim\u00e9e\" \/>\n\t<meta name=\"twitter:data1\" content=\"7 minutes\" \/>\n<script type=\"application\/ld+json\" class=\"yoast-schema-graph\">{\"@context\":\"https:\\\/\\\/schema.org\",\"@graph\":[{\"@type\":\"WebPage\",\"@id\":\"https:\\\/\\\/www.topo-gps.com\\\/fr\\\/declaration-de-confidentialite\\\/\",\"url\":\"https:\\\/\\\/www.topo-gps.com\\\/fr\\\/declaration-de-confidentialite\\\/\",\"name\":\"Politique de confidentialit\u00e9 - Topo GPS\",\"isPartOf\":{\"@id\":\"https:\\\/\\\/www.topo-gps.com\\\/fr\\\/#website\"},\"datePublished\":\"2021-11-20T19:23:00+00:00\",\"dateModified\":\"2022-03-01T11:32:04+00:00\",\"breadcrumb\":{\"@id\":\"https:\\\/\\\/www.topo-gps.com\\\/fr\\\/declaration-de-confidentialite\\\/#breadcrumb\"},\"inLanguage\":\"fr-FR\",\"potentialAction\":[{\"@type\":\"ReadAction\",\"target\":[\"https:\\\/\\\/www.topo-gps.com\\\/fr\\\/declaration-de-confidentialite\\\/\"]}]},{\"@type\":\"BreadcrumbList\",\"@id\":\"https:\\\/\\\/www.topo-gps.com\\\/fr\\\/declaration-de-confidentialite\\\/#breadcrumb\",\"itemListElement\":[{\"@type\":\"ListItem\",\"position\":1,\"name\":\"Home\",\"item\":\"https:\\\/\\\/www.topo-gps.com\\\/fr\\\/top-gps\\\/\"},{\"@type\":\"ListItem\",\"position\":2,\"name\":\"Politique de confidentialit\u00e9\"}]},{\"@type\":\"WebSite\",\"@id\":\"https:\\\/\\\/www.topo-gps.com\\\/fr\\\/#website\",\"url\":\"https:\\\/\\\/www.topo-gps.com\\\/fr\\\/\",\"name\":\"Topo GPS\",\"description\":\"Topographic maps GPS for iPhone, Android, iPad and Apple Watch\",\"potentialAction\":[{\"@type\":\"SearchAction\",\"target\":{\"@type\":\"EntryPoint\",\"urlTemplate\":\"https:\\\/\\\/www.topo-gps.com\\\/fr\\\/?s={search_term_string}\"},\"query-input\":{\"@type\":\"PropertyValueSpecification\",\"valueRequired\":true,\"valueName\":\"search_term_string\"}}],\"inLanguage\":\"fr-FR\"}]}<\/script>\n<!-- \/ Yoast SEO plugin. -->","yoast_head_json":{"title":"Politique de confidentialit\u00e9 - Topo GPS","robots":{"index":"index","follow":"follow","max-snippet":"max-snippet:-1","max-image-preview":"max-image-preview:large","max-video-preview":"max-video-preview:-1"},"canonical":"https:\/\/www.topo-gps.com\/fr\/declaration-de-confidentialite\/","og_locale":"fr_FR","og_type":"article","og_title":"Politique de confidentialit\u00e9 - Topo GPS","og_description":"[vc_section parallax_image_attachment=&#8221;inherit&#8221; padding_class=&#8221;wide-0&#8243; css=&#8221;.vc_custom_1543574872456{margin-top: 180px !important;margin-bottom: 45px !important;}&#8221; el_id=&#8221;terms-page&#8221;][vc_row parallax_image_attachment=&#8221;inherit&#8221; el_class=&#8221;terms-box&#8221;][vc_column width=&#8221;1\/12&#8243;][\/vc_column][vc_column width=&#8221;5\/6&#8243;][\/vc_column][vc_column width=&#8221;1\/12&#8243;][\/vc_column][\/vc_row][vc_row parallax_image_attachment=&#8221;inherit&#8221; css=&#8221;.vc_custom_1543997765635{margin-top: -20px !important;}&#8221; el_class=&#8221;terms-box&#8221;][vc_column width=&#8221;1\/12&#8243;][\/vc_column][vc_column width=&#8221;5\/6&#8243;][\/vc_column][vc_column width=&#8221;1\/12&#8243;][\/vc_column][\/vc_row][vc_row][vc_column width=&#8221;1\/12&#8243;][\/vc_column][vc_column width=&#8221;5\/6&#8243;][\/vc_column][vc_column width=&#8221;1\/12&#8243;][\/vc_column][\/vc_row][vc_row parallax_image_attachment=&#8221;inherit&#8221; el_class=&#8221;terms-box&#8221; css=&#8221;.vc_custom_1543998973323{margin-top: 30px !important;}&#8221;][vc_column width=&#8221;1\/12&#8243;][\/vc_column][vc_column width=&#8221;5\/6&#8243;][\/vc_column][vc_column width=&#8221;1\/12&#8243;][\/vc_column][\/vc_row][\/vc_section]","og_url":"https:\/\/www.topo-gps.com\/fr\/declaration-de-confidentialite\/","og_site_name":"Topo GPS","article_modified_time":"2022-03-01T11:32:04+00:00","twitter_card":"summary_large_image","twitter_misc":{"Dur\u00e9e de lecture estim\u00e9e":"7 minutes"},"schema":{"@context":"https:\/\/schema.org","@graph":[{"@type":"WebPage","@id":"https:\/\/www.topo-gps.com\/fr\/declaration-de-confidentialite\/","url":"https:\/\/www.topo-gps.com\/fr\/declaration-de-confidentialite\/","name":"Politique de confidentialit\u00e9 - Topo GPS","isPartOf":{"@id":"https:\/\/www.topo-gps.com\/fr\/#website"},"datePublished":"2021-11-20T19:23:00+00:00","dateModified":"2022-03-01T11:32:04+00:00","breadcrumb":{"@id":"https:\/\/www.topo-gps.com\/fr\/declaration-de-confidentialite\/#breadcrumb"},"inLanguage":"fr-FR","potentialAction":[{"@type":"ReadAction","target":["https:\/\/www.topo-gps.com\/fr\/declaration-de-confidentialite\/"]}]},{"@type":"BreadcrumbList","@id":"https:\/\/www.topo-gps.com\/fr\/declaration-de-confidentialite\/#breadcrumb","itemListElement":[{"@type":"ListItem","position":1,"name":"Home","item":"https:\/\/www.topo-gps.com\/fr\/top-gps\/"},{"@type":"ListItem","position":2,"name":"Politique de confidentialit\u00e9"}]},{"@type":"WebSite","@id":"https:\/\/www.topo-gps.com\/fr\/#website","url":"https:\/\/www.topo-gps.com\/fr\/","name":"Topo GPS","description":"Topographic maps GPS for iPhone, Android, iPad and Apple Watch","potentialAction":[{"@type":"SearchAction","target":{"@type":"EntryPoint","urlTemplate":"https:\/\/www.topo-gps.com\/fr\/?s={search_term_string}"},"query-input":{"@type":"PropertyValueSpecification","valueRequired":true,"valueName":"search_term_string"}}],"inLanguage":"fr-FR"}]}},"_links":{"self":[{"href":"https:\/\/www.topo-gps.com\/fr\/wp-json\/wp\/v2\/pages\/5173","targetHints":{"allow":["GET"]}}],"collection":[{"href":"https:\/\/www.topo-gps.com\/fr\/wp-json\/wp\/v2\/pages"}],"about":[{"href":"https:\/\/www.topo-gps.com\/fr\/wp-json\/wp\/v2\/types\/page"}],"author":[{"embeddable":true,"href":"https:\/\/www.topo-gps.com\/fr\/wp-json\/wp\/v2\/users\/1"}],"replies":[{"embeddable":true,"href":"https:\/\/www.topo-gps.com\/fr\/wp-json\/wp\/v2\/comments?post=5173"}],"version-history":[{"count":0,"href":"https:\/\/www.topo-gps.com\/fr\/wp-json\/wp\/v2\/pages\/5173\/revisions"}],"wp:attachment":[{"href":"https:\/\/www.topo-gps.com\/fr\/wp-json\/wp\/v2\/media?parent=5173"}],"curies":[{"name":"wp","href":"https:\/\/api.w.org\/{rel}","templated":true}]}}