{"id":17561,"date":"2022-04-07T12:19:46","date_gmt":"2022-04-07T11:19:46","guid":{"rendered":"https:\/\/www.topo-gps.com\/carte-topographique-de-la-slovenie\/"},"modified":"2023-03-19T20:54:57","modified_gmt":"2023-03-19T19:54:57","slug":"carte-topographique-de-la-slovenie","status":"publish","type":"page","link":"https:\/\/www.topo-gps.com\/fr\/carte-topographique-de-la-slovenie\/","title":{"rendered":"Carte topographique de la Slov\u00e9nie"},"content":{"rendered":"<div class=\"wpb-content-wrapper\"><p>[vc_section enable_inner=&#8221;yes&#8221; section_type=&#8221;hero&#8221; inner_margin_top=&#8221;mt-100&#8243; parallax_image_attachment=&#8221;inherit&#8221; padding_class=&#8221;wide-100&#8243; css=&#8221;.vc_custom_1649338415956{background-image: url(https:\/\/www.topo-gps.com\/wp-content\/uploads\/2022\/04\/68WBpTT8yutv.jpg?id=18507) !important;background-position: center !important;background-repeat: no-repeat !important;background-size: cover !important;}&#8221;][vc_row parallax_image_attachment=&#8221;inherit&#8221; css=&#8221;.vc_custom_1639602296513{padding-top: 20px !important;padding-bottom: 20px !important;}&#8221;][vc_column width=&#8221;1\/2&#8243; css=&#8221;.vc_custom_1639603345318{margin-bottom: 20px !important;}&#8221;]\r\n        <div class=\"vc_custom_1649336855315  hero-txt\"> \r\n            \r\n                     \r\n            <h3 class=\"white-color h3-sm none  wow perch-fadeInUp fadeInUp\" style=\"font-weight: bold;\" data-wow-delay=\"300ms\" data-wow-duration=\"1200ms\">Carte topographique de la Slov\u00e9nie sur votre iPhone, t\u00e9l\u00e9phone Android et Apple Watch<\/h3>\r\n             \r\n            \r\n                        \r\n                        \r\n            \r\n                        \r\n                        \r\n                  \r\n        <\/div>[vc_row_inner][vc_column_inner width=&#8221;1\/2&#8243; css=&#8221;.vc_custom_1639605647058{padding-top: 10px !important;padding-bottom: 10px !important;}&#8221;]\r\n        <div class=\"hero-img  wow perch-fadeInUp fadeInUp text-center\" data-wow-delay=\"300ms\" data-wow-duration=\"1200ms\"> \r\n        <a href=\"https:\/\/apps.apple.com\/gb\/app\/topo-gps\/id578960575\" target=\"_self\" class=\"vc_single_image-wrapper  \"><img loading=\"lazy\" decoding=\"async\" class=\"vc_single_image-img img-fluid\" width=\"160\" height=\"50\"  src=\"https:\/\/www.topo-gps.com\/wp-content\/themes\/appset\/images\/appstore.png\" alt=\"External image\" \/><\/a>\r\n        <\/div>[\/vc_column_inner][vc_column_inner width=&#8221;1\/2&#8243; css=&#8221;.vc_custom_1639605658368{padding-top: 10px !important;padding-bottom: 10px !important;}&#8221;]\r\n        <div class=\"hero-img  wow perch-fadeInUp fadeInUp text-center\" data-wow-delay=\"300ms\" data-wow-duration=\"1200ms\"> \r\n        <a href=\"https:\/\/play.google.com\/store\/apps\/details?id=uk.rdzl.topo.gps&amp;hl=en\" target=\"_self\" class=\"vc_single_image-wrapper  \"><img loading=\"lazy\" decoding=\"async\" class=\"vc_single_image-img img-fluid\" width=\"171\" height=\"50\"  src=\"https:\/\/www.topo-gps.com\/wp-content\/themes\/appset\/images\/googleplay.png\" alt=\"External image\" \/><\/a>\r\n        <\/div>[\/vc_column_inner][\/vc_row_inner][\/vc_column][vc_column width=&#8221;1\/2&#8243; css=&#8221;.vc_custom_1639603183972{padding-top: 40px !important;padding-bottom: 40px !important;}&#8221;]\r\n        <div class=\"hero-img  wow perch-fadeInUp fadeInUp\" data-wow-delay=\"300ms\" data-wow-duration=\"1200ms\"> \r\n        <img loading=\"lazy\" decoding=\"async\" class=\"vc_single_image-img img-fluid\" width=\"560\" height=\"604\"  src=\"https:\/\/www.topo-gps.com\/wp-content\/uploads\/2022\/04\/si-map1.png\" alt=\"External image\" \/>\r\n        <\/div>[\/vc_column][\/vc_row][\/vc_section][vc_section][vc_row][vc_column]\r\n        <div class=\"section-title  wow perch-fadeInUp fadeInUp text-center\" data-wow-delay=\"300ms\" data-wow-duration=\"1200ms\">\r\n            <h2 class=\"h2-sm\">Meilleures cartes de plein air pour la Slov\u00e9nie<\/h2>\r\n            <p class=\"p-lg\">Les cartes topographiques officielles sont les meilleures cartes de plein air pour la Slov\u00e9nie.<\/p>         \r\n        <\/div>[vc_column_text]La Slov\u00e9nie est un petit pays avec une abondance de beaut\u00e9 naturelle, ce qui en fait une destination populaire pour les amateurs de plein air. De la randonn\u00e9e au ski en passant par le rafting et l&#8217;escalade, il y a toujours quelque chose \u00e0 faire dans les grands espaces slov\u00e8nes.<\/p>\n<p>La randonn\u00e9e est une activit\u00e9 populaire en Slov\u00e9nie, avec de nombreux sentiers bien balis\u00e9s qui emm\u00e8nent les visiteurs \u00e0 travers certains des paysages les plus \u00e9poustouflants du pays. Les Alpes juliennes, par exemple, offrent de nombreux sentiers de randonn\u00e9e qui offrent une vue imprenable sur les montagnes et les vall\u00e9es environnantes. Parmi les autres destinations de randonn\u00e9e populaires, citons le parc national du Triglav, la vall\u00e9e de la So\u010da et la r\u00e9gion du Karst.<\/p>\n<p>Le ski et le snowboard sont \u00e9galement des activit\u00e9s populaires en Slov\u00e9nie, avec plusieurs stations de ski situ\u00e9es dans tout le pays. La station de ski de Kranjska Gora, par exemple, est une destination populaire pour les skieurs et les snowboarders, offrant une vue imprenable sur les Alpes juliennes. Les autres stations de ski populaires incluent Vogel, Krvavec et Rogla.<\/p>\n<p>En \u00e9t\u00e9, les rivi\u00e8res slov\u00e8nes offrent de nombreuses possibilit\u00e9s de sports nautiques comme le rafting, le kayak et le canyoning. La rivi\u00e8re So\u010da, par exemple, est une destination populaire pour le rafting et le kayak, offrant une vue imprenable sur les montagnes environnantes et une eau cristalline. Les autres destinations de sports nautiques populaires incluent la rivi\u00e8re Kolpa, la rivi\u00e8re Savinja et la rivi\u00e8re Drava.<\/p>\n<p>Pour ceux qui recherchent un d\u00e9fi, l&#8217;escalade et la via ferrata sont \u00e9galement des activit\u00e9s populaires en Slov\u00e9nie. Le parc national du Triglav, par exemple, propose de nombreuses voies d&#8217;escalade pour les d\u00e9butants et les grimpeurs confirm\u00e9s. Les autres destinations d&#8217;escalade populaires incluent les Alpes de Kamnik-Savinja, les collines de \u0160kofja Loka et le parc national de Paklenica en Croatie voisine.<\/p>\n<p>Dans l&#8217;ensemble, les paysages naturels \u00e9poustouflants de la Slov\u00e9nie, ses habitants sympathiques et ses infrastructures de plein air bien d\u00e9velopp\u00e9es en font une destination incontournable pour les amateurs de plein air. Qu&#8217;il s&#8217;agisse de randonn\u00e9e, de ski, de rafting ou d&#8217;escalade, il y a toujours quelque chose \u00e0 faire dans les grands espaces slov\u00e8nes.[\/vc_column_text][\/vc_column][\/vc_row][vc_row][vc_column width=&#8221;1\/2&#8243;][vc_single_image custom_src=&#8221;https:\/\/www.topo-gps.com\/wp-content\/uploads\/2022\/04\/si-map2.jpg&#8221; external_img_size=&#8221;391&#215;600&#8243; alignment=&#8221;center&#8221;][\/vc_column][vc_column width=&#8221;1\/2&#8243;][vc_row_inner][vc_column_inner width=&#8221;1\/2&#8243;]\r\n        <div class=\"wow perch-fadeInUp fadeInUp fbox\" data-wow-delay=\"300ms\" data-wow-duration=\"1200ms\"> \r\n            <div class=\"fbox grey-color-box\">\r\n                <div class=\"grey-color-icon b-icon box-icon-md\"><span class=\" grey-color\"><\/span><\/div>  \r\n                <div class=\"fbox-txt\">    \r\n                    <h5 class=\"h5-sm\">Carte topographique<\/h5>\r\n                    <p class=\"grey-color\">Une carte topographique contient de nombreux d\u00e9tails tels que les contours de hauteur, les petites routes et l'utilisation des terres et est donc id\u00e9ale pour naviguer \u00e0 l'ext\u00e9rieur.<\/p>\r\n                    \r\n                <\/div> \r\n            <\/div>        \r\n        <\/div>\r\n        <div class=\"wow perch-fadeInUp fadeInUp fbox\" data-wow-delay=\"300ms\" data-wow-duration=\"1200ms\"> \r\n            <div class=\"fbox grey-color-box\">\r\n                <div class=\"grey-color-icon b-icon box-icon-md\"><span class=\" grey-color\"><\/span><\/div>  \r\n                <div class=\"fbox-txt\">    \r\n                    <h5 class=\"h5-sm\">DTK 50<\/h5>\r\n                    <p class=\"grey-color\">Dans Topo GPS, vous pouvez acheter la meilleure carte topographique de Slov\u00e9nie, la DTK 50 (\u00e9chelle 1:50 000). Le DTK 50 est produit par l'Autorit\u00e9 d'arpentage et de cartographie de la R\u00e9publique de Slov\u00e9nie.<\/p>\r\n                    \r\n                <\/div> \r\n            <\/div>        \r\n        <\/div>\r\n        <div class=\"wow perch-fadeInUp fadeInUp fbox\" data-wow-delay=\"300ms\" data-wow-duration=\"1200ms\"> \r\n            <div class=\"fbox grey-color-box\">\r\n                <div class=\"grey-color-icon b-icon box-icon-md\"><span class=\" grey-color\"><\/span><\/div>  \r\n                <div class=\"fbox-txt\">    \r\n                    <h5 class=\"h5-sm\">Tarification<\/h5>\r\n                    <p class=\"grey-color\">L'acc\u00e8s complet \u00e0 la carte topographique DTK 50 compl\u00e8te co\u00fbte 3,99 \u20ac en Topo GPS. Les futures mises \u00e0 jour gratuites sont incluses. La carte est disponible sur tous les appareils qui utilisent le m\u00eame identifiant Apple ou compte Google Play.<\/p>\r\n                    \r\n                <\/div> \r\n            <\/div>        \r\n        <\/div>[\/vc_column_inner][vc_column_inner width=&#8221;1\/2&#8243;]\r\n        <div class=\"wow perch-fadeInUp fadeInUp fbox\" data-wow-delay=\"300ms\" data-wow-duration=\"1200ms\"> \r\n            <div class=\"fbox grey-color-box\">\r\n                <div class=\"grey-color-icon b-icon box-icon-md\"><span class=\" grey-color\"><\/span><\/div>  \r\n                <div class=\"fbox-txt\">    \r\n                    <h5 class=\"h5-sm\">Cartes hors ligne<\/h5>\r\n                    <p class=\"grey-color\">Vous pouvez rendre les cartes topographiques disponibles hors ligne. De cette fa\u00e7on, vous \u00eates s\u00fbr que les cartes dont vous avez besoin sont toujours accessibles.<\/p>\r\n                    \r\n                <\/div> \r\n            <\/div>        \r\n        <\/div>\r\n        <div class=\"wow perch-fadeInUp fadeInUp fbox\" data-wow-delay=\"300ms\" data-wow-duration=\"1200ms\"> \r\n            <div class=\"fbox grey-color-box\">\r\n                <div class=\"grey-color-icon b-icon box-icon-md\"><span class=\" grey-color\"><\/span><\/div>  \r\n                <div class=\"fbox-txt\">    \r\n                    <h5 class=\"h5-sm\">Effacer la l\u00e9gende<\/h5>\r\n                    <p class=\"grey-color\">La carte topographique a une l\u00e9gende claire avec des explications de tous les symboles.<\/p>\r\n                    \r\n                <\/div> \r\n            <\/div>        \r\n        <\/div>\r\n        <div class=\"wow perch-fadeInUp fadeInUp fbox\" data-wow-delay=\"300ms\" data-wow-duration=\"1200ms\"> \r\n            <div class=\"fbox grey-color-box\">\r\n                <div class=\"grey-color-icon b-icon box-icon-md\"><span class=\" grey-color\"><\/span><\/div>  \r\n                <div class=\"fbox-txt\">    \r\n                    <h5 class=\"h5-sm\">Application GPS Topo<\/h5>\r\n                    <p class=\"grey-color\">L'application Topo GPS offre de nombreuses fonctionnalit\u00e9s suppl\u00e9mentaires utiles \u00e0 la carte topographique. Comme naviguer, charger, planifier et suivre des itin\u00e9raires et ajouter des points \u00e0 la carte. Topo GPS contient toutes les fonctions d'un appareil GPS ordinaire.<\/p>\r\n                    \r\n                <\/div> \r\n            <\/div>        \r\n        <\/div>[\/vc_column_inner][\/vc_row_inner][\/vc_column][\/vc_row][\/vc_section][vc_section][vc_row][vc_column]\r\n        <div class=\"section-title  wow perch-fadeInUp fadeInUp text-center\" data-wow-delay=\"300ms\" data-wow-duration=\"1200ms\">\r\n            <h2 class=\"h2-sm\">Quelle carte pr\u00e9f\u00e9rez-vous pour explorer le plein air&amp;nbsp;?<\/h2>\r\n            <p class=\"p-lg\">Comparez-vous<\/p>         \r\n        <\/div>[vc_row_inner][vc_column_inner width=&#8221;1\/3&#8243;][vc_column_text]<\/p>\n<h3 style=\"text-align: center;\">Google Maps<\/h3>\n<p>[\/vc_column_text][vc_single_image custom_src=&#8221;https:\/\/www.topo-gps.com\/wp-content\/uploads\/2022\/04\/si-gm.jpg&#8221; external_img_size=&#8221;277&#215;560&#8243; alignment=&#8221;center&#8221;][\/vc_column_inner][vc_column_inner width=&#8221;1\/3&#8243;][vc_column_text]<\/p>\n<h3 style=\"text-align: center;\">OpenStreetMap<\/h3>\n<p>[\/vc_column_text][vc_single_image custom_src=&#8221;https:\/\/www.topo-gps.com\/wp-content\/uploads\/2022\/04\/si-osm.jpg&#8221; external_img_size=&#8221;277&#215;560&#8243; alignment=&#8221;center&#8221;][\/vc_column_inner][vc_column_inner width=&#8221;1\/3&#8243;][vc_column_text]<\/p>\n<h3 style=\"text-align: center;\">Carte topographique<\/h3>\n<p>[\/vc_column_text][vc_single_image custom_src=&#8221;https:\/\/www.topo-gps.com\/wp-content\/uploads\/2022\/04\/si-tg.jpg&#8221; external_img_size=&#8221;277&#215;560&#8243; alignment=&#8221;center&#8221;][\/vc_column_inner][\/vc_row_inner][\/vc_column][\/vc_row][\/vc_section][vc_section section_type=&#8221;hero&#8221; hero_type=&#8221;1&#8243; parallax_image_attachment=&#8221;fixed&#8221; padding_class=&#8221;&#8221;][vc_row content_placement=&#8221;&#8221; parallax_image_attachment=&#8221;inherit&#8221;][vc_column width=&#8221;1\/2&#8243; column_inner_style=&#8221;hero-txt&#8221; hero_txt_type=&#8221;1&#8243;]\r\n        <div class=\"hero-txt\"> \r\n            \r\n            <h2 class=\" wow perch-fadeInUp fadeInUp\" data-wow-delay=\"300ms\" data-wow-duration=\"1200ms\">Topo GPS<\/h2>         \r\n            <h3 class=\"h3-sm  wow perch-fadeInUp fadeInUp\" data-wow-delay=\"400ms\" data-wow-duration=\"1200ms\">Transformez votre iPhone, t\u00e9l\u00e9phone ou tablette Android en un appareil GPS complet avec des cartes topographiques disponibles hors ligne.<\/h3>\r\n             \r\n            \r\n                        \r\n                        \r\n            \r\n                        \r\n                        \r\n                  \r\n        <\/div>[vc_row_inner][vc_column_inner width=&#8221;1\/2&#8243; css=&#8221;.vc_custom_1639605647058{padding-top: 10px !important;padding-bottom: 10px !important;}&#8221;]\r\n        <div class=\"hero-img  wow perch-fadeInUp fadeInUp text-center\" data-wow-delay=\"300ms\" data-wow-duration=\"1200ms\"> \r\n        <a href=\"https:\/\/apps.apple.com\/gb\/app\/topo-gps\/id578960575\" target=\"_self\" class=\"vc_single_image-wrapper  \"><img loading=\"lazy\" decoding=\"async\" class=\"vc_single_image-img img-fluid\" width=\"160\" height=\"50\"  src=\"https:\/\/www.topo-gps.com\/wp-content\/themes\/appset\/images\/appstore.png\" alt=\"External image\" \/><\/a>\r\n        <\/div>[\/vc_column_inner][vc_column_inner width=&#8221;1\/2&#8243; css=&#8221;.vc_custom_1639605658368{padding-top: 10px !important;padding-bottom: 10px !important;}&#8221;]\r\n        <div class=\"hero-img  wow perch-fadeInUp fadeInUp text-center\" data-wow-delay=\"300ms\" data-wow-duration=\"1200ms\"> \r\n        <a href=\"https:\/\/play.google.com\/store\/apps\/details?id=uk.rdzl.topo.gps&amp;hl=en\" target=\"_self\" class=\"vc_single_image-wrapper  \"><img loading=\"lazy\" decoding=\"async\" class=\"vc_single_image-img img-fluid\" width=\"171\" height=\"50\"  src=\"https:\/\/www.topo-gps.com\/wp-content\/themes\/appset\/images\/googleplay.png\" alt=\"External image\" \/><\/a>\r\n        <\/div>[\/vc_column_inner][\/vc_row_inner][\/vc_column][vc_column width=&#8221;1\/2&#8243;]\r\n        <div class=\"wow perch-fadeInRight fadeInRight hero-1-img\" data-wow-delay=\"300ms\" data-wow-duration=\"1200ms\"> \r\n        <img decoding=\"async\" class=\"vc_single_image-img img-fluid\"  src=\"https:\/\/www.topo-gps.com\/wp-content\/uploads\/2022\/04\/si-main1.png\" alt=\"External image\" \/>\r\n        <\/div>[\/vc_column][\/vc_row][\/vc_section]<\/p>\n<\/div>","protected":false},"excerpt":{"rendered":"<p>[vc_section enable_inner=&#8221;yes&#8221; section_type=&#8221;hero&#8221; inner_margin_top=&#8221;mt-100&#8243; parallax_image_attachment=&#8221;inherit&#8221; padding_class=&#8221;wide-100&#8243; css=&#8221;.vc_custom_1649338415956{background-image: url(https:\/\/www.topo-gps.com\/wp-content\/uploads\/2022\/04\/68WBpTT8yutv.jpg?id=18507) !important;background-position: center !important;background-repeat: no-repeat !important;background-size: cover !important;}&#8221;][vc_row parallax_image_attachment=&#8221;inherit&#8221; css=&#8221;.vc_custom_1639602296513{padding-top: 20px !important;padding-bottom: 20px !important;}&#8221;][vc_column width=&#8221;1\/2&#8243; css=&#8221;.vc_custom_1639603345318{margin-bottom: 20px !important;}&#8221;][vc_row_inner][vc_column_inner width=&#8221;1\/2&#8243; css=&#8221;.vc_custom_1639605647058{padding-top: 10px !important;padding-bottom: 10px !important;}&#8221;][\/vc_column_inner][vc_column_inner width=&#8221;1\/2&#8243; css=&#8221;.vc_custom_1639605658368{padding-top: 10px !important;padding-bottom: 10px !important;}&#8221;][\/vc_column_inner][\/vc_row_inner][\/vc_column][vc_column width=&#8221;1\/2&#8243; css=&#8221;.vc_custom_1639603183972{padding-top: 40px !important;padding-bottom: 40px !important;}&#8221;][\/vc_column][\/vc_row][\/vc_section][vc_section][vc_row][vc_column][vc_column_text]La Slov\u00e9nie est un petit pays avec une abondance de beaut\u00e9 naturelle, ce qui en fait une destination populaire pour les amateurs de plein air. De la randonn\u00e9e au ski en passant par le rafting et l&#8217;escalade, il y a toujours quelque chose \u00e0 faire dans les grands espaces slov\u00e8nes. La randonn\u00e9e est une activit\u00e9 populaire en Slov\u00e9nie,&#8230;<\/p>\n","protected":false},"author":1,"featured_media":0,"parent":0,"menu_order":0,"comment_status":"closed","ping_status":"closed","template":"","meta":{"footnotes":""},"class_list":["post-17561","page","type-page","status-publish","hentry","no-post-thumbnail"],"yoast_head":"<!-- This site is optimized with the Yoast SEO plugin v27.5 - https:\/\/yoast.com\/product\/yoast-seo-wordpress\/ -->\n<title>Carte topographique de la Slov\u00e9nie - Topo GPS<\/title>\n<meta name=\"robots\" content=\"index, follow, max-snippet:-1, max-image-preview:large, max-video-preview:-1\" \/>\n<link rel=\"canonical\" href=\"https:\/\/www.topo-gps.com\/fr\/carte-topographique-de-la-slovenie\/\" \/>\n<meta property=\"og:locale\" content=\"fr_FR\" \/>\n<meta property=\"og:type\" content=\"article\" \/>\n<meta property=\"og:title\" content=\"Carte topographique de la Slov\u00e9nie - Topo GPS\" \/>\n<meta property=\"og:description\" content=\"[vc_section enable_inner=&#8221;yes&#8221; section_type=&#8221;hero&#8221; inner_margin_top=&#8221;mt-100&#8243; parallax_image_attachment=&#8221;inherit&#8221; padding_class=&#8221;wide-100&#8243; css=&#8221;.vc_custom_1649338415956{background-image: url(https:\/\/www.topo-gps.com\/wp-content\/uploads\/2022\/04\/68WBpTT8yutv.jpg?id=18507) !important;background-position: center !important;background-repeat: no-repeat !important;background-size: cover !important;}&#8221;][vc_row parallax_image_attachment=&#8221;inherit&#8221; css=&#8221;.vc_custom_1639602296513{padding-top: 20px !important;padding-bottom: 20px !important;}&#8221;][vc_column width=&#8221;1\/2&#8243; css=&#8221;.vc_custom_1639603345318{margin-bottom: 20px !important;}&#8221;][vc_row_inner][vc_column_inner width=&#8221;1\/2&#8243; css=&#8221;.vc_custom_1639605647058{padding-top: 10px !important;padding-bottom: 10px !important;}&#8221;][\/vc_column_inner][vc_column_inner width=&#8221;1\/2&#8243; css=&#8221;.vc_custom_1639605658368{padding-top: 10px !important;padding-bottom: 10px !important;}&#8221;][\/vc_column_inner][\/vc_row_inner][\/vc_column][vc_column width=&#8221;1\/2&#8243; css=&#8221;.vc_custom_1639603183972{padding-top: 40px !important;padding-bottom: 40px !important;}&#8221;][\/vc_column][\/vc_row][\/vc_section][vc_section][vc_row][vc_column][vc_column_text]La Slov\u00e9nie est un petit pays avec une abondance de beaut\u00e9 naturelle, ce qui en fait une destination populaire pour les amateurs de plein air. De la randonn\u00e9e au ski en passant par le rafting et l&#8217;escalade, il y a toujours quelque chose \u00e0 faire dans les grands espaces slov\u00e8nes. La randonn\u00e9e est une activit\u00e9 populaire en Slov\u00e9nie,...\" \/>\n<meta property=\"og:url\" content=\"https:\/\/www.topo-gps.com\/fr\/carte-topographique-de-la-slovenie\/\" \/>\n<meta property=\"og:site_name\" content=\"Topo GPS\" \/>\n<meta property=\"article:modified_time\" content=\"2023-03-19T19:54:57+00:00\" \/>\n<meta name=\"twitter:card\" content=\"summary_large_image\" \/>\n<meta name=\"twitter:label1\" content=\"Dur\u00e9e de lecture estim\u00e9e\" \/>\n\t<meta name=\"twitter:data1\" content=\"7 minutes\" \/>\n<script type=\"application\/ld+json\" class=\"yoast-schema-graph\">{\"@context\":\"https:\\\/\\\/schema.org\",\"@graph\":[{\"@type\":\"WebPage\",\"@id\":\"https:\\\/\\\/www.topo-gps.com\\\/fr\\\/carte-topographique-de-la-slovenie\\\/\",\"url\":\"https:\\\/\\\/www.topo-gps.com\\\/fr\\\/carte-topographique-de-la-slovenie\\\/\",\"name\":\"Carte topographique de la Slov\u00e9nie - Topo GPS\",\"isPartOf\":{\"@id\":\"https:\\\/\\\/www.topo-gps.com\\\/fr\\\/#website\"},\"datePublished\":\"2022-04-07T11:19:46+00:00\",\"dateModified\":\"2023-03-19T19:54:57+00:00\",\"breadcrumb\":{\"@id\":\"https:\\\/\\\/www.topo-gps.com\\\/fr\\\/carte-topographique-de-la-slovenie\\\/#breadcrumb\"},\"inLanguage\":\"fr-FR\",\"potentialAction\":[{\"@type\":\"ReadAction\",\"target\":[\"https:\\\/\\\/www.topo-gps.com\\\/fr\\\/carte-topographique-de-la-slovenie\\\/\"]}]},{\"@type\":\"BreadcrumbList\",\"@id\":\"https:\\\/\\\/www.topo-gps.com\\\/fr\\\/carte-topographique-de-la-slovenie\\\/#breadcrumb\",\"itemListElement\":[{\"@type\":\"ListItem\",\"position\":1,\"name\":\"Home\",\"item\":\"https:\\\/\\\/www.topo-gps.com\\\/fr\\\/top-gps\\\/\"},{\"@type\":\"ListItem\",\"position\":2,\"name\":\"Carte topographique de la Slov\u00e9nie\"}]},{\"@type\":\"WebSite\",\"@id\":\"https:\\\/\\\/www.topo-gps.com\\\/fr\\\/#website\",\"url\":\"https:\\\/\\\/www.topo-gps.com\\\/fr\\\/\",\"name\":\"Topo GPS\",\"description\":\"Topographic maps GPS for iPhone, Android, iPad and Apple Watch\",\"potentialAction\":[{\"@type\":\"SearchAction\",\"target\":{\"@type\":\"EntryPoint\",\"urlTemplate\":\"https:\\\/\\\/www.topo-gps.com\\\/fr\\\/?s={search_term_string}\"},\"query-input\":{\"@type\":\"PropertyValueSpecification\",\"valueRequired\":true,\"valueName\":\"search_term_string\"}}],\"inLanguage\":\"fr-FR\"}]}<\/script>\n<!-- \/ Yoast SEO plugin. -->","yoast_head_json":{"title":"Carte topographique de la Slov\u00e9nie - Topo GPS","robots":{"index":"index","follow":"follow","max-snippet":"max-snippet:-1","max-image-preview":"max-image-preview:large","max-video-preview":"max-video-preview:-1"},"canonical":"https:\/\/www.topo-gps.com\/fr\/carte-topographique-de-la-slovenie\/","og_locale":"fr_FR","og_type":"article","og_title":"Carte topographique de la Slov\u00e9nie - Topo GPS","og_description":"[vc_section enable_inner=&#8221;yes&#8221; section_type=&#8221;hero&#8221; inner_margin_top=&#8221;mt-100&#8243; parallax_image_attachment=&#8221;inherit&#8221; padding_class=&#8221;wide-100&#8243; css=&#8221;.vc_custom_1649338415956{background-image: url(https:\/\/www.topo-gps.com\/wp-content\/uploads\/2022\/04\/68WBpTT8yutv.jpg?id=18507) !important;background-position: center !important;background-repeat: no-repeat !important;background-size: cover !important;}&#8221;][vc_row parallax_image_attachment=&#8221;inherit&#8221; css=&#8221;.vc_custom_1639602296513{padding-top: 20px !important;padding-bottom: 20px !important;}&#8221;][vc_column width=&#8221;1\/2&#8243; css=&#8221;.vc_custom_1639603345318{margin-bottom: 20px !important;}&#8221;][vc_row_inner][vc_column_inner width=&#8221;1\/2&#8243; css=&#8221;.vc_custom_1639605647058{padding-top: 10px !important;padding-bottom: 10px !important;}&#8221;][\/vc_column_inner][vc_column_inner width=&#8221;1\/2&#8243; css=&#8221;.vc_custom_1639605658368{padding-top: 10px !important;padding-bottom: 10px !important;}&#8221;][\/vc_column_inner][\/vc_row_inner][\/vc_column][vc_column width=&#8221;1\/2&#8243; css=&#8221;.vc_custom_1639603183972{padding-top: 40px !important;padding-bottom: 40px !important;}&#8221;][\/vc_column][\/vc_row][\/vc_section][vc_section][vc_row][vc_column][vc_column_text]La Slov\u00e9nie est un petit pays avec une abondance de beaut\u00e9 naturelle, ce qui en fait une destination populaire pour les amateurs de plein air. De la randonn\u00e9e au ski en passant par le rafting et l&#8217;escalade, il y a toujours quelque chose \u00e0 faire dans les grands espaces slov\u00e8nes. La randonn\u00e9e est une activit\u00e9 populaire en Slov\u00e9nie,...","og_url":"https:\/\/www.topo-gps.com\/fr\/carte-topographique-de-la-slovenie\/","og_site_name":"Topo GPS","article_modified_time":"2023-03-19T19:54:57+00:00","twitter_card":"summary_large_image","twitter_misc":{"Dur\u00e9e de lecture estim\u00e9e":"7 minutes"},"schema":{"@context":"https:\/\/schema.org","@graph":[{"@type":"WebPage","@id":"https:\/\/www.topo-gps.com\/fr\/carte-topographique-de-la-slovenie\/","url":"https:\/\/www.topo-gps.com\/fr\/carte-topographique-de-la-slovenie\/","name":"Carte topographique de la Slov\u00e9nie - Topo GPS","isPartOf":{"@id":"https:\/\/www.topo-gps.com\/fr\/#website"},"datePublished":"2022-04-07T11:19:46+00:00","dateModified":"2023-03-19T19:54:57+00:00","breadcrumb":{"@id":"https:\/\/www.topo-gps.com\/fr\/carte-topographique-de-la-slovenie\/#breadcrumb"},"inLanguage":"fr-FR","potentialAction":[{"@type":"ReadAction","target":["https:\/\/www.topo-gps.com\/fr\/carte-topographique-de-la-slovenie\/"]}]},{"@type":"BreadcrumbList","@id":"https:\/\/www.topo-gps.com\/fr\/carte-topographique-de-la-slovenie\/#breadcrumb","itemListElement":[{"@type":"ListItem","position":1,"name":"Home","item":"https:\/\/www.topo-gps.com\/fr\/top-gps\/"},{"@type":"ListItem","position":2,"name":"Carte topographique de la Slov\u00e9nie"}]},{"@type":"WebSite","@id":"https:\/\/www.topo-gps.com\/fr\/#website","url":"https:\/\/www.topo-gps.com\/fr\/","name":"Topo GPS","description":"Topographic maps GPS for iPhone, Android, iPad and Apple Watch","potentialAction":[{"@type":"SearchAction","target":{"@type":"EntryPoint","urlTemplate":"https:\/\/www.topo-gps.com\/fr\/?s={search_term_string}"},"query-input":{"@type":"PropertyValueSpecification","valueRequired":true,"valueName":"search_term_string"}}],"inLanguage":"fr-FR"}]}},"_links":{"self":[{"href":"https:\/\/www.topo-gps.com\/fr\/wp-json\/wp\/v2\/pages\/17561","targetHints":{"allow":["GET"]}}],"collection":[{"href":"https:\/\/www.topo-gps.com\/fr\/wp-json\/wp\/v2\/pages"}],"about":[{"href":"https:\/\/www.topo-gps.com\/fr\/wp-json\/wp\/v2\/types\/page"}],"author":[{"embeddable":true,"href":"https:\/\/www.topo-gps.com\/fr\/wp-json\/wp\/v2\/users\/1"}],"replies":[{"embeddable":true,"href":"https:\/\/www.topo-gps.com\/fr\/wp-json\/wp\/v2\/comments?post=17561"}],"version-history":[{"count":0,"href":"https:\/\/www.topo-gps.com\/fr\/wp-json\/wp\/v2\/pages\/17561\/revisions"}],"wp:attachment":[{"href":"https:\/\/www.topo-gps.com\/fr\/wp-json\/wp\/v2\/media?parent=17561"}],"curies":[{"name":"wp","href":"https:\/\/api.w.org\/{rel}","templated":true}]}}