{"id":14880,"date":"2022-04-06T15:09:15","date_gmt":"2022-04-06T14:09:15","guid":{"rendered":"https:\/\/www.topo-gps.com\/carte-topographique-de-lautriche\/"},"modified":"2024-03-14T17:33:22","modified_gmt":"2024-03-14T16:33:22","slug":"carte-topographique-de-lautriche","status":"publish","type":"page","link":"https:\/\/www.topo-gps.com\/fr\/carte-topographique-de-lautriche\/","title":{"rendered":"Carte topographique de l&#8217;Autriche"},"content":{"rendered":"<div class=\"wpb-content-wrapper\"><p>[vc_section enable_inner=&#8221;yes&#8221; section_type=&#8221;hero&#8221; inner_margin_top=&#8221;mt-100&#8243; parallax_image_attachment=&#8221;inherit&#8221; padding_class=&#8221;wide-100&#8243; css=&#8221;.vc_custom_1649256153885{background-image: url(https:\/\/www.topo-gps.com\/wp-content\/uploads\/2022\/04\/z8l3pOHczbYa.jpg?id=15472) !important;background-position: center !important;background-repeat: no-repeat !important;background-size: cover !important;}&#8221;][vc_row parallax_image_attachment=&#8221;inherit&#8221; css=&#8221;.vc_custom_1639602296513{padding-top: 20px !important;padding-bottom: 20px !important;}&#8221;][vc_column width=&#8221;1\/2&#8243; css=&#8221;.vc_custom_1639603345318{margin-bottom: 20px !important;}&#8221;]\r\n        <div class=\"vc_custom_1649256165371  hero-txt\"> \r\n            \r\n                     \r\n            <h3 class=\"white-color h3-sm none  wow perch-fadeInUp fadeInUp\" style=\"font-weight: bold;\" data-wow-delay=\"300ms\" data-wow-duration=\"1200ms\">Carte topographique de l&apos;Autriche sur votre iPhone, t\u00e9l\u00e9phone Android et Apple Watch<\/h3>\r\n             \r\n            \r\n                        \r\n                        \r\n            \r\n                        \r\n                        \r\n                  \r\n        <\/div>[vc_row_inner][vc_column_inner width=&#8221;1\/2&#8243; css=&#8221;.vc_custom_1639605647058{padding-top: 10px !important;padding-bottom: 10px !important;}&#8221;]\r\n        <div class=\"hero-img  wow perch-fadeInUp fadeInUp text-center\" data-wow-delay=\"300ms\" data-wow-duration=\"1200ms\"> \r\n        <a href=\"https:\/\/apps.apple.com\/gb\/app\/topo-gps\/id578960575\" target=\"_self\" class=\"vc_single_image-wrapper  \"><img loading=\"lazy\" decoding=\"async\" class=\"vc_single_image-img img-fluid\" width=\"160\" height=\"50\"  src=\"https:\/\/www.topo-gps.com\/wp-content\/themes\/appset\/images\/appstore.png\" alt=\"External image\" \/><\/a>\r\n        <\/div>[\/vc_column_inner][vc_column_inner width=&#8221;1\/2&#8243; css=&#8221;.vc_custom_1639605658368{padding-top: 10px !important;padding-bottom: 10px !important;}&#8221;]\r\n        <div class=\"hero-img  wow perch-fadeInUp fadeInUp text-center\" data-wow-delay=\"300ms\" data-wow-duration=\"1200ms\"> \r\n        <a href=\"https:\/\/play.google.com\/store\/apps\/details?id=uk.rdzl.topo.gps&amp;hl=en\" target=\"_self\" class=\"vc_single_image-wrapper  \"><img loading=\"lazy\" decoding=\"async\" class=\"vc_single_image-img img-fluid\" width=\"171\" height=\"50\"  src=\"https:\/\/www.topo-gps.com\/wp-content\/themes\/appset\/images\/googleplay.png\" alt=\"External image\" \/><\/a>\r\n        <\/div>[\/vc_column_inner][\/vc_row_inner][\/vc_column][vc_column width=&#8221;1\/2&#8243; css=&#8221;.vc_custom_1639603183972{padding-top: 40px !important;padding-bottom: 40px !important;}&#8221;]\r\n        <div class=\"hero-img  wow perch-fadeInUp fadeInUp\" data-wow-delay=\"300ms\" data-wow-duration=\"1200ms\"> \r\n        <img loading=\"lazy\" decoding=\"async\" class=\"vc_single_image-img img-fluid\" width=\"560\" height=\"604\"  src=\"https:\/\/www.topo-gps.com\/wp-content\/uploads\/2022\/04\/at-map1.png\" alt=\"External image\" \/>\r\n        <\/div>[\/vc_column][\/vc_row][\/vc_section][vc_section][vc_row][vc_column]\r\n        <div class=\"section-title  wow perch-fadeInUp fadeInUp text-center\" data-wow-delay=\"300ms\" data-wow-duration=\"1200ms\">\r\n            <h2 class=\"h2-sm\">Meilleures cartes ext\u00e9rieures pour l&apos;Autriche<\/h2>\r\n            <p class=\"p-lg\">Les cartes topographiques officielles sont les meilleures cartes de plein air pour l&apos;Autriche.<\/p>         \r\n        <\/div>[vc_column_text]Topo GPS a des cartes autrichiennes topographiques d\u00e9di\u00e9es qui font de votre t\u00e9l\u00e9phone un appareil GPS pour faire n&#8217;importe quelle activit\u00e9 de plein air. De la randonn\u00e9e au ski. L&#8217;Autriche est connue pour ses superbes paysages alpins, ce qui en fait une destination populaire pour les activit\u00e9s de plein air. Le ski et le snowboard sont parmi les activit\u00e9s les plus populaires en Autriche, avec des stations de ski de classe mondiale telles que St. Anton, Ischgl et Kitzb\u00fchel attirant des visiteurs du monde entier. La saison de ski s&#8217;\u00e9tend g\u00e9n\u00e9ralement de d\u00e9cembre \u00e0 avril et le pays compte plus de 5 000 kilom\u00e8tres de pistes pour tous les niveaux de comp\u00e9tence.<\/p>\n<p>Pendant les mois les plus chauds, la randonn\u00e9e est une activit\u00e9 populaire en Autriche, avec des kilom\u00e8tres de sentiers \u00e0 explorer dans les Alpes et d&#8217;autres r\u00e9gions montagneuses. Il existe des sentiers pour tous les niveaux, des promenades faciles \u00e0 travers des prairies luxuriantes aux randonn\u00e9es difficiles sur les sommets escarp\u00e9s des montagnes. Certaines destinations de randonn\u00e9e populaires incluent la r\u00e9gion des lacs du Salzkammergut, la route alpine du Grossglockner et le parc national du Hohe Tauern.<\/p>\n<p>Le VTT est une autre activit\u00e9 de plein air populaire en Autriche, avec une vari\u00e9t\u00e9 de sentiers et de terrains adapt\u00e9s \u00e0 tous les niveaux de comp\u00e9tence et de forme physique. La r\u00e9gion du Tyrol est particuli\u00e8rement r\u00e9put\u00e9e pour ses sentiers de VTT, avec des descentes difficiles et des vues panoramiques. Parmi les autres destinations populaires, citons la piste cyclable du Danube et la piste cyclable du lac de Neusiedl.<\/p>\n<p>Pour ceux qui recherchent une exp\u00e9rience de plein air plus relaxante, l&#8217;Autriche abrite \u00e9galement de nombreux lacs et rivi\u00e8res pittoresques, o\u00f9 les visiteurs peuvent nager, faire du bateau et p\u00eacher. La r\u00e9gion du Salzkammergut abrite de nombreux lacs pittoresques, tandis que les fleuves Danube et Inn offrent des possibilit\u00e9s de sports nautiques.<\/p>\n<p>Dans l&#8217;ensemble, l&#8217;Autriche offre un large \u00e9ventail d&#8217;activit\u00e9s de plein air aux visiteurs, du ski et du snowboard \u00e0 la randonn\u00e9e et au VTT. Avec ses paysages alpins \u00e9poustouflants et sa beaut\u00e9 naturelle, il y a toujours quelque chose de nouveau et d&#8217;excitant \u00e0 d\u00e9couvrir dans les grands espaces autrichiens.<\/p>\n<p>Avec les cartes cr\u00e9\u00e9es par le BEV ( <a href=\"https:\/\/maps.bev.gv.at\">Bundesamt f\u00fcr Eich- und Vermessungswesen<\/a> ), Kataster Service, vous pouvez explorer toutes les destinations de plein air autrichiennes en toute confiance et m\u00eame sans Internet :-).[\/vc_column_text][\/vc_column][\/vc_row][vc_row][vc_column width=&#8221;1\/2&#8243;][vc_single_image custom_src=&#8221;https:\/\/www.topo-gps.com\/wp-content\/uploads\/2022\/04\/at-map2.jpg&#8221; external_img_size=&#8221;391&#215;600&#8243; alignment=&#8221;center&#8221;][\/vc_column][vc_column width=&#8221;1\/2&#8243;][vc_row_inner][vc_column_inner width=&#8221;1\/2&#8243;]\r\n        <div class=\"wow perch-fadeInUp fadeInUp fbox\" data-wow-delay=\"300ms\" data-wow-duration=\"1200ms\"> \r\n            <div class=\"fbox grey-color-box\">\r\n                <div class=\"grey-color-icon b-icon box-icon-md\"><span class=\" grey-color\"><\/span><\/div>  \r\n                <div class=\"fbox-txt\">    \r\n                    <h5 class=\"h5-sm\">Carte topographique<\/h5>\r\n                    <p class=\"grey-color\">Une carte topographique contient de nombreux d\u00e9tails tels que les contours de hauteur, les petites routes et l&apos;utilisation des terres et est donc id\u00e9ale pour naviguer \u00e0 l&apos;ext\u00e9rieur.<\/p>\r\n                    \r\n                <\/div> \r\n            <\/div>        \r\n        <\/div>\r\n        <div class=\"wow perch-fadeInUp fadeInUp fbox\" data-wow-delay=\"300ms\" data-wow-duration=\"1200ms\"> \r\n            <div class=\"fbox grey-color-box\">\r\n                <div class=\"grey-color-icon b-icon box-icon-md\"><span class=\" grey-color\"><\/span><\/div>  \r\n                <div class=\"fbox-txt\">    \r\n                    <h5 class=\"h5-sm\">KM50-R<\/h5>\r\n                    <p class=\"grey-color\">Dans l&apos;application Topo GPS, vous pouvez acheter la meilleure carte topographique de l&apos;Autriche, les cartes KM50-R 1:50 000 produites par l&apos;Austrian Land National Survey BEV.<\/p>\r\n                    \r\n                <\/div> \r\n            <\/div>        \r\n        <\/div>\r\n        <div class=\"wow perch-fadeInUp fadeInUp fbox\" data-wow-delay=\"300ms\" data-wow-duration=\"1200ms\"> \r\n            <div class=\"fbox grey-color-box\">\r\n                <div class=\"grey-color-icon b-icon box-icon-md\"><span class=\" grey-color\"><\/span><\/div>  \r\n                <div class=\"fbox-txt\">    \r\n                    <h5 class=\"h5-sm\">Tarification<\/h5>\r\n                    <p class=\"grey-color\">L&apos;acc\u00e8s complet \u00e0 la carte topographique compl\u00e8te de l&apos;Autriche dans Topo GPS co\u00fbte 3,99 \u20ac. Cela inclut les futures mises \u00e0 jour gratuites.<\/p>\r\n                    \r\n                <\/div> \r\n            <\/div>        \r\n        <\/div>[\/vc_column_inner][vc_column_inner width=&#8221;1\/2&#8243;]\r\n        <div class=\"wow perch-fadeInUp fadeInUp fbox\" data-wow-delay=\"300ms\" data-wow-duration=\"1200ms\"> \r\n            <div class=\"fbox grey-color-box\">\r\n                <div class=\"grey-color-icon b-icon box-icon-md\"><span class=\" grey-color\"><\/span><\/div>  \r\n                <div class=\"fbox-txt\">    \r\n                    <h5 class=\"h5-sm\">Cartes hors ligne<\/h5>\r\n                    <p class=\"grey-color\">Vous pouvez rendre les cartes topographiques disponibles hors ligne. De cette fa\u00e7on, vous \u00eates s\u00fbr que les cartes dont vous avez besoin sont toujours accessibles.<\/p>\r\n                    \r\n                <\/div> \r\n            <\/div>        \r\n        <\/div>\r\n        <div class=\"wow perch-fadeInUp fadeInUp fbox\" data-wow-delay=\"300ms\" data-wow-duration=\"1200ms\"> \r\n            <div class=\"fbox grey-color-box\">\r\n                <div class=\"grey-color-icon b-icon box-icon-md\"><span class=\" grey-color\"><\/span><\/div>  \r\n                <div class=\"fbox-txt\">    \r\n                    <h5 class=\"h5-sm\">Effacer la l\u00e9gende<\/h5>\r\n                    <p class=\"grey-color\">La carte topographique a une l\u00e9gende claire avec des explications de tous les symboles.<\/p>\r\n                    \r\n                <\/div> \r\n            <\/div>        \r\n        <\/div>\r\n        <div class=\"wow perch-fadeInUp fadeInUp fbox\" data-wow-delay=\"300ms\" data-wow-duration=\"1200ms\"> \r\n            <div class=\"fbox grey-color-box\">\r\n                <div class=\"grey-color-icon b-icon box-icon-md\"><span class=\" grey-color\"><\/span><\/div>  \r\n                <div class=\"fbox-txt\">    \r\n                    <h5 class=\"h5-sm\">Application GPS Topo<\/h5>\r\n                    <p class=\"grey-color\">L&apos;application Topo GPS offre de nombreuses fonctionnalit\u00e9s suppl\u00e9mentaires utiles \u00e0 la carte topographique. Comme naviguer, charger, planifier et suivre des itin\u00e9raires et ajouter des points \u00e0 la carte. Topo GPS contient toutes les fonctions d&apos;un appareil GPS ordinaire.<\/p>\r\n                    \r\n                <\/div> \r\n            <\/div>        \r\n        <\/div>[\/vc_column_inner][\/vc_row_inner][\/vc_column][\/vc_row][\/vc_section][vc_section][vc_row][vc_column]\r\n        <div class=\"section-title  wow perch-fadeInUp fadeInUp text-center\" data-wow-delay=\"300ms\" data-wow-duration=\"1200ms\">\r\n            <h2 class=\"h2-sm\">Quelle carte pr\u00e9f\u00e9rez-vous pour explorer le plein air&amp;nbsp;?<\/h2>\r\n            <p class=\"p-lg\">Comparez-vous<\/p>         \r\n        <\/div>[vc_row_inner][vc_column_inner width=&#8221;1\/3&#8243;][vc_column_text]<\/p>\n<h3 style=\"text-align: center;\">Google Maps<\/h3>\n<p>[\/vc_column_text][vc_single_image custom_src=&#8221;https:\/\/www.topo-gps.com\/wp-content\/uploads\/2022\/04\/at-gm.jpg&#8221; external_img_size=&#8221;277&#215;560&#8243; alignment=&#8221;center&#8221;][\/vc_column_inner][vc_column_inner width=&#8221;1\/3&#8243;][vc_column_text]<\/p>\n<h3 style=\"text-align: center;\">OpenStreetMap<\/h3>\n<p>[\/vc_column_text][vc_single_image custom_src=&#8221;https:\/\/www.topo-gps.com\/wp-content\/uploads\/2022\/04\/at-osm.jpg&#8221; external_img_size=&#8221;277&#215;560&#8243; alignment=&#8221;center&#8221;][\/vc_column_inner][vc_column_inner width=&#8221;1\/3&#8243;][vc_column_text]<\/p>\n<h3 style=\"text-align: center;\">Carte topographique<\/h3>\n<p>[\/vc_column_text][vc_single_image custom_src=&#8221;https:\/\/www.topo-gps.com\/wp-content\/uploads\/2022\/04\/at-tg.jpg&#8221; external_img_size=&#8221;277&#215;560&#8243; alignment=&#8221;center&#8221;][\/vc_column_inner][\/vc_row_inner][\/vc_column][\/vc_row][\/vc_section][vc_section section_type=&#8221;hero&#8221; hero_type=&#8221;1&#8243; parallax_image_attachment=&#8221;fixed&#8221; padding_class=&#8221;&#8221;][vc_row content_placement=&#8221;&#8221; parallax_image_attachment=&#8221;inherit&#8221;][vc_column width=&#8221;1\/2&#8243; column_inner_style=&#8221;hero-txt&#8221; hero_txt_type=&#8221;1&#8243;]\r\n        <div class=\"hero-txt\"> \r\n            \r\n            <h2 class=\" wow perch-fadeInUp fadeInUp\" data-wow-delay=\"300ms\" data-wow-duration=\"1200ms\">Topo GPS<\/h2>         \r\n            <h3 class=\"h3-sm  wow perch-fadeInUp fadeInUp\" data-wow-delay=\"400ms\" data-wow-duration=\"1200ms\">Transformez votre iPhone, t\u00e9l\u00e9phone ou tablette Android en un appareil GPS complet avec des cartes topographiques disponibles hors ligne.<\/h3>\r\n             \r\n            \r\n                        \r\n                        \r\n            \r\n                        \r\n                        \r\n                  \r\n        <\/div>[vc_row_inner][vc_column_inner width=&#8221;1\/2&#8243; css=&#8221;.vc_custom_1639605647058{padding-top: 10px !important;padding-bottom: 10px !important;}&#8221;]\r\n        <div class=\"hero-img  wow perch-fadeInUp fadeInUp text-center\" data-wow-delay=\"300ms\" data-wow-duration=\"1200ms\"> \r\n        <a href=\"https:\/\/apps.apple.com\/gb\/app\/topo-gps\/id578960575\" target=\"_self\" class=\"vc_single_image-wrapper  \"><img loading=\"lazy\" decoding=\"async\" class=\"vc_single_image-img img-fluid\" width=\"160\" height=\"50\"  src=\"https:\/\/www.topo-gps.com\/wp-content\/themes\/appset\/images\/appstore.png\" alt=\"External image\" \/><\/a>\r\n        <\/div>[\/vc_column_inner][vc_column_inner width=&#8221;1\/2&#8243; css=&#8221;.vc_custom_1639605658368{padding-top: 10px !important;padding-bottom: 10px !important;}&#8221;]\r\n        <div class=\"hero-img  wow perch-fadeInUp fadeInUp text-center\" data-wow-delay=\"300ms\" data-wow-duration=\"1200ms\"> \r\n        <a href=\"https:\/\/play.google.com\/store\/apps\/details?id=uk.rdzl.topo.gps&amp;hl=en\" target=\"_self\" class=\"vc_single_image-wrapper  \"><img loading=\"lazy\" decoding=\"async\" class=\"vc_single_image-img img-fluid\" width=\"171\" height=\"50\"  src=\"https:\/\/www.topo-gps.com\/wp-content\/themes\/appset\/images\/googleplay.png\" alt=\"External image\" \/><\/a>\r\n        <\/div>[\/vc_column_inner][\/vc_row_inner][\/vc_column][vc_column width=&#8221;1\/2&#8243;]\r\n        <div class=\"wow perch-fadeInRight fadeInRight hero-1-img\" data-wow-delay=\"300ms\" data-wow-duration=\"1200ms\"> \r\n        <img decoding=\"async\" class=\"vc_single_image-img img-fluid\"  src=\"https:\/\/www.topo-gps.com\/wp-content\/uploads\/2022\/04\/at-main-1.png\" alt=\"External image\" \/>\r\n        <\/div>[\/vc_column][\/vc_row][\/vc_section]<\/p>\n<\/div>","protected":false},"excerpt":{"rendered":"<p>[vc_section enable_inner=&#8221;yes&#8221; section_type=&#8221;hero&#8221; inner_margin_top=&#8221;mt-100&#8243; parallax_image_attachment=&#8221;inherit&#8221; padding_class=&#8221;wide-100&#8243; css=&#8221;.vc_custom_1649256153885{background-image: url(https:\/\/www.topo-gps.com\/wp-content\/uploads\/2022\/04\/z8l3pOHczbYa.jpg?id=15472) !important;background-position: center !important;background-repeat: no-repeat !important;background-size: cover !important;}&#8221;][vc_row parallax_image_attachment=&#8221;inherit&#8221; css=&#8221;.vc_custom_1639602296513{padding-top: 20px !important;padding-bottom: 20px !important;}&#8221;][vc_column width=&#8221;1\/2&#8243; css=&#8221;.vc_custom_1639603345318{margin-bottom: 20px !important;}&#8221;][vc_row_inner][vc_column_inner width=&#8221;1\/2&#8243; css=&#8221;.vc_custom_1639605647058{padding-top: 10px !important;padding-bottom: 10px !important;}&#8221;][\/vc_column_inner][vc_column_inner width=&#8221;1\/2&#8243; css=&#8221;.vc_custom_1639605658368{padding-top: 10px !important;padding-bottom: 10px !important;}&#8221;][\/vc_column_inner][\/vc_row_inner][\/vc_column][vc_column width=&#8221;1\/2&#8243; css=&#8221;.vc_custom_1639603183972{padding-top: 40px !important;padding-bottom: 40px !important;}&#8221;][\/vc_column][\/vc_row][\/vc_section][vc_section][vc_row][vc_column][vc_column_text]Topo GPS a des cartes autrichiennes topographiques d\u00e9di\u00e9es qui font de votre t\u00e9l\u00e9phone un appareil GPS pour faire n&#8217;importe quelle activit\u00e9 de plein air. De la randonn\u00e9e au ski. L&#8217;Autriche est connue pour ses superbes paysages alpins, ce qui en fait une destination populaire pour les activit\u00e9s de plein air. Le ski et le snowboard sont parmi les&#8230;<\/p>\n","protected":false},"author":1,"featured_media":0,"parent":0,"menu_order":0,"comment_status":"closed","ping_status":"closed","template":"","meta":{"footnotes":""},"class_list":["post-14880","page","type-page","status-publish","hentry","no-post-thumbnail"],"yoast_head":"<!-- This site is optimized with the Yoast SEO plugin v27.6 - https:\/\/yoast.com\/product\/yoast-seo-wordpress\/ -->\n<title>Carte topographique de l&#039;Autriche - Topo GPS<\/title>\n<meta name=\"description\" content=\"Topo GPS a des cartes autrichiennes topographiques d\u00e9di\u00e9es qui font de votre t\u00e9l\u00e9phone un appareil GPS pour faire n&#039;importe quelle activit\u00e9 de plein air. De la randonn\u00e9e au ski.\" \/>\n<meta name=\"robots\" content=\"index, follow, max-snippet:-1, max-image-preview:large, max-video-preview:-1\" \/>\n<link rel=\"canonical\" href=\"https:\/\/www.topo-gps.com\/fr\/carte-topographique-de-lautriche\/\" \/>\n<meta property=\"og:locale\" content=\"fr_FR\" \/>\n<meta property=\"og:type\" content=\"article\" \/>\n<meta property=\"og:title\" content=\"Carte topographique de l&#039;Autriche - Topo GPS\" \/>\n<meta property=\"og:description\" content=\"Topo GPS a des cartes autrichiennes topographiques d\u00e9di\u00e9es qui font de votre t\u00e9l\u00e9phone un appareil GPS pour faire n&#039;importe quelle activit\u00e9 de plein air. De la randonn\u00e9e au ski.\" \/>\n<meta property=\"og:url\" content=\"https:\/\/www.topo-gps.com\/fr\/carte-topographique-de-lautriche\/\" \/>\n<meta property=\"og:site_name\" content=\"Topo GPS\" \/>\n<meta property=\"article:modified_time\" content=\"2024-03-14T16:33:22+00:00\" \/>\n<meta name=\"twitter:card\" content=\"summary_large_image\" \/>\n<meta name=\"twitter:label1\" content=\"Dur\u00e9e de lecture estim\u00e9e\" \/>\n\t<meta name=\"twitter:data1\" content=\"7 minutes\" \/>\n<script type=\"application\/ld+json\" class=\"yoast-schema-graph\">{\"@context\":\"https:\\\/\\\/schema.org\",\"@graph\":[{\"@type\":\"WebPage\",\"@id\":\"https:\\\/\\\/www.topo-gps.com\\\/fr\\\/carte-topographique-de-lautriche\\\/\",\"url\":\"https:\\\/\\\/www.topo-gps.com\\\/fr\\\/carte-topographique-de-lautriche\\\/\",\"name\":\"Carte topographique de l'Autriche - Topo GPS\",\"isPartOf\":{\"@id\":\"https:\\\/\\\/www.topo-gps.com\\\/fr\\\/#website\"},\"datePublished\":\"2022-04-06T14:09:15+00:00\",\"dateModified\":\"2024-03-14T16:33:22+00:00\",\"description\":\"Topo GPS a des cartes autrichiennes topographiques d\u00e9di\u00e9es qui font de votre t\u00e9l\u00e9phone un appareil GPS pour faire n'importe quelle activit\u00e9 de plein air. De la randonn\u00e9e au ski.\",\"breadcrumb\":{\"@id\":\"https:\\\/\\\/www.topo-gps.com\\\/fr\\\/carte-topographique-de-lautriche\\\/#breadcrumb\"},\"inLanguage\":\"fr-FR\",\"potentialAction\":[{\"@type\":\"ReadAction\",\"target\":[\"https:\\\/\\\/www.topo-gps.com\\\/fr\\\/carte-topographique-de-lautriche\\\/\"]}]},{\"@type\":\"BreadcrumbList\",\"@id\":\"https:\\\/\\\/www.topo-gps.com\\\/fr\\\/carte-topographique-de-lautriche\\\/#breadcrumb\",\"itemListElement\":[{\"@type\":\"ListItem\",\"position\":1,\"name\":\"Home\",\"item\":\"https:\\\/\\\/www.topo-gps.com\\\/fr\\\/top-gps\\\/\"},{\"@type\":\"ListItem\",\"position\":2,\"name\":\"Carte topographique de l&#8217;Autriche\"}]},{\"@type\":\"WebSite\",\"@id\":\"https:\\\/\\\/www.topo-gps.com\\\/fr\\\/#website\",\"url\":\"https:\\\/\\\/www.topo-gps.com\\\/fr\\\/\",\"name\":\"Topo GPS\",\"description\":\"Topographic maps GPS for iPhone, Android, iPad and Apple Watch\",\"potentialAction\":[{\"@type\":\"SearchAction\",\"target\":{\"@type\":\"EntryPoint\",\"urlTemplate\":\"https:\\\/\\\/www.topo-gps.com\\\/fr\\\/?s={search_term_string}\"},\"query-input\":{\"@type\":\"PropertyValueSpecification\",\"valueRequired\":true,\"valueName\":\"search_term_string\"}}],\"inLanguage\":\"fr-FR\"}]}<\/script>\n<!-- \/ Yoast SEO plugin. -->","yoast_head_json":{"title":"Carte topographique de l'Autriche - Topo GPS","description":"Topo GPS a des cartes autrichiennes topographiques d\u00e9di\u00e9es qui font de votre t\u00e9l\u00e9phone un appareil GPS pour faire n'importe quelle activit\u00e9 de plein air. De la randonn\u00e9e au ski.","robots":{"index":"index","follow":"follow","max-snippet":"max-snippet:-1","max-image-preview":"max-image-preview:large","max-video-preview":"max-video-preview:-1"},"canonical":"https:\/\/www.topo-gps.com\/fr\/carte-topographique-de-lautriche\/","og_locale":"fr_FR","og_type":"article","og_title":"Carte topographique de l'Autriche - Topo GPS","og_description":"Topo GPS a des cartes autrichiennes topographiques d\u00e9di\u00e9es qui font de votre t\u00e9l\u00e9phone un appareil GPS pour faire n'importe quelle activit\u00e9 de plein air. De la randonn\u00e9e au ski.","og_url":"https:\/\/www.topo-gps.com\/fr\/carte-topographique-de-lautriche\/","og_site_name":"Topo GPS","article_modified_time":"2024-03-14T16:33:22+00:00","twitter_card":"summary_large_image","twitter_misc":{"Dur\u00e9e de lecture estim\u00e9e":"7 minutes"},"schema":{"@context":"https:\/\/schema.org","@graph":[{"@type":"WebPage","@id":"https:\/\/www.topo-gps.com\/fr\/carte-topographique-de-lautriche\/","url":"https:\/\/www.topo-gps.com\/fr\/carte-topographique-de-lautriche\/","name":"Carte topographique de l'Autriche - Topo GPS","isPartOf":{"@id":"https:\/\/www.topo-gps.com\/fr\/#website"},"datePublished":"2022-04-06T14:09:15+00:00","dateModified":"2024-03-14T16:33:22+00:00","description":"Topo GPS a des cartes autrichiennes topographiques d\u00e9di\u00e9es qui font de votre t\u00e9l\u00e9phone un appareil GPS pour faire n'importe quelle activit\u00e9 de plein air. De la randonn\u00e9e au ski.","breadcrumb":{"@id":"https:\/\/www.topo-gps.com\/fr\/carte-topographique-de-lautriche\/#breadcrumb"},"inLanguage":"fr-FR","potentialAction":[{"@type":"ReadAction","target":["https:\/\/www.topo-gps.com\/fr\/carte-topographique-de-lautriche\/"]}]},{"@type":"BreadcrumbList","@id":"https:\/\/www.topo-gps.com\/fr\/carte-topographique-de-lautriche\/#breadcrumb","itemListElement":[{"@type":"ListItem","position":1,"name":"Home","item":"https:\/\/www.topo-gps.com\/fr\/top-gps\/"},{"@type":"ListItem","position":2,"name":"Carte topographique de l&#8217;Autriche"}]},{"@type":"WebSite","@id":"https:\/\/www.topo-gps.com\/fr\/#website","url":"https:\/\/www.topo-gps.com\/fr\/","name":"Topo GPS","description":"Topographic maps GPS for iPhone, Android, iPad and Apple Watch","potentialAction":[{"@type":"SearchAction","target":{"@type":"EntryPoint","urlTemplate":"https:\/\/www.topo-gps.com\/fr\/?s={search_term_string}"},"query-input":{"@type":"PropertyValueSpecification","valueRequired":true,"valueName":"search_term_string"}}],"inLanguage":"fr-FR"}]}},"_links":{"self":[{"href":"https:\/\/www.topo-gps.com\/fr\/wp-json\/wp\/v2\/pages\/14880","targetHints":{"allow":["GET"]}}],"collection":[{"href":"https:\/\/www.topo-gps.com\/fr\/wp-json\/wp\/v2\/pages"}],"about":[{"href":"https:\/\/www.topo-gps.com\/fr\/wp-json\/wp\/v2\/types\/page"}],"author":[{"embeddable":true,"href":"https:\/\/www.topo-gps.com\/fr\/wp-json\/wp\/v2\/users\/1"}],"replies":[{"embeddable":true,"href":"https:\/\/www.topo-gps.com\/fr\/wp-json\/wp\/v2\/comments?post=14880"}],"version-history":[{"count":0,"href":"https:\/\/www.topo-gps.com\/fr\/wp-json\/wp\/v2\/pages\/14880\/revisions"}],"wp:attachment":[{"href":"https:\/\/www.topo-gps.com\/fr\/wp-json\/wp\/v2\/media?parent=14880"}],"curies":[{"name":"wp","href":"https:\/\/api.w.org\/{rel}","templated":true}]}}