{"id":6850,"date":"2022-01-31T11:44:07","date_gmt":"2022-01-31T10:44:07","guid":{"rendered":"https:\/\/www.topo-gps.com\/etsi-ja-pelasta\/"},"modified":"2022-09-10T10:05:52","modified_gmt":"2022-09-10T09:05:52","slug":"etsi-ja-pelasta","status":"publish","type":"page","link":"https:\/\/www.topo-gps.com\/fi\/etsi-ja-pelasta\/","title":{"rendered":"Etsi ja pelasta"},"content":{"rendered":"<div class=\"wpb-content-wrapper\"><p>[vc_row][vc_column]\r\n        <div class=\"section-title  wow perch-fadeInUp fadeInUp text-center\" data-wow-delay=\"300ms\" data-wow-duration=\"1200ms\">\r\n            <h2 class=\"h2-sm\">Etsi ja pelasta<\/h2>\r\n            <p class=\"p-lg\">Useat etsint\u00e4- ja pelastusyksik\u00f6t k\u00e4ytt\u00e4v\u00e4t Topo GPS:\u00e4\u00e4 toiminnassaan. Lue heid\u00e4n tarinansa alta.<\/p>         \r\n        <\/div>[\/vc_column][\/vc_row][vc_row][vc_column width=&#8221;2\/3&#8243;][vc_single_image custom_src=&#8221;https:\/\/www.topo-gps.com\/wp-content\/uploads\/2021\/12\/DSC00793.jpeg&#8221;][\/vc_column][vc_column width=&#8221;1\/3&#8243;]\r\n        <div class=\"wow perch-fadeInUp fadeInUp fbox\" data-wow-delay=\"300ms\" data-wow-duration=\"1200ms\"> \r\n            <div class=\"fbox grey-color-box\">\r\n                <div class=\"grey-color-icon b-icon box-icon-md\"><span class=\" grey-color\"><\/span><\/div>  \r\n                <div class=\"fbox-txt\">    \r\n                    <h5 class=\"h5-sm\">Westport Land Search &amp; Rescue - Uusi-Seelanti<\/h5>\r\n                    <p class=\"grey-color\">Westport Land Search &amp; Rescue -ryhm\u00e4 on innokas Topo GPS -sovelluksen k\u00e4ytt\u00e4j\u00e4, joka on jakanut sen kaikille kentt\u00e4- ja onnettomuushallintatiimimme j\u00e4senille.<\/p>\n<p>Etsint\u00e4- ja pelastustilanteessa voimme saada kentt\u00e4tiimimme tuomaan esiin yleisen hakualueen Topo GPS -sovelluksessaan ja suunnittelemaan alueet, joiden teht\u00e4v\u00e4n\u00e4 on etsi\u00e4 kadonneita henkil\u00f6it\u00e4 ja koska sovellus on k\u00e4ytett\u00e4viss\u00e4 offline-tilassa, he pystyv\u00e4t varmistamaan, ett\u00e4 he etsiv\u00e4t alueita, jotka tapahtumahallintatiimimme ovat erityisesti tehneet.<\/p>\n<p>He aktivoivat ja tallentavat reittins\u00e4 ollessaan kent\u00e4ll\u00e4, jotka voidaan ladata takaisin johtoryhm\u00e4lle yhdess\u00e4 vihjeiden tai muiden kiinnostavien kohteiden kanssa, jotka voidaan tallentaa reittipisteiksi t\u00e4ydent\u00e4\u00e4kseen muita kent\u00e4ll\u00e4 tekemi\u00e4\u00e4n erillisi\u00e4 tallenteitaan GPS:ill\u00e4\u00e4n.<\/p>\n<p>Monet vapaaehtoisistamme k\u00e4ytt\u00e4v\u00e4t Topo GPS -sovellusta henkil\u00f6kohtaisella virkistys-ajallaan, mist\u00e4 olemme iloisia, sill\u00e4 se auttaa heit\u00e4 tutustumaan kaikkiin sovelluksen ominaisuuksiin.<\/p>\r\n                    \r\n                <\/div> \r\n            <\/div>        \r\n        <\/div>[\/vc_column][\/vc_row]<\/p>\n<\/div>","protected":false},"excerpt":{"rendered":"<p>[vc_row][vc_column][\/vc_column][\/vc_row][vc_row][vc_column width=&#8221;2\/3&#8243;][vc_single_image custom_src=&#8221;https:\/\/www.topo-gps.com\/wp-content\/uploads\/2021\/12\/DSC00793.jpeg&#8221;][\/vc_column][vc_column width=&#8221;1\/3&#8243;][\/vc_column][\/vc_row]<\/p>\n","protected":false},"author":1,"featured_media":0,"parent":0,"menu_order":0,"comment_status":"closed","ping_status":"closed","template":"","meta":{"footnotes":""},"class_list":["post-6850","page","type-page","status-publish","hentry","no-post-thumbnail"],"yoast_head":"<!-- This site is optimized with the Yoast SEO plugin v27.6 - https:\/\/yoast.com\/product\/yoast-seo-wordpress\/ -->\n<title>Etsi ja pelasta - Topo GPS<\/title>\n<meta name=\"robots\" content=\"index, follow, max-snippet:-1, max-image-preview:large, max-video-preview:-1\" \/>\n<link rel=\"canonical\" href=\"https:\/\/www.topo-gps.com\/fi\/etsi-ja-pelasta\/\" \/>\n<meta property=\"og:locale\" content=\"fi_FI\" \/>\n<meta property=\"og:type\" content=\"article\" \/>\n<meta property=\"og:title\" content=\"Etsi ja pelasta - Topo GPS\" \/>\n<meta property=\"og:description\" content=\"[vc_row][vc_column][\/vc_column][\/vc_row][vc_row][vc_column width=&#8221;2\/3&#8243;][vc_single_image custom_src=&#8221;https:\/\/www.topo-gps.com\/wp-content\/uploads\/2021\/12\/DSC00793.jpeg&#8221;][\/vc_column][vc_column width=&#8221;1\/3&#8243;][\/vc_column][\/vc_row]\" \/>\n<meta property=\"og:url\" content=\"https:\/\/www.topo-gps.com\/fi\/etsi-ja-pelasta\/\" \/>\n<meta property=\"og:site_name\" content=\"Topo GPS\" \/>\n<meta property=\"article:modified_time\" content=\"2022-09-10T09:05:52+00:00\" \/>\n<meta name=\"twitter:card\" content=\"summary_large_image\" \/>\n<meta name=\"twitter:label1\" content=\"Arvioitu lukuaika\" \/>\n\t<meta name=\"twitter:data1\" content=\"1 minuutti\" \/>\n<script type=\"application\/ld+json\" class=\"yoast-schema-graph\">{\"@context\":\"https:\\\/\\\/schema.org\",\"@graph\":[{\"@type\":\"WebPage\",\"@id\":\"https:\\\/\\\/www.topo-gps.com\\\/fi\\\/etsi-ja-pelasta\\\/\",\"url\":\"https:\\\/\\\/www.topo-gps.com\\\/fi\\\/etsi-ja-pelasta\\\/\",\"name\":\"Etsi ja pelasta - Topo GPS\",\"isPartOf\":{\"@id\":\"https:\\\/\\\/www.topo-gps.com\\\/fi\\\/#website\"},\"datePublished\":\"2022-01-31T10:44:07+00:00\",\"dateModified\":\"2022-09-10T09:05:52+00:00\",\"breadcrumb\":{\"@id\":\"https:\\\/\\\/www.topo-gps.com\\\/fi\\\/etsi-ja-pelasta\\\/#breadcrumb\"},\"inLanguage\":\"fi\",\"potentialAction\":[{\"@type\":\"ReadAction\",\"target\":[\"https:\\\/\\\/www.topo-gps.com\\\/fi\\\/etsi-ja-pelasta\\\/\"]}]},{\"@type\":\"BreadcrumbList\",\"@id\":\"https:\\\/\\\/www.topo-gps.com\\\/fi\\\/etsi-ja-pelasta\\\/#breadcrumb\",\"itemListElement\":[{\"@type\":\"ListItem\",\"position\":1,\"name\":\"Home\",\"item\":\"https:\\\/\\\/www.topo-gps.com\\\/fi\\\/topo-gps\\\/\"},{\"@type\":\"ListItem\",\"position\":2,\"name\":\"Etsi ja pelasta\"}]},{\"@type\":\"WebSite\",\"@id\":\"https:\\\/\\\/www.topo-gps.com\\\/fi\\\/#website\",\"url\":\"https:\\\/\\\/www.topo-gps.com\\\/fi\\\/\",\"name\":\"Topo GPS\",\"description\":\"Topographic maps GPS for iPhone, Android, iPad and Apple Watch\",\"potentialAction\":[{\"@type\":\"SearchAction\",\"target\":{\"@type\":\"EntryPoint\",\"urlTemplate\":\"https:\\\/\\\/www.topo-gps.com\\\/fi\\\/?s={search_term_string}\"},\"query-input\":{\"@type\":\"PropertyValueSpecification\",\"valueRequired\":true,\"valueName\":\"search_term_string\"}}],\"inLanguage\":\"fi\"}]}<\/script>\n<!-- \/ Yoast SEO plugin. -->","yoast_head_json":{"title":"Etsi ja pelasta - Topo GPS","robots":{"index":"index","follow":"follow","max-snippet":"max-snippet:-1","max-image-preview":"max-image-preview:large","max-video-preview":"max-video-preview:-1"},"canonical":"https:\/\/www.topo-gps.com\/fi\/etsi-ja-pelasta\/","og_locale":"fi_FI","og_type":"article","og_title":"Etsi ja pelasta - Topo GPS","og_description":"[vc_row][vc_column][\/vc_column][\/vc_row][vc_row][vc_column width=&#8221;2\/3&#8243;][vc_single_image custom_src=&#8221;https:\/\/www.topo-gps.com\/wp-content\/uploads\/2021\/12\/DSC00793.jpeg&#8221;][\/vc_column][vc_column width=&#8221;1\/3&#8243;][\/vc_column][\/vc_row]","og_url":"https:\/\/www.topo-gps.com\/fi\/etsi-ja-pelasta\/","og_site_name":"Topo GPS","article_modified_time":"2022-09-10T09:05:52+00:00","twitter_card":"summary_large_image","twitter_misc":{"Arvioitu lukuaika":"1 minuutti"},"schema":{"@context":"https:\/\/schema.org","@graph":[{"@type":"WebPage","@id":"https:\/\/www.topo-gps.com\/fi\/etsi-ja-pelasta\/","url":"https:\/\/www.topo-gps.com\/fi\/etsi-ja-pelasta\/","name":"Etsi ja pelasta - Topo GPS","isPartOf":{"@id":"https:\/\/www.topo-gps.com\/fi\/#website"},"datePublished":"2022-01-31T10:44:07+00:00","dateModified":"2022-09-10T09:05:52+00:00","breadcrumb":{"@id":"https:\/\/www.topo-gps.com\/fi\/etsi-ja-pelasta\/#breadcrumb"},"inLanguage":"fi","potentialAction":[{"@type":"ReadAction","target":["https:\/\/www.topo-gps.com\/fi\/etsi-ja-pelasta\/"]}]},{"@type":"BreadcrumbList","@id":"https:\/\/www.topo-gps.com\/fi\/etsi-ja-pelasta\/#breadcrumb","itemListElement":[{"@type":"ListItem","position":1,"name":"Home","item":"https:\/\/www.topo-gps.com\/fi\/topo-gps\/"},{"@type":"ListItem","position":2,"name":"Etsi ja pelasta"}]},{"@type":"WebSite","@id":"https:\/\/www.topo-gps.com\/fi\/#website","url":"https:\/\/www.topo-gps.com\/fi\/","name":"Topo GPS","description":"Topographic maps GPS for iPhone, Android, iPad and Apple Watch","potentialAction":[{"@type":"SearchAction","target":{"@type":"EntryPoint","urlTemplate":"https:\/\/www.topo-gps.com\/fi\/?s={search_term_string}"},"query-input":{"@type":"PropertyValueSpecification","valueRequired":true,"valueName":"search_term_string"}}],"inLanguage":"fi"}]}},"_links":{"self":[{"href":"https:\/\/www.topo-gps.com\/fi\/wp-json\/wp\/v2\/pages\/6850","targetHints":{"allow":["GET"]}}],"collection":[{"href":"https:\/\/www.topo-gps.com\/fi\/wp-json\/wp\/v2\/pages"}],"about":[{"href":"https:\/\/www.topo-gps.com\/fi\/wp-json\/wp\/v2\/types\/page"}],"author":[{"embeddable":true,"href":"https:\/\/www.topo-gps.com\/fi\/wp-json\/wp\/v2\/users\/1"}],"replies":[{"embeddable":true,"href":"https:\/\/www.topo-gps.com\/fi\/wp-json\/wp\/v2\/comments?post=6850"}],"version-history":[{"count":0,"href":"https:\/\/www.topo-gps.com\/fi\/wp-json\/wp\/v2\/pages\/6850\/revisions"}],"wp:attachment":[{"href":"https:\/\/www.topo-gps.com\/fi\/wp-json\/wp\/v2\/media?parent=6850"}],"curies":[{"name":"wp","href":"https:\/\/api.w.org\/{rel}","templated":true}]}}