{"id":6540,"date":"2022-01-31T11:35:56","date_gmt":"2022-01-31T10:35:56","guid":{"rendered":"https:\/\/www.topo-gps.com\/tuki\/"},"modified":"2024-02-17T16:51:07","modified_gmt":"2024-02-17T15:51:07","slug":"tuki","status":"publish","type":"page","link":"https:\/\/www.topo-gps.com\/fi\/tuki\/","title":{"rendered":"Tuki"},"content":{"rendered":"<div class=\"wpb-content-wrapper\"><p>[vc_section enable_inner=&#8221;yes&#8221; section_type=&#8221;faqs&#8221; faqs_type=&#8221;1&#8243; inner_margin_top=&#8221;mt-100&#8243; parallax_image_attachment=&#8221;inherit&#8221; padding_class=&#8221;wide-100&#8243;][vc_row][vc_column width=&#8221;1\/2&#8243;]\r\n        <div class=\"section-title  wow perch-fadeInUp fadeInUp text-center\" data-wow-delay=\"300ms\" data-wow-duration=\"1200ms\">\r\n            <h3 class=\"Default h3-sm none\">Manuaalinen<\/h3>\r\n            <p class=\"p-lg\">Jos haluat ymm\u00e4rt\u00e4\u00e4 Topo GPS:n mink\u00e4 tahansa ominaisuuden, lue k\u00e4sikirjamme, jossa on perusteelliset tiedot kaikista Topo GPS:n toiminnoista.<\/p>         \r\n        <\/div>[vc_btn title=&#8221;Topo GPS manuaali iOS&#8221; color=&#8221;green&#8221; align=&#8221;center&#8221; i_icon_fontawesome=&#8221;fas fa-book&#8221; add_icon=&#8221;true&#8221; link=&#8221;url:https%3A%2F%2Fwww.topo-gps.com%2Fios%2Fen%2Fmanual%2Fhtml|&#8221;][vc_btn title=&#8221;Topo GPS manuaali Android&#8221; color=&#8221;green&#8221; align=&#8221;center&#8221; i_icon_fontawesome=&#8221;fas fa-book&#8221; add_icon=&#8221;true&#8221; link=&#8221;url:https%3A%2F%2Fwww.topo-gps.com%2Fandroid%2Fen%2Fmanual%2Fhtml|&#8221;][\/vc_column][vc_column width=&#8221;1\/2&#8243;]\r\n        <div class=\"section-title  wow perch-fadeInUp fadeInUp text-center\" data-wow-delay=\"300ms\" data-wow-duration=\"1200ms\">\r\n            <h3 class=\"Default h3-sm none\">Usein Kysytyt Kysymykset<\/h3>\r\n            <p class=\"p-lg\">L\u00f6yd\u00e4 vastauksia Topo GPS:st\u00e4 kysyttyihin kysymyksiin.<\/p>         \r\n        <\/div>[vc_btn title=&#8221;Usein Kysytyt Kysymykset&#8221; color=&#8221;green&#8221; align=&#8221;center&#8221; i_icon_fontawesome=&#8221;far fa-question-circle&#8221; add_icon=&#8221;true&#8221; link=&#8221;url:https%3A%2F%2Fwww.topo-gps.com%2Ffi%2Fusein-kysytyt-kysymykset%2F|title:Usein%20Kysytyt%20Kysymykset|&#8221;][\/vc_column][\/vc_row][\/vc_section][vc_section][vc_row][vc_column]\r\n        <div class=\"section-title  wow perch-fadeInUp fadeInUp text-center\" data-wow-delay=\"300ms\" data-wow-duration=\"1200ms\">\r\n            <h3 class=\"Default h3-sm none\">Onko sinulla viel\u00e4 kysytt\u00e4v\u00e4\u00e4? Ota meihin yhteytt\u00e4!<\/h3>\r\n            <p class=\"p-lg\">Voit kirjoittaa alla olevan lomakkeen tai l\u00e4hett\u00e4\u00e4 s\u00e4hk\u00f6postin osoitteeseen <a href=\"http:\/\/mailto@support@topo-gps.com\">support@topo-gps.com<\/a><\/p>         \r\n        <\/div>[\/vc_column][\/vc_row][vc_row][vc_column]<div class=\"wpforms-container wpforms-container-full\" id=\"wpforms-4831\"><form id=\"wpforms-form-4831\" class=\"wpforms-validate wpforms-form wpforms-ajax-form\" data-formid=\"4831\" method=\"post\" enctype=\"multipart\/form-data\" action=\"\/fi\/wp-json\/wp\/v2\/pages\/6540\" data-token=\"c3fd12fbbe485e342881885708114a26\" data-token-time=\"1776365536\"><noscript class=\"wpforms-error-noscript\">Please enable JavaScript in your browser to complete this form.<\/noscript><div class=\"wpforms-field-container\"><div id=\"wpforms-4831-field_4-container\" class=\"wpforms-field wpforms-field-name\" data-field-id=\"4\"><label class=\"wpforms-field-label\">Name <span class=\"wpforms-required-label\">*<\/span><\/label><div class=\"wpforms-field-row wpforms-field-medium\"><div class=\"wpforms-field-row-block wpforms-first wpforms-one-half\"><input type=\"text\" id=\"wpforms-4831-field_4\" class=\"wpforms-field-name-first wpforms-field-required\" name=\"wpforms[fields][4][first]\" required><label for=\"wpforms-4831-field_4\" class=\"wpforms-field-sublabel after\">First<\/label><\/div><div class=\"wpforms-field-row-block wpforms-one-half\"><input type=\"text\" id=\"wpforms-4831-field_4-last\" class=\"wpforms-field-name-last wpforms-field-required\" name=\"wpforms[fields][4][last]\" required><label for=\"wpforms-4831-field_4-last\" class=\"wpforms-field-sublabel after\">Last<\/label><\/div><\/div><\/div>\t\t<div id=\"wpforms-4831-field_5-container\"\n\t\t\tclass=\"wpforms-field wpforms-field-text\"\n\t\t\tdata-field-type=\"text\"\n\t\t\tdata-field-id=\"5\"\n\t\t\t>\n\t\t\t<label class=\"wpforms-field-label\" for=\"wpforms-4831-field_5\" >Subject Message Name<\/label>\n\t\t\t<input type=\"text\" id=\"wpforms-4831-field_5\" class=\"wpforms-field-medium\" name=\"wpforms[fields][5]\" >\n\t\t<\/div>\n\t\t<div id=\"wpforms-4831-field_2-container\" class=\"wpforms-field wpforms-field-email\" data-field-id=\"2\"><label class=\"wpforms-field-label\" for=\"wpforms-4831-field_2\">Email <span class=\"wpforms-required-label\">*<\/span><\/label><input type=\"email\" id=\"wpforms-4831-field_2\" class=\"wpforms-field-medium wpforms-field-required\" name=\"wpforms[fields][2]\" spellcheck=\"false\" required><\/div><div id=\"wpforms-4831-field_3-container\" class=\"wpforms-field wpforms-field-select wpforms-field-select-style-classic\" data-field-id=\"3\"><label class=\"wpforms-field-label\" for=\"wpforms-4831-field_3\">Subject <span class=\"wpforms-required-label\">*<\/span><\/label><select id=\"wpforms-4831-field_3\" class=\"wpforms-field-medium wpforms-field-required\" name=\"wpforms[fields][3]\" required=\"required\"><option value=\"General\"  class=\"choice-3 depth-1\"  >General<\/option><option value=\"Android\"  class=\"choice-1 depth-1\"  >Android<\/option><option value=\"iOS\"  class=\"choice-2 depth-1\"  >iOS<\/option><\/select><\/div><div id=\"wpforms-4831-field_1-container\" class=\"wpforms-field wpforms-field-textarea\" data-field-id=\"1\"><label class=\"wpforms-field-label\" for=\"wpforms-4831-field_1\">Message <span class=\"wpforms-required-label\">*<\/span><\/label><textarea id=\"wpforms-4831-field_1\" class=\"wpforms-field-medium wpforms-field-required\" name=\"wpforms[fields][1]\" required><\/textarea><\/div><script data-jetpack-boost=\"ignore\">\n\t\t\t\t( function() {\n\t\t\t\t\tconst style = document.createElement( 'style' );\n\t\t\t\t\tstyle.appendChild( document.createTextNode( '#wpforms-4831-field_5-container { position: absolute !important; overflow: hidden !important; display: inline !important; height: 1px !important; width: 1px !important; z-index: -1000 !important; padding: 0 !important; } #wpforms-4831-field_5-container input { visibility: hidden; } #wpforms-conversational-form-page #wpforms-4831-field_5-container label { counter-increment: none; }' ) );\n\t\t\t\t\tdocument.head.appendChild( style );\n\t\t\t\t\tdocument.currentScript?.remove();\n\t\t\t\t} )();\n\t\t\t<\/script><\/div><!-- .wpforms-field-container --><div class=\"wpforms-recaptcha-container wpforms-is-recaptcha wpforms-is-recaptcha-type-invisible\" ><div class=\"g-recaptcha\" data-sitekey=\"6LcrouUqAAAAAFLENEjU2sUBkHnHAuoFzTijbs2I\" data-size=\"invisible\"><\/div><\/div><div class=\"wpforms-submit-container\" ><input type=\"hidden\" name=\"wpforms[id]\" value=\"4831\"><input type=\"hidden\" name=\"page_title\" value=\"\"><input type=\"hidden\" name=\"page_url\" value=\"https:\/\/www.topo-gps.com\/fi\/wp-json\/wp\/v2\/pages\/6540\"><input type=\"hidden\" name=\"url_referer\" value=\"\"><button type=\"submit\" name=\"wpforms[submit]\" id=\"wpforms-submit-4831\" class=\"wpforms-submit\" data-alt-text=\"Sending...\" data-submit-text=\"Submit\" aria-live=\"assertive\" value=\"wpforms-submit\">Submit<\/button><img loading=\"lazy\" decoding=\"async\" src=\"https:\/\/www.topo-gps.com\/wp-content\/plugins\/wpforms-lite\/assets\/images\/submit-spin.svg\" class=\"wpforms-submit-spinner\" style=\"display: none;\" width=\"26\" height=\"26\" alt=\"Loading\"><\/div><\/form><\/div>  <!-- .wpforms-container -->[\/vc_column][\/vc_row][\/vc_section][vc_section section_type=&#8221;reviews&#8221; reviews_type=&#8221;1&#8243; bg_class=&#8221;bg-lightgrey&#8221; parallax_image_attachment=&#8221;fixed&#8221; padding_class=&#8221;wide-100&#8243;][vc_row parallax_image_attachment=&#8221;inherit&#8221;][vc_column]\r\n        <div class=\"section-title  wow perch-fadeInUp fadeInUp text-center\" data-wow-delay=\"300ms\" data-wow-duration=\"1200ms\">\r\n            <h2 class=\"h2-sm\">Yli 100 000 asiakasta rakastaa Topo GPS:\u00e4\u00e4<\/h2>\r\n            <p class=\"p-lg\">Topon GPS-k\u00e4ytt\u00e4j\u00e4t ostavat keskim\u00e4\u00e4rin enemm\u00e4n kuin yhden kartan, koska he rakastavat sovellusta niin paljon. 15 000 arvostelua ja 4,6 t\u00e4hte\u00e4 puhuvat puolestaan.<\/p>         \r\n        <\/div>[\/vc_column][\/vc_row][\/vc_section]<\/p>\n<\/div>","protected":false},"excerpt":{"rendered":"<p>[vc_section enable_inner=&#8221;yes&#8221; section_type=&#8221;faqs&#8221; faqs_type=&#8221;1&#8243; inner_margin_top=&#8221;mt-100&#8243; parallax_image_attachment=&#8221;inherit&#8221; padding_class=&#8221;wide-100&#8243;][vc_row][vc_column width=&#8221;1\/2&#8243;][vc_btn title=&#8221;Topo GPS manuaali iOS&#8221; color=&#8221;green&#8221; align=&#8221;center&#8221; i_icon_fontawesome=&#8221;fas fa-book&#8221; add_icon=&#8221;true&#8221; link=&#8221;url:https%3A%2F%2Fwww.topo-gps.com%2Fios%2Fen%2Fmanual%2Fhtml|&#8221;][vc_btn title=&#8221;Topo GPS manuaali Android&#8221; color=&#8221;green&#8221; align=&#8221;center&#8221; i_icon_fontawesome=&#8221;fas fa-book&#8221; add_icon=&#8221;true&#8221; link=&#8221;url:https%3A%2F%2Fwww.topo-gps.com%2Fandroid%2Fen%2Fmanual%2Fhtml|&#8221;][\/vc_column][vc_column width=&#8221;1\/2&#8243;][vc_btn title=&#8221;Usein Kysytyt Kysymykset&#8221; color=&#8221;green&#8221; align=&#8221;center&#8221; i_icon_fontawesome=&#8221;far fa-question-circle&#8221; add_icon=&#8221;true&#8221; link=&#8221;url:https%3A%2F%2Fwww.topo-gps.com%2Ffi%2Fusein-kysytyt-kysymykset%2F|title:Usein%20Kysytyt%20Kysymykset|&#8221;][\/vc_column][\/vc_row][\/vc_section][vc_section][vc_row][vc_column][\/vc_column][\/vc_row][vc_row][vc_column][\/vc_column][\/vc_row][\/vc_section][vc_section section_type=&#8221;reviews&#8221; reviews_type=&#8221;1&#8243; bg_class=&#8221;bg-lightgrey&#8221; parallax_image_attachment=&#8221;fixed&#8221; padding_class=&#8221;wide-100&#8243;][vc_row parallax_image_attachment=&#8221;inherit&#8221;][vc_column][\/vc_column][\/vc_row][\/vc_section]<\/p>\n","protected":false},"author":1,"featured_media":0,"parent":0,"menu_order":0,"comment_status":"closed","ping_status":"closed","template":"","meta":{"footnotes":""},"class_list":["post-6540","page","type-page","status-publish","hentry","no-post-thumbnail"],"yoast_head":"<!-- This site is optimized with the Yoast SEO plugin v27.4 - https:\/\/yoast.com\/product\/yoast-seo-wordpress\/ -->\n<title>Tuki - Topo GPS<\/title>\n<meta name=\"robots\" content=\"index, follow, max-snippet:-1, max-image-preview:large, max-video-preview:-1\" \/>\n<link rel=\"canonical\" href=\"https:\/\/www.topo-gps.com\/fi\/tuki\/\" \/>\n<meta property=\"og:locale\" content=\"fi_FI\" \/>\n<meta property=\"og:type\" content=\"article\" \/>\n<meta property=\"og:title\" content=\"Tuki - Topo GPS\" \/>\n<meta property=\"og:description\" content=\"[vc_section enable_inner=&#8221;yes&#8221; section_type=&#8221;faqs&#8221; faqs_type=&#8221;1&#8243; inner_margin_top=&#8221;mt-100&#8243; parallax_image_attachment=&#8221;inherit&#8221; padding_class=&#8221;wide-100&#8243;][vc_row][vc_column width=&#8221;1\/2&#8243;][vc_btn title=&#8221;Topo GPS manuaali iOS&#8221; color=&#8221;green&#8221; align=&#8221;center&#8221; i_icon_fontawesome=&#8221;fas fa-book&#8221; add_icon=&#8221;true&#8221; link=&#8221;url:https%3A%2F%2Fwww.topo-gps.com%2Fios%2Fen%2Fmanual%2Fhtml|&#8221;][vc_btn title=&#8221;Topo GPS manuaali Android&#8221; color=&#8221;green&#8221; align=&#8221;center&#8221; i_icon_fontawesome=&#8221;fas fa-book&#8221; add_icon=&#8221;true&#8221; link=&#8221;url:https%3A%2F%2Fwww.topo-gps.com%2Fandroid%2Fen%2Fmanual%2Fhtml|&#8221;][\/vc_column][vc_column width=&#8221;1\/2&#8243;][vc_btn title=&#8221;Usein Kysytyt Kysymykset&#8221; color=&#8221;green&#8221; align=&#8221;center&#8221; i_icon_fontawesome=&#8221;far fa-question-circle&#8221; add_icon=&#8221;true&#8221; link=&#8221;url:https%3A%2F%2Fwww.topo-gps.com%2Ffi%2Fusein-kysytyt-kysymykset%2F|title:Usein%20Kysytyt%20Kysymykset|&#8221;][\/vc_column][\/vc_row][\/vc_section][vc_section][vc_row][vc_column][\/vc_column][\/vc_row][vc_row][vc_column][\/vc_column][\/vc_row][\/vc_section][vc_section section_type=&#8221;reviews&#8221; reviews_type=&#8221;1&#8243; bg_class=&#8221;bg-lightgrey&#8221; parallax_image_attachment=&#8221;fixed&#8221; padding_class=&#8221;wide-100&#8243;][vc_row parallax_image_attachment=&#8221;inherit&#8221;][vc_column][\/vc_column][\/vc_row][\/vc_section]\" \/>\n<meta property=\"og:url\" content=\"https:\/\/www.topo-gps.com\/fi\/tuki\/\" \/>\n<meta property=\"og:site_name\" content=\"Topo GPS\" \/>\n<meta property=\"article:modified_time\" content=\"2024-02-17T15:51:07+00:00\" \/>\n<meta name=\"twitter:card\" content=\"summary_large_image\" \/>\n<meta name=\"twitter:label1\" content=\"Arvioitu lukuaika\" \/>\n\t<meta name=\"twitter:data1\" content=\"2 minuuttia\" \/>\n<script type=\"application\/ld+json\" class=\"yoast-schema-graph\">{\"@context\":\"https:\\\/\\\/schema.org\",\"@graph\":[{\"@type\":\"WebPage\",\"@id\":\"https:\\\/\\\/www.topo-gps.com\\\/fi\\\/tuki\\\/\",\"url\":\"https:\\\/\\\/www.topo-gps.com\\\/fi\\\/tuki\\\/\",\"name\":\"Tuki - Topo GPS\",\"isPartOf\":{\"@id\":\"https:\\\/\\\/www.topo-gps.com\\\/fi\\\/#website\"},\"datePublished\":\"2022-01-31T10:35:56+00:00\",\"dateModified\":\"2024-02-17T15:51:07+00:00\",\"breadcrumb\":{\"@id\":\"https:\\\/\\\/www.topo-gps.com\\\/fi\\\/tuki\\\/#breadcrumb\"},\"inLanguage\":\"fi\",\"potentialAction\":[{\"@type\":\"ReadAction\",\"target\":[\"https:\\\/\\\/www.topo-gps.com\\\/fi\\\/tuki\\\/\"]}]},{\"@type\":\"BreadcrumbList\",\"@id\":\"https:\\\/\\\/www.topo-gps.com\\\/fi\\\/tuki\\\/#breadcrumb\",\"itemListElement\":[{\"@type\":\"ListItem\",\"position\":1,\"name\":\"Home\",\"item\":\"https:\\\/\\\/www.topo-gps.com\\\/fi\\\/topo-gps\\\/\"},{\"@type\":\"ListItem\",\"position\":2,\"name\":\"Tuki\"}]},{\"@type\":\"WebSite\",\"@id\":\"https:\\\/\\\/www.topo-gps.com\\\/fi\\\/#website\",\"url\":\"https:\\\/\\\/www.topo-gps.com\\\/fi\\\/\",\"name\":\"Topo GPS\",\"description\":\"Topographic maps GPS for iPhone, Android, iPad and Apple Watch\",\"potentialAction\":[{\"@type\":\"SearchAction\",\"target\":{\"@type\":\"EntryPoint\",\"urlTemplate\":\"https:\\\/\\\/www.topo-gps.com\\\/fi\\\/?s={search_term_string}\"},\"query-input\":{\"@type\":\"PropertyValueSpecification\",\"valueRequired\":true,\"valueName\":\"search_term_string\"}}],\"inLanguage\":\"fi\"}]}<\/script>\n<!-- \/ Yoast SEO plugin. -->","yoast_head_json":{"title":"Tuki - Topo GPS","robots":{"index":"index","follow":"follow","max-snippet":"max-snippet:-1","max-image-preview":"max-image-preview:large","max-video-preview":"max-video-preview:-1"},"canonical":"https:\/\/www.topo-gps.com\/fi\/tuki\/","og_locale":"fi_FI","og_type":"article","og_title":"Tuki - Topo GPS","og_description":"[vc_section enable_inner=&#8221;yes&#8221; section_type=&#8221;faqs&#8221; faqs_type=&#8221;1&#8243; inner_margin_top=&#8221;mt-100&#8243; parallax_image_attachment=&#8221;inherit&#8221; padding_class=&#8221;wide-100&#8243;][vc_row][vc_column width=&#8221;1\/2&#8243;][vc_btn title=&#8221;Topo GPS manuaali iOS&#8221; color=&#8221;green&#8221; align=&#8221;center&#8221; i_icon_fontawesome=&#8221;fas fa-book&#8221; add_icon=&#8221;true&#8221; link=&#8221;url:https%3A%2F%2Fwww.topo-gps.com%2Fios%2Fen%2Fmanual%2Fhtml|&#8221;][vc_btn title=&#8221;Topo GPS manuaali Android&#8221; color=&#8221;green&#8221; align=&#8221;center&#8221; i_icon_fontawesome=&#8221;fas fa-book&#8221; add_icon=&#8221;true&#8221; link=&#8221;url:https%3A%2F%2Fwww.topo-gps.com%2Fandroid%2Fen%2Fmanual%2Fhtml|&#8221;][\/vc_column][vc_column width=&#8221;1\/2&#8243;][vc_btn title=&#8221;Usein Kysytyt Kysymykset&#8221; color=&#8221;green&#8221; align=&#8221;center&#8221; i_icon_fontawesome=&#8221;far fa-question-circle&#8221; add_icon=&#8221;true&#8221; link=&#8221;url:https%3A%2F%2Fwww.topo-gps.com%2Ffi%2Fusein-kysytyt-kysymykset%2F|title:Usein%20Kysytyt%20Kysymykset|&#8221;][\/vc_column][\/vc_row][\/vc_section][vc_section][vc_row][vc_column][\/vc_column][\/vc_row][vc_row][vc_column][\/vc_column][\/vc_row][\/vc_section][vc_section section_type=&#8221;reviews&#8221; reviews_type=&#8221;1&#8243; bg_class=&#8221;bg-lightgrey&#8221; parallax_image_attachment=&#8221;fixed&#8221; padding_class=&#8221;wide-100&#8243;][vc_row parallax_image_attachment=&#8221;inherit&#8221;][vc_column][\/vc_column][\/vc_row][\/vc_section]","og_url":"https:\/\/www.topo-gps.com\/fi\/tuki\/","og_site_name":"Topo GPS","article_modified_time":"2024-02-17T15:51:07+00:00","twitter_card":"summary_large_image","twitter_misc":{"Arvioitu lukuaika":"2 minuuttia"},"schema":{"@context":"https:\/\/schema.org","@graph":[{"@type":"WebPage","@id":"https:\/\/www.topo-gps.com\/fi\/tuki\/","url":"https:\/\/www.topo-gps.com\/fi\/tuki\/","name":"Tuki - Topo GPS","isPartOf":{"@id":"https:\/\/www.topo-gps.com\/fi\/#website"},"datePublished":"2022-01-31T10:35:56+00:00","dateModified":"2024-02-17T15:51:07+00:00","breadcrumb":{"@id":"https:\/\/www.topo-gps.com\/fi\/tuki\/#breadcrumb"},"inLanguage":"fi","potentialAction":[{"@type":"ReadAction","target":["https:\/\/www.topo-gps.com\/fi\/tuki\/"]}]},{"@type":"BreadcrumbList","@id":"https:\/\/www.topo-gps.com\/fi\/tuki\/#breadcrumb","itemListElement":[{"@type":"ListItem","position":1,"name":"Home","item":"https:\/\/www.topo-gps.com\/fi\/topo-gps\/"},{"@type":"ListItem","position":2,"name":"Tuki"}]},{"@type":"WebSite","@id":"https:\/\/www.topo-gps.com\/fi\/#website","url":"https:\/\/www.topo-gps.com\/fi\/","name":"Topo GPS","description":"Topographic maps GPS for iPhone, Android, iPad and Apple Watch","potentialAction":[{"@type":"SearchAction","target":{"@type":"EntryPoint","urlTemplate":"https:\/\/www.topo-gps.com\/fi\/?s={search_term_string}"},"query-input":{"@type":"PropertyValueSpecification","valueRequired":true,"valueName":"search_term_string"}}],"inLanguage":"fi"}]}},"_links":{"self":[{"href":"https:\/\/www.topo-gps.com\/fi\/wp-json\/wp\/v2\/pages\/6540","targetHints":{"allow":["GET"]}}],"collection":[{"href":"https:\/\/www.topo-gps.com\/fi\/wp-json\/wp\/v2\/pages"}],"about":[{"href":"https:\/\/www.topo-gps.com\/fi\/wp-json\/wp\/v2\/types\/page"}],"author":[{"embeddable":true,"href":"https:\/\/www.topo-gps.com\/fi\/wp-json\/wp\/v2\/users\/1"}],"replies":[{"embeddable":true,"href":"https:\/\/www.topo-gps.com\/fi\/wp-json\/wp\/v2\/comments?post=6540"}],"version-history":[{"count":0,"href":"https:\/\/www.topo-gps.com\/fi\/wp-json\/wp\/v2\/pages\/6540\/revisions"}],"wp:attachment":[{"href":"https:\/\/www.topo-gps.com\/fi\/wp-json\/wp\/v2\/media?parent=6540"}],"curies":[{"name":"wp","href":"https:\/\/api.w.org\/{rel}","templated":true}]}}