{"id":6368,"date":"2022-01-29T20:41:56","date_gmt":"2022-01-29T19:41:56","guid":{"rendered":"http:\/\/test.topo-gps.com\/kayttoehdot\/"},"modified":"2022-02-06T21:21:39","modified_gmt":"2022-02-06T20:21:39","slug":"kayttoehdot","status":"publish","type":"page","link":"https:\/\/www.topo-gps.com\/fi\/kayttoehdot\/","title":{"rendered":"K\u00e4ytt\u00f6ehdot"},"content":{"rendered":"<div class=\"wpb-content-wrapper\"><p>[vc_section][vc_row][vc_column]\r\n        <div class=\"section-title  wow perch-fadeInUp fadeInUp text-center\" data-wow-delay=\"300ms\" data-wow-duration=\"1200ms\">\r\n            <h2 class=\"h2-sm\">K\u00e4ytt\u00f6ehdot<\/h2>\r\n                     \r\n        <\/div>[\/vc_column][\/vc_row][vc_row][vc_column][vc_column_text]Jos k\u00e4yt\u00e4t Topo GPS:\u00e4\u00e4 Apple-laitteissa, <a href=\"https:\/\/www.apple.com\/legal\/internet-services\/itunes\/dev\/stdeula\/\">AppStore-lisensoidun sovelluksen loppuk\u00e4ytt\u00e4j\u00e4n lisenssisopimus<\/a> on voimassa alla mainittujen seikkojen lis\u00e4ksi.<\/p>\n<p>Jos k\u00e4yt\u00e4t Topo GPS:\u00e4\u00e4 Android-laitteissa, <a href=\"https:\/\/play.google.com\/about\/play-terms\/\">Google Play -kaupan ehdot<\/a> ovat voimassa alla mainittujen seikkojen lis\u00e4ksi.<\/p>\n<p>Jos k\u00e4yt\u00e4t Topo GPS -sovellusta, teet t\u00e4m\u00e4n omalla vastuullasi. Emme ole vastuussa sovelluksen k\u00e4yt\u00f6n aiheuttamista vahingoista.<\/p>\n<p>Topo GPS:ss\u00e4 k\u00e4ytett\u00e4vi\u00e4 karttoja ei saa jakaa mill\u00e4\u00e4n tavalla, odotettavissa, ett\u00e4 karttalisenssi sen nimenomaisesti sallii. Voit tarkastella karttalisenssi\u00e4 napauttamalla kartan tekij\u00e4noikeustietoja alareunassa.<\/p>\n<p>Jos jaat reittisi Topo GPS:n kanssa, reitti ja mahdolliset kuvat tulevat muiden Topo GPS:n k\u00e4ytt\u00e4jien saataville. Topo GPS voi my\u00f6s k\u00e4ytt\u00e4\u00e4 ja jakaa n\u00e4it\u00e4 reittej\u00e4 ja kuvia verkkosivuillaan. Jos haluat k\u00e4ytt\u00e4\u00e4 jaetun reittisi poistamiseen, l\u00e4het\u00e4 meille viesti.[\/vc_column_text][\/vc_column][\/vc_row][\/vc_section]<\/p>\n<\/div>","protected":false},"excerpt":{"rendered":"<p>[vc_section][vc_row][vc_column][\/vc_column][\/vc_row][vc_row][vc_column][vc_column_text]Jos k\u00e4yt\u00e4t Topo GPS:\u00e4\u00e4 Apple-laitteissa, AppStore-lisensoidun sovelluksen loppuk\u00e4ytt\u00e4j\u00e4n lisenssisopimus on voimassa alla mainittujen seikkojen lis\u00e4ksi. Jos k\u00e4yt\u00e4t Topo GPS:\u00e4\u00e4 Android-laitteissa, Google Play -kaupan ehdot ovat voimassa alla mainittujen seikkojen lis\u00e4ksi. Jos k\u00e4yt\u00e4t Topo GPS -sovellusta, teet t\u00e4m\u00e4n omalla vastuullasi. Emme ole vastuussa sovelluksen k\u00e4yt\u00f6n aiheuttamista vahingoista. Topo GPS:ss\u00e4 k\u00e4ytett\u00e4vi\u00e4 karttoja ei saa jakaa mill\u00e4\u00e4n tavalla, odotettavissa, ett\u00e4 karttalisenssi sen nimenomaisesti sallii. Voit tarkastella karttalisenssi\u00e4 napauttamalla kartan tekij\u00e4noikeustietoja alareunassa. Jos jaat reittisi Topo GPS:n kanssa, reitti ja mahdolliset kuvat tulevat muiden Topo GPS:n k\u00e4ytt\u00e4jien saataville. Topo GPS voi my\u00f6s k\u00e4ytt\u00e4\u00e4 ja jakaa n\u00e4it\u00e4 reittej\u00e4 ja kuvia verkkosivuillaan. Jos haluat k\u00e4ytt\u00e4\u00e4 jaetun&#8230;<\/p>\n","protected":false},"author":1,"featured_media":0,"parent":0,"menu_order":0,"comment_status":"closed","ping_status":"closed","template":"","meta":{"footnotes":""},"class_list":["post-6368","page","type-page","status-publish","hentry","no-post-thumbnail"],"yoast_head":"<!-- This site is optimized with the Yoast SEO plugin v27.6 - https:\/\/yoast.com\/product\/yoast-seo-wordpress\/ -->\n<title>K\u00e4ytt\u00f6ehdot - Topo GPS<\/title>\n<meta name=\"robots\" content=\"index, follow, max-snippet:-1, max-image-preview:large, max-video-preview:-1\" \/>\n<link rel=\"canonical\" href=\"https:\/\/www.topo-gps.com\/fi\/kayttoehdot\/\" \/>\n<meta property=\"og:locale\" content=\"fi_FI\" \/>\n<meta property=\"og:type\" content=\"article\" \/>\n<meta property=\"og:title\" content=\"K\u00e4ytt\u00f6ehdot - Topo GPS\" \/>\n<meta property=\"og:description\" content=\"[vc_section][vc_row][vc_column][\/vc_column][\/vc_row][vc_row][vc_column][vc_column_text]Jos k\u00e4yt\u00e4t Topo GPS:\u00e4\u00e4 Apple-laitteissa, AppStore-lisensoidun sovelluksen loppuk\u00e4ytt\u00e4j\u00e4n lisenssisopimus on voimassa alla mainittujen seikkojen lis\u00e4ksi. Jos k\u00e4yt\u00e4t Topo GPS:\u00e4\u00e4 Android-laitteissa, Google Play -kaupan ehdot ovat voimassa alla mainittujen seikkojen lis\u00e4ksi. Jos k\u00e4yt\u00e4t Topo GPS -sovellusta, teet t\u00e4m\u00e4n omalla vastuullasi. Emme ole vastuussa sovelluksen k\u00e4yt\u00f6n aiheuttamista vahingoista. Topo GPS:ss\u00e4 k\u00e4ytett\u00e4vi\u00e4 karttoja ei saa jakaa mill\u00e4\u00e4n tavalla, odotettavissa, ett\u00e4 karttalisenssi sen nimenomaisesti sallii. Voit tarkastella karttalisenssi\u00e4 napauttamalla kartan tekij\u00e4noikeustietoja alareunassa. Jos jaat reittisi Topo GPS:n kanssa, reitti ja mahdolliset kuvat tulevat muiden Topo GPS:n k\u00e4ytt\u00e4jien saataville. Topo GPS voi my\u00f6s k\u00e4ytt\u00e4\u00e4 ja jakaa n\u00e4it\u00e4 reittej\u00e4 ja kuvia verkkosivuillaan. Jos haluat k\u00e4ytt\u00e4\u00e4 jaetun...\" \/>\n<meta property=\"og:url\" content=\"https:\/\/www.topo-gps.com\/fi\/kayttoehdot\/\" \/>\n<meta property=\"og:site_name\" content=\"Topo GPS\" \/>\n<meta property=\"article:modified_time\" content=\"2022-02-06T20:21:39+00:00\" \/>\n<meta name=\"twitter:card\" content=\"summary_large_image\" \/>\n<meta name=\"twitter:label1\" content=\"Arvioitu lukuaika\" \/>\n\t<meta name=\"twitter:data1\" content=\"1 minuutti\" \/>\n<script type=\"application\/ld+json\" class=\"yoast-schema-graph\">{\"@context\":\"https:\\\/\\\/schema.org\",\"@graph\":[{\"@type\":\"WebPage\",\"@id\":\"https:\\\/\\\/www.topo-gps.com\\\/fi\\\/kayttoehdot\\\/\",\"url\":\"https:\\\/\\\/www.topo-gps.com\\\/fi\\\/kayttoehdot\\\/\",\"name\":\"K\u00e4ytt\u00f6ehdot - Topo GPS\",\"isPartOf\":{\"@id\":\"https:\\\/\\\/www.topo-gps.com\\\/fi\\\/#website\"},\"datePublished\":\"2022-01-29T19:41:56+00:00\",\"dateModified\":\"2022-02-06T20:21:39+00:00\",\"breadcrumb\":{\"@id\":\"https:\\\/\\\/www.topo-gps.com\\\/fi\\\/kayttoehdot\\\/#breadcrumb\"},\"inLanguage\":\"fi\",\"potentialAction\":[{\"@type\":\"ReadAction\",\"target\":[\"https:\\\/\\\/www.topo-gps.com\\\/fi\\\/kayttoehdot\\\/\"]}]},{\"@type\":\"BreadcrumbList\",\"@id\":\"https:\\\/\\\/www.topo-gps.com\\\/fi\\\/kayttoehdot\\\/#breadcrumb\",\"itemListElement\":[{\"@type\":\"ListItem\",\"position\":1,\"name\":\"Home\",\"item\":\"https:\\\/\\\/www.topo-gps.com\\\/fi\\\/topo-gps\\\/\"},{\"@type\":\"ListItem\",\"position\":2,\"name\":\"K\u00e4ytt\u00f6ehdot\"}]},{\"@type\":\"WebSite\",\"@id\":\"https:\\\/\\\/www.topo-gps.com\\\/fi\\\/#website\",\"url\":\"https:\\\/\\\/www.topo-gps.com\\\/fi\\\/\",\"name\":\"Topo GPS\",\"description\":\"Topographic maps GPS for iPhone, Android, iPad and Apple Watch\",\"potentialAction\":[{\"@type\":\"SearchAction\",\"target\":{\"@type\":\"EntryPoint\",\"urlTemplate\":\"https:\\\/\\\/www.topo-gps.com\\\/fi\\\/?s={search_term_string}\"},\"query-input\":{\"@type\":\"PropertyValueSpecification\",\"valueRequired\":true,\"valueName\":\"search_term_string\"}}],\"inLanguage\":\"fi\"}]}<\/script>\n<!-- \/ Yoast SEO plugin. -->","yoast_head_json":{"title":"K\u00e4ytt\u00f6ehdot - Topo GPS","robots":{"index":"index","follow":"follow","max-snippet":"max-snippet:-1","max-image-preview":"max-image-preview:large","max-video-preview":"max-video-preview:-1"},"canonical":"https:\/\/www.topo-gps.com\/fi\/kayttoehdot\/","og_locale":"fi_FI","og_type":"article","og_title":"K\u00e4ytt\u00f6ehdot - Topo GPS","og_description":"[vc_section][vc_row][vc_column][\/vc_column][\/vc_row][vc_row][vc_column][vc_column_text]Jos k\u00e4yt\u00e4t Topo GPS:\u00e4\u00e4 Apple-laitteissa, AppStore-lisensoidun sovelluksen loppuk\u00e4ytt\u00e4j\u00e4n lisenssisopimus on voimassa alla mainittujen seikkojen lis\u00e4ksi. Jos k\u00e4yt\u00e4t Topo GPS:\u00e4\u00e4 Android-laitteissa, Google Play -kaupan ehdot ovat voimassa alla mainittujen seikkojen lis\u00e4ksi. Jos k\u00e4yt\u00e4t Topo GPS -sovellusta, teet t\u00e4m\u00e4n omalla vastuullasi. Emme ole vastuussa sovelluksen k\u00e4yt\u00f6n aiheuttamista vahingoista. Topo GPS:ss\u00e4 k\u00e4ytett\u00e4vi\u00e4 karttoja ei saa jakaa mill\u00e4\u00e4n tavalla, odotettavissa, ett\u00e4 karttalisenssi sen nimenomaisesti sallii. Voit tarkastella karttalisenssi\u00e4 napauttamalla kartan tekij\u00e4noikeustietoja alareunassa. Jos jaat reittisi Topo GPS:n kanssa, reitti ja mahdolliset kuvat tulevat muiden Topo GPS:n k\u00e4ytt\u00e4jien saataville. Topo GPS voi my\u00f6s k\u00e4ytt\u00e4\u00e4 ja jakaa n\u00e4it\u00e4 reittej\u00e4 ja kuvia verkkosivuillaan. Jos haluat k\u00e4ytt\u00e4\u00e4 jaetun...","og_url":"https:\/\/www.topo-gps.com\/fi\/kayttoehdot\/","og_site_name":"Topo GPS","article_modified_time":"2022-02-06T20:21:39+00:00","twitter_card":"summary_large_image","twitter_misc":{"Arvioitu lukuaika":"1 minuutti"},"schema":{"@context":"https:\/\/schema.org","@graph":[{"@type":"WebPage","@id":"https:\/\/www.topo-gps.com\/fi\/kayttoehdot\/","url":"https:\/\/www.topo-gps.com\/fi\/kayttoehdot\/","name":"K\u00e4ytt\u00f6ehdot - Topo GPS","isPartOf":{"@id":"https:\/\/www.topo-gps.com\/fi\/#website"},"datePublished":"2022-01-29T19:41:56+00:00","dateModified":"2022-02-06T20:21:39+00:00","breadcrumb":{"@id":"https:\/\/www.topo-gps.com\/fi\/kayttoehdot\/#breadcrumb"},"inLanguage":"fi","potentialAction":[{"@type":"ReadAction","target":["https:\/\/www.topo-gps.com\/fi\/kayttoehdot\/"]}]},{"@type":"BreadcrumbList","@id":"https:\/\/www.topo-gps.com\/fi\/kayttoehdot\/#breadcrumb","itemListElement":[{"@type":"ListItem","position":1,"name":"Home","item":"https:\/\/www.topo-gps.com\/fi\/topo-gps\/"},{"@type":"ListItem","position":2,"name":"K\u00e4ytt\u00f6ehdot"}]},{"@type":"WebSite","@id":"https:\/\/www.topo-gps.com\/fi\/#website","url":"https:\/\/www.topo-gps.com\/fi\/","name":"Topo GPS","description":"Topographic maps GPS for iPhone, Android, iPad and Apple Watch","potentialAction":[{"@type":"SearchAction","target":{"@type":"EntryPoint","urlTemplate":"https:\/\/www.topo-gps.com\/fi\/?s={search_term_string}"},"query-input":{"@type":"PropertyValueSpecification","valueRequired":true,"valueName":"search_term_string"}}],"inLanguage":"fi"}]}},"_links":{"self":[{"href":"https:\/\/www.topo-gps.com\/fi\/wp-json\/wp\/v2\/pages\/6368","targetHints":{"allow":["GET"]}}],"collection":[{"href":"https:\/\/www.topo-gps.com\/fi\/wp-json\/wp\/v2\/pages"}],"about":[{"href":"https:\/\/www.topo-gps.com\/fi\/wp-json\/wp\/v2\/types\/page"}],"author":[{"embeddable":true,"href":"https:\/\/www.topo-gps.com\/fi\/wp-json\/wp\/v2\/users\/1"}],"replies":[{"embeddable":true,"href":"https:\/\/www.topo-gps.com\/fi\/wp-json\/wp\/v2\/comments?post=6368"}],"version-history":[{"count":0,"href":"https:\/\/www.topo-gps.com\/fi\/wp-json\/wp\/v2\/pages\/6368\/revisions"}],"wp:attachment":[{"href":"https:\/\/www.topo-gps.com\/fi\/wp-json\/wp\/v2\/media?parent=6368"}],"curies":[{"name":"wp","href":"https:\/\/api.w.org\/{rel}","templated":true}]}}