{"id":6286,"date":"2022-01-29T20:38:53","date_gmt":"2022-01-29T19:38:53","guid":{"rendered":"http:\/\/test.topo-gps.com\/topo-gps-ammattilaisille\/"},"modified":"2022-02-26T20:47:51","modified_gmt":"2022-02-26T19:47:51","slug":"topo-gps-ammattilaisille","status":"publish","type":"page","link":"https:\/\/www.topo-gps.com\/fi\/topo-gps-ammattilaisille\/","title":{"rendered":"Topo GPS ammattilaisille"},"content":{"rendered":"<div class=\"wpb-content-wrapper\"><p>[vc_row parallax_image_attachment=&#8221;inherit&#8221;][vc_column]\r\n        <div class=\"section-title  wow perch-fadeInUp fadeInUp text-center\" data-wow-delay=\"300ms\" data-wow-duration=\"1200ms\">\r\n            <h2 class=\"h2-sm\">Topo GPS:\u00e4\u00e4 k\u00e4ytt\u00e4v\u00e4t monet ammattik\u00e4ytt\u00e4j\u00e4t<\/h2>\r\n            <p class=\"p-lg\">Sovellusta k\u00e4ytet\u00e4\u00e4n laajalti navigointiin, tiedon kirjaamiseen ja tietokerroksiin. Sovelluksella on monia aktiivisia k\u00e4ytt\u00e4ji\u00e4 muun muassa armeijasta, ymp\u00e4rist\u00f6tutkijoista, SAR:sta ja infrastruktuurin tarkastuksesta.<\/p>         \r\n        <\/div>[\/vc_column][\/vc_row][vc_section section_type=&#8221;faqs&#8221; faqs_type=&#8221;1&#8243; parallax_image_attachment=&#8221;inherit&#8221; padding_class=&#8221;wide-100&#8243; el_id=&#8221;faqs&#8221;][vc_row][vc_column width=&#8221;1\/2&#8243;]\r\n        <div class=\"mb-25 pl-30 pr-30  wow perch-fadeInUp fadeInUp\" data-wow-delay=\"300ms\" data-wow-duration=\"1200ms\"> \r\n                   \r\n                   \r\n            <h5 class=\"dark-color h5-sm none os-version\" style=\"font-weight: 500;\">Voinko integroida omia tietojani?<\/h5>\r\n            <p class=\"Default none os-version\">Voit laittaa tietosi esimerkiksi GPX-tiedostoon ja tuoda ne sitten. Pyyd\u00e4 sinua ja tiimi\u00e4si muuttamaan se ja viem\u00e4\u00e4n se sitten integroitujen lis\u00e4tietojen kanssa.<\/p>         \r\n        <\/div>\r\n        <div class=\"mb-25 pl-30 pr-30  wow perch-fadeInUp fadeInUp\" data-wow-delay=\"300ms\" data-wow-duration=\"1200ms\"> \r\n                   \r\n                   \r\n            <h5 class=\"Default h5-sm none os-version\" style=\"font-weight: 500;\">Voinko jakaa tietoja omiin tietokantoihini?<\/h5>\r\n            <p class=\"Default none os-version\">Voit ladata tietoja eri muodoissa, kuten edell\u00e4 mainittiin. Mahdollisesti kuvakkeen lis\u00e4\u00e4minen kohteen tunnistamiseksi kartalla.<\/p>         \r\n        <\/div>\r\n        <div class=\"mb-25 pl-30 pr-30  wow perch-fadeInUp fadeInUp\" data-wow-delay=\"300ms\" data-wow-duration=\"1200ms\"> \r\n                   \r\n                   \r\n            <h5 class=\"Default h5-sm none os-version\" style=\"font-weight: 500;\">Toimiiko Topo GPS GIS-ohjelmistoni kanssa?<\/h5>\r\n            <p class=\"Default none os-version\">Suurin osa tietoformaateistamme on yhteensopivia ja tuottavissa yleisill\u00e4 GIS-ohjelmistoilla, kuten ArcGIS ja QGIS<\/p>         \r\n        <\/div>\r\n        <div class=\"mb-25 pl-30 pr-30  wow perch-fadeInUp fadeInUp\" data-wow-delay=\"300ms\" data-wow-duration=\"1200ms\"> \r\n                   \r\n                   \r\n            <h5 class=\"Default h5-sm none os-version\" style=\"font-weight: 500;\">Mit\u00e4 tietomuotoja tuet<\/h5>\r\n            <p class=\"Default none os-version\">Kyll\u00e4, <a href=\"https:\/\/www.topo-gps.com\/supported-data-formats\/\">Topo GPS tukee suurta m\u00e4\u00e4r\u00e4\u00e4 Geo Data Formats<\/a> ja tietotyyppej\u00e4 sek\u00e4 tuontia ett\u00e4 vienti\u00e4 varten.<\/p>         \r\n        <\/div>[\/vc_column][vc_column width=&#8221;1\/2&#8243;]\r\n        <div class=\"mb-25 pl-30 pr-30  wow perch-fadeInUp fadeInUp\" data-wow-delay=\"300ms\" data-wow-duration=\"1200ms\"> \r\n                   \r\n                   \r\n            <h5 class=\"Default h5-sm none os-version\" style=\"font-weight: 500;\">Mit\u00e4 voin tehd\u00e4 GEO-JSON:lla<\/h5>\r\n            <p class=\"Default none os-version\">Geo JSONin avulla voit lis\u00e4t\u00e4 karttaan tietoja, kuten rajoja tai viivoja, joiden avulla voidaan n\u00e4ytt\u00e4\u00e4, mitk\u00e4 alueet pit\u00e4isi esimerkiksi tutkia.<\/p>         \r\n        <\/div>\r\n        <div class=\"mb-25 pl-30 pr-30  wow perch-fadeInUp fadeInUp\" data-wow-delay=\"300ms\" data-wow-duration=\"1200ms\"> \r\n                   \r\n                   \r\n            <h5 class=\"Default h5-sm none os-version\" style=\"font-weight: 500;\">Onko sinulla tietty ammattiversio<\/h5>\r\n            <p class=\"Default none os-version\">Kaikki ominaisuudet ovat kaikkien asiakkaidemme k\u00e4ytett\u00e4viss\u00e4. Ajattelemme mahdollista liiketoimintakeskeist\u00e4 versiota mukautetuilla ominaisuuksilla. Jos olet kiinnostunut, j\u00e4t\u00e4 meille kommentti yhteystietosivulla.<\/p>         \r\n        <\/div>\r\n        <div class=\"mb-25 pl-30 pr-30  wow perch-fadeInUp fadeInUp\" data-wow-delay=\"300ms\" data-wow-duration=\"1200ms\"> \r\n                   \r\n                   \r\n            <h5 class=\"Default h5-sm none os-version\" style=\"font-weight: 500;\">Voitko rakentaa mukautetun ominaisuuden minulle<\/h5>\r\n            <p class=\"Default none os-version\">Meill\u00e4 on hyvin rajalliset kehitysresurssit. Siksi keskitymme t\u00e4ll\u00e4 hetkell\u00e4 ominaisuuksiin kaikille asiakkaille.<\/p>         \r\n        <\/div>\r\n        <div class=\"mb-25 pl-30 pr-30  wow perch-fadeInUp fadeInUp\" data-wow-delay=\"300ms\" data-wow-duration=\"1200ms\"> \r\n                   \r\n                   \r\n            <h5 class=\"Default h5-sm none os-version\" style=\"font-weight: 500;\">Voinko tilata Topo GPS:n irtotavarana<\/h5>\r\n            <p class=\"Default none os-version\">Kyll\u00e4, se on mahdollista. Ota yhteytt\u00e4 ja pyyd\u00e4 tarjous sovellusten joukkotilauksesta.<\/p>         \r\n        <\/div>[\/vc_column][\/vc_row][\/vc_section][vc_row][vc_column][vc_separator][\/vc_column][\/vc_row][vc_section section_type=&#8221;features&#8221; features_type=&#8221;4&#8243; parallax_image_attachment=&#8221;inherit&#8221; el_id=&#8221;about&#8221;][vc_row parallax_image_attachment=&#8221;inherit&#8221;][vc_column width=&#8221;5\/12&#8243;]\r\n        <div class=\"features-img  wow perch-fadeInLeft fadeInLeft\" data-wow-delay=\"300ms\" data-wow-duration=\"1200ms\"> \r\n        <img decoding=\"async\" class=\"vc_single_image-img img-fluid\"  src=\"https:\/\/www.topo-gps.com\/wp-content\/uploads\/2021\/12\/en-ss7-1.jpg\" alt=\"External image\" \/>\r\n        <\/div>[\/vc_column][vc_column width=&#8221;1\/12&#8243;][\/vc_column][vc_column width=&#8221;1\/2&#8243;][vc_row_inner][vc_column_inner width=&#8221;1\/2&#8243;]\r\n        <div class=\"wow perch-fadeInUp fadeInUp fbox-4\" data-wow-delay=\"300ms\" data-wow-duration=\"1200ms\"> \r\n            <div class=\"fbox grey-color-box\">\r\n                <div class=\"grey-color-icon b-icon box-icon-md\"><span class=\"ti-Line-Database grey-color\"><\/span><\/div>  \r\n                <div class=\"fbox-4-txt\">    \r\n                    <h5 class=\"h5-sm\">GEO-JSON-tuonti<\/h5>\r\n                    <p class=\"grey-color\">K\u00e4yt\u00e4 GEO-JSON-muotoa n\u00e4ytt\u00e4\u00e4ksesi rajoja tai muita graafisia tasoja topografisissa kartoissa.<\/p>\r\n                    \r\n                <\/div> \r\n            <\/div>        \r\n        <\/div>\r\n        <div class=\"wow perch-fadeInUp fadeInUp fbox-4\" data-wow-delay=\"300ms\" data-wow-duration=\"1200ms\"> \r\n            <div class=\"fbox grey-color-box\">\r\n                <div class=\"grey-color-icon b-icon box-icon-md\"><span class=\"ti-Line-Cloud-2 grey-color\"><\/span><\/div>  \r\n                <div class=\"fbox-4-txt\">    \r\n                    <h5 class=\"h5-sm\">GPX-tiedostojen tuonti ja vienti<\/h5>\r\n                    <p class=\"grey-color\">Voit tuoda geotietotiedostoja ladataksesi ammattimaisia datapisteit\u00e4 ja j\u00e4lki\u00e4. Tai luo tiedot ja vie ne.<\/p>\r\n                    \r\n                <\/div> \r\n            <\/div>        \r\n        <\/div>\r\n        <div class=\"wow perch-fadeInUp fadeInUp fbox\" data-wow-delay=\"300ms\" data-wow-duration=\"1200ms\"> \r\n            <div class=\"fbox grey-color-box\">\r\n                <div class=\"grey-color-icon b-icon box-icon-md\"><span class=\"ti-Line-Map-Pin-3 grey-color\"><\/span><\/div>  \r\n                <div class=\"fbox-txt\">    \r\n                    <h5 class=\"h5-sm\">Reittipistekartat<\/h5>\r\n                    <p class=\"grey-color\">Tallenna tiedot kartalle lis\u00e4tiedoilla tai kuvilla maantieteellisten tietojen kirjaamiseksi.<\/p>\r\n                    \r\n                <\/div> \r\n            <\/div>        \r\n        <\/div>[\/vc_column_inner][vc_column_inner width=&#8221;1\/2&#8243;]\r\n        <div class=\"wow perch-fadeInUp fadeInUp fbox-4\" data-wow-delay=\"300ms\" data-wow-duration=\"1200ms\"> \r\n            <div class=\"fbox grey-color-box\">\r\n                <div class=\"grey-color-icon b-icon box-icon-md\"><span class=\"ti-Line-Map-Pin-4 grey-color\"><\/span><\/div>  \r\n                <div class=\"fbox-4-txt\">    \r\n                    <h5 class=\"h5-sm\">Mukautetut kuvakkeet<\/h5>\r\n                    <p class=\"grey-color\">Erota erityyppiset datapisteet lis\u00e4\u00e4m\u00e4ll\u00e4 mukautettuja kuvakkeita reittipisteisiin.<\/p>\r\n                    \r\n                <\/div> \r\n            <\/div>        \r\n        <\/div>\r\n        <div class=\"wow perch-fadeInUp fadeInUp fbox-4\" data-wow-delay=\"300ms\" data-wow-duration=\"1200ms\"> \r\n            <div class=\"fbox grey-color-box\">\r\n                <div class=\"grey-color-icon b-icon box-icon-md\"><span class=\"ti-Line-Equalizer grey-color\"><\/span><\/div>  \r\n                <div class=\"fbox-4-txt\">    \r\n                    <h5 class=\"h5-sm\">Useita koordinaattimuotoja<\/h5>\r\n                    <p class=\"grey-color\">Jokainen sektori k\u00e4ytt\u00e4\u00e4 omaa paikkatietoformaattiaan, Topo GPS tukee l\u00e4hes mit\u00e4 tahansa formaattia.<\/p>\r\n                    \r\n                <\/div> \r\n            <\/div>        \r\n        <\/div>\r\n        <div class=\"wow perch-fadeInUp fadeInUp fbox\" data-wow-delay=\"300ms\" data-wow-duration=\"1200ms\"> \r\n            <div class=\"fbox grey-color-box\">\r\n                <div class=\"grey-color-icon b-icon box-icon-md\"><span class=\"ti-Line-Text-1 grey-color\"><\/span><\/div>  \r\n                <div class=\"fbox-txt\">    \r\n                    <h5 class=\"h5-sm\">Koordinaatit<\/h5>\r\n                    <p class=\"grey-color\">Voit jakaa projektisi loogisiin osiin k\u00e4ytt\u00e4m\u00e4ll\u00e4 build in grid-kerroksia.<\/p>\r\n                    \r\n                <\/div> \r\n            <\/div>        \r\n        <\/div>[\/vc_column_inner][\/vc_row_inner][\/vc_column][\/vc_row][\/vc_section][vc_row][vc_column][vc_column_text]<\/p>\n<div class=\"more-questions-btn wow fadeInUp\" data-wow-delay=\"1.1s\"><!-- Text --><\/p>\n<h5 class=\"h5-sm txt-500\" style=\"text-align: center;\">Haluatko tiet\u00e4\u00e4 lis\u00e4\u00e4? <a class=\"green-color\" href=\"http:\/\/test.topo-gps.com\/faqs-page\/\">Esit\u00e4 kysymyksesi yhteydenottolomakkeemme kautta t\u00e4\u00e4ll\u00e4<\/a><\/h5>\n<\/div>\n<p>[\/vc_column_text][\/vc_column][\/vc_row]<\/p>\n<\/div>","protected":false},"excerpt":{"rendered":"<p>[vc_row parallax_image_attachment=&#8221;inherit&#8221;][vc_column][\/vc_column][\/vc_row][vc_section section_type=&#8221;faqs&#8221; faqs_type=&#8221;1&#8243; parallax_image_attachment=&#8221;inherit&#8221; padding_class=&#8221;wide-100&#8243; el_id=&#8221;faqs&#8221;][vc_row][vc_column width=&#8221;1\/2&#8243;][\/vc_column][vc_column width=&#8221;1\/2&#8243;][\/vc_column][\/vc_row][\/vc_section][vc_row][vc_column][vc_separator][\/vc_column][\/vc_row][vc_section section_type=&#8221;features&#8221; features_type=&#8221;4&#8243; parallax_image_attachment=&#8221;inherit&#8221; el_id=&#8221;about&#8221;][vc_row parallax_image_attachment=&#8221;inherit&#8221;][vc_column width=&#8221;5\/12&#8243;][\/vc_column][vc_column width=&#8221;1\/12&#8243;][\/vc_column][vc_column width=&#8221;1\/2&#8243;][vc_row_inner][vc_column_inner width=&#8221;1\/2&#8243;][\/vc_column_inner][vc_column_inner width=&#8221;1\/2&#8243;][\/vc_column_inner][\/vc_row_inner][\/vc_column][\/vc_row][\/vc_section][vc_row][vc_column][vc_column_text] Haluatko tiet\u00e4\u00e4 lis\u00e4\u00e4? Esit\u00e4 kysymyksesi yhteydenottolomakkeemme kautta t\u00e4\u00e4ll\u00e4 [\/vc_column_text][\/vc_column][\/vc_row]<\/p>\n","protected":false},"author":1,"featured_media":0,"parent":0,"menu_order":0,"comment_status":"closed","ping_status":"closed","template":"","meta":{"footnotes":""},"class_list":["post-6286","page","type-page","status-publish","hentry","no-post-thumbnail"],"yoast_head":"<!-- This site is optimized with the Yoast SEO plugin v27.6 - https:\/\/yoast.com\/product\/yoast-seo-wordpress\/ -->\n<title>Topo GPS ammattilaisille - Topo GPS<\/title>\n<meta name=\"robots\" content=\"index, follow, max-snippet:-1, max-image-preview:large, max-video-preview:-1\" \/>\n<link rel=\"canonical\" href=\"https:\/\/www.topo-gps.com\/fi\/topo-gps-ammattilaisille\/\" \/>\n<meta property=\"og:locale\" content=\"fi_FI\" \/>\n<meta property=\"og:type\" content=\"article\" \/>\n<meta property=\"og:title\" content=\"Topo GPS ammattilaisille - Topo GPS\" \/>\n<meta property=\"og:description\" content=\"[vc_row parallax_image_attachment=&#8221;inherit&#8221;][vc_column][\/vc_column][\/vc_row][vc_section section_type=&#8221;faqs&#8221; faqs_type=&#8221;1&#8243; parallax_image_attachment=&#8221;inherit&#8221; padding_class=&#8221;wide-100&#8243; el_id=&#8221;faqs&#8221;][vc_row][vc_column width=&#8221;1\/2&#8243;][\/vc_column][vc_column width=&#8221;1\/2&#8243;][\/vc_column][\/vc_row][\/vc_section][vc_row][vc_column][vc_separator][\/vc_column][\/vc_row][vc_section section_type=&#8221;features&#8221; features_type=&#8221;4&#8243; parallax_image_attachment=&#8221;inherit&#8221; el_id=&#8221;about&#8221;][vc_row parallax_image_attachment=&#8221;inherit&#8221;][vc_column width=&#8221;5\/12&#8243;][\/vc_column][vc_column width=&#8221;1\/12&#8243;][\/vc_column][vc_column width=&#8221;1\/2&#8243;][vc_row_inner][vc_column_inner width=&#8221;1\/2&#8243;][\/vc_column_inner][vc_column_inner width=&#8221;1\/2&#8243;][\/vc_column_inner][\/vc_row_inner][\/vc_column][\/vc_row][\/vc_section][vc_row][vc_column][vc_column_text] Haluatko tiet\u00e4\u00e4 lis\u00e4\u00e4? Esit\u00e4 kysymyksesi yhteydenottolomakkeemme kautta t\u00e4\u00e4ll\u00e4 [\/vc_column_text][\/vc_column][\/vc_row]\" \/>\n<meta property=\"og:url\" content=\"https:\/\/www.topo-gps.com\/fi\/topo-gps-ammattilaisille\/\" \/>\n<meta property=\"og:site_name\" content=\"Topo GPS\" \/>\n<meta property=\"article:modified_time\" content=\"2022-02-26T19:47:51+00:00\" \/>\n<meta name=\"twitter:card\" content=\"summary_large_image\" \/>\n<meta name=\"twitter:label1\" content=\"Arvioitu lukuaika\" \/>\n\t<meta name=\"twitter:data1\" content=\"4 minuuttia\" \/>\n<script type=\"application\/ld+json\" class=\"yoast-schema-graph\">{\"@context\":\"https:\\\/\\\/schema.org\",\"@graph\":[{\"@type\":\"WebPage\",\"@id\":\"https:\\\/\\\/www.topo-gps.com\\\/fi\\\/topo-gps-ammattilaisille\\\/\",\"url\":\"https:\\\/\\\/www.topo-gps.com\\\/fi\\\/topo-gps-ammattilaisille\\\/\",\"name\":\"Topo GPS ammattilaisille - Topo GPS\",\"isPartOf\":{\"@id\":\"https:\\\/\\\/www.topo-gps.com\\\/fi\\\/#website\"},\"datePublished\":\"2022-01-29T19:38:53+00:00\",\"dateModified\":\"2022-02-26T19:47:51+00:00\",\"breadcrumb\":{\"@id\":\"https:\\\/\\\/www.topo-gps.com\\\/fi\\\/topo-gps-ammattilaisille\\\/#breadcrumb\"},\"inLanguage\":\"fi\",\"potentialAction\":[{\"@type\":\"ReadAction\",\"target\":[\"https:\\\/\\\/www.topo-gps.com\\\/fi\\\/topo-gps-ammattilaisille\\\/\"]}]},{\"@type\":\"BreadcrumbList\",\"@id\":\"https:\\\/\\\/www.topo-gps.com\\\/fi\\\/topo-gps-ammattilaisille\\\/#breadcrumb\",\"itemListElement\":[{\"@type\":\"ListItem\",\"position\":1,\"name\":\"Home\",\"item\":\"https:\\\/\\\/www.topo-gps.com\\\/fi\\\/topo-gps\\\/\"},{\"@type\":\"ListItem\",\"position\":2,\"name\":\"Topo GPS ammattilaisille\"}]},{\"@type\":\"WebSite\",\"@id\":\"https:\\\/\\\/www.topo-gps.com\\\/fi\\\/#website\",\"url\":\"https:\\\/\\\/www.topo-gps.com\\\/fi\\\/\",\"name\":\"Topo GPS\",\"description\":\"Topographic maps GPS for iPhone, Android, iPad and Apple Watch\",\"potentialAction\":[{\"@type\":\"SearchAction\",\"target\":{\"@type\":\"EntryPoint\",\"urlTemplate\":\"https:\\\/\\\/www.topo-gps.com\\\/fi\\\/?s={search_term_string}\"},\"query-input\":{\"@type\":\"PropertyValueSpecification\",\"valueRequired\":true,\"valueName\":\"search_term_string\"}}],\"inLanguage\":\"fi\"}]}<\/script>\n<!-- \/ Yoast SEO plugin. -->","yoast_head_json":{"title":"Topo GPS ammattilaisille - Topo GPS","robots":{"index":"index","follow":"follow","max-snippet":"max-snippet:-1","max-image-preview":"max-image-preview:large","max-video-preview":"max-video-preview:-1"},"canonical":"https:\/\/www.topo-gps.com\/fi\/topo-gps-ammattilaisille\/","og_locale":"fi_FI","og_type":"article","og_title":"Topo GPS ammattilaisille - Topo GPS","og_description":"[vc_row parallax_image_attachment=&#8221;inherit&#8221;][vc_column][\/vc_column][\/vc_row][vc_section section_type=&#8221;faqs&#8221; faqs_type=&#8221;1&#8243; parallax_image_attachment=&#8221;inherit&#8221; padding_class=&#8221;wide-100&#8243; el_id=&#8221;faqs&#8221;][vc_row][vc_column width=&#8221;1\/2&#8243;][\/vc_column][vc_column width=&#8221;1\/2&#8243;][\/vc_column][\/vc_row][\/vc_section][vc_row][vc_column][vc_separator][\/vc_column][\/vc_row][vc_section section_type=&#8221;features&#8221; features_type=&#8221;4&#8243; parallax_image_attachment=&#8221;inherit&#8221; el_id=&#8221;about&#8221;][vc_row parallax_image_attachment=&#8221;inherit&#8221;][vc_column width=&#8221;5\/12&#8243;][\/vc_column][vc_column width=&#8221;1\/12&#8243;][\/vc_column][vc_column width=&#8221;1\/2&#8243;][vc_row_inner][vc_column_inner width=&#8221;1\/2&#8243;][\/vc_column_inner][vc_column_inner width=&#8221;1\/2&#8243;][\/vc_column_inner][\/vc_row_inner][\/vc_column][\/vc_row][\/vc_section][vc_row][vc_column][vc_column_text] Haluatko tiet\u00e4\u00e4 lis\u00e4\u00e4? Esit\u00e4 kysymyksesi yhteydenottolomakkeemme kautta t\u00e4\u00e4ll\u00e4 [\/vc_column_text][\/vc_column][\/vc_row]","og_url":"https:\/\/www.topo-gps.com\/fi\/topo-gps-ammattilaisille\/","og_site_name":"Topo GPS","article_modified_time":"2022-02-26T19:47:51+00:00","twitter_card":"summary_large_image","twitter_misc":{"Arvioitu lukuaika":"4 minuuttia"},"schema":{"@context":"https:\/\/schema.org","@graph":[{"@type":"WebPage","@id":"https:\/\/www.topo-gps.com\/fi\/topo-gps-ammattilaisille\/","url":"https:\/\/www.topo-gps.com\/fi\/topo-gps-ammattilaisille\/","name":"Topo GPS ammattilaisille - Topo GPS","isPartOf":{"@id":"https:\/\/www.topo-gps.com\/fi\/#website"},"datePublished":"2022-01-29T19:38:53+00:00","dateModified":"2022-02-26T19:47:51+00:00","breadcrumb":{"@id":"https:\/\/www.topo-gps.com\/fi\/topo-gps-ammattilaisille\/#breadcrumb"},"inLanguage":"fi","potentialAction":[{"@type":"ReadAction","target":["https:\/\/www.topo-gps.com\/fi\/topo-gps-ammattilaisille\/"]}]},{"@type":"BreadcrumbList","@id":"https:\/\/www.topo-gps.com\/fi\/topo-gps-ammattilaisille\/#breadcrumb","itemListElement":[{"@type":"ListItem","position":1,"name":"Home","item":"https:\/\/www.topo-gps.com\/fi\/topo-gps\/"},{"@type":"ListItem","position":2,"name":"Topo GPS ammattilaisille"}]},{"@type":"WebSite","@id":"https:\/\/www.topo-gps.com\/fi\/#website","url":"https:\/\/www.topo-gps.com\/fi\/","name":"Topo GPS","description":"Topographic maps GPS for iPhone, Android, iPad and Apple Watch","potentialAction":[{"@type":"SearchAction","target":{"@type":"EntryPoint","urlTemplate":"https:\/\/www.topo-gps.com\/fi\/?s={search_term_string}"},"query-input":{"@type":"PropertyValueSpecification","valueRequired":true,"valueName":"search_term_string"}}],"inLanguage":"fi"}]}},"_links":{"self":[{"href":"https:\/\/www.topo-gps.com\/fi\/wp-json\/wp\/v2\/pages\/6286","targetHints":{"allow":["GET"]}}],"collection":[{"href":"https:\/\/www.topo-gps.com\/fi\/wp-json\/wp\/v2\/pages"}],"about":[{"href":"https:\/\/www.topo-gps.com\/fi\/wp-json\/wp\/v2\/types\/page"}],"author":[{"embeddable":true,"href":"https:\/\/www.topo-gps.com\/fi\/wp-json\/wp\/v2\/users\/1"}],"replies":[{"embeddable":true,"href":"https:\/\/www.topo-gps.com\/fi\/wp-json\/wp\/v2\/comments?post=6286"}],"version-history":[{"count":0,"href":"https:\/\/www.topo-gps.com\/fi\/wp-json\/wp\/v2\/pages\/6286\/revisions"}],"wp:attachment":[{"href":"https:\/\/www.topo-gps.com\/fi\/wp-json\/wp\/v2\/media?parent=6286"}],"curies":[{"name":"wp","href":"https:\/\/api.w.org\/{rel}","templated":true}]}}