{"id":6267,"date":"2022-01-29T20:38:46","date_gmt":"2022-01-29T19:38:46","guid":{"rendered":"http:\/\/test.topo-gps.com\/usein-kysytyt-kysymykset\/"},"modified":"2022-09-10T20:37:10","modified_gmt":"2022-09-10T19:37:10","slug":"usein-kysytyt-kysymykset","status":"publish","type":"page","link":"https:\/\/www.topo-gps.com\/fi\/usein-kysytyt-kysymykset\/","title":{"rendered":"Usein Kysytyt Kysymykset"},"content":{"rendered":"<div class=\"wpb-content-wrapper\"><p>[vc_section][vc_row][vc_column]\r\n        <div class=\"section-title  wow perch-fadeInUp fadeInUp text-center\" data-wow-delay=\"300ms\" data-wow-duration=\"1200ms\">\r\n            <h2 class=\"h2-sm\">Usein Kysytyt Kysymykset<\/h2>\r\n            <p class=\"p-lg\">L\u00f6yd\u00e4 alta vastaukset usein kysyttyihin kysymyksiin Topo GPS:st\u00e4.<\/p>         \r\n        <\/div>[\/vc_column][\/vc_row][vc_row][vc_column]\r\n        <div id=\"accordion\" class=\"wow perch-fadeInUp fadeInUp\" data-wow-delay=\"300ms\" data-wow-duration=\"1200ms\" role=\"tablist\">                      \r\n            <div class=\"card-wrapper\" data-wow-delay=\"300ms\" data-wow-duration=\"1200ms\"><div class=\"card\">\r\n                        <div class='card-header' role='tab' id='heading-169df7b463f4fe'><h5 class=\"h5-md\"><a class=\"\" data-toggle=\"collapse\" href=\"#collapse-169df7b463f4fe\" role=\"button\" aria-expanded=\"true\" aria-controls=\"collapse-169df7b463f4fe\">I moved from Android to iOS. Can I transfer my map purchases?<\/a><\/h5><\/div>\r\n                        <div id='collapse-169df7b463f4fe' class='collapse show' role='tabpanel' aria-labelledby='heading-169df7b463f4fe' data-parent='#accordion'>\r\n                        <div class='card-body'><p>The purchases in Topo GPS are connected to your Google Play account on Android, and to your Apple ID on iOS. It is therefore not possible to transfer purchases from Android to iOS in Topo GPS (and vice versa).<\/p><\/div>\r\n                        <\/div>\r\n                    <\/div><div class=\"card\">\r\n                        <div class='card-header' role='tab' id='heading-269df7b463f557'><h5 class=\"h5-md\"><a class=\"collapsed\" data-toggle=\"collapse\" href=\"#collapse-269df7b463f557\" role=\"button\" aria-expanded=\"true\" aria-controls=\"collapse-269df7b463f557\">I get straight lines during a route recording when the Topo GPS is in the background.<\/a><\/h5><\/div>\r\n                        <div id='collapse-269df7b463f557' class='collapse' role='tabpanel' aria-labelledby='heading-269df7b463f557' data-parent='#accordion'>\r\n                        <div class='card-body'><p>If you are using Android, please make sure that you allow Topo GPS to use the battery in the background (Settings > Apps > Topo GPS > Advanced). Also disable possible battery optimizations for Topo GPS. <\/p><\/div>\r\n                        <\/div>\r\n                    <\/div><\/div>     \r\n        <\/div>[\/vc_column][\/vc_row][\/vc_section]<\/p>\n<\/div>","protected":false},"excerpt":{"rendered":"<p>[vc_section][vc_row][vc_column][\/vc_column][\/vc_row][vc_row][vc_column][\/vc_column][\/vc_row][\/vc_section]<\/p>\n","protected":false},"author":1,"featured_media":0,"parent":0,"menu_order":0,"comment_status":"closed","ping_status":"closed","template":"","meta":{"footnotes":""},"class_list":["post-6267","page","type-page","status-publish","hentry","no-post-thumbnail"],"yoast_head":"<!-- This site is optimized with the Yoast SEO plugin v27.4 - https:\/\/yoast.com\/product\/yoast-seo-wordpress\/ -->\n<title>Usein Kysytyt Kysymykset - Topo GPS<\/title>\n<meta name=\"robots\" content=\"index, follow, max-snippet:-1, max-image-preview:large, max-video-preview:-1\" \/>\n<link rel=\"canonical\" href=\"https:\/\/www.topo-gps.com\/fi\/usein-kysytyt-kysymykset\/\" \/>\n<meta property=\"og:locale\" content=\"fi_FI\" \/>\n<meta property=\"og:type\" content=\"article\" \/>\n<meta property=\"og:title\" content=\"Usein Kysytyt Kysymykset - Topo GPS\" \/>\n<meta property=\"og:description\" content=\"[vc_section][vc_row][vc_column][\/vc_column][\/vc_row][vc_row][vc_column][\/vc_column][\/vc_row][\/vc_section]\" \/>\n<meta property=\"og:url\" content=\"https:\/\/www.topo-gps.com\/fi\/usein-kysytyt-kysymykset\/\" \/>\n<meta property=\"og:site_name\" content=\"Topo GPS\" \/>\n<meta property=\"article:modified_time\" content=\"2022-09-10T19:37:10+00:00\" \/>\n<meta name=\"twitter:card\" content=\"summary_large_image\" \/>\n<meta name=\"twitter:label1\" content=\"Arvioitu lukuaika\" \/>\n\t<meta name=\"twitter:data1\" content=\"1 minuutti\" \/>\n<script type=\"application\/ld+json\" class=\"yoast-schema-graph\">{\"@context\":\"https:\\\/\\\/schema.org\",\"@graph\":[{\"@type\":\"WebPage\",\"@id\":\"https:\\\/\\\/www.topo-gps.com\\\/fi\\\/usein-kysytyt-kysymykset\\\/\",\"url\":\"https:\\\/\\\/www.topo-gps.com\\\/fi\\\/usein-kysytyt-kysymykset\\\/\",\"name\":\"Usein Kysytyt Kysymykset - Topo GPS\",\"isPartOf\":{\"@id\":\"https:\\\/\\\/www.topo-gps.com\\\/fi\\\/#website\"},\"datePublished\":\"2022-01-29T19:38:46+00:00\",\"dateModified\":\"2022-09-10T19:37:10+00:00\",\"breadcrumb\":{\"@id\":\"https:\\\/\\\/www.topo-gps.com\\\/fi\\\/usein-kysytyt-kysymykset\\\/#breadcrumb\"},\"inLanguage\":\"fi\",\"potentialAction\":[{\"@type\":\"ReadAction\",\"target\":[\"https:\\\/\\\/www.topo-gps.com\\\/fi\\\/usein-kysytyt-kysymykset\\\/\"]}]},{\"@type\":\"BreadcrumbList\",\"@id\":\"https:\\\/\\\/www.topo-gps.com\\\/fi\\\/usein-kysytyt-kysymykset\\\/#breadcrumb\",\"itemListElement\":[{\"@type\":\"ListItem\",\"position\":1,\"name\":\"Home\",\"item\":\"https:\\\/\\\/www.topo-gps.com\\\/fi\\\/topo-gps\\\/\"},{\"@type\":\"ListItem\",\"position\":2,\"name\":\"Usein Kysytyt Kysymykset\"}]},{\"@type\":\"WebSite\",\"@id\":\"https:\\\/\\\/www.topo-gps.com\\\/fi\\\/#website\",\"url\":\"https:\\\/\\\/www.topo-gps.com\\\/fi\\\/\",\"name\":\"Topo GPS\",\"description\":\"Topographic maps GPS for iPhone, Android, iPad and Apple Watch\",\"potentialAction\":[{\"@type\":\"SearchAction\",\"target\":{\"@type\":\"EntryPoint\",\"urlTemplate\":\"https:\\\/\\\/www.topo-gps.com\\\/fi\\\/?s={search_term_string}\"},\"query-input\":{\"@type\":\"PropertyValueSpecification\",\"valueRequired\":true,\"valueName\":\"search_term_string\"}}],\"inLanguage\":\"fi\"}]}<\/script>\n<!-- \/ Yoast SEO plugin. -->","yoast_head_json":{"title":"Usein Kysytyt Kysymykset - Topo GPS","robots":{"index":"index","follow":"follow","max-snippet":"max-snippet:-1","max-image-preview":"max-image-preview:large","max-video-preview":"max-video-preview:-1"},"canonical":"https:\/\/www.topo-gps.com\/fi\/usein-kysytyt-kysymykset\/","og_locale":"fi_FI","og_type":"article","og_title":"Usein Kysytyt Kysymykset - Topo GPS","og_description":"[vc_section][vc_row][vc_column][\/vc_column][\/vc_row][vc_row][vc_column][\/vc_column][\/vc_row][\/vc_section]","og_url":"https:\/\/www.topo-gps.com\/fi\/usein-kysytyt-kysymykset\/","og_site_name":"Topo GPS","article_modified_time":"2022-09-10T19:37:10+00:00","twitter_card":"summary_large_image","twitter_misc":{"Arvioitu lukuaika":"1 minuutti"},"schema":{"@context":"https:\/\/schema.org","@graph":[{"@type":"WebPage","@id":"https:\/\/www.topo-gps.com\/fi\/usein-kysytyt-kysymykset\/","url":"https:\/\/www.topo-gps.com\/fi\/usein-kysytyt-kysymykset\/","name":"Usein Kysytyt Kysymykset - Topo GPS","isPartOf":{"@id":"https:\/\/www.topo-gps.com\/fi\/#website"},"datePublished":"2022-01-29T19:38:46+00:00","dateModified":"2022-09-10T19:37:10+00:00","breadcrumb":{"@id":"https:\/\/www.topo-gps.com\/fi\/usein-kysytyt-kysymykset\/#breadcrumb"},"inLanguage":"fi","potentialAction":[{"@type":"ReadAction","target":["https:\/\/www.topo-gps.com\/fi\/usein-kysytyt-kysymykset\/"]}]},{"@type":"BreadcrumbList","@id":"https:\/\/www.topo-gps.com\/fi\/usein-kysytyt-kysymykset\/#breadcrumb","itemListElement":[{"@type":"ListItem","position":1,"name":"Home","item":"https:\/\/www.topo-gps.com\/fi\/topo-gps\/"},{"@type":"ListItem","position":2,"name":"Usein Kysytyt Kysymykset"}]},{"@type":"WebSite","@id":"https:\/\/www.topo-gps.com\/fi\/#website","url":"https:\/\/www.topo-gps.com\/fi\/","name":"Topo GPS","description":"Topographic maps GPS for iPhone, Android, iPad and Apple Watch","potentialAction":[{"@type":"SearchAction","target":{"@type":"EntryPoint","urlTemplate":"https:\/\/www.topo-gps.com\/fi\/?s={search_term_string}"},"query-input":{"@type":"PropertyValueSpecification","valueRequired":true,"valueName":"search_term_string"}}],"inLanguage":"fi"}]}},"_links":{"self":[{"href":"https:\/\/www.topo-gps.com\/fi\/wp-json\/wp\/v2\/pages\/6267","targetHints":{"allow":["GET"]}}],"collection":[{"href":"https:\/\/www.topo-gps.com\/fi\/wp-json\/wp\/v2\/pages"}],"about":[{"href":"https:\/\/www.topo-gps.com\/fi\/wp-json\/wp\/v2\/types\/page"}],"author":[{"embeddable":true,"href":"https:\/\/www.topo-gps.com\/fi\/wp-json\/wp\/v2\/users\/1"}],"replies":[{"embeddable":true,"href":"https:\/\/www.topo-gps.com\/fi\/wp-json\/wp\/v2\/comments?post=6267"}],"version-history":[{"count":0,"href":"https:\/\/www.topo-gps.com\/fi\/wp-json\/wp\/v2\/pages\/6267\/revisions"}],"wp:attachment":[{"href":"https:\/\/www.topo-gps.com\/fi\/wp-json\/wp\/v2\/media?parent=6267"}],"curies":[{"name":"wp","href":"https:\/\/api.w.org\/{rel}","templated":true}]}}