{"id":5166,"date":"2021-11-20T20:21:49","date_gmt":"2021-11-20T19:21:49","guid":{"rendered":"http:\/\/test.topo-gps.com\/tietosuojalausunto\/"},"modified":"2022-03-01T12:32:04","modified_gmt":"2022-03-01T11:32:04","slug":"tietosuojalausunto","status":"publish","type":"page","link":"https:\/\/www.topo-gps.com\/fi\/tietosuojalausunto\/","title":{"rendered":"Tietosuojak\u00e4yt\u00e4nt\u00f6"},"content":{"rendered":"<div class=\"wpb-content-wrapper\"><p>[vc_section parallax_image_attachment=&#8221;inherit&#8221; padding_class=&#8221;wide-0&#8243; css=&#8221;.vc_custom_1543574872456{margin-top: 180px !important;margin-bottom: 45px !important;}&#8221; el_id=&#8221;terms-page&#8221;][vc_row parallax_image_attachment=&#8221;inherit&#8221; el_class=&#8221;terms-box&#8221;][vc_column width=&#8221;1\/12&#8243;][\/vc_column][vc_column width=&#8221;5\/6&#8243;]\r\n        <div class=\" wow perch-fadeInUp fadeInUp\" data-wow-delay=\"300ms\" data-wow-duration=\"1200ms\"> \r\n                   \r\n                   \r\n            <h4 class=\"Default h4-sm none os-version\">T\u00e4m\u00e4 tietosuojaseloste on voimassa maaliskuusta 2021 alkaen<\/h4>\r\n                     \r\n        <\/div>\r\n        <div class=\" wow perch-fadeInUp fadeInUp\" data-wow-delay=\"300ms\" data-wow-duration=\"1200ms\"> \r\n                   \r\n                   \r\n            <p class=\"Default p-md none os-version\">Voimme p\u00e4ivitt\u00e4\u00e4 tietosuojak\u00e4yt\u00e4nt\u00f6\u00e4mme tarvittaessa ja julkaisemme sen osoitteessa https:\/\/www.topo-gps.com\/privacy-policy.<\/p>\r\n                     \r\n        <\/div>[\/vc_column][vc_column width=&#8221;1\/12&#8243;][\/vc_column][\/vc_row][vc_row parallax_image_attachment=&#8221;inherit&#8221; css=&#8221;.vc_custom_1543997765635{margin-top: -20px !important;}&#8221; el_class=&#8221;terms-box&#8221;][vc_column width=&#8221;1\/12&#8243;][\/vc_column][vc_column width=&#8221;5\/6&#8243;]\r\n        <div class=\" vc_custom_1637422763887  wow perch-fadeInUp fadeInUp\" data-wow-delay=\"300ms\" data-wow-duration=\"1200ms\"> \r\n                   \r\n                   \r\n            <h4 class=\"Default h4-sm none os-version\">Topo GPS-sovellus<\/h4>\r\n                     \r\n        <\/div>\r\n        <div class=\" wow perch-fadeInUp fadeInUp\" data-wow-delay=\"300ms\" data-wow-duration=\"1200ms\"> \r\n                   \r\n                   \r\n            \r\n            <p class=\"p-md os-version\">Yksityisyytesi on meille eritt\u00e4in t\u00e4rke\u00e4. Siksi emme ker\u00e4\u00e4, tallenna tai jaa henkil\u00f6kohtaisia k\u00e4ytt\u00e4j\u00e4tietoja (kuten sijaintia, nime\u00e4, IP-osoitetta ja muita tietoja), paitsi mit\u00e4 annat meille vapaaehtoisesti s\u00e4hk\u00f6postitse, verkkosivustomme yhteydenottolomakkeella, tai jakamalla reitin.<\/p>         \r\n        <\/div>\r\n        <div class=\" wow perch-fadeInUp fadeInUp\" data-wow-delay=\"300ms\" data-wow-duration=\"1200ms\"> \r\n                   \r\n                   \r\n            \r\n            <p class=\"p-md os-version\">Sinun ei tarvitse luoda tili\u00e4 k\u00e4ytt\u00e4\u00e4ksesi Topo GPS -sovellusta, joten emme voi tunnistaa sinua tilitietojen perusteella.<\/p>         \r\n        <\/div>\r\n        <div class=\" wow perch-fadeInUp fadeInUp\" data-wow-delay=\"300ms\" data-wow-duration=\"1200ms\"> \r\n                   \r\n                   \r\n            \r\n            <p class=\"p-md os-version\">Kaikki Topo GPS -sovelluksen Internet-liikenne on salattu https:ll\u00e4 paitsi reittisuunnittelussa Top10NL-reittisuunnittelun kautta Hollannissa.<\/p>         \r\n        <\/div>\r\n        <div class=\" wow perch-fadeInUp fadeInUp\" data-wow-delay=\"300ms\" data-wow-duration=\"1200ms\"> \r\n                   \r\n                   \r\n            \r\n            <p class=\"p-md os-version\">Jos jaat reitin Topo GPS:n kanssa, reitti, reitin metatiedot ja laitetunniste tallennetaan Topo GPS -palvelimelle. Reitti ja reitin metatiedot asetetaan muiden k\u00e4ytt\u00e4jien saataville Topo GPS -sovelluksessa ja verkkosivuillamme. Laitetunniste n\u00e4kyy vain meille ja auttaa meit\u00e4 tunnistamaan, mitk\u00e4 reitit on ladattu samasta laitteesta. Reitin metatiedot voivat sis\u00e4lt\u00e4\u00e4 nimesi ja s\u00e4hk\u00f6postiosoitteesi, jos olet lis\u00e4nnyt n\u00e4m\u00e4 tiedot reittiin. Jos haluat meid\u00e4n poistavan Topo GPS:n kanssa jakamasi reitin tietokannastamme ja verkkosivuiltamme, sinun on l\u00e4hetett\u00e4v\u00e4 viesti osoitteeseen support_at_topo-gps_dot_com.<\/p>         \r\n        <\/div>\r\n        <div class=\" wow perch-fadeInUp fadeInUp\" data-wow-delay=\"300ms\" data-wow-duration=\"1200ms\"> \r\n                   \r\n                   \r\n            \r\n            <p class=\"p-md os-version\">Jos tarkastelet karttaa, karttaruudut ladataan palvelimelta. K\u00e4yt\u00e4mme karttalaattojen tarjoamiseen seuraavia palveluita: Amazon CloudFront, CDN77 ja GeoFabrik. Emme voi noutaa IP-osoitettasi n\u00e4iden palveluiden kautta.<\/p>         \r\n        <\/div>\r\n        <div class=\" wow perch-fadeInUp fadeInUp\" data-wow-delay=\"300ms\" data-wow-duration=\"1200ms\"> \r\n                   \r\n                   \r\n            \r\n            <p class=\"p-md os-version\">Jos suunnittelet reitin, reitti lasketaan joko paikallisesti laitteellasi tai GraphHopper-reittiohjeiden API:n tai Topo GPS-reittisuunnittelupalvelun kautta. Reitin suunnittelun kautta vain reittipisteet ja kulkuv\u00e4lineet l\u00e4hetet\u00e4\u00e4n reittisuunnittelupalveluun. Emme tallenna suunniteltuja reittej\u00e4 ja ip-osoitettasi. GraphHopper s\u00e4ilytt\u00e4\u00e4 reittipyynt\u00f6si, mukaan lukien ajan ja IP-osoitteesi, enint\u00e4\u00e4n 5 viikon ajan GraphHopperin tietosuojak\u00e4yt\u00e4nn\u00f6n mukaisesti.<\/p>         \r\n        <\/div>[\/vc_column][vc_column width=&#8221;1\/12&#8243;][\/vc_column][\/vc_row][vc_row][vc_column width=&#8221;1\/12&#8243;][\/vc_column][vc_column width=&#8221;5\/6&#8243;]\r\n        <div class=\" wow perch-fadeInUp fadeInUp\" data-wow-delay=\"300ms\" data-wow-duration=\"1200ms\"> \r\n                   \r\n                   \r\n            <h4 class=\"Default h4-sm none os-version\">iOS<\/h4>\r\n            <p class=\"p-md os-version\">T\u00e4m\u00e4n osion lausunnot koskevat vain Topo GPS:n iOS-versiota.<\/p>         \r\n        <\/div>\r\n        <div class=\" vc_custom_1637423069733  wow perch-fadeInUp fadeInUp\" data-wow-delay=\"300ms\" data-wow-duration=\"1200ms\"> \r\n                   \r\n                   \r\n            \r\n            <p class=\"p-md os-version\">Jos otat k\u00e4ytt\u00f6\u00f6n reittien ja reittipisteiden synkronoinnin iCloudin kautta, kaikki reitit ja reittipisteet tallennetaan iCloudiin. Jos haluat poistaa reitit ja reittipisteet iCloudista, voit poistaa synkronoinnin iCloudiin Topo GPS -asetuksista. N\u00e4kyviin tulee ponnahdusikkuna, jonka avulla voit poistaa kaikki reitti- ja reittipistetiedot iCloudista.<\/p>         \r\n        <\/div>\r\n        <div class=\" vc_custom_1637423115349  wow perch-fadeInUp fadeInUp\" data-wow-delay=\"300ms\" data-wow-duration=\"1200ms\"> \r\n                   \r\n                   \r\n            \r\n            <p class=\"p-md os-version\">Jos teet ostoksen Topo GPS:ss\u00e4, tallennamme ostokuitin palvelimillemme analyyttisista syist\u00e4. T\u00e4m\u00e4 kuitti sis\u00e4lt\u00e4\u00e4 tapahtumatunnisteet, ostetun sovelluksen sis\u00e4isen tuotteen tyypin ja ostoajan.<\/p>         \r\n        <\/div>\r\n        <div class=\" vc_custom_1637423130400  wow perch-fadeInUp fadeInUp\" data-wow-delay=\"300ms\" data-wow-duration=\"1200ms\"> \r\n                   \r\n                   \r\n            \r\n            <p class=\"p-md os-version\">Yll\u00e4 mainittua tapausta lukuun ottamatta emme seuraa Topo GPS -sovelluksen k\u00e4ytt\u00f6\u00e4si.<\/p>         \r\n        <\/div>\r\n        <div class=\" vc_custom_1637423197958  wow perch-fadeInUp fadeInUp\" data-wow-delay=\"300ms\" data-wow-duration=\"1200ms\"> \r\n                   \r\n                   \r\n            <h4 class=\"Default h4-sm none os-version\">Android<\/h4>\r\n            <p class=\"p-md os-version\">T\u00e4m\u00e4n osion lausunnot koskevat vain Topo GPS:n Android-versiota.<\/p>         \r\n        <\/div>\r\n        <div class=\" vc_custom_1637423213136  wow perch-fadeInUp fadeInUp\" data-wow-delay=\"300ms\" data-wow-duration=\"1200ms\"> \r\n                   \r\n                   \r\n            \r\n            <p class=\"p-md os-version\">Jos ostat Ranskan, Ison-Britannian, Belgian tai Sveitsin karttalaattoja, tiedot ostetuista laatoista tallennetaan palvelimellemme yhdess\u00e4 ostoksesi tilausnumeron kanssa, jotta voimme synkronoida karttaostoksesi laitteidesi v\u00e4lill\u00e4.<\/p>         \r\n        <\/div>\r\n        <div class=\" vc_custom_1637423232069  wow perch-fadeInUp fadeInUp\" data-wow-delay=\"300ms\" data-wow-duration=\"1200ms\"> \r\n                   \r\n                   \r\n            \r\n            <p class=\"p-md os-version\">Sovellus k\u00e4ytt\u00e4\u00e4 Android SDK:ta, Google Play Services SDK:ta ja Google Firebase SDK:ta. Muita ulkoisia SDK:ita tai kirjastoja ei k\u00e4ytet\u00e4 sovelluksessa.<\/p>         \r\n        <\/div>\r\n        <div class=\" vc_custom_1637423633570  wow perch-fadeInUp fadeInUp\" data-wow-delay=\"300ms\" data-wow-duration=\"1200ms\"> \r\n                   \r\n                   \r\n            \r\n            <p class=\"p-md os-version\">Emme seuraa Topo GPS -sovelluksen k\u00e4ytt\u00f6\u00e4si.<\/p>         \r\n        <\/div>\r\n        <div class=\" wow perch-fadeInUp fadeInUp\" data-wow-delay=\"300ms\" data-wow-duration=\"1200ms\"> \r\n                   \r\n                   \r\n            <h4 class=\"Default h4-sm none os-version\">Topon GPS-sivusto<\/h4>\r\n            <p class=\"p-md os-version\">Jos otat meihin yhteytt\u00e4 s\u00e4hk\u00f6postitse tai verkkosivuillamme olevan yhteydenottolomakkeen kautta, s\u00e4hk\u00f6postiosoitteesi ja mahdollisesti nimesi tallennetaan asiakastukij\u00e4rjestelm\u00e4\u00e4mme Zendeskiss\u00e4 ja Gmailissa. Jos haluat meid\u00e4n poistavan tietosi pysyv\u00e4sti, sinun on l\u00e4hetett\u00e4v\u00e4 viesti osoitteeseen support_at_topo-gps_dot_com tai k\u00e4ytett\u00e4v\u00e4 yhteydenottolomaketta verkkosivuillamme.<\/p>         \r\n        <\/div>[\/vc_column][vc_column width=&#8221;1\/12&#8243;][\/vc_column][\/vc_row][vc_row parallax_image_attachment=&#8221;inherit&#8221; el_class=&#8221;terms-box&#8221; css=&#8221;.vc_custom_1543998973323{margin-top: 30px !important;}&#8221;][vc_column width=&#8221;1\/12&#8243;][\/vc_column][vc_column width=&#8221;5\/6&#8243;]\r\n        <div class=\" wow perch-fadeInUp fadeInUp\" data-wow-delay=\"300ms\" data-wow-duration=\"1200ms\"> \r\n                   \r\n                   \r\n            \r\n            <p class=\"p-md os-version\">Emme tallenna IP-osoitettasi, kun vierailet verkkosivuillamme.<\/p>         \r\n        <\/div>\r\n        <div class=\" wow perch-fadeInUp fadeInUp\" data-wow-delay=\"300ms\" data-wow-duration=\"1200ms\"> \r\n                   \r\n                   \r\n            \r\n            <p class=\"p-md os-version\">Kaikki verkkosivuillamme oleva Internet-liikenne on salattu https:ll\u00e4.<\/p>         \r\n        <\/div>\r\n        <div class=\" wow perch-fadeInUp fadeInUp\" data-wow-delay=\"300ms\" data-wow-duration=\"1200ms\"> \r\n                   \r\n                   \r\n            \r\n            <p class=\"p-md os-version\">K\u00e4yt\u00e4mme Google Analytics -ev\u00e4steit\u00e4 ja Facebook-pikseli\u00e4 verkkosivujemme k\u00e4yt\u00f6n analysointiin ja markkinointity\u00f6mme tukemiseen.<\/p>         \r\n        <\/div>\r\n        <div class=\" wow perch-fadeInUp fadeInUp\" data-wow-delay=\"300ms\" data-wow-duration=\"1200ms\"> \r\n                   \r\n                   \r\n            \r\n            <p class=\"p-md os-version\">Jos sinulla on kysytt\u00e4v\u00e4\u00e4, voit ottaa meihin yhteytt\u00e4 verkkosivuillamme olevan yhteydenottolomakkeen kautta tai l\u00e4hett\u00e4\u00e4 viestin osoitteeseen support_at_topo-gps_dot_com.<\/p>         \r\n        <\/div>\r\n        <div class=\" wow perch-fadeInUp fadeInUp\" data-wow-delay=\"300ms\" data-wow-duration=\"1200ms\"> \r\n                   \r\n                   \r\n            \r\n            <p class=\"p-md os-version\">rdzl vof \u2013 Duivendaal 1a \u2013 6701 AP Wageningen \u2013 Alankomaat<\/p>         \r\n        <\/div>[\/vc_column][vc_column width=&#8221;1\/12&#8243;][\/vc_column][\/vc_row][\/vc_section]<\/p>\n<\/div>","protected":false},"excerpt":{"rendered":"<p>[vc_section parallax_image_attachment=&#8221;inherit&#8221; padding_class=&#8221;wide-0&#8243; css=&#8221;.vc_custom_1543574872456{margin-top: 180px !important;margin-bottom: 45px !important;}&#8221; el_id=&#8221;terms-page&#8221;][vc_row parallax_image_attachment=&#8221;inherit&#8221; el_class=&#8221;terms-box&#8221;][vc_column width=&#8221;1\/12&#8243;][\/vc_column][vc_column width=&#8221;5\/6&#8243;][\/vc_column][vc_column width=&#8221;1\/12&#8243;][\/vc_column][\/vc_row][vc_row parallax_image_attachment=&#8221;inherit&#8221; css=&#8221;.vc_custom_1543997765635{margin-top: -20px !important;}&#8221; el_class=&#8221;terms-box&#8221;][vc_column width=&#8221;1\/12&#8243;][\/vc_column][vc_column width=&#8221;5\/6&#8243;][\/vc_column][vc_column width=&#8221;1\/12&#8243;][\/vc_column][\/vc_row][vc_row][vc_column width=&#8221;1\/12&#8243;][\/vc_column][vc_column width=&#8221;5\/6&#8243;][\/vc_column][vc_column width=&#8221;1\/12&#8243;][\/vc_column][\/vc_row][vc_row parallax_image_attachment=&#8221;inherit&#8221; el_class=&#8221;terms-box&#8221; css=&#8221;.vc_custom_1543998973323{margin-top: 30px !important;}&#8221;][vc_column width=&#8221;1\/12&#8243;][\/vc_column][vc_column width=&#8221;5\/6&#8243;][\/vc_column][vc_column width=&#8221;1\/12&#8243;][\/vc_column][\/vc_row][\/vc_section]<\/p>\n","protected":false},"author":1,"featured_media":0,"parent":0,"menu_order":0,"comment_status":"closed","ping_status":"closed","template":"","meta":{"footnotes":""},"class_list":["post-5166","page","type-page","status-publish","hentry","no-post-thumbnail"],"yoast_head":"<!-- This site is optimized with the Yoast SEO plugin v27.6 - https:\/\/yoast.com\/product\/yoast-seo-wordpress\/ -->\n<title>Tietosuojak\u00e4yt\u00e4nt\u00f6 - Topo GPS<\/title>\n<meta name=\"robots\" content=\"index, follow, max-snippet:-1, max-image-preview:large, max-video-preview:-1\" \/>\n<link rel=\"canonical\" href=\"https:\/\/www.topo-gps.com\/fi\/tietosuojalausunto\/\" \/>\n<meta property=\"og:locale\" content=\"fi_FI\" \/>\n<meta property=\"og:type\" content=\"article\" \/>\n<meta property=\"og:title\" content=\"Tietosuojak\u00e4yt\u00e4nt\u00f6 - Topo GPS\" \/>\n<meta property=\"og:description\" content=\"[vc_section parallax_image_attachment=&#8221;inherit&#8221; padding_class=&#8221;wide-0&#8243; css=&#8221;.vc_custom_1543574872456{margin-top: 180px !important;margin-bottom: 45px !important;}&#8221; el_id=&#8221;terms-page&#8221;][vc_row parallax_image_attachment=&#8221;inherit&#8221; el_class=&#8221;terms-box&#8221;][vc_column width=&#8221;1\/12&#8243;][\/vc_column][vc_column width=&#8221;5\/6&#8243;][\/vc_column][vc_column width=&#8221;1\/12&#8243;][\/vc_column][\/vc_row][vc_row parallax_image_attachment=&#8221;inherit&#8221; css=&#8221;.vc_custom_1543997765635{margin-top: -20px !important;}&#8221; el_class=&#8221;terms-box&#8221;][vc_column width=&#8221;1\/12&#8243;][\/vc_column][vc_column width=&#8221;5\/6&#8243;][\/vc_column][vc_column width=&#8221;1\/12&#8243;][\/vc_column][\/vc_row][vc_row][vc_column width=&#8221;1\/12&#8243;][\/vc_column][vc_column width=&#8221;5\/6&#8243;][\/vc_column][vc_column width=&#8221;1\/12&#8243;][\/vc_column][\/vc_row][vc_row parallax_image_attachment=&#8221;inherit&#8221; el_class=&#8221;terms-box&#8221; css=&#8221;.vc_custom_1543998973323{margin-top: 30px !important;}&#8221;][vc_column width=&#8221;1\/12&#8243;][\/vc_column][vc_column width=&#8221;5\/6&#8243;][\/vc_column][vc_column width=&#8221;1\/12&#8243;][\/vc_column][\/vc_row][\/vc_section]\" \/>\n<meta property=\"og:url\" content=\"https:\/\/www.topo-gps.com\/fi\/tietosuojalausunto\/\" \/>\n<meta property=\"og:site_name\" content=\"Topo GPS\" \/>\n<meta property=\"article:modified_time\" content=\"2022-03-01T11:32:04+00:00\" \/>\n<meta name=\"twitter:card\" content=\"summary_large_image\" \/>\n<meta name=\"twitter:label1\" content=\"Arvioitu lukuaika\" \/>\n\t<meta name=\"twitter:data1\" content=\"6 minuuttia\" \/>\n<script type=\"application\/ld+json\" class=\"yoast-schema-graph\">{\"@context\":\"https:\\\/\\\/schema.org\",\"@graph\":[{\"@type\":\"WebPage\",\"@id\":\"https:\\\/\\\/www.topo-gps.com\\\/fi\\\/tietosuojalausunto\\\/\",\"url\":\"https:\\\/\\\/www.topo-gps.com\\\/fi\\\/tietosuojalausunto\\\/\",\"name\":\"Tietosuojak\u00e4yt\u00e4nt\u00f6 - Topo GPS\",\"isPartOf\":{\"@id\":\"https:\\\/\\\/www.topo-gps.com\\\/fi\\\/#website\"},\"datePublished\":\"2021-11-20T19:21:49+00:00\",\"dateModified\":\"2022-03-01T11:32:04+00:00\",\"breadcrumb\":{\"@id\":\"https:\\\/\\\/www.topo-gps.com\\\/fi\\\/tietosuojalausunto\\\/#breadcrumb\"},\"inLanguage\":\"fi\",\"potentialAction\":[{\"@type\":\"ReadAction\",\"target\":[\"https:\\\/\\\/www.topo-gps.com\\\/fi\\\/tietosuojalausunto\\\/\"]}]},{\"@type\":\"BreadcrumbList\",\"@id\":\"https:\\\/\\\/www.topo-gps.com\\\/fi\\\/tietosuojalausunto\\\/#breadcrumb\",\"itemListElement\":[{\"@type\":\"ListItem\",\"position\":1,\"name\":\"Home\",\"item\":\"https:\\\/\\\/www.topo-gps.com\\\/fi\\\/topo-gps\\\/\"},{\"@type\":\"ListItem\",\"position\":2,\"name\":\"Tietosuojak\u00e4yt\u00e4nt\u00f6\"}]},{\"@type\":\"WebSite\",\"@id\":\"https:\\\/\\\/www.topo-gps.com\\\/fi\\\/#website\",\"url\":\"https:\\\/\\\/www.topo-gps.com\\\/fi\\\/\",\"name\":\"Topo GPS\",\"description\":\"Topographic maps GPS for iPhone, Android, iPad and Apple Watch\",\"potentialAction\":[{\"@type\":\"SearchAction\",\"target\":{\"@type\":\"EntryPoint\",\"urlTemplate\":\"https:\\\/\\\/www.topo-gps.com\\\/fi\\\/?s={search_term_string}\"},\"query-input\":{\"@type\":\"PropertyValueSpecification\",\"valueRequired\":true,\"valueName\":\"search_term_string\"}}],\"inLanguage\":\"fi\"}]}<\/script>\n<!-- \/ Yoast SEO plugin. -->","yoast_head_json":{"title":"Tietosuojak\u00e4yt\u00e4nt\u00f6 - Topo GPS","robots":{"index":"index","follow":"follow","max-snippet":"max-snippet:-1","max-image-preview":"max-image-preview:large","max-video-preview":"max-video-preview:-1"},"canonical":"https:\/\/www.topo-gps.com\/fi\/tietosuojalausunto\/","og_locale":"fi_FI","og_type":"article","og_title":"Tietosuojak\u00e4yt\u00e4nt\u00f6 - Topo GPS","og_description":"[vc_section parallax_image_attachment=&#8221;inherit&#8221; padding_class=&#8221;wide-0&#8243; css=&#8221;.vc_custom_1543574872456{margin-top: 180px !important;margin-bottom: 45px !important;}&#8221; el_id=&#8221;terms-page&#8221;][vc_row parallax_image_attachment=&#8221;inherit&#8221; el_class=&#8221;terms-box&#8221;][vc_column width=&#8221;1\/12&#8243;][\/vc_column][vc_column width=&#8221;5\/6&#8243;][\/vc_column][vc_column width=&#8221;1\/12&#8243;][\/vc_column][\/vc_row][vc_row parallax_image_attachment=&#8221;inherit&#8221; css=&#8221;.vc_custom_1543997765635{margin-top: -20px !important;}&#8221; el_class=&#8221;terms-box&#8221;][vc_column width=&#8221;1\/12&#8243;][\/vc_column][vc_column width=&#8221;5\/6&#8243;][\/vc_column][vc_column width=&#8221;1\/12&#8243;][\/vc_column][\/vc_row][vc_row][vc_column width=&#8221;1\/12&#8243;][\/vc_column][vc_column width=&#8221;5\/6&#8243;][\/vc_column][vc_column width=&#8221;1\/12&#8243;][\/vc_column][\/vc_row][vc_row parallax_image_attachment=&#8221;inherit&#8221; el_class=&#8221;terms-box&#8221; css=&#8221;.vc_custom_1543998973323{margin-top: 30px !important;}&#8221;][vc_column width=&#8221;1\/12&#8243;][\/vc_column][vc_column width=&#8221;5\/6&#8243;][\/vc_column][vc_column width=&#8221;1\/12&#8243;][\/vc_column][\/vc_row][\/vc_section]","og_url":"https:\/\/www.topo-gps.com\/fi\/tietosuojalausunto\/","og_site_name":"Topo GPS","article_modified_time":"2022-03-01T11:32:04+00:00","twitter_card":"summary_large_image","twitter_misc":{"Arvioitu lukuaika":"6 minuuttia"},"schema":{"@context":"https:\/\/schema.org","@graph":[{"@type":"WebPage","@id":"https:\/\/www.topo-gps.com\/fi\/tietosuojalausunto\/","url":"https:\/\/www.topo-gps.com\/fi\/tietosuojalausunto\/","name":"Tietosuojak\u00e4yt\u00e4nt\u00f6 - Topo GPS","isPartOf":{"@id":"https:\/\/www.topo-gps.com\/fi\/#website"},"datePublished":"2021-11-20T19:21:49+00:00","dateModified":"2022-03-01T11:32:04+00:00","breadcrumb":{"@id":"https:\/\/www.topo-gps.com\/fi\/tietosuojalausunto\/#breadcrumb"},"inLanguage":"fi","potentialAction":[{"@type":"ReadAction","target":["https:\/\/www.topo-gps.com\/fi\/tietosuojalausunto\/"]}]},{"@type":"BreadcrumbList","@id":"https:\/\/www.topo-gps.com\/fi\/tietosuojalausunto\/#breadcrumb","itemListElement":[{"@type":"ListItem","position":1,"name":"Home","item":"https:\/\/www.topo-gps.com\/fi\/topo-gps\/"},{"@type":"ListItem","position":2,"name":"Tietosuojak\u00e4yt\u00e4nt\u00f6"}]},{"@type":"WebSite","@id":"https:\/\/www.topo-gps.com\/fi\/#website","url":"https:\/\/www.topo-gps.com\/fi\/","name":"Topo GPS","description":"Topographic maps GPS for iPhone, Android, iPad and Apple Watch","potentialAction":[{"@type":"SearchAction","target":{"@type":"EntryPoint","urlTemplate":"https:\/\/www.topo-gps.com\/fi\/?s={search_term_string}"},"query-input":{"@type":"PropertyValueSpecification","valueRequired":true,"valueName":"search_term_string"}}],"inLanguage":"fi"}]}},"_links":{"self":[{"href":"https:\/\/www.topo-gps.com\/fi\/wp-json\/wp\/v2\/pages\/5166","targetHints":{"allow":["GET"]}}],"collection":[{"href":"https:\/\/www.topo-gps.com\/fi\/wp-json\/wp\/v2\/pages"}],"about":[{"href":"https:\/\/www.topo-gps.com\/fi\/wp-json\/wp\/v2\/types\/page"}],"author":[{"embeddable":true,"href":"https:\/\/www.topo-gps.com\/fi\/wp-json\/wp\/v2\/users\/1"}],"replies":[{"embeddable":true,"href":"https:\/\/www.topo-gps.com\/fi\/wp-json\/wp\/v2\/comments?post=5166"}],"version-history":[{"count":0,"href":"https:\/\/www.topo-gps.com\/fi\/wp-json\/wp\/v2\/pages\/5166\/revisions"}],"wp:attachment":[{"href":"https:\/\/www.topo-gps.com\/fi\/wp-json\/wp\/v2\/media?parent=5166"}],"curies":[{"name":"wp","href":"https:\/\/api.w.org\/{rel}","templated":true}]}}