{"id":28908,"date":"2024-08-22T14:11:08","date_gmt":"2024-08-22T13:11:08","guid":{"rendered":"https:\/\/www.topo-gps.com\/tuetut-koordinaattijarjestelmat\/"},"modified":"2024-08-22T14:23:08","modified_gmt":"2024-08-22T13:23:08","slug":"tuetut-koordinaattijarjestelmat","status":"publish","type":"page","link":"https:\/\/www.topo-gps.com\/fi\/tuetut-koordinaattijarjestelmat\/","title":{"rendered":"Tuetut koordinaattij\u00e4rjestelm\u00e4t"},"content":{"rendered":"<p>Topo GPS -sovellus tukee monia erilaisia \u200b\u200bkoordinaattij\u00e4rjestelmi\u00e4. Voit <a href=\"https:\/\/www.topo-gps.com\/ios\/en\/manual\/html\/coordinates\/coordinates.html\">tarkastella, sy\u00f6tt\u00e4\u00e4, jakaa ja skannata koordinaatteja<\/a> alla luetelluissa koordinaattij\u00e4rjestelmiss\u00e4. My\u00f6s koordinaattij\u00e4rjestelmien ruudukkokerroksia on mahdollista lis\u00e4t\u00e4 karttaan. Jos tietty koordinaattij\u00e4rjestelm\u00e4 puuttuu, voit <a href=\"https:\/\/www.topo-gps.com\/contact\">ottaa meihin yhteytt\u00e4<\/a> , niin voimme harkita sen lis\u00e4\u00e4mist\u00e4.     <\/p>\n<h2>Maailman<\/h2>\n<p>  WGS84 Desimaali WGS84 Asteminuutit WGS84 Asteminuutit sekuntit UTM MGRS GEOREF GARS QTH Maidenhead  <\/p>\n<h2>Euroopassa<\/h2>\n<p>  ETRS89 UTM-vy\u00f6hykkeet  <\/p>\n<h2>Pohjois-Amerikka<\/h2>\n<p>  NAD83 UTM-vy\u00f6hykkeet  <\/p>\n<h2>Albania<\/h2>\n<p>  Pankkiautomaatti &#8211; <a href=\"https:\/\/www.epsg.io\/6870\">EPSG:6870<\/a> ALCC &#8211;   <a href=\"https:\/\/www.epsg.io\/6962\">EPSG: 6962<\/a><\/p>\n<h2>Australia<\/h2>\n<p>  SA Lambert \u2013 GDA2020 \u2013 <a href=\"https:\/\/www.epsg.io\/8059\">EPSG:8059<\/a> Vicgrid \u2013 GDA2020 \u2013 <a href=\"https:\/\/www.epsg.io\/7899\">EPSG:7899<\/a> NSW Lambert \u2013 GDA2020 \u2013 <a href=\"https:\/\/www.epsg.io\/8058\">EPSG:8058<\/a> MGA-vy\u00f6hyke \u2013 GDA2020 GA LCC \u2013 GDA2020 \u2013 <a href=\"https:\/\/www.epsg.io\/7845\">EPSG:7845<\/a> SA Lambert \u2013 <a href=\"https:\/\/www.epsg.io\/3107\">EPSG:7845 SA Lambert \u20137 GDA3<\/a> :4 \u2013 <a href=\"https:\/\/www.epsg.io\/3111\">111<\/a> NSW Lambert \u2013 GDA94 \u2013 <a href=\"https:\/\/www.epsg.io\/3308\">EPSG:3308<\/a> GA LCC \u2013 GDA94 \u2013 <a href=\"https:\/\/www.epsg.io\/3112\">EPSG:3112<\/a> MGA-vy\u00f6hyke \u2013 GDA94          <\/p>\n<h2>Belgia<\/h2>\n<p>  Lambert 2008 &#8211; <a href=\"https:\/\/www.epsg.io\/27573\">EPSG:3812<\/a> Lambert 1972 &#8211;   <a href=\"https:\/\/www.epsg.io\/31370\">EPSG: 31370<\/a><\/p>\n<h2>Bulgaria<\/h2>\n<p>  BCCS &#8211;  <a href=\"https:\/\/www.epsg.io\/7801\">EPSG: 7801<\/a><\/p>\n<h2>Kroatia<\/h2>\n<p>  HRTM &#8211;  <a href=\"https:\/\/www.epsg.io\/3765\">EPSG: 3765<\/a><\/p>\n<h2>T\u0161ekki\/Slovakia<\/h2>\n<p>  SJTSK &#8211;  <a href=\"https:\/\/www.epsg.io\/5514\">EPSG: 5514<\/a><\/p>\n<h2>Viro<\/h2>\n<p>  Viro 1997 &#8211;  <a href=\"https:\/\/www.epsg.io\/3301\">EPSG: 3301<\/a><\/p>\n<h2>F\u00e4rsaaret<\/h2>\n<p>  Faroe TM &#8211;  <a href=\"https:\/\/www.epsg.io\/5316\">EPSG: 5316<\/a><\/p>\n<h2>Suomi<\/h2>\n<p>  TM35FIN &#8211;  <a href=\"https:\/\/www.epsg.io\/5048\">EPSG: 5048<\/a><\/p>\n<h2>Ranska<\/h2>\n<p>  Lambert 93 &#8211; <a href=\"https:\/\/www.epsg.io\/7794\">EPSG: 9794<\/a> Lambert CC42 &#8211; <a href=\"https:\/\/www.epsg.io\/6707\">EPSG: 9842<\/a> Lambert CC43 &#8211; <a href=\"https:\/\/www.epsg.io\/6708\">EPSG: 9843<\/a> Lambert CC44 &#8211; <a href=\"https:\/\/www.epsg.io\/6709\">EPSG: 9844<\/a> Lambert CC45 &#8211; <a href=\"https:\/\/www.epsg.io\/6876\">EPSG: 9845<\/a> Lambert CC46 &#8211; <a href=\"https:\/\/www.epsg.io\/7792\">EPSG:<\/a> <a href=\"https:\/\/www.epsg.io\/7791\">9846<\/a> Lambert EPS8 <a href=\"https:\/\/www.epsg.io\/7793\">EPSG: 9846 PS8 -4tGCC 9848<\/a> Lambert CC49 &#8211; <a href=\"https:\/\/www.epsg.io\/7795\">EPSG:9849<\/a> Lambert CC50 &#8211; <a href=\"\">EPSG:9850<\/a> Lambert I -vy\u00f6hyke (pohjoinen) &#8211; <a href=\"\">EPSG:27561<\/a> Lambert II -vy\u00f6hyke (keskell\u00e4) &#8211; <a href=\"\">EPSG:27562<\/a> Lambert III -vy\u00f6hyke (Sud) &#8211; <a href=\"\">EPSG:27563<\/a> Lambert IV -vy\u00f6hyke (korsi) <a href=\"\">-54<\/a> Lambert I Carto (Nord) &#8211; <a href=\"\">EPSG:27571<\/a> Lambert II Carto (\u00c9tendue) &#8211;                 <a href=\"https:\/\/www.epsg.io\/27572\">EPSG: 27572<\/a>  Lambert III Carto (Sud) &#8211;  <a href=\"https:\/\/www.epsg.io\/27573\">EPSG: 27573<\/a>  Lambert IV Carto (Corse) &#8211;  <a href=\"https:\/\/www.epsg.io\/27574\">EPSG: 27574<\/a><\/p>\n<h2>Saksa<\/h2>\n<p>  Gau\u00df-Kr\u00fcger 3  <\/p>\n<h2>Iso-Britannia<\/h2>\n<p>  OS Nat. Ruudukko. &#8211;    <a href=\"https:\/\/www.epsg.io\/27700\">EPSG: 27700<\/a><\/p>\n<h2>Kreikka<\/h2>\n<p>  \u0395\u0393\u03a3\u039187 &#8211;  <a href=\"https:\/\/www.epsg.io\/2100\">EPSG: 2100<\/a><\/p>\n<h2>Islanti<\/h2>\n<p>  ISN 93 &#8211;  <a href=\"https:\/\/www.epsg.io\/3057\">EPSG: 3057<\/a><\/p>\n<h2>Irlanti<\/h2>\n<p>  ITM &#8211;  <a href=\"https:\/\/www.epsg.io\/2157\">EPSG: 2157<\/a><\/p>\n<h2>Italia<\/h2>\n<p>  Fuso Italia &#8211; RDN2008 &#8211; NE &#8211; <a href=\"https:\/\/www.epsg.io\/6686\">EPSG:6875<\/a> Fuso Italia &#8211; RDN2008 &#8211; FI &#8211; <a href=\"https:\/\/www.epsg.io\/6687\">EPSG:7794<\/a> RDN2008 &#8211; UTM vy\u00f6hyke 32 NE &#8211; <a href=\"https:\/\/www.epsg.io\/6688\">EPSG:6707<\/a> RDN2008 &#8211; UTM vy\u00f6hyke 33 NE &#8211; <a href=\"https:\/\/www.epsg.io\/6689\">EPSG:627084:<\/a> <a href=\"https:\/\/www.epsg.io\/6690\">EPSG:620038:<\/a> Fuso 12 &#8211; RDN2008 &#8211; NE &#8211; <a href=\"https:\/\/www.epsg.io\/6691\">EPSG:6876<\/a> RDN2008 &#8211; UTM-vy\u00f6hyke 32 EN &#8211; <a href=\"https:\/\/www.epsg.io\/6692\">EPSG:7791<\/a> RDN2008 &#8211; UTM-vy\u00f6hyke 33 EN &#8211; <a href=\"\">EPSG:7792<\/a> RDN2008 &#8211; UTM-vy\u00f6hyke 34 EN &#8211; <a href=\"\">EPSG:oN27 -03 FPSG:<\/a> oN27 -08           <a href=\"https:\/\/www.epsg.io\/7795\">EPSG: 7795<\/a><\/p>\n<h2>Japani<\/h2>\n<p>  CS I &#8211; <a href=\"https:\/\/www.epsg.io\/2169\">EPSG:6669<\/a> CS II &#8211; <a href=\"\">EPSG:6670<\/a> CS III &#8211; <a href=\"\">EPSG:6671<\/a> CS IV &#8211; <a href=\"\">EPSG:6672<\/a> CS V &#8211; <a href=\"\">EPSG:6673<\/a> CS VI &#8211; <a href=\"\">EPSG:6674<\/a> CS VII &#8211; <a href=\"https:\/\/www.epsg.io\/28992\">EPSG:6675<\/a> CS VIII &#8211; <a href=\"\">EPSG:6676<\/a> &#8211; <a href=\"\">EPSG:6677<\/a> CS X &#8211; <a href=\"\">EPSG:6678<\/a> CS XI &#8211; <a href=\"https:\/\/www.epsg.io\/2180\">EPSG:6679<\/a> CS XII &#8211; <a href=\"\">EPSG:6680<\/a> CS XIII &#8211; <a href=\"\">EPSG:6681<\/a> CS XIV &#8211; <a href=\"https:\/\/www.epsg.io\/3414\">EPSG:6682<\/a> CS XV &#8211; <a href=\"\">EPSG:6683<\/a> CS XVI &#8211;                 <a href=\"https:\/\/www.epsg.io\/6684\">EPSG: 6684<\/a> CS XVII &#8211; <a href=\"https:\/\/www.epsg.io\/6685\">EPSG: 6685<\/a> CS XVIII &#8211; <a href=\"https:\/\/www.epsg.io\/6686\">EPSG: 6686<\/a> CS XIX &#8211; <a href=\"https:\/\/www.epsg.io\/6687\">EPSG: 6687<\/a> JGD2011 UTM 51 &#8211; <a href=\"https:\/\/www.epsg.io\/6688\">EPSG: 6688<\/a> JGD2011 UTM 52 &#8211; EPSG: <a href=\"https:\/\/www.epsg.io\/6689\">6689<\/a> JGD2011 &#8211; <a href=\"https:\/\/www.epsg.io\/6690\">EPSG: 6689<\/a> JGD2011 &#8211; <a href=\"https:\/\/www.epsg.io\/6691\">EPSG PSG: 6691<\/a> JGD2011 UTM 55 &#8211;         <a href=\"https:\/\/www.epsg.io\/6692\">EPSG: 6692<\/a><\/p>\n<h2>Latvia<\/h2>\n<p>  LaTM &#8211;  <a href=\"https:\/\/www.epsg.io\/10306\">EPSG: 10306<\/a><\/p>\n<h2>Liettua<\/h2>\n<p>  LiTM &#8211;  <a href=\"https:\/\/www.epsg.io\/3346\">EPSG: 3346<\/a><\/p>\n<h2>Luxemburg<\/h2>\n<p>  LU30 &#8211;  <a href=\"https:\/\/www.epsg.io\/2169\">EPSG: 2169<\/a><\/p>\n<h2>Malesia<\/h2>\n<p>  RSO &#8211; GDM2000 &#8211; <a href=\"\">EPSG:3375<\/a> BRSO &#8211; GDM2000 &#8211; <a href=\"\">EPSG:3376<\/a> BRSO &#8211; Timbalai &#8211; <a href=\"\">EPSG:29873<\/a> RSO &#8211; Kertau &#8211;     <a href=\"https:\/\/www.epsg.io\/3168\">EPSG: 3168<\/a><\/p>\n<h2>Alankomaat<\/h2>\n<p>  RD &#8211;  <a href=\"https:\/\/www.epsg.io\/28992\">EPSG: 28992<\/a><\/p>\n<h2>Uusi Seelanti<\/h2>\n<p>  NZTM 2000 NE &#8211; <a href=\"\">EPSG:2193<\/a> NZTM 2000 EN MSLC2000 &#8211;   <a href=\"https:\/\/www.epsg.io\/5479\">EPSG: 5479<\/a><\/p>\n<h2>Puola<\/h2>\n<p>  PL 92 &#8211;  <a href=\"https:\/\/www.epsg.io\/2180\">EPSG: 2180<\/a><\/p>\n<h2>Romania<\/h2>\n<p>  RO &#8211;  <a href=\"https:\/\/www.epsg.io\/3844\">EPSG: 3844<\/a><\/p>\n<h2>Singapore<\/h2>\n<p>  STM &#8211;  <a href=\"https:\/\/www.epsg.io\/3414\">EPSG: 3414<\/a><\/p>\n<h2>Slovenia<\/h2>\n<p>  Slovenia 1996 &#8211;  <a href=\"https:\/\/www.epsg.io\/3794\">EPSG: 3794<\/a><\/p>\n<h2>Etel\u00e4-Korea<\/h2>\n<p>  UCS &#8211; KGD2002 &#8211; <a href=\"\">EPSG:5179<\/a> UCS &#8211; 1985 &#8211;   <a href=\"https:\/\/www.epsg.io\/5178\">EPSG: 5178<\/a><\/p>\n<h2>Espanja<\/h2>\n<p>  SOC ED50 &#8211; UTM vy\u00f6hyke 29 ED50 &#8211; UTM vy\u00f6hyke 30 ED50 &#8211; UTM vy\u00f6hyke 31 ED50 &#8211; UTM vy\u00f6hyke 29 ED50 &#8211; UTM vy\u00f6hyke 30  <\/p>\n<h2>Ruotsi<\/h2>\n<p>  SWEREF99TM &#8211; <a href=\"\">EPSG:3006<\/a> RT 90 7.5 gon V &#8211; <a href=\"\">EPSG:3019<\/a> RT 90 5 gon V &#8211; <a href=\"\">EPSG:3020<\/a> RT 90 2.5 gon V &#8211; <a href=\"\">EPSG:3021<\/a> RT 90 0 gon &#8211; <a href=\"\">EPSG:3022<\/a> EPSG <a href=\"\">:3022 EPSG:3.3.0.<\/a> 90 5 gon O &#8211;        <a href=\"https:\/\/www.epsg.io\/3024\">EPSG: 3024<\/a><\/p>\n<h2>Sveitsi<\/h2>\n<p>  LV95 &#8211; <a href=\"\">EPSG:2056<\/a> LV03 &#8211;   <a href=\"https:\/\/www.epsg.io\/21781\">EPSG: 21781<\/a><\/p>\n<h2>Ukraina<\/h2>\n<p>  Gauss-Kr\u00fcger &#8211; UCS2000<\/p>\n","protected":false},"excerpt":{"rendered":"<p>Topo GPS -sovellus tukee monia erilaisia \u200b\u200bkoordinaattij\u00e4rjestelmi\u00e4. Voit tarkastella, sy\u00f6tt\u00e4\u00e4, jakaa ja skannata koordinaatteja alla luetelluissa koordinaattij\u00e4rjestelmiss\u00e4. My\u00f6s koordinaattij\u00e4rjestelmien ruudukkokerroksia on mahdollista lis\u00e4t\u00e4 karttaan. Jos tietty koordinaattij\u00e4rjestelm\u00e4 puuttuu, voit ottaa meihin yhteytt\u00e4 , niin voimme harkita sen lis\u00e4\u00e4mist\u00e4. Maailman WGS84 Desimaali WGS84 Asteminuutit WGS84 Asteminuutit sekuntit UTM MGRS GEOREF GARS QTH Maidenhead Euroopassa ETRS89 UTM-vy\u00f6hykkeet Pohjois-Amerikka NAD83 UTM-vy\u00f6hykkeet Albania Pankkiautomaatti &#8211; EPSG:6870 ALCC &#8211; EPSG: 6962 Australia SA Lambert \u2013 GDA2020 \u2013 EPSG:8059 Vicgrid \u2013 GDA2020 \u2013 EPSG:7899 NSW Lambert \u2013 GDA2020 \u2013 EPSG:8058 MGA-vy\u00f6hyke \u2013 GDA2020 GA LCC \u2013 GDA2020 \u2013 EPSG:7845 SA Lambert \u2013 EPSG:7845 SA Lambert \u20137&#8230;<\/p>\n","protected":false},"author":1,"featured_media":0,"parent":0,"menu_order":0,"comment_status":"closed","ping_status":"closed","template":"","meta":{"footnotes":""},"class_list":["post-28908","page","type-page","status-publish","hentry","no-post-thumbnail"],"yoast_head":"<!-- This site is optimized with the Yoast SEO plugin v27.6 - https:\/\/yoast.com\/product\/yoast-seo-wordpress\/ -->\n<title>Tuetut koordinaattij\u00e4rjestelm\u00e4t - Topo GPS<\/title>\n<meta name=\"robots\" content=\"index, follow, max-snippet:-1, max-image-preview:large, max-video-preview:-1\" \/>\n<link rel=\"canonical\" href=\"https:\/\/www.topo-gps.com\/fi\/tuetut-koordinaattijarjestelmat\/\" \/>\n<meta property=\"og:locale\" content=\"fi_FI\" \/>\n<meta property=\"og:type\" content=\"article\" \/>\n<meta property=\"og:title\" content=\"Tuetut koordinaattij\u00e4rjestelm\u00e4t - Topo GPS\" \/>\n<meta property=\"og:description\" content=\"Topo GPS -sovellus tukee monia erilaisia \u200b\u200bkoordinaattij\u00e4rjestelmi\u00e4. Voit tarkastella, sy\u00f6tt\u00e4\u00e4, jakaa ja skannata koordinaatteja alla luetelluissa koordinaattij\u00e4rjestelmiss\u00e4. My\u00f6s koordinaattij\u00e4rjestelmien ruudukkokerroksia on mahdollista lis\u00e4t\u00e4 karttaan. Jos tietty koordinaattij\u00e4rjestelm\u00e4 puuttuu, voit ottaa meihin yhteytt\u00e4 , niin voimme harkita sen lis\u00e4\u00e4mist\u00e4. Maailman WGS84 Desimaali WGS84 Asteminuutit WGS84 Asteminuutit sekuntit UTM MGRS GEOREF GARS QTH Maidenhead Euroopassa ETRS89 UTM-vy\u00f6hykkeet Pohjois-Amerikka NAD83 UTM-vy\u00f6hykkeet Albania Pankkiautomaatti &#8211; EPSG:6870 ALCC &#8211; EPSG: 6962 Australia SA Lambert \u2013 GDA2020 \u2013 EPSG:8059 Vicgrid \u2013 GDA2020 \u2013 EPSG:7899 NSW Lambert \u2013 GDA2020 \u2013 EPSG:8058 MGA-vy\u00f6hyke \u2013 GDA2020 GA LCC \u2013 GDA2020 \u2013 EPSG:7845 SA Lambert \u2013 EPSG:7845 SA Lambert \u20137...\" \/>\n<meta property=\"og:url\" content=\"https:\/\/www.topo-gps.com\/fi\/tuetut-koordinaattijarjestelmat\/\" \/>\n<meta property=\"og:site_name\" content=\"Topo GPS\" \/>\n<meta property=\"article:modified_time\" content=\"2024-08-22T13:23:08+00:00\" \/>\n<meta name=\"twitter:card\" content=\"summary_large_image\" \/>\n<meta name=\"twitter:label1\" content=\"Arvioitu lukuaika\" \/>\n\t<meta name=\"twitter:data1\" content=\"3 minuuttia\" \/>\n<script type=\"application\/ld+json\" class=\"yoast-schema-graph\">{\"@context\":\"https:\\\/\\\/schema.org\",\"@graph\":[{\"@type\":\"WebPage\",\"@id\":\"https:\\\/\\\/www.topo-gps.com\\\/fi\\\/tuetut-koordinaattijarjestelmat\\\/\",\"url\":\"https:\\\/\\\/www.topo-gps.com\\\/fi\\\/tuetut-koordinaattijarjestelmat\\\/\",\"name\":\"Tuetut koordinaattij\u00e4rjestelm\u00e4t - Topo GPS\",\"isPartOf\":{\"@id\":\"https:\\\/\\\/www.topo-gps.com\\\/fi\\\/#website\"},\"datePublished\":\"2024-08-22T13:11:08+00:00\",\"dateModified\":\"2024-08-22T13:23:08+00:00\",\"breadcrumb\":{\"@id\":\"https:\\\/\\\/www.topo-gps.com\\\/fi\\\/tuetut-koordinaattijarjestelmat\\\/#breadcrumb\"},\"inLanguage\":\"fi\",\"potentialAction\":[{\"@type\":\"ReadAction\",\"target\":[\"https:\\\/\\\/www.topo-gps.com\\\/fi\\\/tuetut-koordinaattijarjestelmat\\\/\"]}]},{\"@type\":\"BreadcrumbList\",\"@id\":\"https:\\\/\\\/www.topo-gps.com\\\/fi\\\/tuetut-koordinaattijarjestelmat\\\/#breadcrumb\",\"itemListElement\":[{\"@type\":\"ListItem\",\"position\":1,\"name\":\"Home\",\"item\":\"https:\\\/\\\/www.topo-gps.com\\\/fi\\\/topo-gps\\\/\"},{\"@type\":\"ListItem\",\"position\":2,\"name\":\"Tuetut koordinaattij\u00e4rjestelm\u00e4t\"}]},{\"@type\":\"WebSite\",\"@id\":\"https:\\\/\\\/www.topo-gps.com\\\/fi\\\/#website\",\"url\":\"https:\\\/\\\/www.topo-gps.com\\\/fi\\\/\",\"name\":\"Topo GPS\",\"description\":\"Topographic maps GPS for iPhone, Android, iPad and Apple Watch\",\"potentialAction\":[{\"@type\":\"SearchAction\",\"target\":{\"@type\":\"EntryPoint\",\"urlTemplate\":\"https:\\\/\\\/www.topo-gps.com\\\/fi\\\/?s={search_term_string}\"},\"query-input\":{\"@type\":\"PropertyValueSpecification\",\"valueRequired\":true,\"valueName\":\"search_term_string\"}}],\"inLanguage\":\"fi\"}]}<\/script>\n<!-- \/ Yoast SEO plugin. -->","yoast_head_json":{"title":"Tuetut koordinaattij\u00e4rjestelm\u00e4t - Topo GPS","robots":{"index":"index","follow":"follow","max-snippet":"max-snippet:-1","max-image-preview":"max-image-preview:large","max-video-preview":"max-video-preview:-1"},"canonical":"https:\/\/www.topo-gps.com\/fi\/tuetut-koordinaattijarjestelmat\/","og_locale":"fi_FI","og_type":"article","og_title":"Tuetut koordinaattij\u00e4rjestelm\u00e4t - Topo GPS","og_description":"Topo GPS -sovellus tukee monia erilaisia \u200b\u200bkoordinaattij\u00e4rjestelmi\u00e4. Voit tarkastella, sy\u00f6tt\u00e4\u00e4, jakaa ja skannata koordinaatteja alla luetelluissa koordinaattij\u00e4rjestelmiss\u00e4. My\u00f6s koordinaattij\u00e4rjestelmien ruudukkokerroksia on mahdollista lis\u00e4t\u00e4 karttaan. Jos tietty koordinaattij\u00e4rjestelm\u00e4 puuttuu, voit ottaa meihin yhteytt\u00e4 , niin voimme harkita sen lis\u00e4\u00e4mist\u00e4. Maailman WGS84 Desimaali WGS84 Asteminuutit WGS84 Asteminuutit sekuntit UTM MGRS GEOREF GARS QTH Maidenhead Euroopassa ETRS89 UTM-vy\u00f6hykkeet Pohjois-Amerikka NAD83 UTM-vy\u00f6hykkeet Albania Pankkiautomaatti &#8211; EPSG:6870 ALCC &#8211; EPSG: 6962 Australia SA Lambert \u2013 GDA2020 \u2013 EPSG:8059 Vicgrid \u2013 GDA2020 \u2013 EPSG:7899 NSW Lambert \u2013 GDA2020 \u2013 EPSG:8058 MGA-vy\u00f6hyke \u2013 GDA2020 GA LCC \u2013 GDA2020 \u2013 EPSG:7845 SA Lambert \u2013 EPSG:7845 SA Lambert \u20137...","og_url":"https:\/\/www.topo-gps.com\/fi\/tuetut-koordinaattijarjestelmat\/","og_site_name":"Topo GPS","article_modified_time":"2024-08-22T13:23:08+00:00","twitter_card":"summary_large_image","twitter_misc":{"Arvioitu lukuaika":"3 minuuttia"},"schema":{"@context":"https:\/\/schema.org","@graph":[{"@type":"WebPage","@id":"https:\/\/www.topo-gps.com\/fi\/tuetut-koordinaattijarjestelmat\/","url":"https:\/\/www.topo-gps.com\/fi\/tuetut-koordinaattijarjestelmat\/","name":"Tuetut koordinaattij\u00e4rjestelm\u00e4t - Topo GPS","isPartOf":{"@id":"https:\/\/www.topo-gps.com\/fi\/#website"},"datePublished":"2024-08-22T13:11:08+00:00","dateModified":"2024-08-22T13:23:08+00:00","breadcrumb":{"@id":"https:\/\/www.topo-gps.com\/fi\/tuetut-koordinaattijarjestelmat\/#breadcrumb"},"inLanguage":"fi","potentialAction":[{"@type":"ReadAction","target":["https:\/\/www.topo-gps.com\/fi\/tuetut-koordinaattijarjestelmat\/"]}]},{"@type":"BreadcrumbList","@id":"https:\/\/www.topo-gps.com\/fi\/tuetut-koordinaattijarjestelmat\/#breadcrumb","itemListElement":[{"@type":"ListItem","position":1,"name":"Home","item":"https:\/\/www.topo-gps.com\/fi\/topo-gps\/"},{"@type":"ListItem","position":2,"name":"Tuetut koordinaattij\u00e4rjestelm\u00e4t"}]},{"@type":"WebSite","@id":"https:\/\/www.topo-gps.com\/fi\/#website","url":"https:\/\/www.topo-gps.com\/fi\/","name":"Topo GPS","description":"Topographic maps GPS for iPhone, Android, iPad and Apple Watch","potentialAction":[{"@type":"SearchAction","target":{"@type":"EntryPoint","urlTemplate":"https:\/\/www.topo-gps.com\/fi\/?s={search_term_string}"},"query-input":{"@type":"PropertyValueSpecification","valueRequired":true,"valueName":"search_term_string"}}],"inLanguage":"fi"}]}},"_links":{"self":[{"href":"https:\/\/www.topo-gps.com\/fi\/wp-json\/wp\/v2\/pages\/28908","targetHints":{"allow":["GET"]}}],"collection":[{"href":"https:\/\/www.topo-gps.com\/fi\/wp-json\/wp\/v2\/pages"}],"about":[{"href":"https:\/\/www.topo-gps.com\/fi\/wp-json\/wp\/v2\/types\/page"}],"author":[{"embeddable":true,"href":"https:\/\/www.topo-gps.com\/fi\/wp-json\/wp\/v2\/users\/1"}],"replies":[{"embeddable":true,"href":"https:\/\/www.topo-gps.com\/fi\/wp-json\/wp\/v2\/comments?post=28908"}],"version-history":[{"count":0,"href":"https:\/\/www.topo-gps.com\/fi\/wp-json\/wp\/v2\/pages\/28908\/revisions"}],"wp:attachment":[{"href":"https:\/\/www.topo-gps.com\/fi\/wp-json\/wp\/v2\/media?parent=28908"}],"curies":[{"name":"wp","href":"https:\/\/api.w.org\/{rel}","templated":true}]}}