{"id":26361,"date":"2023-06-16T15:55:11","date_gmt":"2023-06-16T14:55:11","guid":{"rendered":"https:\/\/www.topo-gps.com\/kartat\/maastopyorareittien-kerros\/"},"modified":"2023-06-16T16:41:07","modified_gmt":"2023-06-16T15:41:07","slug":"maastopyorareittien-kerros","status":"publish","type":"page","link":"https:\/\/www.topo-gps.com\/fi\/kartat\/maastopyorareittien-kerros\/","title":{"rendered":"Maastopy\u00f6r\u00e4reittien kerros"},"content":{"rendered":"<div class=\"wpb-content-wrapper\"><p>[vc_section enable_inner=&#8221;yes&#8221; section_type=&#8221;hero&#8221; inner_margin_top=&#8221;mt-100&#8243; parallax_image_attachment=&#8221;inherit&#8221; padding_class=&#8221;wide-100&#8243; css=&#8221;.vc_custom_1686928143911{background-image: url(https:\/\/www.topo-gps.com\/wp-content\/uploads\/2023\/06\/sipke_mountainbiker_on_a_path_photo_realistic_6c31544d-3751-4033-bae7-d807088a510e.png?id=26307) !important;background-position: center !important;background-repeat: no-repeat !important;background-size: cover !important;}&#8221;][vc_row parallax_image_attachment=&#8221;inherit&#8221; css=&#8221;.vc_custom_1639602296513{padding-top: 20px !important;padding-bottom: 20px !important;}&#8221;][vc_column width=&#8221;1\/2&#8243; css=&#8221;.vc_custom_1639603345318{margin-bottom: 20px !important;}&#8221;]\r\n        <div class=\"vc_custom_1686926621397  hero-txt\"> \r\n            \r\n                     \r\n            <h3 class=\"white-color h3-sm none  wow perch-fadeInUp fadeInUp\" style=\"font-weight: bold;\" data-wow-delay=\"300ms\" data-wow-duration=\"1200ms\">Maastopy\u00f6r\u00e4reitit n\u00e4kyv\u00e4t suoraan topografisissa kartoissa<\/h3>\r\n             \r\n            \r\n                        \r\n                        \r\n            \r\n                        \r\n                        \r\n                  \r\n        <\/div>[\/vc_column][vc_column width=&#8221;1\/2&#8243; css=&#8221;.vc_custom_1639603183972{padding-top: 40px !important;padding-bottom: 40px !important;}&#8221;]\r\n        <div class=\"hero-img  wow perch-fadeInUp fadeInUp\" data-wow-delay=\"300ms\" data-wow-duration=\"1200ms\"> \r\n        <img loading=\"lazy\" decoding=\"async\" class=\"vc_single_image-img img-fluid\" width=\"560\" height=\"604\"  src=\"https:\/\/www.topo-gps.com\/wp-content\/uploads\/2022\/04\/at-map1.png\" alt=\"External image\" \/>\r\n        <\/div>[\/vc_column][\/vc_row][\/vc_section][vc_section][vc_row][vc_column]\r\n        <div class=\"section-title  wow perch-fadeInUp fadeInUp text-center\" data-wow-delay=\"300ms\" data-wow-duration=\"1200ms\">\r\n            <h2 class=\"h2-sm\">It\u00e4vallan parhaat ulkoilukartat<\/h2>\r\n            <p class=\"p-lg\">Viralliset topografiset kartat ovat It\u00e4vallan parhaat ulkoilukartat.<\/p>         \r\n        <\/div>[vc_column_text]Laaja valikoima eurooppalaisia \u200b\u200bmaastopy\u00f6r\u00e4reittej\u00e4 on saatavilla puhelimellasi, ja se tarjoaa monia etuja maastopy\u00f6r\u00e4ilij\u00f6ille. Sen avulla ratsastajat voivat tutustua uusiin reitteihin Alankomaissa, Saksassa, Ranskassa ja muissa Euroopan maissa ilman huolia eksymisest\u00e4, mik\u00e4 tarjoaa saumattoman ja nautinnollisen ajokokemuksen. Yksityiskohtaisten karttojen ja korkeusprofiilien avulla maastopy\u00f6r\u00e4reitit takaavat haastavan mutta palkitsevan ulkoilukokemuksen joka kerta.<\/p>\n<p>Kun n\u00e4m\u00e4 arvokkaat tiedot ovat k\u00e4den ulottuvilla, py\u00f6r\u00e4ilij\u00e4t voivat rohkeasti uskaltaa tuntemattomille alueille ja pysy\u00e4 yhteydess\u00e4 ja turvassa. Kaiken kaikkiaan maastopy\u00f6r\u00e4reitit puhelimessasi mullistaa ajajien tavan l\u00e4hesty\u00e4 seikkailujaan ja maksimoi poluilla kuluvan ajan ja takaa samalla turvallisuuden ja tutkimisen tunteen.[\/vc_column_text][\/vc_column][\/vc_row][vc_row][vc_column width=&#8221;1\/2&#8243;][vc_single_image custom_src=&#8221;https:\/\/www.topo-gps.com\/wp-content\/uploads\/2022\/04\/at-map2.jpg&#8221; external_img_size=&#8221;391&#215;600&#8243; alignment=&#8221;center&#8221;][\/vc_column][vc_column width=&#8221;1\/2&#8243;][vc_row_inner][vc_column_inner width=&#8221;1\/2&#8243;]\r\n        <div class=\"wow perch-fadeInUp fadeInUp fbox\" data-wow-delay=\"300ms\" data-wow-duration=\"1200ms\"> \r\n            <div class=\"fbox grey-color-box\">\r\n                <div class=\"grey-color-icon b-icon box-icon-md\"><span class=\" grey-color\"><\/span><\/div>  \r\n                <div class=\"fbox-txt\">    \r\n                    <h5 class=\"h5-sm\">Kattava<\/h5>\r\n                    <p class=\"grey-color\">Joukko maastopy\u00f6r\u00e4reittej\u00e4 ymp\u00e4ri Eurooppaa. Ne voidaan helposti n\u00e4ytt\u00e4\u00e4 maiden topografisella kartalla tai avoimella katukartalla.<\/p>\r\n                    \r\n                <\/div> \r\n            <\/div>        \r\n        <\/div>\r\n        <div class=\"wow perch-fadeInUp fadeInUp fbox\" data-wow-delay=\"300ms\" data-wow-duration=\"1200ms\"> \r\n            <div class=\"fbox grey-color-box\">\r\n                <div class=\"grey-color-icon b-icon box-icon-md\"><span class=\" grey-color\"><\/span><\/div>  \r\n                <div class=\"fbox-txt\">    \r\n                    <h5 class=\"h5-sm\">v\u00e4rit<\/h5>\r\n                    <p class=\"grey-color\">Polun v\u00e4rit sovitetaan polulla oleviin merkkeihin, kun ne ovat tiedossa. Monilla poluilla on perinteinen yksi kolmio ja kaksi pistemerkki\u00e4 polkujen merkkin\u00e4.  <\/p>\r\n                    \r\n                <\/div> \r\n            <\/div>        \r\n        <\/div>\r\n        <div class=\"wow perch-fadeInUp fadeInUp fbox\" data-wow-delay=\"300ms\" data-wow-duration=\"1200ms\"> \r\n            <div class=\"fbox grey-color-box\">\r\n                <div class=\"grey-color-icon b-icon box-icon-md\"><span class=\" grey-color\"><\/span><\/div>  \r\n                <div class=\"fbox-txt\">    \r\n                    <h5 class=\"h5-sm\">Polun suunta<\/h5>\r\n                    <p class=\"grey-color\">Monilla yksitt\u00e4isill\u00e4 radalla on yksisuuntainen ajosuunta. Sovellus n\u00e4ytt\u00e4\u00e4 n\u00e4m\u00e4 ohjeet, jotta tied\u00e4t, mihin suuntaan menn\u00e4.  <\/p>\r\n                    \r\n                <\/div> \r\n            <\/div>        \r\n        <\/div>[\/vc_column_inner][vc_column_inner width=&#8221;1\/2&#8243;]\r\n        <div class=\"wow perch-fadeInUp fadeInUp fbox\" data-wow-delay=\"300ms\" data-wow-duration=\"1200ms\"> \r\n            <div class=\"fbox grey-color-box\">\r\n                <div class=\"grey-color-icon b-icon box-icon-md\"><span class=\" grey-color\"><\/span><\/div>  \r\n                <div class=\"fbox-txt\">    \r\n                    <h5 class=\"h5-sm\">Offline-kartat<\/h5>\r\n                    <p class=\"grey-color\">Voit asettaa topografiset kartat ja polut offline-k\u00e4ytt\u00f6\u00f6n. N\u00e4in varmistat, ett\u00e4 tarvitsemasi kartat ovat aina saatavilla.<\/p>\r\n                    \r\n                <\/div> \r\n            <\/div>        \r\n        <\/div>\r\n        <div class=\"wow perch-fadeInUp fadeInUp fbox\" data-wow-delay=\"300ms\" data-wow-duration=\"1200ms\"> \r\n            <div class=\"fbox grey-color-box\">\r\n                <div class=\"grey-color-icon b-icon box-icon-md\"><span class=\" grey-color\"><\/span><\/div>  \r\n                <div class=\"fbox-txt\">    \r\n                    <h5 class=\"h5-sm\">Reitin tiedot<\/h5>\r\n                    <p class=\"grey-color\">Reitin kuvaus ja perustiedot pituudesta ja yhteyksist\u00e4 muihin reitteihin annetaan mahdollisuuksien mukaan.  <\/p>\r\n                    \r\n                <\/div> \r\n            <\/div>        \r\n        <\/div>\r\n        <div class=\"wow perch-fadeInUp fadeInUp fbox\" data-wow-delay=\"300ms\" data-wow-duration=\"1200ms\"> \r\n            <div class=\"fbox grey-color-box\">\r\n                <div class=\"grey-color-icon b-icon box-icon-md\"><span class=\" grey-color\"><\/span><\/div>  \r\n                <div class=\"fbox-txt\">    \r\n                    <h5 class=\"h5-sm\">Topon GPS-ominaisuudet<\/h5>\r\n                    <p class=\"grey-color\">Topo GPS -sovellus tarjoaa monia hy\u00f6dyllisi\u00e4 lis\u00e4ominaisuuksia topografiseen karttaan. Kuten navigointi, lastaus, reittien suunnittelu ja seuraaminen sek\u00e4 pisteiden lis\u00e4\u00e4minen karttaan. Topo GPS sis\u00e4lt\u00e4\u00e4 kaikki tavallisen GPS-laitteen toiminnot.<\/p>\r\n                    \r\n                <\/div> \r\n            <\/div>        \r\n        <\/div>[\/vc_column_inner][\/vc_row_inner][\/vc_column][\/vc_row][\/vc_section][vc_section][vc_row][vc_column]\r\n        <div class=\"section-title  wow perch-fadeInUp fadeInUp text-center\" data-wow-delay=\"300ms\" data-wow-duration=\"1200ms\">\r\n            <h2 class=\"h2-sm\">Mit\u00e4 karttaa haluaisit mieluiten tutkia ulkona?<\/h2>\r\n            <p class=\"p-lg\">Vertaa itse\u00e4si<\/p>         \r\n        <\/div>[vc_row_inner][vc_column_inner width=&#8221;1\/3&#8243;][vc_column_text]<\/p>\n<h3 style=\"text-align: center;\">Google Kartat<\/h3>\n<p>[\/vc_column_text][vc_single_image custom_src=&#8221;https:\/\/www.topo-gps.com\/wp-content\/uploads\/2022\/04\/at-gm.jpg&#8221; external_img_size=&#8221;277&#215;560&#8243; alignment=&#8221;center&#8221;][\/vc_column_inner][vc_column_inner width=&#8221;1\/3&#8243;][vc_column_text]<\/p>\n<h3 style=\"text-align: center;\">OpenStreetMap<\/h3>\n<p>[\/vc_column_text][vc_single_image custom_src=&#8221;https:\/\/www.topo-gps.com\/wp-content\/uploads\/2022\/04\/at-osm.jpg&#8221; external_img_size=&#8221;277&#215;560&#8243; alignment=&#8221;center&#8221;][\/vc_column_inner][vc_column_inner width=&#8221;1\/3&#8243;][vc_column_text]<\/p>\n<h3 style=\"text-align: center;\">Topografinen kartta<\/h3>\n<p>[\/vc_column_text][vc_single_image custom_src=&#8221;https:\/\/www.topo-gps.com\/wp-content\/uploads\/2022\/04\/at-tg.jpg&#8221; external_img_size=&#8221;277&#215;560&#8243; alignment=&#8221;center&#8221;][\/vc_column_inner][\/vc_row_inner][\/vc_column][\/vc_row][\/vc_section]<\/p>\n<\/div>","protected":false},"excerpt":{"rendered":"<p>[vc_section enable_inner=&#8221;yes&#8221; section_type=&#8221;hero&#8221; inner_margin_top=&#8221;mt-100&#8243; parallax_image_attachment=&#8221;inherit&#8221; padding_class=&#8221;wide-100&#8243; css=&#8221;.vc_custom_1686928143911{background-image: url(https:\/\/www.topo-gps.com\/wp-content\/uploads\/2023\/06\/sipke_mountainbiker_on_a_path_photo_realistic_6c31544d-3751-4033-bae7-d807088a510e.png?id=26307) !important;background-position: center !important;background-repeat: no-repeat !important;background-size: cover !important;}&#8221;][vc_row parallax_image_attachment=&#8221;inherit&#8221; css=&#8221;.vc_custom_1639602296513{padding-top: 20px !important;padding-bottom: 20px !important;}&#8221;][vc_column width=&#8221;1\/2&#8243; css=&#8221;.vc_custom_1639603345318{margin-bottom: 20px !important;}&#8221;][\/vc_column][vc_column width=&#8221;1\/2&#8243; css=&#8221;.vc_custom_1639603183972{padding-top: 40px !important;padding-bottom: 40px !important;}&#8221;][\/vc_column][\/vc_row][\/vc_section][vc_section][vc_row][vc_column][vc_column_text]Laaja valikoima eurooppalaisia \u200b\u200bmaastopy\u00f6r\u00e4reittej\u00e4 on saatavilla puhelimellasi, ja se tarjoaa monia etuja maastopy\u00f6r\u00e4ilij\u00f6ille. Sen avulla ratsastajat voivat tutustua uusiin reitteihin Alankomaissa, Saksassa, Ranskassa ja muissa Euroopan maissa ilman huolia eksymisest\u00e4, mik\u00e4 tarjoaa saumattoman ja nautinnollisen ajokokemuksen. Yksityiskohtaisten karttojen ja korkeusprofiilien avulla maastopy\u00f6r\u00e4reitit takaavat haastavan mutta palkitsevan ulkoilukokemuksen joka kerta. Kun n\u00e4m\u00e4 arvokkaat tiedot ovat k\u00e4den ulottuvilla, py\u00f6r\u00e4ilij\u00e4t voivat rohkeasti uskaltaa tuntemattomille alueille ja pysy\u00e4 yhteydess\u00e4 ja turvassa. Kaiken kaikkiaan maastopy\u00f6r\u00e4reitit&#8230;<\/p>\n","protected":false},"author":1,"featured_media":0,"parent":6145,"menu_order":0,"comment_status":"closed","ping_status":"closed","template":"","meta":{"footnotes":""},"class_list":["post-26361","page","type-page","status-publish","hentry","no-post-thumbnail"],"yoast_head":"<!-- This site is optimized with the Yoast SEO plugin v27.3 - https:\/\/yoast.com\/product\/yoast-seo-wordpress\/ -->\n<title>Maastopy\u00f6r\u00e4reittien kerros - Topo GPS<\/title>\n<meta name=\"description\" content=\"Topo GPS:ss\u00e4 on lis\u00e4kerros, jonka avulla voit n\u00e4ytt\u00e4\u00e4 maastopy\u00f6r\u00e4reittej\u00e4, polkuja ja j\u00e4lki\u00e4 topografisella kartalla\" \/>\n<meta name=\"robots\" content=\"index, follow, max-snippet:-1, max-image-preview:large, max-video-preview:-1\" \/>\n<link rel=\"canonical\" href=\"https:\/\/www.topo-gps.com\/fi\/kartat\/maastopyorareittien-kerros\/\" \/>\n<meta property=\"og:locale\" content=\"fi_FI\" \/>\n<meta property=\"og:type\" content=\"article\" \/>\n<meta property=\"og:title\" content=\"Maastopy\u00f6r\u00e4reittien kerros - Topo GPS\" \/>\n<meta property=\"og:description\" content=\"Topo GPS:ss\u00e4 on lis\u00e4kerros, jonka avulla voit n\u00e4ytt\u00e4\u00e4 maastopy\u00f6r\u00e4reittej\u00e4, polkuja ja j\u00e4lki\u00e4 topografisella kartalla\" \/>\n<meta property=\"og:url\" content=\"https:\/\/www.topo-gps.com\/fi\/kartat\/maastopyorareittien-kerros\/\" \/>\n<meta property=\"og:site_name\" content=\"Topo GPS\" \/>\n<meta property=\"article:modified_time\" content=\"2023-06-16T15:41:07+00:00\" \/>\n<meta name=\"twitter:card\" content=\"summary_large_image\" \/>\n<meta name=\"twitter:label1\" content=\"Arvioitu lukuaika\" \/>\n\t<meta name=\"twitter:data1\" content=\"3 minuuttia\" \/>\n<script type=\"application\/ld+json\" class=\"yoast-schema-graph\">{\"@context\":\"https:\\\/\\\/schema.org\",\"@graph\":[{\"@type\":\"WebPage\",\"@id\":\"https:\\\/\\\/www.topo-gps.com\\\/fi\\\/kartat\\\/maastopyorareittien-kerros\\\/\",\"url\":\"https:\\\/\\\/www.topo-gps.com\\\/fi\\\/kartat\\\/maastopyorareittien-kerros\\\/\",\"name\":\"Maastopy\u00f6r\u00e4reittien kerros - Topo GPS\",\"isPartOf\":{\"@id\":\"https:\\\/\\\/www.topo-gps.com\\\/fi\\\/#website\"},\"datePublished\":\"2023-06-16T14:55:11+00:00\",\"dateModified\":\"2023-06-16T15:41:07+00:00\",\"description\":\"Topo GPS:ss\u00e4 on lis\u00e4kerros, jonka avulla voit n\u00e4ytt\u00e4\u00e4 maastopy\u00f6r\u00e4reittej\u00e4, polkuja ja j\u00e4lki\u00e4 topografisella kartalla\",\"breadcrumb\":{\"@id\":\"https:\\\/\\\/www.topo-gps.com\\\/fi\\\/kartat\\\/maastopyorareittien-kerros\\\/#breadcrumb\"},\"inLanguage\":\"fi\",\"potentialAction\":[{\"@type\":\"ReadAction\",\"target\":[\"https:\\\/\\\/www.topo-gps.com\\\/fi\\\/kartat\\\/maastopyorareittien-kerros\\\/\"]}]},{\"@type\":\"BreadcrumbList\",\"@id\":\"https:\\\/\\\/www.topo-gps.com\\\/fi\\\/kartat\\\/maastopyorareittien-kerros\\\/#breadcrumb\",\"itemListElement\":[{\"@type\":\"ListItem\",\"position\":1,\"name\":\"Home\",\"item\":\"https:\\\/\\\/www.topo-gps.com\\\/fi\\\/topo-gps\\\/\"},{\"@type\":\"ListItem\",\"position\":2,\"name\":\"Kartat\",\"item\":\"https:\\\/\\\/www.topo-gps.com\\\/fi\\\/?page_id=6145\"},{\"@type\":\"ListItem\",\"position\":3,\"name\":\"Maastopy\u00f6r\u00e4reittien kerros\"}]},{\"@type\":\"WebSite\",\"@id\":\"https:\\\/\\\/www.topo-gps.com\\\/fi\\\/#website\",\"url\":\"https:\\\/\\\/www.topo-gps.com\\\/fi\\\/\",\"name\":\"Topo GPS\",\"description\":\"Topographic maps GPS for iPhone, Android, iPad and Apple Watch\",\"potentialAction\":[{\"@type\":\"SearchAction\",\"target\":{\"@type\":\"EntryPoint\",\"urlTemplate\":\"https:\\\/\\\/www.topo-gps.com\\\/fi\\\/?s={search_term_string}\"},\"query-input\":{\"@type\":\"PropertyValueSpecification\",\"valueRequired\":true,\"valueName\":\"search_term_string\"}}],\"inLanguage\":\"fi\"}]}<\/script>\n<!-- \/ Yoast SEO plugin. -->","yoast_head_json":{"title":"Maastopy\u00f6r\u00e4reittien kerros - Topo GPS","description":"Topo GPS:ss\u00e4 on lis\u00e4kerros, jonka avulla voit n\u00e4ytt\u00e4\u00e4 maastopy\u00f6r\u00e4reittej\u00e4, polkuja ja j\u00e4lki\u00e4 topografisella kartalla","robots":{"index":"index","follow":"follow","max-snippet":"max-snippet:-1","max-image-preview":"max-image-preview:large","max-video-preview":"max-video-preview:-1"},"canonical":"https:\/\/www.topo-gps.com\/fi\/kartat\/maastopyorareittien-kerros\/","og_locale":"fi_FI","og_type":"article","og_title":"Maastopy\u00f6r\u00e4reittien kerros - Topo GPS","og_description":"Topo GPS:ss\u00e4 on lis\u00e4kerros, jonka avulla voit n\u00e4ytt\u00e4\u00e4 maastopy\u00f6r\u00e4reittej\u00e4, polkuja ja j\u00e4lki\u00e4 topografisella kartalla","og_url":"https:\/\/www.topo-gps.com\/fi\/kartat\/maastopyorareittien-kerros\/","og_site_name":"Topo GPS","article_modified_time":"2023-06-16T15:41:07+00:00","twitter_card":"summary_large_image","twitter_misc":{"Arvioitu lukuaika":"3 minuuttia"},"schema":{"@context":"https:\/\/schema.org","@graph":[{"@type":"WebPage","@id":"https:\/\/www.topo-gps.com\/fi\/kartat\/maastopyorareittien-kerros\/","url":"https:\/\/www.topo-gps.com\/fi\/kartat\/maastopyorareittien-kerros\/","name":"Maastopy\u00f6r\u00e4reittien kerros - Topo GPS","isPartOf":{"@id":"https:\/\/www.topo-gps.com\/fi\/#website"},"datePublished":"2023-06-16T14:55:11+00:00","dateModified":"2023-06-16T15:41:07+00:00","description":"Topo GPS:ss\u00e4 on lis\u00e4kerros, jonka avulla voit n\u00e4ytt\u00e4\u00e4 maastopy\u00f6r\u00e4reittej\u00e4, polkuja ja j\u00e4lki\u00e4 topografisella kartalla","breadcrumb":{"@id":"https:\/\/www.topo-gps.com\/fi\/kartat\/maastopyorareittien-kerros\/#breadcrumb"},"inLanguage":"fi","potentialAction":[{"@type":"ReadAction","target":["https:\/\/www.topo-gps.com\/fi\/kartat\/maastopyorareittien-kerros\/"]}]},{"@type":"BreadcrumbList","@id":"https:\/\/www.topo-gps.com\/fi\/kartat\/maastopyorareittien-kerros\/#breadcrumb","itemListElement":[{"@type":"ListItem","position":1,"name":"Home","item":"https:\/\/www.topo-gps.com\/fi\/topo-gps\/"},{"@type":"ListItem","position":2,"name":"Kartat","item":"https:\/\/www.topo-gps.com\/fi\/?page_id=6145"},{"@type":"ListItem","position":3,"name":"Maastopy\u00f6r\u00e4reittien kerros"}]},{"@type":"WebSite","@id":"https:\/\/www.topo-gps.com\/fi\/#website","url":"https:\/\/www.topo-gps.com\/fi\/","name":"Topo GPS","description":"Topographic maps GPS for iPhone, Android, iPad and Apple Watch","potentialAction":[{"@type":"SearchAction","target":{"@type":"EntryPoint","urlTemplate":"https:\/\/www.topo-gps.com\/fi\/?s={search_term_string}"},"query-input":{"@type":"PropertyValueSpecification","valueRequired":true,"valueName":"search_term_string"}}],"inLanguage":"fi"}]}},"_links":{"self":[{"href":"https:\/\/www.topo-gps.com\/fi\/wp-json\/wp\/v2\/pages\/26361","targetHints":{"allow":["GET"]}}],"collection":[{"href":"https:\/\/www.topo-gps.com\/fi\/wp-json\/wp\/v2\/pages"}],"about":[{"href":"https:\/\/www.topo-gps.com\/fi\/wp-json\/wp\/v2\/types\/page"}],"author":[{"embeddable":true,"href":"https:\/\/www.topo-gps.com\/fi\/wp-json\/wp\/v2\/users\/1"}],"replies":[{"embeddable":true,"href":"https:\/\/www.topo-gps.com\/fi\/wp-json\/wp\/v2\/comments?post=26361"}],"version-history":[{"count":0,"href":"https:\/\/www.topo-gps.com\/fi\/wp-json\/wp\/v2\/pages\/26361\/revisions"}],"up":[{"embeddable":true,"href":"https:\/\/www.topo-gps.com\/fi\/wp-json\/wp\/v2\/pages\/6145"}],"wp:attachment":[{"href":"https:\/\/www.topo-gps.com\/fi\/wp-json\/wp\/v2\/media?parent=26361"}],"curies":[{"name":"wp","href":"https:\/\/api.w.org\/{rel}","templated":true}]}}