{"id":17450,"date":"2022-04-07T12:18:00","date_gmt":"2022-04-07T11:18:00","guid":{"rendered":"https:\/\/www.topo-gps.com\/usan-topografinen-kartta\/"},"modified":"2023-04-20T06:59:34","modified_gmt":"2023-04-20T05:59:34","slug":"usan-topografinen-kartta","status":"publish","type":"page","link":"https:\/\/www.topo-gps.com\/fi\/usan-topografinen-kartta\/","title":{"rendered":"USA:n topografinen kartta"},"content":{"rendered":"<div class=\"wpb-content-wrapper\"><p>[vc_section enable_inner=&#8221;yes&#8221; section_type=&#8221;hero&#8221; inner_margin_top=&#8221;mt-100&#8243; parallax_image_attachment=&#8221;inherit&#8221; padding_class=&#8221;wide-100&#8243; css=&#8221;.vc_custom_1649340255144{background-image: url(https:\/\/www.topo-gps.com\/wp-content\/uploads\/2022\/04\/us-resized.jpg?id=18647) !important;background-position: center !important;background-repeat: no-repeat !important;background-size: cover !important;}&#8221;][vc_row parallax_image_attachment=&#8221;inherit&#8221; css=&#8221;.vc_custom_1639602296513{padding-top: 20px !important;padding-bottom: 20px !important;}&#8221;][vc_column width=&#8221;1\/2&#8243; css=&#8221;.vc_custom_1639603345318{margin-bottom: 20px !important;}&#8221;]\r\n        <div class=\"vc_custom_1649340339645  hero-txt\"> \r\n            \r\n                     \r\n            <h3 class=\"white-color h3-sm none  wow perch-fadeInUp fadeInUp\" style=\"font-weight: bold;\" data-wow-delay=\"300ms\" data-wow-duration=\"1200ms\">USopo topografinen kartta Yhdysvalloista iPhonessa, Android-puhelimessa ja Apple Watchissa<\/h3>\r\n             \r\n            \r\n                        \r\n                        \r\n            \r\n                        \r\n                        \r\n                  \r\n        <\/div>[vc_row_inner][vc_column_inner width=&#8221;1\/2&#8243; css=&#8221;.vc_custom_1639605647058{padding-top: 10px !important;padding-bottom: 10px !important;}&#8221;]\r\n        <div class=\"hero-img  wow perch-fadeInUp fadeInUp text-center\" data-wow-delay=\"300ms\" data-wow-duration=\"1200ms\"> \r\n        <a href=\"https:\/\/apps.apple.com\/gb\/app\/topo-gps\/id578960575\" target=\"_self\" class=\"vc_single_image-wrapper  \"><img loading=\"lazy\" decoding=\"async\" class=\"vc_single_image-img img-fluid\" width=\"160\" height=\"50\"  src=\"https:\/\/www.topo-gps.com\/wp-content\/themes\/appset\/images\/appstore.png\" alt=\"External image\" \/><\/a>\r\n        <\/div>[\/vc_column_inner][vc_column_inner width=&#8221;1\/2&#8243; css=&#8221;.vc_custom_1639605658368{padding-top: 10px !important;padding-bottom: 10px !important;}&#8221;]\r\n        <div class=\"hero-img  wow perch-fadeInUp fadeInUp text-center\" data-wow-delay=\"300ms\" data-wow-duration=\"1200ms\"> \r\n        <a href=\"https:\/\/play.google.com\/store\/apps\/details?id=uk.rdzl.topo.gps&amp;hl=en\" target=\"_self\" class=\"vc_single_image-wrapper  \"><img loading=\"lazy\" decoding=\"async\" class=\"vc_single_image-img img-fluid\" width=\"171\" height=\"50\"  src=\"https:\/\/www.topo-gps.com\/wp-content\/themes\/appset\/images\/googleplay.png\" alt=\"External image\" \/><\/a>\r\n        <\/div>[\/vc_column_inner][\/vc_row_inner][\/vc_column][vc_column width=&#8221;1\/2&#8243; css=&#8221;.vc_custom_1639603183972{padding-top: 40px !important;padding-bottom: 40px !important;}&#8221;]\r\n        <div class=\"hero-img  wow perch-fadeInUp fadeInUp\" data-wow-delay=\"300ms\" data-wow-duration=\"1200ms\"> \r\n        <img loading=\"lazy\" decoding=\"async\" class=\"vc_single_image-img img-fluid\" width=\"560\" height=\"604\"  src=\"https:\/\/www.topo-gps.com\/wp-content\/uploads\/2022\/04\/us-map1-1.png\" alt=\"External image\" \/>\r\n        <\/div>[\/vc_column][\/vc_row][\/vc_section][vc_section][vc_row][vc_column]\r\n        <div class=\"section-title  wow perch-fadeInUp fadeInUp text-center\" data-wow-delay=\"300ms\" data-wow-duration=\"1200ms\">\r\n            <h2 class=\"h2-sm\">Parhaat ulkoilukartat Yhdysvaltoihin<\/h2>\r\n            <p class=\"p-lg\">US Geological Surveyn viralliset USTopon topografiset kartat ovat Yhdysvaltojen parhaita ulkoilukarttoja.<\/p>         \r\n        <\/div>[vc_column_text]Yhdysvallat on laaja maa, jossa on monipuolinen maisemavalikoima vuorista ja aavikoista metsiin ja rantoihin, ja se tarjoaa laajan valikoiman ulkoilua kaikille kiinnostuksen kohteille ja kyvyille.<\/p>\n<p>Patikointi on suosittu harrastus Yhdysvalloissa, ja monet kansallispuistot ja er\u00e4maa-alueet tarjoavat henke\u00e4salpaavia polkuja ja upeita n\u00e4kymi\u00e4. Jotkut suosituimmista vaelluskohteista ovat Grand Canyon Arizonassa, Yosemiten kansallispuisto Kaliforniassa ja Appalachian Trail, joka ulottuu Georgiasta Maineen.<\/p>\n<p>Hiihto ja lumilautailu ovat suosittuja talviaktiviteetteja monissa osissa Yhdysvaltoja, ja maailmankuulut hiihtokeskukset sijaitsevat osavaltioissa, kuten Coloradossa, Utahissa ja Vermontissa. Kalliovuoret tarjoavat joitain maan parhaista hiihtomahdollisuuksista, kun taas Vermontin ja New Hampshiren lomakeskukset tarjoavat perinteisemm\u00e4n it\u00e4rannikon hiihtokokemuksen.<\/p>\n<p>Vesiurheilu on my\u00f6s suosittua Yhdysvalloissa, erityisesti rannikolla ja monissa j\u00e4rviss\u00e4 ja joissa eri puolilla maata. Surffaus, melontalautailu, melonta ja kalastus ovat vain muutamia aktiviteetteja, joista vierailijat voivat nauttia. Suosittuja vesiurheilukohteita ovat Havaiji, Kalifornia, Florida ja Suurten j\u00e4rvien alue.<\/p>\n<p>Extreme-urheilun yst\u00e4ville Yhdysvalloissa on runsaasti vaihtoehtoja, kuten kalliokiipeily\u00e4, maastopy\u00f6r\u00e4ily\u00e4 ja koskenlaskua. Esimerkiksi Moabin alue Utahissa on suosittu maastopy\u00f6r\u00e4ily- ja kalliokiipeilykohde, kun taas Colorado-joki on koskenlaskujen suosikki.<\/p>\n<p>Kaiken kaikkiaan Yhdysvallat tarjoaa vierailijoille laajan valikoiman ulkoilma-aktiviteetteja vaelluksesta ja hiiht\u00e4misest\u00e4 vesiurheiluun ja extreme-lajeihin. Kun tutkittavana on niin monia erilaisia maisemia ja alueita, Yhdysvaltojen ulkoilmasta l\u00f6ytyy aina jotain uutta ja j\u00e4nnitt\u00e4v\u00e4\u00e4.[\/vc_column_text][\/vc_column][\/vc_row][vc_row][vc_column width=&#8221;1\/2&#8243;][vc_single_image custom_src=&#8221;https:\/\/www.topo-gps.com\/wp-content\/uploads\/2022\/04\/us-map2.jpg&#8221; external_img_size=&#8221;391&#215;600&#8243; alignment=&#8221;center&#8221;][\/vc_column][vc_column width=&#8221;1\/2&#8243;][vc_row_inner][vc_column_inner width=&#8221;1\/2&#8243;]\r\n        <div class=\"wow perch-fadeInUp fadeInUp fbox\" data-wow-delay=\"300ms\" data-wow-duration=\"1200ms\"> \r\n            <div class=\"fbox grey-color-box\">\r\n                <div class=\"grey-color-icon b-icon box-icon-md\"><span class=\" grey-color\"><\/span><\/div>  \r\n                <div class=\"fbox-txt\">    \r\n                    <h5 class=\"h5-sm\">Topografinen kartta<\/h5>\r\n                    <p class=\"grey-color\">Topografinen kartta sis\u00e4lt\u00e4\u00e4 monia yksityiskohtia, kuten korkeuden \u00e4\u00e4riviivat, pienet tiet ja maank\u00e4yt\u00f6n, joten se on ihanteellinen ulkona navigointiin.<\/p>\r\n                    \r\n                <\/div> \r\n            <\/div>        \r\n        <\/div>\r\n        <div class=\"wow perch-fadeInUp fadeInUp fbox\" data-wow-delay=\"300ms\" data-wow-duration=\"1200ms\"> \r\n            <div class=\"fbox grey-color-box\">\r\n                <div class=\"grey-color-icon b-icon box-icon-md\"><span class=\" grey-color\"><\/span><\/div>  \r\n                <div class=\"fbox-txt\">    \r\n                    <h5 class=\"h5-sm\">USTopo<\/h5>\r\n                    <p class=\"grey-color\">Topo GPS:st\u00e4 voit ostaa t\u00e4yden p\u00e4\u00e4syn Yhdysvaltojen t\u00e4ydellisiin USTopon topografisiin karttoihin. USTopon topografiset kartat tuottaa US Geological Survey. USA:n Topo-karttojen lis\u00e4ksi tarjoamme my\u00f6s ilmakuvia USA:sta.<\/p>\r\n                    \r\n                <\/div> \r\n            <\/div>        \r\n        <\/div>\r\n        <div class=\"wow perch-fadeInUp fadeInUp fbox\" data-wow-delay=\"300ms\" data-wow-duration=\"1200ms\"> \r\n            <div class=\"fbox grey-color-box\">\r\n                <div class=\"grey-color-icon b-icon box-icon-md\"><span class=\" grey-color\"><\/span><\/div>  \r\n                <div class=\"fbox-txt\">    \r\n                    <h5 class=\"h5-sm\">Hinnoittelu<\/h5>\r\n                    <p class=\"grey-color\">T\u00e4ysi p\u00e4\u00e4sy Yhdysvaltojen t\u00e4ydellisiin USTopo-topografisiin karttoihin maksaa 3,99 dollaria. T\u00e4m\u00e4 on kertaostos ja sis\u00e4lt\u00e4\u00e4 ilmaisia tulevia p\u00e4ivityksi\u00e4. Kartta on saatavilla kaikilla laitteilla, joilla on sama Apple ID tai Google Play -tili.<\/p>\r\n                    \r\n                <\/div> \r\n            <\/div>        \r\n        <\/div>[\/vc_column_inner][vc_column_inner width=&#8221;1\/2&#8243;]\r\n        <div class=\"wow perch-fadeInUp fadeInUp fbox\" data-wow-delay=\"300ms\" data-wow-duration=\"1200ms\"> \r\n            <div class=\"fbox grey-color-box\">\r\n                <div class=\"grey-color-icon b-icon box-icon-md\"><span class=\" grey-color\"><\/span><\/div>  \r\n                <div class=\"fbox-txt\">    \r\n                    <h5 class=\"h5-sm\">Offline-kartat<\/h5>\r\n                    <p class=\"grey-color\">Voit asettaa topografiset kartat saataville offline-tilassa. N\u00e4in varmistat, ett\u00e4 tarvitsemasi kartat ovat aina saatavilla.<\/p>\r\n                    \r\n                <\/div> \r\n            <\/div>        \r\n        <\/div>\r\n        <div class=\"wow perch-fadeInUp fadeInUp fbox\" data-wow-delay=\"300ms\" data-wow-duration=\"1200ms\"> \r\n            <div class=\"fbox grey-color-box\">\r\n                <div class=\"grey-color-icon b-icon box-icon-md\"><span class=\" grey-color\"><\/span><\/div>  \r\n                <div class=\"fbox-txt\">    \r\n                    <h5 class=\"h5-sm\">Selke\u00e4 legenda<\/h5>\r\n                    <p class=\"grey-color\">Topografisessa kartassa on selke\u00e4 selitys kaikista symboleista.<\/p>\r\n                    \r\n                <\/div> \r\n            <\/div>        \r\n        <\/div>\r\n        <div class=\"wow perch-fadeInUp fadeInUp fbox\" data-wow-delay=\"300ms\" data-wow-duration=\"1200ms\"> \r\n            <div class=\"fbox grey-color-box\">\r\n                <div class=\"grey-color-icon b-icon box-icon-md\"><span class=\" grey-color\"><\/span><\/div>  \r\n                <div class=\"fbox-txt\">    \r\n                    <h5 class=\"h5-sm\">Topo GPS-sovellus<\/h5>\r\n                    <p class=\"grey-color\">Topo GPS -sovellus tarjoaa monia hy\u00f6dyllisi\u00e4 lis\u00e4ominaisuuksia topografiseen karttaan. Kuten navigointi, lastaus, reittien suunnittelu ja seuraaminen sek\u00e4 pisteiden lis\u00e4\u00e4minen karttaan. Topo GPS sis\u00e4lt\u00e4\u00e4 kaikki tavallisen GPS-laitteen toiminnot.<\/p>\r\n                    \r\n                <\/div> \r\n            <\/div>        \r\n        <\/div>[\/vc_column_inner][\/vc_row_inner][\/vc_column][\/vc_row][\/vc_section][vc_section][vc_row][vc_column]\r\n        <div class=\"section-title  wow perch-fadeInUp fadeInUp text-center\" data-wow-delay=\"300ms\" data-wow-duration=\"1200ms\">\r\n            <h2 class=\"h2-sm\">Mit\u00e4 karttaa haluaisit mieluiten tutkia ulkona?<\/h2>\r\n            <p class=\"p-lg\">Vertaa itse\u00e4si<\/p>         \r\n        <\/div>[vc_row_inner][vc_column_inner width=&#8221;1\/3&#8243;][vc_column_text]<\/p>\n<h3 style=\"text-align: center;\">Google Kartat<\/h3>\n<p>[\/vc_column_text][vc_single_image custom_src=&#8221;https:\/\/www.topo-gps.com\/wp-content\/uploads\/2022\/04\/us-gm.jpg&#8221; external_img_size=&#8221;277&#215;560&#8243; alignment=&#8221;center&#8221;][\/vc_column_inner][vc_column_inner width=&#8221;1\/3&#8243;][vc_column_text]<\/p>\n<h3 style=\"text-align: center;\">OpenStreetMap<\/h3>\n<p>[\/vc_column_text][vc_single_image custom_src=&#8221;https:\/\/www.topo-gps.com\/wp-content\/uploads\/2022\/04\/us-osm.jpg&#8221; external_img_size=&#8221;277&#215;560&#8243; alignment=&#8221;center&#8221;][\/vc_column_inner][vc_column_inner width=&#8221;1\/3&#8243;][vc_column_text]<\/p>\n<h3 style=\"text-align: center;\">Topografinen kartta<\/h3>\n<p>[\/vc_column_text][vc_single_image custom_src=&#8221;https:\/\/www.topo-gps.com\/wp-content\/uploads\/2022\/04\/us-topo.jpg&#8221; external_img_size=&#8221;277&#215;560&#8243; alignment=&#8221;center&#8221;][\/vc_column_inner][\/vc_row_inner][\/vc_column][\/vc_row][\/vc_section][vc_section section_type=&#8221;hero&#8221; hero_type=&#8221;1&#8243; parallax_image_attachment=&#8221;fixed&#8221; padding_class=&#8221;&#8221;][vc_row content_placement=&#8221;&#8221; parallax_image_attachment=&#8221;inherit&#8221;][vc_column width=&#8221;1\/2&#8243; column_inner_style=&#8221;hero-txt&#8221; hero_txt_type=&#8221;1&#8243;]\r\n        <div class=\"hero-txt\"> \r\n            \r\n            <h2 class=\" wow perch-fadeInUp fadeInUp\" data-wow-delay=\"300ms\" data-wow-duration=\"1200ms\">Topo GPS<\/h2>         \r\n            <h3 class=\"h3-sm  wow perch-fadeInUp fadeInUp\" data-wow-delay=\"400ms\" data-wow-duration=\"1200ms\">Muuta iPhonesi, Android-puhelimesi tai -tablettisi t\u00e4ysin varustelluksi GPS-laitteeksi offline-tilassa k\u00e4ytett\u00e4viss\u00e4 olevilla topografisilla kartoilla.<\/h3>\r\n             \r\n            \r\n                        \r\n                        \r\n            \r\n                        \r\n                        \r\n                  \r\n        <\/div>[vc_row_inner][vc_column_inner width=&#8221;1\/2&#8243; css=&#8221;.vc_custom_1639605647058{padding-top: 10px !important;padding-bottom: 10px !important;}&#8221;]\r\n        <div class=\"hero-img  wow perch-fadeInUp fadeInUp text-center\" data-wow-delay=\"300ms\" data-wow-duration=\"1200ms\"> \r\n        <a href=\"https:\/\/apps.apple.com\/gb\/app\/topo-gps\/id578960575\" target=\"_self\" class=\"vc_single_image-wrapper  \"><img loading=\"lazy\" decoding=\"async\" class=\"vc_single_image-img img-fluid\" width=\"160\" height=\"50\"  src=\"https:\/\/www.topo-gps.com\/wp-content\/themes\/appset\/images\/appstore.png\" alt=\"External image\" \/><\/a>\r\n        <\/div>[\/vc_column_inner][vc_column_inner width=&#8221;1\/2&#8243; css=&#8221;.vc_custom_1639605658368{padding-top: 10px !important;padding-bottom: 10px !important;}&#8221;]\r\n        <div class=\"hero-img  wow perch-fadeInUp fadeInUp text-center\" data-wow-delay=\"300ms\" data-wow-duration=\"1200ms\"> \r\n        <a href=\"https:\/\/play.google.com\/store\/apps\/details?id=uk.rdzl.topo.gps&amp;hl=en\" target=\"_self\" class=\"vc_single_image-wrapper  \"><img loading=\"lazy\" decoding=\"async\" class=\"vc_single_image-img img-fluid\" width=\"171\" height=\"50\"  src=\"https:\/\/www.topo-gps.com\/wp-content\/themes\/appset\/images\/googleplay.png\" alt=\"External image\" \/><\/a>\r\n        <\/div>[\/vc_column_inner][\/vc_row_inner][\/vc_column][vc_column width=&#8221;1\/2&#8243;]\r\n        <div class=\"wow perch-fadeInRight fadeInRight hero-1-img\" data-wow-delay=\"300ms\" data-wow-duration=\"1200ms\"> \r\n        <img decoding=\"async\" class=\"vc_single_image-img img-fluid\"  src=\"https:\/\/www.topo-gps.com\/wp-content\/uploads\/2022\/04\/us-main1.png\" alt=\"External image\" \/>\r\n        <\/div>[\/vc_column][\/vc_row][\/vc_section]<\/p>\n<\/div>","protected":false},"excerpt":{"rendered":"<p>[vc_section enable_inner=&#8221;yes&#8221; section_type=&#8221;hero&#8221; inner_margin_top=&#8221;mt-100&#8243; parallax_image_attachment=&#8221;inherit&#8221; padding_class=&#8221;wide-100&#8243; css=&#8221;.vc_custom_1649340255144{background-image: url(https:\/\/www.topo-gps.com\/wp-content\/uploads\/2022\/04\/us-resized.jpg?id=18647) !important;background-position: center !important;background-repeat: no-repeat !important;background-size: cover !important;}&#8221;][vc_row parallax_image_attachment=&#8221;inherit&#8221; css=&#8221;.vc_custom_1639602296513{padding-top: 20px !important;padding-bottom: 20px !important;}&#8221;][vc_column width=&#8221;1\/2&#8243; css=&#8221;.vc_custom_1639603345318{margin-bottom: 20px !important;}&#8221;][vc_row_inner][vc_column_inner width=&#8221;1\/2&#8243; css=&#8221;.vc_custom_1639605647058{padding-top: 10px !important;padding-bottom: 10px !important;}&#8221;][\/vc_column_inner][vc_column_inner width=&#8221;1\/2&#8243; css=&#8221;.vc_custom_1639605658368{padding-top: 10px !important;padding-bottom: 10px !important;}&#8221;][\/vc_column_inner][\/vc_row_inner][\/vc_column][vc_column width=&#8221;1\/2&#8243; css=&#8221;.vc_custom_1639603183972{padding-top: 40px !important;padding-bottom: 40px !important;}&#8221;][\/vc_column][\/vc_row][\/vc_section][vc_section][vc_row][vc_column][vc_column_text]Yhdysvallat on laaja maa, jossa on monipuolinen maisemavalikoima vuorista ja aavikoista metsiin ja rantoihin, ja se tarjoaa laajan valikoiman ulkoilua kaikille kiinnostuksen kohteille ja kyvyille. Patikointi on suosittu harrastus Yhdysvalloissa, ja monet kansallispuistot ja er\u00e4maa-alueet tarjoavat henke\u00e4salpaavia polkuja ja upeita n\u00e4kymi\u00e4. Jotkut suosituimmista vaelluskohteista ovat Grand Canyon Arizonassa, Yosemiten kansallispuisto Kaliforniassa ja Appalachian Trail, joka ulottuu Georgiasta Maineen&#8230;.<\/p>\n","protected":false},"author":1,"featured_media":0,"parent":0,"menu_order":0,"comment_status":"closed","ping_status":"closed","template":"","meta":{"footnotes":""},"class_list":["post-17450","page","type-page","status-publish","hentry","no-post-thumbnail"],"yoast_head":"<!-- This site is optimized with the Yoast SEO plugin v27.5 - https:\/\/yoast.com\/product\/yoast-seo-wordpress\/ -->\n<title>USA:n topografinen kartta - Topo GPS<\/title>\n<meta name=\"robots\" content=\"index, follow, max-snippet:-1, max-image-preview:large, max-video-preview:-1\" \/>\n<link rel=\"canonical\" href=\"https:\/\/www.topo-gps.com\/fi\/usan-topografinen-kartta\/\" \/>\n<meta property=\"og:locale\" content=\"fi_FI\" \/>\n<meta property=\"og:type\" content=\"article\" \/>\n<meta property=\"og:title\" content=\"USA:n topografinen kartta - Topo GPS\" \/>\n<meta property=\"og:description\" content=\"[vc_section enable_inner=&#8221;yes&#8221; section_type=&#8221;hero&#8221; inner_margin_top=&#8221;mt-100&#8243; parallax_image_attachment=&#8221;inherit&#8221; padding_class=&#8221;wide-100&#8243; css=&#8221;.vc_custom_1649340255144{background-image: url(https:\/\/www.topo-gps.com\/wp-content\/uploads\/2022\/04\/us-resized.jpg?id=18647) !important;background-position: center !important;background-repeat: no-repeat !important;background-size: cover !important;}&#8221;][vc_row parallax_image_attachment=&#8221;inherit&#8221; css=&#8221;.vc_custom_1639602296513{padding-top: 20px !important;padding-bottom: 20px !important;}&#8221;][vc_column width=&#8221;1\/2&#8243; css=&#8221;.vc_custom_1639603345318{margin-bottom: 20px !important;}&#8221;][vc_row_inner][vc_column_inner width=&#8221;1\/2&#8243; css=&#8221;.vc_custom_1639605647058{padding-top: 10px !important;padding-bottom: 10px !important;}&#8221;][\/vc_column_inner][vc_column_inner width=&#8221;1\/2&#8243; css=&#8221;.vc_custom_1639605658368{padding-top: 10px !important;padding-bottom: 10px !important;}&#8221;][\/vc_column_inner][\/vc_row_inner][\/vc_column][vc_column width=&#8221;1\/2&#8243; css=&#8221;.vc_custom_1639603183972{padding-top: 40px !important;padding-bottom: 40px !important;}&#8221;][\/vc_column][\/vc_row][\/vc_section][vc_section][vc_row][vc_column][vc_column_text]Yhdysvallat on laaja maa, jossa on monipuolinen maisemavalikoima vuorista ja aavikoista metsiin ja rantoihin, ja se tarjoaa laajan valikoiman ulkoilua kaikille kiinnostuksen kohteille ja kyvyille. Patikointi on suosittu harrastus Yhdysvalloissa, ja monet kansallispuistot ja er\u00e4maa-alueet tarjoavat henke\u00e4salpaavia polkuja ja upeita n\u00e4kymi\u00e4. Jotkut suosituimmista vaelluskohteista ovat Grand Canyon Arizonassa, Yosemiten kansallispuisto Kaliforniassa ja Appalachian Trail, joka ulottuu Georgiasta Maineen....\" \/>\n<meta property=\"og:url\" content=\"https:\/\/www.topo-gps.com\/fi\/usan-topografinen-kartta\/\" \/>\n<meta property=\"og:site_name\" content=\"Topo GPS\" \/>\n<meta property=\"article:modified_time\" content=\"2023-04-20T05:59:34+00:00\" \/>\n<meta name=\"twitter:card\" content=\"summary_large_image\" \/>\n<meta name=\"twitter:label1\" content=\"Arvioitu lukuaika\" \/>\n\t<meta name=\"twitter:data1\" content=\"6 minuuttia\" \/>\n<script type=\"application\/ld+json\" class=\"yoast-schema-graph\">{\"@context\":\"https:\\\/\\\/schema.org\",\"@graph\":[{\"@type\":\"WebPage\",\"@id\":\"https:\\\/\\\/www.topo-gps.com\\\/fi\\\/usan-topografinen-kartta\\\/\",\"url\":\"https:\\\/\\\/www.topo-gps.com\\\/fi\\\/usan-topografinen-kartta\\\/\",\"name\":\"USA:n topografinen kartta - Topo GPS\",\"isPartOf\":{\"@id\":\"https:\\\/\\\/www.topo-gps.com\\\/fi\\\/#website\"},\"datePublished\":\"2022-04-07T11:18:00+00:00\",\"dateModified\":\"2023-04-20T05:59:34+00:00\",\"breadcrumb\":{\"@id\":\"https:\\\/\\\/www.topo-gps.com\\\/fi\\\/usan-topografinen-kartta\\\/#breadcrumb\"},\"inLanguage\":\"fi\",\"potentialAction\":[{\"@type\":\"ReadAction\",\"target\":[\"https:\\\/\\\/www.topo-gps.com\\\/fi\\\/usan-topografinen-kartta\\\/\"]}]},{\"@type\":\"BreadcrumbList\",\"@id\":\"https:\\\/\\\/www.topo-gps.com\\\/fi\\\/usan-topografinen-kartta\\\/#breadcrumb\",\"itemListElement\":[{\"@type\":\"ListItem\",\"position\":1,\"name\":\"Home\",\"item\":\"https:\\\/\\\/www.topo-gps.com\\\/fi\\\/topo-gps\\\/\"},{\"@type\":\"ListItem\",\"position\":2,\"name\":\"USA:n topografinen kartta\"}]},{\"@type\":\"WebSite\",\"@id\":\"https:\\\/\\\/www.topo-gps.com\\\/fi\\\/#website\",\"url\":\"https:\\\/\\\/www.topo-gps.com\\\/fi\\\/\",\"name\":\"Topo GPS\",\"description\":\"Topographic maps GPS for iPhone, Android, iPad and Apple Watch\",\"potentialAction\":[{\"@type\":\"SearchAction\",\"target\":{\"@type\":\"EntryPoint\",\"urlTemplate\":\"https:\\\/\\\/www.topo-gps.com\\\/fi\\\/?s={search_term_string}\"},\"query-input\":{\"@type\":\"PropertyValueSpecification\",\"valueRequired\":true,\"valueName\":\"search_term_string\"}}],\"inLanguage\":\"fi\"}]}<\/script>\n<!-- \/ Yoast SEO plugin. -->","yoast_head_json":{"title":"USA:n topografinen kartta - Topo GPS","robots":{"index":"index","follow":"follow","max-snippet":"max-snippet:-1","max-image-preview":"max-image-preview:large","max-video-preview":"max-video-preview:-1"},"canonical":"https:\/\/www.topo-gps.com\/fi\/usan-topografinen-kartta\/","og_locale":"fi_FI","og_type":"article","og_title":"USA:n topografinen kartta - Topo GPS","og_description":"[vc_section enable_inner=&#8221;yes&#8221; section_type=&#8221;hero&#8221; inner_margin_top=&#8221;mt-100&#8243; parallax_image_attachment=&#8221;inherit&#8221; padding_class=&#8221;wide-100&#8243; css=&#8221;.vc_custom_1649340255144{background-image: url(https:\/\/www.topo-gps.com\/wp-content\/uploads\/2022\/04\/us-resized.jpg?id=18647) !important;background-position: center !important;background-repeat: no-repeat !important;background-size: cover !important;}&#8221;][vc_row parallax_image_attachment=&#8221;inherit&#8221; css=&#8221;.vc_custom_1639602296513{padding-top: 20px !important;padding-bottom: 20px !important;}&#8221;][vc_column width=&#8221;1\/2&#8243; css=&#8221;.vc_custom_1639603345318{margin-bottom: 20px !important;}&#8221;][vc_row_inner][vc_column_inner width=&#8221;1\/2&#8243; css=&#8221;.vc_custom_1639605647058{padding-top: 10px !important;padding-bottom: 10px !important;}&#8221;][\/vc_column_inner][vc_column_inner width=&#8221;1\/2&#8243; css=&#8221;.vc_custom_1639605658368{padding-top: 10px !important;padding-bottom: 10px !important;}&#8221;][\/vc_column_inner][\/vc_row_inner][\/vc_column][vc_column width=&#8221;1\/2&#8243; css=&#8221;.vc_custom_1639603183972{padding-top: 40px !important;padding-bottom: 40px !important;}&#8221;][\/vc_column][\/vc_row][\/vc_section][vc_section][vc_row][vc_column][vc_column_text]Yhdysvallat on laaja maa, jossa on monipuolinen maisemavalikoima vuorista ja aavikoista metsiin ja rantoihin, ja se tarjoaa laajan valikoiman ulkoilua kaikille kiinnostuksen kohteille ja kyvyille. Patikointi on suosittu harrastus Yhdysvalloissa, ja monet kansallispuistot ja er\u00e4maa-alueet tarjoavat henke\u00e4salpaavia polkuja ja upeita n\u00e4kymi\u00e4. Jotkut suosituimmista vaelluskohteista ovat Grand Canyon Arizonassa, Yosemiten kansallispuisto Kaliforniassa ja Appalachian Trail, joka ulottuu Georgiasta Maineen....","og_url":"https:\/\/www.topo-gps.com\/fi\/usan-topografinen-kartta\/","og_site_name":"Topo GPS","article_modified_time":"2023-04-20T05:59:34+00:00","twitter_card":"summary_large_image","twitter_misc":{"Arvioitu lukuaika":"6 minuuttia"},"schema":{"@context":"https:\/\/schema.org","@graph":[{"@type":"WebPage","@id":"https:\/\/www.topo-gps.com\/fi\/usan-topografinen-kartta\/","url":"https:\/\/www.topo-gps.com\/fi\/usan-topografinen-kartta\/","name":"USA:n topografinen kartta - Topo GPS","isPartOf":{"@id":"https:\/\/www.topo-gps.com\/fi\/#website"},"datePublished":"2022-04-07T11:18:00+00:00","dateModified":"2023-04-20T05:59:34+00:00","breadcrumb":{"@id":"https:\/\/www.topo-gps.com\/fi\/usan-topografinen-kartta\/#breadcrumb"},"inLanguage":"fi","potentialAction":[{"@type":"ReadAction","target":["https:\/\/www.topo-gps.com\/fi\/usan-topografinen-kartta\/"]}]},{"@type":"BreadcrumbList","@id":"https:\/\/www.topo-gps.com\/fi\/usan-topografinen-kartta\/#breadcrumb","itemListElement":[{"@type":"ListItem","position":1,"name":"Home","item":"https:\/\/www.topo-gps.com\/fi\/topo-gps\/"},{"@type":"ListItem","position":2,"name":"USA:n topografinen kartta"}]},{"@type":"WebSite","@id":"https:\/\/www.topo-gps.com\/fi\/#website","url":"https:\/\/www.topo-gps.com\/fi\/","name":"Topo GPS","description":"Topographic maps GPS for iPhone, Android, iPad and Apple Watch","potentialAction":[{"@type":"SearchAction","target":{"@type":"EntryPoint","urlTemplate":"https:\/\/www.topo-gps.com\/fi\/?s={search_term_string}"},"query-input":{"@type":"PropertyValueSpecification","valueRequired":true,"valueName":"search_term_string"}}],"inLanguage":"fi"}]}},"_links":{"self":[{"href":"https:\/\/www.topo-gps.com\/fi\/wp-json\/wp\/v2\/pages\/17450","targetHints":{"allow":["GET"]}}],"collection":[{"href":"https:\/\/www.topo-gps.com\/fi\/wp-json\/wp\/v2\/pages"}],"about":[{"href":"https:\/\/www.topo-gps.com\/fi\/wp-json\/wp\/v2\/types\/page"}],"author":[{"embeddable":true,"href":"https:\/\/www.topo-gps.com\/fi\/wp-json\/wp\/v2\/users\/1"}],"replies":[{"embeddable":true,"href":"https:\/\/www.topo-gps.com\/fi\/wp-json\/wp\/v2\/comments?post=17450"}],"version-history":[{"count":0,"href":"https:\/\/www.topo-gps.com\/fi\/wp-json\/wp\/v2\/pages\/17450\/revisions"}],"wp:attachment":[{"href":"https:\/\/www.topo-gps.com\/fi\/wp-json\/wp\/v2\/media?parent=17450"}],"curies":[{"name":"wp","href":"https:\/\/api.w.org\/{rel}","templated":true}]}}