{"id":6371,"date":"2022-01-29T20:41:56","date_gmt":"2022-01-29T19:41:56","guid":{"rendered":"http:\/\/test.topo-gps.com\/terminos-de-uso\/"},"modified":"2022-02-06T21:21:39","modified_gmt":"2022-02-06T20:21:39","slug":"terminos-de-uso","status":"publish","type":"page","link":"https:\/\/www.topo-gps.com\/es\/terminos-de-uso\/","title":{"rendered":"T\u00e9rminos de Uso"},"content":{"rendered":"<div class=\"wpb-content-wrapper\"><p>[vc_section][vc_row][vc_column]\r\n        <div class=\"section-title  wow perch-fadeInUp fadeInUp text-center\" data-wow-delay=\"300ms\" data-wow-duration=\"1200ms\">\r\n            <h2 class=\"h2-sm\">T\u00e9rminos de Uso<\/h2>\r\n                     \r\n        <\/div>[\/vc_column][\/vc_row][vc_row][vc_column][vc_column_text]Si utiliza Topo GPS en dispositivos Apple, se aplica el <a href=\"https:\/\/www.apple.com\/legal\/internet-services\/itunes\/dev\/stdeula\/\">Acuerdo de licencia de usuario final de la aplicaci\u00f3n con licencia de AppStore<\/a> adem\u00e1s de los puntos mencionados a continuaci\u00f3n.<\/p>\n<p>Si est\u00e1 utilizando Topo GPS en dispositivos Android, se aplican <a href=\"https:\/\/play.google.com\/about\/play-terms\/\">los t\u00e9rminos de la tienda Google Play<\/a> adem\u00e1s de los puntos mencionados a continuaci\u00f3n.<\/p>\n<p>Si est\u00e1 utilizando la aplicaci\u00f3n Topo GPS, lo hace bajo su propio riesgo. No somos responsables de ning\u00fan da\u00f1o causado por el uso de la aplicaci\u00f3n.<\/p>\n<p>Los mapas que se utilizan dentro de Topo GPS no se pueden distribuir de ninguna manera, excepto cuando la licencia del mapa lo permita expl\u00edcitamente. Para ver la licencia del mapa, toque la informaci\u00f3n de copyright de un mapa en la parte inferior.<\/p>\n<p>Si comparte su ruta con Topo GPS, la ruta y las posibles fotos estar\u00e1n disponibles para otros usuarios de Topo GPS. Topo GPS tambi\u00e9n puede usar y distribuir estas rutas y fotos en su sitio web. Si desea usar para eliminar su ruta compartida, debe enviarnos un mensaje.[\/vc_column_text][\/vc_column][\/vc_row][\/vc_section]<\/p>\n<\/div>","protected":false},"excerpt":{"rendered":"<p>[vc_section][vc_row][vc_column][\/vc_column][\/vc_row][vc_row][vc_column][vc_column_text]Si utiliza Topo GPS en dispositivos Apple, se aplica el Acuerdo de licencia de usuario final de la aplicaci\u00f3n con licencia de AppStore adem\u00e1s de los puntos mencionados a continuaci\u00f3n. Si est\u00e1 utilizando Topo GPS en dispositivos Android, se aplican los t\u00e9rminos de la tienda Google Play adem\u00e1s de los puntos mencionados a continuaci\u00f3n. Si est\u00e1 utilizando la aplicaci\u00f3n Topo GPS, lo hace bajo su propio riesgo. No somos responsables de ning\u00fan da\u00f1o causado por el uso de la aplicaci\u00f3n. Los mapas que se utilizan dentro de Topo GPS no se pueden distribuir de ninguna manera, excepto cuando la licencia&#8230;<\/p>\n","protected":false},"author":1,"featured_media":0,"parent":0,"menu_order":0,"comment_status":"closed","ping_status":"closed","template":"","meta":{"footnotes":""},"class_list":["post-6371","page","type-page","status-publish","hentry","no-post-thumbnail"],"yoast_head":"<!-- This site is optimized with the Yoast SEO plugin v27.4 - https:\/\/yoast.com\/product\/yoast-seo-wordpress\/ -->\n<title>T\u00e9rminos de Uso - Topo GPS<\/title>\n<meta name=\"robots\" content=\"index, follow, max-snippet:-1, max-image-preview:large, max-video-preview:-1\" \/>\n<link rel=\"canonical\" href=\"https:\/\/www.topo-gps.com\/es\/terminos-de-uso\/\" \/>\n<meta property=\"og:locale\" content=\"es_ES\" \/>\n<meta property=\"og:type\" content=\"article\" \/>\n<meta property=\"og:title\" content=\"T\u00e9rminos de Uso - Topo GPS\" \/>\n<meta property=\"og:description\" content=\"[vc_section][vc_row][vc_column][\/vc_column][\/vc_row][vc_row][vc_column][vc_column_text]Si utiliza Topo GPS en dispositivos Apple, se aplica el Acuerdo de licencia de usuario final de la aplicaci\u00f3n con licencia de AppStore adem\u00e1s de los puntos mencionados a continuaci\u00f3n. Si est\u00e1 utilizando Topo GPS en dispositivos Android, se aplican los t\u00e9rminos de la tienda Google Play adem\u00e1s de los puntos mencionados a continuaci\u00f3n. Si est\u00e1 utilizando la aplicaci\u00f3n Topo GPS, lo hace bajo su propio riesgo. No somos responsables de ning\u00fan da\u00f1o causado por el uso de la aplicaci\u00f3n. Los mapas que se utilizan dentro de Topo GPS no se pueden distribuir de ninguna manera, excepto cuando la licencia...\" \/>\n<meta property=\"og:url\" content=\"https:\/\/www.topo-gps.com\/es\/terminos-de-uso\/\" \/>\n<meta property=\"og:site_name\" content=\"Topo GPS\" \/>\n<meta property=\"article:modified_time\" content=\"2022-02-06T20:21:39+00:00\" \/>\n<meta name=\"twitter:card\" content=\"summary_large_image\" \/>\n<meta name=\"twitter:label1\" content=\"Tiempo de lectura\" \/>\n\t<meta name=\"twitter:data1\" content=\"1 minuto\" \/>\n<script type=\"application\/ld+json\" class=\"yoast-schema-graph\">{\"@context\":\"https:\\\/\\\/schema.org\",\"@graph\":[{\"@type\":\"WebPage\",\"@id\":\"https:\\\/\\\/www.topo-gps.com\\\/es\\\/terminos-de-uso\\\/\",\"url\":\"https:\\\/\\\/www.topo-gps.com\\\/es\\\/terminos-de-uso\\\/\",\"name\":\"T\u00e9rminos de Uso - Topo GPS\",\"isPartOf\":{\"@id\":\"https:\\\/\\\/www.topo-gps.com\\\/es\\\/#website\"},\"datePublished\":\"2022-01-29T19:41:56+00:00\",\"dateModified\":\"2022-02-06T20:21:39+00:00\",\"breadcrumb\":{\"@id\":\"https:\\\/\\\/www.topo-gps.com\\\/es\\\/terminos-de-uso\\\/#breadcrumb\"},\"inLanguage\":\"es\",\"potentialAction\":[{\"@type\":\"ReadAction\",\"target\":[\"https:\\\/\\\/www.topo-gps.com\\\/es\\\/terminos-de-uso\\\/\"]}]},{\"@type\":\"BreadcrumbList\",\"@id\":\"https:\\\/\\\/www.topo-gps.com\\\/es\\\/terminos-de-uso\\\/#breadcrumb\",\"itemListElement\":[{\"@type\":\"ListItem\",\"position\":1,\"name\":\"Home\",\"item\":\"https:\\\/\\\/www.topo-gps.com\\\/es\\\/gps-topografico\\\/\"},{\"@type\":\"ListItem\",\"position\":2,\"name\":\"T\u00e9rminos de Uso\"}]},{\"@type\":\"WebSite\",\"@id\":\"https:\\\/\\\/www.topo-gps.com\\\/es\\\/#website\",\"url\":\"https:\\\/\\\/www.topo-gps.com\\\/es\\\/\",\"name\":\"Topo GPS\",\"description\":\"Topographic maps GPS for iPhone, Android, iPad and Apple Watch\",\"potentialAction\":[{\"@type\":\"SearchAction\",\"target\":{\"@type\":\"EntryPoint\",\"urlTemplate\":\"https:\\\/\\\/www.topo-gps.com\\\/es\\\/?s={search_term_string}\"},\"query-input\":{\"@type\":\"PropertyValueSpecification\",\"valueRequired\":true,\"valueName\":\"search_term_string\"}}],\"inLanguage\":\"es\"}]}<\/script>\n<!-- \/ Yoast SEO plugin. -->","yoast_head_json":{"title":"T\u00e9rminos de Uso - Topo GPS","robots":{"index":"index","follow":"follow","max-snippet":"max-snippet:-1","max-image-preview":"max-image-preview:large","max-video-preview":"max-video-preview:-1"},"canonical":"https:\/\/www.topo-gps.com\/es\/terminos-de-uso\/","og_locale":"es_ES","og_type":"article","og_title":"T\u00e9rminos de Uso - Topo GPS","og_description":"[vc_section][vc_row][vc_column][\/vc_column][\/vc_row][vc_row][vc_column][vc_column_text]Si utiliza Topo GPS en dispositivos Apple, se aplica el Acuerdo de licencia de usuario final de la aplicaci\u00f3n con licencia de AppStore adem\u00e1s de los puntos mencionados a continuaci\u00f3n. Si est\u00e1 utilizando Topo GPS en dispositivos Android, se aplican los t\u00e9rminos de la tienda Google Play adem\u00e1s de los puntos mencionados a continuaci\u00f3n. Si est\u00e1 utilizando la aplicaci\u00f3n Topo GPS, lo hace bajo su propio riesgo. No somos responsables de ning\u00fan da\u00f1o causado por el uso de la aplicaci\u00f3n. Los mapas que se utilizan dentro de Topo GPS no se pueden distribuir de ninguna manera, excepto cuando la licencia...","og_url":"https:\/\/www.topo-gps.com\/es\/terminos-de-uso\/","og_site_name":"Topo GPS","article_modified_time":"2022-02-06T20:21:39+00:00","twitter_card":"summary_large_image","twitter_misc":{"Tiempo de lectura":"1 minuto"},"schema":{"@context":"https:\/\/schema.org","@graph":[{"@type":"WebPage","@id":"https:\/\/www.topo-gps.com\/es\/terminos-de-uso\/","url":"https:\/\/www.topo-gps.com\/es\/terminos-de-uso\/","name":"T\u00e9rminos de Uso - Topo GPS","isPartOf":{"@id":"https:\/\/www.topo-gps.com\/es\/#website"},"datePublished":"2022-01-29T19:41:56+00:00","dateModified":"2022-02-06T20:21:39+00:00","breadcrumb":{"@id":"https:\/\/www.topo-gps.com\/es\/terminos-de-uso\/#breadcrumb"},"inLanguage":"es","potentialAction":[{"@type":"ReadAction","target":["https:\/\/www.topo-gps.com\/es\/terminos-de-uso\/"]}]},{"@type":"BreadcrumbList","@id":"https:\/\/www.topo-gps.com\/es\/terminos-de-uso\/#breadcrumb","itemListElement":[{"@type":"ListItem","position":1,"name":"Home","item":"https:\/\/www.topo-gps.com\/es\/gps-topografico\/"},{"@type":"ListItem","position":2,"name":"T\u00e9rminos de Uso"}]},{"@type":"WebSite","@id":"https:\/\/www.topo-gps.com\/es\/#website","url":"https:\/\/www.topo-gps.com\/es\/","name":"Topo GPS","description":"Topographic maps GPS for iPhone, Android, iPad and Apple Watch","potentialAction":[{"@type":"SearchAction","target":{"@type":"EntryPoint","urlTemplate":"https:\/\/www.topo-gps.com\/es\/?s={search_term_string}"},"query-input":{"@type":"PropertyValueSpecification","valueRequired":true,"valueName":"search_term_string"}}],"inLanguage":"es"}]}},"_links":{"self":[{"href":"https:\/\/www.topo-gps.com\/es\/wp-json\/wp\/v2\/pages\/6371","targetHints":{"allow":["GET"]}}],"collection":[{"href":"https:\/\/www.topo-gps.com\/es\/wp-json\/wp\/v2\/pages"}],"about":[{"href":"https:\/\/www.topo-gps.com\/es\/wp-json\/wp\/v2\/types\/page"}],"author":[{"embeddable":true,"href":"https:\/\/www.topo-gps.com\/es\/wp-json\/wp\/v2\/users\/1"}],"replies":[{"embeddable":true,"href":"https:\/\/www.topo-gps.com\/es\/wp-json\/wp\/v2\/comments?post=6371"}],"version-history":[{"count":0,"href":"https:\/\/www.topo-gps.com\/es\/wp-json\/wp\/v2\/pages\/6371\/revisions"}],"wp:attachment":[{"href":"https:\/\/www.topo-gps.com\/es\/wp-json\/wp\/v2\/media?parent=6371"}],"curies":[{"name":"wp","href":"https:\/\/api.w.org\/{rel}","templated":true}]}}