{"id":6291,"date":"2022-01-29T20:38:54","date_gmt":"2022-01-29T19:38:54","guid":{"rendered":"http:\/\/test.topo-gps.com\/topogps-para-profesionales\/"},"modified":"2022-02-26T20:47:51","modified_gmt":"2022-02-26T19:47:51","slug":"topogps-para-profesionales","status":"publish","type":"page","link":"https:\/\/www.topo-gps.com\/es\/topogps-para-profesionales\/","title":{"rendered":"TopoGPS para profesionales"},"content":{"rendered":"<div class=\"wpb-content-wrapper\"><p>[vc_row parallax_image_attachment=&#8221;inherit&#8221;][vc_column]\r\n        <div class=\"section-title  wow perch-fadeInUp fadeInUp text-center\" data-wow-delay=\"300ms\" data-wow-duration=\"1200ms\">\r\n            <h2 class=\"h2-sm\">Topo GPS es utilizado por muchos usuarios profesionales<\/h2>\r\n            <p class=\"p-lg\">La aplicaci\u00f3n se usa ampliamente para la navegaci\u00f3n, el registro de datos y las capas de datos. La aplicaci\u00f3n tiene muchos usuarios activos de militares, investigadores ambientales, SAR, inspecci\u00f3n de infraestructura, entre otros.<\/p>         \r\n        <\/div>[\/vc_column][\/vc_row][vc_section section_type=&#8221;faqs&#8221; faqs_type=&#8221;1&#8243; parallax_image_attachment=&#8221;inherit&#8221; padding_class=&#8221;wide-100&#8243; el_id=&#8221;faqs&#8221;][vc_row][vc_column width=&#8221;1\/2&#8243;]\r\n        <div class=\"mb-25 pl-30 pr-30  wow perch-fadeInUp fadeInUp\" data-wow-delay=\"300ms\" data-wow-duration=\"1200ms\"> \r\n                   \r\n                   \r\n            <h5 class=\"dark-color h5-sm none os-version\" style=\"font-weight: 500;\">\u00bfPuedo integrar mis propios datos?<\/h5>\r\n            <p class=\"Default none os-version\">Puede poner sus datos, por ejemplo, en un archivo GPX y luego importarlo. Haga que usted y su equipo lo cambien y luego lo exporten con los datos agregados integrados.<\/p>         \r\n        <\/div>\r\n        <div class=\"mb-25 pl-30 pr-30  wow perch-fadeInUp fadeInUp\" data-wow-delay=\"300ms\" data-wow-duration=\"1200ms\"> \r\n                   \r\n                   \r\n            <h5 class=\"Default h5-sm none os-version\" style=\"font-weight: 500;\">\u00bfPuedo compartir datos con mis propias bases de datos?<\/h5>\r\n            <p class=\"Default none os-version\">Puede cargar datos en diferentes formatos como se mencion\u00f3 anteriormente. Potencialmente agregando un icono para identificar el elemento en el mapa.<\/p>         \r\n        <\/div>\r\n        <div class=\"mb-25 pl-30 pr-30  wow perch-fadeInUp fadeInUp\" data-wow-delay=\"300ms\" data-wow-duration=\"1200ms\"> \r\n                   \r\n                   \r\n            <h5 class=\"Default h5-sm none os-version\" style=\"font-weight: 500;\">\u00bfFunciona Topo GPS con mi software GIS?<\/h5>\r\n            <p class=\"Default none os-version\">La mayor\u00eda de nuestros formatos de datos son compatibles e importables por el software GIS com\u00fan como ArcGIS y QGIS<\/p>         \r\n        <\/div>\r\n        <div class=\"mb-25 pl-30 pr-30  wow perch-fadeInUp fadeInUp\" data-wow-delay=\"300ms\" data-wow-duration=\"1200ms\"> \r\n                   \r\n                   \r\n            <h5 class=\"Default h5-sm none os-version\" style=\"font-weight: 500;\">\u00bfQu\u00e9 formatos de datos admite?<\/h5>\r\n            <p class=\"Default none os-version\">S\u00ed, <a href=\"https:\/\/www.topo-gps.com\/supported-data-formats\/\">Topo GPS admite una gran cantidad de formatos de datos geogr\u00e1ficos<\/a> y tipos de datos, tanto para importar como para exportar.<\/p>         \r\n        <\/div>[\/vc_column][vc_column width=&#8221;1\/2&#8243;]\r\n        <div class=\"mb-25 pl-30 pr-30  wow perch-fadeInUp fadeInUp\" data-wow-delay=\"300ms\" data-wow-duration=\"1200ms\"> \r\n                   \r\n                   \r\n            <h5 class=\"Default h5-sm none os-version\" style=\"font-weight: 500;\">\u00bfQu\u00e9 puedo hacer con GEO-JSON?<\/h5>\r\n            <p class=\"Default none os-version\">Geo JSON le permite agregar datos al mapa como bordes o l\u00edneas que se pueden usar para mostrar qu\u00e9 \u00e1reas se deben inspeccionar, por ejemplo.<\/p>         \r\n        <\/div>\r\n        <div class=\"mb-25 pl-30 pr-30  wow perch-fadeInUp fadeInUp\" data-wow-delay=\"300ms\" data-wow-duration=\"1200ms\"> \r\n                   \r\n                   \r\n            <h5 class=\"Default h5-sm none os-version\" style=\"font-weight: 500;\">\u00bfTienes una versi\u00f3n profesional espec\u00edfica?<\/h5>\r\n            <p class=\"Default none os-version\">Todas nuestras caracter\u00edsticas est\u00e1n disponibles para todos nuestros clientes. Estamos pensando en una posible versi\u00f3n centrada en los negocios con caracter\u00edsticas personalizadas. Si est\u00e1s interesado, d\u00e9janos un comentario en la p\u00e1gina de contacto.<\/p>         \r\n        <\/div>\r\n        <div class=\"mb-25 pl-30 pr-30  wow perch-fadeInUp fadeInUp\" data-wow-delay=\"300ms\" data-wow-duration=\"1200ms\"> \r\n                   \r\n                   \r\n            <h5 class=\"Default h5-sm none os-version\" style=\"font-weight: 500;\">\u00bfPuedes crear una funci\u00f3n personalizada para m\u00ed?<\/h5>\r\n            <p class=\"Default none os-version\">Tenemos recursos de desarrollo muy limitados. Es por eso que actualmente nos estamos enfocando en funciones para todos los clientes.<\/p>         \r\n        <\/div>\r\n        <div class=\"mb-25 pl-30 pr-30  wow perch-fadeInUp fadeInUp\" data-wow-delay=\"300ms\" data-wow-duration=\"1200ms\"> \r\n                   \r\n                   \r\n            <h5 class=\"Default h5-sm none os-version\" style=\"font-weight: 500;\">\u00bfPuedo pedir Topo GPS al por mayor?<\/h5>\r\n            <p class=\"Default none os-version\">S\u00ed, eso es posible. P\u00f3ngase en contacto con nosotros para obtener un presupuesto para un pedido al por mayor de aplicaciones.<\/p>         \r\n        <\/div>[\/vc_column][\/vc_row][\/vc_section][vc_row][vc_column][vc_separator][\/vc_column][\/vc_row][vc_section section_type=&#8221;features&#8221; features_type=&#8221;4&#8243; parallax_image_attachment=&#8221;inherit&#8221; el_id=&#8221;about&#8221;][vc_row parallax_image_attachment=&#8221;inherit&#8221;][vc_column width=&#8221;5\/12&#8243;]\r\n        <div class=\"features-img  wow perch-fadeInLeft fadeInLeft\" data-wow-delay=\"300ms\" data-wow-duration=\"1200ms\"> \r\n        <img decoding=\"async\" class=\"vc_single_image-img img-fluid\"  src=\"https:\/\/www.topo-gps.com\/wp-content\/uploads\/2021\/12\/en-ss7-1.jpg\" alt=\"External image\" \/>\r\n        <\/div>[\/vc_column][vc_column width=&#8221;1\/12&#8243;][\/vc_column][vc_column width=&#8221;1\/2&#8243;][vc_row_inner][vc_column_inner width=&#8221;1\/2&#8243;]\r\n        <div class=\"wow perch-fadeInUp fadeInUp fbox-4\" data-wow-delay=\"300ms\" data-wow-duration=\"1200ms\"> \r\n            <div class=\"fbox grey-color-box\">\r\n                <div class=\"grey-color-icon b-icon box-icon-md\"><span class=\"ti-Line-Database grey-color\"><\/span><\/div>  \r\n                <div class=\"fbox-4-txt\">    \r\n                    <h5 class=\"h5-sm\">Importaciones GEO-JSON<\/h5>\r\n                    <p class=\"grey-color\">Utilice el formato GEO-JSON para mostrar l\u00edmites u otras capas gr\u00e1ficas en los mapas topogr\u00e1ficos.<\/p>\r\n                    \r\n                <\/div> \r\n            <\/div>        \r\n        <\/div>\r\n        <div class=\"wow perch-fadeInUp fadeInUp fbox-4\" data-wow-delay=\"300ms\" data-wow-duration=\"1200ms\"> \r\n            <div class=\"fbox grey-color-box\">\r\n                <div class=\"grey-color-icon b-icon box-icon-md\"><span class=\"ti-Line-Cloud-2 grey-color\"><\/span><\/div>  \r\n                <div class=\"fbox-4-txt\">    \r\n                    <h5 class=\"h5-sm\">Importaci\u00f3n y exportaci\u00f3n de archivos GPX<\/h5>\r\n                    <p class=\"grey-color\">Puede importar archivos de datos geogr\u00e1ficos para cargar puntos y pistas de datos profesionales. O cree los datos y exp\u00f3rtelos.<\/p>\r\n                    \r\n                <\/div> \r\n            <\/div>        \r\n        <\/div>\r\n        <div class=\"wow perch-fadeInUp fadeInUp fbox\" data-wow-delay=\"300ms\" data-wow-duration=\"1200ms\"> \r\n            <div class=\"fbox grey-color-box\">\r\n                <div class=\"grey-color-icon b-icon box-icon-md\"><span class=\"ti-Line-Map-Pin-3 grey-color\"><\/span><\/div>  \r\n                <div class=\"fbox-txt\">    \r\n                    <h5 class=\"h5-sm\">Mapas de waypoints<\/h5>\r\n                    <p class=\"grey-color\">Guarde datos en el mapa con datos adicionales o im\u00e1genes para registrar datos geogr\u00e1ficos.<\/p>\r\n                    \r\n                <\/div> \r\n            <\/div>        \r\n        <\/div>[\/vc_column_inner][vc_column_inner width=&#8221;1\/2&#8243;]\r\n        <div class=\"wow perch-fadeInUp fadeInUp fbox-4\" data-wow-delay=\"300ms\" data-wow-duration=\"1200ms\"> \r\n            <div class=\"fbox grey-color-box\">\r\n                <div class=\"grey-color-icon b-icon box-icon-md\"><span class=\"ti-Line-Map-Pin-4 grey-color\"><\/span><\/div>  \r\n                <div class=\"fbox-4-txt\">    \r\n                    <h5 class=\"h5-sm\">Iconos personalizados<\/h5>\r\n                    <p class=\"grey-color\">Distinga diferentes tipos de puntos de datos agregando \u00edconos personalizados a los waypoints.<\/p>\r\n                    \r\n                <\/div> \r\n            <\/div>        \r\n        <\/div>\r\n        <div class=\"wow perch-fadeInUp fadeInUp fbox-4\" data-wow-delay=\"300ms\" data-wow-duration=\"1200ms\"> \r\n            <div class=\"fbox grey-color-box\">\r\n                <div class=\"grey-color-icon b-icon box-icon-md\"><span class=\"ti-Line-Equalizer grey-color\"><\/span><\/div>  \r\n                <div class=\"fbox-4-txt\">    \r\n                    <h5 class=\"h5-sm\">M\u00faltiples formatos de coordenadas<\/h5>\r\n                    <p class=\"grey-color\">Cada sector usa su propio formato de datos geogr\u00e1ficos, Topo GPS admite casi cualquier formato.<\/p>\r\n                    \r\n                <\/div> \r\n            <\/div>        \r\n        <\/div>\r\n        <div class=\"wow perch-fadeInUp fadeInUp fbox\" data-wow-delay=\"300ms\" data-wow-duration=\"1200ms\"> \r\n            <div class=\"fbox grey-color-box\">\r\n                <div class=\"grey-color-icon b-icon box-icon-md\"><span class=\"ti-Line-Text-1 grey-color\"><\/span><\/div>  \r\n                <div class=\"fbox-txt\">    \r\n                    <h5 class=\"h5-sm\">Cuadr\u00edculas de coordenadas<\/h5>\r\n                    <p class=\"grey-color\">Puede dividir su proyecto en secciones l\u00f3gicas utilizando la construcci\u00f3n en capas de cuadr\u00edcula.<\/p>\r\n                    \r\n                <\/div> \r\n            <\/div>        \r\n        <\/div>[\/vc_column_inner][\/vc_row_inner][\/vc_column][\/vc_row][\/vc_section][vc_row][vc_column][vc_column_text]<\/p>\n<div class=\"more-questions-btn wow fadeInUp\" data-wow-delay=\"1.1s\"><!-- Text --><\/p>\n<h5 class=\"h5-sm txt-500\" style=\"text-align: center;\">\u00bfDesea saber m\u00e1s? <a class=\"green-color\" href=\"http:\/\/test.topo-gps.com\/faqs-page\/\">Haz tu consulta a trav\u00e9s de nuestro formulario de contacto aqu\u00ed<\/a><\/h5>\n<\/div>\n<p>[\/vc_column_text][\/vc_column][\/vc_row]<\/p>\n<\/div>","protected":false},"excerpt":{"rendered":"<p>[vc_row parallax_image_attachment=&#8221;inherit&#8221;][vc_column][\/vc_column][\/vc_row][vc_section section_type=&#8221;faqs&#8221; faqs_type=&#8221;1&#8243; parallax_image_attachment=&#8221;inherit&#8221; padding_class=&#8221;wide-100&#8243; el_id=&#8221;faqs&#8221;][vc_row][vc_column width=&#8221;1\/2&#8243;][\/vc_column][vc_column width=&#8221;1\/2&#8243;][\/vc_column][\/vc_row][\/vc_section][vc_row][vc_column][vc_separator][\/vc_column][\/vc_row][vc_section section_type=&#8221;features&#8221; features_type=&#8221;4&#8243; parallax_image_attachment=&#8221;inherit&#8221; el_id=&#8221;about&#8221;][vc_row parallax_image_attachment=&#8221;inherit&#8221;][vc_column width=&#8221;5\/12&#8243;][\/vc_column][vc_column width=&#8221;1\/12&#8243;][\/vc_column][vc_column width=&#8221;1\/2&#8243;][vc_row_inner][vc_column_inner width=&#8221;1\/2&#8243;][\/vc_column_inner][vc_column_inner width=&#8221;1\/2&#8243;][\/vc_column_inner][\/vc_row_inner][\/vc_column][\/vc_row][\/vc_section][vc_row][vc_column][vc_column_text] \u00bfDesea saber m\u00e1s? Haz tu consulta a trav\u00e9s de nuestro formulario de contacto aqu\u00ed [\/vc_column_text][\/vc_column][\/vc_row]<\/p>\n","protected":false},"author":1,"featured_media":0,"parent":0,"menu_order":0,"comment_status":"closed","ping_status":"closed","template":"","meta":{"footnotes":""},"class_list":["post-6291","page","type-page","status-publish","hentry","no-post-thumbnail"],"yoast_head":"<!-- This site is optimized with the Yoast SEO plugin v27.6 - https:\/\/yoast.com\/product\/yoast-seo-wordpress\/ -->\n<title>TopoGPS para profesionales - Topo GPS<\/title>\n<meta name=\"robots\" content=\"index, follow, max-snippet:-1, max-image-preview:large, max-video-preview:-1\" \/>\n<link rel=\"canonical\" href=\"https:\/\/www.topo-gps.com\/es\/topogps-para-profesionales\/\" \/>\n<meta property=\"og:locale\" content=\"es_ES\" \/>\n<meta property=\"og:type\" content=\"article\" \/>\n<meta property=\"og:title\" content=\"TopoGPS para profesionales - Topo GPS\" \/>\n<meta property=\"og:description\" content=\"[vc_row parallax_image_attachment=&#8221;inherit&#8221;][vc_column][\/vc_column][\/vc_row][vc_section section_type=&#8221;faqs&#8221; faqs_type=&#8221;1&#8243; parallax_image_attachment=&#8221;inherit&#8221; padding_class=&#8221;wide-100&#8243; el_id=&#8221;faqs&#8221;][vc_row][vc_column width=&#8221;1\/2&#8243;][\/vc_column][vc_column width=&#8221;1\/2&#8243;][\/vc_column][\/vc_row][\/vc_section][vc_row][vc_column][vc_separator][\/vc_column][\/vc_row][vc_section section_type=&#8221;features&#8221; features_type=&#8221;4&#8243; parallax_image_attachment=&#8221;inherit&#8221; el_id=&#8221;about&#8221;][vc_row parallax_image_attachment=&#8221;inherit&#8221;][vc_column width=&#8221;5\/12&#8243;][\/vc_column][vc_column width=&#8221;1\/12&#8243;][\/vc_column][vc_column width=&#8221;1\/2&#8243;][vc_row_inner][vc_column_inner width=&#8221;1\/2&#8243;][\/vc_column_inner][vc_column_inner width=&#8221;1\/2&#8243;][\/vc_column_inner][\/vc_row_inner][\/vc_column][\/vc_row][\/vc_section][vc_row][vc_column][vc_column_text] \u00bfDesea saber m\u00e1s? Haz tu consulta a trav\u00e9s de nuestro formulario de contacto aqu\u00ed [\/vc_column_text][\/vc_column][\/vc_row]\" \/>\n<meta property=\"og:url\" content=\"https:\/\/www.topo-gps.com\/es\/topogps-para-profesionales\/\" \/>\n<meta property=\"og:site_name\" content=\"Topo GPS\" \/>\n<meta property=\"article:modified_time\" content=\"2022-02-26T19:47:51+00:00\" \/>\n<meta name=\"twitter:card\" content=\"summary_large_image\" \/>\n<meta name=\"twitter:label1\" content=\"Tiempo de lectura\" \/>\n\t<meta name=\"twitter:data1\" content=\"5 minutos\" \/>\n<script type=\"application\/ld+json\" class=\"yoast-schema-graph\">{\"@context\":\"https:\\\/\\\/schema.org\",\"@graph\":[{\"@type\":\"WebPage\",\"@id\":\"https:\\\/\\\/www.topo-gps.com\\\/es\\\/topogps-para-profesionales\\\/\",\"url\":\"https:\\\/\\\/www.topo-gps.com\\\/es\\\/topogps-para-profesionales\\\/\",\"name\":\"TopoGPS para profesionales - Topo GPS\",\"isPartOf\":{\"@id\":\"https:\\\/\\\/www.topo-gps.com\\\/es\\\/#website\"},\"datePublished\":\"2022-01-29T19:38:54+00:00\",\"dateModified\":\"2022-02-26T19:47:51+00:00\",\"breadcrumb\":{\"@id\":\"https:\\\/\\\/www.topo-gps.com\\\/es\\\/topogps-para-profesionales\\\/#breadcrumb\"},\"inLanguage\":\"es\",\"potentialAction\":[{\"@type\":\"ReadAction\",\"target\":[\"https:\\\/\\\/www.topo-gps.com\\\/es\\\/topogps-para-profesionales\\\/\"]}]},{\"@type\":\"BreadcrumbList\",\"@id\":\"https:\\\/\\\/www.topo-gps.com\\\/es\\\/topogps-para-profesionales\\\/#breadcrumb\",\"itemListElement\":[{\"@type\":\"ListItem\",\"position\":1,\"name\":\"Home\",\"item\":\"https:\\\/\\\/www.topo-gps.com\\\/es\\\/gps-topografico\\\/\"},{\"@type\":\"ListItem\",\"position\":2,\"name\":\"TopoGPS para profesionales\"}]},{\"@type\":\"WebSite\",\"@id\":\"https:\\\/\\\/www.topo-gps.com\\\/es\\\/#website\",\"url\":\"https:\\\/\\\/www.topo-gps.com\\\/es\\\/\",\"name\":\"Topo GPS\",\"description\":\"Topographic maps GPS for iPhone, Android, iPad and Apple Watch\",\"potentialAction\":[{\"@type\":\"SearchAction\",\"target\":{\"@type\":\"EntryPoint\",\"urlTemplate\":\"https:\\\/\\\/www.topo-gps.com\\\/es\\\/?s={search_term_string}\"},\"query-input\":{\"@type\":\"PropertyValueSpecification\",\"valueRequired\":true,\"valueName\":\"search_term_string\"}}],\"inLanguage\":\"es\"}]}<\/script>\n<!-- \/ Yoast SEO plugin. -->","yoast_head_json":{"title":"TopoGPS para profesionales - Topo GPS","robots":{"index":"index","follow":"follow","max-snippet":"max-snippet:-1","max-image-preview":"max-image-preview:large","max-video-preview":"max-video-preview:-1"},"canonical":"https:\/\/www.topo-gps.com\/es\/topogps-para-profesionales\/","og_locale":"es_ES","og_type":"article","og_title":"TopoGPS para profesionales - Topo GPS","og_description":"[vc_row parallax_image_attachment=&#8221;inherit&#8221;][vc_column][\/vc_column][\/vc_row][vc_section section_type=&#8221;faqs&#8221; faqs_type=&#8221;1&#8243; parallax_image_attachment=&#8221;inherit&#8221; padding_class=&#8221;wide-100&#8243; el_id=&#8221;faqs&#8221;][vc_row][vc_column width=&#8221;1\/2&#8243;][\/vc_column][vc_column width=&#8221;1\/2&#8243;][\/vc_column][\/vc_row][\/vc_section][vc_row][vc_column][vc_separator][\/vc_column][\/vc_row][vc_section section_type=&#8221;features&#8221; features_type=&#8221;4&#8243; parallax_image_attachment=&#8221;inherit&#8221; el_id=&#8221;about&#8221;][vc_row parallax_image_attachment=&#8221;inherit&#8221;][vc_column width=&#8221;5\/12&#8243;][\/vc_column][vc_column width=&#8221;1\/12&#8243;][\/vc_column][vc_column width=&#8221;1\/2&#8243;][vc_row_inner][vc_column_inner width=&#8221;1\/2&#8243;][\/vc_column_inner][vc_column_inner width=&#8221;1\/2&#8243;][\/vc_column_inner][\/vc_row_inner][\/vc_column][\/vc_row][\/vc_section][vc_row][vc_column][vc_column_text] \u00bfDesea saber m\u00e1s? Haz tu consulta a trav\u00e9s de nuestro formulario de contacto aqu\u00ed [\/vc_column_text][\/vc_column][\/vc_row]","og_url":"https:\/\/www.topo-gps.com\/es\/topogps-para-profesionales\/","og_site_name":"Topo GPS","article_modified_time":"2022-02-26T19:47:51+00:00","twitter_card":"summary_large_image","twitter_misc":{"Tiempo de lectura":"5 minutos"},"schema":{"@context":"https:\/\/schema.org","@graph":[{"@type":"WebPage","@id":"https:\/\/www.topo-gps.com\/es\/topogps-para-profesionales\/","url":"https:\/\/www.topo-gps.com\/es\/topogps-para-profesionales\/","name":"TopoGPS para profesionales - Topo GPS","isPartOf":{"@id":"https:\/\/www.topo-gps.com\/es\/#website"},"datePublished":"2022-01-29T19:38:54+00:00","dateModified":"2022-02-26T19:47:51+00:00","breadcrumb":{"@id":"https:\/\/www.topo-gps.com\/es\/topogps-para-profesionales\/#breadcrumb"},"inLanguage":"es","potentialAction":[{"@type":"ReadAction","target":["https:\/\/www.topo-gps.com\/es\/topogps-para-profesionales\/"]}]},{"@type":"BreadcrumbList","@id":"https:\/\/www.topo-gps.com\/es\/topogps-para-profesionales\/#breadcrumb","itemListElement":[{"@type":"ListItem","position":1,"name":"Home","item":"https:\/\/www.topo-gps.com\/es\/gps-topografico\/"},{"@type":"ListItem","position":2,"name":"TopoGPS para profesionales"}]},{"@type":"WebSite","@id":"https:\/\/www.topo-gps.com\/es\/#website","url":"https:\/\/www.topo-gps.com\/es\/","name":"Topo GPS","description":"Topographic maps GPS for iPhone, Android, iPad and Apple Watch","potentialAction":[{"@type":"SearchAction","target":{"@type":"EntryPoint","urlTemplate":"https:\/\/www.topo-gps.com\/es\/?s={search_term_string}"},"query-input":{"@type":"PropertyValueSpecification","valueRequired":true,"valueName":"search_term_string"}}],"inLanguage":"es"}]}},"_links":{"self":[{"href":"https:\/\/www.topo-gps.com\/es\/wp-json\/wp\/v2\/pages\/6291","targetHints":{"allow":["GET"]}}],"collection":[{"href":"https:\/\/www.topo-gps.com\/es\/wp-json\/wp\/v2\/pages"}],"about":[{"href":"https:\/\/www.topo-gps.com\/es\/wp-json\/wp\/v2\/types\/page"}],"author":[{"embeddable":true,"href":"https:\/\/www.topo-gps.com\/es\/wp-json\/wp\/v2\/users\/1"}],"replies":[{"embeddable":true,"href":"https:\/\/www.topo-gps.com\/es\/wp-json\/wp\/v2\/comments?post=6291"}],"version-history":[{"count":0,"href":"https:\/\/www.topo-gps.com\/es\/wp-json\/wp\/v2\/pages\/6291\/revisions"}],"wp:attachment":[{"href":"https:\/\/www.topo-gps.com\/es\/wp-json\/wp\/v2\/media?parent=6291"}],"curies":[{"name":"wp","href":"https:\/\/api.w.org\/{rel}","templated":true}]}}