{"id":6165,"date":"2022-01-08T16:46:46","date_gmt":"2022-01-08T15:46:46","guid":{"rendered":"http:\/\/test.topo-gps.com\/mapas\/"},"modified":"2025-01-30T12:00:53","modified_gmt":"2025-01-30T11:00:53","slug":"mapas","status":"publish","type":"page","link":"https:\/\/www.topo-gps.com\/es\/mapas\/","title":{"rendered":"Mapas"},"content":{"rendered":"<div class=\"wpb-content-wrapper\"><p>[vc_row][vc_column][vc_column_text]<\/p>\n<figure class=\"wp-block-image size-large\"><img loading=\"lazy\" decoding=\"async\" class=\"alignnone wp-image-3830 size-medium_large\" src=\"https:\/\/www.topo-gps.com\/wp-content\/uploads\/2021\/11\/MapChart_Map-768x405.png\" alt=\"\" width=\"768\" height=\"405\" srcset=\"https:\/\/www.topo-gps.com\/wp-content\/uploads\/2021\/11\/MapChart_Map-768x405.png 768w, https:\/\/www.topo-gps.com\/wp-content\/uploads\/2021\/11\/MapChart_Map-300x158.png 300w, https:\/\/www.topo-gps.com\/wp-content\/uploads\/2021\/11\/MapChart_Map-1024x539.png 1024w, https:\/\/www.topo-gps.com\/wp-content\/uploads\/2021\/11\/MapChart_Map-1536x809.png 1536w, https:\/\/www.topo-gps.com\/wp-content\/uploads\/2021\/11\/MapChart_Map-2048x1079.png 2048w, https:\/\/www.topo-gps.com\/wp-content\/uploads\/2021\/11\/MapChart_Map-600x316.png 600w, https:\/\/www.topo-gps.com\/wp-content\/uploads\/2021\/11\/MapChart_Map-500x263.png 500w, https:\/\/www.topo-gps.com\/wp-content\/uploads\/2021\/11\/MapChart_Map-400x211.png 400w\" sizes=\"auto, (max-width: 768px) 100vw, 768px\" \/><\/figure>\n<p>Arriba se muestran los pa\u00edses para los que Topo GPS tiene mapas topogr\u00e1ficos dedicados. Existe una cobertura global con OpenStreetmap.<\/p>\n\r\n<figure class=\"wp-block-image size-large\"><\/figure>\r\n&#13;\n<figure class=\"wp-block-table\"><table><tbody><tr><td>\u00a0<\/td>&#13;\n<td><strong>Pa\u00eds<\/strong><\/td>&#13;\n<td><strong>Precios *<\/strong><\/td>&#13;\n<\/tr><tr><td><img loading=\"lazy\" decoding=\"async\" class=\"alignnone size-full wp-image-4608\" src=\"http:\/\/www.topo-gps.com\/wp-content\/uploads\/2021\/11\/au.gif\" alt=\"\" width=\"16\" height=\"11\"\/><\/td>&#13;\n<td>Australia<\/td>&#13;\n<td>Queensland, Nueva Gales del Sur y Australia del Sur pr\u00f3ximamente<\/td>&#13;\n<\/tr><tr><td><img loading=\"lazy\" decoding=\"async\" class=\"alignnone size-full wp-image-4618\" src=\"https:\/\/www.topo-gps.com\/wp-content\/uploads\/2021\/11\/at.gif\" alt=\"\" width=\"16\" height=\"11\"\/><\/td>&#13;\n<td><a href=\"https:\/\/www.topo-gps.com\/es\/mapa-topografico-de-austria\/\">Austria<\/a><\/td>&#13;\n<td>4,99\u20ac<\/td>&#13;\n<\/tr><tr><td><img loading=\"lazy\" decoding=\"async\" class=\"alignnone size-full wp-image-4628\" src=\"https:\/\/www.topo-gps.com\/wp-content\/uploads\/2021\/11\/be.gif\" alt=\"\" width=\"16\" height=\"11\"\/><\/td>&#13;\n<td><a href=\"https:\/\/www.topo-gps.com\/es\/mapa-topografico-de-belgica\/\">B\u00e9lgica<\/a><\/td>&#13;\n<td>0,99 \u20ac por 36 km\u00b2 O 1 a\u00f1o de suscripci\u00f3n 12,99 \u20ac<\/td>&#13;\n<\/tr><tr><td><img loading=\"lazy\" decoding=\"async\" class=\"alignnone size-full wp-image-4638\" src=\"https:\/\/www.topo-gps.com\/wp-content\/uploads\/2021\/11\/cz.gif\" alt=\"\" width=\"16\" height=\"11\"\/><\/td>&#13;\n<td><a href=\"https:\/\/www.topo-gps.com\/es\/mapa-topografico-de-chequia\/\">Republica checa<\/a><\/td>&#13;\n<td>\u20ac 3,99<\/td>&#13;\n<\/tr><tr><td><img loading=\"lazy\" decoding=\"async\" class=\"alignnone size-full wp-image-4648\" src=\"https:\/\/www.topo-gps.com\/wp-content\/uploads\/2021\/11\/dk.gif\" alt=\"\" width=\"16\" height=\"11\"\/><\/td>&#13;\n<td><a href=\"https:\/\/www.topo-gps.com\/es\/mapa-topografico-de-dinamarca\/\">Dinamarca<\/a><\/td>&#13;\n<td>4,99\u20ac<\/td>&#13;\n<\/tr><tr><td><img loading=\"lazy\" decoding=\"async\" class=\"alignnone size-full wp-image-4658\" src=\"https:\/\/www.topo-gps.com\/wp-content\/uploads\/2021\/11\/ee.gif\" alt=\"\" width=\"16\" height=\"11\"\/><\/td>&#13;\n<td><a href=\"https:\/\/www.topo-gps.com\/es\/mapa-topografico-de-estonia\/\">Estonia<\/a><\/td>&#13;\n<td>4,99\u20ac<\/td>&#13;\n<\/tr><tr><td><img loading=\"lazy\" decoding=\"async\" class=\"alignnone size-full wp-image-24472\" src=\"https:\/\/www.topo-gps.com\/wp-content\/uploads\/2023\/03\/fo.gif\" alt=\"\" width=\"16\" height=\"11\"\/><\/td>&#13;\n<td><a href=\"https:\/\/www.topo-gps.com\/es\/mapa-topografico-de-islas-feroe\/\">Islas Faroe<\/a><\/td>&#13;\n<td>4,99\u20ac<\/td>&#13;\n<\/tr><tr><td><img loading=\"lazy\" decoding=\"async\" class=\"alignnone size-full wp-image-4668\" src=\"https:\/\/www.topo-gps.com\/wp-content\/uploads\/2021\/11\/fi.gif\" alt=\"\" width=\"16\" height=\"11\"\/><\/td>&#13;\n<td><a href=\"https:\/\/www.topo-gps.com\/es\/mapa-topografico-de-finlandia\/\">Finlandia<\/a><\/td>&#13;\n<td>4,99 \u20ac<\/td>&#13;\n<\/tr><tr><td><img loading=\"lazy\" decoding=\"async\" class=\"alignnone size-full wp-image-4678\" src=\"http:\/\/www.topo-gps.com\/wp-content\/uploads\/2021\/11\/fr.gif\" alt=\"\" width=\"16\" height=\"11\"\/><\/td>&#13;\n<td><a href=\"https:\/\/www.topo-gps.com\/es\/mapa-topografico-de-francia\/\">Francia<\/a><\/td>&#13;\n<td>Suscripci\u00f3n por 1 a\u00f1o 19,99\u20ac<\/td>&#13;\n<\/tr><tr><td><img loading=\"lazy\" decoding=\"async\" class=\"alignnone size-full wp-image-4688\" src=\"https:\/\/www.topo-gps.com\/wp-content\/uploads\/2021\/11\/de.gif\" alt=\"\" width=\"16\" height=\"11\"\/><\/td>&#13;\n<td><a href=\"https:\/\/www.topo-gps.com\/es\/mapa-topografico-de-alemania\/\">Alemania<\/a><\/td>&#13;\n<td>4,99\u20ac<\/td>&#13;\n<\/tr><tr><td><img loading=\"lazy\" decoding=\"async\" class=\"alignnone size-full wp-image-4698\" src=\"https:\/\/www.topo-gps.com\/wp-content\/uploads\/2021\/11\/gb.gif\" alt=\"\" width=\"16\" height=\"11\"\/><\/td>&#13;\n<td><a href=\"https:\/\/www.topo-gps.com\/es\/mapa-topografico-de-gran-bretana\/\">Gran Breta\u00f1a<\/a><\/td>&#13;\n<td>0,99 \u20ac por 64 km\u00b2 O 1 a\u00f1o de suscripci\u00f3n 28,99 \u20ac<\/td>&#13;\n<\/tr><tr><td><img loading=\"lazy\" decoding=\"async\" class=\"alignnone size-full wp-image-4708\" src=\"https:\/\/www.topo-gps.com\/wp-content\/uploads\/2021\/11\/jp.gif\" alt=\"\" width=\"16\" height=\"11\"\/><\/td>&#13;\n<td><a href=\"https:\/\/www.topo-gps.com\/es\/mapa-topografico-de-japon\/\">Jap\u00f3n<\/a><\/td>&#13;\n<td>4,99\u20ac<\/td>&#13;\n<\/tr><tr><td><img loading=\"lazy\" decoding=\"async\" class=\"alignnone size-full wp-image-4718\" src=\"https:\/\/www.topo-gps.com\/wp-content\/uploads\/2021\/11\/lu.gif\" alt=\"\" width=\"16\" height=\"11\"\/><\/td>&#13;\n<td><a href=\"https:\/\/www.topo-gps.com\/es\/mapa-topografico-de-luxemburgo\/\">Luxemburgo<\/a><\/td>&#13;\n<td>4,99\u20ac<\/td>&#13;\n<\/tr><tr><td><img loading=\"lazy\" decoding=\"async\" class=\"alignnone size-full wp-image-4728\" src=\"http:\/\/www.topo-gps.com\/wp-content\/uploads\/2021\/11\/nl.gif\" alt=\"\" width=\"16\" height=\"11\"\/><\/td>&#13;\n<td><a href=\"https:\/\/www.topo-gps.com\/es\/mapa-topografico-de-los-paises-bajos\/\">Pa\u00edses Bajos<\/a><\/td>&#13;\n<td>4,99\u20ac (tambi\u00e9n im\u00e1genes a\u00e9reas disponibles)<\/td>&#13;\n<\/tr><tr><td><img loading=\"lazy\" decoding=\"async\" class=\"alignnone size-full wp-image-4748\" src=\"https:\/\/www.topo-gps.com\/wp-content\/uploads\/2021\/11\/nz.gif\" alt=\"\" width=\"16\" height=\"11\"\/><\/td>&#13;\n<td><a href=\"https:\/\/www.topo-gps.com\/es\/mapa-topografico-de-nueva-zelanda\/\">Nueva Zelanda<\/a><\/td>&#13;\n<td>4,99\u20ac<\/td>&#13;\n<\/tr><tr><td><img loading=\"lazy\" decoding=\"async\" class=\"alignnone size-full wp-image-4748\" src=\"https:\/\/www.topo-gps.com\/wp-content\/uploads\/2021\/11\/no.gif\" alt=\"\" width=\"16\" height=\"11\"\/><\/td>&#13;\n<td><a href=\"https:\/\/www.topo-gps.com\/es\/mapa-topografico-de-noruega\/\">Noruega<\/a><\/td>&#13;\n<td>4,99\u20ac<\/td>&#13;\n<\/tr><tr><td><img loading=\"lazy\" decoding=\"async\" class=\"alignnone size-full wp-image-22988\" src=\"https:\/\/www.topo-gps.com\/wp-content\/uploads\/2023\/01\/pl.gif\" alt=\"\" width=\"16\" height=\"11\"\/><\/td>&#13;\n<td>Polonia<\/td>&#13;\n<td>desde 3,49\u20ac (tambi\u00e9n im\u00e1genes a\u00e9reas)<\/td>&#13;\n<\/tr><tr><td><img loading=\"lazy\" decoding=\"async\" class=\"alignnone size-full wp-image-22999\" src=\"https:\/\/www.topo-gps.com\/wp-content\/uploads\/2023\/01\/ro.gif\" alt=\"\" width=\"16\" height=\"11\"\/><\/td>&#13;\n<td>Rumania<\/td>&#13;\n<td>desde 3,49\u20ac<\/td>&#13;\n<\/tr><tr><td><img loading=\"lazy\" decoding=\"async\" class=\"alignnone size-full wp-image-4768\" src=\"https:\/\/www.topo-gps.com\/wp-content\/uploads\/2021\/11\/si.gif\" alt=\"\" width=\"16\" height=\"11\"\/><\/td>&#13;\n<td><a href=\"https:\/\/www.topo-gps.com\/es\/mapa-topografico-de-eslovenia\/\">Eslovenia<\/a><\/td>&#13;\n<td>\u20ac 3,99<\/td>&#13;\n<\/tr><tr><td><img loading=\"lazy\" decoding=\"async\" class=\"alignnone size-full wp-image-4778\" src=\"https:\/\/www.topo-gps.com\/wp-content\/uploads\/2021\/11\/es.gif\" alt=\"\" width=\"16\" height=\"11\"\/><\/td>&#13;\n<td><a href=\"https:\/\/www.topo-gps.com\/es\/mapa-topografico-de-espana\/\">Espa\u00f1a<\/a><\/td>&#13;\n<td>\u20ac 3,99<\/td>&#13;\n<\/tr><tr><td><img loading=\"lazy\" decoding=\"async\" class=\"alignnone size-full wp-image-4788\" src=\"https:\/\/www.topo-gps.com\/wp-content\/uploads\/2021\/11\/se.gif\" alt=\"\" width=\"16\" height=\"11\"\/><\/td>&#13;\n<td><a href=\"https:\/\/www.topo-gps.com\/es\/mapa-topografico-de-suecia\/\">Suecia<\/a><\/td>&#13;\n<td>\u20ac 3,99<\/td>&#13;\n<\/tr><tr><td><img loading=\"lazy\" decoding=\"async\" class=\"alignnone size-full wp-image-4798\" src=\"https:\/\/www.topo-gps.com\/wp-content\/uploads\/2021\/11\/ch.gif\" alt=\"\" width=\"11\" height=\"11\"\/><\/td>&#13;\n<td><a href=\"https:\/\/www.topo-gps.com\/es\/mapa-topografico-de-suiza\/\">Suiza<\/a><\/td>&#13;\n<td>4,99\u20ac<\/td>&#13;\n<\/tr><tr><td><img loading=\"lazy\" decoding=\"async\" class=\"alignnone size-full wp-image-4808\" src=\"http:\/\/www.topo-gps.com\/wp-content\/uploads\/2021\/11\/us.gif\" alt=\"\" width=\"16\" height=\"11\"\/><\/td>&#13;\n<td><a href=\"https:\/\/www.topo-gps.com\/es\/mapa-topografico-de-estados-unidos\/\">Estados Unidos<\/a><\/td>&#13;\n<td>\u20ac 3,99<\/td>&#13;\n<\/tr><tr><td>\u00a0<\/td>&#13;\n<td>Cobertura mundial<\/td>&#13;\n<td>5,49\u20ac<\/td>&#13;\n<\/tr><\/tbody><\/table><\/figure><p><\/p> *Pricing might change based on Apple or Google pricing tier changes. The above prices are the lowest latest prices available in one of the app stores.<\/p>\r\n<p>&nbsp;<\/p>\n<\/div>","protected":false},"excerpt":{"rendered":"<p>[vc_row][vc_column][vc_column_text] Arriba se muestran los pa\u00edses para los que Topo GPS tiene mapas topogr\u00e1ficos dedicados. Existe una cobertura global con OpenStreetmap. &nbsp;<\/p>\n","protected":false},"author":1,"featured_media":0,"parent":0,"menu_order":0,"comment_status":"closed","ping_status":"closed","template":"","meta":{"footnotes":""},"class_list":["post-6165","page","type-page","status-publish","hentry","no-post-thumbnail"],"yoast_head":"<!-- This site is optimized with the Yoast SEO plugin v27.5 - https:\/\/yoast.com\/product\/yoast-seo-wordpress\/ -->\n<title>Mapas - Topo GPS<\/title>\n<meta name=\"description\" content=\"Todos los mapas que cubre Topo GPS. 27 mapas de pa\u00edses m\u00e1s cobertura global adicional con Open Streetmap. E im\u00e1genes de sat\u00e9lite para algunos.\" \/>\n<meta name=\"robots\" content=\"index, follow, max-snippet:-1, max-image-preview:large, max-video-preview:-1\" \/>\n<link rel=\"canonical\" href=\"https:\/\/www.topo-gps.com\/es\/mapas\/\" \/>\n<meta property=\"og:locale\" content=\"es_ES\" \/>\n<meta property=\"og:type\" content=\"article\" \/>\n<meta property=\"og:title\" content=\"Mapas - Topo GPS\" \/>\n<meta property=\"og:description\" content=\"Todos los mapas que cubre Topo GPS. 27 mapas de pa\u00edses m\u00e1s cobertura global adicional con Open Streetmap. E im\u00e1genes de sat\u00e9lite para algunos.\" \/>\n<meta property=\"og:url\" content=\"https:\/\/www.topo-gps.com\/es\/mapas\/\" \/>\n<meta property=\"og:site_name\" content=\"Topo GPS\" \/>\n<meta property=\"article:modified_time\" content=\"2025-01-30T11:00:53+00:00\" \/>\n<meta property=\"og:image\" content=\"https:\/\/www.topo-gps.com\/wp-content\/uploads\/2021\/11\/MapChart_Map-1024x539.png\" \/>\n\t<meta property=\"og:image:width\" content=\"1024\" \/>\n\t<meta property=\"og:image:height\" content=\"539\" \/>\n\t<meta property=\"og:image:type\" content=\"image\/png\" \/>\n<meta name=\"twitter:card\" content=\"summary_large_image\" \/>\n<meta name=\"twitter:label1\" content=\"Tiempo de lectura\" \/>\n\t<meta name=\"twitter:data1\" content=\"1 minuto\" \/>\n<script type=\"application\/ld+json\" class=\"yoast-schema-graph\">{\"@context\":\"https:\\\/\\\/schema.org\",\"@graph\":[{\"@type\":\"WebPage\",\"@id\":\"https:\\\/\\\/www.topo-gps.com\\\/es\\\/mapas\\\/\",\"url\":\"https:\\\/\\\/www.topo-gps.com\\\/es\\\/mapas\\\/\",\"name\":\"Mapas - Topo GPS\",\"isPartOf\":{\"@id\":\"https:\\\/\\\/www.topo-gps.com\\\/es\\\/#website\"},\"primaryImageOfPage\":{\"@id\":\"https:\\\/\\\/www.topo-gps.com\\\/es\\\/mapas\\\/#primaryimage\"},\"image\":{\"@id\":\"https:\\\/\\\/www.topo-gps.com\\\/es\\\/mapas\\\/#primaryimage\"},\"thumbnailUrl\":\"https:\\\/\\\/www.topo-gps.com\\\/wp-content\\\/uploads\\\/2021\\\/11\\\/MapChart_Map-768x405.png\",\"datePublished\":\"2022-01-08T15:46:46+00:00\",\"dateModified\":\"2025-01-30T11:00:53+00:00\",\"description\":\"Todos los mapas que cubre Topo GPS. 27 mapas de pa\u00edses m\u00e1s cobertura global adicional con Open Streetmap. E im\u00e1genes de sat\u00e9lite para algunos.\",\"breadcrumb\":{\"@id\":\"https:\\\/\\\/www.topo-gps.com\\\/es\\\/mapas\\\/#breadcrumb\"},\"inLanguage\":\"es\",\"potentialAction\":[{\"@type\":\"ReadAction\",\"target\":[\"https:\\\/\\\/www.topo-gps.com\\\/es\\\/mapas\\\/\"]}]},{\"@type\":\"ImageObject\",\"inLanguage\":\"es\",\"@id\":\"https:\\\/\\\/www.topo-gps.com\\\/es\\\/mapas\\\/#primaryimage\",\"url\":\"https:\\\/\\\/www.topo-gps.com\\\/wp-content\\\/uploads\\\/2021\\\/11\\\/MapChart_Map-768x405.png\",\"contentUrl\":\"https:\\\/\\\/www.topo-gps.com\\\/wp-content\\\/uploads\\\/2021\\\/11\\\/MapChart_Map-768x405.png\"},{\"@type\":\"BreadcrumbList\",\"@id\":\"https:\\\/\\\/www.topo-gps.com\\\/es\\\/mapas\\\/#breadcrumb\",\"itemListElement\":[{\"@type\":\"ListItem\",\"position\":1,\"name\":\"Home\",\"item\":\"https:\\\/\\\/www.topo-gps.com\\\/es\\\/gps-topografico\\\/\"},{\"@type\":\"ListItem\",\"position\":2,\"name\":\"Mapas\"}]},{\"@type\":\"WebSite\",\"@id\":\"https:\\\/\\\/www.topo-gps.com\\\/es\\\/#website\",\"url\":\"https:\\\/\\\/www.topo-gps.com\\\/es\\\/\",\"name\":\"Topo GPS\",\"description\":\"Topographic maps GPS for iPhone, Android, iPad and Apple Watch\",\"potentialAction\":[{\"@type\":\"SearchAction\",\"target\":{\"@type\":\"EntryPoint\",\"urlTemplate\":\"https:\\\/\\\/www.topo-gps.com\\\/es\\\/?s={search_term_string}\"},\"query-input\":{\"@type\":\"PropertyValueSpecification\",\"valueRequired\":true,\"valueName\":\"search_term_string\"}}],\"inLanguage\":\"es\"}]}<\/script>\n<!-- \/ Yoast SEO plugin. -->","yoast_head_json":{"title":"Mapas - Topo GPS","description":"Todos los mapas que cubre Topo GPS. 27 mapas de pa\u00edses m\u00e1s cobertura global adicional con Open Streetmap. E im\u00e1genes de sat\u00e9lite para algunos.","robots":{"index":"index","follow":"follow","max-snippet":"max-snippet:-1","max-image-preview":"max-image-preview:large","max-video-preview":"max-video-preview:-1"},"canonical":"https:\/\/www.topo-gps.com\/es\/mapas\/","og_locale":"es_ES","og_type":"article","og_title":"Mapas - Topo GPS","og_description":"Todos los mapas que cubre Topo GPS. 27 mapas de pa\u00edses m\u00e1s cobertura global adicional con Open Streetmap. E im\u00e1genes de sat\u00e9lite para algunos.","og_url":"https:\/\/www.topo-gps.com\/es\/mapas\/","og_site_name":"Topo GPS","article_modified_time":"2025-01-30T11:00:53+00:00","og_image":[{"width":1024,"height":539,"url":"https:\/\/www.topo-gps.com\/wp-content\/uploads\/2021\/11\/MapChart_Map-1024x539.png","type":"image\/png"}],"twitter_card":"summary_large_image","twitter_misc":{"Tiempo de lectura":"1 minuto"},"schema":{"@context":"https:\/\/schema.org","@graph":[{"@type":"WebPage","@id":"https:\/\/www.topo-gps.com\/es\/mapas\/","url":"https:\/\/www.topo-gps.com\/es\/mapas\/","name":"Mapas - Topo GPS","isPartOf":{"@id":"https:\/\/www.topo-gps.com\/es\/#website"},"primaryImageOfPage":{"@id":"https:\/\/www.topo-gps.com\/es\/mapas\/#primaryimage"},"image":{"@id":"https:\/\/www.topo-gps.com\/es\/mapas\/#primaryimage"},"thumbnailUrl":"https:\/\/www.topo-gps.com\/wp-content\/uploads\/2021\/11\/MapChart_Map-768x405.png","datePublished":"2022-01-08T15:46:46+00:00","dateModified":"2025-01-30T11:00:53+00:00","description":"Todos los mapas que cubre Topo GPS. 27 mapas de pa\u00edses m\u00e1s cobertura global adicional con Open Streetmap. E im\u00e1genes de sat\u00e9lite para algunos.","breadcrumb":{"@id":"https:\/\/www.topo-gps.com\/es\/mapas\/#breadcrumb"},"inLanguage":"es","potentialAction":[{"@type":"ReadAction","target":["https:\/\/www.topo-gps.com\/es\/mapas\/"]}]},{"@type":"ImageObject","inLanguage":"es","@id":"https:\/\/www.topo-gps.com\/es\/mapas\/#primaryimage","url":"https:\/\/www.topo-gps.com\/wp-content\/uploads\/2021\/11\/MapChart_Map-768x405.png","contentUrl":"https:\/\/www.topo-gps.com\/wp-content\/uploads\/2021\/11\/MapChart_Map-768x405.png"},{"@type":"BreadcrumbList","@id":"https:\/\/www.topo-gps.com\/es\/mapas\/#breadcrumb","itemListElement":[{"@type":"ListItem","position":1,"name":"Home","item":"https:\/\/www.topo-gps.com\/es\/gps-topografico\/"},{"@type":"ListItem","position":2,"name":"Mapas"}]},{"@type":"WebSite","@id":"https:\/\/www.topo-gps.com\/es\/#website","url":"https:\/\/www.topo-gps.com\/es\/","name":"Topo GPS","description":"Topographic maps GPS for iPhone, Android, iPad and Apple Watch","potentialAction":[{"@type":"SearchAction","target":{"@type":"EntryPoint","urlTemplate":"https:\/\/www.topo-gps.com\/es\/?s={search_term_string}"},"query-input":{"@type":"PropertyValueSpecification","valueRequired":true,"valueName":"search_term_string"}}],"inLanguage":"es"}]}},"_links":{"self":[{"href":"https:\/\/www.topo-gps.com\/es\/wp-json\/wp\/v2\/pages\/6165","targetHints":{"allow":["GET"]}}],"collection":[{"href":"https:\/\/www.topo-gps.com\/es\/wp-json\/wp\/v2\/pages"}],"about":[{"href":"https:\/\/www.topo-gps.com\/es\/wp-json\/wp\/v2\/types\/page"}],"author":[{"embeddable":true,"href":"https:\/\/www.topo-gps.com\/es\/wp-json\/wp\/v2\/users\/1"}],"replies":[{"embeddable":true,"href":"https:\/\/www.topo-gps.com\/es\/wp-json\/wp\/v2\/comments?post=6165"}],"version-history":[{"count":0,"href":"https:\/\/www.topo-gps.com\/es\/wp-json\/wp\/v2\/pages\/6165\/revisions"}],"wp:attachment":[{"href":"https:\/\/www.topo-gps.com\/es\/wp-json\/wp\/v2\/media?parent=6165"}],"curies":[{"name":"wp","href":"https:\/\/api.w.org\/{rel}","templated":true}]}}