{"id":5200,"date":"2021-11-20T20:23:46","date_gmt":"2021-11-20T19:23:46","guid":{"rendered":"http:\/\/test.topo-gps.com\/declaracion-de-privacidad\/"},"modified":"2022-03-01T12:32:04","modified_gmt":"2022-03-01T11:32:04","slug":"declaracion-de-privacidad","status":"publish","type":"page","link":"https:\/\/www.topo-gps.com\/es\/declaracion-de-privacidad\/","title":{"rendered":"Pol\u00edtica de privacidad"},"content":{"rendered":"<div class=\"wpb-content-wrapper\"><p>[vc_section parallax_image_attachment=&#8221;inherit&#8221; padding_class=&#8221;wide-0&#8243; css=&#8221;.vc_custom_1543574872456{margin-top: 180px !important;margin-bottom: 45px !important;}&#8221; el_id=&#8221;terms-page&#8221;][vc_row parallax_image_attachment=&#8221;inherit&#8221; el_class=&#8221;terms-box&#8221;][vc_column width=&#8221;1\/12&#8243;][\/vc_column][vc_column width=&#8221;5\/6&#8243;]\r\n        <div class=\" wow perch-fadeInUp fadeInUp\" data-wow-delay=\"300ms\" data-wow-duration=\"1200ms\"> \r\n                   \r\n                   \r\n            <h4 class=\"Default h4-sm none os-version\">Esta pol\u00edtica de privacidad es v\u00e1lida a partir de marzo de 2021.<\/h4>\r\n                     \r\n        <\/div>\r\n        <div class=\" wow perch-fadeInUp fadeInUp\" data-wow-delay=\"300ms\" data-wow-duration=\"1200ms\"> \r\n                   \r\n                   \r\n            <p class=\"Default p-md none os-version\">Podemos actualizar nuestra pol\u00edtica de privacidad si es necesario y la publicaremos en https:\/\/www.topo-gps.com\/privacy-policy.<\/p>\r\n                     \r\n        <\/div>[\/vc_column][vc_column width=&#8221;1\/12&#8243;][\/vc_column][\/vc_row][vc_row parallax_image_attachment=&#8221;inherit&#8221; css=&#8221;.vc_custom_1543997765635{margin-top: -20px !important;}&#8221; el_class=&#8221;terms-box&#8221;][vc_column width=&#8221;1\/12&#8243;][\/vc_column][vc_column width=&#8221;5\/6&#8243;]\r\n        <div class=\" vc_custom_1637422763887  wow perch-fadeInUp fadeInUp\" data-wow-delay=\"300ms\" data-wow-duration=\"1200ms\"> \r\n                   \r\n                   \r\n            <h4 class=\"Default h4-sm none os-version\">Aplicaci\u00f3n Topo GPS<\/h4>\r\n                     \r\n        <\/div>\r\n        <div class=\" wow perch-fadeInUp fadeInUp\" data-wow-delay=\"300ms\" data-wow-duration=\"1200ms\"> \r\n                   \r\n                   \r\n            \r\n            <p class=\"p-md os-version\">Su privacidad es muy importante para nosotros. Por lo tanto, no recopilamos, almacenamos ni compartimos ning\u00fan dato de usuario de identificaci\u00f3n personal (como ubicaci\u00f3n, nombre, direcci\u00f3n IP y otros), excepto lo que nos proporcione voluntariamente por correo electr\u00f3nico, el formulario de contacto en nuestro sitio web, o compartiendo una ruta.<\/p>         \r\n        <\/div>\r\n        <div class=\" wow perch-fadeInUp fadeInUp\" data-wow-delay=\"300ms\" data-wow-duration=\"1200ms\"> \r\n                   \r\n                   \r\n            \r\n            <p class=\"p-md os-version\">No necesita crear una cuenta para usar la aplicaci\u00f3n Topo GPS, por lo que no podemos identificarlo a trav\u00e9s de la informaci\u00f3n de la cuenta.<\/p>         \r\n        <\/div>\r\n        <div class=\" wow perch-fadeInUp fadeInUp\" data-wow-delay=\"300ms\" data-wow-duration=\"1200ms\"> \r\n                   \r\n                   \r\n            \r\n            <p class=\"p-md os-version\">Todo el tr\u00e1fico de Internet de la aplicaci\u00f3n Topo GPS se cifra mediante https, excepto para la planificaci\u00f3n de rutas a trav\u00e9s del planificador de rutas Top10NL en los Pa\u00edses Bajos.<\/p>         \r\n        <\/div>\r\n        <div class=\" wow perch-fadeInUp fadeInUp\" data-wow-delay=\"300ms\" data-wow-duration=\"1200ms\"> \r\n                   \r\n                   \r\n            \r\n            <p class=\"p-md os-version\">Si comparte una ruta con Topo GPS, la ruta, los metadatos de la ruta y un identificador de dispositivo se almacenar\u00e1n en el servidor Topo GPS. La ruta y los metadatos de la ruta ser\u00e1n accesibles para otros usuarios en la aplicaci\u00f3n Topo GPS y en nuestro sitio web. El identificador de dispositivo solo es visible para nosotros y nos ayuda a identificar qu\u00e9 rutas se cargaron desde el mismo dispositivo. Los metadatos de la ruta pueden contener su nombre y direcci\u00f3n de correo electr\u00f3nico si ha agregado esta informaci\u00f3n a la ruta. Si desea que eliminemos una ruta que ha compartido con Topo GPS de nuestra base de datos y sitio web, debe enviar un mensaje a support_at_topo-gps_dot_com.<\/p>         \r\n        <\/div>\r\n        <div class=\" wow perch-fadeInUp fadeInUp\" data-wow-delay=\"300ms\" data-wow-duration=\"1200ms\"> \r\n                   \r\n                   \r\n            \r\n            <p class=\"p-md os-version\">Si ve un mapa, los mosaicos del mapa se descargar\u00e1n de un servidor. Para proporcionar los mosaicos de mapas, utilizamos los siguientes servicios: Amazon CloudFront, CDN77 y GeoFabrik. No podemos recuperar su direcci\u00f3n IP a trav\u00e9s de estos servicios.<\/p>         \r\n        <\/div>\r\n        <div class=\" wow perch-fadeInUp fadeInUp\" data-wow-delay=\"300ms\" data-wow-duration=\"1200ms\"> \r\n                   \r\n                   \r\n            \r\n            <p class=\"p-md os-version\">Si planifica una ruta, la ruta se calcula localmente en su dispositivo, a trav\u00e9s de la API de indicaciones GraphHopper o mediante el servicio de planificaci\u00f3n de rutas GPS de Topo. Al planificar una ruta, solo los puntos de ruta y los medios de transporte se env\u00edan a un servicio de planificaci\u00f3n de rutas. No almacenamos sus rutas planificadas ni su direcci\u00f3n IP. GraphHopper almacena su solicitud de ruta, incluida la hora y su direcci\u00f3n IP, durante un m\u00e1ximo de 5 semanas de acuerdo con la pol\u00edtica de privacidad de GraphHopper.<\/p>         \r\n        <\/div>[\/vc_column][vc_column width=&#8221;1\/12&#8243;][\/vc_column][\/vc_row][vc_row][vc_column width=&#8221;1\/12&#8243;][\/vc_column][vc_column width=&#8221;5\/6&#8243;]\r\n        <div class=\" wow perch-fadeInUp fadeInUp\" data-wow-delay=\"300ms\" data-wow-duration=\"1200ms\"> \r\n                   \r\n                   \r\n            <h4 class=\"Default h4-sm none os-version\">iOS<\/h4>\r\n            <p class=\"p-md os-version\">Las declaraciones de esta secci\u00f3n solo se aplican a la versi\u00f3n iOS de Topo GPS.<\/p>         \r\n        <\/div>\r\n        <div class=\" vc_custom_1637423069733  wow perch-fadeInUp fadeInUp\" data-wow-delay=\"300ms\" data-wow-duration=\"1200ms\"> \r\n                   \r\n                   \r\n            \r\n            <p class=\"p-md os-version\">Si habilita la sincronizaci\u00f3n de rutas y puntos intermedios a trav\u00e9s de iCloud, todas sus rutas y puntos intermedios se almacenan en iCloud. Si desea eliminar sus rutas y puntos de referencia de iCloud, puede desactivar la sincronizaci\u00f3n con iCloud en la configuraci\u00f3n de Topo GPS. Aparecer\u00e1 una ventana emergente que permite eliminar todos los datos de rutas y puntos de referencia de iCloud.<\/p>         \r\n        <\/div>\r\n        <div class=\" vc_custom_1637423115349  wow perch-fadeInUp fadeInUp\" data-wow-delay=\"300ms\" data-wow-duration=\"1200ms\"> \r\n                   \r\n                   \r\n            \r\n            <p class=\"p-md os-version\">Si realiza una compra en Topo GPS almacenamos el recibo de su compra en nuestros servidores por motivos de anal\u00edtica. Este recibo contiene los identificadores de la transacci\u00f3n, el tipo de producto integrado en la aplicaci\u00f3n comprado y el momento de la compra.<\/p>         \r\n        <\/div>\r\n        <div class=\" vc_custom_1637423130400  wow perch-fadeInUp fadeInUp\" data-wow-delay=\"300ms\" data-wow-duration=\"1200ms\"> \r\n                   \r\n                   \r\n            \r\n            <p class=\"p-md os-version\">Excepto en el caso mencionado anteriormente, no rastreamos su uso de la aplicaci\u00f3n Topo GPS.<\/p>         \r\n        <\/div>\r\n        <div class=\" vc_custom_1637423197958  wow perch-fadeInUp fadeInUp\" data-wow-delay=\"300ms\" data-wow-duration=\"1200ms\"> \r\n                   \r\n                   \r\n            <h4 class=\"Default h4-sm none os-version\">Androide<\/h4>\r\n            <p class=\"p-md os-version\">Las declaraciones de esta secci\u00f3n solo se aplican a la versi\u00f3n de Android de Topo GPS.<\/p>         \r\n        <\/div>\r\n        <div class=\" vc_custom_1637423213136  wow perch-fadeInUp fadeInUp\" data-wow-delay=\"300ms\" data-wow-duration=\"1200ms\"> \r\n                   \r\n                   \r\n            \r\n            <p class=\"p-md os-version\">Si compra mosaicos de mapas de Francia, Gran Breta\u00f1a, B\u00e9lgica o Suiza, la informaci\u00f3n sobre los mosaicos comprados se guarda en nuestro servidor junto con el n\u00famero de pedido de su compra para permitirnos sincronizar sus compras de mapas entre sus dispositivos.<\/p>         \r\n        <\/div>\r\n        <div class=\" vc_custom_1637423232069  wow perch-fadeInUp fadeInUp\" data-wow-delay=\"300ms\" data-wow-duration=\"1200ms\"> \r\n                   \r\n                   \r\n            \r\n            <p class=\"p-md os-version\">La aplicaci\u00f3n utiliza el SDK de Android, el SDK de servicios de Google Play y el SDK de Google Firebase. Otros SDK o bibliotecas externos no se utilizan en la aplicaci\u00f3n.<\/p>         \r\n        <\/div>\r\n        <div class=\" vc_custom_1637423633570  wow perch-fadeInUp fadeInUp\" data-wow-delay=\"300ms\" data-wow-duration=\"1200ms\"> \r\n                   \r\n                   \r\n            \r\n            <p class=\"p-md os-version\">No rastreamos su uso de la aplicaci\u00f3n Topo GPS.<\/p>         \r\n        <\/div>\r\n        <div class=\" wow perch-fadeInUp fadeInUp\" data-wow-delay=\"300ms\" data-wow-duration=\"1200ms\"> \r\n                   \r\n                   \r\n            <h4 class=\"Default h4-sm none os-version\">Sitio web de Topo GPS<\/h4>\r\n            <p class=\"p-md os-version\">Si se comunica con nosotros por correo electr\u00f3nico o mediante el formulario de contacto de nuestro sitio web, su direcci\u00f3n de correo electr\u00f3nico y posiblemente su nombre se almacenan en nuestro sistema de atenci\u00f3n al cliente Zendesk y en Gmail. Si desea que eliminemos su informaci\u00f3n de forma permanente, debe enviar un mensaje a support_at_topo-gps_dot_com o utilizar el formulario de contacto en nuestro sitio web.<\/p>         \r\n        <\/div>[\/vc_column][vc_column width=&#8221;1\/12&#8243;][\/vc_column][\/vc_row][vc_row parallax_image_attachment=&#8221;inherit&#8221; el_class=&#8221;terms-box&#8221; css=&#8221;.vc_custom_1543998973323{margin-top: 30px !important;}&#8221;][vc_column width=&#8221;1\/12&#8243;][\/vc_column][vc_column width=&#8221;5\/6&#8243;]\r\n        <div class=\" wow perch-fadeInUp fadeInUp\" data-wow-delay=\"300ms\" data-wow-duration=\"1200ms\"> \r\n                   \r\n                   \r\n            \r\n            <p class=\"p-md os-version\">No almacenamos su direcci\u00f3n IP cuando visita nuestro sitio web.<\/p>         \r\n        <\/div>\r\n        <div class=\" wow perch-fadeInUp fadeInUp\" data-wow-delay=\"300ms\" data-wow-duration=\"1200ms\"> \r\n                   \r\n                   \r\n            \r\n            <p class=\"p-md os-version\">Todo el tr\u00e1fico de Internet en nuestro sitio web se cifra mediante https.<\/p>         \r\n        <\/div>\r\n        <div class=\" wow perch-fadeInUp fadeInUp\" data-wow-delay=\"300ms\" data-wow-duration=\"1200ms\"> \r\n                   \r\n                   \r\n            \r\n            <p class=\"p-md os-version\">Utilizamos cookies de Google Analytics y un p\u00edxel de Facebook para analizar el uso de nuestro sitio web y para respaldar nuestros esfuerzos de marketing.<\/p>         \r\n        <\/div>\r\n        <div class=\" wow perch-fadeInUp fadeInUp\" data-wow-delay=\"300ms\" data-wow-duration=\"1200ms\"> \r\n                   \r\n                   \r\n            \r\n            <p class=\"p-md os-version\">Si tiene alguna pregunta, puede contactarnos a trav\u00e9s del formulario de contacto en nuestro sitio web o enviar un mensaje a support_at_topo-gps_dot_com.<\/p>         \r\n        <\/div>\r\n        <div class=\" wow perch-fadeInUp fadeInUp\" data-wow-delay=\"300ms\" data-wow-duration=\"1200ms\"> \r\n                   \r\n                   \r\n            \r\n            <p class=\"p-md os-version\">rdzl vof - Duivendaal 1a - 6701 AP Wageningen - Pa\u00edses Bajos<\/p>         \r\n        <\/div>[\/vc_column][vc_column width=&#8221;1\/12&#8243;][\/vc_column][\/vc_row][\/vc_section]<\/p>\n<\/div>","protected":false},"excerpt":{"rendered":"<p>[vc_section parallax_image_attachment=&#8221;inherit&#8221; padding_class=&#8221;wide-0&#8243; css=&#8221;.vc_custom_1543574872456{margin-top: 180px !important;margin-bottom: 45px !important;}&#8221; el_id=&#8221;terms-page&#8221;][vc_row parallax_image_attachment=&#8221;inherit&#8221; el_class=&#8221;terms-box&#8221;][vc_column width=&#8221;1\/12&#8243;][\/vc_column][vc_column width=&#8221;5\/6&#8243;][\/vc_column][vc_column width=&#8221;1\/12&#8243;][\/vc_column][\/vc_row][vc_row parallax_image_attachment=&#8221;inherit&#8221; css=&#8221;.vc_custom_1543997765635{margin-top: -20px !important;}&#8221; el_class=&#8221;terms-box&#8221;][vc_column width=&#8221;1\/12&#8243;][\/vc_column][vc_column width=&#8221;5\/6&#8243;][\/vc_column][vc_column width=&#8221;1\/12&#8243;][\/vc_column][\/vc_row][vc_row][vc_column width=&#8221;1\/12&#8243;][\/vc_column][vc_column width=&#8221;5\/6&#8243;][\/vc_column][vc_column width=&#8221;1\/12&#8243;][\/vc_column][\/vc_row][vc_row parallax_image_attachment=&#8221;inherit&#8221; el_class=&#8221;terms-box&#8221; css=&#8221;.vc_custom_1543998973323{margin-top: 30px !important;}&#8221;][vc_column width=&#8221;1\/12&#8243;][\/vc_column][vc_column width=&#8221;5\/6&#8243;][\/vc_column][vc_column width=&#8221;1\/12&#8243;][\/vc_column][\/vc_row][\/vc_section]<\/p>\n","protected":false},"author":1,"featured_media":0,"parent":0,"menu_order":0,"comment_status":"closed","ping_status":"closed","template":"","meta":{"footnotes":""},"class_list":["post-5200","page","type-page","status-publish","hentry","no-post-thumbnail"],"yoast_head":"<!-- This site is optimized with the Yoast SEO plugin v27.6 - https:\/\/yoast.com\/product\/yoast-seo-wordpress\/ -->\n<title>Pol\u00edtica de privacidad - Topo GPS<\/title>\n<meta name=\"robots\" content=\"index, follow, max-snippet:-1, max-image-preview:large, max-video-preview:-1\" \/>\n<link rel=\"canonical\" href=\"https:\/\/www.topo-gps.com\/es\/declaracion-de-privacidad\/\" \/>\n<meta property=\"og:locale\" content=\"es_ES\" \/>\n<meta property=\"og:type\" content=\"article\" \/>\n<meta property=\"og:title\" content=\"Pol\u00edtica de privacidad - Topo GPS\" \/>\n<meta property=\"og:description\" content=\"[vc_section parallax_image_attachment=&#8221;inherit&#8221; padding_class=&#8221;wide-0&#8243; css=&#8221;.vc_custom_1543574872456{margin-top: 180px !important;margin-bottom: 45px !important;}&#8221; el_id=&#8221;terms-page&#8221;][vc_row parallax_image_attachment=&#8221;inherit&#8221; el_class=&#8221;terms-box&#8221;][vc_column width=&#8221;1\/12&#8243;][\/vc_column][vc_column width=&#8221;5\/6&#8243;][\/vc_column][vc_column width=&#8221;1\/12&#8243;][\/vc_column][\/vc_row][vc_row parallax_image_attachment=&#8221;inherit&#8221; css=&#8221;.vc_custom_1543997765635{margin-top: -20px !important;}&#8221; el_class=&#8221;terms-box&#8221;][vc_column width=&#8221;1\/12&#8243;][\/vc_column][vc_column width=&#8221;5\/6&#8243;][\/vc_column][vc_column width=&#8221;1\/12&#8243;][\/vc_column][\/vc_row][vc_row][vc_column width=&#8221;1\/12&#8243;][\/vc_column][vc_column width=&#8221;5\/6&#8243;][\/vc_column][vc_column width=&#8221;1\/12&#8243;][\/vc_column][\/vc_row][vc_row parallax_image_attachment=&#8221;inherit&#8221; el_class=&#8221;terms-box&#8221; css=&#8221;.vc_custom_1543998973323{margin-top: 30px !important;}&#8221;][vc_column width=&#8221;1\/12&#8243;][\/vc_column][vc_column width=&#8221;5\/6&#8243;][\/vc_column][vc_column width=&#8221;1\/12&#8243;][\/vc_column][\/vc_row][\/vc_section]\" \/>\n<meta property=\"og:url\" content=\"https:\/\/www.topo-gps.com\/es\/declaracion-de-privacidad\/\" \/>\n<meta property=\"og:site_name\" content=\"Topo GPS\" \/>\n<meta property=\"article:modified_time\" content=\"2022-03-01T11:32:04+00:00\" \/>\n<meta name=\"twitter:card\" content=\"summary_large_image\" \/>\n<meta name=\"twitter:label1\" content=\"Tiempo de lectura\" \/>\n\t<meta name=\"twitter:data1\" content=\"8 minutos\" \/>\n<script type=\"application\/ld+json\" class=\"yoast-schema-graph\">{\"@context\":\"https:\\\/\\\/schema.org\",\"@graph\":[{\"@type\":\"WebPage\",\"@id\":\"https:\\\/\\\/www.topo-gps.com\\\/es\\\/declaracion-de-privacidad\\\/\",\"url\":\"https:\\\/\\\/www.topo-gps.com\\\/es\\\/declaracion-de-privacidad\\\/\",\"name\":\"Pol\u00edtica de privacidad - Topo GPS\",\"isPartOf\":{\"@id\":\"https:\\\/\\\/www.topo-gps.com\\\/es\\\/#website\"},\"datePublished\":\"2021-11-20T19:23:46+00:00\",\"dateModified\":\"2022-03-01T11:32:04+00:00\",\"breadcrumb\":{\"@id\":\"https:\\\/\\\/www.topo-gps.com\\\/es\\\/declaracion-de-privacidad\\\/#breadcrumb\"},\"inLanguage\":\"es\",\"potentialAction\":[{\"@type\":\"ReadAction\",\"target\":[\"https:\\\/\\\/www.topo-gps.com\\\/es\\\/declaracion-de-privacidad\\\/\"]}]},{\"@type\":\"BreadcrumbList\",\"@id\":\"https:\\\/\\\/www.topo-gps.com\\\/es\\\/declaracion-de-privacidad\\\/#breadcrumb\",\"itemListElement\":[{\"@type\":\"ListItem\",\"position\":1,\"name\":\"Home\",\"item\":\"https:\\\/\\\/www.topo-gps.com\\\/es\\\/gps-topografico\\\/\"},{\"@type\":\"ListItem\",\"position\":2,\"name\":\"Pol\u00edtica de privacidad\"}]},{\"@type\":\"WebSite\",\"@id\":\"https:\\\/\\\/www.topo-gps.com\\\/es\\\/#website\",\"url\":\"https:\\\/\\\/www.topo-gps.com\\\/es\\\/\",\"name\":\"Topo GPS\",\"description\":\"Topographic maps GPS for iPhone, Android, iPad and Apple Watch\",\"potentialAction\":[{\"@type\":\"SearchAction\",\"target\":{\"@type\":\"EntryPoint\",\"urlTemplate\":\"https:\\\/\\\/www.topo-gps.com\\\/es\\\/?s={search_term_string}\"},\"query-input\":{\"@type\":\"PropertyValueSpecification\",\"valueRequired\":true,\"valueName\":\"search_term_string\"}}],\"inLanguage\":\"es\"}]}<\/script>\n<!-- \/ Yoast SEO plugin. -->","yoast_head_json":{"title":"Pol\u00edtica de privacidad - Topo GPS","robots":{"index":"index","follow":"follow","max-snippet":"max-snippet:-1","max-image-preview":"max-image-preview:large","max-video-preview":"max-video-preview:-1"},"canonical":"https:\/\/www.topo-gps.com\/es\/declaracion-de-privacidad\/","og_locale":"es_ES","og_type":"article","og_title":"Pol\u00edtica de privacidad - Topo GPS","og_description":"[vc_section parallax_image_attachment=&#8221;inherit&#8221; padding_class=&#8221;wide-0&#8243; css=&#8221;.vc_custom_1543574872456{margin-top: 180px !important;margin-bottom: 45px !important;}&#8221; el_id=&#8221;terms-page&#8221;][vc_row parallax_image_attachment=&#8221;inherit&#8221; el_class=&#8221;terms-box&#8221;][vc_column width=&#8221;1\/12&#8243;][\/vc_column][vc_column width=&#8221;5\/6&#8243;][\/vc_column][vc_column width=&#8221;1\/12&#8243;][\/vc_column][\/vc_row][vc_row parallax_image_attachment=&#8221;inherit&#8221; css=&#8221;.vc_custom_1543997765635{margin-top: -20px !important;}&#8221; el_class=&#8221;terms-box&#8221;][vc_column width=&#8221;1\/12&#8243;][\/vc_column][vc_column width=&#8221;5\/6&#8243;][\/vc_column][vc_column width=&#8221;1\/12&#8243;][\/vc_column][\/vc_row][vc_row][vc_column width=&#8221;1\/12&#8243;][\/vc_column][vc_column width=&#8221;5\/6&#8243;][\/vc_column][vc_column width=&#8221;1\/12&#8243;][\/vc_column][\/vc_row][vc_row parallax_image_attachment=&#8221;inherit&#8221; el_class=&#8221;terms-box&#8221; css=&#8221;.vc_custom_1543998973323{margin-top: 30px !important;}&#8221;][vc_column width=&#8221;1\/12&#8243;][\/vc_column][vc_column width=&#8221;5\/6&#8243;][\/vc_column][vc_column width=&#8221;1\/12&#8243;][\/vc_column][\/vc_row][\/vc_section]","og_url":"https:\/\/www.topo-gps.com\/es\/declaracion-de-privacidad\/","og_site_name":"Topo GPS","article_modified_time":"2022-03-01T11:32:04+00:00","twitter_card":"summary_large_image","twitter_misc":{"Tiempo de lectura":"8 minutos"},"schema":{"@context":"https:\/\/schema.org","@graph":[{"@type":"WebPage","@id":"https:\/\/www.topo-gps.com\/es\/declaracion-de-privacidad\/","url":"https:\/\/www.topo-gps.com\/es\/declaracion-de-privacidad\/","name":"Pol\u00edtica de privacidad - Topo GPS","isPartOf":{"@id":"https:\/\/www.topo-gps.com\/es\/#website"},"datePublished":"2021-11-20T19:23:46+00:00","dateModified":"2022-03-01T11:32:04+00:00","breadcrumb":{"@id":"https:\/\/www.topo-gps.com\/es\/declaracion-de-privacidad\/#breadcrumb"},"inLanguage":"es","potentialAction":[{"@type":"ReadAction","target":["https:\/\/www.topo-gps.com\/es\/declaracion-de-privacidad\/"]}]},{"@type":"BreadcrumbList","@id":"https:\/\/www.topo-gps.com\/es\/declaracion-de-privacidad\/#breadcrumb","itemListElement":[{"@type":"ListItem","position":1,"name":"Home","item":"https:\/\/www.topo-gps.com\/es\/gps-topografico\/"},{"@type":"ListItem","position":2,"name":"Pol\u00edtica de privacidad"}]},{"@type":"WebSite","@id":"https:\/\/www.topo-gps.com\/es\/#website","url":"https:\/\/www.topo-gps.com\/es\/","name":"Topo GPS","description":"Topographic maps GPS for iPhone, Android, iPad and Apple Watch","potentialAction":[{"@type":"SearchAction","target":{"@type":"EntryPoint","urlTemplate":"https:\/\/www.topo-gps.com\/es\/?s={search_term_string}"},"query-input":{"@type":"PropertyValueSpecification","valueRequired":true,"valueName":"search_term_string"}}],"inLanguage":"es"}]}},"_links":{"self":[{"href":"https:\/\/www.topo-gps.com\/es\/wp-json\/wp\/v2\/pages\/5200","targetHints":{"allow":["GET"]}}],"collection":[{"href":"https:\/\/www.topo-gps.com\/es\/wp-json\/wp\/v2\/pages"}],"about":[{"href":"https:\/\/www.topo-gps.com\/es\/wp-json\/wp\/v2\/types\/page"}],"author":[{"embeddable":true,"href":"https:\/\/www.topo-gps.com\/es\/wp-json\/wp\/v2\/users\/1"}],"replies":[{"embeddable":true,"href":"https:\/\/www.topo-gps.com\/es\/wp-json\/wp\/v2\/comments?post=5200"}],"version-history":[{"count":0,"href":"https:\/\/www.topo-gps.com\/es\/wp-json\/wp\/v2\/pages\/5200\/revisions"}],"wp:attachment":[{"href":"https:\/\/www.topo-gps.com\/es\/wp-json\/wp\/v2\/media?parent=5200"}],"curies":[{"name":"wp","href":"https:\/\/api.w.org\/{rel}","templated":true}]}}